{"id":2319,"date":"2026-03-31T18:10:30","date_gmt":"2026-03-31T18:10:30","guid":{"rendered":"https:\/\/purehivehoney.com\/de\/product\/valiclud-pump-bottle-syrup-dispenser-made-of-glass-transparent-syrup-bottle-with-pump-for-dosing-syrup-and-honey-suitable-for-catering-and-home-use\/"},"modified":"2026-03-31T18:10:53","modified_gmt":"2026-03-31T18:10:53","slug":"valiclud-pump-bottle-syrup-dispenser-made-of-glass-transparent-syrup-bottle-with-pump-for-dosing-syrup-and-honey-suitable-for-catering-and-home-use","status":"publish","type":"product","link":"https:\/\/purehivehoney.com\/de\/product\/valiclud-pump-bottle-syrup-dispenser-made-of-glass-transparent-syrup-bottle-with-pump-for-dosing-syrup-and-honey-suitable-for-catering-and-home-use\/","title":{"rendered":"VALICLUD Pump Bottle, Syrup Dispens..."},"content":{"rendered":"<p>    <span>Box contents: <br \/>1 x syrup dispenser. <br \/>Features <br \/>Product information: lotion bottle dispenser. <br \/>&#8211; Colour: silver. <br \/>&#8211; Size: 22.00 x 8.10 x 8.10 cm \/ 8.65 x 3.18 x 3.18 inches. <br \/>&#8211; Material: glass, stainless steel. <br \/>&#8211; The transparent design of this syrup dispenser allows you to see the rest of the syrup clearly and easily dispense it. <br \/>&#8211; It has a simple design, but is very practical to use and offers you a comfortable hand lotion dispenser. <br \/>The syrup dispenser is equipped with a pump lid that prevents dirty food from entering the jar of the syrup dispenser. <br \/>The pump bottle is good for storing juice and can also be used as a honey pot and other glass syrup bottle. <br \/>&#8211; Compact and small, this honey dispenser is easy to store and does not take up space; bottle pump dispenser for syrup. <br \/>Product Description <br \/>Elegant glass syrup dispenser. This high quality syrup dispenser is safe to use. The glass syrup bottles are durable, high quality and protect your food. Thanks to the fine grinding, the syrup dispenser offers excellent storage capacity. The product is suitable for long-term use.<\/span>    <br \/>Syrup dispenser pump: the perfect gift for anyone who loves homemade coffee and practical, aesthetically pleasing household appliances &#8211; with this pump mechanism, honey or syrup can be precisely dosed<br \/>Syrup pumps: suitable for pumping all types of syrups such as chocolate, hazelnut, coconut, mint, vanilla, salted caramel, blueberries, almond mocha, etc., syrup bottle<br \/>Syrup pump dispenser: the lid of this honey dispenser is designed to effectively protect the honey in the pot from contamination; suitable for pouring cake syrup<br \/>Glass syrup dispenser: unique design so that no drops of honey or syrup are wasted. The bottle is stylish and beautiful and therefore a great decorative element in the kitchen<br \/>Glass syrup dispenser: the transparent design allows easy identification of the contents and a good overview of the level in the container. syrup pump<\/p>\n\n","protected":false},"excerpt":{"rendered":"<p>Box contents: 1 x syrup dispenser. Features Product information: lotion bottle dispenser. &#8211; Colour: silver. &#8211; Size: 22.00 x 8.10 x 8.10 cm \/ 8.65 x 3.18 x 3.18 inches. &#8211; Material: glass, stainless steel. &#8211; The transparent design of this syrup dispenser allows you to see the rest of the syrup clearly and easily [&hellip;]<\/p>\n","protected":false},"featured_media":2320,"comment_status":"open","ping_status":"closed","template":"","meta":{"_aipt_faq_data":""},"store":[],"product_brand":[282],"product_cat":[53],"product_tag":[106],"class_list":{"0":"post-2319","1":"product","2":"type-product","3":"status-publish","4":"has-post-thumbnail","6":"product_brand-valiclud","7":"product_cat-vanille-honig","8":"product_tag-vanille-honig-glas","10":"first","11":"instock","12":"shipping-taxable","13":"product-type-external"},"yoast_head":"<!-- This site is optimized with the Yoast SEO plugin v27.4 - https:\/\/yoast.com\/product\/yoast-seo-wordpress\/ -->\n<title>VALICLUD Pump Bottle, Syrup Dispenser Made of Glass, Transparent Syrup Bottle with Pump for Dosing Syrup and Honey, Suitable for Catering and Home Use - PureHiveHoney<\/title>\n<meta name=\"description\" content=\"Entdecken Sie hochwertigen Rohhonig, Bio Honig, Manuka Honig und nat\u00fcrliche Bienenprodukte. PureHiveHoney hilft Ihnen dabei, sorgf\u00e4ltig ausgew\u00e4hlte Honigsorten mit nat\u00fcrlicher Qualit\u00e4t und Reinheit zu entdecken.\" \/>\n<meta name=\"robots\" content=\"index, follow, max-snippet:-1, max-image-preview:large, max-video-preview:-1\" \/>\n<link rel=\"canonical\" href=\"https:\/\/purehivehoney.com\/de\/product\/valiclud-pump-bottle-syrup-dispenser-made-of-glass-transparent-syrup-bottle-with-pump-for-dosing-syrup-and-honey-suitable-for-catering-and-home-use\/\" \/>\n<meta property=\"og:locale\" content=\"de_DE\" \/>\n<meta property=\"og:type\" content=\"article\" \/>\n<meta property=\"og:title\" content=\"VALICLUD Pump Bottle, Syrup Dispenser Made of Glass, Transparent Syrup Bottle with Pump for Dosing Syrup and Honey, Suitable for Catering and Home Use - PureHiveHoney\" \/>\n<meta property=\"og:description\" content=\"Entdecken Sie hochwertigen Rohhonig, Bio Honig, Manuka Honig und nat\u00fcrliche Bienenprodukte. PureHiveHoney hilft Ihnen dabei, sorgf\u00e4ltig ausgew\u00e4hlte Honigsorten mit nat\u00fcrlicher Qualit\u00e4t und Reinheit zu entdecken.\" \/>\n<meta property=\"og:url\" content=\"https:\/\/purehivehoney.com\/de\/product\/valiclud-pump-bottle-syrup-dispenser-made-of-glass-transparent-syrup-bottle-with-pump-for-dosing-syrup-and-honey-suitable-for-catering-and-home-use\/\" \/>\n<meta property=\"og:site_name\" content=\"PureHiveHoney\" \/>\n<meta property=\"article:modified_time\" content=\"2026-03-31T18:10:53+00:00\" \/>\n<meta name=\"twitter:card\" content=\"summary_large_image\" \/>\n<meta name=\"twitter:label1\" content=\"Gesch\u00e4tzte Lesezeit\" \/>\n\t<meta name=\"twitter:data1\" content=\"2\u00a0Minuten\" \/>\n<script type=\"application\/ld+json\" class=\"yoast-schema-graph\">{\"@context\":\"https:\\\/\\\/schema.org\",\"@graph\":[{\"@type\":\"WebPage\",\"@id\":\"https:\\\/\\\/purehivehoney.com\\\/de\\\/product\\\/valiclud-pump-bottle-syrup-dispenser-made-of-glass-transparent-syrup-bottle-with-pump-for-dosing-syrup-and-honey-suitable-for-catering-and-home-use\\\/\",\"url\":\"https:\\\/\\\/purehivehoney.com\\\/de\\\/product\\\/valiclud-pump-bottle-syrup-dispenser-made-of-glass-transparent-syrup-bottle-with-pump-for-dosing-syrup-and-honey-suitable-for-catering-and-home-use\\\/\",\"name\":\"VALICLUD Pump Bottle, Syrup Dispenser Made of Glass, Transparent Syrup Bottle with Pump for Dosing Syrup and Honey, Suitable for Catering and Home Use - PureHiveHoney\",\"isPartOf\":{\"@id\":\"https:\\\/\\\/purehivehoney.com\\\/de\\\/#website\"},\"primaryImageOfPage\":{\"@id\":\"https:\\\/\\\/purehivehoney.com\\\/de\\\/product\\\/valiclud-pump-bottle-syrup-dispenser-made-of-glass-transparent-syrup-bottle-with-pump-for-dosing-syrup-and-honey-suitable-for-catering-and-home-use\\\/#primaryimage\"},\"image\":{\"@id\":\"https:\\\/\\\/purehivehoney.com\\\/de\\\/product\\\/valiclud-pump-bottle-syrup-dispenser-made-of-glass-transparent-syrup-bottle-with-pump-for-dosing-syrup-and-honey-suitable-for-catering-and-home-use\\\/#primaryimage\"},\"thumbnailUrl\":\"https:\\\/\\\/purehivehoney.com\\\/de\\\/wp-content\\\/uploads\\\/2026\\\/03\\\/512W4mY1l2L._AC_SL1500_.jpg\",\"datePublished\":\"2026-03-31T18:10:30+00:00\",\"dateModified\":\"2026-03-31T18:10:53+00:00\",\"description\":\"Entdecken Sie hochwertigen Rohhonig, Bio Honig, Manuka Honig und nat\u00fcrliche Bienenprodukte. PureHiveHoney hilft Ihnen dabei, sorgf\u00e4ltig ausgew\u00e4hlte Honigsorten mit nat\u00fcrlicher Qualit\u00e4t und Reinheit zu entdecken.\",\"breadcrumb\":{\"@id\":\"https:\\\/\\\/purehivehoney.com\\\/de\\\/product\\\/valiclud-pump-bottle-syrup-dispenser-made-of-glass-transparent-syrup-bottle-with-pump-for-dosing-syrup-and-honey-suitable-for-catering-and-home-use\\\/#breadcrumb\"},\"inLanguage\":\"de\",\"potentialAction\":[{\"@type\":\"ReadAction\",\"target\":[\"https:\\\/\\\/purehivehoney.com\\\/de\\\/product\\\/valiclud-pump-bottle-syrup-dispenser-made-of-glass-transparent-syrup-bottle-with-pump-for-dosing-syrup-and-honey-suitable-for-catering-and-home-use\\\/\"]}]},{\"@type\":\"ImageObject\",\"inLanguage\":\"de\",\"@id\":\"https:\\\/\\\/purehivehoney.com\\\/de\\\/product\\\/valiclud-pump-bottle-syrup-dispenser-made-of-glass-transparent-syrup-bottle-with-pump-for-dosing-syrup-and-honey-suitable-for-catering-and-home-use\\\/#primaryimage\",\"url\":\"https:\\\/\\\/purehivehoney.com\\\/de\\\/wp-content\\\/uploads\\\/2026\\\/03\\\/512W4mY1l2L._AC_SL1500_.jpg\",\"contentUrl\":\"https:\\\/\\\/purehivehoney.com\\\/de\\\/wp-content\\\/uploads\\\/2026\\\/03\\\/512W4mY1l2L._AC_SL1500_.jpg\",\"width\":535,\"height\":1500},{\"@type\":\"BreadcrumbList\",\"@id\":\"https:\\\/\\\/purehivehoney.com\\\/de\\\/product\\\/valiclud-pump-bottle-syrup-dispenser-made-of-glass-transparent-syrup-bottle-with-pump-for-dosing-syrup-and-honey-suitable-for-catering-and-home-use\\\/#breadcrumb\",\"itemListElement\":[{\"@type\":\"ListItem\",\"position\":1,\"name\":\"Home\",\"item\":\"https:\\\/\\\/purehivehoney.com\\\/de\\\/\"},{\"@type\":\"ListItem\",\"position\":2,\"name\":\"Shop\",\"item\":\"https:\\\/\\\/purehivehoney.com\\\/de\\\/shop\\\/\"},{\"@type\":\"ListItem\",\"position\":3,\"name\":\"VALICLUD Pump Bottle, Syrup Dispens...\"}]},{\"@type\":\"WebSite\",\"@id\":\"https:\\\/\\\/purehivehoney.com\\\/de\\\/#website\",\"url\":\"https:\\\/\\\/purehivehoney.com\\\/de\\\/\",\"name\":\"PureHiveHoney\",\"description\":\"Reiner Honig &amp; Bienenprodukte Online | Rohhonig, Bio Honig &amp; Spezialhonig\",\"publisher\":{\"@id\":\"https:\\\/\\\/purehivehoney.com\\\/de\\\/#organization\"},\"potentialAction\":[{\"@type\":\"SearchAction\",\"target\":{\"@type\":\"EntryPoint\",\"urlTemplate\":\"https:\\\/\\\/purehivehoney.com\\\/de\\\/?s={search_term_string}\"},\"query-input\":{\"@type\":\"PropertyValueSpecification\",\"valueRequired\":true,\"valueName\":\"search_term_string\"}}],\"inLanguage\":\"de\"},{\"@type\":\"Organization\",\"@id\":\"https:\\\/\\\/purehivehoney.com\\\/de\\\/#organization\",\"name\":\"PureHiveHoney\",\"url\":\"https:\\\/\\\/purehivehoney.com\\\/de\\\/\",\"logo\":{\"@type\":\"ImageObject\",\"inLanguage\":\"de\",\"@id\":\"https:\\\/\\\/purehivehoney.com\\\/de\\\/#\\\/schema\\\/logo\\\/image\\\/\",\"url\":\"https:\\\/\\\/purehivehoney.com\\\/de\\\/wp-content\\\/uploads\\\/2026\\\/03\\\/Screenshot-2026-03-16-at-1.06.01-AM.png\",\"contentUrl\":\"https:\\\/\\\/purehivehoney.com\\\/de\\\/wp-content\\\/uploads\\\/2026\\\/03\\\/Screenshot-2026-03-16-at-1.06.01-AM.png\",\"width\":2112,\"height\":1086,\"caption\":\"PureHiveHoney\"},\"image\":{\"@id\":\"https:\\\/\\\/purehivehoney.com\\\/de\\\/#\\\/schema\\\/logo\\\/image\\\/\"}}]}<\/script>\n<!-- \/ Yoast SEO plugin. -->","yoast_head_json":{"title":"VALICLUD Pump Bottle, Syrup Dispenser Made of Glass, Transparent Syrup Bottle with Pump for Dosing Syrup and Honey, Suitable for Catering and Home Use - PureHiveHoney","description":"Entdecken Sie hochwertigen Rohhonig, Bio Honig, Manuka Honig und nat\u00fcrliche Bienenprodukte. PureHiveHoney hilft Ihnen dabei, sorgf\u00e4ltig ausgew\u00e4hlte Honigsorten mit nat\u00fcrlicher Qualit\u00e4t und Reinheit zu entdecken.","robots":{"index":"index","follow":"follow","max-snippet":"max-snippet:-1","max-image-preview":"max-image-preview:large","max-video-preview":"max-video-preview:-1"},"canonical":"https:\/\/purehivehoney.com\/de\/product\/valiclud-pump-bottle-syrup-dispenser-made-of-glass-transparent-syrup-bottle-with-pump-for-dosing-syrup-and-honey-suitable-for-catering-and-home-use\/","og_locale":"de_DE","og_type":"article","og_title":"VALICLUD Pump Bottle, Syrup Dispenser Made of Glass, Transparent Syrup Bottle with Pump for Dosing Syrup and Honey, Suitable for Catering and Home Use - PureHiveHoney","og_description":"Entdecken Sie hochwertigen Rohhonig, Bio Honig, Manuka Honig und nat\u00fcrliche Bienenprodukte. PureHiveHoney hilft Ihnen dabei, sorgf\u00e4ltig ausgew\u00e4hlte Honigsorten mit nat\u00fcrlicher Qualit\u00e4t und Reinheit zu entdecken.","og_url":"https:\/\/purehivehoney.com\/de\/product\/valiclud-pump-bottle-syrup-dispenser-made-of-glass-transparent-syrup-bottle-with-pump-for-dosing-syrup-and-honey-suitable-for-catering-and-home-use\/","og_site_name":"PureHiveHoney","article_modified_time":"2026-03-31T18:10:53+00:00","twitter_card":"summary_large_image","twitter_misc":{"Gesch\u00e4tzte Lesezeit":"2\u00a0Minuten"},"schema":{"@context":"https:\/\/schema.org","@graph":[{"@type":"WebPage","@id":"https:\/\/purehivehoney.com\/de\/product\/valiclud-pump-bottle-syrup-dispenser-made-of-glass-transparent-syrup-bottle-with-pump-for-dosing-syrup-and-honey-suitable-for-catering-and-home-use\/","url":"https:\/\/purehivehoney.com\/de\/product\/valiclud-pump-bottle-syrup-dispenser-made-of-glass-transparent-syrup-bottle-with-pump-for-dosing-syrup-and-honey-suitable-for-catering-and-home-use\/","name":"VALICLUD Pump Bottle, Syrup Dispenser Made of Glass, Transparent Syrup Bottle with Pump for Dosing Syrup and Honey, Suitable for Catering and Home Use - PureHiveHoney","isPartOf":{"@id":"https:\/\/purehivehoney.com\/de\/#website"},"primaryImageOfPage":{"@id":"https:\/\/purehivehoney.com\/de\/product\/valiclud-pump-bottle-syrup-dispenser-made-of-glass-transparent-syrup-bottle-with-pump-for-dosing-syrup-and-honey-suitable-for-catering-and-home-use\/#primaryimage"},"image":{"@id":"https:\/\/purehivehoney.com\/de\/product\/valiclud-pump-bottle-syrup-dispenser-made-of-glass-transparent-syrup-bottle-with-pump-for-dosing-syrup-and-honey-suitable-for-catering-and-home-use\/#primaryimage"},"thumbnailUrl":"https:\/\/purehivehoney.com\/de\/wp-content\/uploads\/2026\/03\/512W4mY1l2L._AC_SL1500_.jpg","datePublished":"2026-03-31T18:10:30+00:00","dateModified":"2026-03-31T18:10:53+00:00","description":"Entdecken Sie hochwertigen Rohhonig, Bio Honig, Manuka Honig und nat\u00fcrliche Bienenprodukte. PureHiveHoney hilft Ihnen dabei, sorgf\u00e4ltig ausgew\u00e4hlte Honigsorten mit nat\u00fcrlicher Qualit\u00e4t und Reinheit zu entdecken.","breadcrumb":{"@id":"https:\/\/purehivehoney.com\/de\/product\/valiclud-pump-bottle-syrup-dispenser-made-of-glass-transparent-syrup-bottle-with-pump-for-dosing-syrup-and-honey-suitable-for-catering-and-home-use\/#breadcrumb"},"inLanguage":"de","potentialAction":[{"@type":"ReadAction","target":["https:\/\/purehivehoney.com\/de\/product\/valiclud-pump-bottle-syrup-dispenser-made-of-glass-transparent-syrup-bottle-with-pump-for-dosing-syrup-and-honey-suitable-for-catering-and-home-use\/"]}]},{"@type":"ImageObject","inLanguage":"de","@id":"https:\/\/purehivehoney.com\/de\/product\/valiclud-pump-bottle-syrup-dispenser-made-of-glass-transparent-syrup-bottle-with-pump-for-dosing-syrup-and-honey-suitable-for-catering-and-home-use\/#primaryimage","url":"https:\/\/purehivehoney.com\/de\/wp-content\/uploads\/2026\/03\/512W4mY1l2L._AC_SL1500_.jpg","contentUrl":"https:\/\/purehivehoney.com\/de\/wp-content\/uploads\/2026\/03\/512W4mY1l2L._AC_SL1500_.jpg","width":535,"height":1500},{"@type":"BreadcrumbList","@id":"https:\/\/purehivehoney.com\/de\/product\/valiclud-pump-bottle-syrup-dispenser-made-of-glass-transparent-syrup-bottle-with-pump-for-dosing-syrup-and-honey-suitable-for-catering-and-home-use\/#breadcrumb","itemListElement":[{"@type":"ListItem","position":1,"name":"Home","item":"https:\/\/purehivehoney.com\/de\/"},{"@type":"ListItem","position":2,"name":"Shop","item":"https:\/\/purehivehoney.com\/de\/shop\/"},{"@type":"ListItem","position":3,"name":"VALICLUD Pump Bottle, Syrup Dispens..."}]},{"@type":"WebSite","@id":"https:\/\/purehivehoney.com\/de\/#website","url":"https:\/\/purehivehoney.com\/de\/","name":"PureHiveHoney","description":"Reiner Honig &amp; Bienenprodukte Online | Rohhonig, Bio Honig &amp; Spezialhonig","publisher":{"@id":"https:\/\/purehivehoney.com\/de\/#organization"},"potentialAction":[{"@type":"SearchAction","target":{"@type":"EntryPoint","urlTemplate":"https:\/\/purehivehoney.com\/de\/?s={search_term_string}"},"query-input":{"@type":"PropertyValueSpecification","valueRequired":true,"valueName":"search_term_string"}}],"inLanguage":"de"},{"@type":"Organization","@id":"https:\/\/purehivehoney.com\/de\/#organization","name":"PureHiveHoney","url":"https:\/\/purehivehoney.com\/de\/","logo":{"@type":"ImageObject","inLanguage":"de","@id":"https:\/\/purehivehoney.com\/de\/#\/schema\/logo\/image\/","url":"https:\/\/purehivehoney.com\/de\/wp-content\/uploads\/2026\/03\/Screenshot-2026-03-16-at-1.06.01-AM.png","contentUrl":"https:\/\/purehivehoney.com\/de\/wp-content\/uploads\/2026\/03\/Screenshot-2026-03-16-at-1.06.01-AM.png","width":2112,"height":1086,"caption":"PureHiveHoney"},"image":{"@id":"https:\/\/purehivehoney.com\/de\/#\/schema\/logo\/image\/"}}]}},"_links":{"self":[{"href":"https:\/\/purehivehoney.com\/de\/wp-json\/wp\/v2\/product\/2319","targetHints":{"allow":["GET"]}}],"collection":[{"href":"https:\/\/purehivehoney.com\/de\/wp-json\/wp\/v2\/product"}],"about":[{"href":"https:\/\/purehivehoney.com\/de\/wp-json\/wp\/v2\/types\/product"}],"replies":[{"embeddable":true,"href":"https:\/\/purehivehoney.com\/de\/wp-json\/wp\/v2\/comments?post=2319"}],"wp:featuredmedia":[{"embeddable":true,"href":"https:\/\/purehivehoney.com\/de\/wp-json\/wp\/v2\/media\/2320"}],"wp:attachment":[{"href":"https:\/\/purehivehoney.com\/de\/wp-json\/wp\/v2\/media?parent=2319"}],"wp:term":[{"taxonomy":"store","embeddable":true,"href":"https:\/\/purehivehoney.com\/de\/wp-json\/wp\/v2\/store?post=2319"},{"taxonomy":"product_brand","embeddable":true,"href":"https:\/\/purehivehoney.com\/de\/wp-json\/wp\/v2\/product_brand?post=2319"},{"taxonomy":"product_cat","embeddable":true,"href":"https:\/\/purehivehoney.com\/de\/wp-json\/wp\/v2\/product_cat?post=2319"},{"taxonomy":"product_tag","embeddable":true,"href":"https:\/\/purehivehoney.com\/de\/wp-json\/wp\/v2\/product_tag?post=2319"}],"curies":[{"name":"wp","href":"https:\/\/api.w.org\/{rel}","templated":true}]}}