{"id":2303,"date":"2026-03-31T15:03:31","date_gmt":"2026-03-31T15:03:31","guid":{"rendered":"https:\/\/purehivehoney.com\/de\/product\/huebner-organic-cough-sweets-soothing-for-throat-respiratory-tract-with-herbs-menthol-forest-honey-natural-aroma-of-fennel-anise-eucalyptus-vegetarian-lactose-free-75-g\/"},"modified":"2026-03-31T15:03:37","modified_gmt":"2026-03-31T15:03:37","slug":"huebner-organic-cough-sweets-soothing-for-throat-respiratory-tract-with-herbs-menthol-forest-honey-natural-aroma-of-fennel-anise-eucalyptus-vegetarian-lactose-free-75-g","status":"publish","type":"product","link":"https:\/\/purehivehoney.com\/de\/product\/huebner-organic-cough-sweets-soothing-for-throat-respiratory-tract-with-herbs-menthol-forest-honey-natural-aroma-of-fennel-anise-eucalyptus-vegetarian-lactose-free-75-g\/","title":{"rendered":"H\u00fcbner Organic Cough Sweets | Soot..."},"content":{"rendered":"<p>    <span>Beautiful organic cough drops provide soothing support for the throat and respiratory tract &#8211; in a natural way. The combination of refreshing menthol, tasty forest honey and selected herbs makes the sweets the ideal companion in the cold season. <\/span><br \/><span>The filling and candy blanket contain herbal extracts, natural menthol as well as natural aromas of fennel, anise, mint and spruce needles. They provide a pleasant freshness and can soothe irritated respiratory tract. <\/span><br \/><span>Thanks to the practical shape, the sweets are perfect for on the go &#8211; whether travelling, on trips or simply in everyday life. They are not only soothing, but also pleasant to the taste. <\/span><br \/><span>The cough drops are made in Germany, are vegetarian and lactose free. Their ingredients come from controlled organic cultivation &#8211; for deliberately natural support in the cold season. <\/span><br \/> Product Dimensions                                            \u200f                                            :                                            \u200e                                            11.43 x 1.27 x 16.51 cm; 75 g   <br \/> Manufacturer                                            \u200f                                            :                                            \u200e                                            Huebner   <br \/> ASIN                                            \u200f                                            :                                            \u200e                                            B09L4P5TRN   <br \/> Manufacturer reference                                            \u200f                                            :                                            \u200e                                            VR00404   <br \/>  Customer reviews:                                                                                            4.2               4.2 out of 5 stars                                  (169)                                              var dpAcrHasRegisteredArcLinkClickAction;                    P.when(&#8218;A&#8216;, &#8218;ready&#8216;).execute(function(A) {                        if (dpAcrHasRegisteredArcLinkClickAction !== true) {                            dpAcrHasRegisteredArcLinkClickAction = true;                            A.declarative(                                &#8218;acrLink-click-metrics&#8216;, &#8218;click&#8216;,                                { &#8222;allowLinkDefault&#8220;: true },                                function (event) {                                    if (window.ue) {                                        ue.count(&#8222;acrLinkClickCount&#8220;, (ue.count(&#8222;acrLinkClickCount&#8220;) || 0) + 1);                                    }                                }                            );                        }                    });                                             P.when(&#8218;A&#8216;, &#8218;cf&#8216;).execute(function(A) {                A.declarative(&#8218;acrStarsLink-click-metrics&#8216;, &#8218;click&#8216;, { &#8222;allowLinkDefault&#8220; : true },  function(event){                    if(window.ue) {                        ue.count(&#8222;acrStarsLinkWithPopoverClickCount&#8220;, (ue.count(&#8222;acrStarsLinkWithPopoverClickCount&#8220;) || 0) + 1);                    }                });            });                          <br \/>Soothing for coughing: the organic cough drops with herbal extracts, menthol and forest honey naturally soothe throat and throat<br \/>With natural flavours: anise, fennel, eucalyptus and mint provide a pleasant mouthfeel and a fresh taste<br \/>Practical for on the go: ideal for cold or dry air &#8211; as a daily companion when travelling, excursions or in everyday life<br \/>Vegetarian and lactose-free: the sweets are free from animal ingredients and lactose &#8211; for a compatible and conscious diet<br \/>Tradition from the Black Forest: h\u00fcbner cough drops have stood for proven herbal power since 1922 \u2013 made in Germany in organic quality<\/p>\n\n","protected":false},"excerpt":{"rendered":"<p>Beautiful organic cough drops provide soothing support for the throat and respiratory tract &#8211; in a natural way. The combination of refreshing menthol, tasty forest honey and selected herbs makes the sweets the ideal companion in the cold season. The filling and candy blanket contain herbal extracts, natural menthol as well as natural aromas of [&hellip;]<\/p>\n","protected":false},"featured_media":2304,"comment_status":"open","ping_status":"closed","template":"","meta":{"_aipt_faq_data":""},"store":[],"product_brand":[333],"product_cat":[61],"product_tag":[284],"class_list":{"0":"post-2303","1":"product","2":"type-product","3":"status-publish","4":"has-post-thumbnail","6":"product_brand-huebner","7":"product_cat-honig-gegen-halsschmerzen","8":"product_tag-bio-honig-gegen-halsschmerzen","10":"first","11":"instock","12":"shipping-taxable","13":"product-type-external"},"yoast_head":"<!-- This site is optimized with the Yoast SEO plugin v27.4 - https:\/\/yoast.com\/product\/yoast-seo-wordpress\/ -->\n<title>H\u00fcbner Organic Cough Sweets | Soothing for Throat &amp; Respiratory Tract | With Herbs, Menthol &amp; Forest Honey | Natural Aroma of Fennel, Anise &amp; Eucalyptus | Vegetarian &amp; Lactose Free | 75 g - PureHiveHoney<\/title>\n<meta name=\"description\" content=\"Entdecken Sie hochwertigen Rohhonig, Bio Honig, Manuka Honig und nat\u00fcrliche Bienenprodukte. PureHiveHoney hilft Ihnen dabei, sorgf\u00e4ltig ausgew\u00e4hlte Honigsorten mit nat\u00fcrlicher Qualit\u00e4t und Reinheit zu entdecken.\" \/>\n<meta name=\"robots\" content=\"index, follow, max-snippet:-1, max-image-preview:large, max-video-preview:-1\" \/>\n<link rel=\"canonical\" href=\"https:\/\/purehivehoney.com\/de\/product\/huebner-organic-cough-sweets-soothing-for-throat-respiratory-tract-with-herbs-menthol-forest-honey-natural-aroma-of-fennel-anise-eucalyptus-vegetarian-lactose-free-75-g\/\" \/>\n<meta property=\"og:locale\" content=\"de_DE\" \/>\n<meta property=\"og:type\" content=\"article\" \/>\n<meta property=\"og:title\" content=\"H\u00fcbner Organic Cough Sweets | Soothing for Throat &amp; Respiratory Tract | With Herbs, Menthol &amp; Forest Honey | Natural Aroma of Fennel, Anise &amp; Eucalyptus | Vegetarian &amp; Lactose Free | 75 g - PureHiveHoney\" \/>\n<meta property=\"og:description\" content=\"Entdecken Sie hochwertigen Rohhonig, Bio Honig, Manuka Honig und nat\u00fcrliche Bienenprodukte. PureHiveHoney hilft Ihnen dabei, sorgf\u00e4ltig ausgew\u00e4hlte Honigsorten mit nat\u00fcrlicher Qualit\u00e4t und Reinheit zu entdecken.\" \/>\n<meta property=\"og:url\" content=\"https:\/\/purehivehoney.com\/de\/product\/huebner-organic-cough-sweets-soothing-for-throat-respiratory-tract-with-herbs-menthol-forest-honey-natural-aroma-of-fennel-anise-eucalyptus-vegetarian-lactose-free-75-g\/\" \/>\n<meta property=\"og:site_name\" content=\"PureHiveHoney\" \/>\n<meta property=\"article:modified_time\" content=\"2026-03-31T15:03:37+00:00\" \/>\n<meta name=\"twitter:card\" content=\"summary_large_image\" \/>\n<meta name=\"twitter:label1\" content=\"Gesch\u00e4tzte Lesezeit\" \/>\n\t<meta name=\"twitter:data1\" content=\"2\u00a0Minuten\" \/>\n<script type=\"application\/ld+json\" class=\"yoast-schema-graph\">{\"@context\":\"https:\\\/\\\/schema.org\",\"@graph\":[{\"@type\":\"WebPage\",\"@id\":\"https:\\\/\\\/purehivehoney.com\\\/de\\\/product\\\/huebner-organic-cough-sweets-soothing-for-throat-respiratory-tract-with-herbs-menthol-forest-honey-natural-aroma-of-fennel-anise-eucalyptus-vegetarian-lactose-free-75-g\\\/\",\"url\":\"https:\\\/\\\/purehivehoney.com\\\/de\\\/product\\\/huebner-organic-cough-sweets-soothing-for-throat-respiratory-tract-with-herbs-menthol-forest-honey-natural-aroma-of-fennel-anise-eucalyptus-vegetarian-lactose-free-75-g\\\/\",\"name\":\"H\u00fcbner Organic Cough Sweets | Soothing for Throat & Respiratory Tract | With Herbs, Menthol & Forest Honey | Natural Aroma of Fennel, Anise & Eucalyptus | Vegetarian & Lactose Free | 75 g - PureHiveHoney\",\"isPartOf\":{\"@id\":\"https:\\\/\\\/purehivehoney.com\\\/de\\\/#website\"},\"primaryImageOfPage\":{\"@id\":\"https:\\\/\\\/purehivehoney.com\\\/de\\\/product\\\/huebner-organic-cough-sweets-soothing-for-throat-respiratory-tract-with-herbs-menthol-forest-honey-natural-aroma-of-fennel-anise-eucalyptus-vegetarian-lactose-free-75-g\\\/#primaryimage\"},\"image\":{\"@id\":\"https:\\\/\\\/purehivehoney.com\\\/de\\\/product\\\/huebner-organic-cough-sweets-soothing-for-throat-respiratory-tract-with-herbs-menthol-forest-honey-natural-aroma-of-fennel-anise-eucalyptus-vegetarian-lactose-free-75-g\\\/#primaryimage\"},\"thumbnailUrl\":\"https:\\\/\\\/purehivehoney.com\\\/de\\\/wp-content\\\/uploads\\\/2026\\\/03\\\/71GUhKQFEyL._SL1500_.jpg\",\"datePublished\":\"2026-03-31T15:03:31+00:00\",\"dateModified\":\"2026-03-31T15:03:37+00:00\",\"description\":\"Entdecken Sie hochwertigen Rohhonig, Bio Honig, Manuka Honig und nat\u00fcrliche Bienenprodukte. PureHiveHoney hilft Ihnen dabei, sorgf\u00e4ltig ausgew\u00e4hlte Honigsorten mit nat\u00fcrlicher Qualit\u00e4t und Reinheit zu entdecken.\",\"breadcrumb\":{\"@id\":\"https:\\\/\\\/purehivehoney.com\\\/de\\\/product\\\/huebner-organic-cough-sweets-soothing-for-throat-respiratory-tract-with-herbs-menthol-forest-honey-natural-aroma-of-fennel-anise-eucalyptus-vegetarian-lactose-free-75-g\\\/#breadcrumb\"},\"inLanguage\":\"de\",\"potentialAction\":[{\"@type\":\"ReadAction\",\"target\":[\"https:\\\/\\\/purehivehoney.com\\\/de\\\/product\\\/huebner-organic-cough-sweets-soothing-for-throat-respiratory-tract-with-herbs-menthol-forest-honey-natural-aroma-of-fennel-anise-eucalyptus-vegetarian-lactose-free-75-g\\\/\"]}]},{\"@type\":\"ImageObject\",\"inLanguage\":\"de\",\"@id\":\"https:\\\/\\\/purehivehoney.com\\\/de\\\/product\\\/huebner-organic-cough-sweets-soothing-for-throat-respiratory-tract-with-herbs-menthol-forest-honey-natural-aroma-of-fennel-anise-eucalyptus-vegetarian-lactose-free-75-g\\\/#primaryimage\",\"url\":\"https:\\\/\\\/purehivehoney.com\\\/de\\\/wp-content\\\/uploads\\\/2026\\\/03\\\/71GUhKQFEyL._SL1500_.jpg\",\"contentUrl\":\"https:\\\/\\\/purehivehoney.com\\\/de\\\/wp-content\\\/uploads\\\/2026\\\/03\\\/71GUhKQFEyL._SL1500_.jpg\",\"width\":1500,\"height\":1500},{\"@type\":\"BreadcrumbList\",\"@id\":\"https:\\\/\\\/purehivehoney.com\\\/de\\\/product\\\/huebner-organic-cough-sweets-soothing-for-throat-respiratory-tract-with-herbs-menthol-forest-honey-natural-aroma-of-fennel-anise-eucalyptus-vegetarian-lactose-free-75-g\\\/#breadcrumb\",\"itemListElement\":[{\"@type\":\"ListItem\",\"position\":1,\"name\":\"Home\",\"item\":\"https:\\\/\\\/purehivehoney.com\\\/de\\\/\"},{\"@type\":\"ListItem\",\"position\":2,\"name\":\"Shop\",\"item\":\"https:\\\/\\\/purehivehoney.com\\\/de\\\/shop\\\/\"},{\"@type\":\"ListItem\",\"position\":3,\"name\":\"H\u00fcbner Organic Cough Sweets | Soot...\"}]},{\"@type\":\"WebSite\",\"@id\":\"https:\\\/\\\/purehivehoney.com\\\/de\\\/#website\",\"url\":\"https:\\\/\\\/purehivehoney.com\\\/de\\\/\",\"name\":\"PureHiveHoney\",\"description\":\"Reiner Honig &amp; Bienenprodukte Online | Rohhonig, Bio Honig &amp; Spezialhonig\",\"publisher\":{\"@id\":\"https:\\\/\\\/purehivehoney.com\\\/de\\\/#organization\"},\"potentialAction\":[{\"@type\":\"SearchAction\",\"target\":{\"@type\":\"EntryPoint\",\"urlTemplate\":\"https:\\\/\\\/purehivehoney.com\\\/de\\\/?s={search_term_string}\"},\"query-input\":{\"@type\":\"PropertyValueSpecification\",\"valueRequired\":true,\"valueName\":\"search_term_string\"}}],\"inLanguage\":\"de\"},{\"@type\":\"Organization\",\"@id\":\"https:\\\/\\\/purehivehoney.com\\\/de\\\/#organization\",\"name\":\"PureHiveHoney\",\"url\":\"https:\\\/\\\/purehivehoney.com\\\/de\\\/\",\"logo\":{\"@type\":\"ImageObject\",\"inLanguage\":\"de\",\"@id\":\"https:\\\/\\\/purehivehoney.com\\\/de\\\/#\\\/schema\\\/logo\\\/image\\\/\",\"url\":\"https:\\\/\\\/purehivehoney.com\\\/de\\\/wp-content\\\/uploads\\\/2026\\\/03\\\/Screenshot-2026-03-16-at-1.06.01-AM.png\",\"contentUrl\":\"https:\\\/\\\/purehivehoney.com\\\/de\\\/wp-content\\\/uploads\\\/2026\\\/03\\\/Screenshot-2026-03-16-at-1.06.01-AM.png\",\"width\":2112,\"height\":1086,\"caption\":\"PureHiveHoney\"},\"image\":{\"@id\":\"https:\\\/\\\/purehivehoney.com\\\/de\\\/#\\\/schema\\\/logo\\\/image\\\/\"}}]}<\/script>\n<!-- \/ Yoast SEO plugin. -->","yoast_head_json":{"title":"H\u00fcbner Organic Cough Sweets | Soothing for Throat & Respiratory Tract | With Herbs, Menthol & Forest Honey | Natural Aroma of Fennel, Anise & Eucalyptus | Vegetarian & Lactose Free | 75 g - PureHiveHoney","description":"Entdecken Sie hochwertigen Rohhonig, Bio Honig, Manuka Honig und nat\u00fcrliche Bienenprodukte. PureHiveHoney hilft Ihnen dabei, sorgf\u00e4ltig ausgew\u00e4hlte Honigsorten mit nat\u00fcrlicher Qualit\u00e4t und Reinheit zu entdecken.","robots":{"index":"index","follow":"follow","max-snippet":"max-snippet:-1","max-image-preview":"max-image-preview:large","max-video-preview":"max-video-preview:-1"},"canonical":"https:\/\/purehivehoney.com\/de\/product\/huebner-organic-cough-sweets-soothing-for-throat-respiratory-tract-with-herbs-menthol-forest-honey-natural-aroma-of-fennel-anise-eucalyptus-vegetarian-lactose-free-75-g\/","og_locale":"de_DE","og_type":"article","og_title":"H\u00fcbner Organic Cough Sweets | Soothing for Throat & Respiratory Tract | With Herbs, Menthol & Forest Honey | Natural Aroma of Fennel, Anise & Eucalyptus | Vegetarian & Lactose Free | 75 g - PureHiveHoney","og_description":"Entdecken Sie hochwertigen Rohhonig, Bio Honig, Manuka Honig und nat\u00fcrliche Bienenprodukte. PureHiveHoney hilft Ihnen dabei, sorgf\u00e4ltig ausgew\u00e4hlte Honigsorten mit nat\u00fcrlicher Qualit\u00e4t und Reinheit zu entdecken.","og_url":"https:\/\/purehivehoney.com\/de\/product\/huebner-organic-cough-sweets-soothing-for-throat-respiratory-tract-with-herbs-menthol-forest-honey-natural-aroma-of-fennel-anise-eucalyptus-vegetarian-lactose-free-75-g\/","og_site_name":"PureHiveHoney","article_modified_time":"2026-03-31T15:03:37+00:00","twitter_card":"summary_large_image","twitter_misc":{"Gesch\u00e4tzte Lesezeit":"2\u00a0Minuten"},"schema":{"@context":"https:\/\/schema.org","@graph":[{"@type":"WebPage","@id":"https:\/\/purehivehoney.com\/de\/product\/huebner-organic-cough-sweets-soothing-for-throat-respiratory-tract-with-herbs-menthol-forest-honey-natural-aroma-of-fennel-anise-eucalyptus-vegetarian-lactose-free-75-g\/","url":"https:\/\/purehivehoney.com\/de\/product\/huebner-organic-cough-sweets-soothing-for-throat-respiratory-tract-with-herbs-menthol-forest-honey-natural-aroma-of-fennel-anise-eucalyptus-vegetarian-lactose-free-75-g\/","name":"H\u00fcbner Organic Cough Sweets | Soothing for Throat & Respiratory Tract | With Herbs, Menthol & Forest Honey | Natural Aroma of Fennel, Anise & Eucalyptus | Vegetarian & Lactose Free | 75 g - PureHiveHoney","isPartOf":{"@id":"https:\/\/purehivehoney.com\/de\/#website"},"primaryImageOfPage":{"@id":"https:\/\/purehivehoney.com\/de\/product\/huebner-organic-cough-sweets-soothing-for-throat-respiratory-tract-with-herbs-menthol-forest-honey-natural-aroma-of-fennel-anise-eucalyptus-vegetarian-lactose-free-75-g\/#primaryimage"},"image":{"@id":"https:\/\/purehivehoney.com\/de\/product\/huebner-organic-cough-sweets-soothing-for-throat-respiratory-tract-with-herbs-menthol-forest-honey-natural-aroma-of-fennel-anise-eucalyptus-vegetarian-lactose-free-75-g\/#primaryimage"},"thumbnailUrl":"https:\/\/purehivehoney.com\/de\/wp-content\/uploads\/2026\/03\/71GUhKQFEyL._SL1500_.jpg","datePublished":"2026-03-31T15:03:31+00:00","dateModified":"2026-03-31T15:03:37+00:00","description":"Entdecken Sie hochwertigen Rohhonig, Bio Honig, Manuka Honig und nat\u00fcrliche Bienenprodukte. PureHiveHoney hilft Ihnen dabei, sorgf\u00e4ltig ausgew\u00e4hlte Honigsorten mit nat\u00fcrlicher Qualit\u00e4t und Reinheit zu entdecken.","breadcrumb":{"@id":"https:\/\/purehivehoney.com\/de\/product\/huebner-organic-cough-sweets-soothing-for-throat-respiratory-tract-with-herbs-menthol-forest-honey-natural-aroma-of-fennel-anise-eucalyptus-vegetarian-lactose-free-75-g\/#breadcrumb"},"inLanguage":"de","potentialAction":[{"@type":"ReadAction","target":["https:\/\/purehivehoney.com\/de\/product\/huebner-organic-cough-sweets-soothing-for-throat-respiratory-tract-with-herbs-menthol-forest-honey-natural-aroma-of-fennel-anise-eucalyptus-vegetarian-lactose-free-75-g\/"]}]},{"@type":"ImageObject","inLanguage":"de","@id":"https:\/\/purehivehoney.com\/de\/product\/huebner-organic-cough-sweets-soothing-for-throat-respiratory-tract-with-herbs-menthol-forest-honey-natural-aroma-of-fennel-anise-eucalyptus-vegetarian-lactose-free-75-g\/#primaryimage","url":"https:\/\/purehivehoney.com\/de\/wp-content\/uploads\/2026\/03\/71GUhKQFEyL._SL1500_.jpg","contentUrl":"https:\/\/purehivehoney.com\/de\/wp-content\/uploads\/2026\/03\/71GUhKQFEyL._SL1500_.jpg","width":1500,"height":1500},{"@type":"BreadcrumbList","@id":"https:\/\/purehivehoney.com\/de\/product\/huebner-organic-cough-sweets-soothing-for-throat-respiratory-tract-with-herbs-menthol-forest-honey-natural-aroma-of-fennel-anise-eucalyptus-vegetarian-lactose-free-75-g\/#breadcrumb","itemListElement":[{"@type":"ListItem","position":1,"name":"Home","item":"https:\/\/purehivehoney.com\/de\/"},{"@type":"ListItem","position":2,"name":"Shop","item":"https:\/\/purehivehoney.com\/de\/shop\/"},{"@type":"ListItem","position":3,"name":"H\u00fcbner Organic Cough Sweets | Soot..."}]},{"@type":"WebSite","@id":"https:\/\/purehivehoney.com\/de\/#website","url":"https:\/\/purehivehoney.com\/de\/","name":"PureHiveHoney","description":"Reiner Honig &amp; Bienenprodukte Online | Rohhonig, Bio Honig &amp; Spezialhonig","publisher":{"@id":"https:\/\/purehivehoney.com\/de\/#organization"},"potentialAction":[{"@type":"SearchAction","target":{"@type":"EntryPoint","urlTemplate":"https:\/\/purehivehoney.com\/de\/?s={search_term_string}"},"query-input":{"@type":"PropertyValueSpecification","valueRequired":true,"valueName":"search_term_string"}}],"inLanguage":"de"},{"@type":"Organization","@id":"https:\/\/purehivehoney.com\/de\/#organization","name":"PureHiveHoney","url":"https:\/\/purehivehoney.com\/de\/","logo":{"@type":"ImageObject","inLanguage":"de","@id":"https:\/\/purehivehoney.com\/de\/#\/schema\/logo\/image\/","url":"https:\/\/purehivehoney.com\/de\/wp-content\/uploads\/2026\/03\/Screenshot-2026-03-16-at-1.06.01-AM.png","contentUrl":"https:\/\/purehivehoney.com\/de\/wp-content\/uploads\/2026\/03\/Screenshot-2026-03-16-at-1.06.01-AM.png","width":2112,"height":1086,"caption":"PureHiveHoney"},"image":{"@id":"https:\/\/purehivehoney.com\/de\/#\/schema\/logo\/image\/"}}]}},"_links":{"self":[{"href":"https:\/\/purehivehoney.com\/de\/wp-json\/wp\/v2\/product\/2303","targetHints":{"allow":["GET"]}}],"collection":[{"href":"https:\/\/purehivehoney.com\/de\/wp-json\/wp\/v2\/product"}],"about":[{"href":"https:\/\/purehivehoney.com\/de\/wp-json\/wp\/v2\/types\/product"}],"replies":[{"embeddable":true,"href":"https:\/\/purehivehoney.com\/de\/wp-json\/wp\/v2\/comments?post=2303"}],"wp:featuredmedia":[{"embeddable":true,"href":"https:\/\/purehivehoney.com\/de\/wp-json\/wp\/v2\/media\/2304"}],"wp:attachment":[{"href":"https:\/\/purehivehoney.com\/de\/wp-json\/wp\/v2\/media?parent=2303"}],"wp:term":[{"taxonomy":"store","embeddable":true,"href":"https:\/\/purehivehoney.com\/de\/wp-json\/wp\/v2\/store?post=2303"},{"taxonomy":"product_brand","embeddable":true,"href":"https:\/\/purehivehoney.com\/de\/wp-json\/wp\/v2\/product_brand?post=2303"},{"taxonomy":"product_cat","embeddable":true,"href":"https:\/\/purehivehoney.com\/de\/wp-json\/wp\/v2\/product_cat?post=2303"},{"taxonomy":"product_tag","embeddable":true,"href":"https:\/\/purehivehoney.com\/de\/wp-json\/wp\/v2\/product_tag?post=2303"}],"curies":[{"name":"wp","href":"https:\/\/api.w.org\/{rel}","templated":true}]}}