{"id":2286,"date":"2026-03-31T11:57:09","date_gmt":"2026-03-31T11:57:09","guid":{"rendered":"https:\/\/purehivehoney.com\/de\/product\/classic-washed-denim-cartoon-honey-bee-baseball-cap-adjustable-cotton-cap-for-men-and-women-black\/"},"modified":"2026-03-31T11:57:22","modified_gmt":"2026-03-31T11:57:22","slug":"classic-washed-denim-cartoon-honey-bee-baseball-cap-adjustable-cotton-cap-for-men-and-women-black","status":"publish","type":"product","link":"https:\/\/purehivehoney.com\/de\/product\/classic-washed-denim-cartoon-honey-bee-baseball-cap-adjustable-cotton-cap-for-men-and-women-black\/","title":{"rendered":"Classic Washed Denim Cartoon Honey ..."},"content":{"rendered":"<p>    <span>Enhance your everyday style with the HJFCZH Honey Bee Adult Washed Denim Baseball Cap, a versatile and timeless accessory for comfort and fashion. Made with 100% washed cotton denim fabric, this hat offers moderate thickness and a single layer, unlined construction that ensures a classic curved brim profile, making it sturdy, crisp and flattering for all face shapes. Its cool and stylish design is naturally breathable and lightweight, keeping you dry and comfortable in any season. The inner sweat-absorbing band effectively wicks away moisture while providing a snug fit. The adjustable metal strap allows for easy adjustment of the hat circumference and ensures a perfect fit for men, women and boys. With a breathable hole design that prevents blockages and a durable construction that resists deformation, this cap is easy to wear and ideal for daily use, outings, sports, outdoor activities and travel. It&#8217;s a trendy headwear that combines functionality with a simple, classic denim look, making it a must-have for anyone looking for a fitted, adjustable cap. For care, it is recommended to wash gently by hand to maintain the quality and shape.<\/span>    <br \/> Date First Available                                            \u200f                                            :                                            \u200e                                            29 Jan 2026   <br \/> Manufacturer                                            \u200f                                            :                                            \u200e                                            HJFCZH   <br \/> ASIN                                            \u200f                                            :                                            \u200e                                            B0GKHKFFK6   <br \/> Department                                            \u200f                                            :                                            \u200e                                            Unisex   <br \/><\/p>\n","protected":false},"excerpt":{"rendered":"<p>Enhance your everyday style with the HJFCZH Honey Bee Adult Washed Denim Baseball Cap, a versatile and timeless accessory for comfort and fashion. Made with 100% washed cotton denim fabric, this hat offers moderate thickness and a single layer, unlined construction that ensures a classic curved brim profile, making it sturdy, crisp and flattering for [&hellip;]<\/p>\n","protected":false},"featured_media":2287,"comment_status":"open","ping_status":"closed","template":"","meta":{"_aipt_faq_data":""},"store":[],"product_brand":[],"product_cat":[46],"product_tag":[331],"class_list":{"0":"post-2286","1":"product","2":"type-product","3":"status-publish","4":"has-post-thumbnail","6":"product_cat-kleehonig","7":"product_tag-naturbelassener-kleehonig","9":"first","10":"instock","11":"shipping-taxable","12":"product-type-external"},"yoast_head":"<!-- This site is optimized with the Yoast SEO plugin v27.4 - https:\/\/yoast.com\/product\/yoast-seo-wordpress\/ -->\n<title>Classic Washed Denim Cartoon Honey Bee Baseball Cap Adjustable Cotton Cap for Men and Women Black - PureHiveHoney<\/title>\n<meta name=\"description\" content=\"Entdecken Sie hochwertigen Rohhonig, Bio Honig, Manuka Honig und nat\u00fcrliche Bienenprodukte. PureHiveHoney hilft Ihnen dabei, sorgf\u00e4ltig ausgew\u00e4hlte Honigsorten mit nat\u00fcrlicher Qualit\u00e4t und Reinheit zu entdecken.\" \/>\n<meta name=\"robots\" content=\"index, follow, max-snippet:-1, max-image-preview:large, max-video-preview:-1\" \/>\n<link rel=\"canonical\" href=\"https:\/\/purehivehoney.com\/de\/product\/classic-washed-denim-cartoon-honey-bee-baseball-cap-adjustable-cotton-cap-for-men-and-women-black\/\" \/>\n<meta property=\"og:locale\" content=\"de_DE\" \/>\n<meta property=\"og:type\" content=\"article\" \/>\n<meta property=\"og:title\" content=\"Classic Washed Denim Cartoon Honey Bee Baseball Cap Adjustable Cotton Cap for Men and Women Black - PureHiveHoney\" \/>\n<meta property=\"og:description\" content=\"Entdecken Sie hochwertigen Rohhonig, Bio Honig, Manuka Honig und nat\u00fcrliche Bienenprodukte. PureHiveHoney hilft Ihnen dabei, sorgf\u00e4ltig ausgew\u00e4hlte Honigsorten mit nat\u00fcrlicher Qualit\u00e4t und Reinheit zu entdecken.\" \/>\n<meta property=\"og:url\" content=\"https:\/\/purehivehoney.com\/de\/product\/classic-washed-denim-cartoon-honey-bee-baseball-cap-adjustable-cotton-cap-for-men-and-women-black\/\" \/>\n<meta property=\"og:site_name\" content=\"PureHiveHoney\" \/>\n<meta property=\"article:modified_time\" content=\"2026-03-31T11:57:22+00:00\" \/>\n<meta name=\"twitter:card\" content=\"summary_large_image\" \/>\n<meta name=\"twitter:label1\" content=\"Gesch\u00e4tzte Lesezeit\" \/>\n\t<meta name=\"twitter:data1\" content=\"1\u00a0Minute\" \/>\n<script type=\"application\/ld+json\" class=\"yoast-schema-graph\">{\"@context\":\"https:\\\/\\\/schema.org\",\"@graph\":[{\"@type\":\"WebPage\",\"@id\":\"https:\\\/\\\/purehivehoney.com\\\/de\\\/product\\\/classic-washed-denim-cartoon-honey-bee-baseball-cap-adjustable-cotton-cap-for-men-and-women-black\\\/\",\"url\":\"https:\\\/\\\/purehivehoney.com\\\/de\\\/product\\\/classic-washed-denim-cartoon-honey-bee-baseball-cap-adjustable-cotton-cap-for-men-and-women-black\\\/\",\"name\":\"Classic Washed Denim Cartoon Honey Bee Baseball Cap Adjustable Cotton Cap for Men and Women Black - PureHiveHoney\",\"isPartOf\":{\"@id\":\"https:\\\/\\\/purehivehoney.com\\\/de\\\/#website\"},\"primaryImageOfPage\":{\"@id\":\"https:\\\/\\\/purehivehoney.com\\\/de\\\/product\\\/classic-washed-denim-cartoon-honey-bee-baseball-cap-adjustable-cotton-cap-for-men-and-women-black\\\/#primaryimage\"},\"image\":{\"@id\":\"https:\\\/\\\/purehivehoney.com\\\/de\\\/product\\\/classic-washed-denim-cartoon-honey-bee-baseball-cap-adjustable-cotton-cap-for-men-and-women-black\\\/#primaryimage\"},\"thumbnailUrl\":\"https:\\\/\\\/purehivehoney.com\\\/de\\\/wp-content\\\/uploads\\\/2026\\\/03\\\/61hUFmFYRaL._AC_SL1500_.jpg\",\"datePublished\":\"2026-03-31T11:57:09+00:00\",\"dateModified\":\"2026-03-31T11:57:22+00:00\",\"description\":\"Entdecken Sie hochwertigen Rohhonig, Bio Honig, Manuka Honig und nat\u00fcrliche Bienenprodukte. PureHiveHoney hilft Ihnen dabei, sorgf\u00e4ltig ausgew\u00e4hlte Honigsorten mit nat\u00fcrlicher Qualit\u00e4t und Reinheit zu entdecken.\",\"breadcrumb\":{\"@id\":\"https:\\\/\\\/purehivehoney.com\\\/de\\\/product\\\/classic-washed-denim-cartoon-honey-bee-baseball-cap-adjustable-cotton-cap-for-men-and-women-black\\\/#breadcrumb\"},\"inLanguage\":\"de\",\"potentialAction\":[{\"@type\":\"ReadAction\",\"target\":[\"https:\\\/\\\/purehivehoney.com\\\/de\\\/product\\\/classic-washed-denim-cartoon-honey-bee-baseball-cap-adjustable-cotton-cap-for-men-and-women-black\\\/\"]}]},{\"@type\":\"ImageObject\",\"inLanguage\":\"de\",\"@id\":\"https:\\\/\\\/purehivehoney.com\\\/de\\\/product\\\/classic-washed-denim-cartoon-honey-bee-baseball-cap-adjustable-cotton-cap-for-men-and-women-black\\\/#primaryimage\",\"url\":\"https:\\\/\\\/purehivehoney.com\\\/de\\\/wp-content\\\/uploads\\\/2026\\\/03\\\/61hUFmFYRaL._AC_SL1500_.jpg\",\"contentUrl\":\"https:\\\/\\\/purehivehoney.com\\\/de\\\/wp-content\\\/uploads\\\/2026\\\/03\\\/61hUFmFYRaL._AC_SL1500_.jpg\",\"width\":1398,\"height\":1017},{\"@type\":\"BreadcrumbList\",\"@id\":\"https:\\\/\\\/purehivehoney.com\\\/de\\\/product\\\/classic-washed-denim-cartoon-honey-bee-baseball-cap-adjustable-cotton-cap-for-men-and-women-black\\\/#breadcrumb\",\"itemListElement\":[{\"@type\":\"ListItem\",\"position\":1,\"name\":\"Home\",\"item\":\"https:\\\/\\\/purehivehoney.com\\\/de\\\/\"},{\"@type\":\"ListItem\",\"position\":2,\"name\":\"Shop\",\"item\":\"https:\\\/\\\/purehivehoney.com\\\/de\\\/shop\\\/\"},{\"@type\":\"ListItem\",\"position\":3,\"name\":\"Classic Washed Denim Cartoon Honey ...\"}]},{\"@type\":\"WebSite\",\"@id\":\"https:\\\/\\\/purehivehoney.com\\\/de\\\/#website\",\"url\":\"https:\\\/\\\/purehivehoney.com\\\/de\\\/\",\"name\":\"PureHiveHoney\",\"description\":\"Reiner Honig &amp; Bienenprodukte Online | Rohhonig, Bio Honig &amp; Spezialhonig\",\"publisher\":{\"@id\":\"https:\\\/\\\/purehivehoney.com\\\/de\\\/#organization\"},\"potentialAction\":[{\"@type\":\"SearchAction\",\"target\":{\"@type\":\"EntryPoint\",\"urlTemplate\":\"https:\\\/\\\/purehivehoney.com\\\/de\\\/?s={search_term_string}\"},\"query-input\":{\"@type\":\"PropertyValueSpecification\",\"valueRequired\":true,\"valueName\":\"search_term_string\"}}],\"inLanguage\":\"de\"},{\"@type\":\"Organization\",\"@id\":\"https:\\\/\\\/purehivehoney.com\\\/de\\\/#organization\",\"name\":\"PureHiveHoney\",\"url\":\"https:\\\/\\\/purehivehoney.com\\\/de\\\/\",\"logo\":{\"@type\":\"ImageObject\",\"inLanguage\":\"de\",\"@id\":\"https:\\\/\\\/purehivehoney.com\\\/de\\\/#\\\/schema\\\/logo\\\/image\\\/\",\"url\":\"https:\\\/\\\/purehivehoney.com\\\/de\\\/wp-content\\\/uploads\\\/2026\\\/03\\\/Screenshot-2026-03-16-at-1.06.01-AM.png\",\"contentUrl\":\"https:\\\/\\\/purehivehoney.com\\\/de\\\/wp-content\\\/uploads\\\/2026\\\/03\\\/Screenshot-2026-03-16-at-1.06.01-AM.png\",\"width\":2112,\"height\":1086,\"caption\":\"PureHiveHoney\"},\"image\":{\"@id\":\"https:\\\/\\\/purehivehoney.com\\\/de\\\/#\\\/schema\\\/logo\\\/image\\\/\"}}]}<\/script>\n<!-- \/ Yoast SEO plugin. -->","yoast_head_json":{"title":"Classic Washed Denim Cartoon Honey Bee Baseball Cap Adjustable Cotton Cap for Men and Women Black - PureHiveHoney","description":"Entdecken Sie hochwertigen Rohhonig, Bio Honig, Manuka Honig und nat\u00fcrliche Bienenprodukte. PureHiveHoney hilft Ihnen dabei, sorgf\u00e4ltig ausgew\u00e4hlte Honigsorten mit nat\u00fcrlicher Qualit\u00e4t und Reinheit zu entdecken.","robots":{"index":"index","follow":"follow","max-snippet":"max-snippet:-1","max-image-preview":"max-image-preview:large","max-video-preview":"max-video-preview:-1"},"canonical":"https:\/\/purehivehoney.com\/de\/product\/classic-washed-denim-cartoon-honey-bee-baseball-cap-adjustable-cotton-cap-for-men-and-women-black\/","og_locale":"de_DE","og_type":"article","og_title":"Classic Washed Denim Cartoon Honey Bee Baseball Cap Adjustable Cotton Cap for Men and Women Black - PureHiveHoney","og_description":"Entdecken Sie hochwertigen Rohhonig, Bio Honig, Manuka Honig und nat\u00fcrliche Bienenprodukte. PureHiveHoney hilft Ihnen dabei, sorgf\u00e4ltig ausgew\u00e4hlte Honigsorten mit nat\u00fcrlicher Qualit\u00e4t und Reinheit zu entdecken.","og_url":"https:\/\/purehivehoney.com\/de\/product\/classic-washed-denim-cartoon-honey-bee-baseball-cap-adjustable-cotton-cap-for-men-and-women-black\/","og_site_name":"PureHiveHoney","article_modified_time":"2026-03-31T11:57:22+00:00","twitter_card":"summary_large_image","twitter_misc":{"Gesch\u00e4tzte Lesezeit":"1\u00a0Minute"},"schema":{"@context":"https:\/\/schema.org","@graph":[{"@type":"WebPage","@id":"https:\/\/purehivehoney.com\/de\/product\/classic-washed-denim-cartoon-honey-bee-baseball-cap-adjustable-cotton-cap-for-men-and-women-black\/","url":"https:\/\/purehivehoney.com\/de\/product\/classic-washed-denim-cartoon-honey-bee-baseball-cap-adjustable-cotton-cap-for-men-and-women-black\/","name":"Classic Washed Denim Cartoon Honey Bee Baseball Cap Adjustable Cotton Cap for Men and Women Black - PureHiveHoney","isPartOf":{"@id":"https:\/\/purehivehoney.com\/de\/#website"},"primaryImageOfPage":{"@id":"https:\/\/purehivehoney.com\/de\/product\/classic-washed-denim-cartoon-honey-bee-baseball-cap-adjustable-cotton-cap-for-men-and-women-black\/#primaryimage"},"image":{"@id":"https:\/\/purehivehoney.com\/de\/product\/classic-washed-denim-cartoon-honey-bee-baseball-cap-adjustable-cotton-cap-for-men-and-women-black\/#primaryimage"},"thumbnailUrl":"https:\/\/purehivehoney.com\/de\/wp-content\/uploads\/2026\/03\/61hUFmFYRaL._AC_SL1500_.jpg","datePublished":"2026-03-31T11:57:09+00:00","dateModified":"2026-03-31T11:57:22+00:00","description":"Entdecken Sie hochwertigen Rohhonig, Bio Honig, Manuka Honig und nat\u00fcrliche Bienenprodukte. PureHiveHoney hilft Ihnen dabei, sorgf\u00e4ltig ausgew\u00e4hlte Honigsorten mit nat\u00fcrlicher Qualit\u00e4t und Reinheit zu entdecken.","breadcrumb":{"@id":"https:\/\/purehivehoney.com\/de\/product\/classic-washed-denim-cartoon-honey-bee-baseball-cap-adjustable-cotton-cap-for-men-and-women-black\/#breadcrumb"},"inLanguage":"de","potentialAction":[{"@type":"ReadAction","target":["https:\/\/purehivehoney.com\/de\/product\/classic-washed-denim-cartoon-honey-bee-baseball-cap-adjustable-cotton-cap-for-men-and-women-black\/"]}]},{"@type":"ImageObject","inLanguage":"de","@id":"https:\/\/purehivehoney.com\/de\/product\/classic-washed-denim-cartoon-honey-bee-baseball-cap-adjustable-cotton-cap-for-men-and-women-black\/#primaryimage","url":"https:\/\/purehivehoney.com\/de\/wp-content\/uploads\/2026\/03\/61hUFmFYRaL._AC_SL1500_.jpg","contentUrl":"https:\/\/purehivehoney.com\/de\/wp-content\/uploads\/2026\/03\/61hUFmFYRaL._AC_SL1500_.jpg","width":1398,"height":1017},{"@type":"BreadcrumbList","@id":"https:\/\/purehivehoney.com\/de\/product\/classic-washed-denim-cartoon-honey-bee-baseball-cap-adjustable-cotton-cap-for-men-and-women-black\/#breadcrumb","itemListElement":[{"@type":"ListItem","position":1,"name":"Home","item":"https:\/\/purehivehoney.com\/de\/"},{"@type":"ListItem","position":2,"name":"Shop","item":"https:\/\/purehivehoney.com\/de\/shop\/"},{"@type":"ListItem","position":3,"name":"Classic Washed Denim Cartoon Honey ..."}]},{"@type":"WebSite","@id":"https:\/\/purehivehoney.com\/de\/#website","url":"https:\/\/purehivehoney.com\/de\/","name":"PureHiveHoney","description":"Reiner Honig &amp; Bienenprodukte Online | Rohhonig, Bio Honig &amp; Spezialhonig","publisher":{"@id":"https:\/\/purehivehoney.com\/de\/#organization"},"potentialAction":[{"@type":"SearchAction","target":{"@type":"EntryPoint","urlTemplate":"https:\/\/purehivehoney.com\/de\/?s={search_term_string}"},"query-input":{"@type":"PropertyValueSpecification","valueRequired":true,"valueName":"search_term_string"}}],"inLanguage":"de"},{"@type":"Organization","@id":"https:\/\/purehivehoney.com\/de\/#organization","name":"PureHiveHoney","url":"https:\/\/purehivehoney.com\/de\/","logo":{"@type":"ImageObject","inLanguage":"de","@id":"https:\/\/purehivehoney.com\/de\/#\/schema\/logo\/image\/","url":"https:\/\/purehivehoney.com\/de\/wp-content\/uploads\/2026\/03\/Screenshot-2026-03-16-at-1.06.01-AM.png","contentUrl":"https:\/\/purehivehoney.com\/de\/wp-content\/uploads\/2026\/03\/Screenshot-2026-03-16-at-1.06.01-AM.png","width":2112,"height":1086,"caption":"PureHiveHoney"},"image":{"@id":"https:\/\/purehivehoney.com\/de\/#\/schema\/logo\/image\/"}}]}},"_links":{"self":[{"href":"https:\/\/purehivehoney.com\/de\/wp-json\/wp\/v2\/product\/2286","targetHints":{"allow":["GET"]}}],"collection":[{"href":"https:\/\/purehivehoney.com\/de\/wp-json\/wp\/v2\/product"}],"about":[{"href":"https:\/\/purehivehoney.com\/de\/wp-json\/wp\/v2\/types\/product"}],"replies":[{"embeddable":true,"href":"https:\/\/purehivehoney.com\/de\/wp-json\/wp\/v2\/comments?post=2286"}],"wp:featuredmedia":[{"embeddable":true,"href":"https:\/\/purehivehoney.com\/de\/wp-json\/wp\/v2\/media\/2287"}],"wp:attachment":[{"href":"https:\/\/purehivehoney.com\/de\/wp-json\/wp\/v2\/media?parent=2286"}],"wp:term":[{"taxonomy":"store","embeddable":true,"href":"https:\/\/purehivehoney.com\/de\/wp-json\/wp\/v2\/store?post=2286"},{"taxonomy":"product_brand","embeddable":true,"href":"https:\/\/purehivehoney.com\/de\/wp-json\/wp\/v2\/product_brand?post=2286"},{"taxonomy":"product_cat","embeddable":true,"href":"https:\/\/purehivehoney.com\/de\/wp-json\/wp\/v2\/product_cat?post=2286"},{"taxonomy":"product_tag","embeddable":true,"href":"https:\/\/purehivehoney.com\/de\/wp-json\/wp\/v2\/product_tag?post=2286"}],"curies":[{"name":"wp","href":"https:\/\/api.w.org\/{rel}","templated":true}]}}