{"id":2276,"date":"2026-03-31T09:59:02","date_gmt":"2026-03-31T09:59:02","guid":{"rendered":"https:\/\/purehivehoney.com\/de\/product\/stobaza-honey-drip-sticks-made-of-wood-pack-of-20-honey-stirrers-honey-spoon-stirrers-for-tea-and-coffee\/"},"modified":"2026-03-31T09:59:22","modified_gmt":"2026-03-31T09:59:22","slug":"stobaza-honey-drip-sticks-made-of-wood-pack-of-20-honey-stirrers-honey-spoon-stirrers-for-tea-and-coffee","status":"publish","type":"product","link":"https:\/\/purehivehoney.com\/de\/product\/stobaza-honey-drip-sticks-made-of-wood-pack-of-20-honey-stirrers-honey-spoon-stirrers-for-tea-and-coffee\/","title":{"rendered":"STOBAZA Honey Drip Sticks Made of W..."},"content":{"rendered":"<p>    <span><br \/>Features <br \/>&#8211; Colour: beige. <br \/>&#8211; Material: pine. <br \/>Package includes: 20 pieces 3.1 inches\/8 cm honey spoon sticks. Wooden honey spoon sticks for honey jars to spread drizzle honey. <br \/>\u3010Convenient to use\u3011: the spoon handle are designed with many grooves. You can scoop the right honey out of a glass and then drizzle the honey over your toast, cookies and sandwich or into your water, tea and vegetable juice. <br \/>Honey serving sticks are made of 100 natural wood, are very robust, food-safe and please keep dry after washing and use again. <br \/>\u3010Precise Honey Dispenser\u3011With our wooden honey ladle, you can control the amount of honey. The spherical head with pronounced grooves absorbs just the right honey or jam and ensures that it rests briefly on the spoon without dripping until it evenly distributes on your bread or fruit. <br \/>\u3010Widely Used\u3011: Honey spoons are the perfect sprayer for honey, syrup, jam, molasses or other viscous liquids. Honey ladles are suitable for parties, events, wedding parties, etc. <br \/>Size: 8.00 x 1.90 x 1.90 cm \/ 3.14 x 0.75 x 0.75 inches. <br \/>Pack of <br \/>20 x honey spoon sticks<\/span>    <br \/>Package includes: 20 pieces 3.1 inches \/ 8 cm honey spoon sticks. Wooden honey spoon sticks for honey jars to spread drizzle honey.<br \/>Convenient to use: the spoon sticks are equipped with many grooves. You can scoop the right honey out of a glass and then drizzle the honey over your toast, cookies and sandwich or into your water, tea and vegetable juice<br \/>\u3010\u3011: Honey serving sticks are made of 100% natural wood, very sturdy, food safe and durable. Please keep it dry after washing and repeat the use.<br \/>\u3010Precise Honey Dispenser\u3011: With our wooden honey ladle, you can control the amount of honey. The spherical head with pronounced grooves absorbs just the right honey or jam and ensures that it rests briefly on the spoon without dripping until it evenly distributes on your bread or fruit.<br \/>Widely used: honey spoons are the perfect sprayer for honey, syrup, jam, molasses or other viscous liquids. Honey scoop sticks are suitable for parties, events, wedding parties, etc<\/p>\n\n","protected":false},"excerpt":{"rendered":"<p>Features &#8211; Colour: beige. &#8211; Material: pine. Package includes: 20 pieces 3.1 inches\/8 cm honey spoon sticks. Wooden honey spoon sticks for honey jars to spread drizzle honey. \u3010Convenient to use\u3011: the spoon handle are designed with many grooves. You can scoop the right honey out of a glass and then drizzle the honey over [&hellip;]<\/p>\n","protected":false},"featured_media":2277,"comment_status":"open","ping_status":"closed","template":"","meta":{"_aipt_faq_data":""},"store":[],"product_brand":[],"product_cat":[46],"product_tag":[331],"class_list":{"0":"post-2276","1":"product","2":"type-product","3":"status-publish","4":"has-post-thumbnail","6":"product_cat-kleehonig","7":"product_tag-naturbelassener-kleehonig","9":"first","10":"instock","11":"shipping-taxable","12":"product-type-external"},"yoast_head":"<!-- This site is optimized with the Yoast SEO plugin v27.4 - https:\/\/yoast.com\/product\/yoast-seo-wordpress\/ -->\n<title>STOBAZA Honey Drip Sticks Made of Wood Pack of 20 Honey Stirrers Honey Spoon Stirrers for Tea and Coffee - PureHiveHoney<\/title>\n<meta name=\"description\" content=\"Entdecken Sie hochwertigen Rohhonig, Bio Honig, Manuka Honig und nat\u00fcrliche Bienenprodukte. PureHiveHoney hilft Ihnen dabei, sorgf\u00e4ltig ausgew\u00e4hlte Honigsorten mit nat\u00fcrlicher Qualit\u00e4t und Reinheit zu entdecken.\" \/>\n<meta name=\"robots\" content=\"index, follow, max-snippet:-1, max-image-preview:large, max-video-preview:-1\" \/>\n<link rel=\"canonical\" href=\"https:\/\/purehivehoney.com\/de\/product\/stobaza-honey-drip-sticks-made-of-wood-pack-of-20-honey-stirrers-honey-spoon-stirrers-for-tea-and-coffee\/\" \/>\n<meta property=\"og:locale\" content=\"de_DE\" \/>\n<meta property=\"og:type\" content=\"article\" \/>\n<meta property=\"og:title\" content=\"STOBAZA Honey Drip Sticks Made of Wood Pack of 20 Honey Stirrers Honey Spoon Stirrers for Tea and Coffee - PureHiveHoney\" \/>\n<meta property=\"og:description\" content=\"Entdecken Sie hochwertigen Rohhonig, Bio Honig, Manuka Honig und nat\u00fcrliche Bienenprodukte. PureHiveHoney hilft Ihnen dabei, sorgf\u00e4ltig ausgew\u00e4hlte Honigsorten mit nat\u00fcrlicher Qualit\u00e4t und Reinheit zu entdecken.\" \/>\n<meta property=\"og:url\" content=\"https:\/\/purehivehoney.com\/de\/product\/stobaza-honey-drip-sticks-made-of-wood-pack-of-20-honey-stirrers-honey-spoon-stirrers-for-tea-and-coffee\/\" \/>\n<meta property=\"og:site_name\" content=\"PureHiveHoney\" \/>\n<meta property=\"article:modified_time\" content=\"2026-03-31T09:59:22+00:00\" \/>\n<meta name=\"twitter:card\" content=\"summary_large_image\" \/>\n<meta name=\"twitter:label1\" content=\"Gesch\u00e4tzte Lesezeit\" \/>\n\t<meta name=\"twitter:data1\" content=\"2\u00a0Minuten\" \/>\n<script type=\"application\/ld+json\" class=\"yoast-schema-graph\">{\"@context\":\"https:\\\/\\\/schema.org\",\"@graph\":[{\"@type\":\"WebPage\",\"@id\":\"https:\\\/\\\/purehivehoney.com\\\/de\\\/product\\\/stobaza-honey-drip-sticks-made-of-wood-pack-of-20-honey-stirrers-honey-spoon-stirrers-for-tea-and-coffee\\\/\",\"url\":\"https:\\\/\\\/purehivehoney.com\\\/de\\\/product\\\/stobaza-honey-drip-sticks-made-of-wood-pack-of-20-honey-stirrers-honey-spoon-stirrers-for-tea-and-coffee\\\/\",\"name\":\"STOBAZA Honey Drip Sticks Made of Wood Pack of 20 Honey Stirrers Honey Spoon Stirrers for Tea and Coffee - PureHiveHoney\",\"isPartOf\":{\"@id\":\"https:\\\/\\\/purehivehoney.com\\\/de\\\/#website\"},\"primaryImageOfPage\":{\"@id\":\"https:\\\/\\\/purehivehoney.com\\\/de\\\/product\\\/stobaza-honey-drip-sticks-made-of-wood-pack-of-20-honey-stirrers-honey-spoon-stirrers-for-tea-and-coffee\\\/#primaryimage\"},\"image\":{\"@id\":\"https:\\\/\\\/purehivehoney.com\\\/de\\\/product\\\/stobaza-honey-drip-sticks-made-of-wood-pack-of-20-honey-stirrers-honey-spoon-stirrers-for-tea-and-coffee\\\/#primaryimage\"},\"thumbnailUrl\":\"https:\\\/\\\/purehivehoney.com\\\/de\\\/wp-content\\\/uploads\\\/2026\\\/03\\\/71-vNyKJzL._AC_SL1500_.jpg\",\"datePublished\":\"2026-03-31T09:59:02+00:00\",\"dateModified\":\"2026-03-31T09:59:22+00:00\",\"description\":\"Entdecken Sie hochwertigen Rohhonig, Bio Honig, Manuka Honig und nat\u00fcrliche Bienenprodukte. PureHiveHoney hilft Ihnen dabei, sorgf\u00e4ltig ausgew\u00e4hlte Honigsorten mit nat\u00fcrlicher Qualit\u00e4t und Reinheit zu entdecken.\",\"breadcrumb\":{\"@id\":\"https:\\\/\\\/purehivehoney.com\\\/de\\\/product\\\/stobaza-honey-drip-sticks-made-of-wood-pack-of-20-honey-stirrers-honey-spoon-stirrers-for-tea-and-coffee\\\/#breadcrumb\"},\"inLanguage\":\"de\",\"potentialAction\":[{\"@type\":\"ReadAction\",\"target\":[\"https:\\\/\\\/purehivehoney.com\\\/de\\\/product\\\/stobaza-honey-drip-sticks-made-of-wood-pack-of-20-honey-stirrers-honey-spoon-stirrers-for-tea-and-coffee\\\/\"]}]},{\"@type\":\"ImageObject\",\"inLanguage\":\"de\",\"@id\":\"https:\\\/\\\/purehivehoney.com\\\/de\\\/product\\\/stobaza-honey-drip-sticks-made-of-wood-pack-of-20-honey-stirrers-honey-spoon-stirrers-for-tea-and-coffee\\\/#primaryimage\",\"url\":\"https:\\\/\\\/purehivehoney.com\\\/de\\\/wp-content\\\/uploads\\\/2026\\\/03\\\/71-vNyKJzL._AC_SL1500_.jpg\",\"contentUrl\":\"https:\\\/\\\/purehivehoney.com\\\/de\\\/wp-content\\\/uploads\\\/2026\\\/03\\\/71-vNyKJzL._AC_SL1500_.jpg\",\"width\":1500,\"height\":1218},{\"@type\":\"BreadcrumbList\",\"@id\":\"https:\\\/\\\/purehivehoney.com\\\/de\\\/product\\\/stobaza-honey-drip-sticks-made-of-wood-pack-of-20-honey-stirrers-honey-spoon-stirrers-for-tea-and-coffee\\\/#breadcrumb\",\"itemListElement\":[{\"@type\":\"ListItem\",\"position\":1,\"name\":\"Home\",\"item\":\"https:\\\/\\\/purehivehoney.com\\\/de\\\/\"},{\"@type\":\"ListItem\",\"position\":2,\"name\":\"Shop\",\"item\":\"https:\\\/\\\/purehivehoney.com\\\/de\\\/shop\\\/\"},{\"@type\":\"ListItem\",\"position\":3,\"name\":\"STOBAZA Honey Drip Sticks Made of W...\"}]},{\"@type\":\"WebSite\",\"@id\":\"https:\\\/\\\/purehivehoney.com\\\/de\\\/#website\",\"url\":\"https:\\\/\\\/purehivehoney.com\\\/de\\\/\",\"name\":\"PureHiveHoney\",\"description\":\"Reiner Honig &amp; Bienenprodukte Online | Rohhonig, Bio Honig &amp; Spezialhonig\",\"publisher\":{\"@id\":\"https:\\\/\\\/purehivehoney.com\\\/de\\\/#organization\"},\"potentialAction\":[{\"@type\":\"SearchAction\",\"target\":{\"@type\":\"EntryPoint\",\"urlTemplate\":\"https:\\\/\\\/purehivehoney.com\\\/de\\\/?s={search_term_string}\"},\"query-input\":{\"@type\":\"PropertyValueSpecification\",\"valueRequired\":true,\"valueName\":\"search_term_string\"}}],\"inLanguage\":\"de\"},{\"@type\":\"Organization\",\"@id\":\"https:\\\/\\\/purehivehoney.com\\\/de\\\/#organization\",\"name\":\"PureHiveHoney\",\"url\":\"https:\\\/\\\/purehivehoney.com\\\/de\\\/\",\"logo\":{\"@type\":\"ImageObject\",\"inLanguage\":\"de\",\"@id\":\"https:\\\/\\\/purehivehoney.com\\\/de\\\/#\\\/schema\\\/logo\\\/image\\\/\",\"url\":\"https:\\\/\\\/purehivehoney.com\\\/de\\\/wp-content\\\/uploads\\\/2026\\\/03\\\/Screenshot-2026-03-16-at-1.06.01-AM.png\",\"contentUrl\":\"https:\\\/\\\/purehivehoney.com\\\/de\\\/wp-content\\\/uploads\\\/2026\\\/03\\\/Screenshot-2026-03-16-at-1.06.01-AM.png\",\"width\":2112,\"height\":1086,\"caption\":\"PureHiveHoney\"},\"image\":{\"@id\":\"https:\\\/\\\/purehivehoney.com\\\/de\\\/#\\\/schema\\\/logo\\\/image\\\/\"}}]}<\/script>\n<!-- \/ Yoast SEO plugin. -->","yoast_head_json":{"title":"STOBAZA Honey Drip Sticks Made of Wood Pack of 20 Honey Stirrers Honey Spoon Stirrers for Tea and Coffee - PureHiveHoney","description":"Entdecken Sie hochwertigen Rohhonig, Bio Honig, Manuka Honig und nat\u00fcrliche Bienenprodukte. PureHiveHoney hilft Ihnen dabei, sorgf\u00e4ltig ausgew\u00e4hlte Honigsorten mit nat\u00fcrlicher Qualit\u00e4t und Reinheit zu entdecken.","robots":{"index":"index","follow":"follow","max-snippet":"max-snippet:-1","max-image-preview":"max-image-preview:large","max-video-preview":"max-video-preview:-1"},"canonical":"https:\/\/purehivehoney.com\/de\/product\/stobaza-honey-drip-sticks-made-of-wood-pack-of-20-honey-stirrers-honey-spoon-stirrers-for-tea-and-coffee\/","og_locale":"de_DE","og_type":"article","og_title":"STOBAZA Honey Drip Sticks Made of Wood Pack of 20 Honey Stirrers Honey Spoon Stirrers for Tea and Coffee - PureHiveHoney","og_description":"Entdecken Sie hochwertigen Rohhonig, Bio Honig, Manuka Honig und nat\u00fcrliche Bienenprodukte. PureHiveHoney hilft Ihnen dabei, sorgf\u00e4ltig ausgew\u00e4hlte Honigsorten mit nat\u00fcrlicher Qualit\u00e4t und Reinheit zu entdecken.","og_url":"https:\/\/purehivehoney.com\/de\/product\/stobaza-honey-drip-sticks-made-of-wood-pack-of-20-honey-stirrers-honey-spoon-stirrers-for-tea-and-coffee\/","og_site_name":"PureHiveHoney","article_modified_time":"2026-03-31T09:59:22+00:00","twitter_card":"summary_large_image","twitter_misc":{"Gesch\u00e4tzte Lesezeit":"2\u00a0Minuten"},"schema":{"@context":"https:\/\/schema.org","@graph":[{"@type":"WebPage","@id":"https:\/\/purehivehoney.com\/de\/product\/stobaza-honey-drip-sticks-made-of-wood-pack-of-20-honey-stirrers-honey-spoon-stirrers-for-tea-and-coffee\/","url":"https:\/\/purehivehoney.com\/de\/product\/stobaza-honey-drip-sticks-made-of-wood-pack-of-20-honey-stirrers-honey-spoon-stirrers-for-tea-and-coffee\/","name":"STOBAZA Honey Drip Sticks Made of Wood Pack of 20 Honey Stirrers Honey Spoon Stirrers for Tea and Coffee - PureHiveHoney","isPartOf":{"@id":"https:\/\/purehivehoney.com\/de\/#website"},"primaryImageOfPage":{"@id":"https:\/\/purehivehoney.com\/de\/product\/stobaza-honey-drip-sticks-made-of-wood-pack-of-20-honey-stirrers-honey-spoon-stirrers-for-tea-and-coffee\/#primaryimage"},"image":{"@id":"https:\/\/purehivehoney.com\/de\/product\/stobaza-honey-drip-sticks-made-of-wood-pack-of-20-honey-stirrers-honey-spoon-stirrers-for-tea-and-coffee\/#primaryimage"},"thumbnailUrl":"https:\/\/purehivehoney.com\/de\/wp-content\/uploads\/2026\/03\/71-vNyKJzL._AC_SL1500_.jpg","datePublished":"2026-03-31T09:59:02+00:00","dateModified":"2026-03-31T09:59:22+00:00","description":"Entdecken Sie hochwertigen Rohhonig, Bio Honig, Manuka Honig und nat\u00fcrliche Bienenprodukte. PureHiveHoney hilft Ihnen dabei, sorgf\u00e4ltig ausgew\u00e4hlte Honigsorten mit nat\u00fcrlicher Qualit\u00e4t und Reinheit zu entdecken.","breadcrumb":{"@id":"https:\/\/purehivehoney.com\/de\/product\/stobaza-honey-drip-sticks-made-of-wood-pack-of-20-honey-stirrers-honey-spoon-stirrers-for-tea-and-coffee\/#breadcrumb"},"inLanguage":"de","potentialAction":[{"@type":"ReadAction","target":["https:\/\/purehivehoney.com\/de\/product\/stobaza-honey-drip-sticks-made-of-wood-pack-of-20-honey-stirrers-honey-spoon-stirrers-for-tea-and-coffee\/"]}]},{"@type":"ImageObject","inLanguage":"de","@id":"https:\/\/purehivehoney.com\/de\/product\/stobaza-honey-drip-sticks-made-of-wood-pack-of-20-honey-stirrers-honey-spoon-stirrers-for-tea-and-coffee\/#primaryimage","url":"https:\/\/purehivehoney.com\/de\/wp-content\/uploads\/2026\/03\/71-vNyKJzL._AC_SL1500_.jpg","contentUrl":"https:\/\/purehivehoney.com\/de\/wp-content\/uploads\/2026\/03\/71-vNyKJzL._AC_SL1500_.jpg","width":1500,"height":1218},{"@type":"BreadcrumbList","@id":"https:\/\/purehivehoney.com\/de\/product\/stobaza-honey-drip-sticks-made-of-wood-pack-of-20-honey-stirrers-honey-spoon-stirrers-for-tea-and-coffee\/#breadcrumb","itemListElement":[{"@type":"ListItem","position":1,"name":"Home","item":"https:\/\/purehivehoney.com\/de\/"},{"@type":"ListItem","position":2,"name":"Shop","item":"https:\/\/purehivehoney.com\/de\/shop\/"},{"@type":"ListItem","position":3,"name":"STOBAZA Honey Drip Sticks Made of W..."}]},{"@type":"WebSite","@id":"https:\/\/purehivehoney.com\/de\/#website","url":"https:\/\/purehivehoney.com\/de\/","name":"PureHiveHoney","description":"Reiner Honig &amp; Bienenprodukte Online | Rohhonig, Bio Honig &amp; Spezialhonig","publisher":{"@id":"https:\/\/purehivehoney.com\/de\/#organization"},"potentialAction":[{"@type":"SearchAction","target":{"@type":"EntryPoint","urlTemplate":"https:\/\/purehivehoney.com\/de\/?s={search_term_string}"},"query-input":{"@type":"PropertyValueSpecification","valueRequired":true,"valueName":"search_term_string"}}],"inLanguage":"de"},{"@type":"Organization","@id":"https:\/\/purehivehoney.com\/de\/#organization","name":"PureHiveHoney","url":"https:\/\/purehivehoney.com\/de\/","logo":{"@type":"ImageObject","inLanguage":"de","@id":"https:\/\/purehivehoney.com\/de\/#\/schema\/logo\/image\/","url":"https:\/\/purehivehoney.com\/de\/wp-content\/uploads\/2026\/03\/Screenshot-2026-03-16-at-1.06.01-AM.png","contentUrl":"https:\/\/purehivehoney.com\/de\/wp-content\/uploads\/2026\/03\/Screenshot-2026-03-16-at-1.06.01-AM.png","width":2112,"height":1086,"caption":"PureHiveHoney"},"image":{"@id":"https:\/\/purehivehoney.com\/de\/#\/schema\/logo\/image\/"}}]}},"_links":{"self":[{"href":"https:\/\/purehivehoney.com\/de\/wp-json\/wp\/v2\/product\/2276","targetHints":{"allow":["GET"]}}],"collection":[{"href":"https:\/\/purehivehoney.com\/de\/wp-json\/wp\/v2\/product"}],"about":[{"href":"https:\/\/purehivehoney.com\/de\/wp-json\/wp\/v2\/types\/product"}],"replies":[{"embeddable":true,"href":"https:\/\/purehivehoney.com\/de\/wp-json\/wp\/v2\/comments?post=2276"}],"wp:featuredmedia":[{"embeddable":true,"href":"https:\/\/purehivehoney.com\/de\/wp-json\/wp\/v2\/media\/2277"}],"wp:attachment":[{"href":"https:\/\/purehivehoney.com\/de\/wp-json\/wp\/v2\/media?parent=2276"}],"wp:term":[{"taxonomy":"store","embeddable":true,"href":"https:\/\/purehivehoney.com\/de\/wp-json\/wp\/v2\/store?post=2276"},{"taxonomy":"product_brand","embeddable":true,"href":"https:\/\/purehivehoney.com\/de\/wp-json\/wp\/v2\/product_brand?post=2276"},{"taxonomy":"product_cat","embeddable":true,"href":"https:\/\/purehivehoney.com\/de\/wp-json\/wp\/v2\/product_cat?post=2276"},{"taxonomy":"product_tag","embeddable":true,"href":"https:\/\/purehivehoney.com\/de\/wp-json\/wp\/v2\/product_tag?post=2276"}],"curies":[{"name":"wp","href":"https:\/\/api.w.org\/{rel}","templated":true}]}}