{"id":2267,"date":"2026-03-31T07:35:51","date_gmt":"2026-03-31T07:35:51","guid":{"rendered":"https:\/\/purehivehoney.com\/de\/product\/pure-raw-honey-combs-raw-honey-unprocessed-limited-quantity-800g\/"},"modified":"2026-03-31T07:36:03","modified_gmt":"2026-03-31T07:36:03","slug":"pure-raw-honey-combs-raw-honey-unprocessed-limited-quantity-800g","status":"publish","type":"product","link":"https:\/\/purehivehoney.com\/de\/product\/pure-raw-honey-combs-raw-honey-unprocessed-limited-quantity-800g\/","title":{"rendered":"Pure Raw Honey Combs Raw Honey Unpr..."},"content":{"rendered":"<p>                                             Product Description   <\/p>\n<p>                                                         <img decoding=\"async\" alt=\"Meden Farm UK.\" src=\"https:\/\/images-na.ssl-images-amazon.com\/images\/G\/01\/x-locale\/common\/grey-pixel.gif\" class=\"a-lazy-loaded\" data-src=\"https:\/\/m.media-amazon.com\/images\/S\/aplus-media\/sc\/8b132f5d-edfb-43c2-9c80-0173b8fa63a0.__CR0,0,600,180_PT0_SX600_V1___.jpg\"><img decoding=\"async\" alt=\"Meden Farm UK.\" src=\"https:\/\/m.media-amazon.com\/images\/S\/aplus-media\/sc\/8b132f5d-edfb-43c2-9c80-0173b8fa63a0.__CR0,0,600,180_PT0_SX600_V1___.jpg\">      <\/p>\n<p> Reine Rohwabe, 700 g. <\/p>\n<p> Gewicht der gro\u00dfen Wabe: 700 g. <\/p>\n<p> Was ist Waben? <\/p>\n<p> Honeycomb ist ein Cluster von sich wiederholenden sechseckigen Bienenwachszellen, die das Innere eines Honigbienenstocks f\u00fcllen.  Obwohl ausreichend ist, stellt diese Definition mehr Fragen auf, als sie tats\u00e4chlich beantwortet. Werfen wir einen genaueren Blick auf diese wundersame Substanz und ihr geniales Design. <\/p>\n<p> Warum machen Honigbienen Bienenwachskamm? <\/p>\n<p> Wabenstruktur ist die interne Struktur des Bienenstocks. Die Kommen bilden die &#8222;R\u00e4ume&#8220;, die die Heimat der Honigbiene sind. Eine einzelne sechseckige Struktur ist bekannt als Zelle Einzelne Zellen dienen der Kolonie auf unterschiedliche Weise. Bei der R\u00fcckkehr von ihrem Paarungsflug legt die Bienenk\u00f6nigin ihre Eier in die Zellen, die von ihren weiblichen Arbeiterbienen gebaut wurden. Diese Zellen sind bekannt als Brutzellen und dienen als Inkubationskammern f\u00fcr die Entwicklung von Honigbienen.  Die Brutzellen werden von den weiblichen Arbeiterbienen akribisch gepflegt.  Nach der ganzen Brut ist die Zukunft der Kolonie. <\/p>\n<p> Ist Honeycomb Nutritious? <\/p>\n<p> Waben sind im Grunde Bienenwachs und roher Honig. Das Bienenwachs hat einen sehr geringen N\u00e4hrwert Waben mit Ausnahme von Spurenmengen an Vitamin A. Da unser System jedoch kein Bienenwachs abbaut, ist es eine sehr gute Rohstoffquelle. Roher Honig, wie wir besprochen haben, ist sehr nahrhaft, vollgepackt mit Vitaminen, Enzymen, Pollen und Antioxidantien. Interessanterweise ist der nahrhafteste aller Rohhonige Honig noch in den Wachszellen der Wabe versiegelt. Honig in seiner reinsten Form (in den Zellen der Waben) enth\u00e4lt sehr wenig Wasser.  Aber Honig, wenn er der Luft ausgesetzt ist, hat die Tendenz, Wasser aus der Atmosph\u00e4re zu ziehen. Honig, der aus dem Kamm entfernt und der Luft ausgesetzt wird, h\u00e4lt etwa 12 % mehr Wasser als Honig, der im Kamm versiegelt bleibt. Durch diese Verd\u00fcnnung entsteht ein leichter aber messbarer Unterschied im N\u00e4hrwert nach Gewicht. Honig, der in den Bienenwachs-Wabenzellen versiegelt bleibt, ist ohne Frage die reinste Form von rohem Honig. <\/p>\n<p> Honigbienen sind nicht das einzige Insekt, das dieses brillante Design nutzt. Papierwespen (Polistinae) konstruieren ihre Nester aus Papier mit einem sich wiederholenden sechseckigen Wabenmuster. Obwohl diese Insekten keinen Honig produzieren, verwenden sie sechseckige Zellen f\u00fcr die Entwicklung der Brutt genau wie die Honigbiene. <\/p>\n<p> Das Sechseck ist die Grundform f\u00fcr eine Matrix, die die Verwendung von Baustoffen minimiert und gleichzeitig die Festigkeit maximiert und das Gewicht des Endprodukts reduziert. <\/p>\n<p> Item Weight                                            \u200f                                            :                                            \u200e                                            800 g   <br \/> Manufacturer                                            \u200f                                            :                                            \u200e                                            Meden   <br \/> ASIN                                            \u200f                                            :                                            \u200e                                            B07YNWSZYD   <br \/>  Customer reviews:                                                                                            3.3               3.3 out of 5 stars                                  (24)                                              var dpAcrHasRegisteredArcLinkClickAction;                    P.when(&#8218;A&#8216;, &#8218;ready&#8216;).execute(function(A) {                        if (dpAcrHasRegisteredArcLinkClickAction !== true) {                            dpAcrHasRegisteredArcLinkClickAction = true;                            A.declarative(                                &#8218;acrLink-click-metrics&#8216;, &#8218;click&#8216;,                                { &#8222;allowLinkDefault&#8220;: true },                                function (event) {                                    if (window.ue) {                                        ue.count(&#8222;acrLinkClickCount&#8220;, (ue.count(&#8222;acrLinkClickCount&#8220;) || 0) + 1);                                    }                                }                            );                        }                    });                                             P.when(&#8218;A&#8216;, &#8218;cf&#8216;).execute(function(A) {                A.declarative(&#8218;acrStarsLink-click-metrics&#8216;, &#8218;click&#8216;, { &#8222;allowLinkDefault&#8220; : true },  function(event){                    if(window.ue) {                        ue.count(&#8222;acrStarsLinkWithPopoverClickCount&#8220;, (ue.count(&#8222;acrStarsLinkWithPopoverClickCount&#8220;) || 0) + 1);                    }                });            });                          <br \/>Raw honeycombs made from wild flowers<br \/>Honeycomb structure comes from flower honey. It is very light in color with a delicate orange flavor, yet sturdy in texture<br \/>Raw honeycombs made from wild flowers, made by our bees in clean mountain areas where our beekeepers are located. We do not heat or go the honey, it is 100% raw honey.<br \/>100% Pure Raw Unpasteurized Honeycomb<br \/>Unheated, unprocessed, unfiltered, 800 g raw honeycomb<\/p>\n\n","protected":false},"excerpt":{"rendered":"<p>Product Description Reine Rohwabe, 700 g. Gewicht der gro\u00dfen Wabe: 700 g. Was ist Waben? Honeycomb ist ein Cluster von sich wiederholenden sechseckigen Bienenwachszellen, die das Innere eines Honigbienenstocks f\u00fcllen. Obwohl ausreichend ist, stellt diese Definition mehr Fragen auf, als sie tats\u00e4chlich beantwortet. Werfen wir einen genaueren Blick auf diese wundersame Substanz und ihr geniales [&hellip;]<\/p>\n","protected":false},"featured_media":2268,"comment_status":"open","ping_status":"closed","template":"","meta":{"_aipt_faq_data":""},"store":[],"product_brand":[88],"product_cat":[40],"product_tag":[159],"class_list":{"0":"post-2267","1":"product","2":"type-product","3":"status-publish","4":"has-post-thumbnail","6":"product_brand-meden","7":"product_cat-bio-roher-honig","8":"product_tag-bio-roher-honig-im-glas","10":"first","11":"instock","12":"shipping-taxable","13":"product-type-external"},"yoast_head":"<!-- This site is optimized with the Yoast SEO plugin v27.4 - https:\/\/yoast.com\/product\/yoast-seo-wordpress\/ -->\n<title>Pure Raw Honey Combs Raw Honey Unprocessed Limited Quantity 800g - PureHiveHoney<\/title>\n<meta name=\"description\" content=\"Entdecken Sie hochwertigen Rohhonig, Bio Honig, Manuka Honig und nat\u00fcrliche Bienenprodukte. PureHiveHoney hilft Ihnen dabei, sorgf\u00e4ltig ausgew\u00e4hlte Honigsorten mit nat\u00fcrlicher Qualit\u00e4t und Reinheit zu entdecken.\" \/>\n<meta name=\"robots\" content=\"index, follow, max-snippet:-1, max-image-preview:large, max-video-preview:-1\" \/>\n<link rel=\"canonical\" href=\"https:\/\/purehivehoney.com\/de\/product\/pure-raw-honey-combs-raw-honey-unprocessed-limited-quantity-800g\/\" \/>\n<meta property=\"og:locale\" content=\"de_DE\" \/>\n<meta property=\"og:type\" content=\"article\" \/>\n<meta property=\"og:title\" content=\"Pure Raw Honey Combs Raw Honey Unprocessed Limited Quantity 800g - PureHiveHoney\" \/>\n<meta property=\"og:description\" content=\"Entdecken Sie hochwertigen Rohhonig, Bio Honig, Manuka Honig und nat\u00fcrliche Bienenprodukte. PureHiveHoney hilft Ihnen dabei, sorgf\u00e4ltig ausgew\u00e4hlte Honigsorten mit nat\u00fcrlicher Qualit\u00e4t und Reinheit zu entdecken.\" \/>\n<meta property=\"og:url\" content=\"https:\/\/purehivehoney.com\/de\/product\/pure-raw-honey-combs-raw-honey-unprocessed-limited-quantity-800g\/\" \/>\n<meta property=\"og:site_name\" content=\"PureHiveHoney\" \/>\n<meta property=\"article:modified_time\" content=\"2026-03-31T07:36:03+00:00\" \/>\n<meta property=\"og:image\" content=\"https:\/\/images-na.ssl-images-amazon.com\/images\/G\/01\/x-locale\/common\/grey-pixel.gif\" \/>\n<meta name=\"twitter:card\" content=\"summary_large_image\" \/>\n<meta name=\"twitter:label1\" content=\"Gesch\u00e4tzte Lesezeit\" \/>\n\t<meta name=\"twitter:data1\" content=\"3\u00a0Minuten\" \/>\n<script type=\"application\/ld+json\" class=\"yoast-schema-graph\">{\"@context\":\"https:\\\/\\\/schema.org\",\"@graph\":[{\"@type\":\"WebPage\",\"@id\":\"https:\\\/\\\/purehivehoney.com\\\/de\\\/product\\\/pure-raw-honey-combs-raw-honey-unprocessed-limited-quantity-800g\\\/\",\"url\":\"https:\\\/\\\/purehivehoney.com\\\/de\\\/product\\\/pure-raw-honey-combs-raw-honey-unprocessed-limited-quantity-800g\\\/\",\"name\":\"Pure Raw Honey Combs Raw Honey Unprocessed Limited Quantity 800g - PureHiveHoney\",\"isPartOf\":{\"@id\":\"https:\\\/\\\/purehivehoney.com\\\/de\\\/#website\"},\"primaryImageOfPage\":{\"@id\":\"https:\\\/\\\/purehivehoney.com\\\/de\\\/product\\\/pure-raw-honey-combs-raw-honey-unprocessed-limited-quantity-800g\\\/#primaryimage\"},\"image\":{\"@id\":\"https:\\\/\\\/purehivehoney.com\\\/de\\\/product\\\/pure-raw-honey-combs-raw-honey-unprocessed-limited-quantity-800g\\\/#primaryimage\"},\"thumbnailUrl\":\"https:\\\/\\\/purehivehoney.com\\\/de\\\/wp-content\\\/uploads\\\/2026\\\/03\\\/1774942552_81UWxMQyTtL._SL1500_.jpg\",\"datePublished\":\"2026-03-31T07:35:51+00:00\",\"dateModified\":\"2026-03-31T07:36:03+00:00\",\"description\":\"Entdecken Sie hochwertigen Rohhonig, Bio Honig, Manuka Honig und nat\u00fcrliche Bienenprodukte. PureHiveHoney hilft Ihnen dabei, sorgf\u00e4ltig ausgew\u00e4hlte Honigsorten mit nat\u00fcrlicher Qualit\u00e4t und Reinheit zu entdecken.\",\"breadcrumb\":{\"@id\":\"https:\\\/\\\/purehivehoney.com\\\/de\\\/product\\\/pure-raw-honey-combs-raw-honey-unprocessed-limited-quantity-800g\\\/#breadcrumb\"},\"inLanguage\":\"de\",\"potentialAction\":[{\"@type\":\"ReadAction\",\"target\":[\"https:\\\/\\\/purehivehoney.com\\\/de\\\/product\\\/pure-raw-honey-combs-raw-honey-unprocessed-limited-quantity-800g\\\/\"]}]},{\"@type\":\"ImageObject\",\"inLanguage\":\"de\",\"@id\":\"https:\\\/\\\/purehivehoney.com\\\/de\\\/product\\\/pure-raw-honey-combs-raw-honey-unprocessed-limited-quantity-800g\\\/#primaryimage\",\"url\":\"https:\\\/\\\/purehivehoney.com\\\/de\\\/wp-content\\\/uploads\\\/2026\\\/03\\\/1774942552_81UWxMQyTtL._SL1500_.jpg\",\"contentUrl\":\"https:\\\/\\\/purehivehoney.com\\\/de\\\/wp-content\\\/uploads\\\/2026\\\/03\\\/1774942552_81UWxMQyTtL._SL1500_.jpg\",\"width\":1500,\"height\":1500},{\"@type\":\"BreadcrumbList\",\"@id\":\"https:\\\/\\\/purehivehoney.com\\\/de\\\/product\\\/pure-raw-honey-combs-raw-honey-unprocessed-limited-quantity-800g\\\/#breadcrumb\",\"itemListElement\":[{\"@type\":\"ListItem\",\"position\":1,\"name\":\"Home\",\"item\":\"https:\\\/\\\/purehivehoney.com\\\/de\\\/\"},{\"@type\":\"ListItem\",\"position\":2,\"name\":\"Shop\",\"item\":\"https:\\\/\\\/purehivehoney.com\\\/de\\\/shop\\\/\"},{\"@type\":\"ListItem\",\"position\":3,\"name\":\"Pure Raw Honey Combs Raw Honey Unpr...\"}]},{\"@type\":\"WebSite\",\"@id\":\"https:\\\/\\\/purehivehoney.com\\\/de\\\/#website\",\"url\":\"https:\\\/\\\/purehivehoney.com\\\/de\\\/\",\"name\":\"PureHiveHoney\",\"description\":\"Reiner Honig &amp; Bienenprodukte Online | Rohhonig, Bio Honig &amp; Spezialhonig\",\"publisher\":{\"@id\":\"https:\\\/\\\/purehivehoney.com\\\/de\\\/#organization\"},\"potentialAction\":[{\"@type\":\"SearchAction\",\"target\":{\"@type\":\"EntryPoint\",\"urlTemplate\":\"https:\\\/\\\/purehivehoney.com\\\/de\\\/?s={search_term_string}\"},\"query-input\":{\"@type\":\"PropertyValueSpecification\",\"valueRequired\":true,\"valueName\":\"search_term_string\"}}],\"inLanguage\":\"de\"},{\"@type\":\"Organization\",\"@id\":\"https:\\\/\\\/purehivehoney.com\\\/de\\\/#organization\",\"name\":\"PureHiveHoney\",\"url\":\"https:\\\/\\\/purehivehoney.com\\\/de\\\/\",\"logo\":{\"@type\":\"ImageObject\",\"inLanguage\":\"de\",\"@id\":\"https:\\\/\\\/purehivehoney.com\\\/de\\\/#\\\/schema\\\/logo\\\/image\\\/\",\"url\":\"https:\\\/\\\/purehivehoney.com\\\/de\\\/wp-content\\\/uploads\\\/2026\\\/03\\\/Screenshot-2026-03-16-at-1.06.01-AM.png\",\"contentUrl\":\"https:\\\/\\\/purehivehoney.com\\\/de\\\/wp-content\\\/uploads\\\/2026\\\/03\\\/Screenshot-2026-03-16-at-1.06.01-AM.png\",\"width\":2112,\"height\":1086,\"caption\":\"PureHiveHoney\"},\"image\":{\"@id\":\"https:\\\/\\\/purehivehoney.com\\\/de\\\/#\\\/schema\\\/logo\\\/image\\\/\"}}]}<\/script>\n<!-- \/ Yoast SEO plugin. -->","yoast_head_json":{"title":"Pure Raw Honey Combs Raw Honey Unprocessed Limited Quantity 800g - PureHiveHoney","description":"Entdecken Sie hochwertigen Rohhonig, Bio Honig, Manuka Honig und nat\u00fcrliche Bienenprodukte. PureHiveHoney hilft Ihnen dabei, sorgf\u00e4ltig ausgew\u00e4hlte Honigsorten mit nat\u00fcrlicher Qualit\u00e4t und Reinheit zu entdecken.","robots":{"index":"index","follow":"follow","max-snippet":"max-snippet:-1","max-image-preview":"max-image-preview:large","max-video-preview":"max-video-preview:-1"},"canonical":"https:\/\/purehivehoney.com\/de\/product\/pure-raw-honey-combs-raw-honey-unprocessed-limited-quantity-800g\/","og_locale":"de_DE","og_type":"article","og_title":"Pure Raw Honey Combs Raw Honey Unprocessed Limited Quantity 800g - PureHiveHoney","og_description":"Entdecken Sie hochwertigen Rohhonig, Bio Honig, Manuka Honig und nat\u00fcrliche Bienenprodukte. PureHiveHoney hilft Ihnen dabei, sorgf\u00e4ltig ausgew\u00e4hlte Honigsorten mit nat\u00fcrlicher Qualit\u00e4t und Reinheit zu entdecken.","og_url":"https:\/\/purehivehoney.com\/de\/product\/pure-raw-honey-combs-raw-honey-unprocessed-limited-quantity-800g\/","og_site_name":"PureHiveHoney","article_modified_time":"2026-03-31T07:36:03+00:00","og_image":[{"url":"https:\/\/images-na.ssl-images-amazon.com\/images\/G\/01\/x-locale\/common\/grey-pixel.gif","type":"","width":"","height":""}],"twitter_card":"summary_large_image","twitter_misc":{"Gesch\u00e4tzte Lesezeit":"3\u00a0Minuten"},"schema":{"@context":"https:\/\/schema.org","@graph":[{"@type":"WebPage","@id":"https:\/\/purehivehoney.com\/de\/product\/pure-raw-honey-combs-raw-honey-unprocessed-limited-quantity-800g\/","url":"https:\/\/purehivehoney.com\/de\/product\/pure-raw-honey-combs-raw-honey-unprocessed-limited-quantity-800g\/","name":"Pure Raw Honey Combs Raw Honey Unprocessed Limited Quantity 800g - PureHiveHoney","isPartOf":{"@id":"https:\/\/purehivehoney.com\/de\/#website"},"primaryImageOfPage":{"@id":"https:\/\/purehivehoney.com\/de\/product\/pure-raw-honey-combs-raw-honey-unprocessed-limited-quantity-800g\/#primaryimage"},"image":{"@id":"https:\/\/purehivehoney.com\/de\/product\/pure-raw-honey-combs-raw-honey-unprocessed-limited-quantity-800g\/#primaryimage"},"thumbnailUrl":"https:\/\/purehivehoney.com\/de\/wp-content\/uploads\/2026\/03\/1774942552_81UWxMQyTtL._SL1500_.jpg","datePublished":"2026-03-31T07:35:51+00:00","dateModified":"2026-03-31T07:36:03+00:00","description":"Entdecken Sie hochwertigen Rohhonig, Bio Honig, Manuka Honig und nat\u00fcrliche Bienenprodukte. PureHiveHoney hilft Ihnen dabei, sorgf\u00e4ltig ausgew\u00e4hlte Honigsorten mit nat\u00fcrlicher Qualit\u00e4t und Reinheit zu entdecken.","breadcrumb":{"@id":"https:\/\/purehivehoney.com\/de\/product\/pure-raw-honey-combs-raw-honey-unprocessed-limited-quantity-800g\/#breadcrumb"},"inLanguage":"de","potentialAction":[{"@type":"ReadAction","target":["https:\/\/purehivehoney.com\/de\/product\/pure-raw-honey-combs-raw-honey-unprocessed-limited-quantity-800g\/"]}]},{"@type":"ImageObject","inLanguage":"de","@id":"https:\/\/purehivehoney.com\/de\/product\/pure-raw-honey-combs-raw-honey-unprocessed-limited-quantity-800g\/#primaryimage","url":"https:\/\/purehivehoney.com\/de\/wp-content\/uploads\/2026\/03\/1774942552_81UWxMQyTtL._SL1500_.jpg","contentUrl":"https:\/\/purehivehoney.com\/de\/wp-content\/uploads\/2026\/03\/1774942552_81UWxMQyTtL._SL1500_.jpg","width":1500,"height":1500},{"@type":"BreadcrumbList","@id":"https:\/\/purehivehoney.com\/de\/product\/pure-raw-honey-combs-raw-honey-unprocessed-limited-quantity-800g\/#breadcrumb","itemListElement":[{"@type":"ListItem","position":1,"name":"Home","item":"https:\/\/purehivehoney.com\/de\/"},{"@type":"ListItem","position":2,"name":"Shop","item":"https:\/\/purehivehoney.com\/de\/shop\/"},{"@type":"ListItem","position":3,"name":"Pure Raw Honey Combs Raw Honey Unpr..."}]},{"@type":"WebSite","@id":"https:\/\/purehivehoney.com\/de\/#website","url":"https:\/\/purehivehoney.com\/de\/","name":"PureHiveHoney","description":"Reiner Honig &amp; Bienenprodukte Online | Rohhonig, Bio Honig &amp; Spezialhonig","publisher":{"@id":"https:\/\/purehivehoney.com\/de\/#organization"},"potentialAction":[{"@type":"SearchAction","target":{"@type":"EntryPoint","urlTemplate":"https:\/\/purehivehoney.com\/de\/?s={search_term_string}"},"query-input":{"@type":"PropertyValueSpecification","valueRequired":true,"valueName":"search_term_string"}}],"inLanguage":"de"},{"@type":"Organization","@id":"https:\/\/purehivehoney.com\/de\/#organization","name":"PureHiveHoney","url":"https:\/\/purehivehoney.com\/de\/","logo":{"@type":"ImageObject","inLanguage":"de","@id":"https:\/\/purehivehoney.com\/de\/#\/schema\/logo\/image\/","url":"https:\/\/purehivehoney.com\/de\/wp-content\/uploads\/2026\/03\/Screenshot-2026-03-16-at-1.06.01-AM.png","contentUrl":"https:\/\/purehivehoney.com\/de\/wp-content\/uploads\/2026\/03\/Screenshot-2026-03-16-at-1.06.01-AM.png","width":2112,"height":1086,"caption":"PureHiveHoney"},"image":{"@id":"https:\/\/purehivehoney.com\/de\/#\/schema\/logo\/image\/"}}]}},"_links":{"self":[{"href":"https:\/\/purehivehoney.com\/de\/wp-json\/wp\/v2\/product\/2267","targetHints":{"allow":["GET"]}}],"collection":[{"href":"https:\/\/purehivehoney.com\/de\/wp-json\/wp\/v2\/product"}],"about":[{"href":"https:\/\/purehivehoney.com\/de\/wp-json\/wp\/v2\/types\/product"}],"replies":[{"embeddable":true,"href":"https:\/\/purehivehoney.com\/de\/wp-json\/wp\/v2\/comments?post=2267"}],"wp:featuredmedia":[{"embeddable":true,"href":"https:\/\/purehivehoney.com\/de\/wp-json\/wp\/v2\/media\/2268"}],"wp:attachment":[{"href":"https:\/\/purehivehoney.com\/de\/wp-json\/wp\/v2\/media?parent=2267"}],"wp:term":[{"taxonomy":"store","embeddable":true,"href":"https:\/\/purehivehoney.com\/de\/wp-json\/wp\/v2\/store?post=2267"},{"taxonomy":"product_brand","embeddable":true,"href":"https:\/\/purehivehoney.com\/de\/wp-json\/wp\/v2\/product_brand?post=2267"},{"taxonomy":"product_cat","embeddable":true,"href":"https:\/\/purehivehoney.com\/de\/wp-json\/wp\/v2\/product_cat?post=2267"},{"taxonomy":"product_tag","embeddable":true,"href":"https:\/\/purehivehoney.com\/de\/wp-json\/wp\/v2\/product_tag?post=2267"}],"curies":[{"name":"wp","href":"https:\/\/api.w.org\/{rel}","templated":true}]}}