{"id":2263,"date":"2026-03-30T19:54:25","date_gmt":"2026-03-30T19:54:25","guid":{"rendered":"https:\/\/purehivehoney.com\/de\/product\/mild-brandy-style-aroma-essence-250ml-20g-french-oak-chips-alcohol-free-aroma-for-vodka\/"},"modified":"2026-03-30T19:54:30","modified_gmt":"2026-03-30T19:54:30","slug":"mild-brandy-style-aroma-essence-250ml-20g-french-oak-chips-alcohol-free-aroma-for-vodka","status":"publish","type":"product","link":"https:\/\/purehivehoney.com\/de\/product\/mild-brandy-style-aroma-essence-250ml-20g-french-oak-chips-alcohol-free-aroma-for-vodka\/","title":{"rendered":"Mild Brandy Style Aroma Essence 250..."},"content":{"rendered":"<p>    <span>Mild brandy style aroma essence 250 ml + 20 g French oak chips combines elegant fruit notes of plums, figs and raisins with a fine honey and vanilla sweetness. Subtle nut flavors and hints of roasted almonds add extra depth. <br \/>A light oak undertone adds complexity, while the gentle, velvety texture is rounded off with a mild spicy finish &#8211; perfect for fine drinks at home. <br \/>This alcohol-free extract is versatile: for making vodkaba-based spirits, for refining cocktails or even for desserts. Each 250 ml bottle is enough for up to 7.5 litres. <br \/>Preparation: For 750 ml of vodka (40% or stronger), add 25 ml of essence, shake and leave for 24 hours. <br \/>Includes: 20g French oak chips for simulating barrel ageing at home.<\/span>    <br \/>Warm fruit notes &#8211; hints of dried plums, figs and raisins<br \/>Honey &#038; Vanilla &#8211; Subtle sweetness with smooth depth<br \/>Nutty accents &#8211; Refined by notes of almonds and nuts<br \/>Light oak tone &#8211; gentle barrel notes for balance and complexity<br \/>Gentle &#038; Spicy &#8211; Soft, velvety texture with light spice<br \/>High yield: 250 ml is enough for up to 7.5 litres of spirit<br \/>Includes oak chips &#8211; 20g French oak chips for barrel ageing at home<\/p>\n\n","protected":false},"excerpt":{"rendered":"<p>Mild brandy style aroma essence 250 ml + 20 g French oak chips combines elegant fruit notes of plums, figs and raisins with a fine honey and vanilla sweetness. Subtle nut flavors and hints of roasted almonds add extra depth. A light oak undertone adds complexity, while the gentle, velvety texture is rounded off with [&hellip;]<\/p>\n","protected":false},"featured_media":2264,"comment_status":"open","ping_status":"closed","template":"","meta":{"_aipt_faq_data":""},"store":[],"product_brand":[],"product_cat":[53],"product_tag":[106],"class_list":{"0":"post-2263","1":"product","2":"type-product","3":"status-publish","4":"has-post-thumbnail","6":"product_cat-vanille-honig","7":"product_tag-vanille-honig-glas","9":"first","10":"instock","11":"shipping-taxable","12":"product-type-external"},"yoast_head":"<!-- This site is optimized with the Yoast SEO plugin v27.4 - https:\/\/yoast.com\/product\/yoast-seo-wordpress\/ -->\n<title>Mild Brandy Style Aroma Essence 250ml + 20g French Oak Chips - Alcohol-free Aroma for Vodka - PureHiveHoney<\/title>\n<meta name=\"description\" content=\"Entdecken Sie hochwertigen Rohhonig, Bio Honig, Manuka Honig und nat\u00fcrliche Bienenprodukte. PureHiveHoney hilft Ihnen dabei, sorgf\u00e4ltig ausgew\u00e4hlte Honigsorten mit nat\u00fcrlicher Qualit\u00e4t und Reinheit zu entdecken.\" \/>\n<meta name=\"robots\" content=\"index, follow, max-snippet:-1, max-image-preview:large, max-video-preview:-1\" \/>\n<link rel=\"canonical\" href=\"https:\/\/purehivehoney.com\/de\/product\/mild-brandy-style-aroma-essence-250ml-20g-french-oak-chips-alcohol-free-aroma-for-vodka\/\" \/>\n<meta property=\"og:locale\" content=\"de_DE\" \/>\n<meta property=\"og:type\" content=\"article\" \/>\n<meta property=\"og:title\" content=\"Mild Brandy Style Aroma Essence 250ml + 20g French Oak Chips - Alcohol-free Aroma for Vodka - PureHiveHoney\" \/>\n<meta property=\"og:description\" content=\"Entdecken Sie hochwertigen Rohhonig, Bio Honig, Manuka Honig und nat\u00fcrliche Bienenprodukte. PureHiveHoney hilft Ihnen dabei, sorgf\u00e4ltig ausgew\u00e4hlte Honigsorten mit nat\u00fcrlicher Qualit\u00e4t und Reinheit zu entdecken.\" \/>\n<meta property=\"og:url\" content=\"https:\/\/purehivehoney.com\/de\/product\/mild-brandy-style-aroma-essence-250ml-20g-french-oak-chips-alcohol-free-aroma-for-vodka\/\" \/>\n<meta property=\"og:site_name\" content=\"PureHiveHoney\" \/>\n<meta property=\"article:modified_time\" content=\"2026-03-30T19:54:30+00:00\" \/>\n<meta name=\"twitter:card\" content=\"summary_large_image\" \/>\n<meta name=\"twitter:label1\" content=\"Gesch\u00e4tzte Lesezeit\" \/>\n\t<meta name=\"twitter:data1\" content=\"1\u00a0Minute\" \/>\n<script type=\"application\/ld+json\" class=\"yoast-schema-graph\">{\"@context\":\"https:\\\/\\\/schema.org\",\"@graph\":[{\"@type\":\"WebPage\",\"@id\":\"https:\\\/\\\/purehivehoney.com\\\/de\\\/product\\\/mild-brandy-style-aroma-essence-250ml-20g-french-oak-chips-alcohol-free-aroma-for-vodka\\\/\",\"url\":\"https:\\\/\\\/purehivehoney.com\\\/de\\\/product\\\/mild-brandy-style-aroma-essence-250ml-20g-french-oak-chips-alcohol-free-aroma-for-vodka\\\/\",\"name\":\"Mild Brandy Style Aroma Essence 250ml + 20g French Oak Chips - Alcohol-free Aroma for Vodka - PureHiveHoney\",\"isPartOf\":{\"@id\":\"https:\\\/\\\/purehivehoney.com\\\/de\\\/#website\"},\"primaryImageOfPage\":{\"@id\":\"https:\\\/\\\/purehivehoney.com\\\/de\\\/product\\\/mild-brandy-style-aroma-essence-250ml-20g-french-oak-chips-alcohol-free-aroma-for-vodka\\\/#primaryimage\"},\"image\":{\"@id\":\"https:\\\/\\\/purehivehoney.com\\\/de\\\/product\\\/mild-brandy-style-aroma-essence-250ml-20g-french-oak-chips-alcohol-free-aroma-for-vodka\\\/#primaryimage\"},\"thumbnailUrl\":\"https:\\\/\\\/purehivehoney.com\\\/de\\\/wp-content\\\/uploads\\\/2026\\\/03\\\/51e5OwwisPL._AC_SL1080_.jpg\",\"datePublished\":\"2026-03-30T19:54:25+00:00\",\"dateModified\":\"2026-03-30T19:54:30+00:00\",\"description\":\"Entdecken Sie hochwertigen Rohhonig, Bio Honig, Manuka Honig und nat\u00fcrliche Bienenprodukte. PureHiveHoney hilft Ihnen dabei, sorgf\u00e4ltig ausgew\u00e4hlte Honigsorten mit nat\u00fcrlicher Qualit\u00e4t und Reinheit zu entdecken.\",\"breadcrumb\":{\"@id\":\"https:\\\/\\\/purehivehoney.com\\\/de\\\/product\\\/mild-brandy-style-aroma-essence-250ml-20g-french-oak-chips-alcohol-free-aroma-for-vodka\\\/#breadcrumb\"},\"inLanguage\":\"de\",\"potentialAction\":[{\"@type\":\"ReadAction\",\"target\":[\"https:\\\/\\\/purehivehoney.com\\\/de\\\/product\\\/mild-brandy-style-aroma-essence-250ml-20g-french-oak-chips-alcohol-free-aroma-for-vodka\\\/\"]}]},{\"@type\":\"ImageObject\",\"inLanguage\":\"de\",\"@id\":\"https:\\\/\\\/purehivehoney.com\\\/de\\\/product\\\/mild-brandy-style-aroma-essence-250ml-20g-french-oak-chips-alcohol-free-aroma-for-vodka\\\/#primaryimage\",\"url\":\"https:\\\/\\\/purehivehoney.com\\\/de\\\/wp-content\\\/uploads\\\/2026\\\/03\\\/51e5OwwisPL._AC_SL1080_.jpg\",\"contentUrl\":\"https:\\\/\\\/purehivehoney.com\\\/de\\\/wp-content\\\/uploads\\\/2026\\\/03\\\/51e5OwwisPL._AC_SL1080_.jpg\",\"width\":743,\"height\":1038},{\"@type\":\"BreadcrumbList\",\"@id\":\"https:\\\/\\\/purehivehoney.com\\\/de\\\/product\\\/mild-brandy-style-aroma-essence-250ml-20g-french-oak-chips-alcohol-free-aroma-for-vodka\\\/#breadcrumb\",\"itemListElement\":[{\"@type\":\"ListItem\",\"position\":1,\"name\":\"Home\",\"item\":\"https:\\\/\\\/purehivehoney.com\\\/de\\\/\"},{\"@type\":\"ListItem\",\"position\":2,\"name\":\"Shop\",\"item\":\"https:\\\/\\\/purehivehoney.com\\\/de\\\/shop\\\/\"},{\"@type\":\"ListItem\",\"position\":3,\"name\":\"Mild Brandy Style Aroma Essence 250...\"}]},{\"@type\":\"WebSite\",\"@id\":\"https:\\\/\\\/purehivehoney.com\\\/de\\\/#website\",\"url\":\"https:\\\/\\\/purehivehoney.com\\\/de\\\/\",\"name\":\"PureHiveHoney\",\"description\":\"Reiner Honig &amp; Bienenprodukte Online | Rohhonig, Bio Honig &amp; Spezialhonig\",\"publisher\":{\"@id\":\"https:\\\/\\\/purehivehoney.com\\\/de\\\/#organization\"},\"potentialAction\":[{\"@type\":\"SearchAction\",\"target\":{\"@type\":\"EntryPoint\",\"urlTemplate\":\"https:\\\/\\\/purehivehoney.com\\\/de\\\/?s={search_term_string}\"},\"query-input\":{\"@type\":\"PropertyValueSpecification\",\"valueRequired\":true,\"valueName\":\"search_term_string\"}}],\"inLanguage\":\"de\"},{\"@type\":\"Organization\",\"@id\":\"https:\\\/\\\/purehivehoney.com\\\/de\\\/#organization\",\"name\":\"PureHiveHoney\",\"url\":\"https:\\\/\\\/purehivehoney.com\\\/de\\\/\",\"logo\":{\"@type\":\"ImageObject\",\"inLanguage\":\"de\",\"@id\":\"https:\\\/\\\/purehivehoney.com\\\/de\\\/#\\\/schema\\\/logo\\\/image\\\/\",\"url\":\"https:\\\/\\\/purehivehoney.com\\\/de\\\/wp-content\\\/uploads\\\/2026\\\/03\\\/Screenshot-2026-03-16-at-1.06.01-AM.png\",\"contentUrl\":\"https:\\\/\\\/purehivehoney.com\\\/de\\\/wp-content\\\/uploads\\\/2026\\\/03\\\/Screenshot-2026-03-16-at-1.06.01-AM.png\",\"width\":2112,\"height\":1086,\"caption\":\"PureHiveHoney\"},\"image\":{\"@id\":\"https:\\\/\\\/purehivehoney.com\\\/de\\\/#\\\/schema\\\/logo\\\/image\\\/\"}}]}<\/script>\n<!-- \/ Yoast SEO plugin. -->","yoast_head_json":{"title":"Mild Brandy Style Aroma Essence 250ml + 20g French Oak Chips - Alcohol-free Aroma for Vodka - PureHiveHoney","description":"Entdecken Sie hochwertigen Rohhonig, Bio Honig, Manuka Honig und nat\u00fcrliche Bienenprodukte. PureHiveHoney hilft Ihnen dabei, sorgf\u00e4ltig ausgew\u00e4hlte Honigsorten mit nat\u00fcrlicher Qualit\u00e4t und Reinheit zu entdecken.","robots":{"index":"index","follow":"follow","max-snippet":"max-snippet:-1","max-image-preview":"max-image-preview:large","max-video-preview":"max-video-preview:-1"},"canonical":"https:\/\/purehivehoney.com\/de\/product\/mild-brandy-style-aroma-essence-250ml-20g-french-oak-chips-alcohol-free-aroma-for-vodka\/","og_locale":"de_DE","og_type":"article","og_title":"Mild Brandy Style Aroma Essence 250ml + 20g French Oak Chips - Alcohol-free Aroma for Vodka - PureHiveHoney","og_description":"Entdecken Sie hochwertigen Rohhonig, Bio Honig, Manuka Honig und nat\u00fcrliche Bienenprodukte. PureHiveHoney hilft Ihnen dabei, sorgf\u00e4ltig ausgew\u00e4hlte Honigsorten mit nat\u00fcrlicher Qualit\u00e4t und Reinheit zu entdecken.","og_url":"https:\/\/purehivehoney.com\/de\/product\/mild-brandy-style-aroma-essence-250ml-20g-french-oak-chips-alcohol-free-aroma-for-vodka\/","og_site_name":"PureHiveHoney","article_modified_time":"2026-03-30T19:54:30+00:00","twitter_card":"summary_large_image","twitter_misc":{"Gesch\u00e4tzte Lesezeit":"1\u00a0Minute"},"schema":{"@context":"https:\/\/schema.org","@graph":[{"@type":"WebPage","@id":"https:\/\/purehivehoney.com\/de\/product\/mild-brandy-style-aroma-essence-250ml-20g-french-oak-chips-alcohol-free-aroma-for-vodka\/","url":"https:\/\/purehivehoney.com\/de\/product\/mild-brandy-style-aroma-essence-250ml-20g-french-oak-chips-alcohol-free-aroma-for-vodka\/","name":"Mild Brandy Style Aroma Essence 250ml + 20g French Oak Chips - Alcohol-free Aroma for Vodka - PureHiveHoney","isPartOf":{"@id":"https:\/\/purehivehoney.com\/de\/#website"},"primaryImageOfPage":{"@id":"https:\/\/purehivehoney.com\/de\/product\/mild-brandy-style-aroma-essence-250ml-20g-french-oak-chips-alcohol-free-aroma-for-vodka\/#primaryimage"},"image":{"@id":"https:\/\/purehivehoney.com\/de\/product\/mild-brandy-style-aroma-essence-250ml-20g-french-oak-chips-alcohol-free-aroma-for-vodka\/#primaryimage"},"thumbnailUrl":"https:\/\/purehivehoney.com\/de\/wp-content\/uploads\/2026\/03\/51e5OwwisPL._AC_SL1080_.jpg","datePublished":"2026-03-30T19:54:25+00:00","dateModified":"2026-03-30T19:54:30+00:00","description":"Entdecken Sie hochwertigen Rohhonig, Bio Honig, Manuka Honig und nat\u00fcrliche Bienenprodukte. PureHiveHoney hilft Ihnen dabei, sorgf\u00e4ltig ausgew\u00e4hlte Honigsorten mit nat\u00fcrlicher Qualit\u00e4t und Reinheit zu entdecken.","breadcrumb":{"@id":"https:\/\/purehivehoney.com\/de\/product\/mild-brandy-style-aroma-essence-250ml-20g-french-oak-chips-alcohol-free-aroma-for-vodka\/#breadcrumb"},"inLanguage":"de","potentialAction":[{"@type":"ReadAction","target":["https:\/\/purehivehoney.com\/de\/product\/mild-brandy-style-aroma-essence-250ml-20g-french-oak-chips-alcohol-free-aroma-for-vodka\/"]}]},{"@type":"ImageObject","inLanguage":"de","@id":"https:\/\/purehivehoney.com\/de\/product\/mild-brandy-style-aroma-essence-250ml-20g-french-oak-chips-alcohol-free-aroma-for-vodka\/#primaryimage","url":"https:\/\/purehivehoney.com\/de\/wp-content\/uploads\/2026\/03\/51e5OwwisPL._AC_SL1080_.jpg","contentUrl":"https:\/\/purehivehoney.com\/de\/wp-content\/uploads\/2026\/03\/51e5OwwisPL._AC_SL1080_.jpg","width":743,"height":1038},{"@type":"BreadcrumbList","@id":"https:\/\/purehivehoney.com\/de\/product\/mild-brandy-style-aroma-essence-250ml-20g-french-oak-chips-alcohol-free-aroma-for-vodka\/#breadcrumb","itemListElement":[{"@type":"ListItem","position":1,"name":"Home","item":"https:\/\/purehivehoney.com\/de\/"},{"@type":"ListItem","position":2,"name":"Shop","item":"https:\/\/purehivehoney.com\/de\/shop\/"},{"@type":"ListItem","position":3,"name":"Mild Brandy Style Aroma Essence 250..."}]},{"@type":"WebSite","@id":"https:\/\/purehivehoney.com\/de\/#website","url":"https:\/\/purehivehoney.com\/de\/","name":"PureHiveHoney","description":"Reiner Honig &amp; Bienenprodukte Online | Rohhonig, Bio Honig &amp; Spezialhonig","publisher":{"@id":"https:\/\/purehivehoney.com\/de\/#organization"},"potentialAction":[{"@type":"SearchAction","target":{"@type":"EntryPoint","urlTemplate":"https:\/\/purehivehoney.com\/de\/?s={search_term_string}"},"query-input":{"@type":"PropertyValueSpecification","valueRequired":true,"valueName":"search_term_string"}}],"inLanguage":"de"},{"@type":"Organization","@id":"https:\/\/purehivehoney.com\/de\/#organization","name":"PureHiveHoney","url":"https:\/\/purehivehoney.com\/de\/","logo":{"@type":"ImageObject","inLanguage":"de","@id":"https:\/\/purehivehoney.com\/de\/#\/schema\/logo\/image\/","url":"https:\/\/purehivehoney.com\/de\/wp-content\/uploads\/2026\/03\/Screenshot-2026-03-16-at-1.06.01-AM.png","contentUrl":"https:\/\/purehivehoney.com\/de\/wp-content\/uploads\/2026\/03\/Screenshot-2026-03-16-at-1.06.01-AM.png","width":2112,"height":1086,"caption":"PureHiveHoney"},"image":{"@id":"https:\/\/purehivehoney.com\/de\/#\/schema\/logo\/image\/"}}]}},"_links":{"self":[{"href":"https:\/\/purehivehoney.com\/de\/wp-json\/wp\/v2\/product\/2263","targetHints":{"allow":["GET"]}}],"collection":[{"href":"https:\/\/purehivehoney.com\/de\/wp-json\/wp\/v2\/product"}],"about":[{"href":"https:\/\/purehivehoney.com\/de\/wp-json\/wp\/v2\/types\/product"}],"replies":[{"embeddable":true,"href":"https:\/\/purehivehoney.com\/de\/wp-json\/wp\/v2\/comments?post=2263"}],"wp:featuredmedia":[{"embeddable":true,"href":"https:\/\/purehivehoney.com\/de\/wp-json\/wp\/v2\/media\/2264"}],"wp:attachment":[{"href":"https:\/\/purehivehoney.com\/de\/wp-json\/wp\/v2\/media?parent=2263"}],"wp:term":[{"taxonomy":"store","embeddable":true,"href":"https:\/\/purehivehoney.com\/de\/wp-json\/wp\/v2\/store?post=2263"},{"taxonomy":"product_brand","embeddable":true,"href":"https:\/\/purehivehoney.com\/de\/wp-json\/wp\/v2\/product_brand?post=2263"},{"taxonomy":"product_cat","embeddable":true,"href":"https:\/\/purehivehoney.com\/de\/wp-json\/wp\/v2\/product_cat?post=2263"},{"taxonomy":"product_tag","embeddable":true,"href":"https:\/\/purehivehoney.com\/de\/wp-json\/wp\/v2\/product_tag?post=2263"}],"curies":[{"name":"wp","href":"https:\/\/api.w.org\/{rel}","templated":true}]}}