{"id":2255,"date":"2026-03-28T14:55:45","date_gmt":"2026-03-28T14:55:45","guid":{"rendered":"https:\/\/purehivehoney.com\/de\/product\/strawberry-flavoured-shilajit-honey-sticks-for-women-natural-energy-and-vitality-enhancer-with-shatavari-saffron-hormonal-balance-focus-endurance-support-30-sticks\/"},"modified":"2026-03-28T14:55:58","modified_gmt":"2026-03-28T14:55:58","slug":"strawberry-flavoured-shilajit-honey-sticks-for-women-natural-energy-and-vitality-enhancer-with-shatavari-saffron-hormonal-balance-focus-endurance-support-30-sticks","status":"publish","type":"product","link":"https:\/\/purehivehoney.com\/de\/product\/strawberry-flavoured-shilajit-honey-sticks-for-women-natural-energy-and-vitality-enhancer-with-shatavari-saffron-hormonal-balance-focus-endurance-support-30-sticks\/","title":{"rendered":"Strawberry &#8211; Flavoured Shilaj..."},"content":{"rendered":"<p>    <span>Strawberry &#8211; Flavored Shilajit Honey Sticks for Women | Natural Energy and Vitality Enhancer with Shatavari &#038; Saffron | Hormonal Balance, Focus &#038; Endurance Support | 30 Sticks (1 Pack)<\/span>    <br \/> Package Dimensions                                            \u200f                                            :                                            \u200e                                            6.4 x 6.1 x 6 cm   <br \/> Manufacturer                                            \u200f                                            :                                            \u200e                                            Simply vital   <br \/> ASIN                                            \u200f                                            :                                            \u200e                                            B0FLPGXJZK   <br \/> Country of origin                                            \u200f                                            :                                            \u200e                                            China   <br \/>  Customer reviews:                                                                                            3.6               3.6 out of 5 stars                                  (2)                                              var dpAcrHasRegisteredArcLinkClickAction;                    P.when(&#8218;A&#8216;, &#8218;ready&#8216;).execute(function(A) {                        if (dpAcrHasRegisteredArcLinkClickAction !== true) {                            dpAcrHasRegisteredArcLinkClickAction = true;                            A.declarative(                                &#8218;acrLink-click-metrics&#8216;, &#8218;click&#8216;,                                { &#8222;allowLinkDefault&#8220;: true },                                function (event) {                                    if (window.ue) {                                        ue.count(&#8222;acrLinkClickCount&#8220;, (ue.count(&#8222;acrLinkClickCount&#8220;) || 0) + 1);                                    }                                }                            );                        }                    });                                             P.when(&#8218;A&#8216;, &#8218;cf&#8216;).execute(function(A) {                A.declarative(&#8218;acrStarsLink-click-metrics&#8216;, &#8218;click&#8216;, { &#8222;allowLinkDefault&#8220; : true },  function(event){                    if(window.ue) {                        ue.count(&#8222;acrStarsLinkWithPopoverClickCount&#8220;, (ue.count(&#8222;acrStarsLinkWithPopoverClickCount&#8220;) || 0) + 1);                    }                });            });                          <br \/>TAILORED FOR WOMEN&#8217;S WELL-BEING These honey sticks are carefully designed to increase natural energy levels, support hormonal balance and improve daily vitality in women. They empower modern women to stay sharp, balanced and energetic all day long.<br \/>Ancient &#8211; Inspired Potent Blend: with purified Himalayan shilajit resin and rich raw honey, these strawberry-flavored honey sticks combine old ingredients. This powerful blend has long been recognized for restoring endurance, accelerating metabolism and promoting overall health and well-being.<br \/>Hormone &#038; Mood Optimization: help maintain healthy hormonal function, reduce feelings of fatigue and promote a stable mood and clear mental state. Ideal for improving daily productivity, focus and cognitive performance.<br \/>Synergistic Benefits of Key Substances The unique combination of shilajit and raw honey works to increase focus and concentration, support mental performance, and combat fatigue and mental inertia.<br \/>On &#8211; the &#8211; Go Convenience &#038; Great Taste: Individually packaged and naturally sweetened with organic raw honey, this pack of 30 honey sticks provides comfortable, portable energy and immune support. A safe and delicious wellness choice suitable for women of all ages.<\/p>\n\n","protected":false},"excerpt":{"rendered":"<p>Strawberry &#8211; Flavored Shilajit Honey Sticks for Women | Natural Energy and Vitality Enhancer with Shatavari &#038; Saffron | Hormonal Balance, Focus &#038; Endurance Support | 30 Sticks (1 Pack) Package Dimensions \u200f : \u200e 6.4 x 6.1 x 6 cm Manufacturer \u200f : \u200e Simply vital ASIN \u200f : \u200e B0FLPGXJZK Country of origin [&hellip;]<\/p>\n","protected":false},"featured_media":2256,"comment_status":"open","ping_status":"closed","template":"","meta":{"_aipt_faq_data":""},"store":[],"product_brand":[215],"product_cat":[62],"product_tag":[141],"class_list":{"0":"post-2255","1":"product","2":"type-product","3":"status-publish","4":"has-post-thumbnail","6":"product_brand-simplyvital","7":"product_cat-honig-fur-energie","8":"product_tag-natuerlicher-honig-fuer-energie","10":"first","11":"instock","12":"shipping-taxable","13":"product-type-external"},"yoast_head":"<!-- This site is optimized with the Yoast SEO plugin v27.4 - https:\/\/yoast.com\/product\/yoast-seo-wordpress\/ -->\n<title>Strawberry - Flavoured Shilajit Honey Sticks for Women | Natural Energy and Vitality Enhancer with Shatavari &amp; Saffron | Hormonal Balance, Focus &amp; Endurance Support | 30 Sticks - PureHiveHoney<\/title>\n<meta name=\"description\" content=\"Entdecken Sie hochwertigen Rohhonig, Bio Honig, Manuka Honig und nat\u00fcrliche Bienenprodukte. PureHiveHoney hilft Ihnen dabei, sorgf\u00e4ltig ausgew\u00e4hlte Honigsorten mit nat\u00fcrlicher Qualit\u00e4t und Reinheit zu entdecken.\" \/>\n<meta name=\"robots\" content=\"index, follow, max-snippet:-1, max-image-preview:large, max-video-preview:-1\" \/>\n<link rel=\"canonical\" href=\"https:\/\/purehivehoney.com\/de\/product\/strawberry-flavoured-shilajit-honey-sticks-for-women-natural-energy-and-vitality-enhancer-with-shatavari-saffron-hormonal-balance-focus-endurance-support-30-sticks\/\" \/>\n<meta property=\"og:locale\" content=\"de_DE\" \/>\n<meta property=\"og:type\" content=\"article\" \/>\n<meta property=\"og:title\" content=\"Strawberry - Flavoured Shilajit Honey Sticks for Women | Natural Energy and Vitality Enhancer with Shatavari &amp; Saffron | Hormonal Balance, Focus &amp; Endurance Support | 30 Sticks - PureHiveHoney\" \/>\n<meta property=\"og:description\" content=\"Entdecken Sie hochwertigen Rohhonig, Bio Honig, Manuka Honig und nat\u00fcrliche Bienenprodukte. PureHiveHoney hilft Ihnen dabei, sorgf\u00e4ltig ausgew\u00e4hlte Honigsorten mit nat\u00fcrlicher Qualit\u00e4t und Reinheit zu entdecken.\" \/>\n<meta property=\"og:url\" content=\"https:\/\/purehivehoney.com\/de\/product\/strawberry-flavoured-shilajit-honey-sticks-for-women-natural-energy-and-vitality-enhancer-with-shatavari-saffron-hormonal-balance-focus-endurance-support-30-sticks\/\" \/>\n<meta property=\"og:site_name\" content=\"PureHiveHoney\" \/>\n<meta property=\"article:modified_time\" content=\"2026-03-28T14:55:58+00:00\" \/>\n<meta name=\"twitter:card\" content=\"summary_large_image\" \/>\n<meta name=\"twitter:label1\" content=\"Gesch\u00e4tzte Lesezeit\" \/>\n\t<meta name=\"twitter:data1\" content=\"1\u00a0Minute\" \/>\n<script type=\"application\/ld+json\" class=\"yoast-schema-graph\">{\"@context\":\"https:\\\/\\\/schema.org\",\"@graph\":[{\"@type\":\"WebPage\",\"@id\":\"https:\\\/\\\/purehivehoney.com\\\/de\\\/product\\\/strawberry-flavoured-shilajit-honey-sticks-for-women-natural-energy-and-vitality-enhancer-with-shatavari-saffron-hormonal-balance-focus-endurance-support-30-sticks\\\/\",\"url\":\"https:\\\/\\\/purehivehoney.com\\\/de\\\/product\\\/strawberry-flavoured-shilajit-honey-sticks-for-women-natural-energy-and-vitality-enhancer-with-shatavari-saffron-hormonal-balance-focus-endurance-support-30-sticks\\\/\",\"name\":\"Strawberry - Flavoured Shilajit Honey Sticks for Women | Natural Energy and Vitality Enhancer with Shatavari & Saffron | Hormonal Balance, Focus & Endurance Support | 30 Sticks - PureHiveHoney\",\"isPartOf\":{\"@id\":\"https:\\\/\\\/purehivehoney.com\\\/de\\\/#website\"},\"primaryImageOfPage\":{\"@id\":\"https:\\\/\\\/purehivehoney.com\\\/de\\\/product\\\/strawberry-flavoured-shilajit-honey-sticks-for-women-natural-energy-and-vitality-enhancer-with-shatavari-saffron-hormonal-balance-focus-endurance-support-30-sticks\\\/#primaryimage\"},\"image\":{\"@id\":\"https:\\\/\\\/purehivehoney.com\\\/de\\\/product\\\/strawberry-flavoured-shilajit-honey-sticks-for-women-natural-energy-and-vitality-enhancer-with-shatavari-saffron-hormonal-balance-focus-endurance-support-30-sticks\\\/#primaryimage\"},\"thumbnailUrl\":\"https:\\\/\\\/purehivehoney.com\\\/de\\\/wp-content\\\/uploads\\\/2026\\\/03\\\/714ROTTLMPL._AC_SL1442_.jpg\",\"datePublished\":\"2026-03-28T14:55:45+00:00\",\"dateModified\":\"2026-03-28T14:55:58+00:00\",\"description\":\"Entdecken Sie hochwertigen Rohhonig, Bio Honig, Manuka Honig und nat\u00fcrliche Bienenprodukte. PureHiveHoney hilft Ihnen dabei, sorgf\u00e4ltig ausgew\u00e4hlte Honigsorten mit nat\u00fcrlicher Qualit\u00e4t und Reinheit zu entdecken.\",\"breadcrumb\":{\"@id\":\"https:\\\/\\\/purehivehoney.com\\\/de\\\/product\\\/strawberry-flavoured-shilajit-honey-sticks-for-women-natural-energy-and-vitality-enhancer-with-shatavari-saffron-hormonal-balance-focus-endurance-support-30-sticks\\\/#breadcrumb\"},\"inLanguage\":\"de\",\"potentialAction\":[{\"@type\":\"ReadAction\",\"target\":[\"https:\\\/\\\/purehivehoney.com\\\/de\\\/product\\\/strawberry-flavoured-shilajit-honey-sticks-for-women-natural-energy-and-vitality-enhancer-with-shatavari-saffron-hormonal-balance-focus-endurance-support-30-sticks\\\/\"]}]},{\"@type\":\"ImageObject\",\"inLanguage\":\"de\",\"@id\":\"https:\\\/\\\/purehivehoney.com\\\/de\\\/product\\\/strawberry-flavoured-shilajit-honey-sticks-for-women-natural-energy-and-vitality-enhancer-with-shatavari-saffron-hormonal-balance-focus-endurance-support-30-sticks\\\/#primaryimage\",\"url\":\"https:\\\/\\\/purehivehoney.com\\\/de\\\/wp-content\\\/uploads\\\/2026\\\/03\\\/714ROTTLMPL._AC_SL1442_.jpg\",\"contentUrl\":\"https:\\\/\\\/purehivehoney.com\\\/de\\\/wp-content\\\/uploads\\\/2026\\\/03\\\/714ROTTLMPL._AC_SL1442_.jpg\",\"width\":1442,\"height\":1427},{\"@type\":\"BreadcrumbList\",\"@id\":\"https:\\\/\\\/purehivehoney.com\\\/de\\\/product\\\/strawberry-flavoured-shilajit-honey-sticks-for-women-natural-energy-and-vitality-enhancer-with-shatavari-saffron-hormonal-balance-focus-endurance-support-30-sticks\\\/#breadcrumb\",\"itemListElement\":[{\"@type\":\"ListItem\",\"position\":1,\"name\":\"Home\",\"item\":\"https:\\\/\\\/purehivehoney.com\\\/de\\\/\"},{\"@type\":\"ListItem\",\"position\":2,\"name\":\"Shop\",\"item\":\"https:\\\/\\\/purehivehoney.com\\\/de\\\/shop\\\/\"},{\"@type\":\"ListItem\",\"position\":3,\"name\":\"Strawberry &#8211; Flavoured Shilaj...\"}]},{\"@type\":\"WebSite\",\"@id\":\"https:\\\/\\\/purehivehoney.com\\\/de\\\/#website\",\"url\":\"https:\\\/\\\/purehivehoney.com\\\/de\\\/\",\"name\":\"PureHiveHoney\",\"description\":\"Reiner Honig &amp; Bienenprodukte Online | Rohhonig, Bio Honig &amp; Spezialhonig\",\"publisher\":{\"@id\":\"https:\\\/\\\/purehivehoney.com\\\/de\\\/#organization\"},\"potentialAction\":[{\"@type\":\"SearchAction\",\"target\":{\"@type\":\"EntryPoint\",\"urlTemplate\":\"https:\\\/\\\/purehivehoney.com\\\/de\\\/?s={search_term_string}\"},\"query-input\":{\"@type\":\"PropertyValueSpecification\",\"valueRequired\":true,\"valueName\":\"search_term_string\"}}],\"inLanguage\":\"de\"},{\"@type\":\"Organization\",\"@id\":\"https:\\\/\\\/purehivehoney.com\\\/de\\\/#organization\",\"name\":\"PureHiveHoney\",\"url\":\"https:\\\/\\\/purehivehoney.com\\\/de\\\/\",\"logo\":{\"@type\":\"ImageObject\",\"inLanguage\":\"de\",\"@id\":\"https:\\\/\\\/purehivehoney.com\\\/de\\\/#\\\/schema\\\/logo\\\/image\\\/\",\"url\":\"https:\\\/\\\/purehivehoney.com\\\/de\\\/wp-content\\\/uploads\\\/2026\\\/03\\\/Screenshot-2026-03-16-at-1.06.01-AM.png\",\"contentUrl\":\"https:\\\/\\\/purehivehoney.com\\\/de\\\/wp-content\\\/uploads\\\/2026\\\/03\\\/Screenshot-2026-03-16-at-1.06.01-AM.png\",\"width\":2112,\"height\":1086,\"caption\":\"PureHiveHoney\"},\"image\":{\"@id\":\"https:\\\/\\\/purehivehoney.com\\\/de\\\/#\\\/schema\\\/logo\\\/image\\\/\"}}]}<\/script>\n<!-- \/ Yoast SEO plugin. -->","yoast_head_json":{"title":"Strawberry - Flavoured Shilajit Honey Sticks for Women | Natural Energy and Vitality Enhancer with Shatavari & Saffron | Hormonal Balance, Focus & Endurance Support | 30 Sticks - PureHiveHoney","description":"Entdecken Sie hochwertigen Rohhonig, Bio Honig, Manuka Honig und nat\u00fcrliche Bienenprodukte. PureHiveHoney hilft Ihnen dabei, sorgf\u00e4ltig ausgew\u00e4hlte Honigsorten mit nat\u00fcrlicher Qualit\u00e4t und Reinheit zu entdecken.","robots":{"index":"index","follow":"follow","max-snippet":"max-snippet:-1","max-image-preview":"max-image-preview:large","max-video-preview":"max-video-preview:-1"},"canonical":"https:\/\/purehivehoney.com\/de\/product\/strawberry-flavoured-shilajit-honey-sticks-for-women-natural-energy-and-vitality-enhancer-with-shatavari-saffron-hormonal-balance-focus-endurance-support-30-sticks\/","og_locale":"de_DE","og_type":"article","og_title":"Strawberry - Flavoured Shilajit Honey Sticks for Women | Natural Energy and Vitality Enhancer with Shatavari & Saffron | Hormonal Balance, Focus & Endurance Support | 30 Sticks - PureHiveHoney","og_description":"Entdecken Sie hochwertigen Rohhonig, Bio Honig, Manuka Honig und nat\u00fcrliche Bienenprodukte. PureHiveHoney hilft Ihnen dabei, sorgf\u00e4ltig ausgew\u00e4hlte Honigsorten mit nat\u00fcrlicher Qualit\u00e4t und Reinheit zu entdecken.","og_url":"https:\/\/purehivehoney.com\/de\/product\/strawberry-flavoured-shilajit-honey-sticks-for-women-natural-energy-and-vitality-enhancer-with-shatavari-saffron-hormonal-balance-focus-endurance-support-30-sticks\/","og_site_name":"PureHiveHoney","article_modified_time":"2026-03-28T14:55:58+00:00","twitter_card":"summary_large_image","twitter_misc":{"Gesch\u00e4tzte Lesezeit":"1\u00a0Minute"},"schema":{"@context":"https:\/\/schema.org","@graph":[{"@type":"WebPage","@id":"https:\/\/purehivehoney.com\/de\/product\/strawberry-flavoured-shilajit-honey-sticks-for-women-natural-energy-and-vitality-enhancer-with-shatavari-saffron-hormonal-balance-focus-endurance-support-30-sticks\/","url":"https:\/\/purehivehoney.com\/de\/product\/strawberry-flavoured-shilajit-honey-sticks-for-women-natural-energy-and-vitality-enhancer-with-shatavari-saffron-hormonal-balance-focus-endurance-support-30-sticks\/","name":"Strawberry - Flavoured Shilajit Honey Sticks for Women | Natural Energy and Vitality Enhancer with Shatavari & Saffron | Hormonal Balance, Focus & Endurance Support | 30 Sticks - PureHiveHoney","isPartOf":{"@id":"https:\/\/purehivehoney.com\/de\/#website"},"primaryImageOfPage":{"@id":"https:\/\/purehivehoney.com\/de\/product\/strawberry-flavoured-shilajit-honey-sticks-for-women-natural-energy-and-vitality-enhancer-with-shatavari-saffron-hormonal-balance-focus-endurance-support-30-sticks\/#primaryimage"},"image":{"@id":"https:\/\/purehivehoney.com\/de\/product\/strawberry-flavoured-shilajit-honey-sticks-for-women-natural-energy-and-vitality-enhancer-with-shatavari-saffron-hormonal-balance-focus-endurance-support-30-sticks\/#primaryimage"},"thumbnailUrl":"https:\/\/purehivehoney.com\/de\/wp-content\/uploads\/2026\/03\/714ROTTLMPL._AC_SL1442_.jpg","datePublished":"2026-03-28T14:55:45+00:00","dateModified":"2026-03-28T14:55:58+00:00","description":"Entdecken Sie hochwertigen Rohhonig, Bio Honig, Manuka Honig und nat\u00fcrliche Bienenprodukte. PureHiveHoney hilft Ihnen dabei, sorgf\u00e4ltig ausgew\u00e4hlte Honigsorten mit nat\u00fcrlicher Qualit\u00e4t und Reinheit zu entdecken.","breadcrumb":{"@id":"https:\/\/purehivehoney.com\/de\/product\/strawberry-flavoured-shilajit-honey-sticks-for-women-natural-energy-and-vitality-enhancer-with-shatavari-saffron-hormonal-balance-focus-endurance-support-30-sticks\/#breadcrumb"},"inLanguage":"de","potentialAction":[{"@type":"ReadAction","target":["https:\/\/purehivehoney.com\/de\/product\/strawberry-flavoured-shilajit-honey-sticks-for-women-natural-energy-and-vitality-enhancer-with-shatavari-saffron-hormonal-balance-focus-endurance-support-30-sticks\/"]}]},{"@type":"ImageObject","inLanguage":"de","@id":"https:\/\/purehivehoney.com\/de\/product\/strawberry-flavoured-shilajit-honey-sticks-for-women-natural-energy-and-vitality-enhancer-with-shatavari-saffron-hormonal-balance-focus-endurance-support-30-sticks\/#primaryimage","url":"https:\/\/purehivehoney.com\/de\/wp-content\/uploads\/2026\/03\/714ROTTLMPL._AC_SL1442_.jpg","contentUrl":"https:\/\/purehivehoney.com\/de\/wp-content\/uploads\/2026\/03\/714ROTTLMPL._AC_SL1442_.jpg","width":1442,"height":1427},{"@type":"BreadcrumbList","@id":"https:\/\/purehivehoney.com\/de\/product\/strawberry-flavoured-shilajit-honey-sticks-for-women-natural-energy-and-vitality-enhancer-with-shatavari-saffron-hormonal-balance-focus-endurance-support-30-sticks\/#breadcrumb","itemListElement":[{"@type":"ListItem","position":1,"name":"Home","item":"https:\/\/purehivehoney.com\/de\/"},{"@type":"ListItem","position":2,"name":"Shop","item":"https:\/\/purehivehoney.com\/de\/shop\/"},{"@type":"ListItem","position":3,"name":"Strawberry &#8211; Flavoured Shilaj..."}]},{"@type":"WebSite","@id":"https:\/\/purehivehoney.com\/de\/#website","url":"https:\/\/purehivehoney.com\/de\/","name":"PureHiveHoney","description":"Reiner Honig &amp; Bienenprodukte Online | Rohhonig, Bio Honig &amp; Spezialhonig","publisher":{"@id":"https:\/\/purehivehoney.com\/de\/#organization"},"potentialAction":[{"@type":"SearchAction","target":{"@type":"EntryPoint","urlTemplate":"https:\/\/purehivehoney.com\/de\/?s={search_term_string}"},"query-input":{"@type":"PropertyValueSpecification","valueRequired":true,"valueName":"search_term_string"}}],"inLanguage":"de"},{"@type":"Organization","@id":"https:\/\/purehivehoney.com\/de\/#organization","name":"PureHiveHoney","url":"https:\/\/purehivehoney.com\/de\/","logo":{"@type":"ImageObject","inLanguage":"de","@id":"https:\/\/purehivehoney.com\/de\/#\/schema\/logo\/image\/","url":"https:\/\/purehivehoney.com\/de\/wp-content\/uploads\/2026\/03\/Screenshot-2026-03-16-at-1.06.01-AM.png","contentUrl":"https:\/\/purehivehoney.com\/de\/wp-content\/uploads\/2026\/03\/Screenshot-2026-03-16-at-1.06.01-AM.png","width":2112,"height":1086,"caption":"PureHiveHoney"},"image":{"@id":"https:\/\/purehivehoney.com\/de\/#\/schema\/logo\/image\/"}}]}},"_links":{"self":[{"href":"https:\/\/purehivehoney.com\/de\/wp-json\/wp\/v2\/product\/2255","targetHints":{"allow":["GET"]}}],"collection":[{"href":"https:\/\/purehivehoney.com\/de\/wp-json\/wp\/v2\/product"}],"about":[{"href":"https:\/\/purehivehoney.com\/de\/wp-json\/wp\/v2\/types\/product"}],"replies":[{"embeddable":true,"href":"https:\/\/purehivehoney.com\/de\/wp-json\/wp\/v2\/comments?post=2255"}],"wp:featuredmedia":[{"embeddable":true,"href":"https:\/\/purehivehoney.com\/de\/wp-json\/wp\/v2\/media\/2256"}],"wp:attachment":[{"href":"https:\/\/purehivehoney.com\/de\/wp-json\/wp\/v2\/media?parent=2255"}],"wp:term":[{"taxonomy":"store","embeddable":true,"href":"https:\/\/purehivehoney.com\/de\/wp-json\/wp\/v2\/store?post=2255"},{"taxonomy":"product_brand","embeddable":true,"href":"https:\/\/purehivehoney.com\/de\/wp-json\/wp\/v2\/product_brand?post=2255"},{"taxonomy":"product_cat","embeddable":true,"href":"https:\/\/purehivehoney.com\/de\/wp-json\/wp\/v2\/product_cat?post=2255"},{"taxonomy":"product_tag","embeddable":true,"href":"https:\/\/purehivehoney.com\/de\/wp-json\/wp\/v2\/product_tag?post=2255"}],"curies":[{"name":"wp","href":"https:\/\/api.w.org\/{rel}","templated":true}]}}