{"id":2231,"date":"2026-03-28T02:44:37","date_gmt":"2026-03-28T02:44:37","guid":{"rendered":"https:\/\/purehivehoney.com\/de\/product\/jean-len-scented-candle-sea-salt-coconut-made-with-shea-butter-burn-time-approx-40-hours-minimalist-design-exotic-fragrance-vegan-195g\/"},"modified":"2026-03-28T02:44:55","modified_gmt":"2026-03-28T02:44:55","slug":"jean-len-scented-candle-sea-salt-coconut-made-with-shea-butter-burn-time-approx-40-hours-minimalist-design-exotic-fragrance-vegan-195g","status":"publish","type":"product","link":"https:\/\/purehivehoney.com\/de\/product\/jean-len-scented-candle-sea-salt-coconut-made-with-shea-butter-burn-time-approx-40-hours-minimalist-design-exotic-fragrance-vegan-195g\/","title":{"rendered":"Jean &#038; Len Scented Candle Sea ..."},"content":{"rendered":"<p>    <span>Jean &#038; Len Scented Candle Sea Salt &#038; Coconut <\/span><span>The Sea Salt &#038; Coconut scented candle combines sparkling citrus fruits and eucalyptus with exotic sea notes and coconut. <br \/>A warm base of tonka, vanilla and amber rounds off the aroma. Made from shea butter, with 40 hours burn time &#8211; <br \/>A touch of beach feeling for your home. <\/span><br \/><span>Product details: <\/span><\/p>\n<ul class=\"a-unordered-list a-vertical\">\n<li><span class=\"a-list-item\"><span>Scented candle made from 50% shea butter. <\/span><\/span><\/li>\n<li><span class=\"a-list-item\"><span>Burning time: approx. 40 hours. <\/span><\/span><\/li>\n<li><span class=\"a-list-item\"><span>No ingredients of animal origin <\/span><\/span><\/li>\n<li><span class=\"a-list-item\"><span>Sparkly and exotic fragrance <\/span><\/span><\/li>\n<li><span class=\"a-list-item\"><span>Vegan. <\/span><\/span><\/li>\n<\/ul>\n<p><span>Note: <\/span><br \/><span>Do not leave candles burning unattended. Only use candle with heat-resistant base. Must not be inserted into the <br \/>hands of children. <\/span><br \/><span>Jean&#038;Len <\/span><br \/><span>Jean&#038;Len was founded in 2013 by Leonard Diepenbrock. The idea: fantastic scented care that looks cool <br \/>and not dusted in the eco corner. Inspired by the motto &#8222;Was Dich ber\u00fchrt, wird ein Teil von Dir&#8220; <br \/>without Ged\u00f8ns* range and now includes stylish home &#038; lifestyle products. <br \/>*GED\u00d8NS = ingredients that Len personally likes to do without. <\/span><br \/>Product Dimensions                                            \u200f                                            :                                            \u200e                                            8.4 x 8.4 x 9.5 cm; 480 g   <br \/> Manufacturer                                            \u200f                                            :                                            \u200e                                            Jean &#038; Len   <br \/> ASIN                                            \u200f                                            :                                            \u200e                                            B0F3G2MWM4   <br \/> Item model number                                            \u200f                                            :                                            \u200e                                            2800609323   <br \/> Country of origin                                            \u200f                                            :                                            \u200e                                            Germany   <br \/>  Customer reviews:                                                                                            4.2               4.2 out of 5 stars                                  (178)                                              var dpAcrHasRegisteredArcLinkClickAction;                    P.when(&#8218;A&#8216;, &#8218;ready&#8216;).execute(function(A) {                        if (dpAcrHasRegisteredArcLinkClickAction !== true) {                            dpAcrHasRegisteredArcLinkClickAction = true;                            A.declarative(                                &#8218;acrLink-click-metrics&#8216;, &#8218;click&#8216;,                                { &#8222;allowLinkDefault&#8220;: true },                                function (event) {                                    if (window.ue) {                                        ue.count(&#8222;acrLinkClickCount&#8220;, (ue.count(&#8222;acrLinkClickCount&#8220;) || 0) + 1);                                    }                                }                            );                        }                    });                                             P.when(&#8218;A&#8216;, &#8218;cf&#8216;).execute(function(A) {                A.declarative(&#8218;acrStarsLink-click-metrics&#8216;, &#8218;click&#8216;, { &#8222;allowLinkDefault&#8220; : true },  function(event){                    if(window.ue) {                        ue.count(&#8222;acrStarsLinkWithPopoverClickCount&#8220;, (ue.count(&#8222;acrStarsLinkWithPopoverClickCount&#8220;) || 0) + 1);                    }                });            });                          <br \/>The Jean and Len Sea Salt &#038; Coconut scented candle is made from 50% shea butter and ensures approx. 40 cosy hours in candlelight &#8211; made with love in Europe<br \/>The vegan candle with its exotic and sparkling fragrance combination, helps to escape everyday stress and ensures a holiday feeling in your own home<br \/>The scented candle comes in a minimalist glass and an FSC-certified folding box &#8211; thanks to the elegant design, the candle is also ideal as a gift<br \/>Ideal as a gift for you and your loved ones: with our products we ensure small moments of well-being in everyday life \u2013 without parabens, silicone and animal ingredients<br \/>Box contents: 1 x 195 g Jean&#038;Len Scented Candle Sea Salt &#038; Coconut, made with shea butter, burning time approx. 40 hours, minimalist design, exotic fragrance<\/p>\n\n","protected":false},"excerpt":{"rendered":"<p>Jean &#038; Len Scented Candle Sea Salt &#038; Coconut The Sea Salt &#038; Coconut scented candle combines sparkling citrus fruits and eucalyptus with exotic sea notes and coconut. A warm base of tonka, vanilla and amber rounds off the aroma. Made from shea butter, with 40 hours burn time &#8211; A touch of beach feeling [&hellip;]<\/p>\n","protected":false},"featured_media":2232,"comment_status":"open","ping_status":"closed","template":"","meta":{"_aipt_faq_data":""},"store":[],"product_brand":[330],"product_cat":[53],"product_tag":[147],"class_list":{"0":"post-2231","1":"product","2":"type-product","3":"status-publish","4":"has-post-thumbnail","6":"product_brand-jean-len","7":"product_cat-vanille-honig","8":"product_tag-vanille-honig-als-geschenk","10":"first","11":"instock","12":"shipping-taxable","13":"product-type-external"},"yoast_head":"<!-- This site is optimized with the Yoast SEO plugin v27.4 - https:\/\/yoast.com\/product\/yoast-seo-wordpress\/ -->\n<title>Jean &amp; Len Scented Candle Sea Salt &amp; Coconut Made with Shea Butter, Burn Time Approx 40 Hours, Minimalist Design, Exotic Fragrance, Vegan, 195g - PureHiveHoney<\/title>\n<meta name=\"description\" content=\"Entdecken Sie hochwertigen Rohhonig, Bio Honig, Manuka Honig und nat\u00fcrliche Bienenprodukte. PureHiveHoney hilft Ihnen dabei, sorgf\u00e4ltig ausgew\u00e4hlte Honigsorten mit nat\u00fcrlicher Qualit\u00e4t und Reinheit zu entdecken.\" \/>\n<meta name=\"robots\" content=\"index, follow, max-snippet:-1, max-image-preview:large, max-video-preview:-1\" \/>\n<link rel=\"canonical\" href=\"https:\/\/purehivehoney.com\/de\/product\/jean-len-scented-candle-sea-salt-coconut-made-with-shea-butter-burn-time-approx-40-hours-minimalist-design-exotic-fragrance-vegan-195g\/\" \/>\n<meta property=\"og:locale\" content=\"de_DE\" \/>\n<meta property=\"og:type\" content=\"article\" \/>\n<meta property=\"og:title\" content=\"Jean &amp; Len Scented Candle Sea Salt &amp; Coconut Made with Shea Butter, Burn Time Approx 40 Hours, Minimalist Design, Exotic Fragrance, Vegan, 195g - PureHiveHoney\" \/>\n<meta property=\"og:description\" content=\"Entdecken Sie hochwertigen Rohhonig, Bio Honig, Manuka Honig und nat\u00fcrliche Bienenprodukte. PureHiveHoney hilft Ihnen dabei, sorgf\u00e4ltig ausgew\u00e4hlte Honigsorten mit nat\u00fcrlicher Qualit\u00e4t und Reinheit zu entdecken.\" \/>\n<meta property=\"og:url\" content=\"https:\/\/purehivehoney.com\/de\/product\/jean-len-scented-candle-sea-salt-coconut-made-with-shea-butter-burn-time-approx-40-hours-minimalist-design-exotic-fragrance-vegan-195g\/\" \/>\n<meta property=\"og:site_name\" content=\"PureHiveHoney\" \/>\n<meta property=\"article:modified_time\" content=\"2026-03-28T02:44:55+00:00\" \/>\n<meta name=\"twitter:card\" content=\"summary_large_image\" \/>\n<meta name=\"twitter:label1\" content=\"Gesch\u00e4tzte Lesezeit\" \/>\n\t<meta name=\"twitter:data1\" content=\"2\u00a0Minuten\" \/>\n<script type=\"application\/ld+json\" class=\"yoast-schema-graph\">{\"@context\":\"https:\\\/\\\/schema.org\",\"@graph\":[{\"@type\":\"WebPage\",\"@id\":\"https:\\\/\\\/purehivehoney.com\\\/de\\\/product\\\/jean-len-scented-candle-sea-salt-coconut-made-with-shea-butter-burn-time-approx-40-hours-minimalist-design-exotic-fragrance-vegan-195g\\\/\",\"url\":\"https:\\\/\\\/purehivehoney.com\\\/de\\\/product\\\/jean-len-scented-candle-sea-salt-coconut-made-with-shea-butter-burn-time-approx-40-hours-minimalist-design-exotic-fragrance-vegan-195g\\\/\",\"name\":\"Jean & Len Scented Candle Sea Salt & Coconut Made with Shea Butter, Burn Time Approx 40 Hours, Minimalist Design, Exotic Fragrance, Vegan, 195g - PureHiveHoney\",\"isPartOf\":{\"@id\":\"https:\\\/\\\/purehivehoney.com\\\/de\\\/#website\"},\"primaryImageOfPage\":{\"@id\":\"https:\\\/\\\/purehivehoney.com\\\/de\\\/product\\\/jean-len-scented-candle-sea-salt-coconut-made-with-shea-butter-burn-time-approx-40-hours-minimalist-design-exotic-fragrance-vegan-195g\\\/#primaryimage\"},\"image\":{\"@id\":\"https:\\\/\\\/purehivehoney.com\\\/de\\\/product\\\/jean-len-scented-candle-sea-salt-coconut-made-with-shea-butter-burn-time-approx-40-hours-minimalist-design-exotic-fragrance-vegan-195g\\\/#primaryimage\"},\"thumbnailUrl\":\"https:\\\/\\\/purehivehoney.com\\\/de\\\/wp-content\\\/uploads\\\/2026\\\/03\\\/61JdoSAhZ2L._SL1500_.jpg\",\"datePublished\":\"2026-03-28T02:44:37+00:00\",\"dateModified\":\"2026-03-28T02:44:55+00:00\",\"description\":\"Entdecken Sie hochwertigen Rohhonig, Bio Honig, Manuka Honig und nat\u00fcrliche Bienenprodukte. PureHiveHoney hilft Ihnen dabei, sorgf\u00e4ltig ausgew\u00e4hlte Honigsorten mit nat\u00fcrlicher Qualit\u00e4t und Reinheit zu entdecken.\",\"breadcrumb\":{\"@id\":\"https:\\\/\\\/purehivehoney.com\\\/de\\\/product\\\/jean-len-scented-candle-sea-salt-coconut-made-with-shea-butter-burn-time-approx-40-hours-minimalist-design-exotic-fragrance-vegan-195g\\\/#breadcrumb\"},\"inLanguage\":\"de\",\"potentialAction\":[{\"@type\":\"ReadAction\",\"target\":[\"https:\\\/\\\/purehivehoney.com\\\/de\\\/product\\\/jean-len-scented-candle-sea-salt-coconut-made-with-shea-butter-burn-time-approx-40-hours-minimalist-design-exotic-fragrance-vegan-195g\\\/\"]}]},{\"@type\":\"ImageObject\",\"inLanguage\":\"de\",\"@id\":\"https:\\\/\\\/purehivehoney.com\\\/de\\\/product\\\/jean-len-scented-candle-sea-salt-coconut-made-with-shea-butter-burn-time-approx-40-hours-minimalist-design-exotic-fragrance-vegan-195g\\\/#primaryimage\",\"url\":\"https:\\\/\\\/purehivehoney.com\\\/de\\\/wp-content\\\/uploads\\\/2026\\\/03\\\/61JdoSAhZ2L._SL1500_.jpg\",\"contentUrl\":\"https:\\\/\\\/purehivehoney.com\\\/de\\\/wp-content\\\/uploads\\\/2026\\\/03\\\/61JdoSAhZ2L._SL1500_.jpg\",\"width\":1500,\"height\":1500},{\"@type\":\"BreadcrumbList\",\"@id\":\"https:\\\/\\\/purehivehoney.com\\\/de\\\/product\\\/jean-len-scented-candle-sea-salt-coconut-made-with-shea-butter-burn-time-approx-40-hours-minimalist-design-exotic-fragrance-vegan-195g\\\/#breadcrumb\",\"itemListElement\":[{\"@type\":\"ListItem\",\"position\":1,\"name\":\"Home\",\"item\":\"https:\\\/\\\/purehivehoney.com\\\/de\\\/\"},{\"@type\":\"ListItem\",\"position\":2,\"name\":\"Shop\",\"item\":\"https:\\\/\\\/purehivehoney.com\\\/de\\\/shop\\\/\"},{\"@type\":\"ListItem\",\"position\":3,\"name\":\"Jean &#038; Len Scented Candle Sea ...\"}]},{\"@type\":\"WebSite\",\"@id\":\"https:\\\/\\\/purehivehoney.com\\\/de\\\/#website\",\"url\":\"https:\\\/\\\/purehivehoney.com\\\/de\\\/\",\"name\":\"PureHiveHoney\",\"description\":\"Reiner Honig &amp; Bienenprodukte Online | Rohhonig, Bio Honig &amp; Spezialhonig\",\"publisher\":{\"@id\":\"https:\\\/\\\/purehivehoney.com\\\/de\\\/#organization\"},\"potentialAction\":[{\"@type\":\"SearchAction\",\"target\":{\"@type\":\"EntryPoint\",\"urlTemplate\":\"https:\\\/\\\/purehivehoney.com\\\/de\\\/?s={search_term_string}\"},\"query-input\":{\"@type\":\"PropertyValueSpecification\",\"valueRequired\":true,\"valueName\":\"search_term_string\"}}],\"inLanguage\":\"de\"},{\"@type\":\"Organization\",\"@id\":\"https:\\\/\\\/purehivehoney.com\\\/de\\\/#organization\",\"name\":\"PureHiveHoney\",\"url\":\"https:\\\/\\\/purehivehoney.com\\\/de\\\/\",\"logo\":{\"@type\":\"ImageObject\",\"inLanguage\":\"de\",\"@id\":\"https:\\\/\\\/purehivehoney.com\\\/de\\\/#\\\/schema\\\/logo\\\/image\\\/\",\"url\":\"https:\\\/\\\/purehivehoney.com\\\/de\\\/wp-content\\\/uploads\\\/2026\\\/03\\\/Screenshot-2026-03-16-at-1.06.01-AM.png\",\"contentUrl\":\"https:\\\/\\\/purehivehoney.com\\\/de\\\/wp-content\\\/uploads\\\/2026\\\/03\\\/Screenshot-2026-03-16-at-1.06.01-AM.png\",\"width\":2112,\"height\":1086,\"caption\":\"PureHiveHoney\"},\"image\":{\"@id\":\"https:\\\/\\\/purehivehoney.com\\\/de\\\/#\\\/schema\\\/logo\\\/image\\\/\"}}]}<\/script>\n<!-- \/ Yoast SEO plugin. -->","yoast_head_json":{"title":"Jean & Len Scented Candle Sea Salt & Coconut Made with Shea Butter, Burn Time Approx 40 Hours, Minimalist Design, Exotic Fragrance, Vegan, 195g - PureHiveHoney","description":"Entdecken Sie hochwertigen Rohhonig, Bio Honig, Manuka Honig und nat\u00fcrliche Bienenprodukte. PureHiveHoney hilft Ihnen dabei, sorgf\u00e4ltig ausgew\u00e4hlte Honigsorten mit nat\u00fcrlicher Qualit\u00e4t und Reinheit zu entdecken.","robots":{"index":"index","follow":"follow","max-snippet":"max-snippet:-1","max-image-preview":"max-image-preview:large","max-video-preview":"max-video-preview:-1"},"canonical":"https:\/\/purehivehoney.com\/de\/product\/jean-len-scented-candle-sea-salt-coconut-made-with-shea-butter-burn-time-approx-40-hours-minimalist-design-exotic-fragrance-vegan-195g\/","og_locale":"de_DE","og_type":"article","og_title":"Jean & Len Scented Candle Sea Salt & Coconut Made with Shea Butter, Burn Time Approx 40 Hours, Minimalist Design, Exotic Fragrance, Vegan, 195g - PureHiveHoney","og_description":"Entdecken Sie hochwertigen Rohhonig, Bio Honig, Manuka Honig und nat\u00fcrliche Bienenprodukte. PureHiveHoney hilft Ihnen dabei, sorgf\u00e4ltig ausgew\u00e4hlte Honigsorten mit nat\u00fcrlicher Qualit\u00e4t und Reinheit zu entdecken.","og_url":"https:\/\/purehivehoney.com\/de\/product\/jean-len-scented-candle-sea-salt-coconut-made-with-shea-butter-burn-time-approx-40-hours-minimalist-design-exotic-fragrance-vegan-195g\/","og_site_name":"PureHiveHoney","article_modified_time":"2026-03-28T02:44:55+00:00","twitter_card":"summary_large_image","twitter_misc":{"Gesch\u00e4tzte Lesezeit":"2\u00a0Minuten"},"schema":{"@context":"https:\/\/schema.org","@graph":[{"@type":"WebPage","@id":"https:\/\/purehivehoney.com\/de\/product\/jean-len-scented-candle-sea-salt-coconut-made-with-shea-butter-burn-time-approx-40-hours-minimalist-design-exotic-fragrance-vegan-195g\/","url":"https:\/\/purehivehoney.com\/de\/product\/jean-len-scented-candle-sea-salt-coconut-made-with-shea-butter-burn-time-approx-40-hours-minimalist-design-exotic-fragrance-vegan-195g\/","name":"Jean & Len Scented Candle Sea Salt & Coconut Made with Shea Butter, Burn Time Approx 40 Hours, Minimalist Design, Exotic Fragrance, Vegan, 195g - PureHiveHoney","isPartOf":{"@id":"https:\/\/purehivehoney.com\/de\/#website"},"primaryImageOfPage":{"@id":"https:\/\/purehivehoney.com\/de\/product\/jean-len-scented-candle-sea-salt-coconut-made-with-shea-butter-burn-time-approx-40-hours-minimalist-design-exotic-fragrance-vegan-195g\/#primaryimage"},"image":{"@id":"https:\/\/purehivehoney.com\/de\/product\/jean-len-scented-candle-sea-salt-coconut-made-with-shea-butter-burn-time-approx-40-hours-minimalist-design-exotic-fragrance-vegan-195g\/#primaryimage"},"thumbnailUrl":"https:\/\/purehivehoney.com\/de\/wp-content\/uploads\/2026\/03\/61JdoSAhZ2L._SL1500_.jpg","datePublished":"2026-03-28T02:44:37+00:00","dateModified":"2026-03-28T02:44:55+00:00","description":"Entdecken Sie hochwertigen Rohhonig, Bio Honig, Manuka Honig und nat\u00fcrliche Bienenprodukte. PureHiveHoney hilft Ihnen dabei, sorgf\u00e4ltig ausgew\u00e4hlte Honigsorten mit nat\u00fcrlicher Qualit\u00e4t und Reinheit zu entdecken.","breadcrumb":{"@id":"https:\/\/purehivehoney.com\/de\/product\/jean-len-scented-candle-sea-salt-coconut-made-with-shea-butter-burn-time-approx-40-hours-minimalist-design-exotic-fragrance-vegan-195g\/#breadcrumb"},"inLanguage":"de","potentialAction":[{"@type":"ReadAction","target":["https:\/\/purehivehoney.com\/de\/product\/jean-len-scented-candle-sea-salt-coconut-made-with-shea-butter-burn-time-approx-40-hours-minimalist-design-exotic-fragrance-vegan-195g\/"]}]},{"@type":"ImageObject","inLanguage":"de","@id":"https:\/\/purehivehoney.com\/de\/product\/jean-len-scented-candle-sea-salt-coconut-made-with-shea-butter-burn-time-approx-40-hours-minimalist-design-exotic-fragrance-vegan-195g\/#primaryimage","url":"https:\/\/purehivehoney.com\/de\/wp-content\/uploads\/2026\/03\/61JdoSAhZ2L._SL1500_.jpg","contentUrl":"https:\/\/purehivehoney.com\/de\/wp-content\/uploads\/2026\/03\/61JdoSAhZ2L._SL1500_.jpg","width":1500,"height":1500},{"@type":"BreadcrumbList","@id":"https:\/\/purehivehoney.com\/de\/product\/jean-len-scented-candle-sea-salt-coconut-made-with-shea-butter-burn-time-approx-40-hours-minimalist-design-exotic-fragrance-vegan-195g\/#breadcrumb","itemListElement":[{"@type":"ListItem","position":1,"name":"Home","item":"https:\/\/purehivehoney.com\/de\/"},{"@type":"ListItem","position":2,"name":"Shop","item":"https:\/\/purehivehoney.com\/de\/shop\/"},{"@type":"ListItem","position":3,"name":"Jean &#038; Len Scented Candle Sea ..."}]},{"@type":"WebSite","@id":"https:\/\/purehivehoney.com\/de\/#website","url":"https:\/\/purehivehoney.com\/de\/","name":"PureHiveHoney","description":"Reiner Honig &amp; Bienenprodukte Online | Rohhonig, Bio Honig &amp; Spezialhonig","publisher":{"@id":"https:\/\/purehivehoney.com\/de\/#organization"},"potentialAction":[{"@type":"SearchAction","target":{"@type":"EntryPoint","urlTemplate":"https:\/\/purehivehoney.com\/de\/?s={search_term_string}"},"query-input":{"@type":"PropertyValueSpecification","valueRequired":true,"valueName":"search_term_string"}}],"inLanguage":"de"},{"@type":"Organization","@id":"https:\/\/purehivehoney.com\/de\/#organization","name":"PureHiveHoney","url":"https:\/\/purehivehoney.com\/de\/","logo":{"@type":"ImageObject","inLanguage":"de","@id":"https:\/\/purehivehoney.com\/de\/#\/schema\/logo\/image\/","url":"https:\/\/purehivehoney.com\/de\/wp-content\/uploads\/2026\/03\/Screenshot-2026-03-16-at-1.06.01-AM.png","contentUrl":"https:\/\/purehivehoney.com\/de\/wp-content\/uploads\/2026\/03\/Screenshot-2026-03-16-at-1.06.01-AM.png","width":2112,"height":1086,"caption":"PureHiveHoney"},"image":{"@id":"https:\/\/purehivehoney.com\/de\/#\/schema\/logo\/image\/"}}]}},"_links":{"self":[{"href":"https:\/\/purehivehoney.com\/de\/wp-json\/wp\/v2\/product\/2231","targetHints":{"allow":["GET"]}}],"collection":[{"href":"https:\/\/purehivehoney.com\/de\/wp-json\/wp\/v2\/product"}],"about":[{"href":"https:\/\/purehivehoney.com\/de\/wp-json\/wp\/v2\/types\/product"}],"replies":[{"embeddable":true,"href":"https:\/\/purehivehoney.com\/de\/wp-json\/wp\/v2\/comments?post=2231"}],"wp:featuredmedia":[{"embeddable":true,"href":"https:\/\/purehivehoney.com\/de\/wp-json\/wp\/v2\/media\/2232"}],"wp:attachment":[{"href":"https:\/\/purehivehoney.com\/de\/wp-json\/wp\/v2\/media?parent=2231"}],"wp:term":[{"taxonomy":"store","embeddable":true,"href":"https:\/\/purehivehoney.com\/de\/wp-json\/wp\/v2\/store?post=2231"},{"taxonomy":"product_brand","embeddable":true,"href":"https:\/\/purehivehoney.com\/de\/wp-json\/wp\/v2\/product_brand?post=2231"},{"taxonomy":"product_cat","embeddable":true,"href":"https:\/\/purehivehoney.com\/de\/wp-json\/wp\/v2\/product_cat?post=2231"},{"taxonomy":"product_tag","embeddable":true,"href":"https:\/\/purehivehoney.com\/de\/wp-json\/wp\/v2\/product_tag?post=2231"}],"curies":[{"name":"wp","href":"https:\/\/api.w.org\/{rel}","templated":true}]}}