{"id":2226,"date":"2026-03-27T13:02:23","date_gmt":"2026-03-27T13:02:23","guid":{"rendered":"https:\/\/purehivehoney.com\/de\/product\/burts-bees-natural-pflegendes-100-baby-oil-oil-from-apricot-and-grape-oil-1er-pack-x-115-ml\/"},"modified":"2026-03-27T13:02:31","modified_gmt":"2026-03-27T13:02:31","slug":"burts-bees-natural-pflegendes-100-baby-oil-oil-from-apricot-and-grape-oil-1er-pack-x-115-ml","status":"publish","type":"product","link":"https:\/\/purehivehoney.com\/de\/product\/burts-bees-natural-pflegendes-100-baby-oil-oil-from-apricot-and-grape-oil-1er-pack-x-115-ml\/","title":{"rendered":"Burt&#8217;s bees natural pflegende..."},"content":{"rendered":"<p>    <span>The Burt&#8217;s Bees nourishing baby oil provides the delicate baby skin with plenty of moisture and makes it supple and soft. It contains intensely nourishing ingredients of 100% natural origin, including moisturising apricot and grape seed oil. This gentle, pediatrician-tested moisturizer with natural apricot fragrance for babies does not irritate and is clinically proven safe and effective for delicate baby skin. The essential gift for the birth of a child, the perfect souvenir for any baby shower or simply as a baby gift set.<\/span>    <br \/> Is Discontinued By Manufacturer                                            \u200f                                            :                                            \u200e                                            No   <br \/> Product Dimensions                                            \u200f                                            :                                            \u200e                                            5 x 5 x 11 cm; 134 g   <br \/> Manufacturer                                            \u200f                                            :                                            \u200e                                            Burt&#8217;s Bees   <br \/> ASIN                                            \u200f                                            :                                            \u200e                                            B001E6TXCU   <br \/> Item model number                                            \u200f                                            :                                            \u200e                                            71211-11   <br \/> Country of origin                                            \u200f                                            :                                            \u200e                                            USA   <br \/>  Customer reviews:                                                                                            4.6               4.6 out of 5 stars                                  (4,170)                                              var dpAcrHasRegisteredArcLinkClickAction;                    P.when(&#8218;A&#8216;, &#8218;ready&#8216;).execute(function(A) {                        if (dpAcrHasRegisteredArcLinkClickAction !== true) {                            dpAcrHasRegisteredArcLinkClickAction = true;                            A.declarative(                                &#8218;acrLink-click-metrics&#8216;, &#8218;click&#8216;,                                { &#8222;allowLinkDefault&#8220;: true },                                function (event) {                                    if (window.ue) {                                        ue.count(&#8222;acrLinkClickCount&#8220;, (ue.count(&#8222;acrLinkClickCount&#8220;) || 0) + 1);                                    }                                }                            );                        }                    });                                             P.when(&#8218;A&#8216;, &#8218;cf&#8216;).execute(function(A) {                A.declarative(&#8218;acrStarsLink-click-metrics&#8216;, &#8218;click&#8216;, { &#8222;allowLinkDefault&#8220; : true },  function(event){                    if(window.ue) {                        ue.count(&#8222;acrStarsLinkWithPopoverClickCount&#8220;, (ue.count(&#8222;acrStarsLinkWithPopoverClickCount&#8220;) || 0) + 1);                    }                });            });                          <br \/>Baby oil: care for your baby&#8217;s delicate skin, velvety soft with Burt&#8217;s Bees baby nourishing baby oil.<br \/>Baby skin care: Add the baby oil to the bath water or apply it directly to your baby&#8217;s skin.<br \/>100% natural ingredients: This 100% natural baby oil exudes the pleasant scent of apricots and is rich in nutrients and antioxidants derived from apricot and grape seed oil to gently nourish your baby&#8217;s skin.<br \/>Scent-free: Does not contain synthetic fragrances. Your baby smells fresh and purely natural ingredients.<br \/>Tested with paediatricians: It is paediatrician-tested and contains no phthalates, parabens or mineral oil. Nourish your baby&#8217;s skin naturally with Burt&#8217;s Bees Baby .<\/p>\n\n","protected":false},"excerpt":{"rendered":"<p>The Burt&#8217;s Bees nourishing baby oil provides the delicate baby skin with plenty of moisture and makes it supple and soft. It contains intensely nourishing ingredients of 100% natural origin, including moisturising apricot and grape seed oil. This gentle, pediatrician-tested moisturizer with natural apricot fragrance for babies does not irritate and is clinically proven safe [&hellip;]<\/p>\n","protected":false},"featured_media":2227,"comment_status":"open","ping_status":"closed","template":"","meta":{"_aipt_faq_data":""},"store":[],"product_brand":[272],"product_cat":[53],"product_tag":[147],"class_list":{"0":"post-2226","1":"product","2":"type-product","3":"status-publish","4":"has-post-thumbnail","6":"product_brand-burts-bees","7":"product_cat-vanille-honig","8":"product_tag-vanille-honig-als-geschenk","10":"first","11":"instock","12":"sale","13":"shipping-taxable","14":"product-type-external"},"yoast_head":"<!-- This site is optimized with the Yoast SEO plugin v27.4 - https:\/\/yoast.com\/product\/yoast-seo-wordpress\/ -->\n<title>Burt&#039;s bees natural pflegendes 100% baby oil, oil from Apricot and grape oil, 1er Pack x 115 ml - PureHiveHoney<\/title>\n<meta name=\"description\" content=\"Entdecken Sie hochwertigen Rohhonig, Bio Honig, Manuka Honig und nat\u00fcrliche Bienenprodukte. PureHiveHoney hilft Ihnen dabei, sorgf\u00e4ltig ausgew\u00e4hlte Honigsorten mit nat\u00fcrlicher Qualit\u00e4t und Reinheit zu entdecken.\" \/>\n<meta name=\"robots\" content=\"index, follow, max-snippet:-1, max-image-preview:large, max-video-preview:-1\" \/>\n<link rel=\"canonical\" href=\"https:\/\/purehivehoney.com\/de\/product\/burts-bees-natural-pflegendes-100-baby-oil-oil-from-apricot-and-grape-oil-1er-pack-x-115-ml\/\" \/>\n<meta property=\"og:locale\" content=\"de_DE\" \/>\n<meta property=\"og:type\" content=\"article\" \/>\n<meta property=\"og:title\" content=\"Burt&#039;s bees natural pflegendes 100% baby oil, oil from Apricot and grape oil, 1er Pack x 115 ml - PureHiveHoney\" \/>\n<meta property=\"og:description\" content=\"Entdecken Sie hochwertigen Rohhonig, Bio Honig, Manuka Honig und nat\u00fcrliche Bienenprodukte. PureHiveHoney hilft Ihnen dabei, sorgf\u00e4ltig ausgew\u00e4hlte Honigsorten mit nat\u00fcrlicher Qualit\u00e4t und Reinheit zu entdecken.\" \/>\n<meta property=\"og:url\" content=\"https:\/\/purehivehoney.com\/de\/product\/burts-bees-natural-pflegendes-100-baby-oil-oil-from-apricot-and-grape-oil-1er-pack-x-115-ml\/\" \/>\n<meta property=\"og:site_name\" content=\"PureHiveHoney\" \/>\n<meta property=\"article:modified_time\" content=\"2026-03-27T13:02:31+00:00\" \/>\n<meta name=\"twitter:card\" content=\"summary_large_image\" \/>\n<meta name=\"twitter:label1\" content=\"Gesch\u00e4tzte Lesezeit\" \/>\n\t<meta name=\"twitter:data1\" content=\"1\u00a0Minute\" \/>\n<script type=\"application\/ld+json\" class=\"yoast-schema-graph\">{\"@context\":\"https:\\\/\\\/schema.org\",\"@graph\":[{\"@type\":\"WebPage\",\"@id\":\"https:\\\/\\\/purehivehoney.com\\\/de\\\/product\\\/burts-bees-natural-pflegendes-100-baby-oil-oil-from-apricot-and-grape-oil-1er-pack-x-115-ml\\\/\",\"url\":\"https:\\\/\\\/purehivehoney.com\\\/de\\\/product\\\/burts-bees-natural-pflegendes-100-baby-oil-oil-from-apricot-and-grape-oil-1er-pack-x-115-ml\\\/\",\"name\":\"Burt's bees natural pflegendes 100% baby oil, oil from Apricot and grape oil, 1er Pack x 115 ml - PureHiveHoney\",\"isPartOf\":{\"@id\":\"https:\\\/\\\/purehivehoney.com\\\/de\\\/#website\"},\"primaryImageOfPage\":{\"@id\":\"https:\\\/\\\/purehivehoney.com\\\/de\\\/product\\\/burts-bees-natural-pflegendes-100-baby-oil-oil-from-apricot-and-grape-oil-1er-pack-x-115-ml\\\/#primaryimage\"},\"image\":{\"@id\":\"https:\\\/\\\/purehivehoney.com\\\/de\\\/product\\\/burts-bees-natural-pflegendes-100-baby-oil-oil-from-apricot-and-grape-oil-1er-pack-x-115-ml\\\/#primaryimage\"},\"thumbnailUrl\":\"https:\\\/\\\/purehivehoney.com\\\/de\\\/wp-content\\\/uploads\\\/2026\\\/03\\\/71sjG2ir7sL._SL1500_.jpg\",\"datePublished\":\"2026-03-27T13:02:23+00:00\",\"dateModified\":\"2026-03-27T13:02:31+00:00\",\"description\":\"Entdecken Sie hochwertigen Rohhonig, Bio Honig, Manuka Honig und nat\u00fcrliche Bienenprodukte. PureHiveHoney hilft Ihnen dabei, sorgf\u00e4ltig ausgew\u00e4hlte Honigsorten mit nat\u00fcrlicher Qualit\u00e4t und Reinheit zu entdecken.\",\"breadcrumb\":{\"@id\":\"https:\\\/\\\/purehivehoney.com\\\/de\\\/product\\\/burts-bees-natural-pflegendes-100-baby-oil-oil-from-apricot-and-grape-oil-1er-pack-x-115-ml\\\/#breadcrumb\"},\"inLanguage\":\"de\",\"potentialAction\":[{\"@type\":\"ReadAction\",\"target\":[\"https:\\\/\\\/purehivehoney.com\\\/de\\\/product\\\/burts-bees-natural-pflegendes-100-baby-oil-oil-from-apricot-and-grape-oil-1er-pack-x-115-ml\\\/\"]}]},{\"@type\":\"ImageObject\",\"inLanguage\":\"de\",\"@id\":\"https:\\\/\\\/purehivehoney.com\\\/de\\\/product\\\/burts-bees-natural-pflegendes-100-baby-oil-oil-from-apricot-and-grape-oil-1er-pack-x-115-ml\\\/#primaryimage\",\"url\":\"https:\\\/\\\/purehivehoney.com\\\/de\\\/wp-content\\\/uploads\\\/2026\\\/03\\\/71sjG2ir7sL._SL1500_.jpg\",\"contentUrl\":\"https:\\\/\\\/purehivehoney.com\\\/de\\\/wp-content\\\/uploads\\\/2026\\\/03\\\/71sjG2ir7sL._SL1500_.jpg\",\"width\":633,\"height\":1500},{\"@type\":\"BreadcrumbList\",\"@id\":\"https:\\\/\\\/purehivehoney.com\\\/de\\\/product\\\/burts-bees-natural-pflegendes-100-baby-oil-oil-from-apricot-and-grape-oil-1er-pack-x-115-ml\\\/#breadcrumb\",\"itemListElement\":[{\"@type\":\"ListItem\",\"position\":1,\"name\":\"Home\",\"item\":\"https:\\\/\\\/purehivehoney.com\\\/de\\\/\"},{\"@type\":\"ListItem\",\"position\":2,\"name\":\"Shop\",\"item\":\"https:\\\/\\\/purehivehoney.com\\\/de\\\/shop\\\/\"},{\"@type\":\"ListItem\",\"position\":3,\"name\":\"Burt&#8217;s bees natural pflegende...\"}]},{\"@type\":\"WebSite\",\"@id\":\"https:\\\/\\\/purehivehoney.com\\\/de\\\/#website\",\"url\":\"https:\\\/\\\/purehivehoney.com\\\/de\\\/\",\"name\":\"PureHiveHoney\",\"description\":\"Reiner Honig &amp; Bienenprodukte Online | Rohhonig, Bio Honig &amp; Spezialhonig\",\"publisher\":{\"@id\":\"https:\\\/\\\/purehivehoney.com\\\/de\\\/#organization\"},\"potentialAction\":[{\"@type\":\"SearchAction\",\"target\":{\"@type\":\"EntryPoint\",\"urlTemplate\":\"https:\\\/\\\/purehivehoney.com\\\/de\\\/?s={search_term_string}\"},\"query-input\":{\"@type\":\"PropertyValueSpecification\",\"valueRequired\":true,\"valueName\":\"search_term_string\"}}],\"inLanguage\":\"de\"},{\"@type\":\"Organization\",\"@id\":\"https:\\\/\\\/purehivehoney.com\\\/de\\\/#organization\",\"name\":\"PureHiveHoney\",\"url\":\"https:\\\/\\\/purehivehoney.com\\\/de\\\/\",\"logo\":{\"@type\":\"ImageObject\",\"inLanguage\":\"de\",\"@id\":\"https:\\\/\\\/purehivehoney.com\\\/de\\\/#\\\/schema\\\/logo\\\/image\\\/\",\"url\":\"https:\\\/\\\/purehivehoney.com\\\/de\\\/wp-content\\\/uploads\\\/2026\\\/03\\\/Screenshot-2026-03-16-at-1.06.01-AM.png\",\"contentUrl\":\"https:\\\/\\\/purehivehoney.com\\\/de\\\/wp-content\\\/uploads\\\/2026\\\/03\\\/Screenshot-2026-03-16-at-1.06.01-AM.png\",\"width\":2112,\"height\":1086,\"caption\":\"PureHiveHoney\"},\"image\":{\"@id\":\"https:\\\/\\\/purehivehoney.com\\\/de\\\/#\\\/schema\\\/logo\\\/image\\\/\"}}]}<\/script>\n<!-- \/ Yoast SEO plugin. -->","yoast_head_json":{"title":"Burt's bees natural pflegendes 100% baby oil, oil from Apricot and grape oil, 1er Pack x 115 ml - PureHiveHoney","description":"Entdecken Sie hochwertigen Rohhonig, Bio Honig, Manuka Honig und nat\u00fcrliche Bienenprodukte. PureHiveHoney hilft Ihnen dabei, sorgf\u00e4ltig ausgew\u00e4hlte Honigsorten mit nat\u00fcrlicher Qualit\u00e4t und Reinheit zu entdecken.","robots":{"index":"index","follow":"follow","max-snippet":"max-snippet:-1","max-image-preview":"max-image-preview:large","max-video-preview":"max-video-preview:-1"},"canonical":"https:\/\/purehivehoney.com\/de\/product\/burts-bees-natural-pflegendes-100-baby-oil-oil-from-apricot-and-grape-oil-1er-pack-x-115-ml\/","og_locale":"de_DE","og_type":"article","og_title":"Burt's bees natural pflegendes 100% baby oil, oil from Apricot and grape oil, 1er Pack x 115 ml - PureHiveHoney","og_description":"Entdecken Sie hochwertigen Rohhonig, Bio Honig, Manuka Honig und nat\u00fcrliche Bienenprodukte. PureHiveHoney hilft Ihnen dabei, sorgf\u00e4ltig ausgew\u00e4hlte Honigsorten mit nat\u00fcrlicher Qualit\u00e4t und Reinheit zu entdecken.","og_url":"https:\/\/purehivehoney.com\/de\/product\/burts-bees-natural-pflegendes-100-baby-oil-oil-from-apricot-and-grape-oil-1er-pack-x-115-ml\/","og_site_name":"PureHiveHoney","article_modified_time":"2026-03-27T13:02:31+00:00","twitter_card":"summary_large_image","twitter_misc":{"Gesch\u00e4tzte Lesezeit":"1\u00a0Minute"},"schema":{"@context":"https:\/\/schema.org","@graph":[{"@type":"WebPage","@id":"https:\/\/purehivehoney.com\/de\/product\/burts-bees-natural-pflegendes-100-baby-oil-oil-from-apricot-and-grape-oil-1er-pack-x-115-ml\/","url":"https:\/\/purehivehoney.com\/de\/product\/burts-bees-natural-pflegendes-100-baby-oil-oil-from-apricot-and-grape-oil-1er-pack-x-115-ml\/","name":"Burt's bees natural pflegendes 100% baby oil, oil from Apricot and grape oil, 1er Pack x 115 ml - PureHiveHoney","isPartOf":{"@id":"https:\/\/purehivehoney.com\/de\/#website"},"primaryImageOfPage":{"@id":"https:\/\/purehivehoney.com\/de\/product\/burts-bees-natural-pflegendes-100-baby-oil-oil-from-apricot-and-grape-oil-1er-pack-x-115-ml\/#primaryimage"},"image":{"@id":"https:\/\/purehivehoney.com\/de\/product\/burts-bees-natural-pflegendes-100-baby-oil-oil-from-apricot-and-grape-oil-1er-pack-x-115-ml\/#primaryimage"},"thumbnailUrl":"https:\/\/purehivehoney.com\/de\/wp-content\/uploads\/2026\/03\/71sjG2ir7sL._SL1500_.jpg","datePublished":"2026-03-27T13:02:23+00:00","dateModified":"2026-03-27T13:02:31+00:00","description":"Entdecken Sie hochwertigen Rohhonig, Bio Honig, Manuka Honig und nat\u00fcrliche Bienenprodukte. PureHiveHoney hilft Ihnen dabei, sorgf\u00e4ltig ausgew\u00e4hlte Honigsorten mit nat\u00fcrlicher Qualit\u00e4t und Reinheit zu entdecken.","breadcrumb":{"@id":"https:\/\/purehivehoney.com\/de\/product\/burts-bees-natural-pflegendes-100-baby-oil-oil-from-apricot-and-grape-oil-1er-pack-x-115-ml\/#breadcrumb"},"inLanguage":"de","potentialAction":[{"@type":"ReadAction","target":["https:\/\/purehivehoney.com\/de\/product\/burts-bees-natural-pflegendes-100-baby-oil-oil-from-apricot-and-grape-oil-1er-pack-x-115-ml\/"]}]},{"@type":"ImageObject","inLanguage":"de","@id":"https:\/\/purehivehoney.com\/de\/product\/burts-bees-natural-pflegendes-100-baby-oil-oil-from-apricot-and-grape-oil-1er-pack-x-115-ml\/#primaryimage","url":"https:\/\/purehivehoney.com\/de\/wp-content\/uploads\/2026\/03\/71sjG2ir7sL._SL1500_.jpg","contentUrl":"https:\/\/purehivehoney.com\/de\/wp-content\/uploads\/2026\/03\/71sjG2ir7sL._SL1500_.jpg","width":633,"height":1500},{"@type":"BreadcrumbList","@id":"https:\/\/purehivehoney.com\/de\/product\/burts-bees-natural-pflegendes-100-baby-oil-oil-from-apricot-and-grape-oil-1er-pack-x-115-ml\/#breadcrumb","itemListElement":[{"@type":"ListItem","position":1,"name":"Home","item":"https:\/\/purehivehoney.com\/de\/"},{"@type":"ListItem","position":2,"name":"Shop","item":"https:\/\/purehivehoney.com\/de\/shop\/"},{"@type":"ListItem","position":3,"name":"Burt&#8217;s bees natural pflegende..."}]},{"@type":"WebSite","@id":"https:\/\/purehivehoney.com\/de\/#website","url":"https:\/\/purehivehoney.com\/de\/","name":"PureHiveHoney","description":"Reiner Honig &amp; Bienenprodukte Online | Rohhonig, Bio Honig &amp; Spezialhonig","publisher":{"@id":"https:\/\/purehivehoney.com\/de\/#organization"},"potentialAction":[{"@type":"SearchAction","target":{"@type":"EntryPoint","urlTemplate":"https:\/\/purehivehoney.com\/de\/?s={search_term_string}"},"query-input":{"@type":"PropertyValueSpecification","valueRequired":true,"valueName":"search_term_string"}}],"inLanguage":"de"},{"@type":"Organization","@id":"https:\/\/purehivehoney.com\/de\/#organization","name":"PureHiveHoney","url":"https:\/\/purehivehoney.com\/de\/","logo":{"@type":"ImageObject","inLanguage":"de","@id":"https:\/\/purehivehoney.com\/de\/#\/schema\/logo\/image\/","url":"https:\/\/purehivehoney.com\/de\/wp-content\/uploads\/2026\/03\/Screenshot-2026-03-16-at-1.06.01-AM.png","contentUrl":"https:\/\/purehivehoney.com\/de\/wp-content\/uploads\/2026\/03\/Screenshot-2026-03-16-at-1.06.01-AM.png","width":2112,"height":1086,"caption":"PureHiveHoney"},"image":{"@id":"https:\/\/purehivehoney.com\/de\/#\/schema\/logo\/image\/"}}]}},"_links":{"self":[{"href":"https:\/\/purehivehoney.com\/de\/wp-json\/wp\/v2\/product\/2226","targetHints":{"allow":["GET"]}}],"collection":[{"href":"https:\/\/purehivehoney.com\/de\/wp-json\/wp\/v2\/product"}],"about":[{"href":"https:\/\/purehivehoney.com\/de\/wp-json\/wp\/v2\/types\/product"}],"replies":[{"embeddable":true,"href":"https:\/\/purehivehoney.com\/de\/wp-json\/wp\/v2\/comments?post=2226"}],"wp:featuredmedia":[{"embeddable":true,"href":"https:\/\/purehivehoney.com\/de\/wp-json\/wp\/v2\/media\/2227"}],"wp:attachment":[{"href":"https:\/\/purehivehoney.com\/de\/wp-json\/wp\/v2\/media?parent=2226"}],"wp:term":[{"taxonomy":"store","embeddable":true,"href":"https:\/\/purehivehoney.com\/de\/wp-json\/wp\/v2\/store?post=2226"},{"taxonomy":"product_brand","embeddable":true,"href":"https:\/\/purehivehoney.com\/de\/wp-json\/wp\/v2\/product_brand?post=2226"},{"taxonomy":"product_cat","embeddable":true,"href":"https:\/\/purehivehoney.com\/de\/wp-json\/wp\/v2\/product_cat?post=2226"},{"taxonomy":"product_tag","embeddable":true,"href":"https:\/\/purehivehoney.com\/de\/wp-json\/wp\/v2\/product_tag?post=2226"}],"curies":[{"name":"wp","href":"https:\/\/api.w.org\/{rel}","templated":true}]}}