{"id":2224,"date":"2026-03-26T19:33:21","date_gmt":"2026-03-26T19:33:21","guid":{"rendered":"https:\/\/purehivehoney.com\/de\/product\/allnutrition-nutlove-vegan-coconut-with-almond-nut-crunchie-spread-sugar-free-vegan-spread-almonds-and-coconut-cream-spread-low-calorie-snacks-healthy-snack-500-g\/"},"modified":"2026-03-26T19:33:23","modified_gmt":"2026-03-26T19:33:23","slug":"allnutrition-nutlove-vegan-coconut-with-almond-nut-crunchie-spread-sugar-free-vegan-spread-almonds-and-coconut-cream-spread-low-calorie-snacks-healthy-snack-500-g","status":"publish","type":"product","link":"https:\/\/purehivehoney.com\/de\/product\/allnutrition-nutlove-vegan-coconut-with-almond-nut-crunchie-spread-sugar-free-vegan-spread-almonds-and-coconut-cream-spread-low-calorie-snacks-healthy-snack-500-g\/","title":{"rendered":"ALLNUTRITION Nutlove Vegan Coconut ..."},"content":{"rendered":"<p>    <span>ALLNUTRITION NUTLOVE is a delicious cream pudding refined with almonds and grated coconut. It is made according to the idea of &#8222;healthy diet&#8220; and is completely vegan. Nutlove vegan coconut with almond nut spread is sweetened with maltitol instead of sugar. It has only half the calories as conventional sugar and is safe for your teeth. Ingredients: sweetener: maltitol, shea plant fat, coconut extract powder 12% (coconut extract 97%, tapioca maltodextrin, emulsifier: gum arabic), almonds 5%, grated coconut 5%, sunflower oil, flavours, emulsifier: lecithin, salt<\/span>    <br \/> Product Dimensions                                            \u200f                                            :                                            \u200e                                            10 x 7.8 x 10 cm; 500 g   <br \/> Manufacturer                                            \u200f                                            :                                            \u200e                                            ALLNUTRITION   <br \/> ASIN                                            \u200f                                            :                                            \u200e                                            B0BGST2MP1   <br \/> Item model number                                            \u200f                                            :                                            \u200e                                            5902837741086   <br \/>  Customer reviews:                                                                                            3.9               3.9 out of 5 stars                                  (11)                                              var dpAcrHasRegisteredArcLinkClickAction;                    P.when(&#8218;A&#8216;, &#8218;ready&#8216;).execute(function(A) {                        if (dpAcrHasRegisteredArcLinkClickAction !== true) {                            dpAcrHasRegisteredArcLinkClickAction = true;                            A.declarative(                                &#8218;acrLink-click-metrics&#8216;, &#8218;click&#8216;,                                { &#8222;allowLinkDefault&#8220;: true },                                function (event) {                                    if (window.ue) {                                        ue.count(&#8222;acrLinkClickCount&#8220;, (ue.count(&#8222;acrLinkClickCount&#8220;) || 0) + 1);                                    }                                }                            );                        }                    });                                             P.when(&#8218;A&#8216;, &#8218;cf&#8216;).execute(function(A) {                A.declarative(&#8218;acrStarsLink-click-metrics&#8216;, &#8218;click&#8216;, { &#8222;allowLinkDefault&#8220; : true },  function(event){                    if(window.ue) {                        ue.count(&#8222;acrStarsLinkWithPopoverClickCount&#8220;, (ue.count(&#8222;acrStarsLinkWithPopoverClickCount&#8220;) || 0) + 1);                    }                });            });                          <br \/>COCONUT CREAM Coconut with Almond Nut is an absolutely healthy spread based on coconut extract with crisp almond bits and shredded coconut. It is also suitable for vegans.<br \/>VERSATILE You can use the cream spread offered as a guilt-free addition to your favorite snacks and dishes, including matching desserts, omelets, rice waffles or pancakes. You can also just eat it straight from the glass or put it on bread or toast.<br \/>Low Calorie Sweets Our spread contains no added sugar (and only chocolate without sugar). The minimum amount of fat and naturally occurring sugars (only 2g per serving) allows you to enjoy the flavor without regret.<br \/>Healthy snacks: the spread offered is sweetened only with healthy sugar substitute &#8211; maltitol used in the same proportions as sugar. The product composition of our low-fat snack also contains no palm oil, no added salt and no trans fats.<br \/>Quick to hand: the product offered is sold in handy plastic containers with lids that contain 500 grams of spread, so you always have a matching snack at hand.<\/p>\n\n","protected":false},"excerpt":{"rendered":"<p>ALLNUTRITION NUTLOVE is a delicious cream pudding refined with almonds and grated coconut. It is made according to the idea of &#8222;healthy diet&#8220; and is completely vegan. Nutlove vegan coconut with almond nut spread is sweetened with maltitol instead of sugar. It has only half the calories as conventional sugar and is safe for your [&hellip;]<\/p>\n","protected":false},"featured_media":2225,"comment_status":"open","ping_status":"closed","template":"","meta":{"_aipt_faq_data":""},"store":[],"product_brand":[329],"product_cat":[58],"product_tag":[328],"class_list":{"0":"post-2224","1":"product","2":"type-product","3":"status-publish","4":"has-post-thumbnail","6":"product_brand-allnutrition","7":"product_cat-honig-nuss-aufstriche","8":"product_tag-honig-nuss-aufstriche-vegan","10":"first","11":"instock","12":"shipping-taxable","13":"product-type-external"},"yoast_head":"<!-- This site is optimized with the Yoast SEO plugin v27.4 - https:\/\/yoast.com\/product\/yoast-seo-wordpress\/ -->\n<title>ALLNUTRITION Nutlove Vegan Coconut with Almond Nut Crunchie Spread - Sugar-Free Vegan Spread - Almonds and Coconut Cream Spread - Low Calorie Snacks - Healthy Snack - 500 g - PureHiveHoney<\/title>\n<meta name=\"description\" content=\"Entdecken Sie hochwertigen Rohhonig, Bio Honig, Manuka Honig und nat\u00fcrliche Bienenprodukte. PureHiveHoney hilft Ihnen dabei, sorgf\u00e4ltig ausgew\u00e4hlte Honigsorten mit nat\u00fcrlicher Qualit\u00e4t und Reinheit zu entdecken.\" \/>\n<meta name=\"robots\" content=\"index, follow, max-snippet:-1, max-image-preview:large, max-video-preview:-1\" \/>\n<link rel=\"canonical\" href=\"https:\/\/purehivehoney.com\/de\/product\/allnutrition-nutlove-vegan-coconut-with-almond-nut-crunchie-spread-sugar-free-vegan-spread-almonds-and-coconut-cream-spread-low-calorie-snacks-healthy-snack-500-g\/\" \/>\n<meta property=\"og:locale\" content=\"de_DE\" \/>\n<meta property=\"og:type\" content=\"article\" \/>\n<meta property=\"og:title\" content=\"ALLNUTRITION Nutlove Vegan Coconut with Almond Nut Crunchie Spread - Sugar-Free Vegan Spread - Almonds and Coconut Cream Spread - Low Calorie Snacks - Healthy Snack - 500 g - PureHiveHoney\" \/>\n<meta property=\"og:description\" content=\"Entdecken Sie hochwertigen Rohhonig, Bio Honig, Manuka Honig und nat\u00fcrliche Bienenprodukte. PureHiveHoney hilft Ihnen dabei, sorgf\u00e4ltig ausgew\u00e4hlte Honigsorten mit nat\u00fcrlicher Qualit\u00e4t und Reinheit zu entdecken.\" \/>\n<meta property=\"og:url\" content=\"https:\/\/purehivehoney.com\/de\/product\/allnutrition-nutlove-vegan-coconut-with-almond-nut-crunchie-spread-sugar-free-vegan-spread-almonds-and-coconut-cream-spread-low-calorie-snacks-healthy-snack-500-g\/\" \/>\n<meta property=\"og:site_name\" content=\"PureHiveHoney\" \/>\n<meta property=\"article:modified_time\" content=\"2026-03-26T19:33:23+00:00\" \/>\n<meta name=\"twitter:card\" content=\"summary_large_image\" \/>\n<meta name=\"twitter:label1\" content=\"Gesch\u00e4tzte Lesezeit\" \/>\n\t<meta name=\"twitter:data1\" content=\"2\u00a0Minuten\" \/>\n<script type=\"application\/ld+json\" class=\"yoast-schema-graph\">{\"@context\":\"https:\\\/\\\/schema.org\",\"@graph\":[{\"@type\":\"WebPage\",\"@id\":\"https:\\\/\\\/purehivehoney.com\\\/de\\\/product\\\/allnutrition-nutlove-vegan-coconut-with-almond-nut-crunchie-spread-sugar-free-vegan-spread-almonds-and-coconut-cream-spread-low-calorie-snacks-healthy-snack-500-g\\\/\",\"url\":\"https:\\\/\\\/purehivehoney.com\\\/de\\\/product\\\/allnutrition-nutlove-vegan-coconut-with-almond-nut-crunchie-spread-sugar-free-vegan-spread-almonds-and-coconut-cream-spread-low-calorie-snacks-healthy-snack-500-g\\\/\",\"name\":\"ALLNUTRITION Nutlove Vegan Coconut with Almond Nut Crunchie Spread - Sugar-Free Vegan Spread - Almonds and Coconut Cream Spread - Low Calorie Snacks - Healthy Snack - 500 g - PureHiveHoney\",\"isPartOf\":{\"@id\":\"https:\\\/\\\/purehivehoney.com\\\/de\\\/#website\"},\"primaryImageOfPage\":{\"@id\":\"https:\\\/\\\/purehivehoney.com\\\/de\\\/product\\\/allnutrition-nutlove-vegan-coconut-with-almond-nut-crunchie-spread-sugar-free-vegan-spread-almonds-and-coconut-cream-spread-low-calorie-snacks-healthy-snack-500-g\\\/#primaryimage\"},\"image\":{\"@id\":\"https:\\\/\\\/purehivehoney.com\\\/de\\\/product\\\/allnutrition-nutlove-vegan-coconut-with-almond-nut-crunchie-spread-sugar-free-vegan-spread-almonds-and-coconut-cream-spread-low-calorie-snacks-healthy-snack-500-g\\\/#primaryimage\"},\"thumbnailUrl\":\"https:\\\/\\\/purehivehoney.com\\\/de\\\/wp-content\\\/uploads\\\/2026\\\/03\\\/71Bqk4tna7L._SL1500_.jpg\",\"datePublished\":\"2026-03-26T19:33:21+00:00\",\"dateModified\":\"2026-03-26T19:33:23+00:00\",\"description\":\"Entdecken Sie hochwertigen Rohhonig, Bio Honig, Manuka Honig und nat\u00fcrliche Bienenprodukte. PureHiveHoney hilft Ihnen dabei, sorgf\u00e4ltig ausgew\u00e4hlte Honigsorten mit nat\u00fcrlicher Qualit\u00e4t und Reinheit zu entdecken.\",\"breadcrumb\":{\"@id\":\"https:\\\/\\\/purehivehoney.com\\\/de\\\/product\\\/allnutrition-nutlove-vegan-coconut-with-almond-nut-crunchie-spread-sugar-free-vegan-spread-almonds-and-coconut-cream-spread-low-calorie-snacks-healthy-snack-500-g\\\/#breadcrumb\"},\"inLanguage\":\"de\",\"potentialAction\":[{\"@type\":\"ReadAction\",\"target\":[\"https:\\\/\\\/purehivehoney.com\\\/de\\\/product\\\/allnutrition-nutlove-vegan-coconut-with-almond-nut-crunchie-spread-sugar-free-vegan-spread-almonds-and-coconut-cream-spread-low-calorie-snacks-healthy-snack-500-g\\\/\"]}]},{\"@type\":\"ImageObject\",\"inLanguage\":\"de\",\"@id\":\"https:\\\/\\\/purehivehoney.com\\\/de\\\/product\\\/allnutrition-nutlove-vegan-coconut-with-almond-nut-crunchie-spread-sugar-free-vegan-spread-almonds-and-coconut-cream-spread-low-calorie-snacks-healthy-snack-500-g\\\/#primaryimage\",\"url\":\"https:\\\/\\\/purehivehoney.com\\\/de\\\/wp-content\\\/uploads\\\/2026\\\/03\\\/71Bqk4tna7L._SL1500_.jpg\",\"contentUrl\":\"https:\\\/\\\/purehivehoney.com\\\/de\\\/wp-content\\\/uploads\\\/2026\\\/03\\\/71Bqk4tna7L._SL1500_.jpg\",\"width\":1500,\"height\":1125},{\"@type\":\"BreadcrumbList\",\"@id\":\"https:\\\/\\\/purehivehoney.com\\\/de\\\/product\\\/allnutrition-nutlove-vegan-coconut-with-almond-nut-crunchie-spread-sugar-free-vegan-spread-almonds-and-coconut-cream-spread-low-calorie-snacks-healthy-snack-500-g\\\/#breadcrumb\",\"itemListElement\":[{\"@type\":\"ListItem\",\"position\":1,\"name\":\"Home\",\"item\":\"https:\\\/\\\/purehivehoney.com\\\/de\\\/\"},{\"@type\":\"ListItem\",\"position\":2,\"name\":\"Shop\",\"item\":\"https:\\\/\\\/purehivehoney.com\\\/de\\\/shop\\\/\"},{\"@type\":\"ListItem\",\"position\":3,\"name\":\"ALLNUTRITION Nutlove Vegan Coconut ...\"}]},{\"@type\":\"WebSite\",\"@id\":\"https:\\\/\\\/purehivehoney.com\\\/de\\\/#website\",\"url\":\"https:\\\/\\\/purehivehoney.com\\\/de\\\/\",\"name\":\"PureHiveHoney\",\"description\":\"Reiner Honig &amp; Bienenprodukte Online | Rohhonig, Bio Honig &amp; Spezialhonig\",\"publisher\":{\"@id\":\"https:\\\/\\\/purehivehoney.com\\\/de\\\/#organization\"},\"potentialAction\":[{\"@type\":\"SearchAction\",\"target\":{\"@type\":\"EntryPoint\",\"urlTemplate\":\"https:\\\/\\\/purehivehoney.com\\\/de\\\/?s={search_term_string}\"},\"query-input\":{\"@type\":\"PropertyValueSpecification\",\"valueRequired\":true,\"valueName\":\"search_term_string\"}}],\"inLanguage\":\"de\"},{\"@type\":\"Organization\",\"@id\":\"https:\\\/\\\/purehivehoney.com\\\/de\\\/#organization\",\"name\":\"PureHiveHoney\",\"url\":\"https:\\\/\\\/purehivehoney.com\\\/de\\\/\",\"logo\":{\"@type\":\"ImageObject\",\"inLanguage\":\"de\",\"@id\":\"https:\\\/\\\/purehivehoney.com\\\/de\\\/#\\\/schema\\\/logo\\\/image\\\/\",\"url\":\"https:\\\/\\\/purehivehoney.com\\\/de\\\/wp-content\\\/uploads\\\/2026\\\/03\\\/Screenshot-2026-03-16-at-1.06.01-AM.png\",\"contentUrl\":\"https:\\\/\\\/purehivehoney.com\\\/de\\\/wp-content\\\/uploads\\\/2026\\\/03\\\/Screenshot-2026-03-16-at-1.06.01-AM.png\",\"width\":2112,\"height\":1086,\"caption\":\"PureHiveHoney\"},\"image\":{\"@id\":\"https:\\\/\\\/purehivehoney.com\\\/de\\\/#\\\/schema\\\/logo\\\/image\\\/\"}}]}<\/script>\n<!-- \/ Yoast SEO plugin. -->","yoast_head_json":{"title":"ALLNUTRITION Nutlove Vegan Coconut with Almond Nut Crunchie Spread - Sugar-Free Vegan Spread - Almonds and Coconut Cream Spread - Low Calorie Snacks - Healthy Snack - 500 g - PureHiveHoney","description":"Entdecken Sie hochwertigen Rohhonig, Bio Honig, Manuka Honig und nat\u00fcrliche Bienenprodukte. PureHiveHoney hilft Ihnen dabei, sorgf\u00e4ltig ausgew\u00e4hlte Honigsorten mit nat\u00fcrlicher Qualit\u00e4t und Reinheit zu entdecken.","robots":{"index":"index","follow":"follow","max-snippet":"max-snippet:-1","max-image-preview":"max-image-preview:large","max-video-preview":"max-video-preview:-1"},"canonical":"https:\/\/purehivehoney.com\/de\/product\/allnutrition-nutlove-vegan-coconut-with-almond-nut-crunchie-spread-sugar-free-vegan-spread-almonds-and-coconut-cream-spread-low-calorie-snacks-healthy-snack-500-g\/","og_locale":"de_DE","og_type":"article","og_title":"ALLNUTRITION Nutlove Vegan Coconut with Almond Nut Crunchie Spread - Sugar-Free Vegan Spread - Almonds and Coconut Cream Spread - Low Calorie Snacks - Healthy Snack - 500 g - PureHiveHoney","og_description":"Entdecken Sie hochwertigen Rohhonig, Bio Honig, Manuka Honig und nat\u00fcrliche Bienenprodukte. PureHiveHoney hilft Ihnen dabei, sorgf\u00e4ltig ausgew\u00e4hlte Honigsorten mit nat\u00fcrlicher Qualit\u00e4t und Reinheit zu entdecken.","og_url":"https:\/\/purehivehoney.com\/de\/product\/allnutrition-nutlove-vegan-coconut-with-almond-nut-crunchie-spread-sugar-free-vegan-spread-almonds-and-coconut-cream-spread-low-calorie-snacks-healthy-snack-500-g\/","og_site_name":"PureHiveHoney","article_modified_time":"2026-03-26T19:33:23+00:00","twitter_card":"summary_large_image","twitter_misc":{"Gesch\u00e4tzte Lesezeit":"2\u00a0Minuten"},"schema":{"@context":"https:\/\/schema.org","@graph":[{"@type":"WebPage","@id":"https:\/\/purehivehoney.com\/de\/product\/allnutrition-nutlove-vegan-coconut-with-almond-nut-crunchie-spread-sugar-free-vegan-spread-almonds-and-coconut-cream-spread-low-calorie-snacks-healthy-snack-500-g\/","url":"https:\/\/purehivehoney.com\/de\/product\/allnutrition-nutlove-vegan-coconut-with-almond-nut-crunchie-spread-sugar-free-vegan-spread-almonds-and-coconut-cream-spread-low-calorie-snacks-healthy-snack-500-g\/","name":"ALLNUTRITION Nutlove Vegan Coconut with Almond Nut Crunchie Spread - Sugar-Free Vegan Spread - Almonds and Coconut Cream Spread - Low Calorie Snacks - Healthy Snack - 500 g - PureHiveHoney","isPartOf":{"@id":"https:\/\/purehivehoney.com\/de\/#website"},"primaryImageOfPage":{"@id":"https:\/\/purehivehoney.com\/de\/product\/allnutrition-nutlove-vegan-coconut-with-almond-nut-crunchie-spread-sugar-free-vegan-spread-almonds-and-coconut-cream-spread-low-calorie-snacks-healthy-snack-500-g\/#primaryimage"},"image":{"@id":"https:\/\/purehivehoney.com\/de\/product\/allnutrition-nutlove-vegan-coconut-with-almond-nut-crunchie-spread-sugar-free-vegan-spread-almonds-and-coconut-cream-spread-low-calorie-snacks-healthy-snack-500-g\/#primaryimage"},"thumbnailUrl":"https:\/\/purehivehoney.com\/de\/wp-content\/uploads\/2026\/03\/71Bqk4tna7L._SL1500_.jpg","datePublished":"2026-03-26T19:33:21+00:00","dateModified":"2026-03-26T19:33:23+00:00","description":"Entdecken Sie hochwertigen Rohhonig, Bio Honig, Manuka Honig und nat\u00fcrliche Bienenprodukte. PureHiveHoney hilft Ihnen dabei, sorgf\u00e4ltig ausgew\u00e4hlte Honigsorten mit nat\u00fcrlicher Qualit\u00e4t und Reinheit zu entdecken.","breadcrumb":{"@id":"https:\/\/purehivehoney.com\/de\/product\/allnutrition-nutlove-vegan-coconut-with-almond-nut-crunchie-spread-sugar-free-vegan-spread-almonds-and-coconut-cream-spread-low-calorie-snacks-healthy-snack-500-g\/#breadcrumb"},"inLanguage":"de","potentialAction":[{"@type":"ReadAction","target":["https:\/\/purehivehoney.com\/de\/product\/allnutrition-nutlove-vegan-coconut-with-almond-nut-crunchie-spread-sugar-free-vegan-spread-almonds-and-coconut-cream-spread-low-calorie-snacks-healthy-snack-500-g\/"]}]},{"@type":"ImageObject","inLanguage":"de","@id":"https:\/\/purehivehoney.com\/de\/product\/allnutrition-nutlove-vegan-coconut-with-almond-nut-crunchie-spread-sugar-free-vegan-spread-almonds-and-coconut-cream-spread-low-calorie-snacks-healthy-snack-500-g\/#primaryimage","url":"https:\/\/purehivehoney.com\/de\/wp-content\/uploads\/2026\/03\/71Bqk4tna7L._SL1500_.jpg","contentUrl":"https:\/\/purehivehoney.com\/de\/wp-content\/uploads\/2026\/03\/71Bqk4tna7L._SL1500_.jpg","width":1500,"height":1125},{"@type":"BreadcrumbList","@id":"https:\/\/purehivehoney.com\/de\/product\/allnutrition-nutlove-vegan-coconut-with-almond-nut-crunchie-spread-sugar-free-vegan-spread-almonds-and-coconut-cream-spread-low-calorie-snacks-healthy-snack-500-g\/#breadcrumb","itemListElement":[{"@type":"ListItem","position":1,"name":"Home","item":"https:\/\/purehivehoney.com\/de\/"},{"@type":"ListItem","position":2,"name":"Shop","item":"https:\/\/purehivehoney.com\/de\/shop\/"},{"@type":"ListItem","position":3,"name":"ALLNUTRITION Nutlove Vegan Coconut ..."}]},{"@type":"WebSite","@id":"https:\/\/purehivehoney.com\/de\/#website","url":"https:\/\/purehivehoney.com\/de\/","name":"PureHiveHoney","description":"Reiner Honig &amp; Bienenprodukte Online | Rohhonig, Bio Honig &amp; Spezialhonig","publisher":{"@id":"https:\/\/purehivehoney.com\/de\/#organization"},"potentialAction":[{"@type":"SearchAction","target":{"@type":"EntryPoint","urlTemplate":"https:\/\/purehivehoney.com\/de\/?s={search_term_string}"},"query-input":{"@type":"PropertyValueSpecification","valueRequired":true,"valueName":"search_term_string"}}],"inLanguage":"de"},{"@type":"Organization","@id":"https:\/\/purehivehoney.com\/de\/#organization","name":"PureHiveHoney","url":"https:\/\/purehivehoney.com\/de\/","logo":{"@type":"ImageObject","inLanguage":"de","@id":"https:\/\/purehivehoney.com\/de\/#\/schema\/logo\/image\/","url":"https:\/\/purehivehoney.com\/de\/wp-content\/uploads\/2026\/03\/Screenshot-2026-03-16-at-1.06.01-AM.png","contentUrl":"https:\/\/purehivehoney.com\/de\/wp-content\/uploads\/2026\/03\/Screenshot-2026-03-16-at-1.06.01-AM.png","width":2112,"height":1086,"caption":"PureHiveHoney"},"image":{"@id":"https:\/\/purehivehoney.com\/de\/#\/schema\/logo\/image\/"}}]}},"_links":{"self":[{"href":"https:\/\/purehivehoney.com\/de\/wp-json\/wp\/v2\/product\/2224","targetHints":{"allow":["GET"]}}],"collection":[{"href":"https:\/\/purehivehoney.com\/de\/wp-json\/wp\/v2\/product"}],"about":[{"href":"https:\/\/purehivehoney.com\/de\/wp-json\/wp\/v2\/types\/product"}],"replies":[{"embeddable":true,"href":"https:\/\/purehivehoney.com\/de\/wp-json\/wp\/v2\/comments?post=2224"}],"wp:featuredmedia":[{"embeddable":true,"href":"https:\/\/purehivehoney.com\/de\/wp-json\/wp\/v2\/media\/2225"}],"wp:attachment":[{"href":"https:\/\/purehivehoney.com\/de\/wp-json\/wp\/v2\/media?parent=2224"}],"wp:term":[{"taxonomy":"store","embeddable":true,"href":"https:\/\/purehivehoney.com\/de\/wp-json\/wp\/v2\/store?post=2224"},{"taxonomy":"product_brand","embeddable":true,"href":"https:\/\/purehivehoney.com\/de\/wp-json\/wp\/v2\/product_brand?post=2224"},{"taxonomy":"product_cat","embeddable":true,"href":"https:\/\/purehivehoney.com\/de\/wp-json\/wp\/v2\/product_cat?post=2224"},{"taxonomy":"product_tag","embeddable":true,"href":"https:\/\/purehivehoney.com\/de\/wp-json\/wp\/v2\/product_tag?post=2224"}],"curies":[{"name":"wp","href":"https:\/\/api.w.org\/{rel}","templated":true}]}}