{"id":2212,"date":"2026-03-26T11:07:22","date_gmt":"2026-03-26T11:07:22","guid":{"rendered":"https:\/\/purehivehoney.com\/de\/product\/thymian-liebt-honig-mein-gesundes-jahr-mit-heilpflanzen-und-bienenkraft-organe-immunsystem-und-seele-monat-fuer-monat-staerken\/"},"modified":"2026-03-26T11:07:25","modified_gmt":"2026-03-26T11:07:25","slug":"thymian-liebt-honig-mein-gesundes-jahr-mit-heilpflanzen-und-bienenkraft-organe-immunsystem-und-seele-monat-fuer-monat-staerken","status":"publish","type":"product","link":"https:\/\/purehivehoney.com\/de\/product\/thymian-liebt-honig-mein-gesundes-jahr-mit-heilpflanzen-und-bienenkraft-organe-immunsystem-und-seele-monat-fuer-monat-staerken\/","title":{"rendered":"Thymian liebt Honig: Mein gesundes ..."},"content":{"rendered":"<p>  Endlich ein Buch, dass die naturheilkundlichen Lieblingsprodukte Honig, Pollen, Propolis und Heilpflanzen vereint. Monat f\u00fcr Monat behandelt die Autorin einen Gesundheitsaspekt: Immunsystem st\u00e4rken mit Wildsamen und Pollen im Januar, Vitalkr\u00e4fte sammeln mit jungen Wildkr\u00e4utern im M\u00e4rz, Leber und Galle mit Bitterstoffen pflegen im April, Kreislauf und Gelenke unterst\u00fctzen im Wandermonat Juli, Darm sanieren mit Wurzeln im Oktober. Passend zum Monatsthema gibt es besondere Gesundheits- und Genussrezepte mit Kr\u00e4utern und Bienenprodukten. Heilsame Pflanzen und die Sch\u00e4tze von unseren Honigbienen erg\u00e4nzen sich in idealer Weise, um unsere Gesundheit auf achtsame Weise zu pflegen.    <br \/>Publisher                                            \u200f                                            :                                            \u200e                                                        Verlag Eugen Ulmer       <br \/> Publication date                                            \u200f                                            :                                            \u200e                                                        20 April 2023       <br \/> Language                                            \u200f                                            :                                            \u200e                                            German   <br \/> Print length                                            \u200f                                            :                                            \u200e                                                        160 pages       <br \/> ISBN-10                                            \u200f                                            :                                            \u200e                                                        3818617481       <br \/> ISBN-13                                            \u200f                                            :                                            \u200e                                                        978-3818617486       <br \/> Dimensions                                            \u200f                                            :                                            \u200e                                                        16.8 x 1.5 x 23.3 cm       <br \/>       Best Sellers Rank:  828,543 in Books (See Top 100 in Books)    887 in Herbal Remedies   901 in Homoeopathy   7,910 in Energy &#038; Healing      <br \/>  Customer reviews:                                                                                            4.4               4.4 out of 5 stars                                  (4)                                              var dpAcrHasRegisteredArcLinkClickAction;                    P.when(&#8218;A&#8216;, &#8218;ready&#8216;).execute(function(A) {                        if (dpAcrHasRegisteredArcLinkClickAction !== true) {                            dpAcrHasRegisteredArcLinkClickAction = true;                            A.declarative(                                &#8218;acrLink-click-metrics&#8216;, &#8218;click&#8216;,                                { &#8222;allowLinkDefault&#8220;: true },                                function (event) {                                    if (window.ue) {                                        ue.count(&#8222;acrLinkClickCount&#8220;, (ue.count(&#8222;acrLinkClickCount&#8220;) || 0) + 1);                                    }                                }                            );                        }                    });                                             P.when(&#8218;A&#8216;, &#8218;cf&#8216;).execute(function(A) {                A.declarative(&#8218;acrStarsLink-click-metrics&#8216;, &#8218;click&#8216;, { &#8222;allowLinkDefault&#8220; : true },  function(event){                    if(window.ue) {                        ue.count(&#8222;acrStarsLinkWithPopoverClickCount&#8220;, (ue.count(&#8222;acrStarsLinkWithPopoverClickCount&#8220;) || 0) + 1);                    }                });            });                          <br \/><\/p>\n","protected":false},"excerpt":{"rendered":"<p>Endlich ein Buch, dass die naturheilkundlichen Lieblingsprodukte Honig, Pollen, Propolis und Heilpflanzen vereint. Monat f\u00fcr Monat behandelt die Autorin einen Gesundheitsaspekt: Immunsystem st\u00e4rken mit Wildsamen und Pollen im Januar, Vitalkr\u00e4fte sammeln mit jungen Wildkr\u00e4utern im M\u00e4rz, Leber und Galle mit Bitterstoffen pflegen im April, Kreislauf und Gelenke unterst\u00fctzen im Wandermonat Juli, Darm sanieren mit Wurzeln [&hellip;]<\/p>\n","protected":false},"featured_media":2213,"comment_status":"open","ping_status":"closed","template":"","meta":{"_aipt_faq_data":""},"store":[],"product_brand":[],"product_cat":[60],"product_tag":[199],"class_list":{"0":"post-2212","1":"product","2":"type-product","3":"status-publish","4":"has-post-thumbnail","6":"product_cat-honig-fur-das-immunsystem","7":"product_tag-honig-fuer-das-immunsystem-mit-propolis","9":"first","10":"instock","11":"shipping-taxable","12":"product-type-external"},"yoast_head":"<!-- This site is optimized with the Yoast SEO plugin v27.4 - https:\/\/yoast.com\/product\/yoast-seo-wordpress\/ -->\n<title>Thymian liebt Honig: Mein gesundes Jahr mit Heilpflanzen und Bienenkraft. Organe, Immunsystem und Seele Monat f\u00fcr Monat st\u00e4rken - PureHiveHoney<\/title>\n<meta name=\"description\" content=\"Entdecken Sie hochwertigen Rohhonig, Bio Honig, Manuka Honig und nat\u00fcrliche Bienenprodukte. PureHiveHoney hilft Ihnen dabei, sorgf\u00e4ltig ausgew\u00e4hlte Honigsorten mit nat\u00fcrlicher Qualit\u00e4t und Reinheit zu entdecken.\" \/>\n<meta name=\"robots\" content=\"index, follow, max-snippet:-1, max-image-preview:large, max-video-preview:-1\" \/>\n<link rel=\"canonical\" href=\"https:\/\/purehivehoney.com\/de\/product\/thymian-liebt-honig-mein-gesundes-jahr-mit-heilpflanzen-und-bienenkraft-organe-immunsystem-und-seele-monat-fuer-monat-staerken\/\" \/>\n<meta property=\"og:locale\" content=\"de_DE\" \/>\n<meta property=\"og:type\" content=\"article\" \/>\n<meta property=\"og:title\" content=\"Thymian liebt Honig: Mein gesundes Jahr mit Heilpflanzen und Bienenkraft. Organe, Immunsystem und Seele Monat f\u00fcr Monat st\u00e4rken - PureHiveHoney\" \/>\n<meta property=\"og:description\" content=\"Entdecken Sie hochwertigen Rohhonig, Bio Honig, Manuka Honig und nat\u00fcrliche Bienenprodukte. PureHiveHoney hilft Ihnen dabei, sorgf\u00e4ltig ausgew\u00e4hlte Honigsorten mit nat\u00fcrlicher Qualit\u00e4t und Reinheit zu entdecken.\" \/>\n<meta property=\"og:url\" content=\"https:\/\/purehivehoney.com\/de\/product\/thymian-liebt-honig-mein-gesundes-jahr-mit-heilpflanzen-und-bienenkraft-organe-immunsystem-und-seele-monat-fuer-monat-staerken\/\" \/>\n<meta property=\"og:site_name\" content=\"PureHiveHoney\" \/>\n<meta property=\"article:modified_time\" content=\"2026-03-26T11:07:25+00:00\" \/>\n<meta name=\"twitter:card\" content=\"summary_large_image\" \/>\n<meta name=\"twitter:label1\" content=\"Gesch\u00e4tzte Lesezeit\" \/>\n\t<meta name=\"twitter:data1\" content=\"1\u00a0Minute\" \/>\n<script type=\"application\/ld+json\" class=\"yoast-schema-graph\">{\"@context\":\"https:\\\/\\\/schema.org\",\"@graph\":[{\"@type\":\"WebPage\",\"@id\":\"https:\\\/\\\/purehivehoney.com\\\/de\\\/product\\\/thymian-liebt-honig-mein-gesundes-jahr-mit-heilpflanzen-und-bienenkraft-organe-immunsystem-und-seele-monat-fuer-monat-staerken\\\/\",\"url\":\"https:\\\/\\\/purehivehoney.com\\\/de\\\/product\\\/thymian-liebt-honig-mein-gesundes-jahr-mit-heilpflanzen-und-bienenkraft-organe-immunsystem-und-seele-monat-fuer-monat-staerken\\\/\",\"name\":\"Thymian liebt Honig: Mein gesundes Jahr mit Heilpflanzen und Bienenkraft. Organe, Immunsystem und Seele Monat f\u00fcr Monat st\u00e4rken - PureHiveHoney\",\"isPartOf\":{\"@id\":\"https:\\\/\\\/purehivehoney.com\\\/de\\\/#website\"},\"primaryImageOfPage\":{\"@id\":\"https:\\\/\\\/purehivehoney.com\\\/de\\\/product\\\/thymian-liebt-honig-mein-gesundes-jahr-mit-heilpflanzen-und-bienenkraft-organe-immunsystem-und-seele-monat-fuer-monat-staerken\\\/#primaryimage\"},\"image\":{\"@id\":\"https:\\\/\\\/purehivehoney.com\\\/de\\\/product\\\/thymian-liebt-honig-mein-gesundes-jahr-mit-heilpflanzen-und-bienenkraft-organe-immunsystem-und-seele-monat-fuer-monat-staerken\\\/#primaryimage\"},\"thumbnailUrl\":\"https:\\\/\\\/purehivehoney.com\\\/de\\\/wp-content\\\/uploads\\\/2026\\\/03\\\/813nJkIX8GL._SL1400_.jpg\",\"datePublished\":\"2026-03-26T11:07:22+00:00\",\"dateModified\":\"2026-03-26T11:07:25+00:00\",\"description\":\"Entdecken Sie hochwertigen Rohhonig, Bio Honig, Manuka Honig und nat\u00fcrliche Bienenprodukte. PureHiveHoney hilft Ihnen dabei, sorgf\u00e4ltig ausgew\u00e4hlte Honigsorten mit nat\u00fcrlicher Qualit\u00e4t und Reinheit zu entdecken.\",\"breadcrumb\":{\"@id\":\"https:\\\/\\\/purehivehoney.com\\\/de\\\/product\\\/thymian-liebt-honig-mein-gesundes-jahr-mit-heilpflanzen-und-bienenkraft-organe-immunsystem-und-seele-monat-fuer-monat-staerken\\\/#breadcrumb\"},\"inLanguage\":\"de\",\"potentialAction\":[{\"@type\":\"ReadAction\",\"target\":[\"https:\\\/\\\/purehivehoney.com\\\/de\\\/product\\\/thymian-liebt-honig-mein-gesundes-jahr-mit-heilpflanzen-und-bienenkraft-organe-immunsystem-und-seele-monat-fuer-monat-staerken\\\/\"]}]},{\"@type\":\"ImageObject\",\"inLanguage\":\"de\",\"@id\":\"https:\\\/\\\/purehivehoney.com\\\/de\\\/product\\\/thymian-liebt-honig-mein-gesundes-jahr-mit-heilpflanzen-und-bienenkraft-organe-immunsystem-und-seele-monat-fuer-monat-staerken\\\/#primaryimage\",\"url\":\"https:\\\/\\\/purehivehoney.com\\\/de\\\/wp-content\\\/uploads\\\/2026\\\/03\\\/813nJkIX8GL._SL1400_.jpg\",\"contentUrl\":\"https:\\\/\\\/purehivehoney.com\\\/de\\\/wp-content\\\/uploads\\\/2026\\\/03\\\/813nJkIX8GL._SL1400_.jpg\",\"width\":1025,\"height\":1400},{\"@type\":\"BreadcrumbList\",\"@id\":\"https:\\\/\\\/purehivehoney.com\\\/de\\\/product\\\/thymian-liebt-honig-mein-gesundes-jahr-mit-heilpflanzen-und-bienenkraft-organe-immunsystem-und-seele-monat-fuer-monat-staerken\\\/#breadcrumb\",\"itemListElement\":[{\"@type\":\"ListItem\",\"position\":1,\"name\":\"Home\",\"item\":\"https:\\\/\\\/purehivehoney.com\\\/de\\\/\"},{\"@type\":\"ListItem\",\"position\":2,\"name\":\"Shop\",\"item\":\"https:\\\/\\\/purehivehoney.com\\\/de\\\/shop\\\/\"},{\"@type\":\"ListItem\",\"position\":3,\"name\":\"Thymian liebt Honig: Mein gesundes ...\"}]},{\"@type\":\"WebSite\",\"@id\":\"https:\\\/\\\/purehivehoney.com\\\/de\\\/#website\",\"url\":\"https:\\\/\\\/purehivehoney.com\\\/de\\\/\",\"name\":\"PureHiveHoney\",\"description\":\"Reiner Honig &amp; Bienenprodukte Online | Rohhonig, Bio Honig &amp; Spezialhonig\",\"publisher\":{\"@id\":\"https:\\\/\\\/purehivehoney.com\\\/de\\\/#organization\"},\"potentialAction\":[{\"@type\":\"SearchAction\",\"target\":{\"@type\":\"EntryPoint\",\"urlTemplate\":\"https:\\\/\\\/purehivehoney.com\\\/de\\\/?s={search_term_string}\"},\"query-input\":{\"@type\":\"PropertyValueSpecification\",\"valueRequired\":true,\"valueName\":\"search_term_string\"}}],\"inLanguage\":\"de\"},{\"@type\":\"Organization\",\"@id\":\"https:\\\/\\\/purehivehoney.com\\\/de\\\/#organization\",\"name\":\"PureHiveHoney\",\"url\":\"https:\\\/\\\/purehivehoney.com\\\/de\\\/\",\"logo\":{\"@type\":\"ImageObject\",\"inLanguage\":\"de\",\"@id\":\"https:\\\/\\\/purehivehoney.com\\\/de\\\/#\\\/schema\\\/logo\\\/image\\\/\",\"url\":\"https:\\\/\\\/purehivehoney.com\\\/de\\\/wp-content\\\/uploads\\\/2026\\\/03\\\/Screenshot-2026-03-16-at-1.06.01-AM.png\",\"contentUrl\":\"https:\\\/\\\/purehivehoney.com\\\/de\\\/wp-content\\\/uploads\\\/2026\\\/03\\\/Screenshot-2026-03-16-at-1.06.01-AM.png\",\"width\":2112,\"height\":1086,\"caption\":\"PureHiveHoney\"},\"image\":{\"@id\":\"https:\\\/\\\/purehivehoney.com\\\/de\\\/#\\\/schema\\\/logo\\\/image\\\/\"}}]}<\/script>\n<!-- \/ Yoast SEO plugin. -->","yoast_head_json":{"title":"Thymian liebt Honig: Mein gesundes Jahr mit Heilpflanzen und Bienenkraft. Organe, Immunsystem und Seele Monat f\u00fcr Monat st\u00e4rken - PureHiveHoney","description":"Entdecken Sie hochwertigen Rohhonig, Bio Honig, Manuka Honig und nat\u00fcrliche Bienenprodukte. PureHiveHoney hilft Ihnen dabei, sorgf\u00e4ltig ausgew\u00e4hlte Honigsorten mit nat\u00fcrlicher Qualit\u00e4t und Reinheit zu entdecken.","robots":{"index":"index","follow":"follow","max-snippet":"max-snippet:-1","max-image-preview":"max-image-preview:large","max-video-preview":"max-video-preview:-1"},"canonical":"https:\/\/purehivehoney.com\/de\/product\/thymian-liebt-honig-mein-gesundes-jahr-mit-heilpflanzen-und-bienenkraft-organe-immunsystem-und-seele-monat-fuer-monat-staerken\/","og_locale":"de_DE","og_type":"article","og_title":"Thymian liebt Honig: Mein gesundes Jahr mit Heilpflanzen und Bienenkraft. Organe, Immunsystem und Seele Monat f\u00fcr Monat st\u00e4rken - PureHiveHoney","og_description":"Entdecken Sie hochwertigen Rohhonig, Bio Honig, Manuka Honig und nat\u00fcrliche Bienenprodukte. PureHiveHoney hilft Ihnen dabei, sorgf\u00e4ltig ausgew\u00e4hlte Honigsorten mit nat\u00fcrlicher Qualit\u00e4t und Reinheit zu entdecken.","og_url":"https:\/\/purehivehoney.com\/de\/product\/thymian-liebt-honig-mein-gesundes-jahr-mit-heilpflanzen-und-bienenkraft-organe-immunsystem-und-seele-monat-fuer-monat-staerken\/","og_site_name":"PureHiveHoney","article_modified_time":"2026-03-26T11:07:25+00:00","twitter_card":"summary_large_image","twitter_misc":{"Gesch\u00e4tzte Lesezeit":"1\u00a0Minute"},"schema":{"@context":"https:\/\/schema.org","@graph":[{"@type":"WebPage","@id":"https:\/\/purehivehoney.com\/de\/product\/thymian-liebt-honig-mein-gesundes-jahr-mit-heilpflanzen-und-bienenkraft-organe-immunsystem-und-seele-monat-fuer-monat-staerken\/","url":"https:\/\/purehivehoney.com\/de\/product\/thymian-liebt-honig-mein-gesundes-jahr-mit-heilpflanzen-und-bienenkraft-organe-immunsystem-und-seele-monat-fuer-monat-staerken\/","name":"Thymian liebt Honig: Mein gesundes Jahr mit Heilpflanzen und Bienenkraft. Organe, Immunsystem und Seele Monat f\u00fcr Monat st\u00e4rken - PureHiveHoney","isPartOf":{"@id":"https:\/\/purehivehoney.com\/de\/#website"},"primaryImageOfPage":{"@id":"https:\/\/purehivehoney.com\/de\/product\/thymian-liebt-honig-mein-gesundes-jahr-mit-heilpflanzen-und-bienenkraft-organe-immunsystem-und-seele-monat-fuer-monat-staerken\/#primaryimage"},"image":{"@id":"https:\/\/purehivehoney.com\/de\/product\/thymian-liebt-honig-mein-gesundes-jahr-mit-heilpflanzen-und-bienenkraft-organe-immunsystem-und-seele-monat-fuer-monat-staerken\/#primaryimage"},"thumbnailUrl":"https:\/\/purehivehoney.com\/de\/wp-content\/uploads\/2026\/03\/813nJkIX8GL._SL1400_.jpg","datePublished":"2026-03-26T11:07:22+00:00","dateModified":"2026-03-26T11:07:25+00:00","description":"Entdecken Sie hochwertigen Rohhonig, Bio Honig, Manuka Honig und nat\u00fcrliche Bienenprodukte. PureHiveHoney hilft Ihnen dabei, sorgf\u00e4ltig ausgew\u00e4hlte Honigsorten mit nat\u00fcrlicher Qualit\u00e4t und Reinheit zu entdecken.","breadcrumb":{"@id":"https:\/\/purehivehoney.com\/de\/product\/thymian-liebt-honig-mein-gesundes-jahr-mit-heilpflanzen-und-bienenkraft-organe-immunsystem-und-seele-monat-fuer-monat-staerken\/#breadcrumb"},"inLanguage":"de","potentialAction":[{"@type":"ReadAction","target":["https:\/\/purehivehoney.com\/de\/product\/thymian-liebt-honig-mein-gesundes-jahr-mit-heilpflanzen-und-bienenkraft-organe-immunsystem-und-seele-monat-fuer-monat-staerken\/"]}]},{"@type":"ImageObject","inLanguage":"de","@id":"https:\/\/purehivehoney.com\/de\/product\/thymian-liebt-honig-mein-gesundes-jahr-mit-heilpflanzen-und-bienenkraft-organe-immunsystem-und-seele-monat-fuer-monat-staerken\/#primaryimage","url":"https:\/\/purehivehoney.com\/de\/wp-content\/uploads\/2026\/03\/813nJkIX8GL._SL1400_.jpg","contentUrl":"https:\/\/purehivehoney.com\/de\/wp-content\/uploads\/2026\/03\/813nJkIX8GL._SL1400_.jpg","width":1025,"height":1400},{"@type":"BreadcrumbList","@id":"https:\/\/purehivehoney.com\/de\/product\/thymian-liebt-honig-mein-gesundes-jahr-mit-heilpflanzen-und-bienenkraft-organe-immunsystem-und-seele-monat-fuer-monat-staerken\/#breadcrumb","itemListElement":[{"@type":"ListItem","position":1,"name":"Home","item":"https:\/\/purehivehoney.com\/de\/"},{"@type":"ListItem","position":2,"name":"Shop","item":"https:\/\/purehivehoney.com\/de\/shop\/"},{"@type":"ListItem","position":3,"name":"Thymian liebt Honig: Mein gesundes ..."}]},{"@type":"WebSite","@id":"https:\/\/purehivehoney.com\/de\/#website","url":"https:\/\/purehivehoney.com\/de\/","name":"PureHiveHoney","description":"Reiner Honig &amp; Bienenprodukte Online | Rohhonig, Bio Honig &amp; Spezialhonig","publisher":{"@id":"https:\/\/purehivehoney.com\/de\/#organization"},"potentialAction":[{"@type":"SearchAction","target":{"@type":"EntryPoint","urlTemplate":"https:\/\/purehivehoney.com\/de\/?s={search_term_string}"},"query-input":{"@type":"PropertyValueSpecification","valueRequired":true,"valueName":"search_term_string"}}],"inLanguage":"de"},{"@type":"Organization","@id":"https:\/\/purehivehoney.com\/de\/#organization","name":"PureHiveHoney","url":"https:\/\/purehivehoney.com\/de\/","logo":{"@type":"ImageObject","inLanguage":"de","@id":"https:\/\/purehivehoney.com\/de\/#\/schema\/logo\/image\/","url":"https:\/\/purehivehoney.com\/de\/wp-content\/uploads\/2026\/03\/Screenshot-2026-03-16-at-1.06.01-AM.png","contentUrl":"https:\/\/purehivehoney.com\/de\/wp-content\/uploads\/2026\/03\/Screenshot-2026-03-16-at-1.06.01-AM.png","width":2112,"height":1086,"caption":"PureHiveHoney"},"image":{"@id":"https:\/\/purehivehoney.com\/de\/#\/schema\/logo\/image\/"}}]}},"_links":{"self":[{"href":"https:\/\/purehivehoney.com\/de\/wp-json\/wp\/v2\/product\/2212","targetHints":{"allow":["GET"]}}],"collection":[{"href":"https:\/\/purehivehoney.com\/de\/wp-json\/wp\/v2\/product"}],"about":[{"href":"https:\/\/purehivehoney.com\/de\/wp-json\/wp\/v2\/types\/product"}],"replies":[{"embeddable":true,"href":"https:\/\/purehivehoney.com\/de\/wp-json\/wp\/v2\/comments?post=2212"}],"wp:featuredmedia":[{"embeddable":true,"href":"https:\/\/purehivehoney.com\/de\/wp-json\/wp\/v2\/media\/2213"}],"wp:attachment":[{"href":"https:\/\/purehivehoney.com\/de\/wp-json\/wp\/v2\/media?parent=2212"}],"wp:term":[{"taxonomy":"store","embeddable":true,"href":"https:\/\/purehivehoney.com\/de\/wp-json\/wp\/v2\/store?post=2212"},{"taxonomy":"product_brand","embeddable":true,"href":"https:\/\/purehivehoney.com\/de\/wp-json\/wp\/v2\/product_brand?post=2212"},{"taxonomy":"product_cat","embeddable":true,"href":"https:\/\/purehivehoney.com\/de\/wp-json\/wp\/v2\/product_cat?post=2212"},{"taxonomy":"product_tag","embeddable":true,"href":"https:\/\/purehivehoney.com\/de\/wp-json\/wp\/v2\/product_tag?post=2212"}],"curies":[{"name":"wp","href":"https:\/\/api.w.org\/{rel}","templated":true}]}}