{"id":2193,"date":"2026-03-26T03:12:40","date_gmt":"2026-03-26T03:12:40","guid":{"rendered":"https:\/\/purehivehoney.com\/de\/product\/llshq-natuerliches-amethyst-perlen-armband-heilender-edelstein-geburtsstein-schmuck-armband-poliertes-stretch-band-geschenk-fuer-sie-modeaccessoire-fuer-maenner-und-frauen\/"},"modified":"2026-03-26T03:12:44","modified_gmt":"2026-03-26T03:12:44","slug":"llshq-natuerliches-amethyst-perlen-armband-heilender-edelstein-geburtsstein-schmuck-armband-poliertes-stretch-band-geschenk-fuer-sie-modeaccessoire-fuer-maenner-und-frauen","status":"publish","type":"product","link":"https:\/\/purehivehoney.com\/de\/product\/llshq-natuerliches-amethyst-perlen-armband-heilender-edelstein-geburtsstein-schmuck-armband-poliertes-stretch-band-geschenk-fuer-sie-modeaccessoire-fuer-maenner-und-frauen\/","title":{"rendered":"LLSHQ Nat\u00fcrliches Amethyst-Perlen-..."},"content":{"rendered":"<p>    <span> Nat\u00fcrliches lila Amethyst-Perlenarmband, Edelstein-Armband, Geschenk f\u00fcr Sie, Geburtsstein-Schmuck, Armband, Armband, poliertes lila Honig-Armband, Amethyst-Lila-Farb-Edelstein-Geschenkarmband f\u00fcr M\u00e4nner und Frauen, (8 mm 7,5 Zoll) &#038; Jewelry ist Hersteller aller Arten von Perlen. Wir haben alle Gr\u00f6\u00dfen und Formen von losen Armb\u00e4ndern, Damen-Armb\u00e4ndern, Herren-Armb\u00e4ndern, Amethyst-Steinperlen-Armb\u00e4ndern 8 mm. Nat\u00fcrliche Edelstein-Armb\u00e4nder. Dies sind echte Edelsteine \u200b\u200bmit feinem Glanz. Nat\u00fcrlicher lila Amethyst ist ein Stein, der mit der Energie der Sonne in Resonanz steht. Dieser Edelstein wird mit der Sonne in Verbindung gebracht und kann Wohlstand und Gl\u00fcck in Ihr Leben bringen. Er ist lebendig, erhebend und l\u00f6st Gef\u00fchle der Freude aus. Es steigert das Gef\u00fchl von Positivismus und Wohlbefinden. Alle Tigeraugen tragen zu den allgemeinen Eigenschaften der Erdung und Stabilisierung bei. Es hilft auch, die pers\u00f6nliche Kraft zu st\u00e4rken und hilft bei der Schaffung einer klaren Vision und eines klaren Verst\u00e4ndnisses.<\/span><br \/>Nat\u00fcrliche lila Amethyst-Armbandstr\u00e4nge in runder Form<br \/>Es handelt sich um echte Edelsteine \u200b\u200bmit feinem Glanz. Produktgr\u00f6\u00dfe und -l\u00e4nge k\u00f6nnen leicht variieren<\/p>\n\n","protected":false},"excerpt":{"rendered":"<p>Nat\u00fcrliches lila Amethyst-Perlenarmband, Edelstein-Armband, Geschenk f\u00fcr Sie, Geburtsstein-Schmuck, Armband, Armband, poliertes lila Honig-Armband, Amethyst-Lila-Farb-Edelstein-Geschenkarmband f\u00fcr M\u00e4nner und Frauen, (8 mm 7,5 Zoll) &#038; Jewelry ist Hersteller aller Arten von Perlen. Wir haben alle Gr\u00f6\u00dfen und Formen von losen Armb\u00e4ndern, Damen-Armb\u00e4ndern, Herren-Armb\u00e4ndern, Amethyst-Steinperlen-Armb\u00e4ndern 8 mm. Nat\u00fcrliche Edelstein-Armb\u00e4nder. Dies sind echte Edelsteine \u200b\u200bmit feinem Glanz. Nat\u00fcrlicher lila [&hellip;]<\/p>\n","protected":false},"featured_media":2194,"comment_status":"open","ping_status":"closed","template":"","meta":{"_aipt_faq_data":""},"store":[],"product_brand":[251],"product_cat":[62],"product_tag":[141],"class_list":{"0":"post-2193","1":"product","2":"type-product","3":"status-publish","4":"has-post-thumbnail","6":"product_brand-generic","7":"product_cat-honig-fur-energie","8":"product_tag-natuerlicher-honig-fuer-energie","10":"first","11":"instock","12":"shipping-taxable","13":"product-type-external"},"yoast_head":"<!-- This site is optimized with the Yoast SEO plugin v27.4 - https:\/\/yoast.com\/product\/yoast-seo-wordpress\/ -->\n<title>LLSHQ Nat\u00fcrliches Amethyst-Perlen-Armband \u2013 heilender Edelstein-Geburtsstein-Schmuck, Armband, poliertes Stretch-Band | Geschenk f\u00fcr Sie, Modeaccessoire f\u00fcr M\u00e4nner und Frauen - PureHiveHoney<\/title>\n<meta name=\"description\" content=\"Entdecken Sie hochwertigen Rohhonig, Bio Honig, Manuka Honig und nat\u00fcrliche Bienenprodukte. PureHiveHoney hilft Ihnen dabei, sorgf\u00e4ltig ausgew\u00e4hlte Honigsorten mit nat\u00fcrlicher Qualit\u00e4t und Reinheit zu entdecken.\" \/>\n<meta name=\"robots\" content=\"index, follow, max-snippet:-1, max-image-preview:large, max-video-preview:-1\" \/>\n<link rel=\"canonical\" href=\"https:\/\/purehivehoney.com\/de\/product\/llshq-natuerliches-amethyst-perlen-armband-heilender-edelstein-geburtsstein-schmuck-armband-poliertes-stretch-band-geschenk-fuer-sie-modeaccessoire-fuer-maenner-und-frauen\/\" \/>\n<meta property=\"og:locale\" content=\"de_DE\" \/>\n<meta property=\"og:type\" content=\"article\" \/>\n<meta property=\"og:title\" content=\"LLSHQ Nat\u00fcrliches Amethyst-Perlen-Armband \u2013 heilender Edelstein-Geburtsstein-Schmuck, Armband, poliertes Stretch-Band | Geschenk f\u00fcr Sie, Modeaccessoire f\u00fcr M\u00e4nner und Frauen - PureHiveHoney\" \/>\n<meta property=\"og:description\" content=\"Entdecken Sie hochwertigen Rohhonig, Bio Honig, Manuka Honig und nat\u00fcrliche Bienenprodukte. PureHiveHoney hilft Ihnen dabei, sorgf\u00e4ltig ausgew\u00e4hlte Honigsorten mit nat\u00fcrlicher Qualit\u00e4t und Reinheit zu entdecken.\" \/>\n<meta property=\"og:url\" content=\"https:\/\/purehivehoney.com\/de\/product\/llshq-natuerliches-amethyst-perlen-armband-heilender-edelstein-geburtsstein-schmuck-armband-poliertes-stretch-band-geschenk-fuer-sie-modeaccessoire-fuer-maenner-und-frauen\/\" \/>\n<meta property=\"og:site_name\" content=\"PureHiveHoney\" \/>\n<meta property=\"article:modified_time\" content=\"2026-03-26T03:12:44+00:00\" \/>\n<meta name=\"twitter:card\" content=\"summary_large_image\" \/>\n<meta name=\"twitter:label1\" content=\"Gesch\u00e4tzte Lesezeit\" \/>\n\t<meta name=\"twitter:data1\" content=\"1\u00a0Minute\" \/>\n<script type=\"application\/ld+json\" class=\"yoast-schema-graph\">{\"@context\":\"https:\\\/\\\/schema.org\",\"@graph\":[{\"@type\":\"WebPage\",\"@id\":\"https:\\\/\\\/purehivehoney.com\\\/de\\\/product\\\/llshq-natuerliches-amethyst-perlen-armband-heilender-edelstein-geburtsstein-schmuck-armband-poliertes-stretch-band-geschenk-fuer-sie-modeaccessoire-fuer-maenner-und-frauen\\\/\",\"url\":\"https:\\\/\\\/purehivehoney.com\\\/de\\\/product\\\/llshq-natuerliches-amethyst-perlen-armband-heilender-edelstein-geburtsstein-schmuck-armband-poliertes-stretch-band-geschenk-fuer-sie-modeaccessoire-fuer-maenner-und-frauen\\\/\",\"name\":\"LLSHQ Nat\u00fcrliches Amethyst-Perlen-Armband \u2013 heilender Edelstein-Geburtsstein-Schmuck, Armband, poliertes Stretch-Band | Geschenk f\u00fcr Sie, Modeaccessoire f\u00fcr M\u00e4nner und Frauen - PureHiveHoney\",\"isPartOf\":{\"@id\":\"https:\\\/\\\/purehivehoney.com\\\/de\\\/#website\"},\"primaryImageOfPage\":{\"@id\":\"https:\\\/\\\/purehivehoney.com\\\/de\\\/product\\\/llshq-natuerliches-amethyst-perlen-armband-heilender-edelstein-geburtsstein-schmuck-armband-poliertes-stretch-band-geschenk-fuer-sie-modeaccessoire-fuer-maenner-und-frauen\\\/#primaryimage\"},\"image\":{\"@id\":\"https:\\\/\\\/purehivehoney.com\\\/de\\\/product\\\/llshq-natuerliches-amethyst-perlen-armband-heilender-edelstein-geburtsstein-schmuck-armband-poliertes-stretch-band-geschenk-fuer-sie-modeaccessoire-fuer-maenner-und-frauen\\\/#primaryimage\"},\"thumbnailUrl\":\"https:\\\/\\\/purehivehoney.com\\\/de\\\/wp-content\\\/uploads\\\/2026\\\/03\\\/1774494760_41Jfny6pi6L._AC_.jpg\",\"datePublished\":\"2026-03-26T03:12:40+00:00\",\"dateModified\":\"2026-03-26T03:12:44+00:00\",\"description\":\"Entdecken Sie hochwertigen Rohhonig, Bio Honig, Manuka Honig und nat\u00fcrliche Bienenprodukte. PureHiveHoney hilft Ihnen dabei, sorgf\u00e4ltig ausgew\u00e4hlte Honigsorten mit nat\u00fcrlicher Qualit\u00e4t und Reinheit zu entdecken.\",\"breadcrumb\":{\"@id\":\"https:\\\/\\\/purehivehoney.com\\\/de\\\/product\\\/llshq-natuerliches-amethyst-perlen-armband-heilender-edelstein-geburtsstein-schmuck-armband-poliertes-stretch-band-geschenk-fuer-sie-modeaccessoire-fuer-maenner-und-frauen\\\/#breadcrumb\"},\"inLanguage\":\"de\",\"potentialAction\":[{\"@type\":\"ReadAction\",\"target\":[\"https:\\\/\\\/purehivehoney.com\\\/de\\\/product\\\/llshq-natuerliches-amethyst-perlen-armband-heilender-edelstein-geburtsstein-schmuck-armband-poliertes-stretch-band-geschenk-fuer-sie-modeaccessoire-fuer-maenner-und-frauen\\\/\"]}]},{\"@type\":\"ImageObject\",\"inLanguage\":\"de\",\"@id\":\"https:\\\/\\\/purehivehoney.com\\\/de\\\/product\\\/llshq-natuerliches-amethyst-perlen-armband-heilender-edelstein-geburtsstein-schmuck-armband-poliertes-stretch-band-geschenk-fuer-sie-modeaccessoire-fuer-maenner-und-frauen\\\/#primaryimage\",\"url\":\"https:\\\/\\\/purehivehoney.com\\\/de\\\/wp-content\\\/uploads\\\/2026\\\/03\\\/1774494760_41Jfny6pi6L._AC_.jpg\",\"contentUrl\":\"https:\\\/\\\/purehivehoney.com\\\/de\\\/wp-content\\\/uploads\\\/2026\\\/03\\\/1774494760_41Jfny6pi6L._AC_.jpg\",\"width\":791,\"height\":223},{\"@type\":\"BreadcrumbList\",\"@id\":\"https:\\\/\\\/purehivehoney.com\\\/de\\\/product\\\/llshq-natuerliches-amethyst-perlen-armband-heilender-edelstein-geburtsstein-schmuck-armband-poliertes-stretch-band-geschenk-fuer-sie-modeaccessoire-fuer-maenner-und-frauen\\\/#breadcrumb\",\"itemListElement\":[{\"@type\":\"ListItem\",\"position\":1,\"name\":\"Home\",\"item\":\"https:\\\/\\\/purehivehoney.com\\\/de\\\/\"},{\"@type\":\"ListItem\",\"position\":2,\"name\":\"Shop\",\"item\":\"https:\\\/\\\/purehivehoney.com\\\/de\\\/shop\\\/\"},{\"@type\":\"ListItem\",\"position\":3,\"name\":\"LLSHQ Nat\u00fcrliches Amethyst-Perlen-...\"}]},{\"@type\":\"WebSite\",\"@id\":\"https:\\\/\\\/purehivehoney.com\\\/de\\\/#website\",\"url\":\"https:\\\/\\\/purehivehoney.com\\\/de\\\/\",\"name\":\"PureHiveHoney\",\"description\":\"Reiner Honig &amp; Bienenprodukte Online | Rohhonig, Bio Honig &amp; Spezialhonig\",\"publisher\":{\"@id\":\"https:\\\/\\\/purehivehoney.com\\\/de\\\/#organization\"},\"potentialAction\":[{\"@type\":\"SearchAction\",\"target\":{\"@type\":\"EntryPoint\",\"urlTemplate\":\"https:\\\/\\\/purehivehoney.com\\\/de\\\/?s={search_term_string}\"},\"query-input\":{\"@type\":\"PropertyValueSpecification\",\"valueRequired\":true,\"valueName\":\"search_term_string\"}}],\"inLanguage\":\"de\"},{\"@type\":\"Organization\",\"@id\":\"https:\\\/\\\/purehivehoney.com\\\/de\\\/#organization\",\"name\":\"PureHiveHoney\",\"url\":\"https:\\\/\\\/purehivehoney.com\\\/de\\\/\",\"logo\":{\"@type\":\"ImageObject\",\"inLanguage\":\"de\",\"@id\":\"https:\\\/\\\/purehivehoney.com\\\/de\\\/#\\\/schema\\\/logo\\\/image\\\/\",\"url\":\"https:\\\/\\\/purehivehoney.com\\\/de\\\/wp-content\\\/uploads\\\/2026\\\/03\\\/Screenshot-2026-03-16-at-1.06.01-AM.png\",\"contentUrl\":\"https:\\\/\\\/purehivehoney.com\\\/de\\\/wp-content\\\/uploads\\\/2026\\\/03\\\/Screenshot-2026-03-16-at-1.06.01-AM.png\",\"width\":2112,\"height\":1086,\"caption\":\"PureHiveHoney\"},\"image\":{\"@id\":\"https:\\\/\\\/purehivehoney.com\\\/de\\\/#\\\/schema\\\/logo\\\/image\\\/\"}}]}<\/script>\n<!-- \/ Yoast SEO plugin. -->","yoast_head_json":{"title":"LLSHQ Nat\u00fcrliches Amethyst-Perlen-Armband \u2013 heilender Edelstein-Geburtsstein-Schmuck, Armband, poliertes Stretch-Band | Geschenk f\u00fcr Sie, Modeaccessoire f\u00fcr M\u00e4nner und Frauen - PureHiveHoney","description":"Entdecken Sie hochwertigen Rohhonig, Bio Honig, Manuka Honig und nat\u00fcrliche Bienenprodukte. PureHiveHoney hilft Ihnen dabei, sorgf\u00e4ltig ausgew\u00e4hlte Honigsorten mit nat\u00fcrlicher Qualit\u00e4t und Reinheit zu entdecken.","robots":{"index":"index","follow":"follow","max-snippet":"max-snippet:-1","max-image-preview":"max-image-preview:large","max-video-preview":"max-video-preview:-1"},"canonical":"https:\/\/purehivehoney.com\/de\/product\/llshq-natuerliches-amethyst-perlen-armband-heilender-edelstein-geburtsstein-schmuck-armband-poliertes-stretch-band-geschenk-fuer-sie-modeaccessoire-fuer-maenner-und-frauen\/","og_locale":"de_DE","og_type":"article","og_title":"LLSHQ Nat\u00fcrliches Amethyst-Perlen-Armband \u2013 heilender Edelstein-Geburtsstein-Schmuck, Armband, poliertes Stretch-Band | Geschenk f\u00fcr Sie, Modeaccessoire f\u00fcr M\u00e4nner und Frauen - PureHiveHoney","og_description":"Entdecken Sie hochwertigen Rohhonig, Bio Honig, Manuka Honig und nat\u00fcrliche Bienenprodukte. PureHiveHoney hilft Ihnen dabei, sorgf\u00e4ltig ausgew\u00e4hlte Honigsorten mit nat\u00fcrlicher Qualit\u00e4t und Reinheit zu entdecken.","og_url":"https:\/\/purehivehoney.com\/de\/product\/llshq-natuerliches-amethyst-perlen-armband-heilender-edelstein-geburtsstein-schmuck-armband-poliertes-stretch-band-geschenk-fuer-sie-modeaccessoire-fuer-maenner-und-frauen\/","og_site_name":"PureHiveHoney","article_modified_time":"2026-03-26T03:12:44+00:00","twitter_card":"summary_large_image","twitter_misc":{"Gesch\u00e4tzte Lesezeit":"1\u00a0Minute"},"schema":{"@context":"https:\/\/schema.org","@graph":[{"@type":"WebPage","@id":"https:\/\/purehivehoney.com\/de\/product\/llshq-natuerliches-amethyst-perlen-armband-heilender-edelstein-geburtsstein-schmuck-armband-poliertes-stretch-band-geschenk-fuer-sie-modeaccessoire-fuer-maenner-und-frauen\/","url":"https:\/\/purehivehoney.com\/de\/product\/llshq-natuerliches-amethyst-perlen-armband-heilender-edelstein-geburtsstein-schmuck-armband-poliertes-stretch-band-geschenk-fuer-sie-modeaccessoire-fuer-maenner-und-frauen\/","name":"LLSHQ Nat\u00fcrliches Amethyst-Perlen-Armband \u2013 heilender Edelstein-Geburtsstein-Schmuck, Armband, poliertes Stretch-Band | Geschenk f\u00fcr Sie, Modeaccessoire f\u00fcr M\u00e4nner und Frauen - PureHiveHoney","isPartOf":{"@id":"https:\/\/purehivehoney.com\/de\/#website"},"primaryImageOfPage":{"@id":"https:\/\/purehivehoney.com\/de\/product\/llshq-natuerliches-amethyst-perlen-armband-heilender-edelstein-geburtsstein-schmuck-armband-poliertes-stretch-band-geschenk-fuer-sie-modeaccessoire-fuer-maenner-und-frauen\/#primaryimage"},"image":{"@id":"https:\/\/purehivehoney.com\/de\/product\/llshq-natuerliches-amethyst-perlen-armband-heilender-edelstein-geburtsstein-schmuck-armband-poliertes-stretch-band-geschenk-fuer-sie-modeaccessoire-fuer-maenner-und-frauen\/#primaryimage"},"thumbnailUrl":"https:\/\/purehivehoney.com\/de\/wp-content\/uploads\/2026\/03\/1774494760_41Jfny6pi6L._AC_.jpg","datePublished":"2026-03-26T03:12:40+00:00","dateModified":"2026-03-26T03:12:44+00:00","description":"Entdecken Sie hochwertigen Rohhonig, Bio Honig, Manuka Honig und nat\u00fcrliche Bienenprodukte. PureHiveHoney hilft Ihnen dabei, sorgf\u00e4ltig ausgew\u00e4hlte Honigsorten mit nat\u00fcrlicher Qualit\u00e4t und Reinheit zu entdecken.","breadcrumb":{"@id":"https:\/\/purehivehoney.com\/de\/product\/llshq-natuerliches-amethyst-perlen-armband-heilender-edelstein-geburtsstein-schmuck-armband-poliertes-stretch-band-geschenk-fuer-sie-modeaccessoire-fuer-maenner-und-frauen\/#breadcrumb"},"inLanguage":"de","potentialAction":[{"@type":"ReadAction","target":["https:\/\/purehivehoney.com\/de\/product\/llshq-natuerliches-amethyst-perlen-armband-heilender-edelstein-geburtsstein-schmuck-armband-poliertes-stretch-band-geschenk-fuer-sie-modeaccessoire-fuer-maenner-und-frauen\/"]}]},{"@type":"ImageObject","inLanguage":"de","@id":"https:\/\/purehivehoney.com\/de\/product\/llshq-natuerliches-amethyst-perlen-armband-heilender-edelstein-geburtsstein-schmuck-armband-poliertes-stretch-band-geschenk-fuer-sie-modeaccessoire-fuer-maenner-und-frauen\/#primaryimage","url":"https:\/\/purehivehoney.com\/de\/wp-content\/uploads\/2026\/03\/1774494760_41Jfny6pi6L._AC_.jpg","contentUrl":"https:\/\/purehivehoney.com\/de\/wp-content\/uploads\/2026\/03\/1774494760_41Jfny6pi6L._AC_.jpg","width":791,"height":223},{"@type":"BreadcrumbList","@id":"https:\/\/purehivehoney.com\/de\/product\/llshq-natuerliches-amethyst-perlen-armband-heilender-edelstein-geburtsstein-schmuck-armband-poliertes-stretch-band-geschenk-fuer-sie-modeaccessoire-fuer-maenner-und-frauen\/#breadcrumb","itemListElement":[{"@type":"ListItem","position":1,"name":"Home","item":"https:\/\/purehivehoney.com\/de\/"},{"@type":"ListItem","position":2,"name":"Shop","item":"https:\/\/purehivehoney.com\/de\/shop\/"},{"@type":"ListItem","position":3,"name":"LLSHQ Nat\u00fcrliches Amethyst-Perlen-..."}]},{"@type":"WebSite","@id":"https:\/\/purehivehoney.com\/de\/#website","url":"https:\/\/purehivehoney.com\/de\/","name":"PureHiveHoney","description":"Reiner Honig &amp; Bienenprodukte Online | Rohhonig, Bio Honig &amp; Spezialhonig","publisher":{"@id":"https:\/\/purehivehoney.com\/de\/#organization"},"potentialAction":[{"@type":"SearchAction","target":{"@type":"EntryPoint","urlTemplate":"https:\/\/purehivehoney.com\/de\/?s={search_term_string}"},"query-input":{"@type":"PropertyValueSpecification","valueRequired":true,"valueName":"search_term_string"}}],"inLanguage":"de"},{"@type":"Organization","@id":"https:\/\/purehivehoney.com\/de\/#organization","name":"PureHiveHoney","url":"https:\/\/purehivehoney.com\/de\/","logo":{"@type":"ImageObject","inLanguage":"de","@id":"https:\/\/purehivehoney.com\/de\/#\/schema\/logo\/image\/","url":"https:\/\/purehivehoney.com\/de\/wp-content\/uploads\/2026\/03\/Screenshot-2026-03-16-at-1.06.01-AM.png","contentUrl":"https:\/\/purehivehoney.com\/de\/wp-content\/uploads\/2026\/03\/Screenshot-2026-03-16-at-1.06.01-AM.png","width":2112,"height":1086,"caption":"PureHiveHoney"},"image":{"@id":"https:\/\/purehivehoney.com\/de\/#\/schema\/logo\/image\/"}}]}},"_links":{"self":[{"href":"https:\/\/purehivehoney.com\/de\/wp-json\/wp\/v2\/product\/2193","targetHints":{"allow":["GET"]}}],"collection":[{"href":"https:\/\/purehivehoney.com\/de\/wp-json\/wp\/v2\/product"}],"about":[{"href":"https:\/\/purehivehoney.com\/de\/wp-json\/wp\/v2\/types\/product"}],"replies":[{"embeddable":true,"href":"https:\/\/purehivehoney.com\/de\/wp-json\/wp\/v2\/comments?post=2193"}],"wp:featuredmedia":[{"embeddable":true,"href":"https:\/\/purehivehoney.com\/de\/wp-json\/wp\/v2\/media\/2194"}],"wp:attachment":[{"href":"https:\/\/purehivehoney.com\/de\/wp-json\/wp\/v2\/media?parent=2193"}],"wp:term":[{"taxonomy":"store","embeddable":true,"href":"https:\/\/purehivehoney.com\/de\/wp-json\/wp\/v2\/store?post=2193"},{"taxonomy":"product_brand","embeddable":true,"href":"https:\/\/purehivehoney.com\/de\/wp-json\/wp\/v2\/product_brand?post=2193"},{"taxonomy":"product_cat","embeddable":true,"href":"https:\/\/purehivehoney.com\/de\/wp-json\/wp\/v2\/product_cat?post=2193"},{"taxonomy":"product_tag","embeddable":true,"href":"https:\/\/purehivehoney.com\/de\/wp-json\/wp\/v2\/product_tag?post=2193"}],"curies":[{"name":"wp","href":"https:\/\/api.w.org\/{rel}","templated":true}]}}