{"id":219,"date":"2026-03-15T20:10:12","date_gmt":"2026-03-15T20:10:12","guid":{"rendered":"https:\/\/purehivehoney.com\/de\/product\/meden-pure-raw-honey-uk-wildflowers-unheated-unpasteurised-live-natural-honey-900g\/"},"modified":"2026-03-15T23:36:13","modified_gmt":"2026-03-15T23:36:13","slug":"meden-pure-raw-honey-uk-wildflowers-unheated-unpasteurised-live-natural-honey-900g","status":"publish","type":"product","link":"https:\/\/purehivehoney.com\/de\/product\/meden-pure-raw-honey-uk-wildflowers-unheated-unpasteurised-live-natural-honey-900g\/","title":{"rendered":"Meden Pure Raw Honey UK &#8211; Wil..."},"content":{"rendered":"<p>                 Product Description              <\/p>\n<p>                                                                      <img decoding=\"async\" alt=\"Honig-Wildblume.\" src=\"https:\/\/images-na.ssl-images-amazon.com\/images\/G\/01\/x-locale\/common\/grey-pixel.gif\" class=\"a-spacing-mini a-lazy-loaded\" data-src=\"https:\/\/m.media-amazon.com\/images\/S\/aplus-media\/sc\/979367a4-8cab-4aa9-bfc2-8bbadf8a774d.__CR0,30,1439,1439_PT0_SX300_V1___.jpg\"><img decoding=\"async\" alt=\"Honig-Wildblume.\" src=\"https:\/\/m.media-amazon.com\/images\/S\/aplus-media\/sc\/979367a4-8cab-4aa9-bfc2-8bbadf8a774d.__CR0,30,1439,1439_PT0_SX300_V1___.jpg\">  <\/p>\n<p class=\"a-spacing-base\"> Medens roher Multiflower Honig hat einen leichten und cremigen Geschmack.  Es variiert ein wenig von Charge zu Charge da sich die Blumen aufgrund des Jahres und der Jahreszeit \u00e4ndern. Rohhonig beliebt bei den meisten Menschen und f\u00fcr jeden aufgrund seines ausgewogenen und leichten Geschmacks geeignet. Meden&#8217;s Raw Honey kommt direkt aus dem Bienenstock! ! Rein, unpasteurisiert und lebendig mit Enzymen, Vitaminen und Mineralien. Alle N\u00e4hrstoffe werden sorgf\u00e4ltig als Ganzfutter konserviert. <\/p>\n<p class=\"a-spacing-base\"> Roher Honig, 100 % rein, ungeheizt und lebendig mit Enzymen, Vitaminen und Mineralien, die nat\u00fcrlich in Honig in seinem nat\u00fcrlichen Zustand gefunden werden. Wildblumen-Honig aus Gebirgsgebieten (weit weg von Schadstoffen der Stadt).  Erstaunlicher Geschmack und voller Geschmack&#8230; ganz anders als Supermarkt-Honig. Reiner roher und nicht pasteurisierter Honig enth\u00e4lt antibakteriellen Komplex mit einer diastatischen Aktivit\u00e4t 10+. V\u00f6llig anders als andere Honig aufgrund der Verf\u00fcgbarkeit von Enzymen, Diastase, Inverase &amp; Katalase, die f\u00fcr Ihre Gesundheit wichtig sind. Gesundheitliche Vorteile Rohhonig hat zu bieten, gute Quelle von Antioxidantien. <\/p>\n<p>                                                                    <img decoding=\"async\" alt=\"\" src=\"https:\/\/images-na.ssl-images-amazon.com\/images\/G\/01\/x-locale\/common\/grey-pixel.gif\" class=\"a-lazy-loaded\" data-src=\"https:\/\/m.media-amazon.com\/images\/S\/aplus-media\/sc\/979367a4-8cab-4aa9-bfc2-8bbadf8a774d.__CR0,30,1439,1439_PT0_SX300_V1___.jpg\"><img decoding=\"async\" alt=\"\" src=\"https:\/\/m.media-amazon.com\/images\/S\/aplus-media\/sc\/979367a4-8cab-4aa9-bfc2-8bbadf8a774d.__CR0,30,1439,1439_PT0_SX300_V1___.jpg\">   <\/p>\n<p> Item Weight                                            \u200f                                            :                                            \u200e                                            900 g   <br \/> Manufacturer                                            \u200f                                            :                                            \u200e                                            Meden   <br \/> ASIN                                            \u200f                                            :                                            \u200e                                            B083KNX422   <br \/>  Customer reviews:                                                                                            4.4               4.4 out of 5 stars                                  (3)                                              var dpAcrHasRegisteredArcLinkClickAction;                    P.when(&#8218;A&#8216;, &#8218;ready&#8216;).execute(function(A) {                        if (dpAcrHasRegisteredArcLinkClickAction !== true) {                            dpAcrHasRegisteredArcLinkClickAction = true;                            A.declarative(                                &#8218;acrLink-click-metrics&#8216;, &#8218;click&#8216;,                                { &#8222;allowLinkDefault&#8220;: true },                                function (event) {                                    if (window.ue) {                                        ue.count(&#8222;acrLinkClickCount&#8220;, (ue.count(&#8222;acrLinkClickCount&#8220;) || 0) + 1);                                    }                                }                            );                        }                    });                                             P.when(&#8218;A&#8216;, &#8218;cf&#8216;).execute(function(A) {                A.declarative(&#8218;acrStarsLink-click-metrics&#8216;, &#8218;click&#8216;, { &#8222;allowLinkDefault&#8220; : true },  function(event){                    if(window.ue) {                        ue.count(&#8222;acrStarsLinkWithPopoverClickCount&#8220;, (ue.count(&#8222;acrStarsLinkWithPopoverClickCount&#8220;) || 0) + 1);                    }                });            });                          <br \/>Raw honey, 100% pure, unheated and vibrant with enzymes, vitamins and minerals naturally found in honey in its natural state.<br \/>Wildflower honey from mountainous land (far from harmful substances in the city!) Amazing taste and full of flavour&#8230; very different from honey in the supermarket.<br \/>Pure, organic, raw and unpasteurised honey contains antibacterial complex with a diastatic activity 10+. Completely different from other honey due to the availability of enzymes, diastase, inverase and catalase that are important to your health.<br \/>Health benefits, raw honey has to offer, a good source of antioxidants. Raw honey contains a number of plant chemicals that act as antioxidants<br \/>Raw honey contains specific nutrients that can make it a healthy addition to the diet.<\/p>\n\n","protected":false},"excerpt":{"rendered":"<p>Product Description Medens roher Multiflower Honig hat einen leichten und cremigen Geschmack. Es variiert ein wenig von Charge zu Charge da sich die Blumen aufgrund des Jahres und der Jahreszeit \u00e4ndern. Rohhonig beliebt bei den meisten Menschen und f\u00fcr jeden aufgrund seines ausgewogenen und leichten Geschmacks geeignet. Meden&#8217;s Raw Honey kommt direkt aus dem Bienenstock! [&hellip;]<\/p>\n","protected":false},"featured_media":220,"comment_status":"open","ping_status":"closed","template":"","meta":{"_aipt_faq_data":""},"store":[],"product_brand":[88],"product_cat":[62],"product_tag":[99],"class_list":{"0":"post-219","1":"product","2":"type-product","3":"status-publish","4":"has-post-thumbnail","6":"product_brand-meden","7":"product_cat-honig-fur-energie","8":"product_tag-honig-fuer-energie-kaufen","10":"first","11":"instock","12":"sale","13":"shipping-taxable","14":"product-type-external"},"yoast_head":"<!-- This site is optimized with the Yoast SEO plugin v27.4 - https:\/\/yoast.com\/product\/yoast-seo-wordpress\/ -->\n<title>Meden Pure Raw Honey UK - Wildflowers - Unheated Unpasteurised Live Natural Honey (900g) - PureHiveHoney<\/title>\n<meta name=\"description\" content=\"Entdecken Sie hochwertigen Rohhonig, Bio Honig, Manuka Honig und nat\u00fcrliche Bienenprodukte. PureHiveHoney hilft Ihnen dabei, sorgf\u00e4ltig ausgew\u00e4hlte Honigsorten mit nat\u00fcrlicher Qualit\u00e4t und Reinheit zu entdecken.\" \/>\n<meta name=\"robots\" content=\"index, follow, max-snippet:-1, max-image-preview:large, max-video-preview:-1\" \/>\n<link rel=\"canonical\" href=\"https:\/\/purehivehoney.com\/de\/product\/meden-pure-raw-honey-uk-wildflowers-unheated-unpasteurised-live-natural-honey-900g\/\" \/>\n<meta property=\"og:locale\" content=\"de_DE\" \/>\n<meta property=\"og:type\" content=\"article\" \/>\n<meta property=\"og:title\" content=\"Meden Pure Raw Honey UK - Wildflowers - Unheated Unpasteurised Live Natural Honey (900g) - PureHiveHoney\" \/>\n<meta property=\"og:description\" content=\"Entdecken Sie hochwertigen Rohhonig, Bio Honig, Manuka Honig und nat\u00fcrliche Bienenprodukte. PureHiveHoney hilft Ihnen dabei, sorgf\u00e4ltig ausgew\u00e4hlte Honigsorten mit nat\u00fcrlicher Qualit\u00e4t und Reinheit zu entdecken.\" \/>\n<meta property=\"og:url\" content=\"https:\/\/purehivehoney.com\/de\/product\/meden-pure-raw-honey-uk-wildflowers-unheated-unpasteurised-live-natural-honey-900g\/\" \/>\n<meta property=\"og:site_name\" content=\"PureHiveHoney\" \/>\n<meta property=\"article:modified_time\" content=\"2026-03-15T23:36:13+00:00\" \/>\n<meta property=\"og:image\" content=\"https:\/\/images-na.ssl-images-amazon.com\/images\/G\/01\/x-locale\/common\/grey-pixel.gif\" \/>\n<meta name=\"twitter:card\" content=\"summary_large_image\" \/>\n<meta name=\"twitter:label1\" content=\"Gesch\u00e4tzte Lesezeit\" \/>\n\t<meta name=\"twitter:data1\" content=\"2\u00a0Minuten\" \/>\n<script type=\"application\/ld+json\" class=\"yoast-schema-graph\">{\"@context\":\"https:\\\/\\\/schema.org\",\"@graph\":[{\"@type\":\"WebPage\",\"@id\":\"https:\\\/\\\/purehivehoney.com\\\/de\\\/product\\\/meden-pure-raw-honey-uk-wildflowers-unheated-unpasteurised-live-natural-honey-900g\\\/\",\"url\":\"https:\\\/\\\/purehivehoney.com\\\/de\\\/product\\\/meden-pure-raw-honey-uk-wildflowers-unheated-unpasteurised-live-natural-honey-900g\\\/\",\"name\":\"Meden Pure Raw Honey UK - Wildflowers - Unheated Unpasteurised Live Natural Honey (900g) - PureHiveHoney\",\"isPartOf\":{\"@id\":\"https:\\\/\\\/purehivehoney.com\\\/de\\\/#website\"},\"primaryImageOfPage\":{\"@id\":\"https:\\\/\\\/purehivehoney.com\\\/de\\\/product\\\/meden-pure-raw-honey-uk-wildflowers-unheated-unpasteurised-live-natural-honey-900g\\\/#primaryimage\"},\"image\":{\"@id\":\"https:\\\/\\\/purehivehoney.com\\\/de\\\/product\\\/meden-pure-raw-honey-uk-wildflowers-unheated-unpasteurised-live-natural-honey-900g\\\/#primaryimage\"},\"thumbnailUrl\":\"https:\\\/\\\/purehivehoney.com\\\/de\\\/wp-content\\\/uploads\\\/2026\\\/03\\\/61mp4fSChkL._SL1300_.jpg\",\"datePublished\":\"2026-03-15T20:10:12+00:00\",\"dateModified\":\"2026-03-15T23:36:13+00:00\",\"description\":\"Entdecken Sie hochwertigen Rohhonig, Bio Honig, Manuka Honig und nat\u00fcrliche Bienenprodukte. PureHiveHoney hilft Ihnen dabei, sorgf\u00e4ltig ausgew\u00e4hlte Honigsorten mit nat\u00fcrlicher Qualit\u00e4t und Reinheit zu entdecken.\",\"breadcrumb\":{\"@id\":\"https:\\\/\\\/purehivehoney.com\\\/de\\\/product\\\/meden-pure-raw-honey-uk-wildflowers-unheated-unpasteurised-live-natural-honey-900g\\\/#breadcrumb\"},\"inLanguage\":\"de\",\"potentialAction\":[{\"@type\":\"ReadAction\",\"target\":[\"https:\\\/\\\/purehivehoney.com\\\/de\\\/product\\\/meden-pure-raw-honey-uk-wildflowers-unheated-unpasteurised-live-natural-honey-900g\\\/\"]}]},{\"@type\":\"ImageObject\",\"inLanguage\":\"de\",\"@id\":\"https:\\\/\\\/purehivehoney.com\\\/de\\\/product\\\/meden-pure-raw-honey-uk-wildflowers-unheated-unpasteurised-live-natural-honey-900g\\\/#primaryimage\",\"url\":\"https:\\\/\\\/purehivehoney.com\\\/de\\\/wp-content\\\/uploads\\\/2026\\\/03\\\/61mp4fSChkL._SL1300_.jpg\",\"contentUrl\":\"https:\\\/\\\/purehivehoney.com\\\/de\\\/wp-content\\\/uploads\\\/2026\\\/03\\\/61mp4fSChkL._SL1300_.jpg\",\"width\":1200,\"height\":1300},{\"@type\":\"BreadcrumbList\",\"@id\":\"https:\\\/\\\/purehivehoney.com\\\/de\\\/product\\\/meden-pure-raw-honey-uk-wildflowers-unheated-unpasteurised-live-natural-honey-900g\\\/#breadcrumb\",\"itemListElement\":[{\"@type\":\"ListItem\",\"position\":1,\"name\":\"Home\",\"item\":\"https:\\\/\\\/purehivehoney.com\\\/de\\\/\"},{\"@type\":\"ListItem\",\"position\":2,\"name\":\"Shop\",\"item\":\"https:\\\/\\\/purehivehoney.com\\\/de\\\/shop\\\/\"},{\"@type\":\"ListItem\",\"position\":3,\"name\":\"Meden Pure Raw Honey UK &#8211; Wil...\"}]},{\"@type\":\"WebSite\",\"@id\":\"https:\\\/\\\/purehivehoney.com\\\/de\\\/#website\",\"url\":\"https:\\\/\\\/purehivehoney.com\\\/de\\\/\",\"name\":\"PureHiveHoney\",\"description\":\"Reiner Honig &amp; Bienenprodukte Online | Rohhonig, Bio Honig &amp; Spezialhonig\",\"publisher\":{\"@id\":\"https:\\\/\\\/purehivehoney.com\\\/de\\\/#organization\"},\"potentialAction\":[{\"@type\":\"SearchAction\",\"target\":{\"@type\":\"EntryPoint\",\"urlTemplate\":\"https:\\\/\\\/purehivehoney.com\\\/de\\\/?s={search_term_string}\"},\"query-input\":{\"@type\":\"PropertyValueSpecification\",\"valueRequired\":true,\"valueName\":\"search_term_string\"}}],\"inLanguage\":\"de\"},{\"@type\":\"Organization\",\"@id\":\"https:\\\/\\\/purehivehoney.com\\\/de\\\/#organization\",\"name\":\"PureHiveHoney\",\"url\":\"https:\\\/\\\/purehivehoney.com\\\/de\\\/\",\"logo\":{\"@type\":\"ImageObject\",\"inLanguage\":\"de\",\"@id\":\"https:\\\/\\\/purehivehoney.com\\\/de\\\/#\\\/schema\\\/logo\\\/image\\\/\",\"url\":\"https:\\\/\\\/purehivehoney.com\\\/de\\\/wp-content\\\/uploads\\\/2026\\\/03\\\/Screenshot-2026-03-16-at-1.06.01-AM.png\",\"contentUrl\":\"https:\\\/\\\/purehivehoney.com\\\/de\\\/wp-content\\\/uploads\\\/2026\\\/03\\\/Screenshot-2026-03-16-at-1.06.01-AM.png\",\"width\":2112,\"height\":1086,\"caption\":\"PureHiveHoney\"},\"image\":{\"@id\":\"https:\\\/\\\/purehivehoney.com\\\/de\\\/#\\\/schema\\\/logo\\\/image\\\/\"}}]}<\/script>\n<!-- \/ Yoast SEO plugin. -->","yoast_head_json":{"title":"Meden Pure Raw Honey UK - Wildflowers - Unheated Unpasteurised Live Natural Honey (900g) - PureHiveHoney","description":"Entdecken Sie hochwertigen Rohhonig, Bio Honig, Manuka Honig und nat\u00fcrliche Bienenprodukte. PureHiveHoney hilft Ihnen dabei, sorgf\u00e4ltig ausgew\u00e4hlte Honigsorten mit nat\u00fcrlicher Qualit\u00e4t und Reinheit zu entdecken.","robots":{"index":"index","follow":"follow","max-snippet":"max-snippet:-1","max-image-preview":"max-image-preview:large","max-video-preview":"max-video-preview:-1"},"canonical":"https:\/\/purehivehoney.com\/de\/product\/meden-pure-raw-honey-uk-wildflowers-unheated-unpasteurised-live-natural-honey-900g\/","og_locale":"de_DE","og_type":"article","og_title":"Meden Pure Raw Honey UK - Wildflowers - Unheated Unpasteurised Live Natural Honey (900g) - PureHiveHoney","og_description":"Entdecken Sie hochwertigen Rohhonig, Bio Honig, Manuka Honig und nat\u00fcrliche Bienenprodukte. PureHiveHoney hilft Ihnen dabei, sorgf\u00e4ltig ausgew\u00e4hlte Honigsorten mit nat\u00fcrlicher Qualit\u00e4t und Reinheit zu entdecken.","og_url":"https:\/\/purehivehoney.com\/de\/product\/meden-pure-raw-honey-uk-wildflowers-unheated-unpasteurised-live-natural-honey-900g\/","og_site_name":"PureHiveHoney","article_modified_time":"2026-03-15T23:36:13+00:00","og_image":[{"url":"https:\/\/images-na.ssl-images-amazon.com\/images\/G\/01\/x-locale\/common\/grey-pixel.gif","type":"","width":"","height":""}],"twitter_card":"summary_large_image","twitter_misc":{"Gesch\u00e4tzte Lesezeit":"2\u00a0Minuten"},"schema":{"@context":"https:\/\/schema.org","@graph":[{"@type":"WebPage","@id":"https:\/\/purehivehoney.com\/de\/product\/meden-pure-raw-honey-uk-wildflowers-unheated-unpasteurised-live-natural-honey-900g\/","url":"https:\/\/purehivehoney.com\/de\/product\/meden-pure-raw-honey-uk-wildflowers-unheated-unpasteurised-live-natural-honey-900g\/","name":"Meden Pure Raw Honey UK - Wildflowers - Unheated Unpasteurised Live Natural Honey (900g) - PureHiveHoney","isPartOf":{"@id":"https:\/\/purehivehoney.com\/de\/#website"},"primaryImageOfPage":{"@id":"https:\/\/purehivehoney.com\/de\/product\/meden-pure-raw-honey-uk-wildflowers-unheated-unpasteurised-live-natural-honey-900g\/#primaryimage"},"image":{"@id":"https:\/\/purehivehoney.com\/de\/product\/meden-pure-raw-honey-uk-wildflowers-unheated-unpasteurised-live-natural-honey-900g\/#primaryimage"},"thumbnailUrl":"https:\/\/purehivehoney.com\/de\/wp-content\/uploads\/2026\/03\/61mp4fSChkL._SL1300_.jpg","datePublished":"2026-03-15T20:10:12+00:00","dateModified":"2026-03-15T23:36:13+00:00","description":"Entdecken Sie hochwertigen Rohhonig, Bio Honig, Manuka Honig und nat\u00fcrliche Bienenprodukte. PureHiveHoney hilft Ihnen dabei, sorgf\u00e4ltig ausgew\u00e4hlte Honigsorten mit nat\u00fcrlicher Qualit\u00e4t und Reinheit zu entdecken.","breadcrumb":{"@id":"https:\/\/purehivehoney.com\/de\/product\/meden-pure-raw-honey-uk-wildflowers-unheated-unpasteurised-live-natural-honey-900g\/#breadcrumb"},"inLanguage":"de","potentialAction":[{"@type":"ReadAction","target":["https:\/\/purehivehoney.com\/de\/product\/meden-pure-raw-honey-uk-wildflowers-unheated-unpasteurised-live-natural-honey-900g\/"]}]},{"@type":"ImageObject","inLanguage":"de","@id":"https:\/\/purehivehoney.com\/de\/product\/meden-pure-raw-honey-uk-wildflowers-unheated-unpasteurised-live-natural-honey-900g\/#primaryimage","url":"https:\/\/purehivehoney.com\/de\/wp-content\/uploads\/2026\/03\/61mp4fSChkL._SL1300_.jpg","contentUrl":"https:\/\/purehivehoney.com\/de\/wp-content\/uploads\/2026\/03\/61mp4fSChkL._SL1300_.jpg","width":1200,"height":1300},{"@type":"BreadcrumbList","@id":"https:\/\/purehivehoney.com\/de\/product\/meden-pure-raw-honey-uk-wildflowers-unheated-unpasteurised-live-natural-honey-900g\/#breadcrumb","itemListElement":[{"@type":"ListItem","position":1,"name":"Home","item":"https:\/\/purehivehoney.com\/de\/"},{"@type":"ListItem","position":2,"name":"Shop","item":"https:\/\/purehivehoney.com\/de\/shop\/"},{"@type":"ListItem","position":3,"name":"Meden Pure Raw Honey UK &#8211; Wil..."}]},{"@type":"WebSite","@id":"https:\/\/purehivehoney.com\/de\/#website","url":"https:\/\/purehivehoney.com\/de\/","name":"PureHiveHoney","description":"Reiner Honig &amp; Bienenprodukte Online | Rohhonig, Bio Honig &amp; Spezialhonig","publisher":{"@id":"https:\/\/purehivehoney.com\/de\/#organization"},"potentialAction":[{"@type":"SearchAction","target":{"@type":"EntryPoint","urlTemplate":"https:\/\/purehivehoney.com\/de\/?s={search_term_string}"},"query-input":{"@type":"PropertyValueSpecification","valueRequired":true,"valueName":"search_term_string"}}],"inLanguage":"de"},{"@type":"Organization","@id":"https:\/\/purehivehoney.com\/de\/#organization","name":"PureHiveHoney","url":"https:\/\/purehivehoney.com\/de\/","logo":{"@type":"ImageObject","inLanguage":"de","@id":"https:\/\/purehivehoney.com\/de\/#\/schema\/logo\/image\/","url":"https:\/\/purehivehoney.com\/de\/wp-content\/uploads\/2026\/03\/Screenshot-2026-03-16-at-1.06.01-AM.png","contentUrl":"https:\/\/purehivehoney.com\/de\/wp-content\/uploads\/2026\/03\/Screenshot-2026-03-16-at-1.06.01-AM.png","width":2112,"height":1086,"caption":"PureHiveHoney"},"image":{"@id":"https:\/\/purehivehoney.com\/de\/#\/schema\/logo\/image\/"}}]}},"_links":{"self":[{"href":"https:\/\/purehivehoney.com\/de\/wp-json\/wp\/v2\/product\/219","targetHints":{"allow":["GET"]}}],"collection":[{"href":"https:\/\/purehivehoney.com\/de\/wp-json\/wp\/v2\/product"}],"about":[{"href":"https:\/\/purehivehoney.com\/de\/wp-json\/wp\/v2\/types\/product"}],"replies":[{"embeddable":true,"href":"https:\/\/purehivehoney.com\/de\/wp-json\/wp\/v2\/comments?post=219"}],"wp:featuredmedia":[{"embeddable":true,"href":"https:\/\/purehivehoney.com\/de\/wp-json\/wp\/v2\/media\/220"}],"wp:attachment":[{"href":"https:\/\/purehivehoney.com\/de\/wp-json\/wp\/v2\/media?parent=219"}],"wp:term":[{"taxonomy":"store","embeddable":true,"href":"https:\/\/purehivehoney.com\/de\/wp-json\/wp\/v2\/store?post=219"},{"taxonomy":"product_brand","embeddable":true,"href":"https:\/\/purehivehoney.com\/de\/wp-json\/wp\/v2\/product_brand?post=219"},{"taxonomy":"product_cat","embeddable":true,"href":"https:\/\/purehivehoney.com\/de\/wp-json\/wp\/v2\/product_cat?post=219"},{"taxonomy":"product_tag","embeddable":true,"href":"https:\/\/purehivehoney.com\/de\/wp-json\/wp\/v2\/product_tag?post=219"}],"curies":[{"name":"wp","href":"https:\/\/api.w.org\/{rel}","templated":true}]}}