{"id":2177,"date":"2026-03-26T01:00:33","date_gmt":"2026-03-26T01:00:33","guid":{"rendered":"https:\/\/purehivehoney.com\/de\/product\/manuka-health-manuka-honig-mgo-400-500g-hergestellt-und-abgefuellt-in-neuseeland-mit-zertifiziertem-methylglyoxal-gehalt-natuerlicher-manuka-honig-von-der-manukapflanze-100-manuka-vegetarisch\/"},"modified":"2026-03-26T01:00:49","modified_gmt":"2026-03-26T01:00:49","slug":"manuka-health-manuka-honig-mgo-400-500g-hergestellt-und-abgefuellt-in-neuseeland-mit-zertifiziertem-methylglyoxal-gehalt-natuerlicher-manuka-honig-von-der-manukapflanze-100-manuka-vegetarisch","status":"publish","type":"product","link":"https:\/\/purehivehoney.com\/de\/product\/manuka-health-manuka-honig-mgo-400-500g-hergestellt-und-abgefuellt-in-neuseeland-mit-zertifiziertem-methylglyoxal-gehalt-natuerlicher-manuka-honig-von-der-manukapflanze-100-manuka-vegetarisch\/","title":{"rendered":"Manuka Health &#8211; Manuka Honig ..."},"content":{"rendered":"<p>    <span>MGO 400+ Manuka Honey is a high quality Manuka honey that contains at least 400 mg\/kg methylglyoxal (MGO). The MGO value refers to the strength of the honey &#8211; the higher the MGO, the stronger the Manuka honey. Our MGO Manuka Honey comes from remote, pristine areas of New Zealand. Our team of honey specialists harvest this rare honey particularly carefully. Each spoon represents all the power of New Zealand&#8217;s unique nature. The Maori in New Zealand have appreciated the manuka plant for centuries for its special properties. IMPORTANT QUALITY NOTE: When purchasing Manuka Honey, please note that not all varieties offered are of the same quality. Manuka Health MGO Manuka Honey is 100% New Zealand and is also tested and certified for MGO content, purity and quality.<\/span>    <br \/> Is Discontinued By Manufacturer                                            \u200f                                            :                                            \u200e                                            No   <br \/> Product Dimensions                                            \u200f                                            :                                            \u200e                                            11.99 x 7.01 x 3.02 cm; 539.77 g   <br \/> Manufacturer                                            \u200f                                            :                                            \u200e                                            Manuka Health   <br \/> ASIN                                            \u200f                                            :                                            \u200e                                            B000ZM34MO   <br \/> Item model number                                            \u200f                                            :                                            \u200e                                            165   <br \/>  Customer reviews:                                                                                            4.6               4.6 out of 5 stars                                  (14,872)                                              var dpAcrHasRegisteredArcLinkClickAction;                    P.when(&#8218;A&#8216;, &#8218;ready&#8216;).execute(function(A) {                        if (dpAcrHasRegisteredArcLinkClickAction !== true) {                            dpAcrHasRegisteredArcLinkClickAction = true;                            A.declarative(                                &#8218;acrLink-click-metrics&#8216;, &#8218;click&#8216;,                                { &#8222;allowLinkDefault&#8220;: true },                                function (event) {                                    if (window.ue) {                                        ue.count(&#8222;acrLinkClickCount&#8220;, (ue.count(&#8222;acrLinkClickCount&#8220;) || 0) + 1);                                    }                                }                            );                        }                    });                                             P.when(&#8218;A&#8216;, &#8218;cf&#8216;).execute(function(A) {                A.declarative(&#8218;acrStarsLink-click-metrics&#8216;, &#8218;click&#8216;, { &#8222;allowLinkDefault&#8220; : true },  function(event){                    if(window.ue) {                        ue.count(&#8222;acrStarsLinkWithPopoverClickCount&#8220;, (ue.count(&#8222;acrStarsLinkWithPopoverClickCount&#8220;) || 0) + 1);                    }                });            });                          <br \/>The original from New Zealand<br \/>Tested for purity and quality<br \/>Natural and certified MGO content<br \/>Not suitable for children under 12 months<br \/>Store below 25\u00b0C<\/p>\n\n","protected":false},"excerpt":{"rendered":"<p>MGO 400+ Manuka Honey is a high quality Manuka honey that contains at least 400 mg\/kg methylglyoxal (MGO). The MGO value refers to the strength of the honey &#8211; the higher the MGO, the stronger the Manuka honey. Our MGO Manuka Honey comes from remote, pristine areas of New Zealand. Our team of honey specialists [&hellip;]<\/p>\n","protected":false},"featured_media":2178,"comment_status":"open","ping_status":"closed","template":"","meta":{"_aipt_faq_data":""},"store":[],"product_brand":[102],"product_cat":[61],"product_tag":[171],"class_list":{"0":"post-2177","1":"product","2":"type-product","3":"status-publish","4":"has-post-thumbnail","6":"product_brand-manuka-health","7":"product_cat-honig-gegen-halsschmerzen","8":"product_tag-manuka-honig-gegen-halsschmerzen","10":"first","11":"instock","12":"sale","13":"shipping-taxable","14":"product-type-external"},"yoast_head":"<!-- This site is optimized with the Yoast SEO plugin v27.4 - https:\/\/yoast.com\/product\/yoast-seo-wordpress\/ -->\n<title>Manuka Health - Manuka Honig MGO 400+ 500g, hergestellt und abgef\u00fcllt in Neuseeland mit zertifiziertem Methylglyoxal Gehalt, nat\u00fcrlicher Manuka Honig von der Manukapflanze, 100% Manuka, vegetarisch - PureHiveHoney<\/title>\n<meta name=\"description\" content=\"Entdecken Sie hochwertigen Rohhonig, Bio Honig, Manuka Honig und nat\u00fcrliche Bienenprodukte. PureHiveHoney hilft Ihnen dabei, sorgf\u00e4ltig ausgew\u00e4hlte Honigsorten mit nat\u00fcrlicher Qualit\u00e4t und Reinheit zu entdecken.\" \/>\n<meta name=\"robots\" content=\"index, follow, max-snippet:-1, max-image-preview:large, max-video-preview:-1\" \/>\n<link rel=\"canonical\" href=\"https:\/\/purehivehoney.com\/de\/product\/manuka-health-manuka-honig-mgo-400-500g-hergestellt-und-abgefuellt-in-neuseeland-mit-zertifiziertem-methylglyoxal-gehalt-natuerlicher-manuka-honig-von-der-manukapflanze-100-manuka-vegetarisch\/\" \/>\n<meta property=\"og:locale\" content=\"de_DE\" \/>\n<meta property=\"og:type\" content=\"article\" \/>\n<meta property=\"og:title\" content=\"Manuka Health - Manuka Honig MGO 400+ 500g, hergestellt und abgef\u00fcllt in Neuseeland mit zertifiziertem Methylglyoxal Gehalt, nat\u00fcrlicher Manuka Honig von der Manukapflanze, 100% Manuka, vegetarisch - PureHiveHoney\" \/>\n<meta property=\"og:description\" content=\"Entdecken Sie hochwertigen Rohhonig, Bio Honig, Manuka Honig und nat\u00fcrliche Bienenprodukte. PureHiveHoney hilft Ihnen dabei, sorgf\u00e4ltig ausgew\u00e4hlte Honigsorten mit nat\u00fcrlicher Qualit\u00e4t und Reinheit zu entdecken.\" \/>\n<meta property=\"og:url\" content=\"https:\/\/purehivehoney.com\/de\/product\/manuka-health-manuka-honig-mgo-400-500g-hergestellt-und-abgefuellt-in-neuseeland-mit-zertifiziertem-methylglyoxal-gehalt-natuerlicher-manuka-honig-von-der-manukapflanze-100-manuka-vegetarisch\/\" \/>\n<meta property=\"og:site_name\" content=\"PureHiveHoney\" \/>\n<meta property=\"article:modified_time\" content=\"2026-03-26T01:00:49+00:00\" \/>\n<meta name=\"twitter:card\" content=\"summary_large_image\" \/>\n<meta name=\"twitter:label1\" content=\"Gesch\u00e4tzte Lesezeit\" \/>\n\t<meta name=\"twitter:data1\" content=\"1\u00a0Minute\" \/>\n<script type=\"application\/ld+json\" class=\"yoast-schema-graph\">{\"@context\":\"https:\\\/\\\/schema.org\",\"@graph\":[{\"@type\":\"WebPage\",\"@id\":\"https:\\\/\\\/purehivehoney.com\\\/de\\\/product\\\/manuka-health-manuka-honig-mgo-400-500g-hergestellt-und-abgefuellt-in-neuseeland-mit-zertifiziertem-methylglyoxal-gehalt-natuerlicher-manuka-honig-von-der-manukapflanze-100-manuka-vegetarisch\\\/\",\"url\":\"https:\\\/\\\/purehivehoney.com\\\/de\\\/product\\\/manuka-health-manuka-honig-mgo-400-500g-hergestellt-und-abgefuellt-in-neuseeland-mit-zertifiziertem-methylglyoxal-gehalt-natuerlicher-manuka-honig-von-der-manukapflanze-100-manuka-vegetarisch\\\/\",\"name\":\"Manuka Health - Manuka Honig MGO 400+ 500g, hergestellt und abgef\u00fcllt in Neuseeland mit zertifiziertem Methylglyoxal Gehalt, nat\u00fcrlicher Manuka Honig von der Manukapflanze, 100% Manuka, vegetarisch - PureHiveHoney\",\"isPartOf\":{\"@id\":\"https:\\\/\\\/purehivehoney.com\\\/de\\\/#website\"},\"primaryImageOfPage\":{\"@id\":\"https:\\\/\\\/purehivehoney.com\\\/de\\\/product\\\/manuka-health-manuka-honig-mgo-400-500g-hergestellt-und-abgefuellt-in-neuseeland-mit-zertifiziertem-methylglyoxal-gehalt-natuerlicher-manuka-honig-von-der-manukapflanze-100-manuka-vegetarisch\\\/#primaryimage\"},\"image\":{\"@id\":\"https:\\\/\\\/purehivehoney.com\\\/de\\\/product\\\/manuka-health-manuka-honig-mgo-400-500g-hergestellt-und-abgefuellt-in-neuseeland-mit-zertifiziertem-methylglyoxal-gehalt-natuerlicher-manuka-honig-von-der-manukapflanze-100-manuka-vegetarisch\\\/#primaryimage\"},\"thumbnailUrl\":\"https:\\\/\\\/purehivehoney.com\\\/de\\\/wp-content\\\/uploads\\\/2026\\\/03\\\/71M367e4qGL._SL1500_.jpg\",\"datePublished\":\"2026-03-26T01:00:33+00:00\",\"dateModified\":\"2026-03-26T01:00:49+00:00\",\"description\":\"Entdecken Sie hochwertigen Rohhonig, Bio Honig, Manuka Honig und nat\u00fcrliche Bienenprodukte. PureHiveHoney hilft Ihnen dabei, sorgf\u00e4ltig ausgew\u00e4hlte Honigsorten mit nat\u00fcrlicher Qualit\u00e4t und Reinheit zu entdecken.\",\"breadcrumb\":{\"@id\":\"https:\\\/\\\/purehivehoney.com\\\/de\\\/product\\\/manuka-health-manuka-honig-mgo-400-500g-hergestellt-und-abgefuellt-in-neuseeland-mit-zertifiziertem-methylglyoxal-gehalt-natuerlicher-manuka-honig-von-der-manukapflanze-100-manuka-vegetarisch\\\/#breadcrumb\"},\"inLanguage\":\"de\",\"potentialAction\":[{\"@type\":\"ReadAction\",\"target\":[\"https:\\\/\\\/purehivehoney.com\\\/de\\\/product\\\/manuka-health-manuka-honig-mgo-400-500g-hergestellt-und-abgefuellt-in-neuseeland-mit-zertifiziertem-methylglyoxal-gehalt-natuerlicher-manuka-honig-von-der-manukapflanze-100-manuka-vegetarisch\\\/\"]}]},{\"@type\":\"ImageObject\",\"inLanguage\":\"de\",\"@id\":\"https:\\\/\\\/purehivehoney.com\\\/de\\\/product\\\/manuka-health-manuka-honig-mgo-400-500g-hergestellt-und-abgefuellt-in-neuseeland-mit-zertifiziertem-methylglyoxal-gehalt-natuerlicher-manuka-honig-von-der-manukapflanze-100-manuka-vegetarisch\\\/#primaryimage\",\"url\":\"https:\\\/\\\/purehivehoney.com\\\/de\\\/wp-content\\\/uploads\\\/2026\\\/03\\\/71M367e4qGL._SL1500_.jpg\",\"contentUrl\":\"https:\\\/\\\/purehivehoney.com\\\/de\\\/wp-content\\\/uploads\\\/2026\\\/03\\\/71M367e4qGL._SL1500_.jpg\",\"width\":938,\"height\":1500},{\"@type\":\"BreadcrumbList\",\"@id\":\"https:\\\/\\\/purehivehoney.com\\\/de\\\/product\\\/manuka-health-manuka-honig-mgo-400-500g-hergestellt-und-abgefuellt-in-neuseeland-mit-zertifiziertem-methylglyoxal-gehalt-natuerlicher-manuka-honig-von-der-manukapflanze-100-manuka-vegetarisch\\\/#breadcrumb\",\"itemListElement\":[{\"@type\":\"ListItem\",\"position\":1,\"name\":\"Home\",\"item\":\"https:\\\/\\\/purehivehoney.com\\\/de\\\/\"},{\"@type\":\"ListItem\",\"position\":2,\"name\":\"Shop\",\"item\":\"https:\\\/\\\/purehivehoney.com\\\/de\\\/shop\\\/\"},{\"@type\":\"ListItem\",\"position\":3,\"name\":\"Manuka Health &#8211; Manuka Honig ...\"}]},{\"@type\":\"WebSite\",\"@id\":\"https:\\\/\\\/purehivehoney.com\\\/de\\\/#website\",\"url\":\"https:\\\/\\\/purehivehoney.com\\\/de\\\/\",\"name\":\"PureHiveHoney\",\"description\":\"Reiner Honig &amp; Bienenprodukte Online | Rohhonig, Bio Honig &amp; Spezialhonig\",\"publisher\":{\"@id\":\"https:\\\/\\\/purehivehoney.com\\\/de\\\/#organization\"},\"potentialAction\":[{\"@type\":\"SearchAction\",\"target\":{\"@type\":\"EntryPoint\",\"urlTemplate\":\"https:\\\/\\\/purehivehoney.com\\\/de\\\/?s={search_term_string}\"},\"query-input\":{\"@type\":\"PropertyValueSpecification\",\"valueRequired\":true,\"valueName\":\"search_term_string\"}}],\"inLanguage\":\"de\"},{\"@type\":\"Organization\",\"@id\":\"https:\\\/\\\/purehivehoney.com\\\/de\\\/#organization\",\"name\":\"PureHiveHoney\",\"url\":\"https:\\\/\\\/purehivehoney.com\\\/de\\\/\",\"logo\":{\"@type\":\"ImageObject\",\"inLanguage\":\"de\",\"@id\":\"https:\\\/\\\/purehivehoney.com\\\/de\\\/#\\\/schema\\\/logo\\\/image\\\/\",\"url\":\"https:\\\/\\\/purehivehoney.com\\\/de\\\/wp-content\\\/uploads\\\/2026\\\/03\\\/Screenshot-2026-03-16-at-1.06.01-AM.png\",\"contentUrl\":\"https:\\\/\\\/purehivehoney.com\\\/de\\\/wp-content\\\/uploads\\\/2026\\\/03\\\/Screenshot-2026-03-16-at-1.06.01-AM.png\",\"width\":2112,\"height\":1086,\"caption\":\"PureHiveHoney\"},\"image\":{\"@id\":\"https:\\\/\\\/purehivehoney.com\\\/de\\\/#\\\/schema\\\/logo\\\/image\\\/\"}}]}<\/script>\n<!-- \/ Yoast SEO plugin. -->","yoast_head_json":{"title":"Manuka Health - Manuka Honig MGO 400+ 500g, hergestellt und abgef\u00fcllt in Neuseeland mit zertifiziertem Methylglyoxal Gehalt, nat\u00fcrlicher Manuka Honig von der Manukapflanze, 100% Manuka, vegetarisch - PureHiveHoney","description":"Entdecken Sie hochwertigen Rohhonig, Bio Honig, Manuka Honig und nat\u00fcrliche Bienenprodukte. PureHiveHoney hilft Ihnen dabei, sorgf\u00e4ltig ausgew\u00e4hlte Honigsorten mit nat\u00fcrlicher Qualit\u00e4t und Reinheit zu entdecken.","robots":{"index":"index","follow":"follow","max-snippet":"max-snippet:-1","max-image-preview":"max-image-preview:large","max-video-preview":"max-video-preview:-1"},"canonical":"https:\/\/purehivehoney.com\/de\/product\/manuka-health-manuka-honig-mgo-400-500g-hergestellt-und-abgefuellt-in-neuseeland-mit-zertifiziertem-methylglyoxal-gehalt-natuerlicher-manuka-honig-von-der-manukapflanze-100-manuka-vegetarisch\/","og_locale":"de_DE","og_type":"article","og_title":"Manuka Health - Manuka Honig MGO 400+ 500g, hergestellt und abgef\u00fcllt in Neuseeland mit zertifiziertem Methylglyoxal Gehalt, nat\u00fcrlicher Manuka Honig von der Manukapflanze, 100% Manuka, vegetarisch - PureHiveHoney","og_description":"Entdecken Sie hochwertigen Rohhonig, Bio Honig, Manuka Honig und nat\u00fcrliche Bienenprodukte. PureHiveHoney hilft Ihnen dabei, sorgf\u00e4ltig ausgew\u00e4hlte Honigsorten mit nat\u00fcrlicher Qualit\u00e4t und Reinheit zu entdecken.","og_url":"https:\/\/purehivehoney.com\/de\/product\/manuka-health-manuka-honig-mgo-400-500g-hergestellt-und-abgefuellt-in-neuseeland-mit-zertifiziertem-methylglyoxal-gehalt-natuerlicher-manuka-honig-von-der-manukapflanze-100-manuka-vegetarisch\/","og_site_name":"PureHiveHoney","article_modified_time":"2026-03-26T01:00:49+00:00","twitter_card":"summary_large_image","twitter_misc":{"Gesch\u00e4tzte Lesezeit":"1\u00a0Minute"},"schema":{"@context":"https:\/\/schema.org","@graph":[{"@type":"WebPage","@id":"https:\/\/purehivehoney.com\/de\/product\/manuka-health-manuka-honig-mgo-400-500g-hergestellt-und-abgefuellt-in-neuseeland-mit-zertifiziertem-methylglyoxal-gehalt-natuerlicher-manuka-honig-von-der-manukapflanze-100-manuka-vegetarisch\/","url":"https:\/\/purehivehoney.com\/de\/product\/manuka-health-manuka-honig-mgo-400-500g-hergestellt-und-abgefuellt-in-neuseeland-mit-zertifiziertem-methylglyoxal-gehalt-natuerlicher-manuka-honig-von-der-manukapflanze-100-manuka-vegetarisch\/","name":"Manuka Health - Manuka Honig MGO 400+ 500g, hergestellt und abgef\u00fcllt in Neuseeland mit zertifiziertem Methylglyoxal Gehalt, nat\u00fcrlicher Manuka Honig von der Manukapflanze, 100% Manuka, vegetarisch - PureHiveHoney","isPartOf":{"@id":"https:\/\/purehivehoney.com\/de\/#website"},"primaryImageOfPage":{"@id":"https:\/\/purehivehoney.com\/de\/product\/manuka-health-manuka-honig-mgo-400-500g-hergestellt-und-abgefuellt-in-neuseeland-mit-zertifiziertem-methylglyoxal-gehalt-natuerlicher-manuka-honig-von-der-manukapflanze-100-manuka-vegetarisch\/#primaryimage"},"image":{"@id":"https:\/\/purehivehoney.com\/de\/product\/manuka-health-manuka-honig-mgo-400-500g-hergestellt-und-abgefuellt-in-neuseeland-mit-zertifiziertem-methylglyoxal-gehalt-natuerlicher-manuka-honig-von-der-manukapflanze-100-manuka-vegetarisch\/#primaryimage"},"thumbnailUrl":"https:\/\/purehivehoney.com\/de\/wp-content\/uploads\/2026\/03\/71M367e4qGL._SL1500_.jpg","datePublished":"2026-03-26T01:00:33+00:00","dateModified":"2026-03-26T01:00:49+00:00","description":"Entdecken Sie hochwertigen Rohhonig, Bio Honig, Manuka Honig und nat\u00fcrliche Bienenprodukte. PureHiveHoney hilft Ihnen dabei, sorgf\u00e4ltig ausgew\u00e4hlte Honigsorten mit nat\u00fcrlicher Qualit\u00e4t und Reinheit zu entdecken.","breadcrumb":{"@id":"https:\/\/purehivehoney.com\/de\/product\/manuka-health-manuka-honig-mgo-400-500g-hergestellt-und-abgefuellt-in-neuseeland-mit-zertifiziertem-methylglyoxal-gehalt-natuerlicher-manuka-honig-von-der-manukapflanze-100-manuka-vegetarisch\/#breadcrumb"},"inLanguage":"de","potentialAction":[{"@type":"ReadAction","target":["https:\/\/purehivehoney.com\/de\/product\/manuka-health-manuka-honig-mgo-400-500g-hergestellt-und-abgefuellt-in-neuseeland-mit-zertifiziertem-methylglyoxal-gehalt-natuerlicher-manuka-honig-von-der-manukapflanze-100-manuka-vegetarisch\/"]}]},{"@type":"ImageObject","inLanguage":"de","@id":"https:\/\/purehivehoney.com\/de\/product\/manuka-health-manuka-honig-mgo-400-500g-hergestellt-und-abgefuellt-in-neuseeland-mit-zertifiziertem-methylglyoxal-gehalt-natuerlicher-manuka-honig-von-der-manukapflanze-100-manuka-vegetarisch\/#primaryimage","url":"https:\/\/purehivehoney.com\/de\/wp-content\/uploads\/2026\/03\/71M367e4qGL._SL1500_.jpg","contentUrl":"https:\/\/purehivehoney.com\/de\/wp-content\/uploads\/2026\/03\/71M367e4qGL._SL1500_.jpg","width":938,"height":1500},{"@type":"BreadcrumbList","@id":"https:\/\/purehivehoney.com\/de\/product\/manuka-health-manuka-honig-mgo-400-500g-hergestellt-und-abgefuellt-in-neuseeland-mit-zertifiziertem-methylglyoxal-gehalt-natuerlicher-manuka-honig-von-der-manukapflanze-100-manuka-vegetarisch\/#breadcrumb","itemListElement":[{"@type":"ListItem","position":1,"name":"Home","item":"https:\/\/purehivehoney.com\/de\/"},{"@type":"ListItem","position":2,"name":"Shop","item":"https:\/\/purehivehoney.com\/de\/shop\/"},{"@type":"ListItem","position":3,"name":"Manuka Health &#8211; Manuka Honig ..."}]},{"@type":"WebSite","@id":"https:\/\/purehivehoney.com\/de\/#website","url":"https:\/\/purehivehoney.com\/de\/","name":"PureHiveHoney","description":"Reiner Honig &amp; Bienenprodukte Online | Rohhonig, Bio Honig &amp; Spezialhonig","publisher":{"@id":"https:\/\/purehivehoney.com\/de\/#organization"},"potentialAction":[{"@type":"SearchAction","target":{"@type":"EntryPoint","urlTemplate":"https:\/\/purehivehoney.com\/de\/?s={search_term_string}"},"query-input":{"@type":"PropertyValueSpecification","valueRequired":true,"valueName":"search_term_string"}}],"inLanguage":"de"},{"@type":"Organization","@id":"https:\/\/purehivehoney.com\/de\/#organization","name":"PureHiveHoney","url":"https:\/\/purehivehoney.com\/de\/","logo":{"@type":"ImageObject","inLanguage":"de","@id":"https:\/\/purehivehoney.com\/de\/#\/schema\/logo\/image\/","url":"https:\/\/purehivehoney.com\/de\/wp-content\/uploads\/2026\/03\/Screenshot-2026-03-16-at-1.06.01-AM.png","contentUrl":"https:\/\/purehivehoney.com\/de\/wp-content\/uploads\/2026\/03\/Screenshot-2026-03-16-at-1.06.01-AM.png","width":2112,"height":1086,"caption":"PureHiveHoney"},"image":{"@id":"https:\/\/purehivehoney.com\/de\/#\/schema\/logo\/image\/"}}]}},"_links":{"self":[{"href":"https:\/\/purehivehoney.com\/de\/wp-json\/wp\/v2\/product\/2177","targetHints":{"allow":["GET"]}}],"collection":[{"href":"https:\/\/purehivehoney.com\/de\/wp-json\/wp\/v2\/product"}],"about":[{"href":"https:\/\/purehivehoney.com\/de\/wp-json\/wp\/v2\/types\/product"}],"replies":[{"embeddable":true,"href":"https:\/\/purehivehoney.com\/de\/wp-json\/wp\/v2\/comments?post=2177"}],"wp:featuredmedia":[{"embeddable":true,"href":"https:\/\/purehivehoney.com\/de\/wp-json\/wp\/v2\/media\/2178"}],"wp:attachment":[{"href":"https:\/\/purehivehoney.com\/de\/wp-json\/wp\/v2\/media?parent=2177"}],"wp:term":[{"taxonomy":"store","embeddable":true,"href":"https:\/\/purehivehoney.com\/de\/wp-json\/wp\/v2\/store?post=2177"},{"taxonomy":"product_brand","embeddable":true,"href":"https:\/\/purehivehoney.com\/de\/wp-json\/wp\/v2\/product_brand?post=2177"},{"taxonomy":"product_cat","embeddable":true,"href":"https:\/\/purehivehoney.com\/de\/wp-json\/wp\/v2\/product_cat?post=2177"},{"taxonomy":"product_tag","embeddable":true,"href":"https:\/\/purehivehoney.com\/de\/wp-json\/wp\/v2\/product_tag?post=2177"}],"curies":[{"name":"wp","href":"https:\/\/api.w.org\/{rel}","templated":true}]}}