{"id":2170,"date":"2026-03-25T22:55:08","date_gmt":"2026-03-25T22:55:08","guid":{"rendered":"https:\/\/purehivehoney.com\/de\/product\/everest-chicken-masala-100g-delicious-indian-chicken-trench-in-minutes\/"},"modified":"2026-03-25T22:55:10","modified_gmt":"2026-03-25T22:55:10","slug":"everest-chicken-masala-100g-delicious-indian-chicken-trench-in-minutes","status":"publish","type":"product","link":"https:\/\/purehivehoney.com\/de\/product\/everest-chicken-masala-100g-delicious-indian-chicken-trench-in-minutes\/","title":{"rendered":"Everest Chicken Masala 100g | Delic..."},"content":{"rendered":"<p>    <span>Everest Chicken Masala is a blend that dominates the flavor elements. This makes the mixture less penetrating. For chicken curry, this gives the right balance between the spice elements and other ingredients in the bowl. <br \/>Use: <br \/>Can be used in the lightly flavored and non-vegetable kitchen, especially those that have derived its thickening primer from tomatoes and onions. <br \/>Recipe: <br \/>Before you begin: marinate 750 g. Chicken pieces with 1 teaspoon chili powder, 1 teaspoon ginger garlic paste, \u00bd teaspoon Everest turmeric powder, 3 tablespoons curd and salt. 1 hour. Fry until crisp, 4 chopped onions in 4 tablespoons of oil. <br \/>Add 3 chopped green chiles, 1 teaspoon ginger garlic paste, 1 teaspoon Everest coriander powder, 1 teaspoon Everest turmeric powder and 3 teaspoons Everest Chicken Masala. <br \/>Everest Masala is India&#8217;s best-selling spice brand, offering more than 45 masala variants in form both pure and blends. Everest Masala offers mothers every day solutions for the last 52 years in preparing the most delicious foods that suit every diverse palate. <br \/>We at Aha Bazaar are the No. 1. Indian online supermarket in the UK selling food, fresh snacks, candy, diabetic friendly sweets and snacks, authentic homemade spices and much more. We care about the South Indian community, which includes Tamil, Telugu, Kerala and Karnataka populations as well as the entire North Indian community. With unique products, best prices, great quality and service and high customer reviews, we are the popular online grocery store for all Indians and Asians in the UK. We bring us closer home!<\/span>    <br \/> Item Weight                                            \u200f                                            :                                            \u200e                                            100 g   <br \/> Manufacturer                                            \u200f                                            :                                            \u200e                                            Everest   <br \/> ASIN                                            \u200f                                            :                                            \u200e                                            B09P4XNK1K   <br \/> Manufacturer reference                                            \u200f                                            :                                            \u200e                                            WFDEVE016B   <br \/> Country of origin                                            \u200f                                            :                                            \u200e                                            India   <br \/>Everest Chicken Masala 100g<br \/>Everest Chicken Masala is a blend that marginally dominates the flavor elements<br \/>This makes the mixture less penetrating<br \/>Spice box, spices for everyone, shopping<\/p>\n\n","protected":false},"excerpt":{"rendered":"<p>Everest Chicken Masala is a blend that dominates the flavor elements. This makes the mixture less penetrating. For chicken curry, this gives the right balance between the spice elements and other ingredients in the bowl. Use: Can be used in the lightly flavored and non-vegetable kitchen, especially those that have derived its thickening primer from [&hellip;]<\/p>\n","protected":false},"featured_media":2171,"comment_status":"open","ping_status":"closed","template":"","meta":{"_aipt_faq_data":""},"store":[],"product_brand":[251],"product_cat":[52],"product_tag":[177],"class_list":{"0":"post-2170","1":"product","2":"type-product","3":"status-publish","4":"has-post-thumbnail","6":"product_brand-generic","7":"product_cat-ingwer-honig","8":"product_tag-ingwer-honig-paste","10":"first","11":"instock","12":"shipping-taxable","13":"product-type-external"},"yoast_head":"<!-- This site is optimized with the Yoast SEO plugin v27.4 - https:\/\/yoast.com\/product\/yoast-seo-wordpress\/ -->\n<title>Everest Chicken Masala 100g | Delicious Indian Chicken Trench in Minutes - PureHiveHoney<\/title>\n<meta name=\"description\" content=\"Entdecken Sie hochwertigen Rohhonig, Bio Honig, Manuka Honig und nat\u00fcrliche Bienenprodukte. PureHiveHoney hilft Ihnen dabei, sorgf\u00e4ltig ausgew\u00e4hlte Honigsorten mit nat\u00fcrlicher Qualit\u00e4t und Reinheit zu entdecken.\" \/>\n<meta name=\"robots\" content=\"index, follow, max-snippet:-1, max-image-preview:large, max-video-preview:-1\" \/>\n<link rel=\"canonical\" href=\"https:\/\/purehivehoney.com\/de\/product\/everest-chicken-masala-100g-delicious-indian-chicken-trench-in-minutes\/\" \/>\n<meta property=\"og:locale\" content=\"de_DE\" \/>\n<meta property=\"og:type\" content=\"article\" \/>\n<meta property=\"og:title\" content=\"Everest Chicken Masala 100g | Delicious Indian Chicken Trench in Minutes - PureHiveHoney\" \/>\n<meta property=\"og:description\" content=\"Entdecken Sie hochwertigen Rohhonig, Bio Honig, Manuka Honig und nat\u00fcrliche Bienenprodukte. PureHiveHoney hilft Ihnen dabei, sorgf\u00e4ltig ausgew\u00e4hlte Honigsorten mit nat\u00fcrlicher Qualit\u00e4t und Reinheit zu entdecken.\" \/>\n<meta property=\"og:url\" content=\"https:\/\/purehivehoney.com\/de\/product\/everest-chicken-masala-100g-delicious-indian-chicken-trench-in-minutes\/\" \/>\n<meta property=\"og:site_name\" content=\"PureHiveHoney\" \/>\n<meta property=\"article:modified_time\" content=\"2026-03-25T22:55:10+00:00\" \/>\n<meta name=\"twitter:card\" content=\"summary_large_image\" \/>\n<meta name=\"twitter:label1\" content=\"Gesch\u00e4tzte Lesezeit\" \/>\n\t<meta name=\"twitter:data1\" content=\"1\u00a0Minute\" \/>\n<script type=\"application\/ld+json\" class=\"yoast-schema-graph\">{\"@context\":\"https:\\\/\\\/schema.org\",\"@graph\":[{\"@type\":\"WebPage\",\"@id\":\"https:\\\/\\\/purehivehoney.com\\\/de\\\/product\\\/everest-chicken-masala-100g-delicious-indian-chicken-trench-in-minutes\\\/\",\"url\":\"https:\\\/\\\/purehivehoney.com\\\/de\\\/product\\\/everest-chicken-masala-100g-delicious-indian-chicken-trench-in-minutes\\\/\",\"name\":\"Everest Chicken Masala 100g | Delicious Indian Chicken Trench in Minutes - PureHiveHoney\",\"isPartOf\":{\"@id\":\"https:\\\/\\\/purehivehoney.com\\\/de\\\/#website\"},\"primaryImageOfPage\":{\"@id\":\"https:\\\/\\\/purehivehoney.com\\\/de\\\/product\\\/everest-chicken-masala-100g-delicious-indian-chicken-trench-in-minutes\\\/#primaryimage\"},\"image\":{\"@id\":\"https:\\\/\\\/purehivehoney.com\\\/de\\\/product\\\/everest-chicken-masala-100g-delicious-indian-chicken-trench-in-minutes\\\/#primaryimage\"},\"thumbnailUrl\":\"https:\\\/\\\/purehivehoney.com\\\/de\\\/wp-content\\\/uploads\\\/2026\\\/03\\\/41R9hG6farL.jpg\",\"datePublished\":\"2026-03-25T22:55:08+00:00\",\"dateModified\":\"2026-03-25T22:55:10+00:00\",\"description\":\"Entdecken Sie hochwertigen Rohhonig, Bio Honig, Manuka Honig und nat\u00fcrliche Bienenprodukte. PureHiveHoney hilft Ihnen dabei, sorgf\u00e4ltig ausgew\u00e4hlte Honigsorten mit nat\u00fcrlicher Qualit\u00e4t und Reinheit zu entdecken.\",\"breadcrumb\":{\"@id\":\"https:\\\/\\\/purehivehoney.com\\\/de\\\/product\\\/everest-chicken-masala-100g-delicious-indian-chicken-trench-in-minutes\\\/#breadcrumb\"},\"inLanguage\":\"de\",\"potentialAction\":[{\"@type\":\"ReadAction\",\"target\":[\"https:\\\/\\\/purehivehoney.com\\\/de\\\/product\\\/everest-chicken-masala-100g-delicious-indian-chicken-trench-in-minutes\\\/\"]}]},{\"@type\":\"ImageObject\",\"inLanguage\":\"de\",\"@id\":\"https:\\\/\\\/purehivehoney.com\\\/de\\\/product\\\/everest-chicken-masala-100g-delicious-indian-chicken-trench-in-minutes\\\/#primaryimage\",\"url\":\"https:\\\/\\\/purehivehoney.com\\\/de\\\/wp-content\\\/uploads\\\/2026\\\/03\\\/41R9hG6farL.jpg\",\"contentUrl\":\"https:\\\/\\\/purehivehoney.com\\\/de\\\/wp-content\\\/uploads\\\/2026\\\/03\\\/41R9hG6farL.jpg\",\"width\":400,\"height\":400},{\"@type\":\"BreadcrumbList\",\"@id\":\"https:\\\/\\\/purehivehoney.com\\\/de\\\/product\\\/everest-chicken-masala-100g-delicious-indian-chicken-trench-in-minutes\\\/#breadcrumb\",\"itemListElement\":[{\"@type\":\"ListItem\",\"position\":1,\"name\":\"Home\",\"item\":\"https:\\\/\\\/purehivehoney.com\\\/de\\\/\"},{\"@type\":\"ListItem\",\"position\":2,\"name\":\"Shop\",\"item\":\"https:\\\/\\\/purehivehoney.com\\\/de\\\/shop\\\/\"},{\"@type\":\"ListItem\",\"position\":3,\"name\":\"Everest Chicken Masala 100g | Delic...\"}]},{\"@type\":\"WebSite\",\"@id\":\"https:\\\/\\\/purehivehoney.com\\\/de\\\/#website\",\"url\":\"https:\\\/\\\/purehivehoney.com\\\/de\\\/\",\"name\":\"PureHiveHoney\",\"description\":\"Reiner Honig &amp; Bienenprodukte Online | Rohhonig, Bio Honig &amp; Spezialhonig\",\"publisher\":{\"@id\":\"https:\\\/\\\/purehivehoney.com\\\/de\\\/#organization\"},\"potentialAction\":[{\"@type\":\"SearchAction\",\"target\":{\"@type\":\"EntryPoint\",\"urlTemplate\":\"https:\\\/\\\/purehivehoney.com\\\/de\\\/?s={search_term_string}\"},\"query-input\":{\"@type\":\"PropertyValueSpecification\",\"valueRequired\":true,\"valueName\":\"search_term_string\"}}],\"inLanguage\":\"de\"},{\"@type\":\"Organization\",\"@id\":\"https:\\\/\\\/purehivehoney.com\\\/de\\\/#organization\",\"name\":\"PureHiveHoney\",\"url\":\"https:\\\/\\\/purehivehoney.com\\\/de\\\/\",\"logo\":{\"@type\":\"ImageObject\",\"inLanguage\":\"de\",\"@id\":\"https:\\\/\\\/purehivehoney.com\\\/de\\\/#\\\/schema\\\/logo\\\/image\\\/\",\"url\":\"https:\\\/\\\/purehivehoney.com\\\/de\\\/wp-content\\\/uploads\\\/2026\\\/03\\\/Screenshot-2026-03-16-at-1.06.01-AM.png\",\"contentUrl\":\"https:\\\/\\\/purehivehoney.com\\\/de\\\/wp-content\\\/uploads\\\/2026\\\/03\\\/Screenshot-2026-03-16-at-1.06.01-AM.png\",\"width\":2112,\"height\":1086,\"caption\":\"PureHiveHoney\"},\"image\":{\"@id\":\"https:\\\/\\\/purehivehoney.com\\\/de\\\/#\\\/schema\\\/logo\\\/image\\\/\"}}]}<\/script>\n<!-- \/ Yoast SEO plugin. -->","yoast_head_json":{"title":"Everest Chicken Masala 100g | Delicious Indian Chicken Trench in Minutes - PureHiveHoney","description":"Entdecken Sie hochwertigen Rohhonig, Bio Honig, Manuka Honig und nat\u00fcrliche Bienenprodukte. PureHiveHoney hilft Ihnen dabei, sorgf\u00e4ltig ausgew\u00e4hlte Honigsorten mit nat\u00fcrlicher Qualit\u00e4t und Reinheit zu entdecken.","robots":{"index":"index","follow":"follow","max-snippet":"max-snippet:-1","max-image-preview":"max-image-preview:large","max-video-preview":"max-video-preview:-1"},"canonical":"https:\/\/purehivehoney.com\/de\/product\/everest-chicken-masala-100g-delicious-indian-chicken-trench-in-minutes\/","og_locale":"de_DE","og_type":"article","og_title":"Everest Chicken Masala 100g | Delicious Indian Chicken Trench in Minutes - PureHiveHoney","og_description":"Entdecken Sie hochwertigen Rohhonig, Bio Honig, Manuka Honig und nat\u00fcrliche Bienenprodukte. PureHiveHoney hilft Ihnen dabei, sorgf\u00e4ltig ausgew\u00e4hlte Honigsorten mit nat\u00fcrlicher Qualit\u00e4t und Reinheit zu entdecken.","og_url":"https:\/\/purehivehoney.com\/de\/product\/everest-chicken-masala-100g-delicious-indian-chicken-trench-in-minutes\/","og_site_name":"PureHiveHoney","article_modified_time":"2026-03-25T22:55:10+00:00","twitter_card":"summary_large_image","twitter_misc":{"Gesch\u00e4tzte Lesezeit":"1\u00a0Minute"},"schema":{"@context":"https:\/\/schema.org","@graph":[{"@type":"WebPage","@id":"https:\/\/purehivehoney.com\/de\/product\/everest-chicken-masala-100g-delicious-indian-chicken-trench-in-minutes\/","url":"https:\/\/purehivehoney.com\/de\/product\/everest-chicken-masala-100g-delicious-indian-chicken-trench-in-minutes\/","name":"Everest Chicken Masala 100g | Delicious Indian Chicken Trench in Minutes - PureHiveHoney","isPartOf":{"@id":"https:\/\/purehivehoney.com\/de\/#website"},"primaryImageOfPage":{"@id":"https:\/\/purehivehoney.com\/de\/product\/everest-chicken-masala-100g-delicious-indian-chicken-trench-in-minutes\/#primaryimage"},"image":{"@id":"https:\/\/purehivehoney.com\/de\/product\/everest-chicken-masala-100g-delicious-indian-chicken-trench-in-minutes\/#primaryimage"},"thumbnailUrl":"https:\/\/purehivehoney.com\/de\/wp-content\/uploads\/2026\/03\/41R9hG6farL.jpg","datePublished":"2026-03-25T22:55:08+00:00","dateModified":"2026-03-25T22:55:10+00:00","description":"Entdecken Sie hochwertigen Rohhonig, Bio Honig, Manuka Honig und nat\u00fcrliche Bienenprodukte. PureHiveHoney hilft Ihnen dabei, sorgf\u00e4ltig ausgew\u00e4hlte Honigsorten mit nat\u00fcrlicher Qualit\u00e4t und Reinheit zu entdecken.","breadcrumb":{"@id":"https:\/\/purehivehoney.com\/de\/product\/everest-chicken-masala-100g-delicious-indian-chicken-trench-in-minutes\/#breadcrumb"},"inLanguage":"de","potentialAction":[{"@type":"ReadAction","target":["https:\/\/purehivehoney.com\/de\/product\/everest-chicken-masala-100g-delicious-indian-chicken-trench-in-minutes\/"]}]},{"@type":"ImageObject","inLanguage":"de","@id":"https:\/\/purehivehoney.com\/de\/product\/everest-chicken-masala-100g-delicious-indian-chicken-trench-in-minutes\/#primaryimage","url":"https:\/\/purehivehoney.com\/de\/wp-content\/uploads\/2026\/03\/41R9hG6farL.jpg","contentUrl":"https:\/\/purehivehoney.com\/de\/wp-content\/uploads\/2026\/03\/41R9hG6farL.jpg","width":400,"height":400},{"@type":"BreadcrumbList","@id":"https:\/\/purehivehoney.com\/de\/product\/everest-chicken-masala-100g-delicious-indian-chicken-trench-in-minutes\/#breadcrumb","itemListElement":[{"@type":"ListItem","position":1,"name":"Home","item":"https:\/\/purehivehoney.com\/de\/"},{"@type":"ListItem","position":2,"name":"Shop","item":"https:\/\/purehivehoney.com\/de\/shop\/"},{"@type":"ListItem","position":3,"name":"Everest Chicken Masala 100g | Delic..."}]},{"@type":"WebSite","@id":"https:\/\/purehivehoney.com\/de\/#website","url":"https:\/\/purehivehoney.com\/de\/","name":"PureHiveHoney","description":"Reiner Honig &amp; Bienenprodukte Online | Rohhonig, Bio Honig &amp; Spezialhonig","publisher":{"@id":"https:\/\/purehivehoney.com\/de\/#organization"},"potentialAction":[{"@type":"SearchAction","target":{"@type":"EntryPoint","urlTemplate":"https:\/\/purehivehoney.com\/de\/?s={search_term_string}"},"query-input":{"@type":"PropertyValueSpecification","valueRequired":true,"valueName":"search_term_string"}}],"inLanguage":"de"},{"@type":"Organization","@id":"https:\/\/purehivehoney.com\/de\/#organization","name":"PureHiveHoney","url":"https:\/\/purehivehoney.com\/de\/","logo":{"@type":"ImageObject","inLanguage":"de","@id":"https:\/\/purehivehoney.com\/de\/#\/schema\/logo\/image\/","url":"https:\/\/purehivehoney.com\/de\/wp-content\/uploads\/2026\/03\/Screenshot-2026-03-16-at-1.06.01-AM.png","contentUrl":"https:\/\/purehivehoney.com\/de\/wp-content\/uploads\/2026\/03\/Screenshot-2026-03-16-at-1.06.01-AM.png","width":2112,"height":1086,"caption":"PureHiveHoney"},"image":{"@id":"https:\/\/purehivehoney.com\/de\/#\/schema\/logo\/image\/"}}]}},"_links":{"self":[{"href":"https:\/\/purehivehoney.com\/de\/wp-json\/wp\/v2\/product\/2170","targetHints":{"allow":["GET"]}}],"collection":[{"href":"https:\/\/purehivehoney.com\/de\/wp-json\/wp\/v2\/product"}],"about":[{"href":"https:\/\/purehivehoney.com\/de\/wp-json\/wp\/v2\/types\/product"}],"replies":[{"embeddable":true,"href":"https:\/\/purehivehoney.com\/de\/wp-json\/wp\/v2\/comments?post=2170"}],"wp:featuredmedia":[{"embeddable":true,"href":"https:\/\/purehivehoney.com\/de\/wp-json\/wp\/v2\/media\/2171"}],"wp:attachment":[{"href":"https:\/\/purehivehoney.com\/de\/wp-json\/wp\/v2\/media?parent=2170"}],"wp:term":[{"taxonomy":"store","embeddable":true,"href":"https:\/\/purehivehoney.com\/de\/wp-json\/wp\/v2\/store?post=2170"},{"taxonomy":"product_brand","embeddable":true,"href":"https:\/\/purehivehoney.com\/de\/wp-json\/wp\/v2\/product_brand?post=2170"},{"taxonomy":"product_cat","embeddable":true,"href":"https:\/\/purehivehoney.com\/de\/wp-json\/wp\/v2\/product_cat?post=2170"},{"taxonomy":"product_tag","embeddable":true,"href":"https:\/\/purehivehoney.com\/de\/wp-json\/wp\/v2\/product_tag?post=2170"}],"curies":[{"name":"wp","href":"https:\/\/api.w.org\/{rel}","templated":true}]}}