{"id":2158,"date":"2026-03-25T22:31:52","date_gmt":"2026-03-25T22:31:52","guid":{"rendered":"https:\/\/purehivehoney.com\/de\/product\/oxymel-ein-natuerliches-mittel-zur-staerkung-des-immunsystems-alles-ueber-die-wirkungsbereiche-und-heilkraefte-inkl-rezepte-und-heilkraeuter-einmaleins-2\/"},"modified":"2026-03-25T22:31:55","modified_gmt":"2026-03-25T22:31:55","slug":"oxymel-ein-natuerliches-mittel-zur-staerkung-des-immunsystems-alles-ueber-die-wirkungsbereiche-und-heilkraefte-inkl-rezepte-und-heilkraeuter-einmaleins-2","status":"publish","type":"product","link":"https:\/\/purehivehoney.com\/de\/product\/oxymel-ein-natuerliches-mittel-zur-staerkung-des-immunsystems-alles-ueber-die-wirkungsbereiche-und-heilkraefte-inkl-rezepte-und-heilkraeuter-einmaleins-2\/","title":{"rendered":"Oxymel &#8211; Ein nat\u00fcrliches Mit..."},"content":{"rendered":"<p>Oxymel \u2013 ein nat\u00fcrliches Mittel zur St\u00e4rkung des Immunsystems<br \/>Tauchen Sie ein in die aufregende Welt des Oxymel! <br \/>Ein gro\u00dfes desinfiziertes Schraubglas, gef\u00fcllt mit 1 Teil Essig und 3 Teilen goldgelbem Honig, dazu noch Wildkr\u00e4uter, Heilpflanzen und Gew\u00fcrze nach Belieben und schon ist der magische Zaubertrank mit dem orientalisch klingenden Namen Oxymel fertig.<br \/>Die Zusammensetzung des Begriffs Oxymel ergibt sich aus den beiden Komponenten \u201eoxy\u201c f\u00fcr sauer und \u201emel\u201c f\u00fcr Honig, also Sauerhonig.<br \/>Schon unsere Vorfahren wussten, dass sauer lustig macht und S\u00fc\u00dfes uns in Entz\u00fcckung versetzt, aber zus\u00e4tzlich vertrauten sie auf die Heilkr\u00e4fte der Natur.<br \/>Leider ist uns \u00fcber die Jahrzehnte hinweg das Urvertrauen in diese Heilkr\u00e4fte schon fast vollkommen verloren gegangen und vielfach durch pharmazeutische Mittel ersetzt worden.<br \/>Als Imkerstochter wusste ich schon immer die heilenden Kr\u00e4fte des Honigs zu sch\u00e4tzen. Ob als Brustwickel bei Erk\u00e4ltungen oder als Entz\u00fcndungshemmer bei Husten. Honig war bei uns immer vorr\u00e4tig.<br \/>In Kombination mit Essig ist es ein wahrer Immunbooster. Essig wirkt ebenso wie Honig antibakteriell, wundheilend und entz\u00fcndungshemmend.<br \/>In diesem Buch erwartet Sie wie folgt:<br \/>\u2764Die Definition und Herkunft von Oxymel<br \/>\u2764Worauf soll beim Kauf der Lebensmittel geachtet werden?<br \/>\u2764Die Bestandteile von Oxymel<br \/>\u2764Ein gro\u00dfes Heilkr\u00e4uter Einmaleins<br \/>\u2764Oxymel und seine Anwendungsbereiche<br \/>\u2764Oxymel zur St\u00e4rkung des Immunsystems<br \/>\u2764Fiebersenkende Wirkung<br \/>\u2764Verdauungsf\u00f6rderung<br \/>\u2764Oxymel gegen Hitzewallungen in den Wechseljahren<br \/>\u2764Die Lagerung und Haltbarkeit von Oxymel<br \/>\u2764Bonus: Oxymel als Aphrodisiakum <br \/>\u2764Rezepte<br \/>\u2764Und vieles mehr\u2026<br \/>Tauchen Sie ein in das Abenteuer rund um Oxymel und genie\u00dfen Sie die damit in Verbindung stehenden gesundheitlichen Vorteile.<br \/>Machen auch Sie sich ihren pers\u00f6nlichen Immunbooster und bek\u00e4mpfen Sie l\u00e4stige Erk\u00e4ltungen! Am besten Sie lassen es gar nicht erst zu einer Erk\u00e4ltung kommen und st\u00e4rken auf nat\u00fcrlichem Wege Ihr Immunsystem mit Oxymel.     <\/p>\n<p>                 From the Publisher            <\/p>\n<h3 class=\"a-spacing-mini\"> NAT\u00dcRLICH GESUND MIT OXYMEL <\/h3>\n<p>                                          <img decoding=\"async\" alt=\"Immunbooster selber machen\" src=\"https:\/\/images-na.ssl-images-amazon.com\/images\/G\/01\/x-locale\/common\/grey-pixel.gif\" class=\"a-spacing-base a-lazy-loaded\" data-src=\"https:\/\/m.media-amazon.com\/images\/S\/aplus-media\/kdp\/81482669-54f6-4f5a-ba05-a3e5c2d45dde.__CR0,0,1293,800_PT0_SX970_V1___.png\"><img decoding=\"async\" alt=\"Immunbooster selber machen\" src=\"https:\/\/m.media-amazon.com\/images\/S\/aplus-media\/kdp\/81482669-54f6-4f5a-ba05-a3e5c2d45dde.__CR0,0,1293,800_PT0_SX970_V1___.png\">                                         <\/p>\n<h3 class=\"a-spacing-mini\"> Heilkraft aus Honig und Essig <\/h3>\n<p class=\"a-spacing-base\"> Immunsystem st\u00e4rken und Erk\u00e4ltungen keine Chance lassen! <\/p>\n<p> ASIN                                            \u200f                                            :                                            \u200e                                                        B0BKH51PP7       <br \/> Accessibility                                            \u200f                                            :                                            \u200e                                                                      Learn more          <br \/> Publication date                                            \u200f                                            :                                            \u200e                                                        24 Oct. 2022       <br \/> Language                                            \u200f                                            :                                            \u200e                                            German   <br \/> File size                                            \u200f                                            :                                            \u200e                                                        9.8 MB       <br \/> Enhanced typesetting                                            \u200f                                            :                                            \u200e                                                                     Not Enabled          <br \/> X-Ray                                            \u200f                                            :                                            \u200e                                                        Not Enabled       <br \/> Word Wise                                            \u200f                                            :                                            \u200e                                                                     Not Enabled          <br \/> Format                                            \u200f                                            :                                            \u200e                                                        Print Replica       <br \/> Page Flip                                            \u200f                                            :                                            \u200e                                                                     Not Enabled          <br \/>       Best Sellers Rank:  415,406 in Kindle Store (See Top 100 in Kindle Store)    2,506 in Alternative Medicine (Kindle Store)   2,913 in Fitness Guide   18,737 in Fitness &#038; Exercise      <br \/>  Customer reviews:                                                                                            4.1               4.1 out of 5 stars                                  (19)                                              var dpAcrHasRegisteredArcLinkClickAction;                    P.when(&#8218;A&#8216;, &#8218;ready&#8216;).execute(function(A) {                        if (dpAcrHasRegisteredArcLinkClickAction !== true) {                            dpAcrHasRegisteredArcLinkClickAction = true;                            A.declarative(                                &#8218;acrLink-click-metrics&#8216;, &#8218;click&#8216;,                                { &#8222;allowLinkDefault&#8220;: true },                                function (event) {                                    if (window.ue) {                                        ue.count(&#8222;acrLinkClickCount&#8220;, (ue.count(&#8222;acrLinkClickCount&#8220;) || 0) + 1);                                    }                                }                            );                        }                    });                                             P.when(&#8218;A&#8216;, &#8218;cf&#8216;).execute(function(A) {                A.declarative(&#8218;acrStarsLink-click-metrics&#8216;, &#8218;click&#8216;, { &#8222;allowLinkDefault&#8220; : true },  function(event){                    if(window.ue) {                        ue.count(&#8222;acrStarsLinkWithPopoverClickCount&#8220;, (ue.count(&#8222;acrStarsLinkWithPopoverClickCount&#8220;) || 0) + 1);                    }                });            });                          <br \/><\/p>\n","protected":false},"excerpt":{"rendered":"<p>Oxymel \u2013 ein nat\u00fcrliches Mittel zur St\u00e4rkung des ImmunsystemsTauchen Sie ein in die aufregende Welt des Oxymel! Ein gro\u00dfes desinfiziertes Schraubglas, gef\u00fcllt mit 1 Teil Essig und 3 Teilen goldgelbem Honig, dazu noch Wildkr\u00e4uter, Heilpflanzen und Gew\u00fcrze nach Belieben und schon ist der magische Zaubertrank mit dem orientalisch klingenden Namen Oxymel fertig.Die Zusammensetzung des Begriffs [&hellip;]<\/p>\n","protected":false},"featured_media":2159,"comment_status":"open","ping_status":"closed","template":"","meta":{"_aipt_faq_data":""},"store":[],"product_brand":[],"product_cat":[60],"product_tag":[143],"class_list":{"0":"post-2158","1":"product","2":"type-product","3":"status-publish","4":"has-post-thumbnail","6":"product_cat-honig-fur-das-immunsystem","7":"product_tag-natuerlicher-honig-fuer-das-immunsystem","9":"first","10":"instock","11":"shipping-taxable","12":"product-type-external"},"yoast_head":"<!-- This site is optimized with the Yoast SEO plugin v27.4 - https:\/\/yoast.com\/product\/yoast-seo-wordpress\/ -->\n<title>Oxymel - Ein nat\u00fcrliches Mittel zur St\u00e4rkung des Immunsystems: Alles \u00fcber die Wirkungsbereiche und Heilkr\u00e4fte! Inkl. Rezepte und Heilkr\u00e4uter Einmaleins - PureHiveHoney<\/title>\n<meta name=\"description\" content=\"Entdecken Sie hochwertigen Rohhonig, Bio Honig, Manuka Honig und nat\u00fcrliche Bienenprodukte. PureHiveHoney hilft Ihnen dabei, sorgf\u00e4ltig ausgew\u00e4hlte Honigsorten mit nat\u00fcrlicher Qualit\u00e4t und Reinheit zu entdecken.\" \/>\n<meta name=\"robots\" content=\"index, follow, max-snippet:-1, max-image-preview:large, max-video-preview:-1\" \/>\n<link rel=\"canonical\" href=\"https:\/\/purehivehoney.com\/de\/product\/oxymel-ein-natuerliches-mittel-zur-staerkung-des-immunsystems-alles-ueber-die-wirkungsbereiche-und-heilkraefte-inkl-rezepte-und-heilkraeuter-einmaleins-2\/\" \/>\n<meta property=\"og:locale\" content=\"de_DE\" \/>\n<meta property=\"og:type\" content=\"article\" \/>\n<meta property=\"og:title\" content=\"Oxymel - Ein nat\u00fcrliches Mittel zur St\u00e4rkung des Immunsystems: Alles \u00fcber die Wirkungsbereiche und Heilkr\u00e4fte! Inkl. Rezepte und Heilkr\u00e4uter Einmaleins - PureHiveHoney\" \/>\n<meta property=\"og:description\" content=\"Entdecken Sie hochwertigen Rohhonig, Bio Honig, Manuka Honig und nat\u00fcrliche Bienenprodukte. PureHiveHoney hilft Ihnen dabei, sorgf\u00e4ltig ausgew\u00e4hlte Honigsorten mit nat\u00fcrlicher Qualit\u00e4t und Reinheit zu entdecken.\" \/>\n<meta property=\"og:url\" content=\"https:\/\/purehivehoney.com\/de\/product\/oxymel-ein-natuerliches-mittel-zur-staerkung-des-immunsystems-alles-ueber-die-wirkungsbereiche-und-heilkraefte-inkl-rezepte-und-heilkraeuter-einmaleins-2\/\" \/>\n<meta property=\"og:site_name\" content=\"PureHiveHoney\" \/>\n<meta property=\"article:modified_time\" content=\"2026-03-25T22:31:55+00:00\" \/>\n<meta property=\"og:image\" content=\"https:\/\/images-na.ssl-images-amazon.com\/images\/G\/01\/x-locale\/common\/grey-pixel.gif\" \/>\n<meta name=\"twitter:card\" content=\"summary_large_image\" \/>\n<meta name=\"twitter:label1\" content=\"Gesch\u00e4tzte Lesezeit\" \/>\n\t<meta name=\"twitter:data1\" content=\"2\u00a0Minuten\" \/>\n<script type=\"application\/ld+json\" class=\"yoast-schema-graph\">{\"@context\":\"https:\\\/\\\/schema.org\",\"@graph\":[{\"@type\":\"WebPage\",\"@id\":\"https:\\\/\\\/purehivehoney.com\\\/de\\\/product\\\/oxymel-ein-natuerliches-mittel-zur-staerkung-des-immunsystems-alles-ueber-die-wirkungsbereiche-und-heilkraefte-inkl-rezepte-und-heilkraeuter-einmaleins-2\\\/\",\"url\":\"https:\\\/\\\/purehivehoney.com\\\/de\\\/product\\\/oxymel-ein-natuerliches-mittel-zur-staerkung-des-immunsystems-alles-ueber-die-wirkungsbereiche-und-heilkraefte-inkl-rezepte-und-heilkraeuter-einmaleins-2\\\/\",\"name\":\"Oxymel - Ein nat\u00fcrliches Mittel zur St\u00e4rkung des Immunsystems: Alles \u00fcber die Wirkungsbereiche und Heilkr\u00e4fte! Inkl. Rezepte und Heilkr\u00e4uter Einmaleins - PureHiveHoney\",\"isPartOf\":{\"@id\":\"https:\\\/\\\/purehivehoney.com\\\/de\\\/#website\"},\"primaryImageOfPage\":{\"@id\":\"https:\\\/\\\/purehivehoney.com\\\/de\\\/product\\\/oxymel-ein-natuerliches-mittel-zur-staerkung-des-immunsystems-alles-ueber-die-wirkungsbereiche-und-heilkraefte-inkl-rezepte-und-heilkraeuter-einmaleins-2\\\/#primaryimage\"},\"image\":{\"@id\":\"https:\\\/\\\/purehivehoney.com\\\/de\\\/product\\\/oxymel-ein-natuerliches-mittel-zur-staerkung-des-immunsystems-alles-ueber-die-wirkungsbereiche-und-heilkraefte-inkl-rezepte-und-heilkraeuter-einmaleins-2\\\/#primaryimage\"},\"thumbnailUrl\":\"https:\\\/\\\/purehivehoney.com\\\/de\\\/wp-content\\\/uploads\\\/2026\\\/03\\\/815wJbOVMdL._SL1500_.jpg\",\"datePublished\":\"2026-03-25T22:31:52+00:00\",\"dateModified\":\"2026-03-25T22:31:55+00:00\",\"description\":\"Entdecken Sie hochwertigen Rohhonig, Bio Honig, Manuka Honig und nat\u00fcrliche Bienenprodukte. PureHiveHoney hilft Ihnen dabei, sorgf\u00e4ltig ausgew\u00e4hlte Honigsorten mit nat\u00fcrlicher Qualit\u00e4t und Reinheit zu entdecken.\",\"breadcrumb\":{\"@id\":\"https:\\\/\\\/purehivehoney.com\\\/de\\\/product\\\/oxymel-ein-natuerliches-mittel-zur-staerkung-des-immunsystems-alles-ueber-die-wirkungsbereiche-und-heilkraefte-inkl-rezepte-und-heilkraeuter-einmaleins-2\\\/#breadcrumb\"},\"inLanguage\":\"de\",\"potentialAction\":[{\"@type\":\"ReadAction\",\"target\":[\"https:\\\/\\\/purehivehoney.com\\\/de\\\/product\\\/oxymel-ein-natuerliches-mittel-zur-staerkung-des-immunsystems-alles-ueber-die-wirkungsbereiche-und-heilkraefte-inkl-rezepte-und-heilkraeuter-einmaleins-2\\\/\"]}]},{\"@type\":\"ImageObject\",\"inLanguage\":\"de\",\"@id\":\"https:\\\/\\\/purehivehoney.com\\\/de\\\/product\\\/oxymel-ein-natuerliches-mittel-zur-staerkung-des-immunsystems-alles-ueber-die-wirkungsbereiche-und-heilkraefte-inkl-rezepte-und-heilkraeuter-einmaleins-2\\\/#primaryimage\",\"url\":\"https:\\\/\\\/purehivehoney.com\\\/de\\\/wp-content\\\/uploads\\\/2026\\\/03\\\/815wJbOVMdL._SL1500_.jpg\",\"contentUrl\":\"https:\\\/\\\/purehivehoney.com\\\/de\\\/wp-content\\\/uploads\\\/2026\\\/03\\\/815wJbOVMdL._SL1500_.jpg\",\"width\":998,\"height\":1500},{\"@type\":\"BreadcrumbList\",\"@id\":\"https:\\\/\\\/purehivehoney.com\\\/de\\\/product\\\/oxymel-ein-natuerliches-mittel-zur-staerkung-des-immunsystems-alles-ueber-die-wirkungsbereiche-und-heilkraefte-inkl-rezepte-und-heilkraeuter-einmaleins-2\\\/#breadcrumb\",\"itemListElement\":[{\"@type\":\"ListItem\",\"position\":1,\"name\":\"Home\",\"item\":\"https:\\\/\\\/purehivehoney.com\\\/de\\\/\"},{\"@type\":\"ListItem\",\"position\":2,\"name\":\"Shop\",\"item\":\"https:\\\/\\\/purehivehoney.com\\\/de\\\/shop\\\/\"},{\"@type\":\"ListItem\",\"position\":3,\"name\":\"Oxymel &#8211; Ein nat\u00fcrliches Mit...\"}]},{\"@type\":\"WebSite\",\"@id\":\"https:\\\/\\\/purehivehoney.com\\\/de\\\/#website\",\"url\":\"https:\\\/\\\/purehivehoney.com\\\/de\\\/\",\"name\":\"PureHiveHoney\",\"description\":\"Reiner Honig &amp; Bienenprodukte Online | Rohhonig, Bio Honig &amp; Spezialhonig\",\"publisher\":{\"@id\":\"https:\\\/\\\/purehivehoney.com\\\/de\\\/#organization\"},\"potentialAction\":[{\"@type\":\"SearchAction\",\"target\":{\"@type\":\"EntryPoint\",\"urlTemplate\":\"https:\\\/\\\/purehivehoney.com\\\/de\\\/?s={search_term_string}\"},\"query-input\":{\"@type\":\"PropertyValueSpecification\",\"valueRequired\":true,\"valueName\":\"search_term_string\"}}],\"inLanguage\":\"de\"},{\"@type\":\"Organization\",\"@id\":\"https:\\\/\\\/purehivehoney.com\\\/de\\\/#organization\",\"name\":\"PureHiveHoney\",\"url\":\"https:\\\/\\\/purehivehoney.com\\\/de\\\/\",\"logo\":{\"@type\":\"ImageObject\",\"inLanguage\":\"de\",\"@id\":\"https:\\\/\\\/purehivehoney.com\\\/de\\\/#\\\/schema\\\/logo\\\/image\\\/\",\"url\":\"https:\\\/\\\/purehivehoney.com\\\/de\\\/wp-content\\\/uploads\\\/2026\\\/03\\\/Screenshot-2026-03-16-at-1.06.01-AM.png\",\"contentUrl\":\"https:\\\/\\\/purehivehoney.com\\\/de\\\/wp-content\\\/uploads\\\/2026\\\/03\\\/Screenshot-2026-03-16-at-1.06.01-AM.png\",\"width\":2112,\"height\":1086,\"caption\":\"PureHiveHoney\"},\"image\":{\"@id\":\"https:\\\/\\\/purehivehoney.com\\\/de\\\/#\\\/schema\\\/logo\\\/image\\\/\"}}]}<\/script>\n<!-- \/ Yoast SEO plugin. -->","yoast_head_json":{"title":"Oxymel - Ein nat\u00fcrliches Mittel zur St\u00e4rkung des Immunsystems: Alles \u00fcber die Wirkungsbereiche und Heilkr\u00e4fte! Inkl. Rezepte und Heilkr\u00e4uter Einmaleins - PureHiveHoney","description":"Entdecken Sie hochwertigen Rohhonig, Bio Honig, Manuka Honig und nat\u00fcrliche Bienenprodukte. PureHiveHoney hilft Ihnen dabei, sorgf\u00e4ltig ausgew\u00e4hlte Honigsorten mit nat\u00fcrlicher Qualit\u00e4t und Reinheit zu entdecken.","robots":{"index":"index","follow":"follow","max-snippet":"max-snippet:-1","max-image-preview":"max-image-preview:large","max-video-preview":"max-video-preview:-1"},"canonical":"https:\/\/purehivehoney.com\/de\/product\/oxymel-ein-natuerliches-mittel-zur-staerkung-des-immunsystems-alles-ueber-die-wirkungsbereiche-und-heilkraefte-inkl-rezepte-und-heilkraeuter-einmaleins-2\/","og_locale":"de_DE","og_type":"article","og_title":"Oxymel - Ein nat\u00fcrliches Mittel zur St\u00e4rkung des Immunsystems: Alles \u00fcber die Wirkungsbereiche und Heilkr\u00e4fte! Inkl. Rezepte und Heilkr\u00e4uter Einmaleins - PureHiveHoney","og_description":"Entdecken Sie hochwertigen Rohhonig, Bio Honig, Manuka Honig und nat\u00fcrliche Bienenprodukte. PureHiveHoney hilft Ihnen dabei, sorgf\u00e4ltig ausgew\u00e4hlte Honigsorten mit nat\u00fcrlicher Qualit\u00e4t und Reinheit zu entdecken.","og_url":"https:\/\/purehivehoney.com\/de\/product\/oxymel-ein-natuerliches-mittel-zur-staerkung-des-immunsystems-alles-ueber-die-wirkungsbereiche-und-heilkraefte-inkl-rezepte-und-heilkraeuter-einmaleins-2\/","og_site_name":"PureHiveHoney","article_modified_time":"2026-03-25T22:31:55+00:00","og_image":[{"url":"https:\/\/images-na.ssl-images-amazon.com\/images\/G\/01\/x-locale\/common\/grey-pixel.gif","type":"","width":"","height":""}],"twitter_card":"summary_large_image","twitter_misc":{"Gesch\u00e4tzte Lesezeit":"2\u00a0Minuten"},"schema":{"@context":"https:\/\/schema.org","@graph":[{"@type":"WebPage","@id":"https:\/\/purehivehoney.com\/de\/product\/oxymel-ein-natuerliches-mittel-zur-staerkung-des-immunsystems-alles-ueber-die-wirkungsbereiche-und-heilkraefte-inkl-rezepte-und-heilkraeuter-einmaleins-2\/","url":"https:\/\/purehivehoney.com\/de\/product\/oxymel-ein-natuerliches-mittel-zur-staerkung-des-immunsystems-alles-ueber-die-wirkungsbereiche-und-heilkraefte-inkl-rezepte-und-heilkraeuter-einmaleins-2\/","name":"Oxymel - Ein nat\u00fcrliches Mittel zur St\u00e4rkung des Immunsystems: Alles \u00fcber die Wirkungsbereiche und Heilkr\u00e4fte! Inkl. Rezepte und Heilkr\u00e4uter Einmaleins - PureHiveHoney","isPartOf":{"@id":"https:\/\/purehivehoney.com\/de\/#website"},"primaryImageOfPage":{"@id":"https:\/\/purehivehoney.com\/de\/product\/oxymel-ein-natuerliches-mittel-zur-staerkung-des-immunsystems-alles-ueber-die-wirkungsbereiche-und-heilkraefte-inkl-rezepte-und-heilkraeuter-einmaleins-2\/#primaryimage"},"image":{"@id":"https:\/\/purehivehoney.com\/de\/product\/oxymel-ein-natuerliches-mittel-zur-staerkung-des-immunsystems-alles-ueber-die-wirkungsbereiche-und-heilkraefte-inkl-rezepte-und-heilkraeuter-einmaleins-2\/#primaryimage"},"thumbnailUrl":"https:\/\/purehivehoney.com\/de\/wp-content\/uploads\/2026\/03\/815wJbOVMdL._SL1500_.jpg","datePublished":"2026-03-25T22:31:52+00:00","dateModified":"2026-03-25T22:31:55+00:00","description":"Entdecken Sie hochwertigen Rohhonig, Bio Honig, Manuka Honig und nat\u00fcrliche Bienenprodukte. PureHiveHoney hilft Ihnen dabei, sorgf\u00e4ltig ausgew\u00e4hlte Honigsorten mit nat\u00fcrlicher Qualit\u00e4t und Reinheit zu entdecken.","breadcrumb":{"@id":"https:\/\/purehivehoney.com\/de\/product\/oxymel-ein-natuerliches-mittel-zur-staerkung-des-immunsystems-alles-ueber-die-wirkungsbereiche-und-heilkraefte-inkl-rezepte-und-heilkraeuter-einmaleins-2\/#breadcrumb"},"inLanguage":"de","potentialAction":[{"@type":"ReadAction","target":["https:\/\/purehivehoney.com\/de\/product\/oxymel-ein-natuerliches-mittel-zur-staerkung-des-immunsystems-alles-ueber-die-wirkungsbereiche-und-heilkraefte-inkl-rezepte-und-heilkraeuter-einmaleins-2\/"]}]},{"@type":"ImageObject","inLanguage":"de","@id":"https:\/\/purehivehoney.com\/de\/product\/oxymel-ein-natuerliches-mittel-zur-staerkung-des-immunsystems-alles-ueber-die-wirkungsbereiche-und-heilkraefte-inkl-rezepte-und-heilkraeuter-einmaleins-2\/#primaryimage","url":"https:\/\/purehivehoney.com\/de\/wp-content\/uploads\/2026\/03\/815wJbOVMdL._SL1500_.jpg","contentUrl":"https:\/\/purehivehoney.com\/de\/wp-content\/uploads\/2026\/03\/815wJbOVMdL._SL1500_.jpg","width":998,"height":1500},{"@type":"BreadcrumbList","@id":"https:\/\/purehivehoney.com\/de\/product\/oxymel-ein-natuerliches-mittel-zur-staerkung-des-immunsystems-alles-ueber-die-wirkungsbereiche-und-heilkraefte-inkl-rezepte-und-heilkraeuter-einmaleins-2\/#breadcrumb","itemListElement":[{"@type":"ListItem","position":1,"name":"Home","item":"https:\/\/purehivehoney.com\/de\/"},{"@type":"ListItem","position":2,"name":"Shop","item":"https:\/\/purehivehoney.com\/de\/shop\/"},{"@type":"ListItem","position":3,"name":"Oxymel &#8211; Ein nat\u00fcrliches Mit..."}]},{"@type":"WebSite","@id":"https:\/\/purehivehoney.com\/de\/#website","url":"https:\/\/purehivehoney.com\/de\/","name":"PureHiveHoney","description":"Reiner Honig &amp; Bienenprodukte Online | Rohhonig, Bio Honig &amp; Spezialhonig","publisher":{"@id":"https:\/\/purehivehoney.com\/de\/#organization"},"potentialAction":[{"@type":"SearchAction","target":{"@type":"EntryPoint","urlTemplate":"https:\/\/purehivehoney.com\/de\/?s={search_term_string}"},"query-input":{"@type":"PropertyValueSpecification","valueRequired":true,"valueName":"search_term_string"}}],"inLanguage":"de"},{"@type":"Organization","@id":"https:\/\/purehivehoney.com\/de\/#organization","name":"PureHiveHoney","url":"https:\/\/purehivehoney.com\/de\/","logo":{"@type":"ImageObject","inLanguage":"de","@id":"https:\/\/purehivehoney.com\/de\/#\/schema\/logo\/image\/","url":"https:\/\/purehivehoney.com\/de\/wp-content\/uploads\/2026\/03\/Screenshot-2026-03-16-at-1.06.01-AM.png","contentUrl":"https:\/\/purehivehoney.com\/de\/wp-content\/uploads\/2026\/03\/Screenshot-2026-03-16-at-1.06.01-AM.png","width":2112,"height":1086,"caption":"PureHiveHoney"},"image":{"@id":"https:\/\/purehivehoney.com\/de\/#\/schema\/logo\/image\/"}}]}},"_links":{"self":[{"href":"https:\/\/purehivehoney.com\/de\/wp-json\/wp\/v2\/product\/2158","targetHints":{"allow":["GET"]}}],"collection":[{"href":"https:\/\/purehivehoney.com\/de\/wp-json\/wp\/v2\/product"}],"about":[{"href":"https:\/\/purehivehoney.com\/de\/wp-json\/wp\/v2\/types\/product"}],"replies":[{"embeddable":true,"href":"https:\/\/purehivehoney.com\/de\/wp-json\/wp\/v2\/comments?post=2158"}],"wp:featuredmedia":[{"embeddable":true,"href":"https:\/\/purehivehoney.com\/de\/wp-json\/wp\/v2\/media\/2159"}],"wp:attachment":[{"href":"https:\/\/purehivehoney.com\/de\/wp-json\/wp\/v2\/media?parent=2158"}],"wp:term":[{"taxonomy":"store","embeddable":true,"href":"https:\/\/purehivehoney.com\/de\/wp-json\/wp\/v2\/store?post=2158"},{"taxonomy":"product_brand","embeddable":true,"href":"https:\/\/purehivehoney.com\/de\/wp-json\/wp\/v2\/product_brand?post=2158"},{"taxonomy":"product_cat","embeddable":true,"href":"https:\/\/purehivehoney.com\/de\/wp-json\/wp\/v2\/product_cat?post=2158"},{"taxonomy":"product_tag","embeddable":true,"href":"https:\/\/purehivehoney.com\/de\/wp-json\/wp\/v2\/product_tag?post=2158"}],"curies":[{"name":"wp","href":"https:\/\/api.w.org\/{rel}","templated":true}]}}