{"id":2121,"date":"2026-03-25T20:24:51","date_gmt":"2026-03-25T20:24:51","guid":{"rendered":"https:\/\/purehivehoney.com\/de\/product\/groupies-dont-stay-for-breakfast\/"},"modified":"2026-03-25T20:25:25","modified_gmt":"2026-03-25T20:25:25","slug":"groupies-dont-stay-for-breakfast","status":"publish","type":"product","link":"https:\/\/purehivehoney.com\/de\/product\/groupies-dont-stay-for-breakfast\/","title":{"rendered":"Groupies don&#8217;t stay for break..."},"content":{"rendered":"<p>    <span>Groupies don&#8217;t stay for breakfast <\/span><\/p>\n<ul class=\"a-unordered-list a-vertical\">\n<li><span class=\"a-list-item\"><span>Feelgood movie full of humor, heart and butterflies in the stomach. <\/span><\/span><\/li>\n<li><span class=\"a-list-item\"><span>German cinema hit with Kostja Ullmann and Anna Fischer &#8211; an absolute dream couple. <\/span><\/span><\/li>\n<li><span class=\"a-list-item\"><span>Captivating teen romance about the turbulent love of a rock star. <\/span><\/span><\/li>\n<li><span class=\"a-list-item\"><span>A modern fairy tale love story that makes everyone rave. <\/span><\/span><\/li>\n<li><span class=\"a-list-item\"><span>German comedy that inspires young and old alike. <\/span><\/span><\/li>\n<li><span class=\"a-list-item\"><span>Beautiful Berlin backdrop &#8211; the city as a charming place for a romantic history. <\/span><\/span><\/li>\n<li><span class=\"a-list-item\"><span>Totally sweet and heartwarming, for those who love romance and German films. <\/span><\/span><\/li>\n<\/ul>\n<p><span><br \/><\/span><span>plot <\/span><br \/><span>Lila was a year as an exchange student in the United States. Now the 17-year-old is back in Germany and falls in love with the good-looking boy Christopher. But she doesn&#8217;t know that he is Chriz, the lead singer of the hottest band among the teens at the moment. When Lila finds out, difficulties are pre-programmed. Because the singer has signed in his contract that he remains officially single to better market his image. Although Chriz reciprocates Lila&#8217;s feelings, his manager tries to prevent this connection. Does the love of the two even have a chance? <\/span><br \/><span>Bonus material <\/span><\/p>\n<ul class=\"a-unordered-list a-vertical\">\n<li><span class=\"a-list-item\"><span>Audio commentary with Anna Fischer and Kostja Ullmann <\/span><\/span><\/li>\n<li><span class=\"a-list-item\"><span>Additional Scenes <\/span><\/span><\/li>\n<li><span class=\"a-list-item\"><span>Team film (awarded the team film award). <\/span><\/span><\/li>\n<li><span class=\"a-list-item\"><span>Music video &#8222;Battlefield&#8220; by Berlin Mitte <\/span><\/span><\/li>\n<li><span class=\"a-list-item\"><span>Berlin Mitte &#8211; &#8222;Battlefield bim RTL 2 Event <\/span><\/span><\/li>\n<li><span class=\"a-list-item\"><span>Backstage at movie <\/span><\/span><\/li>\n<li><span class=\"a-list-item\"><span>Reversible cover without FSK &#8211; perfect for collectors. <\/span><\/span><\/li>\n<\/ul>\n<p><span><br \/><\/span><span>Berlin, heart and humour &#8211; grab this German love comedy! <\/span><br \/> Aspect Ratio                                            \u200f                                            :                                            \u200e                                            16:9 &#8211; 1.85:1   <br \/> Rated                                            \u200f                                            :                                            \u200e                                            No age limitation   <br \/> Product Dimensions                                            \u200f                                            :                                            \u200e                                            13 x 1 x 19 cm; 70 g   <br \/> Director                                            \u200f                                            :                                            \u200e                                            Michael Keseroglu   <br \/> Media Format                                            \u200f                                            :                                            \u200e                                            DVD-Video   <br \/> Run time                                            \u200f                                            :                                            \u200e                                            1 hour and 39 minutes   <br \/> Release date                                            \u200f                                            :                                            \u200e                                            1 Dec 2024   <br \/> Actors                                            \u200f                                            :                                            \u200e                                            Amber Bongard, Anna Fischer, Inka Friedrich, Kostja Ullmann, Nina Gummich   <br \/> Language                                            \u200f                                            :                                            \u200e                                            German (Dolby Digital 5.1)   <br \/> Studio                                            \u200f                                            :                                            \u200e                                            WME Home Entertainment   <br \/> ASIN                                            \u200f                                            :                                            \u200e                                            B0DKFW4ZQP   <br \/> Country of origin                                            \u200f                                            :                                            \u200e                                            Germany   <br \/> Number of discs                                            \u200f                                            :                                            \u200e                                            1   <br \/>       Best Sellers Rank:  15,619 in DVD &#038; Blu-ray (See Top 100 in DVD &#038; Blu-ray)    699 in Romantic   1,465 in Children &#038; Family   3,396 in Drama (DVD &#038; Blu-ray)      <br \/>  Customer reviews:                                                                                            4.5               4.5 out of 5 stars                                  (2,656)                                              var dpAcrHasRegisteredArcLinkClickAction;                    P.when(&#8218;A&#8216;, &#8218;ready&#8216;).execute(function(A) {                        if (dpAcrHasRegisteredArcLinkClickAction !== true) {                            dpAcrHasRegisteredArcLinkClickAction = true;                            A.declarative(                                &#8218;acrLink-click-metrics&#8216;, &#8218;click&#8216;,                                { &#8222;allowLinkDefault&#8220;: true },                                function (event) {                                    if (window.ue) {                                        ue.count(&#8222;acrLinkClickCount&#8220;, (ue.count(&#8222;acrLinkClickCount&#8220;) || 0) + 1);                                    }                                }                            );                        }                    });                                             P.when(&#8218;A&#8216;, &#8218;cf&#8216;).execute(function(A) {                A.declarative(&#8218;acrStarsLink-click-metrics&#8216;, &#8218;click&#8216;, { &#8222;allowLinkDefault&#8220; : true },  function(event){                    if(window.ue) {                        ue.count(&#8222;acrStarsLinkWithPopoverClickCount&#8220;, (ue.count(&#8222;acrStarsLinkWithPopoverClickCount&#8220;) || 0) + 1);                    }                });            });                          <br \/><\/p>\n","protected":false},"excerpt":{"rendered":"<p>Groupies don&#8217;t stay for breakfast Feelgood movie full of humor, heart and butterflies in the stomach. German cinema hit with Kostja Ullmann and Anna Fischer &#8211; an absolute dream couple. Captivating teen romance about the turbulent love of a rock star. A modern fairy tale love story that makes everyone rave. German comedy that inspires [&hellip;]<\/p>\n","protected":false},"featured_media":2122,"comment_status":"open","ping_status":"closed","template":"","meta":{"_aipt_faq_data":""},"store":[],"product_brand":[],"product_cat":[57],"product_tag":[174],"class_list":{"0":"post-2121","1":"product","2":"type-product","3":"status-publish","4":"has-post-thumbnail","6":"product_cat-honigbutter","7":"product_tag-honigbutter-zum-fruehstueck","9":"first","10":"instock","11":"sale","12":"shipping-taxable","13":"product-type-external"},"yoast_head":"<!-- This site is optimized with the Yoast SEO plugin v27.4 - https:\/\/yoast.com\/product\/yoast-seo-wordpress\/ -->\n<title>Groupies don&#039;t stay for breakfast - PureHiveHoney<\/title>\n<meta name=\"description\" content=\"Entdecken Sie hochwertigen Rohhonig, Bio Honig, Manuka Honig und nat\u00fcrliche Bienenprodukte. PureHiveHoney hilft Ihnen dabei, sorgf\u00e4ltig ausgew\u00e4hlte Honigsorten mit nat\u00fcrlicher Qualit\u00e4t und Reinheit zu entdecken.\" \/>\n<meta name=\"robots\" content=\"index, follow, max-snippet:-1, max-image-preview:large, max-video-preview:-1\" \/>\n<link rel=\"canonical\" href=\"https:\/\/purehivehoney.com\/de\/product\/groupies-dont-stay-for-breakfast\/\" \/>\n<meta property=\"og:locale\" content=\"de_DE\" \/>\n<meta property=\"og:type\" content=\"article\" \/>\n<meta property=\"og:title\" content=\"Groupies don&#039;t stay for breakfast - PureHiveHoney\" \/>\n<meta property=\"og:description\" content=\"Entdecken Sie hochwertigen Rohhonig, Bio Honig, Manuka Honig und nat\u00fcrliche Bienenprodukte. PureHiveHoney hilft Ihnen dabei, sorgf\u00e4ltig ausgew\u00e4hlte Honigsorten mit nat\u00fcrlicher Qualit\u00e4t und Reinheit zu entdecken.\" \/>\n<meta property=\"og:url\" content=\"https:\/\/purehivehoney.com\/de\/product\/groupies-dont-stay-for-breakfast\/\" \/>\n<meta property=\"og:site_name\" content=\"PureHiveHoney\" \/>\n<meta property=\"article:modified_time\" content=\"2026-03-25T20:25:25+00:00\" \/>\n<meta name=\"twitter:card\" content=\"summary_large_image\" \/>\n<meta name=\"twitter:label1\" content=\"Gesch\u00e4tzte Lesezeit\" \/>\n\t<meta name=\"twitter:data1\" content=\"2\u00a0Minuten\" \/>\n<script type=\"application\/ld+json\" class=\"yoast-schema-graph\">{\"@context\":\"https:\\\/\\\/schema.org\",\"@graph\":[{\"@type\":\"WebPage\",\"@id\":\"https:\\\/\\\/purehivehoney.com\\\/de\\\/product\\\/groupies-dont-stay-for-breakfast\\\/\",\"url\":\"https:\\\/\\\/purehivehoney.com\\\/de\\\/product\\\/groupies-dont-stay-for-breakfast\\\/\",\"name\":\"Groupies don't stay for breakfast - PureHiveHoney\",\"isPartOf\":{\"@id\":\"https:\\\/\\\/purehivehoney.com\\\/de\\\/#website\"},\"primaryImageOfPage\":{\"@id\":\"https:\\\/\\\/purehivehoney.com\\\/de\\\/product\\\/groupies-dont-stay-for-breakfast\\\/#primaryimage\"},\"image\":{\"@id\":\"https:\\\/\\\/purehivehoney.com\\\/de\\\/product\\\/groupies-dont-stay-for-breakfast\\\/#primaryimage\"},\"thumbnailUrl\":\"https:\\\/\\\/purehivehoney.com\\\/de\\\/wp-content\\\/uploads\\\/2026\\\/03\\\/81JaKKSep6L._SL1500_.jpg\",\"datePublished\":\"2026-03-25T20:24:51+00:00\",\"dateModified\":\"2026-03-25T20:25:25+00:00\",\"description\":\"Entdecken Sie hochwertigen Rohhonig, Bio Honig, Manuka Honig und nat\u00fcrliche Bienenprodukte. PureHiveHoney hilft Ihnen dabei, sorgf\u00e4ltig ausgew\u00e4hlte Honigsorten mit nat\u00fcrlicher Qualit\u00e4t und Reinheit zu entdecken.\",\"breadcrumb\":{\"@id\":\"https:\\\/\\\/purehivehoney.com\\\/de\\\/product\\\/groupies-dont-stay-for-breakfast\\\/#breadcrumb\"},\"inLanguage\":\"de\",\"potentialAction\":[{\"@type\":\"ReadAction\",\"target\":[\"https:\\\/\\\/purehivehoney.com\\\/de\\\/product\\\/groupies-dont-stay-for-breakfast\\\/\"]}]},{\"@type\":\"ImageObject\",\"inLanguage\":\"de\",\"@id\":\"https:\\\/\\\/purehivehoney.com\\\/de\\\/product\\\/groupies-dont-stay-for-breakfast\\\/#primaryimage\",\"url\":\"https:\\\/\\\/purehivehoney.com\\\/de\\\/wp-content\\\/uploads\\\/2026\\\/03\\\/81JaKKSep6L._SL1500_.jpg\",\"contentUrl\":\"https:\\\/\\\/purehivehoney.com\\\/de\\\/wp-content\\\/uploads\\\/2026\\\/03\\\/81JaKKSep6L._SL1500_.jpg\",\"width\":1000,\"height\":1500},{\"@type\":\"BreadcrumbList\",\"@id\":\"https:\\\/\\\/purehivehoney.com\\\/de\\\/product\\\/groupies-dont-stay-for-breakfast\\\/#breadcrumb\",\"itemListElement\":[{\"@type\":\"ListItem\",\"position\":1,\"name\":\"Home\",\"item\":\"https:\\\/\\\/purehivehoney.com\\\/de\\\/\"},{\"@type\":\"ListItem\",\"position\":2,\"name\":\"Shop\",\"item\":\"https:\\\/\\\/purehivehoney.com\\\/de\\\/shop\\\/\"},{\"@type\":\"ListItem\",\"position\":3,\"name\":\"Groupies don&#8217;t stay for break...\"}]},{\"@type\":\"WebSite\",\"@id\":\"https:\\\/\\\/purehivehoney.com\\\/de\\\/#website\",\"url\":\"https:\\\/\\\/purehivehoney.com\\\/de\\\/\",\"name\":\"PureHiveHoney\",\"description\":\"Reiner Honig &amp; Bienenprodukte Online | Rohhonig, Bio Honig &amp; Spezialhonig\",\"publisher\":{\"@id\":\"https:\\\/\\\/purehivehoney.com\\\/de\\\/#organization\"},\"potentialAction\":[{\"@type\":\"SearchAction\",\"target\":{\"@type\":\"EntryPoint\",\"urlTemplate\":\"https:\\\/\\\/purehivehoney.com\\\/de\\\/?s={search_term_string}\"},\"query-input\":{\"@type\":\"PropertyValueSpecification\",\"valueRequired\":true,\"valueName\":\"search_term_string\"}}],\"inLanguage\":\"de\"},{\"@type\":\"Organization\",\"@id\":\"https:\\\/\\\/purehivehoney.com\\\/de\\\/#organization\",\"name\":\"PureHiveHoney\",\"url\":\"https:\\\/\\\/purehivehoney.com\\\/de\\\/\",\"logo\":{\"@type\":\"ImageObject\",\"inLanguage\":\"de\",\"@id\":\"https:\\\/\\\/purehivehoney.com\\\/de\\\/#\\\/schema\\\/logo\\\/image\\\/\",\"url\":\"https:\\\/\\\/purehivehoney.com\\\/de\\\/wp-content\\\/uploads\\\/2026\\\/03\\\/Screenshot-2026-03-16-at-1.06.01-AM.png\",\"contentUrl\":\"https:\\\/\\\/purehivehoney.com\\\/de\\\/wp-content\\\/uploads\\\/2026\\\/03\\\/Screenshot-2026-03-16-at-1.06.01-AM.png\",\"width\":2112,\"height\":1086,\"caption\":\"PureHiveHoney\"},\"image\":{\"@id\":\"https:\\\/\\\/purehivehoney.com\\\/de\\\/#\\\/schema\\\/logo\\\/image\\\/\"}}]}<\/script>\n<!-- \/ Yoast SEO plugin. -->","yoast_head_json":{"title":"Groupies don't stay for breakfast - PureHiveHoney","description":"Entdecken Sie hochwertigen Rohhonig, Bio Honig, Manuka Honig und nat\u00fcrliche Bienenprodukte. PureHiveHoney hilft Ihnen dabei, sorgf\u00e4ltig ausgew\u00e4hlte Honigsorten mit nat\u00fcrlicher Qualit\u00e4t und Reinheit zu entdecken.","robots":{"index":"index","follow":"follow","max-snippet":"max-snippet:-1","max-image-preview":"max-image-preview:large","max-video-preview":"max-video-preview:-1"},"canonical":"https:\/\/purehivehoney.com\/de\/product\/groupies-dont-stay-for-breakfast\/","og_locale":"de_DE","og_type":"article","og_title":"Groupies don't stay for breakfast - PureHiveHoney","og_description":"Entdecken Sie hochwertigen Rohhonig, Bio Honig, Manuka Honig und nat\u00fcrliche Bienenprodukte. PureHiveHoney hilft Ihnen dabei, sorgf\u00e4ltig ausgew\u00e4hlte Honigsorten mit nat\u00fcrlicher Qualit\u00e4t und Reinheit zu entdecken.","og_url":"https:\/\/purehivehoney.com\/de\/product\/groupies-dont-stay-for-breakfast\/","og_site_name":"PureHiveHoney","article_modified_time":"2026-03-25T20:25:25+00:00","twitter_card":"summary_large_image","twitter_misc":{"Gesch\u00e4tzte Lesezeit":"2\u00a0Minuten"},"schema":{"@context":"https:\/\/schema.org","@graph":[{"@type":"WebPage","@id":"https:\/\/purehivehoney.com\/de\/product\/groupies-dont-stay-for-breakfast\/","url":"https:\/\/purehivehoney.com\/de\/product\/groupies-dont-stay-for-breakfast\/","name":"Groupies don't stay for breakfast - PureHiveHoney","isPartOf":{"@id":"https:\/\/purehivehoney.com\/de\/#website"},"primaryImageOfPage":{"@id":"https:\/\/purehivehoney.com\/de\/product\/groupies-dont-stay-for-breakfast\/#primaryimage"},"image":{"@id":"https:\/\/purehivehoney.com\/de\/product\/groupies-dont-stay-for-breakfast\/#primaryimage"},"thumbnailUrl":"https:\/\/purehivehoney.com\/de\/wp-content\/uploads\/2026\/03\/81JaKKSep6L._SL1500_.jpg","datePublished":"2026-03-25T20:24:51+00:00","dateModified":"2026-03-25T20:25:25+00:00","description":"Entdecken Sie hochwertigen Rohhonig, Bio Honig, Manuka Honig und nat\u00fcrliche Bienenprodukte. PureHiveHoney hilft Ihnen dabei, sorgf\u00e4ltig ausgew\u00e4hlte Honigsorten mit nat\u00fcrlicher Qualit\u00e4t und Reinheit zu entdecken.","breadcrumb":{"@id":"https:\/\/purehivehoney.com\/de\/product\/groupies-dont-stay-for-breakfast\/#breadcrumb"},"inLanguage":"de","potentialAction":[{"@type":"ReadAction","target":["https:\/\/purehivehoney.com\/de\/product\/groupies-dont-stay-for-breakfast\/"]}]},{"@type":"ImageObject","inLanguage":"de","@id":"https:\/\/purehivehoney.com\/de\/product\/groupies-dont-stay-for-breakfast\/#primaryimage","url":"https:\/\/purehivehoney.com\/de\/wp-content\/uploads\/2026\/03\/81JaKKSep6L._SL1500_.jpg","contentUrl":"https:\/\/purehivehoney.com\/de\/wp-content\/uploads\/2026\/03\/81JaKKSep6L._SL1500_.jpg","width":1000,"height":1500},{"@type":"BreadcrumbList","@id":"https:\/\/purehivehoney.com\/de\/product\/groupies-dont-stay-for-breakfast\/#breadcrumb","itemListElement":[{"@type":"ListItem","position":1,"name":"Home","item":"https:\/\/purehivehoney.com\/de\/"},{"@type":"ListItem","position":2,"name":"Shop","item":"https:\/\/purehivehoney.com\/de\/shop\/"},{"@type":"ListItem","position":3,"name":"Groupies don&#8217;t stay for break..."}]},{"@type":"WebSite","@id":"https:\/\/purehivehoney.com\/de\/#website","url":"https:\/\/purehivehoney.com\/de\/","name":"PureHiveHoney","description":"Reiner Honig &amp; Bienenprodukte Online | Rohhonig, Bio Honig &amp; Spezialhonig","publisher":{"@id":"https:\/\/purehivehoney.com\/de\/#organization"},"potentialAction":[{"@type":"SearchAction","target":{"@type":"EntryPoint","urlTemplate":"https:\/\/purehivehoney.com\/de\/?s={search_term_string}"},"query-input":{"@type":"PropertyValueSpecification","valueRequired":true,"valueName":"search_term_string"}}],"inLanguage":"de"},{"@type":"Organization","@id":"https:\/\/purehivehoney.com\/de\/#organization","name":"PureHiveHoney","url":"https:\/\/purehivehoney.com\/de\/","logo":{"@type":"ImageObject","inLanguage":"de","@id":"https:\/\/purehivehoney.com\/de\/#\/schema\/logo\/image\/","url":"https:\/\/purehivehoney.com\/de\/wp-content\/uploads\/2026\/03\/Screenshot-2026-03-16-at-1.06.01-AM.png","contentUrl":"https:\/\/purehivehoney.com\/de\/wp-content\/uploads\/2026\/03\/Screenshot-2026-03-16-at-1.06.01-AM.png","width":2112,"height":1086,"caption":"PureHiveHoney"},"image":{"@id":"https:\/\/purehivehoney.com\/de\/#\/schema\/logo\/image\/"}}]}},"_links":{"self":[{"href":"https:\/\/purehivehoney.com\/de\/wp-json\/wp\/v2\/product\/2121","targetHints":{"allow":["GET"]}}],"collection":[{"href":"https:\/\/purehivehoney.com\/de\/wp-json\/wp\/v2\/product"}],"about":[{"href":"https:\/\/purehivehoney.com\/de\/wp-json\/wp\/v2\/types\/product"}],"replies":[{"embeddable":true,"href":"https:\/\/purehivehoney.com\/de\/wp-json\/wp\/v2\/comments?post=2121"}],"wp:featuredmedia":[{"embeddable":true,"href":"https:\/\/purehivehoney.com\/de\/wp-json\/wp\/v2\/media\/2122"}],"wp:attachment":[{"href":"https:\/\/purehivehoney.com\/de\/wp-json\/wp\/v2\/media?parent=2121"}],"wp:term":[{"taxonomy":"store","embeddable":true,"href":"https:\/\/purehivehoney.com\/de\/wp-json\/wp\/v2\/store?post=2121"},{"taxonomy":"product_brand","embeddable":true,"href":"https:\/\/purehivehoney.com\/de\/wp-json\/wp\/v2\/product_brand?post=2121"},{"taxonomy":"product_cat","embeddable":true,"href":"https:\/\/purehivehoney.com\/de\/wp-json\/wp\/v2\/product_cat?post=2121"},{"taxonomy":"product_tag","embeddable":true,"href":"https:\/\/purehivehoney.com\/de\/wp-json\/wp\/v2\/product_tag?post=2121"}],"curies":[{"name":"wp","href":"https:\/\/api.w.org\/{rel}","templated":true}]}}