{"id":2113,"date":"2026-03-25T20:21:01","date_gmt":"2026-03-25T20:21:01","guid":{"rendered":"https:\/\/purehivehoney.com\/de\/product\/weider-duo-pack-peanut-butter-smooth-2-x-1-kg-100-peanuts-100-natural-100-delicious-natural-protein-source-with-26-protein-no-additives-no-palm-oil-no-added-sugar-creamy-texture-vegan\/"},"modified":"2026-03-25T20:21:17","modified_gmt":"2026-03-25T20:21:17","slug":"weider-duo-pack-peanut-butter-smooth-2-x-1-kg-100-peanuts-100-natural-100-delicious-natural-protein-source-with-26-protein-no-additives-no-palm-oil-no-added-sugar-creamy-texture-vegan","status":"publish","type":"product","link":"https:\/\/purehivehoney.com\/de\/product\/weider-duo-pack-peanut-butter-smooth-2-x-1-kg-100-peanuts-100-natural-100-delicious-natural-protein-source-with-26-protein-no-additives-no-palm-oil-no-added-sugar-creamy-texture-vegan\/","title":{"rendered":"Weider DUO-Pack Peanut Butter Smoot..."},"content":{"rendered":"<p>    <span>WEIDER Peanut Butter lovers pay attention. <br \/>Our delicious Weider Peanut Butter is 100% natural and comes without artificial flavours, preservatives or other additives. We also deliberately do not use palm oil or other vegetable fats, which are added to many standard products. <br \/>We only use carefully selected, gently roasted peanuts to make our incredibly creamy peanut butter &#8211; and you taste that! <br \/>With a protein content of 26%, peanuts are a great natural source of protein. Thanks to the content of natural proteins, our creamy peanut butter helps maintain and build muscle mass, making it the ideal food for athletes and physically active people. Our delicious peanut butter also contains no added sugar (contains naturally sugar). <br \/>In addition to the classic use as a spread on a peanut butter sandwich, our creamy peanut butter is also great as an ingredient for cooking and baking. <br \/>At Weider we want to support you in achieving your sporting and health goals. We want to achieve new standards in sports nutrition and quality &#8211; and have been doing so for over 80 years! Whether you simply want to maintain an active and healthy lifestyle, or set high sporting goals, with our high-quality products you are always well advised. <br \/>If you are looking for more protein-rich bread spreads, you should definitely try our sugar-reduced whey protein choco cream. The delicious hazelnut chocolate cream contains 21% protein made from high-quality whey protein and 11% whole hazelnuts &#8211; ideal for people who want to pay attention to their figure and at the same time want to treat themselves to something sweet. The best spread for a calorie reduced diet &#8211; whether on bread, waffles, pancakes or fresh fruit, for baking or directly from the spoon to the mouth!<\/span>    <br \/> Product Dimensions                                            \u200f                                            :                                            \u200e                                            22 x 22 x 14 cm; 2 kg   <br \/> Manufacturer                                            \u200f                                            :                                            \u200e                                            WEIDER   <br \/> ASIN                                            \u200f                                            :                                            \u200e                                            B086XV8W25   <br \/> Item model number                                            \u200f                                            :                                            \u200e                                            WJW.262500   <br \/> Country of origin                                            \u200f                                            :                                            \u200e                                            Netherlands   <br \/>  Customer reviews:                                                                                            4.3               4.3 out of 5 stars                                  (1,310)                                              var dpAcrHasRegisteredArcLinkClickAction;                    P.when(&#8218;A&#8216;, &#8218;ready&#8216;).execute(function(A) {                        if (dpAcrHasRegisteredArcLinkClickAction !== true) {                            dpAcrHasRegisteredArcLinkClickAction = true;                            A.declarative(                                &#8218;acrLink-click-metrics&#8216;, &#8218;click&#8216;,                                { &#8222;allowLinkDefault&#8220;: true },                                function (event) {                                    if (window.ue) {                                        ue.count(&#8222;acrLinkClickCount&#8220;, (ue.count(&#8222;acrLinkClickCount&#8220;) || 0) + 1);                                    }                                }                            );                        }                    });                                             P.when(&#8218;A&#8216;, &#8218;cf&#8216;).execute(function(A) {                A.declarative(&#8218;acrStarsLink-click-metrics&#8216;, &#8218;click&#8216;, { &#8222;allowLinkDefault&#8220; : true },  function(event){                    if(window.ue) {                        ue.count(&#8222;acrStarsLinkWithPopoverClickCount&#8220;, (ue.count(&#8222;acrStarsLinkWithPopoverClickCount&#8220;) || 0) + 1);                    }                });            });                          <br \/>Peanut Butter from Weider, international company pioneer and specialised in sports nutrition with more than 85 years offers quality and innovation.<br \/>100% roasted peanuts: no added sugar and salt, no preservatives and no palm oil. 100% natural.<br \/>26% protein: naturally contained in peanuts. Peanuts are a source of protein and healthy fats.<br \/>HEALTHY FATS: Peanuts contain mainly monounsaturated and polyunsaturated fats, which are necessary for maintaining health and well-being.<br \/>SOFT TEXTURE: Very creamy and pleasant on the palate. Easy to spread and versatile, ideal for taking at any time of day, whether in your recipes or when preparing snacks.<\/p>\n\n","protected":false},"excerpt":{"rendered":"<p>WEIDER Peanut Butter lovers pay attention. Our delicious Weider Peanut Butter is 100% natural and comes without artificial flavours, preservatives or other additives. We also deliberately do not use palm oil or other vegetable fats, which are added to many standard products. We only use carefully selected, gently roasted peanuts to make our incredibly creamy [&hellip;]<\/p>\n","protected":false},"featured_media":2114,"comment_status":"open","ping_status":"closed","template":"","meta":{"_aipt_faq_data":""},"store":[],"product_brand":[325],"product_cat":[58],"product_tag":[324],"class_list":{"0":"post-2113","1":"product","2":"type-product","3":"status-publish","4":"has-post-thumbnail","6":"product_brand-weider","7":"product_cat-honig-nuss-aufstriche","8":"product_tag-honig-nuss-aufstriche-ohne-zucker","10":"first","11":"instock","12":"sale","13":"shipping-taxable","14":"product-type-external"},"yoast_head":"<!-- This site is optimized with the Yoast SEO plugin v27.4 - https:\/\/yoast.com\/product\/yoast-seo-wordpress\/ -->\n<title>Weider DUO-Pack Peanut Butter Smooth (2 x 1 kg), 100% Peanuts, 100% Natural, 100% Delicious, Natural Protein Source with 26% Protein, No Additives, No Palm Oil, No Added Sugar, Creamy Texture, Vegan - PureHiveHoney<\/title>\n<meta name=\"description\" content=\"Entdecken Sie hochwertigen Rohhonig, Bio Honig, Manuka Honig und nat\u00fcrliche Bienenprodukte. PureHiveHoney hilft Ihnen dabei, sorgf\u00e4ltig ausgew\u00e4hlte Honigsorten mit nat\u00fcrlicher Qualit\u00e4t und Reinheit zu entdecken.\" \/>\n<meta name=\"robots\" content=\"index, follow, max-snippet:-1, max-image-preview:large, max-video-preview:-1\" \/>\n<link rel=\"canonical\" href=\"https:\/\/purehivehoney.com\/de\/product\/weider-duo-pack-peanut-butter-smooth-2-x-1-kg-100-peanuts-100-natural-100-delicious-natural-protein-source-with-26-protein-no-additives-no-palm-oil-no-added-sugar-creamy-texture-vegan\/\" \/>\n<meta property=\"og:locale\" content=\"de_DE\" \/>\n<meta property=\"og:type\" content=\"article\" \/>\n<meta property=\"og:title\" content=\"Weider DUO-Pack Peanut Butter Smooth (2 x 1 kg), 100% Peanuts, 100% Natural, 100% Delicious, Natural Protein Source with 26% Protein, No Additives, No Palm Oil, No Added Sugar, Creamy Texture, Vegan - PureHiveHoney\" \/>\n<meta property=\"og:description\" content=\"Entdecken Sie hochwertigen Rohhonig, Bio Honig, Manuka Honig und nat\u00fcrliche Bienenprodukte. PureHiveHoney hilft Ihnen dabei, sorgf\u00e4ltig ausgew\u00e4hlte Honigsorten mit nat\u00fcrlicher Qualit\u00e4t und Reinheit zu entdecken.\" \/>\n<meta property=\"og:url\" content=\"https:\/\/purehivehoney.com\/de\/product\/weider-duo-pack-peanut-butter-smooth-2-x-1-kg-100-peanuts-100-natural-100-delicious-natural-protein-source-with-26-protein-no-additives-no-palm-oil-no-added-sugar-creamy-texture-vegan\/\" \/>\n<meta property=\"og:site_name\" content=\"PureHiveHoney\" \/>\n<meta property=\"article:modified_time\" content=\"2026-03-25T20:21:17+00:00\" \/>\n<meta name=\"twitter:card\" content=\"summary_large_image\" \/>\n<meta name=\"twitter:label1\" content=\"Gesch\u00e4tzte Lesezeit\" \/>\n\t<meta name=\"twitter:data1\" content=\"2\u00a0Minuten\" \/>\n<script type=\"application\/ld+json\" class=\"yoast-schema-graph\">{\"@context\":\"https:\\\/\\\/schema.org\",\"@graph\":[{\"@type\":\"WebPage\",\"@id\":\"https:\\\/\\\/purehivehoney.com\\\/de\\\/product\\\/weider-duo-pack-peanut-butter-smooth-2-x-1-kg-100-peanuts-100-natural-100-delicious-natural-protein-source-with-26-protein-no-additives-no-palm-oil-no-added-sugar-creamy-texture-vegan\\\/\",\"url\":\"https:\\\/\\\/purehivehoney.com\\\/de\\\/product\\\/weider-duo-pack-peanut-butter-smooth-2-x-1-kg-100-peanuts-100-natural-100-delicious-natural-protein-source-with-26-protein-no-additives-no-palm-oil-no-added-sugar-creamy-texture-vegan\\\/\",\"name\":\"Weider DUO-Pack Peanut Butter Smooth (2 x 1 kg), 100% Peanuts, 100% Natural, 100% Delicious, Natural Protein Source with 26% Protein, No Additives, No Palm Oil, No Added Sugar, Creamy Texture, Vegan - PureHiveHoney\",\"isPartOf\":{\"@id\":\"https:\\\/\\\/purehivehoney.com\\\/de\\\/#website\"},\"primaryImageOfPage\":{\"@id\":\"https:\\\/\\\/purehivehoney.com\\\/de\\\/product\\\/weider-duo-pack-peanut-butter-smooth-2-x-1-kg-100-peanuts-100-natural-100-delicious-natural-protein-source-with-26-protein-no-additives-no-palm-oil-no-added-sugar-creamy-texture-vegan\\\/#primaryimage\"},\"image\":{\"@id\":\"https:\\\/\\\/purehivehoney.com\\\/de\\\/product\\\/weider-duo-pack-peanut-butter-smooth-2-x-1-kg-100-peanuts-100-natural-100-delicious-natural-protein-source-with-26-protein-no-additives-no-palm-oil-no-added-sugar-creamy-texture-vegan\\\/#primaryimage\"},\"thumbnailUrl\":\"https:\\\/\\\/purehivehoney.com\\\/de\\\/wp-content\\\/uploads\\\/2026\\\/03\\\/71QlqnWhm2L._SL1500_.jpg\",\"datePublished\":\"2026-03-25T20:21:01+00:00\",\"dateModified\":\"2026-03-25T20:21:17+00:00\",\"description\":\"Entdecken Sie hochwertigen Rohhonig, Bio Honig, Manuka Honig und nat\u00fcrliche Bienenprodukte. PureHiveHoney hilft Ihnen dabei, sorgf\u00e4ltig ausgew\u00e4hlte Honigsorten mit nat\u00fcrlicher Qualit\u00e4t und Reinheit zu entdecken.\",\"breadcrumb\":{\"@id\":\"https:\\\/\\\/purehivehoney.com\\\/de\\\/product\\\/weider-duo-pack-peanut-butter-smooth-2-x-1-kg-100-peanuts-100-natural-100-delicious-natural-protein-source-with-26-protein-no-additives-no-palm-oil-no-added-sugar-creamy-texture-vegan\\\/#breadcrumb\"},\"inLanguage\":\"de\",\"potentialAction\":[{\"@type\":\"ReadAction\",\"target\":[\"https:\\\/\\\/purehivehoney.com\\\/de\\\/product\\\/weider-duo-pack-peanut-butter-smooth-2-x-1-kg-100-peanuts-100-natural-100-delicious-natural-protein-source-with-26-protein-no-additives-no-palm-oil-no-added-sugar-creamy-texture-vegan\\\/\"]}]},{\"@type\":\"ImageObject\",\"inLanguage\":\"de\",\"@id\":\"https:\\\/\\\/purehivehoney.com\\\/de\\\/product\\\/weider-duo-pack-peanut-butter-smooth-2-x-1-kg-100-peanuts-100-natural-100-delicious-natural-protein-source-with-26-protein-no-additives-no-palm-oil-no-added-sugar-creamy-texture-vegan\\\/#primaryimage\",\"url\":\"https:\\\/\\\/purehivehoney.com\\\/de\\\/wp-content\\\/uploads\\\/2026\\\/03\\\/71QlqnWhm2L._SL1500_.jpg\",\"contentUrl\":\"https:\\\/\\\/purehivehoney.com\\\/de\\\/wp-content\\\/uploads\\\/2026\\\/03\\\/71QlqnWhm2L._SL1500_.jpg\",\"width\":1500,\"height\":1500},{\"@type\":\"BreadcrumbList\",\"@id\":\"https:\\\/\\\/purehivehoney.com\\\/de\\\/product\\\/weider-duo-pack-peanut-butter-smooth-2-x-1-kg-100-peanuts-100-natural-100-delicious-natural-protein-source-with-26-protein-no-additives-no-palm-oil-no-added-sugar-creamy-texture-vegan\\\/#breadcrumb\",\"itemListElement\":[{\"@type\":\"ListItem\",\"position\":1,\"name\":\"Home\",\"item\":\"https:\\\/\\\/purehivehoney.com\\\/de\\\/\"},{\"@type\":\"ListItem\",\"position\":2,\"name\":\"Shop\",\"item\":\"https:\\\/\\\/purehivehoney.com\\\/de\\\/shop\\\/\"},{\"@type\":\"ListItem\",\"position\":3,\"name\":\"Weider DUO-Pack Peanut Butter Smoot...\"}]},{\"@type\":\"WebSite\",\"@id\":\"https:\\\/\\\/purehivehoney.com\\\/de\\\/#website\",\"url\":\"https:\\\/\\\/purehivehoney.com\\\/de\\\/\",\"name\":\"PureHiveHoney\",\"description\":\"Reiner Honig &amp; Bienenprodukte Online | Rohhonig, Bio Honig &amp; Spezialhonig\",\"publisher\":{\"@id\":\"https:\\\/\\\/purehivehoney.com\\\/de\\\/#organization\"},\"potentialAction\":[{\"@type\":\"SearchAction\",\"target\":{\"@type\":\"EntryPoint\",\"urlTemplate\":\"https:\\\/\\\/purehivehoney.com\\\/de\\\/?s={search_term_string}\"},\"query-input\":{\"@type\":\"PropertyValueSpecification\",\"valueRequired\":true,\"valueName\":\"search_term_string\"}}],\"inLanguage\":\"de\"},{\"@type\":\"Organization\",\"@id\":\"https:\\\/\\\/purehivehoney.com\\\/de\\\/#organization\",\"name\":\"PureHiveHoney\",\"url\":\"https:\\\/\\\/purehivehoney.com\\\/de\\\/\",\"logo\":{\"@type\":\"ImageObject\",\"inLanguage\":\"de\",\"@id\":\"https:\\\/\\\/purehivehoney.com\\\/de\\\/#\\\/schema\\\/logo\\\/image\\\/\",\"url\":\"https:\\\/\\\/purehivehoney.com\\\/de\\\/wp-content\\\/uploads\\\/2026\\\/03\\\/Screenshot-2026-03-16-at-1.06.01-AM.png\",\"contentUrl\":\"https:\\\/\\\/purehivehoney.com\\\/de\\\/wp-content\\\/uploads\\\/2026\\\/03\\\/Screenshot-2026-03-16-at-1.06.01-AM.png\",\"width\":2112,\"height\":1086,\"caption\":\"PureHiveHoney\"},\"image\":{\"@id\":\"https:\\\/\\\/purehivehoney.com\\\/de\\\/#\\\/schema\\\/logo\\\/image\\\/\"}}]}<\/script>\n<!-- \/ Yoast SEO plugin. -->","yoast_head_json":{"title":"Weider DUO-Pack Peanut Butter Smooth (2 x 1 kg), 100% Peanuts, 100% Natural, 100% Delicious, Natural Protein Source with 26% Protein, No Additives, No Palm Oil, No Added Sugar, Creamy Texture, Vegan - PureHiveHoney","description":"Entdecken Sie hochwertigen Rohhonig, Bio Honig, Manuka Honig und nat\u00fcrliche Bienenprodukte. PureHiveHoney hilft Ihnen dabei, sorgf\u00e4ltig ausgew\u00e4hlte Honigsorten mit nat\u00fcrlicher Qualit\u00e4t und Reinheit zu entdecken.","robots":{"index":"index","follow":"follow","max-snippet":"max-snippet:-1","max-image-preview":"max-image-preview:large","max-video-preview":"max-video-preview:-1"},"canonical":"https:\/\/purehivehoney.com\/de\/product\/weider-duo-pack-peanut-butter-smooth-2-x-1-kg-100-peanuts-100-natural-100-delicious-natural-protein-source-with-26-protein-no-additives-no-palm-oil-no-added-sugar-creamy-texture-vegan\/","og_locale":"de_DE","og_type":"article","og_title":"Weider DUO-Pack Peanut Butter Smooth (2 x 1 kg), 100% Peanuts, 100% Natural, 100% Delicious, Natural Protein Source with 26% Protein, No Additives, No Palm Oil, No Added Sugar, Creamy Texture, Vegan - PureHiveHoney","og_description":"Entdecken Sie hochwertigen Rohhonig, Bio Honig, Manuka Honig und nat\u00fcrliche Bienenprodukte. PureHiveHoney hilft Ihnen dabei, sorgf\u00e4ltig ausgew\u00e4hlte Honigsorten mit nat\u00fcrlicher Qualit\u00e4t und Reinheit zu entdecken.","og_url":"https:\/\/purehivehoney.com\/de\/product\/weider-duo-pack-peanut-butter-smooth-2-x-1-kg-100-peanuts-100-natural-100-delicious-natural-protein-source-with-26-protein-no-additives-no-palm-oil-no-added-sugar-creamy-texture-vegan\/","og_site_name":"PureHiveHoney","article_modified_time":"2026-03-25T20:21:17+00:00","twitter_card":"summary_large_image","twitter_misc":{"Gesch\u00e4tzte Lesezeit":"2\u00a0Minuten"},"schema":{"@context":"https:\/\/schema.org","@graph":[{"@type":"WebPage","@id":"https:\/\/purehivehoney.com\/de\/product\/weider-duo-pack-peanut-butter-smooth-2-x-1-kg-100-peanuts-100-natural-100-delicious-natural-protein-source-with-26-protein-no-additives-no-palm-oil-no-added-sugar-creamy-texture-vegan\/","url":"https:\/\/purehivehoney.com\/de\/product\/weider-duo-pack-peanut-butter-smooth-2-x-1-kg-100-peanuts-100-natural-100-delicious-natural-protein-source-with-26-protein-no-additives-no-palm-oil-no-added-sugar-creamy-texture-vegan\/","name":"Weider DUO-Pack Peanut Butter Smooth (2 x 1 kg), 100% Peanuts, 100% Natural, 100% Delicious, Natural Protein Source with 26% Protein, No Additives, No Palm Oil, No Added Sugar, Creamy Texture, Vegan - PureHiveHoney","isPartOf":{"@id":"https:\/\/purehivehoney.com\/de\/#website"},"primaryImageOfPage":{"@id":"https:\/\/purehivehoney.com\/de\/product\/weider-duo-pack-peanut-butter-smooth-2-x-1-kg-100-peanuts-100-natural-100-delicious-natural-protein-source-with-26-protein-no-additives-no-palm-oil-no-added-sugar-creamy-texture-vegan\/#primaryimage"},"image":{"@id":"https:\/\/purehivehoney.com\/de\/product\/weider-duo-pack-peanut-butter-smooth-2-x-1-kg-100-peanuts-100-natural-100-delicious-natural-protein-source-with-26-protein-no-additives-no-palm-oil-no-added-sugar-creamy-texture-vegan\/#primaryimage"},"thumbnailUrl":"https:\/\/purehivehoney.com\/de\/wp-content\/uploads\/2026\/03\/71QlqnWhm2L._SL1500_.jpg","datePublished":"2026-03-25T20:21:01+00:00","dateModified":"2026-03-25T20:21:17+00:00","description":"Entdecken Sie hochwertigen Rohhonig, Bio Honig, Manuka Honig und nat\u00fcrliche Bienenprodukte. PureHiveHoney hilft Ihnen dabei, sorgf\u00e4ltig ausgew\u00e4hlte Honigsorten mit nat\u00fcrlicher Qualit\u00e4t und Reinheit zu entdecken.","breadcrumb":{"@id":"https:\/\/purehivehoney.com\/de\/product\/weider-duo-pack-peanut-butter-smooth-2-x-1-kg-100-peanuts-100-natural-100-delicious-natural-protein-source-with-26-protein-no-additives-no-palm-oil-no-added-sugar-creamy-texture-vegan\/#breadcrumb"},"inLanguage":"de","potentialAction":[{"@type":"ReadAction","target":["https:\/\/purehivehoney.com\/de\/product\/weider-duo-pack-peanut-butter-smooth-2-x-1-kg-100-peanuts-100-natural-100-delicious-natural-protein-source-with-26-protein-no-additives-no-palm-oil-no-added-sugar-creamy-texture-vegan\/"]}]},{"@type":"ImageObject","inLanguage":"de","@id":"https:\/\/purehivehoney.com\/de\/product\/weider-duo-pack-peanut-butter-smooth-2-x-1-kg-100-peanuts-100-natural-100-delicious-natural-protein-source-with-26-protein-no-additives-no-palm-oil-no-added-sugar-creamy-texture-vegan\/#primaryimage","url":"https:\/\/purehivehoney.com\/de\/wp-content\/uploads\/2026\/03\/71QlqnWhm2L._SL1500_.jpg","contentUrl":"https:\/\/purehivehoney.com\/de\/wp-content\/uploads\/2026\/03\/71QlqnWhm2L._SL1500_.jpg","width":1500,"height":1500},{"@type":"BreadcrumbList","@id":"https:\/\/purehivehoney.com\/de\/product\/weider-duo-pack-peanut-butter-smooth-2-x-1-kg-100-peanuts-100-natural-100-delicious-natural-protein-source-with-26-protein-no-additives-no-palm-oil-no-added-sugar-creamy-texture-vegan\/#breadcrumb","itemListElement":[{"@type":"ListItem","position":1,"name":"Home","item":"https:\/\/purehivehoney.com\/de\/"},{"@type":"ListItem","position":2,"name":"Shop","item":"https:\/\/purehivehoney.com\/de\/shop\/"},{"@type":"ListItem","position":3,"name":"Weider DUO-Pack Peanut Butter Smoot..."}]},{"@type":"WebSite","@id":"https:\/\/purehivehoney.com\/de\/#website","url":"https:\/\/purehivehoney.com\/de\/","name":"PureHiveHoney","description":"Reiner Honig &amp; Bienenprodukte Online | Rohhonig, Bio Honig &amp; Spezialhonig","publisher":{"@id":"https:\/\/purehivehoney.com\/de\/#organization"},"potentialAction":[{"@type":"SearchAction","target":{"@type":"EntryPoint","urlTemplate":"https:\/\/purehivehoney.com\/de\/?s={search_term_string}"},"query-input":{"@type":"PropertyValueSpecification","valueRequired":true,"valueName":"search_term_string"}}],"inLanguage":"de"},{"@type":"Organization","@id":"https:\/\/purehivehoney.com\/de\/#organization","name":"PureHiveHoney","url":"https:\/\/purehivehoney.com\/de\/","logo":{"@type":"ImageObject","inLanguage":"de","@id":"https:\/\/purehivehoney.com\/de\/#\/schema\/logo\/image\/","url":"https:\/\/purehivehoney.com\/de\/wp-content\/uploads\/2026\/03\/Screenshot-2026-03-16-at-1.06.01-AM.png","contentUrl":"https:\/\/purehivehoney.com\/de\/wp-content\/uploads\/2026\/03\/Screenshot-2026-03-16-at-1.06.01-AM.png","width":2112,"height":1086,"caption":"PureHiveHoney"},"image":{"@id":"https:\/\/purehivehoney.com\/de\/#\/schema\/logo\/image\/"}}]}},"_links":{"self":[{"href":"https:\/\/purehivehoney.com\/de\/wp-json\/wp\/v2\/product\/2113","targetHints":{"allow":["GET"]}}],"collection":[{"href":"https:\/\/purehivehoney.com\/de\/wp-json\/wp\/v2\/product"}],"about":[{"href":"https:\/\/purehivehoney.com\/de\/wp-json\/wp\/v2\/types\/product"}],"replies":[{"embeddable":true,"href":"https:\/\/purehivehoney.com\/de\/wp-json\/wp\/v2\/comments?post=2113"}],"wp:featuredmedia":[{"embeddable":true,"href":"https:\/\/purehivehoney.com\/de\/wp-json\/wp\/v2\/media\/2114"}],"wp:attachment":[{"href":"https:\/\/purehivehoney.com\/de\/wp-json\/wp\/v2\/media?parent=2113"}],"wp:term":[{"taxonomy":"store","embeddable":true,"href":"https:\/\/purehivehoney.com\/de\/wp-json\/wp\/v2\/store?post=2113"},{"taxonomy":"product_brand","embeddable":true,"href":"https:\/\/purehivehoney.com\/de\/wp-json\/wp\/v2\/product_brand?post=2113"},{"taxonomy":"product_cat","embeddable":true,"href":"https:\/\/purehivehoney.com\/de\/wp-json\/wp\/v2\/product_cat?post=2113"},{"taxonomy":"product_tag","embeddable":true,"href":"https:\/\/purehivehoney.com\/de\/wp-json\/wp\/v2\/product_tag?post=2113"}],"curies":[{"name":"wp","href":"https:\/\/api.w.org\/{rel}","templated":true}]}}