{"id":2105,"date":"2026-03-25T20:19:50","date_gmt":"2026-03-25T20:19:50","guid":{"rendered":"https:\/\/purehivehoney.com\/de\/product\/weleda-my-sea-buckthorn-immune-drink\/"},"modified":"2026-03-25T20:20:05","modified_gmt":"2026-03-25T20:20:05","slug":"weleda-my-sea-buckthorn-immune-drink","status":"publish","type":"product","link":"https:\/\/purehivehoney.com\/de\/product\/weleda-my-sea-buckthorn-immune-drink\/","title":{"rendered":"Weleda My Sea Buckthorn Immune Drin..."},"content":{"rendered":"<p>    <span>Weleda Organic My Sea Buckthorn Immune Drink <br \/>Natural vitamin C source to support the immune defence. <br \/>Sea buckthorn berries are rich in vitamin C &#8211; the content is far higher than lemon. Vitamin C supports the immune defence and contributes to cell protection. It also helps to reduce fatigue and fatigue. This is important for health, especially in the cold, low-light season and with increased vitamin C requirements. <br \/>The vegetarian Weleda sea buckthorn immune drink is made from fresh, sun-ripened sea buckthorn berries with organic cane sugar and organic honey into a delicious elixir. The pure ingredients and the absence of artificial preservatives, dyes, flavours and sweeteners make it an enrichment of your kitchen. <\/span><\/p>\n<ul class=\"a-unordered-list a-vertical\">\n<li><span class=\"a-list-item\"><span>Supports immune defence. <\/span><\/span><\/li>\n<li><span class=\"a-list-item\"><span>Fights fatigue and fatigue. <\/span><\/span><\/li>\n<li><span class=\"a-list-item\"><span>Protects cells from antioxidant stress <\/span><\/span><\/li>\n<\/ul>\n<p><span>Ingredients <br \/>Cane sugar*, juice &#038; marrow of sea buckthorn berry** (42%), honey* (*from organic cultivation \/ **from organic, bio-dynamic cultivation or from ecological wild collection). <br \/>Recommended intake: <br \/>Take 2 &#8211; 3 teaspoons of Weleda My Sea Buckthorn immune drink 3x daily. Diluted with water, tea or milk, you get a stimulating, strengthening drink with a distinctive taste. It also refines quark, yoghurt or cereal. <br \/>Notes: <\/span><\/p>\n<ul class=\"a-unordered-list a-vertical\">\n<li><span class=\"a-list-item\"><span>Since Weleda elixirs and juices do not contain alcohol, they are also suitable for children <\/span><\/span><\/li>\n<li><span class=\"a-list-item\"><span>The Weleda sea buckthorn immune drink contains natural honey and is therefore not suitable for infants under twelve months. <\/span><\/span><\/li>\n<li><span class=\"a-list-item\"><span>After opening, the drink can be stored for three months in the fridge. <\/span><\/span><\/li>\n<li><span class=\"a-list-item\"><span>Shake before opening, as juice and marrow may separate during storage. This separation does not affect quality <\/span><\/span><\/li>\n<\/ul>\n<p><span>Weleda is the world&#8217;s leading manufacturer of certified natural cosmetics and anthroposophic medicines. The products are developed according to a unique understanding of people and nature. <br \/>Weleda has stood for high-quality natural cosmetics for more than 100 years and has a wealth of experience in the production of holistic body care products. <br \/>Weleda uses only high-quality natural raw materials from mainly controlled organic cultivation and certified wild collection.<\/span>    <br \/> Package Dimensions                                            \u200f                                            :                                            \u200e                                            18.2 x 6.9 x 4.2 cm; 480 g   <br \/> Manufacturer                                            \u200f                                            :                                            \u200e                                            Weleda AG   <br \/> ASIN                                            \u200f                                            :                                            \u200e                                            B0DTYVLLW4   <br \/> Item model number                                            \u200f                                            :                                            \u200e                                            005074CH   <br \/> Country of origin                                            \u200f                                            :                                            \u200e                                            Germany   <br \/>  Customer reviews:                                                                                            4.5               4.5 out of 5 stars                                  (230)                                              var dpAcrHasRegisteredArcLinkClickAction;                    P.when(&#8218;A&#8216;, &#8218;ready&#8216;).execute(function(A) {                        if (dpAcrHasRegisteredArcLinkClickAction !== true) {                            dpAcrHasRegisteredArcLinkClickAction = true;                            A.declarative(                                &#8218;acrLink-click-metrics&#8216;, &#8218;click&#8216;,                                { &#8222;allowLinkDefault&#8220;: true },                                function (event) {                                    if (window.ue) {                                        ue.count(&#8222;acrLinkClickCount&#8220;, (ue.count(&#8222;acrLinkClickCount&#8220;) || 0) + 1);                                    }                                }                            );                        }                    });                                             P.when(&#8218;A&#8216;, &#8218;cf&#8216;).execute(function(A) {                A.declarative(&#8218;acrStarsLink-click-metrics&#8216;, &#8218;click&#8216;, { &#8222;allowLinkDefault&#8220; : true },  function(event){                    if(window.ue) {                        ue.count(&#8222;acrStarsLinkWithPopoverClickCount&#8220;, (ue.count(&#8222;acrStarsLinkWithPopoverClickCount&#8220;) || 0) + 1);                    }                });            });                          <br \/>Supports the immune system: sea buckthorn berries are rich in vitamin C, thus supporting the immune system and protecting the cells from antioxidant stress<br \/>Against fatigue and exhaustion: the vegetarian immune drink helps to reduce fatigue and fatigue. This is especially important for health in the cold, low-light season<br \/>Recommended use: 2 to 3 teaspoons of the elixir can be taken 3 times a day. Diluted with water, tea or milk, you get a stimulating, strengthening drink with a distinctive taste. It also refines quark, yoghurt or cereal<br \/>Highest Weleda quality: Fresh, sun-ripened sea buckthorn berries are gently processed with organic cane sugar and organic honey into a delicious elixir. The pure ingredients and the absence of artificial preservatives, dyes, flavours and sweeteners make it an enrichment of your kitchen<br \/>Box contents: 1 x Weleda Organic My Sea Buckthorn immune drink for men and women &#8211; natural vitamin C source to strengthen the immune system &#8211; organic sea buckthorn juice pleasantly sweetened with organic cane sugar and honey<\/p>\n\n","protected":false},"excerpt":{"rendered":"<p>Weleda Organic My Sea Buckthorn Immune Drink Natural vitamin C source to support the immune defence. Sea buckthorn berries are rich in vitamin C &#8211; the content is far higher than lemon. Vitamin C supports the immune defence and contributes to cell protection. It also helps to reduce fatigue and fatigue. This is important for [&hellip;]<\/p>\n","protected":false},"featured_media":2106,"comment_status":"open","ping_status":"closed","template":"","meta":{"_aipt_faq_data":""},"store":[],"product_brand":[173],"product_cat":[60],"product_tag":[172],"class_list":{"0":"post-2105","1":"product","2":"type-product","3":"status-publish","4":"has-post-thumbnail","6":"product_brand-weleda","7":"product_cat-honig-fur-das-immunsystem","8":"product_tag-bio-honig-fuer-das-immunsystem","10":"first","11":"instock","12":"sale","13":"shipping-taxable","14":"product-type-external"},"yoast_head":"<!-- This site is optimized with the Yoast SEO plugin v27.4 - https:\/\/yoast.com\/product\/yoast-seo-wordpress\/ -->\n<title>Weleda My Sea Buckthorn Immune Drink - PureHiveHoney<\/title>\n<meta name=\"description\" content=\"Entdecken Sie hochwertigen Rohhonig, Bio Honig, Manuka Honig und nat\u00fcrliche Bienenprodukte. PureHiveHoney hilft Ihnen dabei, sorgf\u00e4ltig ausgew\u00e4hlte Honigsorten mit nat\u00fcrlicher Qualit\u00e4t und Reinheit zu entdecken.\" \/>\n<meta name=\"robots\" content=\"index, follow, max-snippet:-1, max-image-preview:large, max-video-preview:-1\" \/>\n<link rel=\"canonical\" href=\"https:\/\/purehivehoney.com\/de\/product\/weleda-my-sea-buckthorn-immune-drink\/\" \/>\n<meta property=\"og:locale\" content=\"de_DE\" \/>\n<meta property=\"og:type\" content=\"article\" \/>\n<meta property=\"og:title\" content=\"Weleda My Sea Buckthorn Immune Drink - PureHiveHoney\" \/>\n<meta property=\"og:description\" content=\"Entdecken Sie hochwertigen Rohhonig, Bio Honig, Manuka Honig und nat\u00fcrliche Bienenprodukte. PureHiveHoney hilft Ihnen dabei, sorgf\u00e4ltig ausgew\u00e4hlte Honigsorten mit nat\u00fcrlicher Qualit\u00e4t und Reinheit zu entdecken.\" \/>\n<meta property=\"og:url\" content=\"https:\/\/purehivehoney.com\/de\/product\/weleda-my-sea-buckthorn-immune-drink\/\" \/>\n<meta property=\"og:site_name\" content=\"PureHiveHoney\" \/>\n<meta property=\"article:modified_time\" content=\"2026-03-25T20:20:05+00:00\" \/>\n<meta name=\"twitter:card\" content=\"summary_large_image\" \/>\n<meta name=\"twitter:label1\" content=\"Gesch\u00e4tzte Lesezeit\" \/>\n\t<meta name=\"twitter:data1\" content=\"3\u00a0Minuten\" \/>\n<script type=\"application\/ld+json\" class=\"yoast-schema-graph\">{\"@context\":\"https:\\\/\\\/schema.org\",\"@graph\":[{\"@type\":\"WebPage\",\"@id\":\"https:\\\/\\\/purehivehoney.com\\\/de\\\/product\\\/weleda-my-sea-buckthorn-immune-drink\\\/\",\"url\":\"https:\\\/\\\/purehivehoney.com\\\/de\\\/product\\\/weleda-my-sea-buckthorn-immune-drink\\\/\",\"name\":\"Weleda My Sea Buckthorn Immune Drink - PureHiveHoney\",\"isPartOf\":{\"@id\":\"https:\\\/\\\/purehivehoney.com\\\/de\\\/#website\"},\"primaryImageOfPage\":{\"@id\":\"https:\\\/\\\/purehivehoney.com\\\/de\\\/product\\\/weleda-my-sea-buckthorn-immune-drink\\\/#primaryimage\"},\"image\":{\"@id\":\"https:\\\/\\\/purehivehoney.com\\\/de\\\/product\\\/weleda-my-sea-buckthorn-immune-drink\\\/#primaryimage\"},\"thumbnailUrl\":\"https:\\\/\\\/purehivehoney.com\\\/de\\\/wp-content\\\/uploads\\\/2026\\\/03\\\/71GQgahc5mL._AC_SL1500_.jpg\",\"datePublished\":\"2026-03-25T20:19:50+00:00\",\"dateModified\":\"2026-03-25T20:20:05+00:00\",\"description\":\"Entdecken Sie hochwertigen Rohhonig, Bio Honig, Manuka Honig und nat\u00fcrliche Bienenprodukte. PureHiveHoney hilft Ihnen dabei, sorgf\u00e4ltig ausgew\u00e4hlte Honigsorten mit nat\u00fcrlicher Qualit\u00e4t und Reinheit zu entdecken.\",\"breadcrumb\":{\"@id\":\"https:\\\/\\\/purehivehoney.com\\\/de\\\/product\\\/weleda-my-sea-buckthorn-immune-drink\\\/#breadcrumb\"},\"inLanguage\":\"de\",\"potentialAction\":[{\"@type\":\"ReadAction\",\"target\":[\"https:\\\/\\\/purehivehoney.com\\\/de\\\/product\\\/weleda-my-sea-buckthorn-immune-drink\\\/\"]}]},{\"@type\":\"ImageObject\",\"inLanguage\":\"de\",\"@id\":\"https:\\\/\\\/purehivehoney.com\\\/de\\\/product\\\/weleda-my-sea-buckthorn-immune-drink\\\/#primaryimage\",\"url\":\"https:\\\/\\\/purehivehoney.com\\\/de\\\/wp-content\\\/uploads\\\/2026\\\/03\\\/71GQgahc5mL._AC_SL1500_.jpg\",\"contentUrl\":\"https:\\\/\\\/purehivehoney.com\\\/de\\\/wp-content\\\/uploads\\\/2026\\\/03\\\/71GQgahc5mL._AC_SL1500_.jpg\",\"width\":1098,\"height\":1500},{\"@type\":\"BreadcrumbList\",\"@id\":\"https:\\\/\\\/purehivehoney.com\\\/de\\\/product\\\/weleda-my-sea-buckthorn-immune-drink\\\/#breadcrumb\",\"itemListElement\":[{\"@type\":\"ListItem\",\"position\":1,\"name\":\"Home\",\"item\":\"https:\\\/\\\/purehivehoney.com\\\/de\\\/\"},{\"@type\":\"ListItem\",\"position\":2,\"name\":\"Shop\",\"item\":\"https:\\\/\\\/purehivehoney.com\\\/de\\\/shop\\\/\"},{\"@type\":\"ListItem\",\"position\":3,\"name\":\"Weleda My Sea Buckthorn Immune Drin...\"}]},{\"@type\":\"WebSite\",\"@id\":\"https:\\\/\\\/purehivehoney.com\\\/de\\\/#website\",\"url\":\"https:\\\/\\\/purehivehoney.com\\\/de\\\/\",\"name\":\"PureHiveHoney\",\"description\":\"Reiner Honig &amp; Bienenprodukte Online | Rohhonig, Bio Honig &amp; Spezialhonig\",\"publisher\":{\"@id\":\"https:\\\/\\\/purehivehoney.com\\\/de\\\/#organization\"},\"potentialAction\":[{\"@type\":\"SearchAction\",\"target\":{\"@type\":\"EntryPoint\",\"urlTemplate\":\"https:\\\/\\\/purehivehoney.com\\\/de\\\/?s={search_term_string}\"},\"query-input\":{\"@type\":\"PropertyValueSpecification\",\"valueRequired\":true,\"valueName\":\"search_term_string\"}}],\"inLanguage\":\"de\"},{\"@type\":\"Organization\",\"@id\":\"https:\\\/\\\/purehivehoney.com\\\/de\\\/#organization\",\"name\":\"PureHiveHoney\",\"url\":\"https:\\\/\\\/purehivehoney.com\\\/de\\\/\",\"logo\":{\"@type\":\"ImageObject\",\"inLanguage\":\"de\",\"@id\":\"https:\\\/\\\/purehivehoney.com\\\/de\\\/#\\\/schema\\\/logo\\\/image\\\/\",\"url\":\"https:\\\/\\\/purehivehoney.com\\\/de\\\/wp-content\\\/uploads\\\/2026\\\/03\\\/Screenshot-2026-03-16-at-1.06.01-AM.png\",\"contentUrl\":\"https:\\\/\\\/purehivehoney.com\\\/de\\\/wp-content\\\/uploads\\\/2026\\\/03\\\/Screenshot-2026-03-16-at-1.06.01-AM.png\",\"width\":2112,\"height\":1086,\"caption\":\"PureHiveHoney\"},\"image\":{\"@id\":\"https:\\\/\\\/purehivehoney.com\\\/de\\\/#\\\/schema\\\/logo\\\/image\\\/\"}}]}<\/script>\n<!-- \/ Yoast SEO plugin. -->","yoast_head_json":{"title":"Weleda My Sea Buckthorn Immune Drink - PureHiveHoney","description":"Entdecken Sie hochwertigen Rohhonig, Bio Honig, Manuka Honig und nat\u00fcrliche Bienenprodukte. PureHiveHoney hilft Ihnen dabei, sorgf\u00e4ltig ausgew\u00e4hlte Honigsorten mit nat\u00fcrlicher Qualit\u00e4t und Reinheit zu entdecken.","robots":{"index":"index","follow":"follow","max-snippet":"max-snippet:-1","max-image-preview":"max-image-preview:large","max-video-preview":"max-video-preview:-1"},"canonical":"https:\/\/purehivehoney.com\/de\/product\/weleda-my-sea-buckthorn-immune-drink\/","og_locale":"de_DE","og_type":"article","og_title":"Weleda My Sea Buckthorn Immune Drink - PureHiveHoney","og_description":"Entdecken Sie hochwertigen Rohhonig, Bio Honig, Manuka Honig und nat\u00fcrliche Bienenprodukte. PureHiveHoney hilft Ihnen dabei, sorgf\u00e4ltig ausgew\u00e4hlte Honigsorten mit nat\u00fcrlicher Qualit\u00e4t und Reinheit zu entdecken.","og_url":"https:\/\/purehivehoney.com\/de\/product\/weleda-my-sea-buckthorn-immune-drink\/","og_site_name":"PureHiveHoney","article_modified_time":"2026-03-25T20:20:05+00:00","twitter_card":"summary_large_image","twitter_misc":{"Gesch\u00e4tzte Lesezeit":"3\u00a0Minuten"},"schema":{"@context":"https:\/\/schema.org","@graph":[{"@type":"WebPage","@id":"https:\/\/purehivehoney.com\/de\/product\/weleda-my-sea-buckthorn-immune-drink\/","url":"https:\/\/purehivehoney.com\/de\/product\/weleda-my-sea-buckthorn-immune-drink\/","name":"Weleda My Sea Buckthorn Immune Drink - PureHiveHoney","isPartOf":{"@id":"https:\/\/purehivehoney.com\/de\/#website"},"primaryImageOfPage":{"@id":"https:\/\/purehivehoney.com\/de\/product\/weleda-my-sea-buckthorn-immune-drink\/#primaryimage"},"image":{"@id":"https:\/\/purehivehoney.com\/de\/product\/weleda-my-sea-buckthorn-immune-drink\/#primaryimage"},"thumbnailUrl":"https:\/\/purehivehoney.com\/de\/wp-content\/uploads\/2026\/03\/71GQgahc5mL._AC_SL1500_.jpg","datePublished":"2026-03-25T20:19:50+00:00","dateModified":"2026-03-25T20:20:05+00:00","description":"Entdecken Sie hochwertigen Rohhonig, Bio Honig, Manuka Honig und nat\u00fcrliche Bienenprodukte. PureHiveHoney hilft Ihnen dabei, sorgf\u00e4ltig ausgew\u00e4hlte Honigsorten mit nat\u00fcrlicher Qualit\u00e4t und Reinheit zu entdecken.","breadcrumb":{"@id":"https:\/\/purehivehoney.com\/de\/product\/weleda-my-sea-buckthorn-immune-drink\/#breadcrumb"},"inLanguage":"de","potentialAction":[{"@type":"ReadAction","target":["https:\/\/purehivehoney.com\/de\/product\/weleda-my-sea-buckthorn-immune-drink\/"]}]},{"@type":"ImageObject","inLanguage":"de","@id":"https:\/\/purehivehoney.com\/de\/product\/weleda-my-sea-buckthorn-immune-drink\/#primaryimage","url":"https:\/\/purehivehoney.com\/de\/wp-content\/uploads\/2026\/03\/71GQgahc5mL._AC_SL1500_.jpg","contentUrl":"https:\/\/purehivehoney.com\/de\/wp-content\/uploads\/2026\/03\/71GQgahc5mL._AC_SL1500_.jpg","width":1098,"height":1500},{"@type":"BreadcrumbList","@id":"https:\/\/purehivehoney.com\/de\/product\/weleda-my-sea-buckthorn-immune-drink\/#breadcrumb","itemListElement":[{"@type":"ListItem","position":1,"name":"Home","item":"https:\/\/purehivehoney.com\/de\/"},{"@type":"ListItem","position":2,"name":"Shop","item":"https:\/\/purehivehoney.com\/de\/shop\/"},{"@type":"ListItem","position":3,"name":"Weleda My Sea Buckthorn Immune Drin..."}]},{"@type":"WebSite","@id":"https:\/\/purehivehoney.com\/de\/#website","url":"https:\/\/purehivehoney.com\/de\/","name":"PureHiveHoney","description":"Reiner Honig &amp; Bienenprodukte Online | Rohhonig, Bio Honig &amp; Spezialhonig","publisher":{"@id":"https:\/\/purehivehoney.com\/de\/#organization"},"potentialAction":[{"@type":"SearchAction","target":{"@type":"EntryPoint","urlTemplate":"https:\/\/purehivehoney.com\/de\/?s={search_term_string}"},"query-input":{"@type":"PropertyValueSpecification","valueRequired":true,"valueName":"search_term_string"}}],"inLanguage":"de"},{"@type":"Organization","@id":"https:\/\/purehivehoney.com\/de\/#organization","name":"PureHiveHoney","url":"https:\/\/purehivehoney.com\/de\/","logo":{"@type":"ImageObject","inLanguage":"de","@id":"https:\/\/purehivehoney.com\/de\/#\/schema\/logo\/image\/","url":"https:\/\/purehivehoney.com\/de\/wp-content\/uploads\/2026\/03\/Screenshot-2026-03-16-at-1.06.01-AM.png","contentUrl":"https:\/\/purehivehoney.com\/de\/wp-content\/uploads\/2026\/03\/Screenshot-2026-03-16-at-1.06.01-AM.png","width":2112,"height":1086,"caption":"PureHiveHoney"},"image":{"@id":"https:\/\/purehivehoney.com\/de\/#\/schema\/logo\/image\/"}}]}},"_links":{"self":[{"href":"https:\/\/purehivehoney.com\/de\/wp-json\/wp\/v2\/product\/2105","targetHints":{"allow":["GET"]}}],"collection":[{"href":"https:\/\/purehivehoney.com\/de\/wp-json\/wp\/v2\/product"}],"about":[{"href":"https:\/\/purehivehoney.com\/de\/wp-json\/wp\/v2\/types\/product"}],"replies":[{"embeddable":true,"href":"https:\/\/purehivehoney.com\/de\/wp-json\/wp\/v2\/comments?post=2105"}],"wp:featuredmedia":[{"embeddable":true,"href":"https:\/\/purehivehoney.com\/de\/wp-json\/wp\/v2\/media\/2106"}],"wp:attachment":[{"href":"https:\/\/purehivehoney.com\/de\/wp-json\/wp\/v2\/media?parent=2105"}],"wp:term":[{"taxonomy":"store","embeddable":true,"href":"https:\/\/purehivehoney.com\/de\/wp-json\/wp\/v2\/store?post=2105"},{"taxonomy":"product_brand","embeddable":true,"href":"https:\/\/purehivehoney.com\/de\/wp-json\/wp\/v2\/product_brand?post=2105"},{"taxonomy":"product_cat","embeddable":true,"href":"https:\/\/purehivehoney.com\/de\/wp-json\/wp\/v2\/product_cat?post=2105"},{"taxonomy":"product_tag","embeddable":true,"href":"https:\/\/purehivehoney.com\/de\/wp-json\/wp\/v2\/product_tag?post=2105"}],"curies":[{"name":"wp","href":"https:\/\/api.w.org\/{rel}","templated":true}]}}