{"id":2088,"date":"2026-03-25T19:56:56","date_gmt":"2026-03-25T19:56:56","guid":{"rendered":"https:\/\/purehivehoney.com\/de\/product\/burts-bees-4-x-4-25g-lip-balm-gift-set-4-lip-balms-pomegranate-coconut-and-pear-sweet-mandarin-fresh-picked\/"},"modified":"2026-03-25T19:57:14","modified_gmt":"2026-03-25T19:57:14","slug":"burts-bees-4-x-4-25g-lip-balm-gift-set-4-lip-balms-pomegranate-coconut-and-pear-sweet-mandarin-fresh-picked","status":"publish","type":"product","link":"https:\/\/purehivehoney.com\/de\/product\/burts-bees-4-x-4-25g-lip-balm-gift-set-4-lip-balms-pomegranate-coconut-and-pear-sweet-mandarin-fresh-picked\/","title":{"rendered":"Burt&#8217;s Bees 4 x 4.25g Lip Bal..."},"content":{"rendered":"<p>    <span>The ultimate lip balm gift set for nourished lips with four popular Burt&#8217;s Bees lip balm flavours: Pomegranate, Coconut and Pear, Watermelon, Sweet Mandarin. Each lip balm is 100% natural in origin and contains highly effective ingredients such as responsibly sourced beeswax and antioxidant vitamin E that make lips soft and smooth.<\/span>    <br \/> Product Dimensions                                            \u200f                                            :                                            \u200e                                            10.41 x 1.93 x 11.76 cm; 17 g   <br \/> Manufacturer                                            \u200f                                            :                                            \u200e                                            Burt&#8217;s Bees   <br \/> ASIN                                            \u200f                                            :                                            \u200e                                            B0B917MNM1   <br \/> Item model number                                            \u200f                                            :                                            \u200e                                            TU_2588551   <br \/> Country of origin                                            \u200f                                            :                                            \u200e                                            USA   <br \/>  Customer reviews:                                                                                            4.6               4.6 out of 5 stars                                  (5,675)                                              var dpAcrHasRegisteredArcLinkClickAction;                    P.when(&#8218;A&#8216;, &#8218;ready&#8216;).execute(function(A) {                        if (dpAcrHasRegisteredArcLinkClickAction !== true) {                            dpAcrHasRegisteredArcLinkClickAction = true;                            A.declarative(                                &#8218;acrLink-click-metrics&#8216;, &#8218;click&#8216;,                                { &#8222;allowLinkDefault&#8220;: true },                                function (event) {                                    if (window.ue) {                                        ue.count(&#8222;acrLinkClickCount&#8220;, (ue.count(&#8222;acrLinkClickCount&#8220;) || 0) + 1);                                    }                                }                            );                        }                    });                                             P.when(&#8218;A&#8216;, &#8218;cf&#8216;).execute(function(A) {                A.declarative(&#8218;acrStarsLink-click-metrics&#8216;, &#8218;click&#8216;, { &#8222;allowLinkDefault&#8220; : true },  function(event){                    if(window.ue) {                        ue.count(&#8222;acrStarsLinkWithPopoverClickCount&#8220;, (ue.count(&#8222;acrStarsLinkWithPopoverClickCount&#8220;) || 0) + 1);                    }                });            });                          <br \/>Lip balm gift set: Lip care multipack with four moisturising lip balms in iconic Burt&#8217;s Bees flavours: pomegranate, coconut and pear, watermelon, sweet mandarin; packaged in a limited edition gift box<br \/>MOISTURE ALL DAY: These lip balms intensely moisturize and nourish dry lips all day long and protect them from drying out<br \/>Nourishing, highly effective ingredients: enriched with responsibly sourced, nourishing beeswax, nourishing coconut oil and antioxidant vitamin E; peppermint oil provides a cooling tingling on the lips<br \/>SOFT AND SMOOTH LIPS With a matte finish and a moisturizing balm texture, these lip balms keep lips feeling soft, smooth, healthy and supple<br \/>RECYCLE PACKAGING: Beautiful beauty set made from FSC certified 50% recycled cardboard; gift packaging is 100% recyclable<\/p>\n\n","protected":false},"excerpt":{"rendered":"<p>The ultimate lip balm gift set for nourished lips with four popular Burt&#8217;s Bees lip balm flavours: Pomegranate, Coconut and Pear, Watermelon, Sweet Mandarin. Each lip balm is 100% natural in origin and contains highly effective ingredients such as responsibly sourced beeswax and antioxidant vitamin E that make lips soft and smooth. Product Dimensions \u200f [&hellip;]<\/p>\n","protected":false},"featured_media":2089,"comment_status":"open","ping_status":"closed","template":"","meta":{"_aipt_faq_data":""},"store":[],"product_brand":[272],"product_cat":[69],"product_tag":[318],"class_list":{"0":"post-2088","1":"product","2":"type-product","3":"status-publish","4":"has-post-thumbnail","6":"product_brand-burts-bees","7":"product_cat-honig-probier-sets","8":"product_tag-honig-probier-sets-geschenk","10":"first","11":"instock","12":"sale","13":"shipping-taxable","14":"product-type-external"},"yoast_head":"<!-- This site is optimized with the Yoast SEO plugin v27.4 - https:\/\/yoast.com\/product\/yoast-seo-wordpress\/ -->\n<title>Burt&#039;s Bees 4 x 4.25g Lip Balm Gift Set - 4 Lip Balms, Pomegranate, Coconut and Pear, Sweet Mandarin Fresh Picked - PureHiveHoney<\/title>\n<meta name=\"description\" content=\"Entdecken Sie hochwertigen Rohhonig, Bio Honig, Manuka Honig und nat\u00fcrliche Bienenprodukte. PureHiveHoney hilft Ihnen dabei, sorgf\u00e4ltig ausgew\u00e4hlte Honigsorten mit nat\u00fcrlicher Qualit\u00e4t und Reinheit zu entdecken.\" \/>\n<meta name=\"robots\" content=\"index, follow, max-snippet:-1, max-image-preview:large, max-video-preview:-1\" \/>\n<link rel=\"canonical\" href=\"https:\/\/purehivehoney.com\/de\/product\/burts-bees-4-x-4-25g-lip-balm-gift-set-4-lip-balms-pomegranate-coconut-and-pear-sweet-mandarin-fresh-picked\/\" \/>\n<meta property=\"og:locale\" content=\"de_DE\" \/>\n<meta property=\"og:type\" content=\"article\" \/>\n<meta property=\"og:title\" content=\"Burt&#039;s Bees 4 x 4.25g Lip Balm Gift Set - 4 Lip Balms, Pomegranate, Coconut and Pear, Sweet Mandarin Fresh Picked - PureHiveHoney\" \/>\n<meta property=\"og:description\" content=\"Entdecken Sie hochwertigen Rohhonig, Bio Honig, Manuka Honig und nat\u00fcrliche Bienenprodukte. PureHiveHoney hilft Ihnen dabei, sorgf\u00e4ltig ausgew\u00e4hlte Honigsorten mit nat\u00fcrlicher Qualit\u00e4t und Reinheit zu entdecken.\" \/>\n<meta property=\"og:url\" content=\"https:\/\/purehivehoney.com\/de\/product\/burts-bees-4-x-4-25g-lip-balm-gift-set-4-lip-balms-pomegranate-coconut-and-pear-sweet-mandarin-fresh-picked\/\" \/>\n<meta property=\"og:site_name\" content=\"PureHiveHoney\" \/>\n<meta property=\"article:modified_time\" content=\"2026-03-25T19:57:14+00:00\" \/>\n<meta name=\"twitter:card\" content=\"summary_large_image\" \/>\n<meta name=\"twitter:label1\" content=\"Gesch\u00e4tzte Lesezeit\" \/>\n\t<meta name=\"twitter:data1\" content=\"1\u00a0Minute\" \/>\n<script type=\"application\/ld+json\" class=\"yoast-schema-graph\">{\"@context\":\"https:\\\/\\\/schema.org\",\"@graph\":[{\"@type\":\"WebPage\",\"@id\":\"https:\\\/\\\/purehivehoney.com\\\/de\\\/product\\\/burts-bees-4-x-4-25g-lip-balm-gift-set-4-lip-balms-pomegranate-coconut-and-pear-sweet-mandarin-fresh-picked\\\/\",\"url\":\"https:\\\/\\\/purehivehoney.com\\\/de\\\/product\\\/burts-bees-4-x-4-25g-lip-balm-gift-set-4-lip-balms-pomegranate-coconut-and-pear-sweet-mandarin-fresh-picked\\\/\",\"name\":\"Burt's Bees 4 x 4.25g Lip Balm Gift Set - 4 Lip Balms, Pomegranate, Coconut and Pear, Sweet Mandarin Fresh Picked - PureHiveHoney\",\"isPartOf\":{\"@id\":\"https:\\\/\\\/purehivehoney.com\\\/de\\\/#website\"},\"primaryImageOfPage\":{\"@id\":\"https:\\\/\\\/purehivehoney.com\\\/de\\\/product\\\/burts-bees-4-x-4-25g-lip-balm-gift-set-4-lip-balms-pomegranate-coconut-and-pear-sweet-mandarin-fresh-picked\\\/#primaryimage\"},\"image\":{\"@id\":\"https:\\\/\\\/purehivehoney.com\\\/de\\\/product\\\/burts-bees-4-x-4-25g-lip-balm-gift-set-4-lip-balms-pomegranate-coconut-and-pear-sweet-mandarin-fresh-picked\\\/#primaryimage\"},\"thumbnailUrl\":\"https:\\\/\\\/purehivehoney.com\\\/de\\\/wp-content\\\/uploads\\\/2026\\\/03\\\/81qQfCTx5pL._SL1500_.jpg\",\"datePublished\":\"2026-03-25T19:56:56+00:00\",\"dateModified\":\"2026-03-25T19:57:14+00:00\",\"description\":\"Entdecken Sie hochwertigen Rohhonig, Bio Honig, Manuka Honig und nat\u00fcrliche Bienenprodukte. PureHiveHoney hilft Ihnen dabei, sorgf\u00e4ltig ausgew\u00e4hlte Honigsorten mit nat\u00fcrlicher Qualit\u00e4t und Reinheit zu entdecken.\",\"breadcrumb\":{\"@id\":\"https:\\\/\\\/purehivehoney.com\\\/de\\\/product\\\/burts-bees-4-x-4-25g-lip-balm-gift-set-4-lip-balms-pomegranate-coconut-and-pear-sweet-mandarin-fresh-picked\\\/#breadcrumb\"},\"inLanguage\":\"de\",\"potentialAction\":[{\"@type\":\"ReadAction\",\"target\":[\"https:\\\/\\\/purehivehoney.com\\\/de\\\/product\\\/burts-bees-4-x-4-25g-lip-balm-gift-set-4-lip-balms-pomegranate-coconut-and-pear-sweet-mandarin-fresh-picked\\\/\"]}]},{\"@type\":\"ImageObject\",\"inLanguage\":\"de\",\"@id\":\"https:\\\/\\\/purehivehoney.com\\\/de\\\/product\\\/burts-bees-4-x-4-25g-lip-balm-gift-set-4-lip-balms-pomegranate-coconut-and-pear-sweet-mandarin-fresh-picked\\\/#primaryimage\",\"url\":\"https:\\\/\\\/purehivehoney.com\\\/de\\\/wp-content\\\/uploads\\\/2026\\\/03\\\/81qQfCTx5pL._SL1500_.jpg\",\"contentUrl\":\"https:\\\/\\\/purehivehoney.com\\\/de\\\/wp-content\\\/uploads\\\/2026\\\/03\\\/81qQfCTx5pL._SL1500_.jpg\",\"width\":1500,\"height\":1500},{\"@type\":\"BreadcrumbList\",\"@id\":\"https:\\\/\\\/purehivehoney.com\\\/de\\\/product\\\/burts-bees-4-x-4-25g-lip-balm-gift-set-4-lip-balms-pomegranate-coconut-and-pear-sweet-mandarin-fresh-picked\\\/#breadcrumb\",\"itemListElement\":[{\"@type\":\"ListItem\",\"position\":1,\"name\":\"Home\",\"item\":\"https:\\\/\\\/purehivehoney.com\\\/de\\\/\"},{\"@type\":\"ListItem\",\"position\":2,\"name\":\"Shop\",\"item\":\"https:\\\/\\\/purehivehoney.com\\\/de\\\/shop\\\/\"},{\"@type\":\"ListItem\",\"position\":3,\"name\":\"Burt&#8217;s Bees 4 x 4.25g Lip Bal...\"}]},{\"@type\":\"WebSite\",\"@id\":\"https:\\\/\\\/purehivehoney.com\\\/de\\\/#website\",\"url\":\"https:\\\/\\\/purehivehoney.com\\\/de\\\/\",\"name\":\"PureHiveHoney\",\"description\":\"Reiner Honig &amp; Bienenprodukte Online | Rohhonig, Bio Honig &amp; Spezialhonig\",\"publisher\":{\"@id\":\"https:\\\/\\\/purehivehoney.com\\\/de\\\/#organization\"},\"potentialAction\":[{\"@type\":\"SearchAction\",\"target\":{\"@type\":\"EntryPoint\",\"urlTemplate\":\"https:\\\/\\\/purehivehoney.com\\\/de\\\/?s={search_term_string}\"},\"query-input\":{\"@type\":\"PropertyValueSpecification\",\"valueRequired\":true,\"valueName\":\"search_term_string\"}}],\"inLanguage\":\"de\"},{\"@type\":\"Organization\",\"@id\":\"https:\\\/\\\/purehivehoney.com\\\/de\\\/#organization\",\"name\":\"PureHiveHoney\",\"url\":\"https:\\\/\\\/purehivehoney.com\\\/de\\\/\",\"logo\":{\"@type\":\"ImageObject\",\"inLanguage\":\"de\",\"@id\":\"https:\\\/\\\/purehivehoney.com\\\/de\\\/#\\\/schema\\\/logo\\\/image\\\/\",\"url\":\"https:\\\/\\\/purehivehoney.com\\\/de\\\/wp-content\\\/uploads\\\/2026\\\/03\\\/Screenshot-2026-03-16-at-1.06.01-AM.png\",\"contentUrl\":\"https:\\\/\\\/purehivehoney.com\\\/de\\\/wp-content\\\/uploads\\\/2026\\\/03\\\/Screenshot-2026-03-16-at-1.06.01-AM.png\",\"width\":2112,\"height\":1086,\"caption\":\"PureHiveHoney\"},\"image\":{\"@id\":\"https:\\\/\\\/purehivehoney.com\\\/de\\\/#\\\/schema\\\/logo\\\/image\\\/\"}}]}<\/script>\n<!-- \/ Yoast SEO plugin. -->","yoast_head_json":{"title":"Burt's Bees 4 x 4.25g Lip Balm Gift Set - 4 Lip Balms, Pomegranate, Coconut and Pear, Sweet Mandarin Fresh Picked - PureHiveHoney","description":"Entdecken Sie hochwertigen Rohhonig, Bio Honig, Manuka Honig und nat\u00fcrliche Bienenprodukte. PureHiveHoney hilft Ihnen dabei, sorgf\u00e4ltig ausgew\u00e4hlte Honigsorten mit nat\u00fcrlicher Qualit\u00e4t und Reinheit zu entdecken.","robots":{"index":"index","follow":"follow","max-snippet":"max-snippet:-1","max-image-preview":"max-image-preview:large","max-video-preview":"max-video-preview:-1"},"canonical":"https:\/\/purehivehoney.com\/de\/product\/burts-bees-4-x-4-25g-lip-balm-gift-set-4-lip-balms-pomegranate-coconut-and-pear-sweet-mandarin-fresh-picked\/","og_locale":"de_DE","og_type":"article","og_title":"Burt's Bees 4 x 4.25g Lip Balm Gift Set - 4 Lip Balms, Pomegranate, Coconut and Pear, Sweet Mandarin Fresh Picked - PureHiveHoney","og_description":"Entdecken Sie hochwertigen Rohhonig, Bio Honig, Manuka Honig und nat\u00fcrliche Bienenprodukte. PureHiveHoney hilft Ihnen dabei, sorgf\u00e4ltig ausgew\u00e4hlte Honigsorten mit nat\u00fcrlicher Qualit\u00e4t und Reinheit zu entdecken.","og_url":"https:\/\/purehivehoney.com\/de\/product\/burts-bees-4-x-4-25g-lip-balm-gift-set-4-lip-balms-pomegranate-coconut-and-pear-sweet-mandarin-fresh-picked\/","og_site_name":"PureHiveHoney","article_modified_time":"2026-03-25T19:57:14+00:00","twitter_card":"summary_large_image","twitter_misc":{"Gesch\u00e4tzte Lesezeit":"1\u00a0Minute"},"schema":{"@context":"https:\/\/schema.org","@graph":[{"@type":"WebPage","@id":"https:\/\/purehivehoney.com\/de\/product\/burts-bees-4-x-4-25g-lip-balm-gift-set-4-lip-balms-pomegranate-coconut-and-pear-sweet-mandarin-fresh-picked\/","url":"https:\/\/purehivehoney.com\/de\/product\/burts-bees-4-x-4-25g-lip-balm-gift-set-4-lip-balms-pomegranate-coconut-and-pear-sweet-mandarin-fresh-picked\/","name":"Burt's Bees 4 x 4.25g Lip Balm Gift Set - 4 Lip Balms, Pomegranate, Coconut and Pear, Sweet Mandarin Fresh Picked - PureHiveHoney","isPartOf":{"@id":"https:\/\/purehivehoney.com\/de\/#website"},"primaryImageOfPage":{"@id":"https:\/\/purehivehoney.com\/de\/product\/burts-bees-4-x-4-25g-lip-balm-gift-set-4-lip-balms-pomegranate-coconut-and-pear-sweet-mandarin-fresh-picked\/#primaryimage"},"image":{"@id":"https:\/\/purehivehoney.com\/de\/product\/burts-bees-4-x-4-25g-lip-balm-gift-set-4-lip-balms-pomegranate-coconut-and-pear-sweet-mandarin-fresh-picked\/#primaryimage"},"thumbnailUrl":"https:\/\/purehivehoney.com\/de\/wp-content\/uploads\/2026\/03\/81qQfCTx5pL._SL1500_.jpg","datePublished":"2026-03-25T19:56:56+00:00","dateModified":"2026-03-25T19:57:14+00:00","description":"Entdecken Sie hochwertigen Rohhonig, Bio Honig, Manuka Honig und nat\u00fcrliche Bienenprodukte. PureHiveHoney hilft Ihnen dabei, sorgf\u00e4ltig ausgew\u00e4hlte Honigsorten mit nat\u00fcrlicher Qualit\u00e4t und Reinheit zu entdecken.","breadcrumb":{"@id":"https:\/\/purehivehoney.com\/de\/product\/burts-bees-4-x-4-25g-lip-balm-gift-set-4-lip-balms-pomegranate-coconut-and-pear-sweet-mandarin-fresh-picked\/#breadcrumb"},"inLanguage":"de","potentialAction":[{"@type":"ReadAction","target":["https:\/\/purehivehoney.com\/de\/product\/burts-bees-4-x-4-25g-lip-balm-gift-set-4-lip-balms-pomegranate-coconut-and-pear-sweet-mandarin-fresh-picked\/"]}]},{"@type":"ImageObject","inLanguage":"de","@id":"https:\/\/purehivehoney.com\/de\/product\/burts-bees-4-x-4-25g-lip-balm-gift-set-4-lip-balms-pomegranate-coconut-and-pear-sweet-mandarin-fresh-picked\/#primaryimage","url":"https:\/\/purehivehoney.com\/de\/wp-content\/uploads\/2026\/03\/81qQfCTx5pL._SL1500_.jpg","contentUrl":"https:\/\/purehivehoney.com\/de\/wp-content\/uploads\/2026\/03\/81qQfCTx5pL._SL1500_.jpg","width":1500,"height":1500},{"@type":"BreadcrumbList","@id":"https:\/\/purehivehoney.com\/de\/product\/burts-bees-4-x-4-25g-lip-balm-gift-set-4-lip-balms-pomegranate-coconut-and-pear-sweet-mandarin-fresh-picked\/#breadcrumb","itemListElement":[{"@type":"ListItem","position":1,"name":"Home","item":"https:\/\/purehivehoney.com\/de\/"},{"@type":"ListItem","position":2,"name":"Shop","item":"https:\/\/purehivehoney.com\/de\/shop\/"},{"@type":"ListItem","position":3,"name":"Burt&#8217;s Bees 4 x 4.25g Lip Bal..."}]},{"@type":"WebSite","@id":"https:\/\/purehivehoney.com\/de\/#website","url":"https:\/\/purehivehoney.com\/de\/","name":"PureHiveHoney","description":"Reiner Honig &amp; Bienenprodukte Online | Rohhonig, Bio Honig &amp; Spezialhonig","publisher":{"@id":"https:\/\/purehivehoney.com\/de\/#organization"},"potentialAction":[{"@type":"SearchAction","target":{"@type":"EntryPoint","urlTemplate":"https:\/\/purehivehoney.com\/de\/?s={search_term_string}"},"query-input":{"@type":"PropertyValueSpecification","valueRequired":true,"valueName":"search_term_string"}}],"inLanguage":"de"},{"@type":"Organization","@id":"https:\/\/purehivehoney.com\/de\/#organization","name":"PureHiveHoney","url":"https:\/\/purehivehoney.com\/de\/","logo":{"@type":"ImageObject","inLanguage":"de","@id":"https:\/\/purehivehoney.com\/de\/#\/schema\/logo\/image\/","url":"https:\/\/purehivehoney.com\/de\/wp-content\/uploads\/2026\/03\/Screenshot-2026-03-16-at-1.06.01-AM.png","contentUrl":"https:\/\/purehivehoney.com\/de\/wp-content\/uploads\/2026\/03\/Screenshot-2026-03-16-at-1.06.01-AM.png","width":2112,"height":1086,"caption":"PureHiveHoney"},"image":{"@id":"https:\/\/purehivehoney.com\/de\/#\/schema\/logo\/image\/"}}]}},"_links":{"self":[{"href":"https:\/\/purehivehoney.com\/de\/wp-json\/wp\/v2\/product\/2088","targetHints":{"allow":["GET"]}}],"collection":[{"href":"https:\/\/purehivehoney.com\/de\/wp-json\/wp\/v2\/product"}],"about":[{"href":"https:\/\/purehivehoney.com\/de\/wp-json\/wp\/v2\/types\/product"}],"replies":[{"embeddable":true,"href":"https:\/\/purehivehoney.com\/de\/wp-json\/wp\/v2\/comments?post=2088"}],"wp:featuredmedia":[{"embeddable":true,"href":"https:\/\/purehivehoney.com\/de\/wp-json\/wp\/v2\/media\/2089"}],"wp:attachment":[{"href":"https:\/\/purehivehoney.com\/de\/wp-json\/wp\/v2\/media?parent=2088"}],"wp:term":[{"taxonomy":"store","embeddable":true,"href":"https:\/\/purehivehoney.com\/de\/wp-json\/wp\/v2\/store?post=2088"},{"taxonomy":"product_brand","embeddable":true,"href":"https:\/\/purehivehoney.com\/de\/wp-json\/wp\/v2\/product_brand?post=2088"},{"taxonomy":"product_cat","embeddable":true,"href":"https:\/\/purehivehoney.com\/de\/wp-json\/wp\/v2\/product_cat?post=2088"},{"taxonomy":"product_tag","embeddable":true,"href":"https:\/\/purehivehoney.com\/de\/wp-json\/wp\/v2\/product_tag?post=2088"}],"curies":[{"name":"wp","href":"https:\/\/api.w.org\/{rel}","templated":true}]}}