{"id":2086,"date":"2026-03-25T15:40:01","date_gmt":"2026-03-25T15:40:01","guid":{"rendered":"https:\/\/purehivehoney.com\/de\/product\/lifetone-the-tea-for-better-life-golden-tea-turmeric-infusion-with-warming-spices-and-honey-20-tea-bags\/"},"modified":"2026-03-25T15:40:03","modified_gmt":"2026-03-25T15:40:03","slug":"lifetone-the-tea-for-better-life-golden-tea-turmeric-infusion-with-warming-spices-and-honey-20-tea-bags","status":"publish","type":"product","link":"https:\/\/purehivehoney.com\/de\/product\/lifetone-the-tea-for-better-life-golden-tea-turmeric-infusion-with-warming-spices-and-honey-20-tea-bags\/","title":{"rendered":"lifetone the tea for better life, G..."},"content":{"rendered":"<p>    <span>Premium Turmeric Tea <br \/>Turmeric is a rhizome plant native to South Asia. It is light yellow and comes from the ginger family. <br \/>Ingredients: turmeric &#8211; Ceylon sweet cinnamon, pepper, clove, honey. <br \/>Processing: Lifetone turmeric tea with cinnamon, clove and pepper is made from the healthy root of the turmeric plant and the other ingredients are also derived from natural sources. They are ground to produce a fine tea blend suitable for drinking, and the honey contributes to the sweet taste and aroma. The process is carried out under the most hygienic conditions with the inspection of our experienced herbalists, microbiologists. It is prepared to maintain its high nutritional value to allow maximum digestion and absorption when ingested. The tea is neatly packaged in 20 tea bags and carefully arranged in our branded bags. <br \/>How turmeric tea works with cinnamon, ginger, clove, pepper: <br \/>combined effects are greater than the sum of their individual effects. Everyone has amazing health properties. The combination of the above six richest natural herbs and spices takes it to the next level. This delicious blend is not available on the market or in your grocery store! That&#8217;s why our delicious Turmeric Gold Tea is one of the most popular teas around the world. Our turmeric native to Sri Lanka is not commercially grown. As part of our Fairtrade deal, we only commission local farmers to source our organic ingredients. <br \/>Our turmeric from the north of Sri Lanka contains a high curcumin concentration of 7%. <\/span><br \/> Product Dimensions                                            \u200f                                            :                                            \u200e                                            13 x 7 x 5 cm; 100 g   <br \/> Manufacturer                                            \u200f                                            :                                            \u200e                                            Possible Green Ltd -UK   <br \/> ASIN                                            \u200f                                            :                                            \u200e                                            B07X15M28T   <br \/>100 cups turmeric tea unique blend turmeric tea, turmeric, cinnamon, clove, honey<br \/>The active ingredient content of turmeric is curcumin, the turmeric you find in food generally contains 2 &#8211; 3 percent. Our dark turmeric from the north of the tropical areas of Sri Lanka contains 6-7% curcumin<br \/>100% organic ingredients from Sri Lanka, dark yellow turmeric tea contains a lot of turmeric, our golden drink contains 7% turmeric<br \/>Real Turmeric Tea &#8211; Turmeric and honey offer a variety of health benefits. Turmeric tea becomes a powerful detox tea<br \/>Here&#8217;s how turmeric tea works with cinnamon, ginger, clove, pepper and honey: combined effects are greater than the sum of their separate effects. Everyone has amazing health properties. The combination of the above six richest natural herbs and spices takes it to the next level. This delicious blend is not available on the market or in your grocery store!<\/p>\n\n","protected":false},"excerpt":{"rendered":"<p>Premium Turmeric Tea Turmeric is a rhizome plant native to South Asia. It is light yellow and comes from the ginger family. Ingredients: turmeric &#8211; Ceylon sweet cinnamon, pepper, clove, honey. Processing: Lifetone turmeric tea with cinnamon, clove and pepper is made from the healthy root of the turmeric plant and the other ingredients are [&hellip;]<\/p>\n","protected":false},"featured_media":2087,"comment_status":"open","ping_status":"closed","template":"","meta":{"_aipt_faq_data":""},"store":[],"product_brand":[150],"product_cat":[51],"product_tag":[109],"class_list":{"0":"post-2086","1":"product","2":"type-product","3":"status-publish","4":"has-post-thumbnail","6":"product_brand-lifetone-the-tea-for-better-life","7":"product_cat-zimt-honig","8":"product_tag-bio-zimt-honig","10":"first","11":"instock","12":"shipping-taxable","13":"product-type-external"},"yoast_head":"<!-- This site is optimized with the Yoast SEO plugin v27.4 - https:\/\/yoast.com\/product\/yoast-seo-wordpress\/ -->\n<title>lifetone the tea for better life, Golden Tea Turmeric Infusion with Warming Spices and Honey 20 Tea Bags - PureHiveHoney<\/title>\n<meta name=\"description\" content=\"Entdecken Sie hochwertigen Rohhonig, Bio Honig, Manuka Honig und nat\u00fcrliche Bienenprodukte. PureHiveHoney hilft Ihnen dabei, sorgf\u00e4ltig ausgew\u00e4hlte Honigsorten mit nat\u00fcrlicher Qualit\u00e4t und Reinheit zu entdecken.\" \/>\n<meta name=\"robots\" content=\"index, follow, max-snippet:-1, max-image-preview:large, max-video-preview:-1\" \/>\n<link rel=\"canonical\" href=\"https:\/\/purehivehoney.com\/de\/product\/lifetone-the-tea-for-better-life-golden-tea-turmeric-infusion-with-warming-spices-and-honey-20-tea-bags\/\" \/>\n<meta property=\"og:locale\" content=\"de_DE\" \/>\n<meta property=\"og:type\" content=\"article\" \/>\n<meta property=\"og:title\" content=\"lifetone the tea for better life, Golden Tea Turmeric Infusion with Warming Spices and Honey 20 Tea Bags - PureHiveHoney\" \/>\n<meta property=\"og:description\" content=\"Entdecken Sie hochwertigen Rohhonig, Bio Honig, Manuka Honig und nat\u00fcrliche Bienenprodukte. PureHiveHoney hilft Ihnen dabei, sorgf\u00e4ltig ausgew\u00e4hlte Honigsorten mit nat\u00fcrlicher Qualit\u00e4t und Reinheit zu entdecken.\" \/>\n<meta property=\"og:url\" content=\"https:\/\/purehivehoney.com\/de\/product\/lifetone-the-tea-for-better-life-golden-tea-turmeric-infusion-with-warming-spices-and-honey-20-tea-bags\/\" \/>\n<meta property=\"og:site_name\" content=\"PureHiveHoney\" \/>\n<meta property=\"article:modified_time\" content=\"2026-03-25T15:40:03+00:00\" \/>\n<meta name=\"twitter:card\" content=\"summary_large_image\" \/>\n<meta name=\"twitter:label1\" content=\"Gesch\u00e4tzte Lesezeit\" \/>\n\t<meta name=\"twitter:data1\" content=\"2\u00a0Minuten\" \/>\n<script type=\"application\/ld+json\" class=\"yoast-schema-graph\">{\"@context\":\"https:\\\/\\\/schema.org\",\"@graph\":[{\"@type\":\"WebPage\",\"@id\":\"https:\\\/\\\/purehivehoney.com\\\/de\\\/product\\\/lifetone-the-tea-for-better-life-golden-tea-turmeric-infusion-with-warming-spices-and-honey-20-tea-bags\\\/\",\"url\":\"https:\\\/\\\/purehivehoney.com\\\/de\\\/product\\\/lifetone-the-tea-for-better-life-golden-tea-turmeric-infusion-with-warming-spices-and-honey-20-tea-bags\\\/\",\"name\":\"lifetone the tea for better life, Golden Tea Turmeric Infusion with Warming Spices and Honey 20 Tea Bags - PureHiveHoney\",\"isPartOf\":{\"@id\":\"https:\\\/\\\/purehivehoney.com\\\/de\\\/#website\"},\"primaryImageOfPage\":{\"@id\":\"https:\\\/\\\/purehivehoney.com\\\/de\\\/product\\\/lifetone-the-tea-for-better-life-golden-tea-turmeric-infusion-with-warming-spices-and-honey-20-tea-bags\\\/#primaryimage\"},\"image\":{\"@id\":\"https:\\\/\\\/purehivehoney.com\\\/de\\\/product\\\/lifetone-the-tea-for-better-life-golden-tea-turmeric-infusion-with-warming-spices-and-honey-20-tea-bags\\\/#primaryimage\"},\"thumbnailUrl\":\"https:\\\/\\\/purehivehoney.com\\\/de\\\/wp-content\\\/uploads\\\/2026\\\/03\\\/61lW90GpS0L._SL1500_.jpg\",\"datePublished\":\"2026-03-25T15:40:01+00:00\",\"dateModified\":\"2026-03-25T15:40:03+00:00\",\"description\":\"Entdecken Sie hochwertigen Rohhonig, Bio Honig, Manuka Honig und nat\u00fcrliche Bienenprodukte. PureHiveHoney hilft Ihnen dabei, sorgf\u00e4ltig ausgew\u00e4hlte Honigsorten mit nat\u00fcrlicher Qualit\u00e4t und Reinheit zu entdecken.\",\"breadcrumb\":{\"@id\":\"https:\\\/\\\/purehivehoney.com\\\/de\\\/product\\\/lifetone-the-tea-for-better-life-golden-tea-turmeric-infusion-with-warming-spices-and-honey-20-tea-bags\\\/#breadcrumb\"},\"inLanguage\":\"de\",\"potentialAction\":[{\"@type\":\"ReadAction\",\"target\":[\"https:\\\/\\\/purehivehoney.com\\\/de\\\/product\\\/lifetone-the-tea-for-better-life-golden-tea-turmeric-infusion-with-warming-spices-and-honey-20-tea-bags\\\/\"]}]},{\"@type\":\"ImageObject\",\"inLanguage\":\"de\",\"@id\":\"https:\\\/\\\/purehivehoney.com\\\/de\\\/product\\\/lifetone-the-tea-for-better-life-golden-tea-turmeric-infusion-with-warming-spices-and-honey-20-tea-bags\\\/#primaryimage\",\"url\":\"https:\\\/\\\/purehivehoney.com\\\/de\\\/wp-content\\\/uploads\\\/2026\\\/03\\\/61lW90GpS0L._SL1500_.jpg\",\"contentUrl\":\"https:\\\/\\\/purehivehoney.com\\\/de\\\/wp-content\\\/uploads\\\/2026\\\/03\\\/61lW90GpS0L._SL1500_.jpg\",\"width\":1211,\"height\":1500},{\"@type\":\"BreadcrumbList\",\"@id\":\"https:\\\/\\\/purehivehoney.com\\\/de\\\/product\\\/lifetone-the-tea-for-better-life-golden-tea-turmeric-infusion-with-warming-spices-and-honey-20-tea-bags\\\/#breadcrumb\",\"itemListElement\":[{\"@type\":\"ListItem\",\"position\":1,\"name\":\"Home\",\"item\":\"https:\\\/\\\/purehivehoney.com\\\/de\\\/\"},{\"@type\":\"ListItem\",\"position\":2,\"name\":\"Shop\",\"item\":\"https:\\\/\\\/purehivehoney.com\\\/de\\\/shop\\\/\"},{\"@type\":\"ListItem\",\"position\":3,\"name\":\"lifetone the tea for better life, G...\"}]},{\"@type\":\"WebSite\",\"@id\":\"https:\\\/\\\/purehivehoney.com\\\/de\\\/#website\",\"url\":\"https:\\\/\\\/purehivehoney.com\\\/de\\\/\",\"name\":\"PureHiveHoney\",\"description\":\"Reiner Honig &amp; Bienenprodukte Online | Rohhonig, Bio Honig &amp; Spezialhonig\",\"publisher\":{\"@id\":\"https:\\\/\\\/purehivehoney.com\\\/de\\\/#organization\"},\"potentialAction\":[{\"@type\":\"SearchAction\",\"target\":{\"@type\":\"EntryPoint\",\"urlTemplate\":\"https:\\\/\\\/purehivehoney.com\\\/de\\\/?s={search_term_string}\"},\"query-input\":{\"@type\":\"PropertyValueSpecification\",\"valueRequired\":true,\"valueName\":\"search_term_string\"}}],\"inLanguage\":\"de\"},{\"@type\":\"Organization\",\"@id\":\"https:\\\/\\\/purehivehoney.com\\\/de\\\/#organization\",\"name\":\"PureHiveHoney\",\"url\":\"https:\\\/\\\/purehivehoney.com\\\/de\\\/\",\"logo\":{\"@type\":\"ImageObject\",\"inLanguage\":\"de\",\"@id\":\"https:\\\/\\\/purehivehoney.com\\\/de\\\/#\\\/schema\\\/logo\\\/image\\\/\",\"url\":\"https:\\\/\\\/purehivehoney.com\\\/de\\\/wp-content\\\/uploads\\\/2026\\\/03\\\/Screenshot-2026-03-16-at-1.06.01-AM.png\",\"contentUrl\":\"https:\\\/\\\/purehivehoney.com\\\/de\\\/wp-content\\\/uploads\\\/2026\\\/03\\\/Screenshot-2026-03-16-at-1.06.01-AM.png\",\"width\":2112,\"height\":1086,\"caption\":\"PureHiveHoney\"},\"image\":{\"@id\":\"https:\\\/\\\/purehivehoney.com\\\/de\\\/#\\\/schema\\\/logo\\\/image\\\/\"}}]}<\/script>\n<!-- \/ Yoast SEO plugin. -->","yoast_head_json":{"title":"lifetone the tea for better life, Golden Tea Turmeric Infusion with Warming Spices and Honey 20 Tea Bags - PureHiveHoney","description":"Entdecken Sie hochwertigen Rohhonig, Bio Honig, Manuka Honig und nat\u00fcrliche Bienenprodukte. PureHiveHoney hilft Ihnen dabei, sorgf\u00e4ltig ausgew\u00e4hlte Honigsorten mit nat\u00fcrlicher Qualit\u00e4t und Reinheit zu entdecken.","robots":{"index":"index","follow":"follow","max-snippet":"max-snippet:-1","max-image-preview":"max-image-preview:large","max-video-preview":"max-video-preview:-1"},"canonical":"https:\/\/purehivehoney.com\/de\/product\/lifetone-the-tea-for-better-life-golden-tea-turmeric-infusion-with-warming-spices-and-honey-20-tea-bags\/","og_locale":"de_DE","og_type":"article","og_title":"lifetone the tea for better life, Golden Tea Turmeric Infusion with Warming Spices and Honey 20 Tea Bags - PureHiveHoney","og_description":"Entdecken Sie hochwertigen Rohhonig, Bio Honig, Manuka Honig und nat\u00fcrliche Bienenprodukte. PureHiveHoney hilft Ihnen dabei, sorgf\u00e4ltig ausgew\u00e4hlte Honigsorten mit nat\u00fcrlicher Qualit\u00e4t und Reinheit zu entdecken.","og_url":"https:\/\/purehivehoney.com\/de\/product\/lifetone-the-tea-for-better-life-golden-tea-turmeric-infusion-with-warming-spices-and-honey-20-tea-bags\/","og_site_name":"PureHiveHoney","article_modified_time":"2026-03-25T15:40:03+00:00","twitter_card":"summary_large_image","twitter_misc":{"Gesch\u00e4tzte Lesezeit":"2\u00a0Minuten"},"schema":{"@context":"https:\/\/schema.org","@graph":[{"@type":"WebPage","@id":"https:\/\/purehivehoney.com\/de\/product\/lifetone-the-tea-for-better-life-golden-tea-turmeric-infusion-with-warming-spices-and-honey-20-tea-bags\/","url":"https:\/\/purehivehoney.com\/de\/product\/lifetone-the-tea-for-better-life-golden-tea-turmeric-infusion-with-warming-spices-and-honey-20-tea-bags\/","name":"lifetone the tea for better life, Golden Tea Turmeric Infusion with Warming Spices and Honey 20 Tea Bags - PureHiveHoney","isPartOf":{"@id":"https:\/\/purehivehoney.com\/de\/#website"},"primaryImageOfPage":{"@id":"https:\/\/purehivehoney.com\/de\/product\/lifetone-the-tea-for-better-life-golden-tea-turmeric-infusion-with-warming-spices-and-honey-20-tea-bags\/#primaryimage"},"image":{"@id":"https:\/\/purehivehoney.com\/de\/product\/lifetone-the-tea-for-better-life-golden-tea-turmeric-infusion-with-warming-spices-and-honey-20-tea-bags\/#primaryimage"},"thumbnailUrl":"https:\/\/purehivehoney.com\/de\/wp-content\/uploads\/2026\/03\/61lW90GpS0L._SL1500_.jpg","datePublished":"2026-03-25T15:40:01+00:00","dateModified":"2026-03-25T15:40:03+00:00","description":"Entdecken Sie hochwertigen Rohhonig, Bio Honig, Manuka Honig und nat\u00fcrliche Bienenprodukte. PureHiveHoney hilft Ihnen dabei, sorgf\u00e4ltig ausgew\u00e4hlte Honigsorten mit nat\u00fcrlicher Qualit\u00e4t und Reinheit zu entdecken.","breadcrumb":{"@id":"https:\/\/purehivehoney.com\/de\/product\/lifetone-the-tea-for-better-life-golden-tea-turmeric-infusion-with-warming-spices-and-honey-20-tea-bags\/#breadcrumb"},"inLanguage":"de","potentialAction":[{"@type":"ReadAction","target":["https:\/\/purehivehoney.com\/de\/product\/lifetone-the-tea-for-better-life-golden-tea-turmeric-infusion-with-warming-spices-and-honey-20-tea-bags\/"]}]},{"@type":"ImageObject","inLanguage":"de","@id":"https:\/\/purehivehoney.com\/de\/product\/lifetone-the-tea-for-better-life-golden-tea-turmeric-infusion-with-warming-spices-and-honey-20-tea-bags\/#primaryimage","url":"https:\/\/purehivehoney.com\/de\/wp-content\/uploads\/2026\/03\/61lW90GpS0L._SL1500_.jpg","contentUrl":"https:\/\/purehivehoney.com\/de\/wp-content\/uploads\/2026\/03\/61lW90GpS0L._SL1500_.jpg","width":1211,"height":1500},{"@type":"BreadcrumbList","@id":"https:\/\/purehivehoney.com\/de\/product\/lifetone-the-tea-for-better-life-golden-tea-turmeric-infusion-with-warming-spices-and-honey-20-tea-bags\/#breadcrumb","itemListElement":[{"@type":"ListItem","position":1,"name":"Home","item":"https:\/\/purehivehoney.com\/de\/"},{"@type":"ListItem","position":2,"name":"Shop","item":"https:\/\/purehivehoney.com\/de\/shop\/"},{"@type":"ListItem","position":3,"name":"lifetone the tea for better life, G..."}]},{"@type":"WebSite","@id":"https:\/\/purehivehoney.com\/de\/#website","url":"https:\/\/purehivehoney.com\/de\/","name":"PureHiveHoney","description":"Reiner Honig &amp; Bienenprodukte Online | Rohhonig, Bio Honig &amp; Spezialhonig","publisher":{"@id":"https:\/\/purehivehoney.com\/de\/#organization"},"potentialAction":[{"@type":"SearchAction","target":{"@type":"EntryPoint","urlTemplate":"https:\/\/purehivehoney.com\/de\/?s={search_term_string}"},"query-input":{"@type":"PropertyValueSpecification","valueRequired":true,"valueName":"search_term_string"}}],"inLanguage":"de"},{"@type":"Organization","@id":"https:\/\/purehivehoney.com\/de\/#organization","name":"PureHiveHoney","url":"https:\/\/purehivehoney.com\/de\/","logo":{"@type":"ImageObject","inLanguage":"de","@id":"https:\/\/purehivehoney.com\/de\/#\/schema\/logo\/image\/","url":"https:\/\/purehivehoney.com\/de\/wp-content\/uploads\/2026\/03\/Screenshot-2026-03-16-at-1.06.01-AM.png","contentUrl":"https:\/\/purehivehoney.com\/de\/wp-content\/uploads\/2026\/03\/Screenshot-2026-03-16-at-1.06.01-AM.png","width":2112,"height":1086,"caption":"PureHiveHoney"},"image":{"@id":"https:\/\/purehivehoney.com\/de\/#\/schema\/logo\/image\/"}}]}},"_links":{"self":[{"href":"https:\/\/purehivehoney.com\/de\/wp-json\/wp\/v2\/product\/2086","targetHints":{"allow":["GET"]}}],"collection":[{"href":"https:\/\/purehivehoney.com\/de\/wp-json\/wp\/v2\/product"}],"about":[{"href":"https:\/\/purehivehoney.com\/de\/wp-json\/wp\/v2\/types\/product"}],"replies":[{"embeddable":true,"href":"https:\/\/purehivehoney.com\/de\/wp-json\/wp\/v2\/comments?post=2086"}],"wp:featuredmedia":[{"embeddable":true,"href":"https:\/\/purehivehoney.com\/de\/wp-json\/wp\/v2\/media\/2087"}],"wp:attachment":[{"href":"https:\/\/purehivehoney.com\/de\/wp-json\/wp\/v2\/media?parent=2086"}],"wp:term":[{"taxonomy":"store","embeddable":true,"href":"https:\/\/purehivehoney.com\/de\/wp-json\/wp\/v2\/store?post=2086"},{"taxonomy":"product_brand","embeddable":true,"href":"https:\/\/purehivehoney.com\/de\/wp-json\/wp\/v2\/product_brand?post=2086"},{"taxonomy":"product_cat","embeddable":true,"href":"https:\/\/purehivehoney.com\/de\/wp-json\/wp\/v2\/product_cat?post=2086"},{"taxonomy":"product_tag","embeddable":true,"href":"https:\/\/purehivehoney.com\/de\/wp-json\/wp\/v2\/product_tag?post=2086"}],"curies":[{"name":"wp","href":"https:\/\/api.w.org\/{rel}","templated":true}]}}