{"id":2082,"date":"2026-03-24T07:29:31","date_gmt":"2026-03-24T07:29:31","guid":{"rendered":"https:\/\/purehivehoney.com\/de\/product\/oxymel-die-kleine-vergessene-heilkraft-wie-sie-oxymel-anwenden-koennen-um-das-immunsystem-zu-staerken-und-den-koerper-zu-entgiften-und-gesund-zu-halten-inkl-rezepte\/"},"modified":"2026-03-24T07:29:33","modified_gmt":"2026-03-24T07:29:33","slug":"oxymel-die-kleine-vergessene-heilkraft-wie-sie-oxymel-anwenden-koennen-um-das-immunsystem-zu-staerken-und-den-koerper-zu-entgiften-und-gesund-zu-halten-inkl-rezepte","status":"publish","type":"product","link":"https:\/\/purehivehoney.com\/de\/product\/oxymel-die-kleine-vergessene-heilkraft-wie-sie-oxymel-anwenden-koennen-um-das-immunsystem-zu-staerken-und-den-koerper-zu-entgiften-und-gesund-zu-halten-inkl-rezepte\/","title":{"rendered":"Oxymel &#8211; die kleine vergessen..."},"content":{"rendered":"<p>  Das Oxymel Buch gibt die Kraft der nat\u00fcrlichen Heilung in Ihre H\u00e4nde<\/p>\n<h3>Mit diesem einfachen Ratgeber lernen Sie wie Sie Oxymel richtig anwenden k\u00f6nnen, um das Immunsystem zu st\u00e4rken, den Blutzuckerspiegel zu stabilisieren und den K\u00f6rper zu entgiften und gesund zu halten.<\/h3>\n<p>Oxymel, das lange in Vergessenheit geratene Heilmittel, erlebt in den letzten Jahren gerade bei gesundheitsbewussten Menschen ein Revival und erlangt, wegen seinen guten Eigenschaften immer mehr Bekanntheit. Das ist auch gut so, weil es sich um ein Heilmittel aus der Natur handelt. Der Sauerhonig st\u00e4rkt das Immunsystem und obendrein h\u00e4lt er den K\u00f6rper gesund. Ebenfalls ist Oxymel hilfreich, um den Mineralstoffhaushalt im K\u00f6rper ins Gelichgewicht zu bringen. Das ist besonders wichtig, wenn der Vitalstoffbedarf erh\u00f6ht ist.<\/p>\n<p>Nicht nur bei akuten Beschwerden wie Fieber, Schnupfen, Husten und Problemen mit dem Verdauungssystem, sondern auch pr\u00e4ventiv zur St\u00e4rkung des Herzens, zum Entgiften des K\u00f6rpers und zur St\u00e4rkung der k\u00f6rpereigenen Abwehr ist Oxymel ideal.<\/p>\n<p>Genauso hat die gesundheitsbewusste K\u00fcche den Sauerhonig f\u00fcr sich entdeckt. Er l\u00e4sst sich vielseitig verwenden, um Speisen zu verfeinern und gleichzeitig die Gesundheit zu st\u00e4rken. Jedes Rezept, in dem Honig und Essig zu den Zutaten geh\u00f6ren, l\u00e4sst sich Oxymel oder ein Sauerhonig-Kr\u00e4uterauszug verwenden, wenn die gew\u00e4hlten Kr\u00e4uter zur Speise passen. Den K\u00f6rper bei Heilungsprozessen unterst\u00fctzen und gesund erhalten ist mit der Heilkraft von Oxymel gar nicht so schwer.<\/p>\n<p>Oxymel &#8211; die kleine vergessene Heilkraft umfasst:<\/p>\n<p>Was genau ist Oxymel?Wie funktioniert Oxymel?Bei welchen Beschwerden und Krankheiten hilft Oxymel?Die guten Eigenschaften von Honig<br \/>Die guten Eigenschaften von EssigHeilpflanzen und Heilkr\u00e4uter f\u00fcr OxymelOxymel \u2013 Verwendung, Wirkung und DosierungRezepte f\u00fcr Oxymel Tinktur, Heilsirup, Elixir und ExtraktOxymel in der K\u00fcche \u2013 pure Gesundheit auf dem TellerRezepte f\u00fcr k\u00f6stliche Gerichte mit Oxymel<\/p>\n<p>Mit Ihrem neu gewonnenen Wissen k\u00f6nnen Sie Oxymel Ihren individuellen Bed\u00fcrfnissen anpassen &#8211; und erstaunliche Ergebnisse erzielen.<\/p>\n<p>Holen Sie sich jetzt dieses hilfreiche Buch zum Thema Oxymel! Fangen Sie noch heute damit an, Ihre Gesundheit ganz in die eigenen H\u00e4nde zu nehmen!<\/p>\n<p>ASIN                                            \u200f                                            :                                            \u200e                                                        B09RKKC7PP       <br \/> Accessibility                                            \u200f                                            :                                            \u200e                                                                      Learn more          <br \/> Publication date                                            \u200f                                            :                                            \u200e                                                        30 Jan. 2022       <br \/> Language                                            \u200f                                            :                                            \u200e                                            German   <br \/> File size                                            \u200f                                            :                                            \u200e                                                        10.6 MB       <br \/> Screen Reader                                            \u200f                                            :                                            \u200e                                                        Supported       <br \/> Enhanced typesetting                                            \u200f                                            :                                            \u200e                                                                     Enabled          <br \/> X-Ray                                            \u200f                                            :                                            \u200e                                                        Enabled       <br \/> Word Wise                                            \u200f                                            :                                            \u200e                                                                     Not Enabled          <br \/> Print length                                            \u200f                                            :                                            \u200e                                                                     118 pages          <br \/> Page Flip                                            \u200f                                            :                                            \u200e                                                                     Enabled          <br \/>       Best Sellers Rank:  429,100 in Kindle Store (See Top 100 in Kindle Store)    272 in Medicinal Herbs   277 in Herbal Remedies   2,587 in Alternative Medicine (Kindle Store)      <br \/>  Customer reviews:                                                                                            4.6               4.6 out of 5 stars                                  (167)                                              var dpAcrHasRegisteredArcLinkClickAction;                    P.when(&#8218;A&#8216;, &#8218;ready&#8216;).execute(function(A) {                        if (dpAcrHasRegisteredArcLinkClickAction !== true) {                            dpAcrHasRegisteredArcLinkClickAction = true;                            A.declarative(                                &#8218;acrLink-click-metrics&#8216;, &#8218;click&#8216;,                                { &#8222;allowLinkDefault&#8220;: true },                                function (event) {                                    if (window.ue) {                                        ue.count(&#8222;acrLinkClickCount&#8220;, (ue.count(&#8222;acrLinkClickCount&#8220;) || 0) + 1);                                    }                                }                            );                        }                    });                                             P.when(&#8218;A&#8216;, &#8218;cf&#8216;).execute(function(A) {                A.declarative(&#8218;acrStarsLink-click-metrics&#8216;, &#8218;click&#8216;, { &#8222;allowLinkDefault&#8220; : true },  function(event){                    if(window.ue) {                        ue.count(&#8222;acrStarsLinkWithPopoverClickCount&#8220;, (ue.count(&#8222;acrStarsLinkWithPopoverClickCount&#8220;) || 0) + 1);                    }                });            });                          <br \/><\/p>\n","protected":false},"excerpt":{"rendered":"<p>Das Oxymel Buch gibt die Kraft der nat\u00fcrlichen Heilung in Ihre H\u00e4nde Mit diesem einfachen Ratgeber lernen Sie wie Sie Oxymel richtig anwenden k\u00f6nnen, um das Immunsystem zu st\u00e4rken, den Blutzuckerspiegel zu stabilisieren und den K\u00f6rper zu entgiften und gesund zu halten. Oxymel, das lange in Vergessenheit geratene Heilmittel, erlebt in den letzten Jahren gerade [&hellip;]<\/p>\n","protected":false},"featured_media":2083,"comment_status":"open","ping_status":"closed","template":"","meta":{"_aipt_faq_data":""},"store":[],"product_brand":[],"product_cat":[60],"product_tag":[143],"class_list":{"0":"post-2082","1":"product","2":"type-product","3":"status-publish","4":"has-post-thumbnail","6":"product_cat-honig-fur-das-immunsystem","7":"product_tag-natuerlicher-honig-fuer-das-immunsystem","9":"first","10":"instock","11":"shipping-taxable","12":"product-type-external"},"yoast_head":"<!-- This site is optimized with the Yoast SEO plugin v27.4 - https:\/\/yoast.com\/product\/yoast-seo-wordpress\/ -->\n<title>Oxymel - die kleine vergessene Heilkraft: Wie Sie Oxymel anwenden k\u00f6nnen, um das Immunsystem zu st\u00e4rken und den K\u00f6rper zu entgiften und gesund zu halten. Inkl. Rezepte - PureHiveHoney<\/title>\n<meta name=\"description\" content=\"Entdecken Sie hochwertigen Rohhonig, Bio Honig, Manuka Honig und nat\u00fcrliche Bienenprodukte. PureHiveHoney hilft Ihnen dabei, sorgf\u00e4ltig ausgew\u00e4hlte Honigsorten mit nat\u00fcrlicher Qualit\u00e4t und Reinheit zu entdecken.\" \/>\n<meta name=\"robots\" content=\"index, follow, max-snippet:-1, max-image-preview:large, max-video-preview:-1\" \/>\n<link rel=\"canonical\" href=\"https:\/\/purehivehoney.com\/de\/product\/oxymel-die-kleine-vergessene-heilkraft-wie-sie-oxymel-anwenden-koennen-um-das-immunsystem-zu-staerken-und-den-koerper-zu-entgiften-und-gesund-zu-halten-inkl-rezepte\/\" \/>\n<meta property=\"og:locale\" content=\"de_DE\" \/>\n<meta property=\"og:type\" content=\"article\" \/>\n<meta property=\"og:title\" content=\"Oxymel - die kleine vergessene Heilkraft: Wie Sie Oxymel anwenden k\u00f6nnen, um das Immunsystem zu st\u00e4rken und den K\u00f6rper zu entgiften und gesund zu halten. Inkl. Rezepte - PureHiveHoney\" \/>\n<meta property=\"og:description\" content=\"Entdecken Sie hochwertigen Rohhonig, Bio Honig, Manuka Honig und nat\u00fcrliche Bienenprodukte. PureHiveHoney hilft Ihnen dabei, sorgf\u00e4ltig ausgew\u00e4hlte Honigsorten mit nat\u00fcrlicher Qualit\u00e4t und Reinheit zu entdecken.\" \/>\n<meta property=\"og:url\" content=\"https:\/\/purehivehoney.com\/de\/product\/oxymel-die-kleine-vergessene-heilkraft-wie-sie-oxymel-anwenden-koennen-um-das-immunsystem-zu-staerken-und-den-koerper-zu-entgiften-und-gesund-zu-halten-inkl-rezepte\/\" \/>\n<meta property=\"og:site_name\" content=\"PureHiveHoney\" \/>\n<meta property=\"article:modified_time\" content=\"2026-03-24T07:29:33+00:00\" \/>\n<meta name=\"twitter:card\" content=\"summary_large_image\" \/>\n<meta name=\"twitter:label1\" content=\"Gesch\u00e4tzte Lesezeit\" \/>\n\t<meta name=\"twitter:data1\" content=\"2\u00a0Minuten\" \/>\n<script type=\"application\/ld+json\" class=\"yoast-schema-graph\">{\"@context\":\"https:\\\/\\\/schema.org\",\"@graph\":[{\"@type\":\"WebPage\",\"@id\":\"https:\\\/\\\/purehivehoney.com\\\/de\\\/product\\\/oxymel-die-kleine-vergessene-heilkraft-wie-sie-oxymel-anwenden-koennen-um-das-immunsystem-zu-staerken-und-den-koerper-zu-entgiften-und-gesund-zu-halten-inkl-rezepte\\\/\",\"url\":\"https:\\\/\\\/purehivehoney.com\\\/de\\\/product\\\/oxymel-die-kleine-vergessene-heilkraft-wie-sie-oxymel-anwenden-koennen-um-das-immunsystem-zu-staerken-und-den-koerper-zu-entgiften-und-gesund-zu-halten-inkl-rezepte\\\/\",\"name\":\"Oxymel - die kleine vergessene Heilkraft: Wie Sie Oxymel anwenden k\u00f6nnen, um das Immunsystem zu st\u00e4rken und den K\u00f6rper zu entgiften und gesund zu halten. Inkl. Rezepte - PureHiveHoney\",\"isPartOf\":{\"@id\":\"https:\\\/\\\/purehivehoney.com\\\/de\\\/#website\"},\"primaryImageOfPage\":{\"@id\":\"https:\\\/\\\/purehivehoney.com\\\/de\\\/product\\\/oxymel-die-kleine-vergessene-heilkraft-wie-sie-oxymel-anwenden-koennen-um-das-immunsystem-zu-staerken-und-den-koerper-zu-entgiften-und-gesund-zu-halten-inkl-rezepte\\\/#primaryimage\"},\"image\":{\"@id\":\"https:\\\/\\\/purehivehoney.com\\\/de\\\/product\\\/oxymel-die-kleine-vergessene-heilkraft-wie-sie-oxymel-anwenden-koennen-um-das-immunsystem-zu-staerken-und-den-koerper-zu-entgiften-und-gesund-zu-halten-inkl-rezepte\\\/#primaryimage\"},\"thumbnailUrl\":\"https:\\\/\\\/purehivehoney.com\\\/de\\\/wp-content\\\/uploads\\\/2026\\\/03\\\/81SYZNk1MlL._SL1500_.jpg\",\"datePublished\":\"2026-03-24T07:29:31+00:00\",\"dateModified\":\"2026-03-24T07:29:33+00:00\",\"description\":\"Entdecken Sie hochwertigen Rohhonig, Bio Honig, Manuka Honig und nat\u00fcrliche Bienenprodukte. PureHiveHoney hilft Ihnen dabei, sorgf\u00e4ltig ausgew\u00e4hlte Honigsorten mit nat\u00fcrlicher Qualit\u00e4t und Reinheit zu entdecken.\",\"breadcrumb\":{\"@id\":\"https:\\\/\\\/purehivehoney.com\\\/de\\\/product\\\/oxymel-die-kleine-vergessene-heilkraft-wie-sie-oxymel-anwenden-koennen-um-das-immunsystem-zu-staerken-und-den-koerper-zu-entgiften-und-gesund-zu-halten-inkl-rezepte\\\/#breadcrumb\"},\"inLanguage\":\"de\",\"potentialAction\":[{\"@type\":\"ReadAction\",\"target\":[\"https:\\\/\\\/purehivehoney.com\\\/de\\\/product\\\/oxymel-die-kleine-vergessene-heilkraft-wie-sie-oxymel-anwenden-koennen-um-das-immunsystem-zu-staerken-und-den-koerper-zu-entgiften-und-gesund-zu-halten-inkl-rezepte\\\/\"]}]},{\"@type\":\"ImageObject\",\"inLanguage\":\"de\",\"@id\":\"https:\\\/\\\/purehivehoney.com\\\/de\\\/product\\\/oxymel-die-kleine-vergessene-heilkraft-wie-sie-oxymel-anwenden-koennen-um-das-immunsystem-zu-staerken-und-den-koerper-zu-entgiften-und-gesund-zu-halten-inkl-rezepte\\\/#primaryimage\",\"url\":\"https:\\\/\\\/purehivehoney.com\\\/de\\\/wp-content\\\/uploads\\\/2026\\\/03\\\/81SYZNk1MlL._SL1500_.jpg\",\"contentUrl\":\"https:\\\/\\\/purehivehoney.com\\\/de\\\/wp-content\\\/uploads\\\/2026\\\/03\\\/81SYZNk1MlL._SL1500_.jpg\",\"width\":1004,\"height\":1500},{\"@type\":\"BreadcrumbList\",\"@id\":\"https:\\\/\\\/purehivehoney.com\\\/de\\\/product\\\/oxymel-die-kleine-vergessene-heilkraft-wie-sie-oxymel-anwenden-koennen-um-das-immunsystem-zu-staerken-und-den-koerper-zu-entgiften-und-gesund-zu-halten-inkl-rezepte\\\/#breadcrumb\",\"itemListElement\":[{\"@type\":\"ListItem\",\"position\":1,\"name\":\"Home\",\"item\":\"https:\\\/\\\/purehivehoney.com\\\/de\\\/\"},{\"@type\":\"ListItem\",\"position\":2,\"name\":\"Shop\",\"item\":\"https:\\\/\\\/purehivehoney.com\\\/de\\\/shop\\\/\"},{\"@type\":\"ListItem\",\"position\":3,\"name\":\"Oxymel &#8211; die kleine vergessen...\"}]},{\"@type\":\"WebSite\",\"@id\":\"https:\\\/\\\/purehivehoney.com\\\/de\\\/#website\",\"url\":\"https:\\\/\\\/purehivehoney.com\\\/de\\\/\",\"name\":\"PureHiveHoney\",\"description\":\"Reiner Honig &amp; Bienenprodukte Online | Rohhonig, Bio Honig &amp; Spezialhonig\",\"publisher\":{\"@id\":\"https:\\\/\\\/purehivehoney.com\\\/de\\\/#organization\"},\"potentialAction\":[{\"@type\":\"SearchAction\",\"target\":{\"@type\":\"EntryPoint\",\"urlTemplate\":\"https:\\\/\\\/purehivehoney.com\\\/de\\\/?s={search_term_string}\"},\"query-input\":{\"@type\":\"PropertyValueSpecification\",\"valueRequired\":true,\"valueName\":\"search_term_string\"}}],\"inLanguage\":\"de\"},{\"@type\":\"Organization\",\"@id\":\"https:\\\/\\\/purehivehoney.com\\\/de\\\/#organization\",\"name\":\"PureHiveHoney\",\"url\":\"https:\\\/\\\/purehivehoney.com\\\/de\\\/\",\"logo\":{\"@type\":\"ImageObject\",\"inLanguage\":\"de\",\"@id\":\"https:\\\/\\\/purehivehoney.com\\\/de\\\/#\\\/schema\\\/logo\\\/image\\\/\",\"url\":\"https:\\\/\\\/purehivehoney.com\\\/de\\\/wp-content\\\/uploads\\\/2026\\\/03\\\/Screenshot-2026-03-16-at-1.06.01-AM.png\",\"contentUrl\":\"https:\\\/\\\/purehivehoney.com\\\/de\\\/wp-content\\\/uploads\\\/2026\\\/03\\\/Screenshot-2026-03-16-at-1.06.01-AM.png\",\"width\":2112,\"height\":1086,\"caption\":\"PureHiveHoney\"},\"image\":{\"@id\":\"https:\\\/\\\/purehivehoney.com\\\/de\\\/#\\\/schema\\\/logo\\\/image\\\/\"}}]}<\/script>\n<!-- \/ Yoast SEO plugin. -->","yoast_head_json":{"title":"Oxymel - die kleine vergessene Heilkraft: Wie Sie Oxymel anwenden k\u00f6nnen, um das Immunsystem zu st\u00e4rken und den K\u00f6rper zu entgiften und gesund zu halten. Inkl. Rezepte - PureHiveHoney","description":"Entdecken Sie hochwertigen Rohhonig, Bio Honig, Manuka Honig und nat\u00fcrliche Bienenprodukte. PureHiveHoney hilft Ihnen dabei, sorgf\u00e4ltig ausgew\u00e4hlte Honigsorten mit nat\u00fcrlicher Qualit\u00e4t und Reinheit zu entdecken.","robots":{"index":"index","follow":"follow","max-snippet":"max-snippet:-1","max-image-preview":"max-image-preview:large","max-video-preview":"max-video-preview:-1"},"canonical":"https:\/\/purehivehoney.com\/de\/product\/oxymel-die-kleine-vergessene-heilkraft-wie-sie-oxymel-anwenden-koennen-um-das-immunsystem-zu-staerken-und-den-koerper-zu-entgiften-und-gesund-zu-halten-inkl-rezepte\/","og_locale":"de_DE","og_type":"article","og_title":"Oxymel - die kleine vergessene Heilkraft: Wie Sie Oxymel anwenden k\u00f6nnen, um das Immunsystem zu st\u00e4rken und den K\u00f6rper zu entgiften und gesund zu halten. Inkl. Rezepte - PureHiveHoney","og_description":"Entdecken Sie hochwertigen Rohhonig, Bio Honig, Manuka Honig und nat\u00fcrliche Bienenprodukte. PureHiveHoney hilft Ihnen dabei, sorgf\u00e4ltig ausgew\u00e4hlte Honigsorten mit nat\u00fcrlicher Qualit\u00e4t und Reinheit zu entdecken.","og_url":"https:\/\/purehivehoney.com\/de\/product\/oxymel-die-kleine-vergessene-heilkraft-wie-sie-oxymel-anwenden-koennen-um-das-immunsystem-zu-staerken-und-den-koerper-zu-entgiften-und-gesund-zu-halten-inkl-rezepte\/","og_site_name":"PureHiveHoney","article_modified_time":"2026-03-24T07:29:33+00:00","twitter_card":"summary_large_image","twitter_misc":{"Gesch\u00e4tzte Lesezeit":"2\u00a0Minuten"},"schema":{"@context":"https:\/\/schema.org","@graph":[{"@type":"WebPage","@id":"https:\/\/purehivehoney.com\/de\/product\/oxymel-die-kleine-vergessene-heilkraft-wie-sie-oxymel-anwenden-koennen-um-das-immunsystem-zu-staerken-und-den-koerper-zu-entgiften-und-gesund-zu-halten-inkl-rezepte\/","url":"https:\/\/purehivehoney.com\/de\/product\/oxymel-die-kleine-vergessene-heilkraft-wie-sie-oxymel-anwenden-koennen-um-das-immunsystem-zu-staerken-und-den-koerper-zu-entgiften-und-gesund-zu-halten-inkl-rezepte\/","name":"Oxymel - die kleine vergessene Heilkraft: Wie Sie Oxymel anwenden k\u00f6nnen, um das Immunsystem zu st\u00e4rken und den K\u00f6rper zu entgiften und gesund zu halten. Inkl. Rezepte - PureHiveHoney","isPartOf":{"@id":"https:\/\/purehivehoney.com\/de\/#website"},"primaryImageOfPage":{"@id":"https:\/\/purehivehoney.com\/de\/product\/oxymel-die-kleine-vergessene-heilkraft-wie-sie-oxymel-anwenden-koennen-um-das-immunsystem-zu-staerken-und-den-koerper-zu-entgiften-und-gesund-zu-halten-inkl-rezepte\/#primaryimage"},"image":{"@id":"https:\/\/purehivehoney.com\/de\/product\/oxymel-die-kleine-vergessene-heilkraft-wie-sie-oxymel-anwenden-koennen-um-das-immunsystem-zu-staerken-und-den-koerper-zu-entgiften-und-gesund-zu-halten-inkl-rezepte\/#primaryimage"},"thumbnailUrl":"https:\/\/purehivehoney.com\/de\/wp-content\/uploads\/2026\/03\/81SYZNk1MlL._SL1500_.jpg","datePublished":"2026-03-24T07:29:31+00:00","dateModified":"2026-03-24T07:29:33+00:00","description":"Entdecken Sie hochwertigen Rohhonig, Bio Honig, Manuka Honig und nat\u00fcrliche Bienenprodukte. PureHiveHoney hilft Ihnen dabei, sorgf\u00e4ltig ausgew\u00e4hlte Honigsorten mit nat\u00fcrlicher Qualit\u00e4t und Reinheit zu entdecken.","breadcrumb":{"@id":"https:\/\/purehivehoney.com\/de\/product\/oxymel-die-kleine-vergessene-heilkraft-wie-sie-oxymel-anwenden-koennen-um-das-immunsystem-zu-staerken-und-den-koerper-zu-entgiften-und-gesund-zu-halten-inkl-rezepte\/#breadcrumb"},"inLanguage":"de","potentialAction":[{"@type":"ReadAction","target":["https:\/\/purehivehoney.com\/de\/product\/oxymel-die-kleine-vergessene-heilkraft-wie-sie-oxymel-anwenden-koennen-um-das-immunsystem-zu-staerken-und-den-koerper-zu-entgiften-und-gesund-zu-halten-inkl-rezepte\/"]}]},{"@type":"ImageObject","inLanguage":"de","@id":"https:\/\/purehivehoney.com\/de\/product\/oxymel-die-kleine-vergessene-heilkraft-wie-sie-oxymel-anwenden-koennen-um-das-immunsystem-zu-staerken-und-den-koerper-zu-entgiften-und-gesund-zu-halten-inkl-rezepte\/#primaryimage","url":"https:\/\/purehivehoney.com\/de\/wp-content\/uploads\/2026\/03\/81SYZNk1MlL._SL1500_.jpg","contentUrl":"https:\/\/purehivehoney.com\/de\/wp-content\/uploads\/2026\/03\/81SYZNk1MlL._SL1500_.jpg","width":1004,"height":1500},{"@type":"BreadcrumbList","@id":"https:\/\/purehivehoney.com\/de\/product\/oxymel-die-kleine-vergessene-heilkraft-wie-sie-oxymel-anwenden-koennen-um-das-immunsystem-zu-staerken-und-den-koerper-zu-entgiften-und-gesund-zu-halten-inkl-rezepte\/#breadcrumb","itemListElement":[{"@type":"ListItem","position":1,"name":"Home","item":"https:\/\/purehivehoney.com\/de\/"},{"@type":"ListItem","position":2,"name":"Shop","item":"https:\/\/purehivehoney.com\/de\/shop\/"},{"@type":"ListItem","position":3,"name":"Oxymel &#8211; die kleine vergessen..."}]},{"@type":"WebSite","@id":"https:\/\/purehivehoney.com\/de\/#website","url":"https:\/\/purehivehoney.com\/de\/","name":"PureHiveHoney","description":"Reiner Honig &amp; Bienenprodukte Online | Rohhonig, Bio Honig &amp; Spezialhonig","publisher":{"@id":"https:\/\/purehivehoney.com\/de\/#organization"},"potentialAction":[{"@type":"SearchAction","target":{"@type":"EntryPoint","urlTemplate":"https:\/\/purehivehoney.com\/de\/?s={search_term_string}"},"query-input":{"@type":"PropertyValueSpecification","valueRequired":true,"valueName":"search_term_string"}}],"inLanguage":"de"},{"@type":"Organization","@id":"https:\/\/purehivehoney.com\/de\/#organization","name":"PureHiveHoney","url":"https:\/\/purehivehoney.com\/de\/","logo":{"@type":"ImageObject","inLanguage":"de","@id":"https:\/\/purehivehoney.com\/de\/#\/schema\/logo\/image\/","url":"https:\/\/purehivehoney.com\/de\/wp-content\/uploads\/2026\/03\/Screenshot-2026-03-16-at-1.06.01-AM.png","contentUrl":"https:\/\/purehivehoney.com\/de\/wp-content\/uploads\/2026\/03\/Screenshot-2026-03-16-at-1.06.01-AM.png","width":2112,"height":1086,"caption":"PureHiveHoney"},"image":{"@id":"https:\/\/purehivehoney.com\/de\/#\/schema\/logo\/image\/"}}]}},"_links":{"self":[{"href":"https:\/\/purehivehoney.com\/de\/wp-json\/wp\/v2\/product\/2082","targetHints":{"allow":["GET"]}}],"collection":[{"href":"https:\/\/purehivehoney.com\/de\/wp-json\/wp\/v2\/product"}],"about":[{"href":"https:\/\/purehivehoney.com\/de\/wp-json\/wp\/v2\/types\/product"}],"replies":[{"embeddable":true,"href":"https:\/\/purehivehoney.com\/de\/wp-json\/wp\/v2\/comments?post=2082"}],"wp:featuredmedia":[{"embeddable":true,"href":"https:\/\/purehivehoney.com\/de\/wp-json\/wp\/v2\/media\/2083"}],"wp:attachment":[{"href":"https:\/\/purehivehoney.com\/de\/wp-json\/wp\/v2\/media?parent=2082"}],"wp:term":[{"taxonomy":"store","embeddable":true,"href":"https:\/\/purehivehoney.com\/de\/wp-json\/wp\/v2\/store?post=2082"},{"taxonomy":"product_brand","embeddable":true,"href":"https:\/\/purehivehoney.com\/de\/wp-json\/wp\/v2\/product_brand?post=2082"},{"taxonomy":"product_cat","embeddable":true,"href":"https:\/\/purehivehoney.com\/de\/wp-json\/wp\/v2\/product_cat?post=2082"},{"taxonomy":"product_tag","embeddable":true,"href":"https:\/\/purehivehoney.com\/de\/wp-json\/wp\/v2\/product_tag?post=2082"}],"curies":[{"name":"wp","href":"https:\/\/api.w.org\/{rel}","templated":true}]}}