{"id":2071,"date":"2026-03-23T15:06:21","date_gmt":"2026-03-23T15:06:21","guid":{"rendered":"https:\/\/purehivehoney.com\/de\/product\/apiformes-classic-double-sieve-diameter-24-cm-honey-strainer-stainless-steel-honey-harvesting-honey-7-beekeeping-supplies-apiary\/"},"modified":"2026-03-23T15:06:26","modified_gmt":"2026-03-23T15:06:26","slug":"apiformes-classic-double-sieve-diameter-24-cm-honey-strainer-stainless-steel-honey-harvesting-honey-7-beekeeping-supplies-apiary","status":"publish","type":"product","link":"https:\/\/purehivehoney.com\/de\/product\/apiformes-classic-double-sieve-diameter-24-cm-honey-strainer-stainless-steel-honey-harvesting-honey-7-beekeeping-supplies-apiary\/","title":{"rendered":"Apiformes Classic Double Sieve Diam..."},"content":{"rendered":"<p>    <span>The APIFORMES honey stirrer with scouring guard is an innovative tool for beekeepers designed to stir honey gently and evenly. Made of stainless steel welded on both sides, the stirring rod has two fixed, opposite and rounded mixing blades with a diameter of 10 cm and a sturdy round rod (diameter 12 mm). Additional stainless steel rings effectively protect the round wings. <\/span><br \/><span>With a total length of 59 cm and an integrated triangular socket for conventional drill chuck, this stirring rod offers optimal functionality. The sophisticated design guarantees even mixing of the honey. <\/span><br \/><span>Product Features: <\/span><\/p>\n<ul class=\"a-unordered-list a-vertical\">\n<li><span class=\"a-list-item\"><span>Material: rust-proof stainless steel. <\/span><\/span><\/li>\n<li><span class=\"a-list-item\"><span>Mixing blades: 2 opposite rounded, welded blades on both sides (diameter 10 cm), <\/span><\/span><\/li>\n<li><span class=\"a-list-item\"><span>Round rod: diameter 12 mm. <\/span><\/span><\/li>\n<li><span class=\"a-list-item\"><span>Length: 59 cm <\/span><\/span><\/li>\n<li><span class=\"a-list-item\"><span>Triangular socket for drill chuck. <\/span><\/span><\/li>\n<li><span class=\"a-list-item\"><span>Additional round wing protection thanks to stainless steel rings. <\/span><\/span><\/li>\n<li><span class=\"a-list-item\"><span>Made in Germany. <\/span><\/span><\/li>\n<\/ul>\n<p><span>Optimise your honey harvest with the APIFORMES Honey Stirrer &#8211; a reliable, durable tool that allows you to process honey efficiently and gently. If you have any questions, our competent team is always at your disposal. <\/span><br \/>THE BEST FOR BEEMBERS: Our honey stirrer with scouring guard allows for even stirring of the honey.<br \/>High-quality materials: made of stainless steel welded on both sides with two firm, opposite and rounded mixing blades as well as additional round wing protection thanks to stainless steel rings for maximum stability and durability.<br \/>Product information: with a length of 59 cm, mixing blades with a diameter of 10 cm and a round rod of 12 mm, this stirrer also offers a triangular holder for conventional drill chucks &#8211; Made in Germany.<br \/>IMPORTANT NOTE: Please note that this stirrer is specially designed for stirring honey. Regular cleaning is recommended to ensure optimal functioning.<br \/>About us: APIFORMES is a young, purposeful family business that attaches great importance to quality, sustainability and customer satisfaction. Our products are also made in Germany and impress with their functionality and durability.<\/p>\n\n","protected":false},"excerpt":{"rendered":"<p>The APIFORMES honey stirrer with scouring guard is an innovative tool for beekeepers designed to stir honey gently and evenly. Made of stainless steel welded on both sides, the stirring rod has two fixed, opposite and rounded mixing blades with a diameter of 10 cm and a sturdy round rod (diameter 12 mm). Additional stainless [&hellip;]<\/p>\n","protected":false},"featured_media":2072,"comment_status":"open","ping_status":"closed","template":"","meta":{"_aipt_faq_data":""},"store":[],"product_brand":[],"product_cat":[42],"product_tag":[322],"class_list":{"0":"post-2071","1":"product","2":"type-product","3":"status-publish","4":"has-post-thumbnail","6":"product_cat-wildblutenhonig","7":"product_tag-handgeruehrter-wildbluetenhonig","9":"first","10":"instock","11":"shipping-taxable","12":"product-type-external"},"yoast_head":"<!-- This site is optimized with the Yoast SEO plugin v27.4 - https:\/\/yoast.com\/product\/yoast-seo-wordpress\/ -->\n<title>Apiformes Classic Double Sieve Diameter 24 cm Honey Strainer | Stainless Steel | Honey Harvesting | Honey 7 | Beekeeping Supplies | Apiary - PureHiveHoney<\/title>\n<meta name=\"description\" content=\"Entdecken Sie hochwertigen Rohhonig, Bio Honig, Manuka Honig und nat\u00fcrliche Bienenprodukte. PureHiveHoney hilft Ihnen dabei, sorgf\u00e4ltig ausgew\u00e4hlte Honigsorten mit nat\u00fcrlicher Qualit\u00e4t und Reinheit zu entdecken.\" \/>\n<meta name=\"robots\" content=\"index, follow, max-snippet:-1, max-image-preview:large, max-video-preview:-1\" \/>\n<link rel=\"canonical\" href=\"https:\/\/purehivehoney.com\/de\/product\/apiformes-classic-double-sieve-diameter-24-cm-honey-strainer-stainless-steel-honey-harvesting-honey-7-beekeeping-supplies-apiary\/\" \/>\n<meta property=\"og:locale\" content=\"de_DE\" \/>\n<meta property=\"og:type\" content=\"article\" \/>\n<meta property=\"og:title\" content=\"Apiformes Classic Double Sieve Diameter 24 cm Honey Strainer | Stainless Steel | Honey Harvesting | Honey 7 | Beekeeping Supplies | Apiary - PureHiveHoney\" \/>\n<meta property=\"og:description\" content=\"Entdecken Sie hochwertigen Rohhonig, Bio Honig, Manuka Honig und nat\u00fcrliche Bienenprodukte. PureHiveHoney hilft Ihnen dabei, sorgf\u00e4ltig ausgew\u00e4hlte Honigsorten mit nat\u00fcrlicher Qualit\u00e4t und Reinheit zu entdecken.\" \/>\n<meta property=\"og:url\" content=\"https:\/\/purehivehoney.com\/de\/product\/apiformes-classic-double-sieve-diameter-24-cm-honey-strainer-stainless-steel-honey-harvesting-honey-7-beekeeping-supplies-apiary\/\" \/>\n<meta property=\"og:site_name\" content=\"PureHiveHoney\" \/>\n<meta property=\"article:modified_time\" content=\"2026-03-23T15:06:26+00:00\" \/>\n<meta name=\"twitter:card\" content=\"summary_large_image\" \/>\n<meta name=\"twitter:label1\" content=\"Gesch\u00e4tzte Lesezeit\" \/>\n\t<meta name=\"twitter:data1\" content=\"2\u00a0Minuten\" \/>\n<script type=\"application\/ld+json\" class=\"yoast-schema-graph\">{\"@context\":\"https:\\\/\\\/schema.org\",\"@graph\":[{\"@type\":\"WebPage\",\"@id\":\"https:\\\/\\\/purehivehoney.com\\\/de\\\/product\\\/apiformes-classic-double-sieve-diameter-24-cm-honey-strainer-stainless-steel-honey-harvesting-honey-7-beekeeping-supplies-apiary\\\/\",\"url\":\"https:\\\/\\\/purehivehoney.com\\\/de\\\/product\\\/apiformes-classic-double-sieve-diameter-24-cm-honey-strainer-stainless-steel-honey-harvesting-honey-7-beekeeping-supplies-apiary\\\/\",\"name\":\"Apiformes Classic Double Sieve Diameter 24 cm Honey Strainer | Stainless Steel | Honey Harvesting | Honey 7 | Beekeeping Supplies | Apiary - PureHiveHoney\",\"isPartOf\":{\"@id\":\"https:\\\/\\\/purehivehoney.com\\\/de\\\/#website\"},\"primaryImageOfPage\":{\"@id\":\"https:\\\/\\\/purehivehoney.com\\\/de\\\/product\\\/apiformes-classic-double-sieve-diameter-24-cm-honey-strainer-stainless-steel-honey-harvesting-honey-7-beekeeping-supplies-apiary\\\/#primaryimage\"},\"image\":{\"@id\":\"https:\\\/\\\/purehivehoney.com\\\/de\\\/product\\\/apiformes-classic-double-sieve-diameter-24-cm-honey-strainer-stainless-steel-honey-harvesting-honey-7-beekeeping-supplies-apiary\\\/#primaryimage\"},\"thumbnailUrl\":\"https:\\\/\\\/purehivehoney.com\\\/de\\\/wp-content\\\/uploads\\\/2026\\\/03\\\/61zc7mklbqL._SL1500_.jpg\",\"datePublished\":\"2026-03-23T15:06:21+00:00\",\"dateModified\":\"2026-03-23T15:06:26+00:00\",\"description\":\"Entdecken Sie hochwertigen Rohhonig, Bio Honig, Manuka Honig und nat\u00fcrliche Bienenprodukte. PureHiveHoney hilft Ihnen dabei, sorgf\u00e4ltig ausgew\u00e4hlte Honigsorten mit nat\u00fcrlicher Qualit\u00e4t und Reinheit zu entdecken.\",\"breadcrumb\":{\"@id\":\"https:\\\/\\\/purehivehoney.com\\\/de\\\/product\\\/apiformes-classic-double-sieve-diameter-24-cm-honey-strainer-stainless-steel-honey-harvesting-honey-7-beekeeping-supplies-apiary\\\/#breadcrumb\"},\"inLanguage\":\"de\",\"potentialAction\":[{\"@type\":\"ReadAction\",\"target\":[\"https:\\\/\\\/purehivehoney.com\\\/de\\\/product\\\/apiformes-classic-double-sieve-diameter-24-cm-honey-strainer-stainless-steel-honey-harvesting-honey-7-beekeeping-supplies-apiary\\\/\"]}]},{\"@type\":\"ImageObject\",\"inLanguage\":\"de\",\"@id\":\"https:\\\/\\\/purehivehoney.com\\\/de\\\/product\\\/apiformes-classic-double-sieve-diameter-24-cm-honey-strainer-stainless-steel-honey-harvesting-honey-7-beekeeping-supplies-apiary\\\/#primaryimage\",\"url\":\"https:\\\/\\\/purehivehoney.com\\\/de\\\/wp-content\\\/uploads\\\/2026\\\/03\\\/61zc7mklbqL._SL1500_.jpg\",\"contentUrl\":\"https:\\\/\\\/purehivehoney.com\\\/de\\\/wp-content\\\/uploads\\\/2026\\\/03\\\/61zc7mklbqL._SL1500_.jpg\",\"width\":1500,\"height\":1125},{\"@type\":\"BreadcrumbList\",\"@id\":\"https:\\\/\\\/purehivehoney.com\\\/de\\\/product\\\/apiformes-classic-double-sieve-diameter-24-cm-honey-strainer-stainless-steel-honey-harvesting-honey-7-beekeeping-supplies-apiary\\\/#breadcrumb\",\"itemListElement\":[{\"@type\":\"ListItem\",\"position\":1,\"name\":\"Home\",\"item\":\"https:\\\/\\\/purehivehoney.com\\\/de\\\/\"},{\"@type\":\"ListItem\",\"position\":2,\"name\":\"Shop\",\"item\":\"https:\\\/\\\/purehivehoney.com\\\/de\\\/shop\\\/\"},{\"@type\":\"ListItem\",\"position\":3,\"name\":\"Apiformes Classic Double Sieve Diam...\"}]},{\"@type\":\"WebSite\",\"@id\":\"https:\\\/\\\/purehivehoney.com\\\/de\\\/#website\",\"url\":\"https:\\\/\\\/purehivehoney.com\\\/de\\\/\",\"name\":\"PureHiveHoney\",\"description\":\"Reiner Honig &amp; Bienenprodukte Online | Rohhonig, Bio Honig &amp; Spezialhonig\",\"publisher\":{\"@id\":\"https:\\\/\\\/purehivehoney.com\\\/de\\\/#organization\"},\"potentialAction\":[{\"@type\":\"SearchAction\",\"target\":{\"@type\":\"EntryPoint\",\"urlTemplate\":\"https:\\\/\\\/purehivehoney.com\\\/de\\\/?s={search_term_string}\"},\"query-input\":{\"@type\":\"PropertyValueSpecification\",\"valueRequired\":true,\"valueName\":\"search_term_string\"}}],\"inLanguage\":\"de\"},{\"@type\":\"Organization\",\"@id\":\"https:\\\/\\\/purehivehoney.com\\\/de\\\/#organization\",\"name\":\"PureHiveHoney\",\"url\":\"https:\\\/\\\/purehivehoney.com\\\/de\\\/\",\"logo\":{\"@type\":\"ImageObject\",\"inLanguage\":\"de\",\"@id\":\"https:\\\/\\\/purehivehoney.com\\\/de\\\/#\\\/schema\\\/logo\\\/image\\\/\",\"url\":\"https:\\\/\\\/purehivehoney.com\\\/de\\\/wp-content\\\/uploads\\\/2026\\\/03\\\/Screenshot-2026-03-16-at-1.06.01-AM.png\",\"contentUrl\":\"https:\\\/\\\/purehivehoney.com\\\/de\\\/wp-content\\\/uploads\\\/2026\\\/03\\\/Screenshot-2026-03-16-at-1.06.01-AM.png\",\"width\":2112,\"height\":1086,\"caption\":\"PureHiveHoney\"},\"image\":{\"@id\":\"https:\\\/\\\/purehivehoney.com\\\/de\\\/#\\\/schema\\\/logo\\\/image\\\/\"}}]}<\/script>\n<!-- \/ Yoast SEO plugin. -->","yoast_head_json":{"title":"Apiformes Classic Double Sieve Diameter 24 cm Honey Strainer | Stainless Steel | Honey Harvesting | Honey 7 | Beekeeping Supplies | Apiary - PureHiveHoney","description":"Entdecken Sie hochwertigen Rohhonig, Bio Honig, Manuka Honig und nat\u00fcrliche Bienenprodukte. PureHiveHoney hilft Ihnen dabei, sorgf\u00e4ltig ausgew\u00e4hlte Honigsorten mit nat\u00fcrlicher Qualit\u00e4t und Reinheit zu entdecken.","robots":{"index":"index","follow":"follow","max-snippet":"max-snippet:-1","max-image-preview":"max-image-preview:large","max-video-preview":"max-video-preview:-1"},"canonical":"https:\/\/purehivehoney.com\/de\/product\/apiformes-classic-double-sieve-diameter-24-cm-honey-strainer-stainless-steel-honey-harvesting-honey-7-beekeeping-supplies-apiary\/","og_locale":"de_DE","og_type":"article","og_title":"Apiformes Classic Double Sieve Diameter 24 cm Honey Strainer | Stainless Steel | Honey Harvesting | Honey 7 | Beekeeping Supplies | Apiary - PureHiveHoney","og_description":"Entdecken Sie hochwertigen Rohhonig, Bio Honig, Manuka Honig und nat\u00fcrliche Bienenprodukte. PureHiveHoney hilft Ihnen dabei, sorgf\u00e4ltig ausgew\u00e4hlte Honigsorten mit nat\u00fcrlicher Qualit\u00e4t und Reinheit zu entdecken.","og_url":"https:\/\/purehivehoney.com\/de\/product\/apiformes-classic-double-sieve-diameter-24-cm-honey-strainer-stainless-steel-honey-harvesting-honey-7-beekeeping-supplies-apiary\/","og_site_name":"PureHiveHoney","article_modified_time":"2026-03-23T15:06:26+00:00","twitter_card":"summary_large_image","twitter_misc":{"Gesch\u00e4tzte Lesezeit":"2\u00a0Minuten"},"schema":{"@context":"https:\/\/schema.org","@graph":[{"@type":"WebPage","@id":"https:\/\/purehivehoney.com\/de\/product\/apiformes-classic-double-sieve-diameter-24-cm-honey-strainer-stainless-steel-honey-harvesting-honey-7-beekeeping-supplies-apiary\/","url":"https:\/\/purehivehoney.com\/de\/product\/apiformes-classic-double-sieve-diameter-24-cm-honey-strainer-stainless-steel-honey-harvesting-honey-7-beekeeping-supplies-apiary\/","name":"Apiformes Classic Double Sieve Diameter 24 cm Honey Strainer | Stainless Steel | Honey Harvesting | Honey 7 | Beekeeping Supplies | Apiary - PureHiveHoney","isPartOf":{"@id":"https:\/\/purehivehoney.com\/de\/#website"},"primaryImageOfPage":{"@id":"https:\/\/purehivehoney.com\/de\/product\/apiformes-classic-double-sieve-diameter-24-cm-honey-strainer-stainless-steel-honey-harvesting-honey-7-beekeeping-supplies-apiary\/#primaryimage"},"image":{"@id":"https:\/\/purehivehoney.com\/de\/product\/apiformes-classic-double-sieve-diameter-24-cm-honey-strainer-stainless-steel-honey-harvesting-honey-7-beekeeping-supplies-apiary\/#primaryimage"},"thumbnailUrl":"https:\/\/purehivehoney.com\/de\/wp-content\/uploads\/2026\/03\/61zc7mklbqL._SL1500_.jpg","datePublished":"2026-03-23T15:06:21+00:00","dateModified":"2026-03-23T15:06:26+00:00","description":"Entdecken Sie hochwertigen Rohhonig, Bio Honig, Manuka Honig und nat\u00fcrliche Bienenprodukte. PureHiveHoney hilft Ihnen dabei, sorgf\u00e4ltig ausgew\u00e4hlte Honigsorten mit nat\u00fcrlicher Qualit\u00e4t und Reinheit zu entdecken.","breadcrumb":{"@id":"https:\/\/purehivehoney.com\/de\/product\/apiformes-classic-double-sieve-diameter-24-cm-honey-strainer-stainless-steel-honey-harvesting-honey-7-beekeeping-supplies-apiary\/#breadcrumb"},"inLanguage":"de","potentialAction":[{"@type":"ReadAction","target":["https:\/\/purehivehoney.com\/de\/product\/apiformes-classic-double-sieve-diameter-24-cm-honey-strainer-stainless-steel-honey-harvesting-honey-7-beekeeping-supplies-apiary\/"]}]},{"@type":"ImageObject","inLanguage":"de","@id":"https:\/\/purehivehoney.com\/de\/product\/apiformes-classic-double-sieve-diameter-24-cm-honey-strainer-stainless-steel-honey-harvesting-honey-7-beekeeping-supplies-apiary\/#primaryimage","url":"https:\/\/purehivehoney.com\/de\/wp-content\/uploads\/2026\/03\/61zc7mklbqL._SL1500_.jpg","contentUrl":"https:\/\/purehivehoney.com\/de\/wp-content\/uploads\/2026\/03\/61zc7mklbqL._SL1500_.jpg","width":1500,"height":1125},{"@type":"BreadcrumbList","@id":"https:\/\/purehivehoney.com\/de\/product\/apiformes-classic-double-sieve-diameter-24-cm-honey-strainer-stainless-steel-honey-harvesting-honey-7-beekeeping-supplies-apiary\/#breadcrumb","itemListElement":[{"@type":"ListItem","position":1,"name":"Home","item":"https:\/\/purehivehoney.com\/de\/"},{"@type":"ListItem","position":2,"name":"Shop","item":"https:\/\/purehivehoney.com\/de\/shop\/"},{"@type":"ListItem","position":3,"name":"Apiformes Classic Double Sieve Diam..."}]},{"@type":"WebSite","@id":"https:\/\/purehivehoney.com\/de\/#website","url":"https:\/\/purehivehoney.com\/de\/","name":"PureHiveHoney","description":"Reiner Honig &amp; Bienenprodukte Online | Rohhonig, Bio Honig &amp; Spezialhonig","publisher":{"@id":"https:\/\/purehivehoney.com\/de\/#organization"},"potentialAction":[{"@type":"SearchAction","target":{"@type":"EntryPoint","urlTemplate":"https:\/\/purehivehoney.com\/de\/?s={search_term_string}"},"query-input":{"@type":"PropertyValueSpecification","valueRequired":true,"valueName":"search_term_string"}}],"inLanguage":"de"},{"@type":"Organization","@id":"https:\/\/purehivehoney.com\/de\/#organization","name":"PureHiveHoney","url":"https:\/\/purehivehoney.com\/de\/","logo":{"@type":"ImageObject","inLanguage":"de","@id":"https:\/\/purehivehoney.com\/de\/#\/schema\/logo\/image\/","url":"https:\/\/purehivehoney.com\/de\/wp-content\/uploads\/2026\/03\/Screenshot-2026-03-16-at-1.06.01-AM.png","contentUrl":"https:\/\/purehivehoney.com\/de\/wp-content\/uploads\/2026\/03\/Screenshot-2026-03-16-at-1.06.01-AM.png","width":2112,"height":1086,"caption":"PureHiveHoney"},"image":{"@id":"https:\/\/purehivehoney.com\/de\/#\/schema\/logo\/image\/"}}]}},"_links":{"self":[{"href":"https:\/\/purehivehoney.com\/de\/wp-json\/wp\/v2\/product\/2071","targetHints":{"allow":["GET"]}}],"collection":[{"href":"https:\/\/purehivehoney.com\/de\/wp-json\/wp\/v2\/product"}],"about":[{"href":"https:\/\/purehivehoney.com\/de\/wp-json\/wp\/v2\/types\/product"}],"replies":[{"embeddable":true,"href":"https:\/\/purehivehoney.com\/de\/wp-json\/wp\/v2\/comments?post=2071"}],"wp:featuredmedia":[{"embeddable":true,"href":"https:\/\/purehivehoney.com\/de\/wp-json\/wp\/v2\/media\/2072"}],"wp:attachment":[{"href":"https:\/\/purehivehoney.com\/de\/wp-json\/wp\/v2\/media?parent=2071"}],"wp:term":[{"taxonomy":"store","embeddable":true,"href":"https:\/\/purehivehoney.com\/de\/wp-json\/wp\/v2\/store?post=2071"},{"taxonomy":"product_brand","embeddable":true,"href":"https:\/\/purehivehoney.com\/de\/wp-json\/wp\/v2\/product_brand?post=2071"},{"taxonomy":"product_cat","embeddable":true,"href":"https:\/\/purehivehoney.com\/de\/wp-json\/wp\/v2\/product_cat?post=2071"},{"taxonomy":"product_tag","embeddable":true,"href":"https:\/\/purehivehoney.com\/de\/wp-json\/wp\/v2\/product_tag?post=2071"}],"curies":[{"name":"wp","href":"https:\/\/api.w.org\/{rel}","templated":true}]}}