{"id":2036,"date":"2026-03-20T20:49:04","date_gmt":"2026-03-20T20:49:04","guid":{"rendered":"https:\/\/purehivehoney.com\/de\/product\/erlbacher-honighaus-biogold-organic-flower-honey-500-g-creamy-aromatic-full-mouth-and-fine-creamy-honey-from-ecological-beekeeping-1-x-500-g\/"},"modified":"2026-03-20T20:49:16","modified_gmt":"2026-03-20T20:49:16","slug":"erlbacher-honighaus-biogold-organic-flower-honey-500-g-creamy-aromatic-full-mouth-and-fine-creamy-honey-from-ecological-beekeeping-1-x-500-g","status":"publish","type":"product","link":"https:\/\/purehivehoney.com\/de\/product\/erlbacher-honighaus-biogold-organic-flower-honey-500-g-creamy-aromatic-full-mouth-and-fine-creamy-honey-from-ecological-beekeeping-1-x-500-g\/","title":{"rendered":"Erlbacher Honighaus BioGold Organic..."},"content":{"rendered":"<p>    <span>For lovers of creamy honey, the bees collect the nectar in a sea of colourful flowers from spring to mid-summer. By selecting the right location and harvest time, the beekeeper determines which nectar the bees enter and thus also how quickly and how finely a honey crystallizes.<\/span>    <br \/> Product Dimensions                                            \u200f                                            :                                            \u200e                                            8.2 x 8.2 x 10.2 cm; 500 g   <br \/> Manufacturer                                            \u200f                                            :                                            \u200e                                            Erlbacher Honighaus   <br \/> ASIN                                            \u200f                                            :                                            \u200e                                            B00NSLEH66   <br \/> Item model number                                            \u200f                                            :                                            \u200e                                            6221   <br \/>  Customer reviews:                                                                                            4.5               4.5 out of 5 stars                                  (454)                                              var dpAcrHasRegisteredArcLinkClickAction;                    P.when(&#8218;A&#8216;, &#8218;ready&#8216;).execute(function(A) {                        if (dpAcrHasRegisteredArcLinkClickAction !== true) {                            dpAcrHasRegisteredArcLinkClickAction = true;                            A.declarative(                                &#8218;acrLink-click-metrics&#8216;, &#8218;click&#8216;,                                { &#8222;allowLinkDefault&#8220;: true },                                function (event) {                                    if (window.ue) {                                        ue.count(&#8222;acrLinkClickCount&#8220;, (ue.count(&#8222;acrLinkClickCount&#8220;) || 0) + 1);                                    }                                }                            );                        }                    });                                             P.when(&#8218;A&#8216;, &#8218;cf&#8216;).execute(function(A) {                A.declarative(&#8218;acrStarsLink-click-metrics&#8216;, &#8218;click&#8216;, { &#8222;allowLinkDefault&#8220; : true },  function(event){                    if(window.ue) {                        ue.count(&#8222;acrStarsLinkWithPopoverClickCount&#8220;, (ue.count(&#8222;acrStarsLinkWithPopoverClickCount&#8220;) || 0) + 1);                    }                });            });                          <br \/>RELIABLE. Valuable. Ecological &#8211; Fine creamy organic flower honey from the large nectar variety of lush fragrant flowers in summer &#8211; with weird, floral character from controlled ecological beekeeping.<br \/>Delicious &#8211; Our popular organic honey for every day as a practical family size in a 500 g glass. Its delicately creamy consistency makes this mild honey the ideal bread spread.<br \/>Authentic \u2013 Autenthisch, traditional variety honeys for nature-conscious honey lovers.<br \/>&#8222;HERKUNFT &#8211; Bio-Honige aus dem Erlbacher Honighaus werden ausschlie\u00dflich in \u00f6kologisch wirtschaftenden Betrieben geimkert, die sich den strengen Pr\u00fcfungen der \u00d6koKontrollstellen unterziehen. Organic beekeepers are obliged not to use bee medicines and feed the bees with their own honey in winter. The location must be selected so that a sufficient minimum distance from agricultural intensive crops is maintained. This is how this unique, tasty natural product is created<\/p>\n\n","protected":false},"excerpt":{"rendered":"<p>For lovers of creamy honey, the bees collect the nectar in a sea of colourful flowers from spring to mid-summer. By selecting the right location and harvest time, the beekeeper determines which nectar the bees enter and thus also how quickly and how finely a honey crystallizes. Product Dimensions \u200f : \u200e 8.2 x 8.2 [&hellip;]<\/p>\n","protected":false},"featured_media":2037,"comment_status":"open","ping_status":"closed","template":"","meta":{"_aipt_faq_data":""},"store":[],"product_brand":[316],"product_cat":[48],"product_tag":[315],"class_list":{"0":"post-2036","1":"product","2":"type-product","3":"status-publish","4":"has-post-thumbnail","6":"product_brand-erlbacher-honighaus","7":"product_cat-buchweizenhonig","8":"product_tag-buchweizenhonig-glas-500g","10":"first","11":"instock","12":"shipping-taxable","13":"product-type-external"},"yoast_head":"<!-- This site is optimized with the Yoast SEO plugin v27.4 - https:\/\/yoast.com\/product\/yoast-seo-wordpress\/ -->\n<title>Erlbacher Honighaus BioGold Organic Flower Honey 500 g Creamy Aromatic Full-Mouth and Fine Creamy Honey from Ecological Beekeeping (1 x 500 g) - PureHiveHoney<\/title>\n<meta name=\"description\" content=\"Entdecken Sie hochwertigen Rohhonig, Bio Honig, Manuka Honig und nat\u00fcrliche Bienenprodukte. PureHiveHoney hilft Ihnen dabei, sorgf\u00e4ltig ausgew\u00e4hlte Honigsorten mit nat\u00fcrlicher Qualit\u00e4t und Reinheit zu entdecken.\" \/>\n<meta name=\"robots\" content=\"index, follow, max-snippet:-1, max-image-preview:large, max-video-preview:-1\" \/>\n<link rel=\"canonical\" href=\"https:\/\/purehivehoney.com\/de\/product\/erlbacher-honighaus-biogold-organic-flower-honey-500-g-creamy-aromatic-full-mouth-and-fine-creamy-honey-from-ecological-beekeeping-1-x-500-g\/\" \/>\n<meta property=\"og:locale\" content=\"de_DE\" \/>\n<meta property=\"og:type\" content=\"article\" \/>\n<meta property=\"og:title\" content=\"Erlbacher Honighaus BioGold Organic Flower Honey 500 g Creamy Aromatic Full-Mouth and Fine Creamy Honey from Ecological Beekeeping (1 x 500 g) - PureHiveHoney\" \/>\n<meta property=\"og:description\" content=\"Entdecken Sie hochwertigen Rohhonig, Bio Honig, Manuka Honig und nat\u00fcrliche Bienenprodukte. PureHiveHoney hilft Ihnen dabei, sorgf\u00e4ltig ausgew\u00e4hlte Honigsorten mit nat\u00fcrlicher Qualit\u00e4t und Reinheit zu entdecken.\" \/>\n<meta property=\"og:url\" content=\"https:\/\/purehivehoney.com\/de\/product\/erlbacher-honighaus-biogold-organic-flower-honey-500-g-creamy-aromatic-full-mouth-and-fine-creamy-honey-from-ecological-beekeeping-1-x-500-g\/\" \/>\n<meta property=\"og:site_name\" content=\"PureHiveHoney\" \/>\n<meta property=\"article:modified_time\" content=\"2026-03-20T20:49:16+00:00\" \/>\n<meta name=\"twitter:card\" content=\"summary_large_image\" \/>\n<meta name=\"twitter:label1\" content=\"Gesch\u00e4tzte Lesezeit\" \/>\n\t<meta name=\"twitter:data1\" content=\"1\u00a0Minute\" \/>\n<script type=\"application\/ld+json\" class=\"yoast-schema-graph\">{\"@context\":\"https:\\\/\\\/schema.org\",\"@graph\":[{\"@type\":\"WebPage\",\"@id\":\"https:\\\/\\\/purehivehoney.com\\\/de\\\/product\\\/erlbacher-honighaus-biogold-organic-flower-honey-500-g-creamy-aromatic-full-mouth-and-fine-creamy-honey-from-ecological-beekeeping-1-x-500-g\\\/\",\"url\":\"https:\\\/\\\/purehivehoney.com\\\/de\\\/product\\\/erlbacher-honighaus-biogold-organic-flower-honey-500-g-creamy-aromatic-full-mouth-and-fine-creamy-honey-from-ecological-beekeeping-1-x-500-g\\\/\",\"name\":\"Erlbacher Honighaus BioGold Organic Flower Honey 500 g Creamy Aromatic Full-Mouth and Fine Creamy Honey from Ecological Beekeeping (1 x 500 g) - PureHiveHoney\",\"isPartOf\":{\"@id\":\"https:\\\/\\\/purehivehoney.com\\\/de\\\/#website\"},\"primaryImageOfPage\":{\"@id\":\"https:\\\/\\\/purehivehoney.com\\\/de\\\/product\\\/erlbacher-honighaus-biogold-organic-flower-honey-500-g-creamy-aromatic-full-mouth-and-fine-creamy-honey-from-ecological-beekeeping-1-x-500-g\\\/#primaryimage\"},\"image\":{\"@id\":\"https:\\\/\\\/purehivehoney.com\\\/de\\\/product\\\/erlbacher-honighaus-biogold-organic-flower-honey-500-g-creamy-aromatic-full-mouth-and-fine-creamy-honey-from-ecological-beekeeping-1-x-500-g\\\/#primaryimage\"},\"thumbnailUrl\":\"https:\\\/\\\/purehivehoney.com\\\/de\\\/wp-content\\\/uploads\\\/2026\\\/03\\\/81EJt4a6iUL._SL1500_.jpg\",\"datePublished\":\"2026-03-20T20:49:04+00:00\",\"dateModified\":\"2026-03-20T20:49:16+00:00\",\"description\":\"Entdecken Sie hochwertigen Rohhonig, Bio Honig, Manuka Honig und nat\u00fcrliche Bienenprodukte. PureHiveHoney hilft Ihnen dabei, sorgf\u00e4ltig ausgew\u00e4hlte Honigsorten mit nat\u00fcrlicher Qualit\u00e4t und Reinheit zu entdecken.\",\"breadcrumb\":{\"@id\":\"https:\\\/\\\/purehivehoney.com\\\/de\\\/product\\\/erlbacher-honighaus-biogold-organic-flower-honey-500-g-creamy-aromatic-full-mouth-and-fine-creamy-honey-from-ecological-beekeeping-1-x-500-g\\\/#breadcrumb\"},\"inLanguage\":\"de\",\"potentialAction\":[{\"@type\":\"ReadAction\",\"target\":[\"https:\\\/\\\/purehivehoney.com\\\/de\\\/product\\\/erlbacher-honighaus-biogold-organic-flower-honey-500-g-creamy-aromatic-full-mouth-and-fine-creamy-honey-from-ecological-beekeeping-1-x-500-g\\\/\"]}]},{\"@type\":\"ImageObject\",\"inLanguage\":\"de\",\"@id\":\"https:\\\/\\\/purehivehoney.com\\\/de\\\/product\\\/erlbacher-honighaus-biogold-organic-flower-honey-500-g-creamy-aromatic-full-mouth-and-fine-creamy-honey-from-ecological-beekeeping-1-x-500-g\\\/#primaryimage\",\"url\":\"https:\\\/\\\/purehivehoney.com\\\/de\\\/wp-content\\\/uploads\\\/2026\\\/03\\\/81EJt4a6iUL._SL1500_.jpg\",\"contentUrl\":\"https:\\\/\\\/purehivehoney.com\\\/de\\\/wp-content\\\/uploads\\\/2026\\\/03\\\/81EJt4a6iUL._SL1500_.jpg\",\"width\":1125,\"height\":1500},{\"@type\":\"BreadcrumbList\",\"@id\":\"https:\\\/\\\/purehivehoney.com\\\/de\\\/product\\\/erlbacher-honighaus-biogold-organic-flower-honey-500-g-creamy-aromatic-full-mouth-and-fine-creamy-honey-from-ecological-beekeeping-1-x-500-g\\\/#breadcrumb\",\"itemListElement\":[{\"@type\":\"ListItem\",\"position\":1,\"name\":\"Home\",\"item\":\"https:\\\/\\\/purehivehoney.com\\\/de\\\/\"},{\"@type\":\"ListItem\",\"position\":2,\"name\":\"Shop\",\"item\":\"https:\\\/\\\/purehivehoney.com\\\/de\\\/shop\\\/\"},{\"@type\":\"ListItem\",\"position\":3,\"name\":\"Erlbacher Honighaus BioGold Organic...\"}]},{\"@type\":\"WebSite\",\"@id\":\"https:\\\/\\\/purehivehoney.com\\\/de\\\/#website\",\"url\":\"https:\\\/\\\/purehivehoney.com\\\/de\\\/\",\"name\":\"PureHiveHoney\",\"description\":\"Reiner Honig &amp; Bienenprodukte Online | Rohhonig, Bio Honig &amp; Spezialhonig\",\"publisher\":{\"@id\":\"https:\\\/\\\/purehivehoney.com\\\/de\\\/#organization\"},\"potentialAction\":[{\"@type\":\"SearchAction\",\"target\":{\"@type\":\"EntryPoint\",\"urlTemplate\":\"https:\\\/\\\/purehivehoney.com\\\/de\\\/?s={search_term_string}\"},\"query-input\":{\"@type\":\"PropertyValueSpecification\",\"valueRequired\":true,\"valueName\":\"search_term_string\"}}],\"inLanguage\":\"de\"},{\"@type\":\"Organization\",\"@id\":\"https:\\\/\\\/purehivehoney.com\\\/de\\\/#organization\",\"name\":\"PureHiveHoney\",\"url\":\"https:\\\/\\\/purehivehoney.com\\\/de\\\/\",\"logo\":{\"@type\":\"ImageObject\",\"inLanguage\":\"de\",\"@id\":\"https:\\\/\\\/purehivehoney.com\\\/de\\\/#\\\/schema\\\/logo\\\/image\\\/\",\"url\":\"https:\\\/\\\/purehivehoney.com\\\/de\\\/wp-content\\\/uploads\\\/2026\\\/03\\\/Screenshot-2026-03-16-at-1.06.01-AM.png\",\"contentUrl\":\"https:\\\/\\\/purehivehoney.com\\\/de\\\/wp-content\\\/uploads\\\/2026\\\/03\\\/Screenshot-2026-03-16-at-1.06.01-AM.png\",\"width\":2112,\"height\":1086,\"caption\":\"PureHiveHoney\"},\"image\":{\"@id\":\"https:\\\/\\\/purehivehoney.com\\\/de\\\/#\\\/schema\\\/logo\\\/image\\\/\"}}]}<\/script>\n<!-- \/ Yoast SEO plugin. -->","yoast_head_json":{"title":"Erlbacher Honighaus BioGold Organic Flower Honey 500 g Creamy Aromatic Full-Mouth and Fine Creamy Honey from Ecological Beekeeping (1 x 500 g) - PureHiveHoney","description":"Entdecken Sie hochwertigen Rohhonig, Bio Honig, Manuka Honig und nat\u00fcrliche Bienenprodukte. PureHiveHoney hilft Ihnen dabei, sorgf\u00e4ltig ausgew\u00e4hlte Honigsorten mit nat\u00fcrlicher Qualit\u00e4t und Reinheit zu entdecken.","robots":{"index":"index","follow":"follow","max-snippet":"max-snippet:-1","max-image-preview":"max-image-preview:large","max-video-preview":"max-video-preview:-1"},"canonical":"https:\/\/purehivehoney.com\/de\/product\/erlbacher-honighaus-biogold-organic-flower-honey-500-g-creamy-aromatic-full-mouth-and-fine-creamy-honey-from-ecological-beekeeping-1-x-500-g\/","og_locale":"de_DE","og_type":"article","og_title":"Erlbacher Honighaus BioGold Organic Flower Honey 500 g Creamy Aromatic Full-Mouth and Fine Creamy Honey from Ecological Beekeeping (1 x 500 g) - PureHiveHoney","og_description":"Entdecken Sie hochwertigen Rohhonig, Bio Honig, Manuka Honig und nat\u00fcrliche Bienenprodukte. PureHiveHoney hilft Ihnen dabei, sorgf\u00e4ltig ausgew\u00e4hlte Honigsorten mit nat\u00fcrlicher Qualit\u00e4t und Reinheit zu entdecken.","og_url":"https:\/\/purehivehoney.com\/de\/product\/erlbacher-honighaus-biogold-organic-flower-honey-500-g-creamy-aromatic-full-mouth-and-fine-creamy-honey-from-ecological-beekeeping-1-x-500-g\/","og_site_name":"PureHiveHoney","article_modified_time":"2026-03-20T20:49:16+00:00","twitter_card":"summary_large_image","twitter_misc":{"Gesch\u00e4tzte Lesezeit":"1\u00a0Minute"},"schema":{"@context":"https:\/\/schema.org","@graph":[{"@type":"WebPage","@id":"https:\/\/purehivehoney.com\/de\/product\/erlbacher-honighaus-biogold-organic-flower-honey-500-g-creamy-aromatic-full-mouth-and-fine-creamy-honey-from-ecological-beekeeping-1-x-500-g\/","url":"https:\/\/purehivehoney.com\/de\/product\/erlbacher-honighaus-biogold-organic-flower-honey-500-g-creamy-aromatic-full-mouth-and-fine-creamy-honey-from-ecological-beekeeping-1-x-500-g\/","name":"Erlbacher Honighaus BioGold Organic Flower Honey 500 g Creamy Aromatic Full-Mouth and Fine Creamy Honey from Ecological Beekeeping (1 x 500 g) - PureHiveHoney","isPartOf":{"@id":"https:\/\/purehivehoney.com\/de\/#website"},"primaryImageOfPage":{"@id":"https:\/\/purehivehoney.com\/de\/product\/erlbacher-honighaus-biogold-organic-flower-honey-500-g-creamy-aromatic-full-mouth-and-fine-creamy-honey-from-ecological-beekeeping-1-x-500-g\/#primaryimage"},"image":{"@id":"https:\/\/purehivehoney.com\/de\/product\/erlbacher-honighaus-biogold-organic-flower-honey-500-g-creamy-aromatic-full-mouth-and-fine-creamy-honey-from-ecological-beekeeping-1-x-500-g\/#primaryimage"},"thumbnailUrl":"https:\/\/purehivehoney.com\/de\/wp-content\/uploads\/2026\/03\/81EJt4a6iUL._SL1500_.jpg","datePublished":"2026-03-20T20:49:04+00:00","dateModified":"2026-03-20T20:49:16+00:00","description":"Entdecken Sie hochwertigen Rohhonig, Bio Honig, Manuka Honig und nat\u00fcrliche Bienenprodukte. PureHiveHoney hilft Ihnen dabei, sorgf\u00e4ltig ausgew\u00e4hlte Honigsorten mit nat\u00fcrlicher Qualit\u00e4t und Reinheit zu entdecken.","breadcrumb":{"@id":"https:\/\/purehivehoney.com\/de\/product\/erlbacher-honighaus-biogold-organic-flower-honey-500-g-creamy-aromatic-full-mouth-and-fine-creamy-honey-from-ecological-beekeeping-1-x-500-g\/#breadcrumb"},"inLanguage":"de","potentialAction":[{"@type":"ReadAction","target":["https:\/\/purehivehoney.com\/de\/product\/erlbacher-honighaus-biogold-organic-flower-honey-500-g-creamy-aromatic-full-mouth-and-fine-creamy-honey-from-ecological-beekeeping-1-x-500-g\/"]}]},{"@type":"ImageObject","inLanguage":"de","@id":"https:\/\/purehivehoney.com\/de\/product\/erlbacher-honighaus-biogold-organic-flower-honey-500-g-creamy-aromatic-full-mouth-and-fine-creamy-honey-from-ecological-beekeeping-1-x-500-g\/#primaryimage","url":"https:\/\/purehivehoney.com\/de\/wp-content\/uploads\/2026\/03\/81EJt4a6iUL._SL1500_.jpg","contentUrl":"https:\/\/purehivehoney.com\/de\/wp-content\/uploads\/2026\/03\/81EJt4a6iUL._SL1500_.jpg","width":1125,"height":1500},{"@type":"BreadcrumbList","@id":"https:\/\/purehivehoney.com\/de\/product\/erlbacher-honighaus-biogold-organic-flower-honey-500-g-creamy-aromatic-full-mouth-and-fine-creamy-honey-from-ecological-beekeeping-1-x-500-g\/#breadcrumb","itemListElement":[{"@type":"ListItem","position":1,"name":"Home","item":"https:\/\/purehivehoney.com\/de\/"},{"@type":"ListItem","position":2,"name":"Shop","item":"https:\/\/purehivehoney.com\/de\/shop\/"},{"@type":"ListItem","position":3,"name":"Erlbacher Honighaus BioGold Organic..."}]},{"@type":"WebSite","@id":"https:\/\/purehivehoney.com\/de\/#website","url":"https:\/\/purehivehoney.com\/de\/","name":"PureHiveHoney","description":"Reiner Honig &amp; Bienenprodukte Online | Rohhonig, Bio Honig &amp; Spezialhonig","publisher":{"@id":"https:\/\/purehivehoney.com\/de\/#organization"},"potentialAction":[{"@type":"SearchAction","target":{"@type":"EntryPoint","urlTemplate":"https:\/\/purehivehoney.com\/de\/?s={search_term_string}"},"query-input":{"@type":"PropertyValueSpecification","valueRequired":true,"valueName":"search_term_string"}}],"inLanguage":"de"},{"@type":"Organization","@id":"https:\/\/purehivehoney.com\/de\/#organization","name":"PureHiveHoney","url":"https:\/\/purehivehoney.com\/de\/","logo":{"@type":"ImageObject","inLanguage":"de","@id":"https:\/\/purehivehoney.com\/de\/#\/schema\/logo\/image\/","url":"https:\/\/purehivehoney.com\/de\/wp-content\/uploads\/2026\/03\/Screenshot-2026-03-16-at-1.06.01-AM.png","contentUrl":"https:\/\/purehivehoney.com\/de\/wp-content\/uploads\/2026\/03\/Screenshot-2026-03-16-at-1.06.01-AM.png","width":2112,"height":1086,"caption":"PureHiveHoney"},"image":{"@id":"https:\/\/purehivehoney.com\/de\/#\/schema\/logo\/image\/"}}]}},"_links":{"self":[{"href":"https:\/\/purehivehoney.com\/de\/wp-json\/wp\/v2\/product\/2036","targetHints":{"allow":["GET"]}}],"collection":[{"href":"https:\/\/purehivehoney.com\/de\/wp-json\/wp\/v2\/product"}],"about":[{"href":"https:\/\/purehivehoney.com\/de\/wp-json\/wp\/v2\/types\/product"}],"replies":[{"embeddable":true,"href":"https:\/\/purehivehoney.com\/de\/wp-json\/wp\/v2\/comments?post=2036"}],"wp:featuredmedia":[{"embeddable":true,"href":"https:\/\/purehivehoney.com\/de\/wp-json\/wp\/v2\/media\/2037"}],"wp:attachment":[{"href":"https:\/\/purehivehoney.com\/de\/wp-json\/wp\/v2\/media?parent=2036"}],"wp:term":[{"taxonomy":"store","embeddable":true,"href":"https:\/\/purehivehoney.com\/de\/wp-json\/wp\/v2\/store?post=2036"},{"taxonomy":"product_brand","embeddable":true,"href":"https:\/\/purehivehoney.com\/de\/wp-json\/wp\/v2\/product_brand?post=2036"},{"taxonomy":"product_cat","embeddable":true,"href":"https:\/\/purehivehoney.com\/de\/wp-json\/wp\/v2\/product_cat?post=2036"},{"taxonomy":"product_tag","embeddable":true,"href":"https:\/\/purehivehoney.com\/de\/wp-json\/wp\/v2\/product_tag?post=2036"}],"curies":[{"name":"wp","href":"https:\/\/api.w.org\/{rel}","templated":true}]}}