{"id":2034,"date":"2026-03-20T04:42:52","date_gmt":"2026-03-20T04:42:52","guid":{"rendered":"https:\/\/purehivehoney.com\/de\/product\/frau-honig-frau-honig-und-das-glueck-der-kleinen-dinge-bestsellerreihe-fuer-fans-von-mary-poppins\/"},"modified":"2026-03-20T04:42:54","modified_gmt":"2026-03-20T04:42:54","slug":"frau-honig-frau-honig-und-das-glueck-der-kleinen-dinge-bestsellerreihe-fuer-fans-von-mary-poppins","status":"publish","type":"product","link":"https:\/\/purehivehoney.com\/de\/product\/frau-honig-frau-honig-und-das-glueck-der-kleinen-dinge-bestsellerreihe-fuer-fans-von-mary-poppins\/","title":{"rendered":"Frau Honig: Frau Honig und das Gl\u00fc..."},"content":{"rendered":"<p>Eine neue Geschichte mit Frau Honig f\u00fcr Kinder ab 8 Jahren.<\/p>\n<p>Das zauberhafte Kinderm\u00e4dchen\u00a0zieht in das Gartenhaus der Familie Kramer ein. Die braucht n\u00e4mlich dringend Hilfe, da die Mama von Leni, Tilda, Ida, Mo und Fee ihr sechstes Kind erwartet und ins Krankenhaus muss. Mit der Er\u00f6ffnung des kleinen Caf\u00e9s &#8222;Biene und Bohne&#8220; und dem Duft nach frischen Pl\u00e4tzchen und warmem Kuchen gewinnt sie im Nu die Herzen der Kinder. Aber nicht nur bei Familie Kramer, sondern in der ganzen Maigl\u00f6ckchenstra\u00dfe wirbelt Frau Honig mit ihren Bienen alles durcheinander, bis das Gl\u00fcck bei allen wieder einkehrt.\u00a0<\/p>\n<p>Ein zauberhaftes Kinderbuch f\u00fcr alle Fans von Mary Poppins\u00a0\u2013 und nat\u00fcrlich Frau Honig!<\/p>\n<p> <br \/>\n                                             From the brand   <\/p>\n<p>                                              <img decoding=\"async\" alt=\"\" src=\"https:\/\/images-na.ssl-images-amazon.com\/images\/G\/01\/x-locale\/common\/grey-pixel.gif\" class=\"a-lazy-loaded\" data-src=\"https:\/\/m.media-amazon.com\/images\/S\/aplus-media-library-service-media\/edd54e97-cf7a-4700-b4a8-885dd126723f.__CR0,0,1464,625_PT0_SX1464_V1___.png\"><img decoding=\"async\" alt=\"\" src=\"https:\/\/m.media-amazon.com\/images\/S\/aplus-media-library-service-media\/edd54e97-cf7a-4700-b4a8-885dd126723f.__CR0,0,1464,625_PT0_SX1464_V1___.png\">  <\/p>\n<h3> Das Beste f\u00fcr&#8217;s Osternest <\/h3>\n<p> Die sch\u00f6nsten Kinderb\u00fccher zu Ostern f\u00fcr Jungen und M\u00e4dchen ab 1 Jahr. Von echten Menschen geschrieben und gezeichnet. <\/p>\n<h3> S\u00fc\u00dfe Ostergeschenke <\/h3>\n<p class=\"apm-brand-story-stores-link\">\n<h3> &#8230;im Store entdecken! <\/h3>\n<p class=\"apm-brand-story-stores-link\">\n<p> ASIN                                            \u200f                                            :                                            \u200e                                                        B0BG638PRM       <br \/> Publisher                                            \u200f                                            :                                            \u200e                                                        Planet!       <br \/> Accessibility                                            \u200f                                            :                                            \u200e                                                                      Learn more          <br \/> Publication date                                            \u200f                                            :                                            \u200e                                                        29 Sept. 2022       <br \/> Edition                                            \u200f                                            :                                            \u200e                                                        1st       <br \/> Language                                            \u200f                                            :                                            \u200e                                            German   <br \/> File size                                            \u200f                                            :                                            \u200e                                                        9.4 MB       <br \/> Screen Reader                                            \u200f                                            :                                            \u200e                                                        Supported       <br \/> Enhanced typesetting                                            \u200f                                            :                                            \u200e                                                                     Enabled          <br \/> X-Ray                                            \u200f                                            :                                            \u200e                                                        Not Enabled       <br \/> Word Wise                                            \u200f                                            :                                            \u200e                                                                     Not Enabled          <br \/> Print length                                            \u200f                                            :                                            \u200e                                                                     225 pages          <br \/> ISBN-13                                            \u200f                                            :                                            \u200e                                                        978-3522655354       <br \/> Page Flip                                            \u200f                                            :                                            \u200e                                                                     Enabled          <br \/> Book 2 of 9                                            \u200f                                            :                                            \u200e                                                        Frau Honig       <br \/> Reading age                                            \u200f                                            :                                            \u200e                                            7 &#8211; 9 years, from customers   <br \/>       Best Sellers Rank:  54,090 in Kindle Store (See Top 100 in Kindle Store)    28 in Fiction About Family for Children   51 in Children&#8217;s Books on Family Life   118 in Children&#8217;s eBooks on Family Life      <br \/>  Customer reviews:                                                                                            4.8               4.8 out of 5 stars                                  (732)                                              var dpAcrHasRegisteredArcLinkClickAction;                    P.when(&#8218;A&#8216;, &#8218;ready&#8216;).execute(function(A) {                        if (dpAcrHasRegisteredArcLinkClickAction !== true) {                            dpAcrHasRegisteredArcLinkClickAction = true;                            A.declarative(                                &#8218;acrLink-click-metrics&#8216;, &#8218;click&#8216;,                                { &#8222;allowLinkDefault&#8220;: true },                                function (event) {                                    if (window.ue) {                                        ue.count(&#8222;acrLinkClickCount&#8220;, (ue.count(&#8222;acrLinkClickCount&#8220;) || 0) + 1);                                    }                                }                            );                        }                    });                                             P.when(&#8218;A&#8216;, &#8218;cf&#8216;).execute(function(A) {                A.declarative(&#8218;acrStarsLink-click-metrics&#8216;, &#8218;click&#8216;, { &#8222;allowLinkDefault&#8220; : true },  function(event){                    if(window.ue) {                        ue.count(&#8222;acrStarsLinkWithPopoverClickCount&#8220;, (ue.count(&#8222;acrStarsLinkWithPopoverClickCount&#8220;) || 0) + 1);                    }                });            });                          <br \/><\/p>\n","protected":false},"excerpt":{"rendered":"<p>Eine neue Geschichte mit Frau Honig f\u00fcr Kinder ab 8 Jahren. Das zauberhafte Kinderm\u00e4dchen\u00a0zieht in das Gartenhaus der Familie Kramer ein. Die braucht n\u00e4mlich dringend Hilfe, da die Mama von Leni, Tilda, Ida, Mo und Fee ihr sechstes Kind erwartet und ins Krankenhaus muss. Mit der Er\u00f6ffnung des kleinen Caf\u00e9s &#8222;Biene und Bohne&#8220; und dem [&hellip;]<\/p>\n","protected":false},"featured_media":2035,"comment_status":"open","ping_status":"closed","template":"","meta":{"_aipt_faq_data":""},"store":[],"product_brand":[],"product_cat":[57],"product_tag":[174],"class_list":{"0":"post-2034","1":"product","2":"type-product","3":"status-publish","4":"has-post-thumbnail","6":"product_cat-honigbutter","7":"product_tag-honigbutter-zum-fruehstueck","9":"first","10":"instock","11":"shipping-taxable","12":"product-type-external"},"yoast_head":"<!-- This site is optimized with the Yoast SEO plugin v27.4 - https:\/\/yoast.com\/product\/yoast-seo-wordpress\/ -->\n<title>Frau Honig: Frau Honig und das Gl\u00fcck der kleinen Dinge: Bestsellerreihe f\u00fcr Fans von Mary Poppins - PureHiveHoney<\/title>\n<meta name=\"description\" content=\"Entdecken Sie hochwertigen Rohhonig, Bio Honig, Manuka Honig und nat\u00fcrliche Bienenprodukte. PureHiveHoney hilft Ihnen dabei, sorgf\u00e4ltig ausgew\u00e4hlte Honigsorten mit nat\u00fcrlicher Qualit\u00e4t und Reinheit zu entdecken.\" \/>\n<meta name=\"robots\" content=\"index, follow, max-snippet:-1, max-image-preview:large, max-video-preview:-1\" \/>\n<link rel=\"canonical\" href=\"https:\/\/purehivehoney.com\/de\/product\/frau-honig-frau-honig-und-das-glueck-der-kleinen-dinge-bestsellerreihe-fuer-fans-von-mary-poppins\/\" \/>\n<meta property=\"og:locale\" content=\"de_DE\" \/>\n<meta property=\"og:type\" content=\"article\" \/>\n<meta property=\"og:title\" content=\"Frau Honig: Frau Honig und das Gl\u00fcck der kleinen Dinge: Bestsellerreihe f\u00fcr Fans von Mary Poppins - PureHiveHoney\" \/>\n<meta property=\"og:description\" content=\"Entdecken Sie hochwertigen Rohhonig, Bio Honig, Manuka Honig und nat\u00fcrliche Bienenprodukte. PureHiveHoney hilft Ihnen dabei, sorgf\u00e4ltig ausgew\u00e4hlte Honigsorten mit nat\u00fcrlicher Qualit\u00e4t und Reinheit zu entdecken.\" \/>\n<meta property=\"og:url\" content=\"https:\/\/purehivehoney.com\/de\/product\/frau-honig-frau-honig-und-das-glueck-der-kleinen-dinge-bestsellerreihe-fuer-fans-von-mary-poppins\/\" \/>\n<meta property=\"og:site_name\" content=\"PureHiveHoney\" \/>\n<meta property=\"article:modified_time\" content=\"2026-03-20T04:42:54+00:00\" \/>\n<meta property=\"og:image\" content=\"https:\/\/images-na.ssl-images-amazon.com\/images\/G\/01\/x-locale\/common\/grey-pixel.gif\" \/>\n<meta name=\"twitter:card\" content=\"summary_large_image\" \/>\n<meta name=\"twitter:label1\" content=\"Gesch\u00e4tzte Lesezeit\" \/>\n\t<meta name=\"twitter:data1\" content=\"1\u00a0Minute\" \/>\n<script type=\"application\/ld+json\" class=\"yoast-schema-graph\">{\"@context\":\"https:\\\/\\\/schema.org\",\"@graph\":[{\"@type\":\"WebPage\",\"@id\":\"https:\\\/\\\/purehivehoney.com\\\/de\\\/product\\\/frau-honig-frau-honig-und-das-glueck-der-kleinen-dinge-bestsellerreihe-fuer-fans-von-mary-poppins\\\/\",\"url\":\"https:\\\/\\\/purehivehoney.com\\\/de\\\/product\\\/frau-honig-frau-honig-und-das-glueck-der-kleinen-dinge-bestsellerreihe-fuer-fans-von-mary-poppins\\\/\",\"name\":\"Frau Honig: Frau Honig und das Gl\u00fcck der kleinen Dinge: Bestsellerreihe f\u00fcr Fans von Mary Poppins - PureHiveHoney\",\"isPartOf\":{\"@id\":\"https:\\\/\\\/purehivehoney.com\\\/de\\\/#website\"},\"primaryImageOfPage\":{\"@id\":\"https:\\\/\\\/purehivehoney.com\\\/de\\\/product\\\/frau-honig-frau-honig-und-das-glueck-der-kleinen-dinge-bestsellerreihe-fuer-fans-von-mary-poppins\\\/#primaryimage\"},\"image\":{\"@id\":\"https:\\\/\\\/purehivehoney.com\\\/de\\\/product\\\/frau-honig-frau-honig-und-das-glueck-der-kleinen-dinge-bestsellerreihe-fuer-fans-von-mary-poppins\\\/#primaryimage\"},\"thumbnailUrl\":\"https:\\\/\\\/purehivehoney.com\\\/de\\\/wp-content\\\/uploads\\\/2026\\\/03\\\/81r9Vuhfg0L._SL1500_.jpg\",\"datePublished\":\"2026-03-20T04:42:52+00:00\",\"dateModified\":\"2026-03-20T04:42:54+00:00\",\"description\":\"Entdecken Sie hochwertigen Rohhonig, Bio Honig, Manuka Honig und nat\u00fcrliche Bienenprodukte. PureHiveHoney hilft Ihnen dabei, sorgf\u00e4ltig ausgew\u00e4hlte Honigsorten mit nat\u00fcrlicher Qualit\u00e4t und Reinheit zu entdecken.\",\"breadcrumb\":{\"@id\":\"https:\\\/\\\/purehivehoney.com\\\/de\\\/product\\\/frau-honig-frau-honig-und-das-glueck-der-kleinen-dinge-bestsellerreihe-fuer-fans-von-mary-poppins\\\/#breadcrumb\"},\"inLanguage\":\"de\",\"potentialAction\":[{\"@type\":\"ReadAction\",\"target\":[\"https:\\\/\\\/purehivehoney.com\\\/de\\\/product\\\/frau-honig-frau-honig-und-das-glueck-der-kleinen-dinge-bestsellerreihe-fuer-fans-von-mary-poppins\\\/\"]}]},{\"@type\":\"ImageObject\",\"inLanguage\":\"de\",\"@id\":\"https:\\\/\\\/purehivehoney.com\\\/de\\\/product\\\/frau-honig-frau-honig-und-das-glueck-der-kleinen-dinge-bestsellerreihe-fuer-fans-von-mary-poppins\\\/#primaryimage\",\"url\":\"https:\\\/\\\/purehivehoney.com\\\/de\\\/wp-content\\\/uploads\\\/2026\\\/03\\\/81r9Vuhfg0L._SL1500_.jpg\",\"contentUrl\":\"https:\\\/\\\/purehivehoney.com\\\/de\\\/wp-content\\\/uploads\\\/2026\\\/03\\\/81r9Vuhfg0L._SL1500_.jpg\",\"width\":1054,\"height\":1500},{\"@type\":\"BreadcrumbList\",\"@id\":\"https:\\\/\\\/purehivehoney.com\\\/de\\\/product\\\/frau-honig-frau-honig-und-das-glueck-der-kleinen-dinge-bestsellerreihe-fuer-fans-von-mary-poppins\\\/#breadcrumb\",\"itemListElement\":[{\"@type\":\"ListItem\",\"position\":1,\"name\":\"Home\",\"item\":\"https:\\\/\\\/purehivehoney.com\\\/de\\\/\"},{\"@type\":\"ListItem\",\"position\":2,\"name\":\"Shop\",\"item\":\"https:\\\/\\\/purehivehoney.com\\\/de\\\/shop\\\/\"},{\"@type\":\"ListItem\",\"position\":3,\"name\":\"Frau Honig: Frau Honig und das Gl\u00fc...\"}]},{\"@type\":\"WebSite\",\"@id\":\"https:\\\/\\\/purehivehoney.com\\\/de\\\/#website\",\"url\":\"https:\\\/\\\/purehivehoney.com\\\/de\\\/\",\"name\":\"PureHiveHoney\",\"description\":\"Reiner Honig &amp; Bienenprodukte Online | Rohhonig, Bio Honig &amp; Spezialhonig\",\"publisher\":{\"@id\":\"https:\\\/\\\/purehivehoney.com\\\/de\\\/#organization\"},\"potentialAction\":[{\"@type\":\"SearchAction\",\"target\":{\"@type\":\"EntryPoint\",\"urlTemplate\":\"https:\\\/\\\/purehivehoney.com\\\/de\\\/?s={search_term_string}\"},\"query-input\":{\"@type\":\"PropertyValueSpecification\",\"valueRequired\":true,\"valueName\":\"search_term_string\"}}],\"inLanguage\":\"de\"},{\"@type\":\"Organization\",\"@id\":\"https:\\\/\\\/purehivehoney.com\\\/de\\\/#organization\",\"name\":\"PureHiveHoney\",\"url\":\"https:\\\/\\\/purehivehoney.com\\\/de\\\/\",\"logo\":{\"@type\":\"ImageObject\",\"inLanguage\":\"de\",\"@id\":\"https:\\\/\\\/purehivehoney.com\\\/de\\\/#\\\/schema\\\/logo\\\/image\\\/\",\"url\":\"https:\\\/\\\/purehivehoney.com\\\/de\\\/wp-content\\\/uploads\\\/2026\\\/03\\\/Screenshot-2026-03-16-at-1.06.01-AM.png\",\"contentUrl\":\"https:\\\/\\\/purehivehoney.com\\\/de\\\/wp-content\\\/uploads\\\/2026\\\/03\\\/Screenshot-2026-03-16-at-1.06.01-AM.png\",\"width\":2112,\"height\":1086,\"caption\":\"PureHiveHoney\"},\"image\":{\"@id\":\"https:\\\/\\\/purehivehoney.com\\\/de\\\/#\\\/schema\\\/logo\\\/image\\\/\"}}]}<\/script>\n<!-- \/ Yoast SEO plugin. -->","yoast_head_json":{"title":"Frau Honig: Frau Honig und das Gl\u00fcck der kleinen Dinge: Bestsellerreihe f\u00fcr Fans von Mary Poppins - PureHiveHoney","description":"Entdecken Sie hochwertigen Rohhonig, Bio Honig, Manuka Honig und nat\u00fcrliche Bienenprodukte. PureHiveHoney hilft Ihnen dabei, sorgf\u00e4ltig ausgew\u00e4hlte Honigsorten mit nat\u00fcrlicher Qualit\u00e4t und Reinheit zu entdecken.","robots":{"index":"index","follow":"follow","max-snippet":"max-snippet:-1","max-image-preview":"max-image-preview:large","max-video-preview":"max-video-preview:-1"},"canonical":"https:\/\/purehivehoney.com\/de\/product\/frau-honig-frau-honig-und-das-glueck-der-kleinen-dinge-bestsellerreihe-fuer-fans-von-mary-poppins\/","og_locale":"de_DE","og_type":"article","og_title":"Frau Honig: Frau Honig und das Gl\u00fcck der kleinen Dinge: Bestsellerreihe f\u00fcr Fans von Mary Poppins - PureHiveHoney","og_description":"Entdecken Sie hochwertigen Rohhonig, Bio Honig, Manuka Honig und nat\u00fcrliche Bienenprodukte. PureHiveHoney hilft Ihnen dabei, sorgf\u00e4ltig ausgew\u00e4hlte Honigsorten mit nat\u00fcrlicher Qualit\u00e4t und Reinheit zu entdecken.","og_url":"https:\/\/purehivehoney.com\/de\/product\/frau-honig-frau-honig-und-das-glueck-der-kleinen-dinge-bestsellerreihe-fuer-fans-von-mary-poppins\/","og_site_name":"PureHiveHoney","article_modified_time":"2026-03-20T04:42:54+00:00","og_image":[{"url":"https:\/\/images-na.ssl-images-amazon.com\/images\/G\/01\/x-locale\/common\/grey-pixel.gif","type":"","width":"","height":""}],"twitter_card":"summary_large_image","twitter_misc":{"Gesch\u00e4tzte Lesezeit":"1\u00a0Minute"},"schema":{"@context":"https:\/\/schema.org","@graph":[{"@type":"WebPage","@id":"https:\/\/purehivehoney.com\/de\/product\/frau-honig-frau-honig-und-das-glueck-der-kleinen-dinge-bestsellerreihe-fuer-fans-von-mary-poppins\/","url":"https:\/\/purehivehoney.com\/de\/product\/frau-honig-frau-honig-und-das-glueck-der-kleinen-dinge-bestsellerreihe-fuer-fans-von-mary-poppins\/","name":"Frau Honig: Frau Honig und das Gl\u00fcck der kleinen Dinge: Bestsellerreihe f\u00fcr Fans von Mary Poppins - PureHiveHoney","isPartOf":{"@id":"https:\/\/purehivehoney.com\/de\/#website"},"primaryImageOfPage":{"@id":"https:\/\/purehivehoney.com\/de\/product\/frau-honig-frau-honig-und-das-glueck-der-kleinen-dinge-bestsellerreihe-fuer-fans-von-mary-poppins\/#primaryimage"},"image":{"@id":"https:\/\/purehivehoney.com\/de\/product\/frau-honig-frau-honig-und-das-glueck-der-kleinen-dinge-bestsellerreihe-fuer-fans-von-mary-poppins\/#primaryimage"},"thumbnailUrl":"https:\/\/purehivehoney.com\/de\/wp-content\/uploads\/2026\/03\/81r9Vuhfg0L._SL1500_.jpg","datePublished":"2026-03-20T04:42:52+00:00","dateModified":"2026-03-20T04:42:54+00:00","description":"Entdecken Sie hochwertigen Rohhonig, Bio Honig, Manuka Honig und nat\u00fcrliche Bienenprodukte. PureHiveHoney hilft Ihnen dabei, sorgf\u00e4ltig ausgew\u00e4hlte Honigsorten mit nat\u00fcrlicher Qualit\u00e4t und Reinheit zu entdecken.","breadcrumb":{"@id":"https:\/\/purehivehoney.com\/de\/product\/frau-honig-frau-honig-und-das-glueck-der-kleinen-dinge-bestsellerreihe-fuer-fans-von-mary-poppins\/#breadcrumb"},"inLanguage":"de","potentialAction":[{"@type":"ReadAction","target":["https:\/\/purehivehoney.com\/de\/product\/frau-honig-frau-honig-und-das-glueck-der-kleinen-dinge-bestsellerreihe-fuer-fans-von-mary-poppins\/"]}]},{"@type":"ImageObject","inLanguage":"de","@id":"https:\/\/purehivehoney.com\/de\/product\/frau-honig-frau-honig-und-das-glueck-der-kleinen-dinge-bestsellerreihe-fuer-fans-von-mary-poppins\/#primaryimage","url":"https:\/\/purehivehoney.com\/de\/wp-content\/uploads\/2026\/03\/81r9Vuhfg0L._SL1500_.jpg","contentUrl":"https:\/\/purehivehoney.com\/de\/wp-content\/uploads\/2026\/03\/81r9Vuhfg0L._SL1500_.jpg","width":1054,"height":1500},{"@type":"BreadcrumbList","@id":"https:\/\/purehivehoney.com\/de\/product\/frau-honig-frau-honig-und-das-glueck-der-kleinen-dinge-bestsellerreihe-fuer-fans-von-mary-poppins\/#breadcrumb","itemListElement":[{"@type":"ListItem","position":1,"name":"Home","item":"https:\/\/purehivehoney.com\/de\/"},{"@type":"ListItem","position":2,"name":"Shop","item":"https:\/\/purehivehoney.com\/de\/shop\/"},{"@type":"ListItem","position":3,"name":"Frau Honig: Frau Honig und das Gl\u00fc..."}]},{"@type":"WebSite","@id":"https:\/\/purehivehoney.com\/de\/#website","url":"https:\/\/purehivehoney.com\/de\/","name":"PureHiveHoney","description":"Reiner Honig &amp; Bienenprodukte Online | Rohhonig, Bio Honig &amp; Spezialhonig","publisher":{"@id":"https:\/\/purehivehoney.com\/de\/#organization"},"potentialAction":[{"@type":"SearchAction","target":{"@type":"EntryPoint","urlTemplate":"https:\/\/purehivehoney.com\/de\/?s={search_term_string}"},"query-input":{"@type":"PropertyValueSpecification","valueRequired":true,"valueName":"search_term_string"}}],"inLanguage":"de"},{"@type":"Organization","@id":"https:\/\/purehivehoney.com\/de\/#organization","name":"PureHiveHoney","url":"https:\/\/purehivehoney.com\/de\/","logo":{"@type":"ImageObject","inLanguage":"de","@id":"https:\/\/purehivehoney.com\/de\/#\/schema\/logo\/image\/","url":"https:\/\/purehivehoney.com\/de\/wp-content\/uploads\/2026\/03\/Screenshot-2026-03-16-at-1.06.01-AM.png","contentUrl":"https:\/\/purehivehoney.com\/de\/wp-content\/uploads\/2026\/03\/Screenshot-2026-03-16-at-1.06.01-AM.png","width":2112,"height":1086,"caption":"PureHiveHoney"},"image":{"@id":"https:\/\/purehivehoney.com\/de\/#\/schema\/logo\/image\/"}}]}},"_links":{"self":[{"href":"https:\/\/purehivehoney.com\/de\/wp-json\/wp\/v2\/product\/2034","targetHints":{"allow":["GET"]}}],"collection":[{"href":"https:\/\/purehivehoney.com\/de\/wp-json\/wp\/v2\/product"}],"about":[{"href":"https:\/\/purehivehoney.com\/de\/wp-json\/wp\/v2\/types\/product"}],"replies":[{"embeddable":true,"href":"https:\/\/purehivehoney.com\/de\/wp-json\/wp\/v2\/comments?post=2034"}],"wp:featuredmedia":[{"embeddable":true,"href":"https:\/\/purehivehoney.com\/de\/wp-json\/wp\/v2\/media\/2035"}],"wp:attachment":[{"href":"https:\/\/purehivehoney.com\/de\/wp-json\/wp\/v2\/media?parent=2034"}],"wp:term":[{"taxonomy":"store","embeddable":true,"href":"https:\/\/purehivehoney.com\/de\/wp-json\/wp\/v2\/store?post=2034"},{"taxonomy":"product_brand","embeddable":true,"href":"https:\/\/purehivehoney.com\/de\/wp-json\/wp\/v2\/product_brand?post=2034"},{"taxonomy":"product_cat","embeddable":true,"href":"https:\/\/purehivehoney.com\/de\/wp-json\/wp\/v2\/product_cat?post=2034"},{"taxonomy":"product_tag","embeddable":true,"href":"https:\/\/purehivehoney.com\/de\/wp-json\/wp\/v2\/product_tag?post=2034"}],"curies":[{"name":"wp","href":"https:\/\/api.w.org\/{rel}","templated":true}]}}