{"id":2021,"date":"2026-03-19T18:41:00","date_gmt":"2026-03-19T18:41:00","guid":{"rendered":"https:\/\/purehivehoney.com\/de\/product\/jamies-hive-to-table-infused-honey-gift-set-hot-lemon-and-cinnamon-flavors-1-020-6-g-squeeze-bottle-100-natural-raw-honey\/"},"modified":"2026-03-19T18:41:22","modified_gmt":"2026-03-19T18:41:22","slug":"jamies-hive-to-table-infused-honey-gift-set-hot-lemon-and-cinnamon-flavors-1-020-6-g-squeeze-bottle-100-natural-raw-honey","status":"publish","type":"product","link":"https:\/\/purehivehoney.com\/de\/product\/jamies-hive-to-table-infused-honey-gift-set-hot-lemon-and-cinnamon-flavors-1-020-6-g-squeeze-bottle-100-natural-raw-honey\/","title":{"rendered":"Jamie&#8217;s Hive to Table Infused..."},"content":{"rendered":"<p>    <span>Jamie&#8217;s Hive to Table is 100% raw honey enriched with natural extracts of cinnamon, lemon and hot peppers. Packaged in convenient 12oz squeeze bottles, pack of 3. To make enriched honey, we use 100% natural water based extract of cinnamon, lemon and extra hot peppers and mix it carefully with pure raw honey to achieve the perfect blend and taste. No other additives, syrup or artificial flavours are included. Our flavored honey is rich in nutrients, contains naturally preserved vitamins, minerals and antioxidants. Over time, raw natural honey can crystallize and show its pure origin. With its sweet, floral flavor, enhanced by delicate notes of spicy pepper, cinnamon or refreshing lemon, our honey is not only a natural sweetener, but also a versatile ingredient to enhance a variety of dishes and drinks. Enjoy our enriched honey with yogurt, cereal and ice cream, in cocktails, on pancakes, waffles, toasts, with charcoal boards, chicken wings and BBQ. We offer a rich set of gourmet honey for an exceptional dining experience and a great gift idea. Try the delightful sweetness of raw and unfiltered honey, straight from the beehive to your table. Available on Amazon and grocery stores across the country, our honey is the essence of quality and authenticity. Treat yourself to the pure indulgence of raw, unfiltered honey with hot peppers, cinnamon and lemon notes &#8211; nature&#8217;s golden elixir<\/span>    <br \/> Product Dimensions                                            \u200f                                            :                                            \u200e                                            20.32 x 5.08 x 20.32 cm; 1.18 kg   <br \/> Manufacturer                                            \u200f                                            :                                            \u200e                                            JAMIE&#8217;S HIVE TO TABLE   <br \/> ASIN                                            \u200f                                            :                                            \u200e                                            B0DJRVPJTH   <br \/>  Customer reviews:                                                                                            4.6               4.6 out of 5 stars                                  (115)                                              var dpAcrHasRegisteredArcLinkClickAction;                    P.when(&#8218;A&#8216;, &#8218;ready&#8216;).execute(function(A) {                        if (dpAcrHasRegisteredArcLinkClickAction !== true) {                            dpAcrHasRegisteredArcLinkClickAction = true;                            A.declarative(                                &#8218;acrLink-click-metrics&#8216;, &#8218;click&#8216;,                                { &#8222;allowLinkDefault&#8220;: true },                                function (event) {                                    if (window.ue) {                                        ue.count(&#8222;acrLinkClickCount&#8220;, (ue.count(&#8222;acrLinkClickCount&#8220;) || 0) + 1);                                    }                                }                            );                        }                    });                                             P.when(&#8218;A&#8216;, &#8218;cf&#8216;).execute(function(A) {                A.declarative(&#8218;acrStarsLink-click-metrics&#8216;, &#8218;click&#8216;, { &#8222;allowLinkDefault&#8220; : true },  function(event){                    if(window.ue) {                        ue.count(&#8222;acrStarsLinkWithPopoverClickCount&#8220;, (ue.count(&#8222;acrStarsLinkWithPopoverClickCount&#8220;) || 0) + 1);                    }                });            });                          <br \/>Raw and unfiltered honey: Our unfiltered raw honey comes from responsible beekeepers who prioritize the health and well-being of their bees and the environment. Thus, we guarantee the highest quality and a consistent supply of real honey on your table<\/p>\n\n","protected":false},"excerpt":{"rendered":"<p>Jamie&#8217;s Hive to Table is 100% raw honey enriched with natural extracts of cinnamon, lemon and hot peppers. Packaged in convenient 12oz squeeze bottles, pack of 3. To make enriched honey, we use 100% natural water based extract of cinnamon, lemon and extra hot peppers and mix it carefully with pure raw honey to achieve [&hellip;]<\/p>\n","protected":false},"featured_media":2022,"comment_status":"open","ping_status":"closed","template":"","meta":{"_aipt_faq_data":""},"store":[],"product_brand":[314],"product_cat":[51],"product_tag":[313],"class_list":{"0":"post-2021","1":"product","2":"type-product","3":"status-publish","4":"has-post-thumbnail","6":"product_brand-jamies-hive-to-table","7":"product_cat-zimt-honig","8":"product_tag-zimt-honig-glas","10":"first","11":"instock","12":"shipping-taxable","13":"product-type-external"},"yoast_head":"<!-- This site is optimized with the Yoast SEO plugin v27.4 - https:\/\/yoast.com\/product\/yoast-seo-wordpress\/ -->\n<title>Jamie&#039;s Hive to Table Infused Honey Gift Set - Hot Lemon and Cinnamon Flavors 1.020.6 g Squeeze Bottle - 100% Natural Raw Honey - PureHiveHoney<\/title>\n<meta name=\"description\" content=\"Entdecken Sie hochwertigen Rohhonig, Bio Honig, Manuka Honig und nat\u00fcrliche Bienenprodukte. PureHiveHoney hilft Ihnen dabei, sorgf\u00e4ltig ausgew\u00e4hlte Honigsorten mit nat\u00fcrlicher Qualit\u00e4t und Reinheit zu entdecken.\" \/>\n<meta name=\"robots\" content=\"index, follow, max-snippet:-1, max-image-preview:large, max-video-preview:-1\" \/>\n<link rel=\"canonical\" href=\"https:\/\/purehivehoney.com\/de\/product\/jamies-hive-to-table-infused-honey-gift-set-hot-lemon-and-cinnamon-flavors-1-020-6-g-squeeze-bottle-100-natural-raw-honey\/\" \/>\n<meta property=\"og:locale\" content=\"de_DE\" \/>\n<meta property=\"og:type\" content=\"article\" \/>\n<meta property=\"og:title\" content=\"Jamie&#039;s Hive to Table Infused Honey Gift Set - Hot Lemon and Cinnamon Flavors 1.020.6 g Squeeze Bottle - 100% Natural Raw Honey - PureHiveHoney\" \/>\n<meta property=\"og:description\" content=\"Entdecken Sie hochwertigen Rohhonig, Bio Honig, Manuka Honig und nat\u00fcrliche Bienenprodukte. PureHiveHoney hilft Ihnen dabei, sorgf\u00e4ltig ausgew\u00e4hlte Honigsorten mit nat\u00fcrlicher Qualit\u00e4t und Reinheit zu entdecken.\" \/>\n<meta property=\"og:url\" content=\"https:\/\/purehivehoney.com\/de\/product\/jamies-hive-to-table-infused-honey-gift-set-hot-lemon-and-cinnamon-flavors-1-020-6-g-squeeze-bottle-100-natural-raw-honey\/\" \/>\n<meta property=\"og:site_name\" content=\"PureHiveHoney\" \/>\n<meta property=\"article:modified_time\" content=\"2026-03-19T18:41:22+00:00\" \/>\n<meta name=\"twitter:card\" content=\"summary_large_image\" \/>\n<meta name=\"twitter:label1\" content=\"Gesch\u00e4tzte Lesezeit\" \/>\n\t<meta name=\"twitter:data1\" content=\"2\u00a0Minuten\" \/>\n<script type=\"application\/ld+json\" class=\"yoast-schema-graph\">{\"@context\":\"https:\\\/\\\/schema.org\",\"@graph\":[{\"@type\":\"WebPage\",\"@id\":\"https:\\\/\\\/purehivehoney.com\\\/de\\\/product\\\/jamies-hive-to-table-infused-honey-gift-set-hot-lemon-and-cinnamon-flavors-1-020-6-g-squeeze-bottle-100-natural-raw-honey\\\/\",\"url\":\"https:\\\/\\\/purehivehoney.com\\\/de\\\/product\\\/jamies-hive-to-table-infused-honey-gift-set-hot-lemon-and-cinnamon-flavors-1-020-6-g-squeeze-bottle-100-natural-raw-honey\\\/\",\"name\":\"Jamie's Hive to Table Infused Honey Gift Set - Hot Lemon and Cinnamon Flavors 1.020.6 g Squeeze Bottle - 100% Natural Raw Honey - PureHiveHoney\",\"isPartOf\":{\"@id\":\"https:\\\/\\\/purehivehoney.com\\\/de\\\/#website\"},\"primaryImageOfPage\":{\"@id\":\"https:\\\/\\\/purehivehoney.com\\\/de\\\/product\\\/jamies-hive-to-table-infused-honey-gift-set-hot-lemon-and-cinnamon-flavors-1-020-6-g-squeeze-bottle-100-natural-raw-honey\\\/#primaryimage\"},\"image\":{\"@id\":\"https:\\\/\\\/purehivehoney.com\\\/de\\\/product\\\/jamies-hive-to-table-infused-honey-gift-set-hot-lemon-and-cinnamon-flavors-1-020-6-g-squeeze-bottle-100-natural-raw-honey\\\/#primaryimage\"},\"thumbnailUrl\":\"https:\\\/\\\/purehivehoney.com\\\/de\\\/wp-content\\\/uploads\\\/2026\\\/03\\\/81jtl45TVzL._SL1500_.jpg\",\"datePublished\":\"2026-03-19T18:41:00+00:00\",\"dateModified\":\"2026-03-19T18:41:22+00:00\",\"description\":\"Entdecken Sie hochwertigen Rohhonig, Bio Honig, Manuka Honig und nat\u00fcrliche Bienenprodukte. PureHiveHoney hilft Ihnen dabei, sorgf\u00e4ltig ausgew\u00e4hlte Honigsorten mit nat\u00fcrlicher Qualit\u00e4t und Reinheit zu entdecken.\",\"breadcrumb\":{\"@id\":\"https:\\\/\\\/purehivehoney.com\\\/de\\\/product\\\/jamies-hive-to-table-infused-honey-gift-set-hot-lemon-and-cinnamon-flavors-1-020-6-g-squeeze-bottle-100-natural-raw-honey\\\/#breadcrumb\"},\"inLanguage\":\"de\",\"potentialAction\":[{\"@type\":\"ReadAction\",\"target\":[\"https:\\\/\\\/purehivehoney.com\\\/de\\\/product\\\/jamies-hive-to-table-infused-honey-gift-set-hot-lemon-and-cinnamon-flavors-1-020-6-g-squeeze-bottle-100-natural-raw-honey\\\/\"]}]},{\"@type\":\"ImageObject\",\"inLanguage\":\"de\",\"@id\":\"https:\\\/\\\/purehivehoney.com\\\/de\\\/product\\\/jamies-hive-to-table-infused-honey-gift-set-hot-lemon-and-cinnamon-flavors-1-020-6-g-squeeze-bottle-100-natural-raw-honey\\\/#primaryimage\",\"url\":\"https:\\\/\\\/purehivehoney.com\\\/de\\\/wp-content\\\/uploads\\\/2026\\\/03\\\/81jtl45TVzL._SL1500_.jpg\",\"contentUrl\":\"https:\\\/\\\/purehivehoney.com\\\/de\\\/wp-content\\\/uploads\\\/2026\\\/03\\\/81jtl45TVzL._SL1500_.jpg\",\"width\":1500,\"height\":1500},{\"@type\":\"BreadcrumbList\",\"@id\":\"https:\\\/\\\/purehivehoney.com\\\/de\\\/product\\\/jamies-hive-to-table-infused-honey-gift-set-hot-lemon-and-cinnamon-flavors-1-020-6-g-squeeze-bottle-100-natural-raw-honey\\\/#breadcrumb\",\"itemListElement\":[{\"@type\":\"ListItem\",\"position\":1,\"name\":\"Home\",\"item\":\"https:\\\/\\\/purehivehoney.com\\\/de\\\/\"},{\"@type\":\"ListItem\",\"position\":2,\"name\":\"Shop\",\"item\":\"https:\\\/\\\/purehivehoney.com\\\/de\\\/shop\\\/\"},{\"@type\":\"ListItem\",\"position\":3,\"name\":\"Jamie&#8217;s Hive to Table Infused...\"}]},{\"@type\":\"WebSite\",\"@id\":\"https:\\\/\\\/purehivehoney.com\\\/de\\\/#website\",\"url\":\"https:\\\/\\\/purehivehoney.com\\\/de\\\/\",\"name\":\"PureHiveHoney\",\"description\":\"Reiner Honig &amp; Bienenprodukte Online | Rohhonig, Bio Honig &amp; Spezialhonig\",\"publisher\":{\"@id\":\"https:\\\/\\\/purehivehoney.com\\\/de\\\/#organization\"},\"potentialAction\":[{\"@type\":\"SearchAction\",\"target\":{\"@type\":\"EntryPoint\",\"urlTemplate\":\"https:\\\/\\\/purehivehoney.com\\\/de\\\/?s={search_term_string}\"},\"query-input\":{\"@type\":\"PropertyValueSpecification\",\"valueRequired\":true,\"valueName\":\"search_term_string\"}}],\"inLanguage\":\"de\"},{\"@type\":\"Organization\",\"@id\":\"https:\\\/\\\/purehivehoney.com\\\/de\\\/#organization\",\"name\":\"PureHiveHoney\",\"url\":\"https:\\\/\\\/purehivehoney.com\\\/de\\\/\",\"logo\":{\"@type\":\"ImageObject\",\"inLanguage\":\"de\",\"@id\":\"https:\\\/\\\/purehivehoney.com\\\/de\\\/#\\\/schema\\\/logo\\\/image\\\/\",\"url\":\"https:\\\/\\\/purehivehoney.com\\\/de\\\/wp-content\\\/uploads\\\/2026\\\/03\\\/Screenshot-2026-03-16-at-1.06.01-AM.png\",\"contentUrl\":\"https:\\\/\\\/purehivehoney.com\\\/de\\\/wp-content\\\/uploads\\\/2026\\\/03\\\/Screenshot-2026-03-16-at-1.06.01-AM.png\",\"width\":2112,\"height\":1086,\"caption\":\"PureHiveHoney\"},\"image\":{\"@id\":\"https:\\\/\\\/purehivehoney.com\\\/de\\\/#\\\/schema\\\/logo\\\/image\\\/\"}}]}<\/script>\n<!-- \/ Yoast SEO plugin. -->","yoast_head_json":{"title":"Jamie's Hive to Table Infused Honey Gift Set - Hot Lemon and Cinnamon Flavors 1.020.6 g Squeeze Bottle - 100% Natural Raw Honey - PureHiveHoney","description":"Entdecken Sie hochwertigen Rohhonig, Bio Honig, Manuka Honig und nat\u00fcrliche Bienenprodukte. PureHiveHoney hilft Ihnen dabei, sorgf\u00e4ltig ausgew\u00e4hlte Honigsorten mit nat\u00fcrlicher Qualit\u00e4t und Reinheit zu entdecken.","robots":{"index":"index","follow":"follow","max-snippet":"max-snippet:-1","max-image-preview":"max-image-preview:large","max-video-preview":"max-video-preview:-1"},"canonical":"https:\/\/purehivehoney.com\/de\/product\/jamies-hive-to-table-infused-honey-gift-set-hot-lemon-and-cinnamon-flavors-1-020-6-g-squeeze-bottle-100-natural-raw-honey\/","og_locale":"de_DE","og_type":"article","og_title":"Jamie's Hive to Table Infused Honey Gift Set - Hot Lemon and Cinnamon Flavors 1.020.6 g Squeeze Bottle - 100% Natural Raw Honey - PureHiveHoney","og_description":"Entdecken Sie hochwertigen Rohhonig, Bio Honig, Manuka Honig und nat\u00fcrliche Bienenprodukte. PureHiveHoney hilft Ihnen dabei, sorgf\u00e4ltig ausgew\u00e4hlte Honigsorten mit nat\u00fcrlicher Qualit\u00e4t und Reinheit zu entdecken.","og_url":"https:\/\/purehivehoney.com\/de\/product\/jamies-hive-to-table-infused-honey-gift-set-hot-lemon-and-cinnamon-flavors-1-020-6-g-squeeze-bottle-100-natural-raw-honey\/","og_site_name":"PureHiveHoney","article_modified_time":"2026-03-19T18:41:22+00:00","twitter_card":"summary_large_image","twitter_misc":{"Gesch\u00e4tzte Lesezeit":"2\u00a0Minuten"},"schema":{"@context":"https:\/\/schema.org","@graph":[{"@type":"WebPage","@id":"https:\/\/purehivehoney.com\/de\/product\/jamies-hive-to-table-infused-honey-gift-set-hot-lemon-and-cinnamon-flavors-1-020-6-g-squeeze-bottle-100-natural-raw-honey\/","url":"https:\/\/purehivehoney.com\/de\/product\/jamies-hive-to-table-infused-honey-gift-set-hot-lemon-and-cinnamon-flavors-1-020-6-g-squeeze-bottle-100-natural-raw-honey\/","name":"Jamie's Hive to Table Infused Honey Gift Set - Hot Lemon and Cinnamon Flavors 1.020.6 g Squeeze Bottle - 100% Natural Raw Honey - PureHiveHoney","isPartOf":{"@id":"https:\/\/purehivehoney.com\/de\/#website"},"primaryImageOfPage":{"@id":"https:\/\/purehivehoney.com\/de\/product\/jamies-hive-to-table-infused-honey-gift-set-hot-lemon-and-cinnamon-flavors-1-020-6-g-squeeze-bottle-100-natural-raw-honey\/#primaryimage"},"image":{"@id":"https:\/\/purehivehoney.com\/de\/product\/jamies-hive-to-table-infused-honey-gift-set-hot-lemon-and-cinnamon-flavors-1-020-6-g-squeeze-bottle-100-natural-raw-honey\/#primaryimage"},"thumbnailUrl":"https:\/\/purehivehoney.com\/de\/wp-content\/uploads\/2026\/03\/81jtl45TVzL._SL1500_.jpg","datePublished":"2026-03-19T18:41:00+00:00","dateModified":"2026-03-19T18:41:22+00:00","description":"Entdecken Sie hochwertigen Rohhonig, Bio Honig, Manuka Honig und nat\u00fcrliche Bienenprodukte. PureHiveHoney hilft Ihnen dabei, sorgf\u00e4ltig ausgew\u00e4hlte Honigsorten mit nat\u00fcrlicher Qualit\u00e4t und Reinheit zu entdecken.","breadcrumb":{"@id":"https:\/\/purehivehoney.com\/de\/product\/jamies-hive-to-table-infused-honey-gift-set-hot-lemon-and-cinnamon-flavors-1-020-6-g-squeeze-bottle-100-natural-raw-honey\/#breadcrumb"},"inLanguage":"de","potentialAction":[{"@type":"ReadAction","target":["https:\/\/purehivehoney.com\/de\/product\/jamies-hive-to-table-infused-honey-gift-set-hot-lemon-and-cinnamon-flavors-1-020-6-g-squeeze-bottle-100-natural-raw-honey\/"]}]},{"@type":"ImageObject","inLanguage":"de","@id":"https:\/\/purehivehoney.com\/de\/product\/jamies-hive-to-table-infused-honey-gift-set-hot-lemon-and-cinnamon-flavors-1-020-6-g-squeeze-bottle-100-natural-raw-honey\/#primaryimage","url":"https:\/\/purehivehoney.com\/de\/wp-content\/uploads\/2026\/03\/81jtl45TVzL._SL1500_.jpg","contentUrl":"https:\/\/purehivehoney.com\/de\/wp-content\/uploads\/2026\/03\/81jtl45TVzL._SL1500_.jpg","width":1500,"height":1500},{"@type":"BreadcrumbList","@id":"https:\/\/purehivehoney.com\/de\/product\/jamies-hive-to-table-infused-honey-gift-set-hot-lemon-and-cinnamon-flavors-1-020-6-g-squeeze-bottle-100-natural-raw-honey\/#breadcrumb","itemListElement":[{"@type":"ListItem","position":1,"name":"Home","item":"https:\/\/purehivehoney.com\/de\/"},{"@type":"ListItem","position":2,"name":"Shop","item":"https:\/\/purehivehoney.com\/de\/shop\/"},{"@type":"ListItem","position":3,"name":"Jamie&#8217;s Hive to Table Infused..."}]},{"@type":"WebSite","@id":"https:\/\/purehivehoney.com\/de\/#website","url":"https:\/\/purehivehoney.com\/de\/","name":"PureHiveHoney","description":"Reiner Honig &amp; Bienenprodukte Online | Rohhonig, Bio Honig &amp; Spezialhonig","publisher":{"@id":"https:\/\/purehivehoney.com\/de\/#organization"},"potentialAction":[{"@type":"SearchAction","target":{"@type":"EntryPoint","urlTemplate":"https:\/\/purehivehoney.com\/de\/?s={search_term_string}"},"query-input":{"@type":"PropertyValueSpecification","valueRequired":true,"valueName":"search_term_string"}}],"inLanguage":"de"},{"@type":"Organization","@id":"https:\/\/purehivehoney.com\/de\/#organization","name":"PureHiveHoney","url":"https:\/\/purehivehoney.com\/de\/","logo":{"@type":"ImageObject","inLanguage":"de","@id":"https:\/\/purehivehoney.com\/de\/#\/schema\/logo\/image\/","url":"https:\/\/purehivehoney.com\/de\/wp-content\/uploads\/2026\/03\/Screenshot-2026-03-16-at-1.06.01-AM.png","contentUrl":"https:\/\/purehivehoney.com\/de\/wp-content\/uploads\/2026\/03\/Screenshot-2026-03-16-at-1.06.01-AM.png","width":2112,"height":1086,"caption":"PureHiveHoney"},"image":{"@id":"https:\/\/purehivehoney.com\/de\/#\/schema\/logo\/image\/"}}]}},"_links":{"self":[{"href":"https:\/\/purehivehoney.com\/de\/wp-json\/wp\/v2\/product\/2021","targetHints":{"allow":["GET"]}}],"collection":[{"href":"https:\/\/purehivehoney.com\/de\/wp-json\/wp\/v2\/product"}],"about":[{"href":"https:\/\/purehivehoney.com\/de\/wp-json\/wp\/v2\/types\/product"}],"replies":[{"embeddable":true,"href":"https:\/\/purehivehoney.com\/de\/wp-json\/wp\/v2\/comments?post=2021"}],"wp:featuredmedia":[{"embeddable":true,"href":"https:\/\/purehivehoney.com\/de\/wp-json\/wp\/v2\/media\/2022"}],"wp:attachment":[{"href":"https:\/\/purehivehoney.com\/de\/wp-json\/wp\/v2\/media?parent=2021"}],"wp:term":[{"taxonomy":"store","embeddable":true,"href":"https:\/\/purehivehoney.com\/de\/wp-json\/wp\/v2\/store?post=2021"},{"taxonomy":"product_brand","embeddable":true,"href":"https:\/\/purehivehoney.com\/de\/wp-json\/wp\/v2\/product_brand?post=2021"},{"taxonomy":"product_cat","embeddable":true,"href":"https:\/\/purehivehoney.com\/de\/wp-json\/wp\/v2\/product_cat?post=2021"},{"taxonomy":"product_tag","embeddable":true,"href":"https:\/\/purehivehoney.com\/de\/wp-json\/wp\/v2\/product_tag?post=2021"}],"curies":[{"name":"wp","href":"https:\/\/api.w.org\/{rel}","templated":true}]}}