{"id":2007,"date":"2026-03-18T18:16:35","date_gmt":"2026-03-18T18:16:35","guid":{"rendered":"https:\/\/purehivehoney.com\/de\/product\/honigglas-mit-holzloeffel-und-deckel-400-ml-dichtender-honigtopf-aus-borosilikatglas-staub-und-feuchtigkeitsbestaendiger-topf-fuer-sirup\/"},"modified":"2026-03-18T18:16:52","modified_gmt":"2026-03-18T18:16:52","slug":"honigglas-mit-holzloeffel-und-deckel-400-ml-dichtender-honigtopf-aus-borosilikatglas-staub-und-feuchtigkeitsbestaendiger-topf-fuer-sirup","status":"publish","type":"product","link":"https:\/\/purehivehoney.com\/de\/product\/honigglas-mit-holzloeffel-und-deckel-400-ml-dichtender-honigtopf-aus-borosilikatglas-staub-und-feuchtigkeitsbestaendiger-topf-fuer-sirup\/","title":{"rendered":"Honigglas mit Holzl\u00f6ffel und Decke..."},"content":{"rendered":"<p>    <span>Beschreibung: <br \/> Dieses Honigglas mit Holzsch\u00f6pfl\u00f6ffel und Deckel vereint Funktionalit\u00e4t mit Stil..Es besteht aus hochwertigem Borosilikatglas, ist hitzebest\u00e4ndig und hochwertig und verf\u00fcgt \u00fcber ein Fassungsverm\u00f6gen von 400 ml f\u00fcr gro\u00dfz\u00fcgige Aufbewahrung..Der mitgelieferte Holzsch\u00f6pfl\u00f6ffel sorgt f\u00fcr gleichm\u00e4\u00dfiges, sauberes Nieseln, w\u00e4hrend der Verschlussdeckel den Inhalt frisch h\u00e4lt und vor und Feuchtigkeit sch\u00fctzt..Dieser vielseitige Topf eignet sich perfekt f\u00fcr Honig, Sirup oder Saucen und f\u00fcgt sich nahtlos in jede K\u00fcche oder Esszimmereinrichtung ein..Sein schlankes, modernes Design passt nicht nur zu Ihrer Arbeitsplatte, sondern sorgt auch f\u00fcr eine einfache Reinigung und Nachf\u00fcllung und macht es zu einer praktischen und eleganten Erg\u00e4nzung f\u00fcr Ihr Zuhause..<br \/> Merkmal:..<br \/> Honiggl\u00e4ser mit Sch\u00f6pfl\u00f6ffel..<br \/> Farbe: Wie abgebildet..<br \/> Material: Glas mit hohem Borosilikatgehalt, Holz..<br \/> Gr\u00f6\u00dfe: H\u00f6he: 13,5 cm\/5,31 Zoll..<br \/> Bodendurchmesser: 9 cm\/3,54 Zoll..<br \/> Munddurchmesser: 7,5 cm\/2,95 Zoll..<br \/> Fassungsverm\u00f6gen: 400 ml..<br \/>Hinweis: <br \/> 1. Bitte erlauben Sie aufgrund unterschiedlicher Lichtverh\u00e4ltnisse leichte Farbabweichungen..<br \/> 2. Bitte erlauben Sie 1-2 cm\/ 0,39-0,78 Zoll Fehler aufgrund unterschiedlicher manueller Messungen..<br \/>Warnung: <br \/> Nicht mikrowellen- oder sp\u00fclmaschinenfest..Vermeiden Sie pl\u00f6tzliche Temperaturschwankungen, um Risse zu vermeiden..<br \/><\/span><span class=\"a-text-bold\"> Paket einschlie\u00dflich <\/span><span> <br \/> 1 St\u00fcck * Honiggl\u00e4ser mit Sch\u00f6pfl\u00f6ffel<\/span>    <br \/>Vielseitig und leicht zu reinigen: Ideal f\u00fcr Honig, Sirupe oder Saucen. Die weite \u00d6ffnung des Glases sorgt f\u00fcr einfaches Bef\u00fcllen und Reinigen und sorgt f\u00fcr eine einfache und problemlose Wartung f\u00fcr den t\u00e4glichen Komfort.<br \/>Gro\u00dfz\u00fcgiges Fassungsverm\u00f6gen von 400 ml: Dieses Glas bietet Platz f\u00fcr bis zu 400 ml Honig oder Sirup und bietet reichlich Stauraum f\u00fcr Ihre K\u00fcchenbed\u00fcrfnisse, sodass es sowohl praktisch als auch stilvoll auf jeder Arbeitsplatte ist.<br \/>Elegantes Glas mit hohem Borosilikatgehalt: Dieses aus Glas mit hohem Borosilikatgehalt gefertigte Honigglas ist hitze- und bruchsicher, sieht elegant und modern aus und gew\u00e4hrleistet gleichzeitig eine langlebige Leistung f\u00fcr den t\u00e4glichen Gebrauch.<br \/>Staub- und feuchtigkeitsbest\u00e4ndig: Der Verschlussdeckel h\u00e4lt Ihren Honig frisch, indem er ihn vor und Feuchtigkeit sch\u00fctzt..Genie\u00dfen Sie jedes Mal sauberen, unverf\u00e4lschten Honig mit diesem durchdacht gestalteten, luftdichten Honigtopf.<br \/>Praktischer Sch\u00f6pfl\u00f6ffel aus Holz: Wird mit einem hochwertigen Sch\u00f6pfl\u00f6ffel aus Holz zum m\u00fchelosen Sch\u00f6pfen und Betr\u00e4ufeln geliefert..Perfekt f\u00fcr Honig oder Sirup, bereichert es Ihr kulinarisches Erlebnis durch sauberes Servieren.<\/p>\n\n","protected":false},"excerpt":{"rendered":"<p>Beschreibung: Dieses Honigglas mit Holzsch\u00f6pfl\u00f6ffel und Deckel vereint Funktionalit\u00e4t mit Stil..Es besteht aus hochwertigem Borosilikatglas, ist hitzebest\u00e4ndig und hochwertig und verf\u00fcgt \u00fcber ein Fassungsverm\u00f6gen von 400 ml f\u00fcr gro\u00dfz\u00fcgige Aufbewahrung..Der mitgelieferte Holzsch\u00f6pfl\u00f6ffel sorgt f\u00fcr gleichm\u00e4\u00dfiges, sauberes Nieseln, w\u00e4hrend der Verschlussdeckel den Inhalt frisch h\u00e4lt und vor und Feuchtigkeit sch\u00fctzt..Dieser vielseitige Topf eignet sich perfekt f\u00fcr [&hellip;]<\/p>\n","protected":false},"featured_media":2008,"comment_status":"open","ping_status":"closed","template":"","meta":{"_aipt_faq_data":""},"store":[],"product_brand":[310],"product_cat":[70],"product_tag":[131],"class_list":{"0":"post-2007","1":"product","2":"type-product","3":"status-publish","4":"has-post-thumbnail","6":"product_brand-nuiorfty","7":"product_cat-premium-honig-geschenke","8":"product_tag-premium-honig-geschenke-mit-honigloeffel","10":"first","11":"instock","12":"shipping-taxable","13":"product-type-external"},"yoast_head":"<!-- This site is optimized with the Yoast SEO plugin v27.4 - https:\/\/yoast.com\/product\/yoast-seo-wordpress\/ -->\n<title>Honigglas mit Holzl\u00f6ffel und Deckel 400 ml dichtender Honigtopf aus Borosilikatglas staub- und feuchtigkeitsbest\u00e4ndiger Topf f\u00fcr Sirup - PureHiveHoney<\/title>\n<meta name=\"description\" content=\"Entdecken Sie hochwertigen Rohhonig, Bio Honig, Manuka Honig und nat\u00fcrliche Bienenprodukte. PureHiveHoney hilft Ihnen dabei, sorgf\u00e4ltig ausgew\u00e4hlte Honigsorten mit nat\u00fcrlicher Qualit\u00e4t und Reinheit zu entdecken.\" \/>\n<meta name=\"robots\" content=\"index, follow, max-snippet:-1, max-image-preview:large, max-video-preview:-1\" \/>\n<link rel=\"canonical\" href=\"https:\/\/purehivehoney.com\/de\/product\/honigglas-mit-holzloeffel-und-deckel-400-ml-dichtender-honigtopf-aus-borosilikatglas-staub-und-feuchtigkeitsbestaendiger-topf-fuer-sirup\/\" \/>\n<meta property=\"og:locale\" content=\"de_DE\" \/>\n<meta property=\"og:type\" content=\"article\" \/>\n<meta property=\"og:title\" content=\"Honigglas mit Holzl\u00f6ffel und Deckel 400 ml dichtender Honigtopf aus Borosilikatglas staub- und feuchtigkeitsbest\u00e4ndiger Topf f\u00fcr Sirup - PureHiveHoney\" \/>\n<meta property=\"og:description\" content=\"Entdecken Sie hochwertigen Rohhonig, Bio Honig, Manuka Honig und nat\u00fcrliche Bienenprodukte. PureHiveHoney hilft Ihnen dabei, sorgf\u00e4ltig ausgew\u00e4hlte Honigsorten mit nat\u00fcrlicher Qualit\u00e4t und Reinheit zu entdecken.\" \/>\n<meta property=\"og:url\" content=\"https:\/\/purehivehoney.com\/de\/product\/honigglas-mit-holzloeffel-und-deckel-400-ml-dichtender-honigtopf-aus-borosilikatglas-staub-und-feuchtigkeitsbestaendiger-topf-fuer-sirup\/\" \/>\n<meta property=\"og:site_name\" content=\"PureHiveHoney\" \/>\n<meta property=\"article:modified_time\" content=\"2026-03-18T18:16:52+00:00\" \/>\n<meta name=\"twitter:card\" content=\"summary_large_image\" \/>\n<meta name=\"twitter:label1\" content=\"Gesch\u00e4tzte Lesezeit\" \/>\n\t<meta name=\"twitter:data1\" content=\"2\u00a0Minuten\" \/>\n<script type=\"application\/ld+json\" class=\"yoast-schema-graph\">{\"@context\":\"https:\\\/\\\/schema.org\",\"@graph\":[{\"@type\":\"WebPage\",\"@id\":\"https:\\\/\\\/purehivehoney.com\\\/de\\\/product\\\/honigglas-mit-holzloeffel-und-deckel-400-ml-dichtender-honigtopf-aus-borosilikatglas-staub-und-feuchtigkeitsbestaendiger-topf-fuer-sirup\\\/\",\"url\":\"https:\\\/\\\/purehivehoney.com\\\/de\\\/product\\\/honigglas-mit-holzloeffel-und-deckel-400-ml-dichtender-honigtopf-aus-borosilikatglas-staub-und-feuchtigkeitsbestaendiger-topf-fuer-sirup\\\/\",\"name\":\"Honigglas mit Holzl\u00f6ffel und Deckel 400 ml dichtender Honigtopf aus Borosilikatglas staub- und feuchtigkeitsbest\u00e4ndiger Topf f\u00fcr Sirup - PureHiveHoney\",\"isPartOf\":{\"@id\":\"https:\\\/\\\/purehivehoney.com\\\/de\\\/#website\"},\"primaryImageOfPage\":{\"@id\":\"https:\\\/\\\/purehivehoney.com\\\/de\\\/product\\\/honigglas-mit-holzloeffel-und-deckel-400-ml-dichtender-honigtopf-aus-borosilikatglas-staub-und-feuchtigkeitsbestaendiger-topf-fuer-sirup\\\/#primaryimage\"},\"image\":{\"@id\":\"https:\\\/\\\/purehivehoney.com\\\/de\\\/product\\\/honigglas-mit-holzloeffel-und-deckel-400-ml-dichtender-honigtopf-aus-borosilikatglas-staub-und-feuchtigkeitsbestaendiger-topf-fuer-sirup\\\/#primaryimage\"},\"thumbnailUrl\":\"https:\\\/\\\/purehivehoney.com\\\/de\\\/wp-content\\\/uploads\\\/2026\\\/03\\\/61iW-A2bQLL._AC_SL1500_.jpg\",\"datePublished\":\"2026-03-18T18:16:35+00:00\",\"dateModified\":\"2026-03-18T18:16:52+00:00\",\"description\":\"Entdecken Sie hochwertigen Rohhonig, Bio Honig, Manuka Honig und nat\u00fcrliche Bienenprodukte. PureHiveHoney hilft Ihnen dabei, sorgf\u00e4ltig ausgew\u00e4hlte Honigsorten mit nat\u00fcrlicher Qualit\u00e4t und Reinheit zu entdecken.\",\"breadcrumb\":{\"@id\":\"https:\\\/\\\/purehivehoney.com\\\/de\\\/product\\\/honigglas-mit-holzloeffel-und-deckel-400-ml-dichtender-honigtopf-aus-borosilikatglas-staub-und-feuchtigkeitsbestaendiger-topf-fuer-sirup\\\/#breadcrumb\"},\"inLanguage\":\"de\",\"potentialAction\":[{\"@type\":\"ReadAction\",\"target\":[\"https:\\\/\\\/purehivehoney.com\\\/de\\\/product\\\/honigglas-mit-holzloeffel-und-deckel-400-ml-dichtender-honigtopf-aus-borosilikatglas-staub-und-feuchtigkeitsbestaendiger-topf-fuer-sirup\\\/\"]}]},{\"@type\":\"ImageObject\",\"inLanguage\":\"de\",\"@id\":\"https:\\\/\\\/purehivehoney.com\\\/de\\\/product\\\/honigglas-mit-holzloeffel-und-deckel-400-ml-dichtender-honigtopf-aus-borosilikatglas-staub-und-feuchtigkeitsbestaendiger-topf-fuer-sirup\\\/#primaryimage\",\"url\":\"https:\\\/\\\/purehivehoney.com\\\/de\\\/wp-content\\\/uploads\\\/2026\\\/03\\\/61iW-A2bQLL._AC_SL1500_.jpg\",\"contentUrl\":\"https:\\\/\\\/purehivehoney.com\\\/de\\\/wp-content\\\/uploads\\\/2026\\\/03\\\/61iW-A2bQLL._AC_SL1500_.jpg\",\"width\":976,\"height\":1500},{\"@type\":\"BreadcrumbList\",\"@id\":\"https:\\\/\\\/purehivehoney.com\\\/de\\\/product\\\/honigglas-mit-holzloeffel-und-deckel-400-ml-dichtender-honigtopf-aus-borosilikatglas-staub-und-feuchtigkeitsbestaendiger-topf-fuer-sirup\\\/#breadcrumb\",\"itemListElement\":[{\"@type\":\"ListItem\",\"position\":1,\"name\":\"Home\",\"item\":\"https:\\\/\\\/purehivehoney.com\\\/de\\\/\"},{\"@type\":\"ListItem\",\"position\":2,\"name\":\"Shop\",\"item\":\"https:\\\/\\\/purehivehoney.com\\\/de\\\/shop\\\/\"},{\"@type\":\"ListItem\",\"position\":3,\"name\":\"Honigglas mit Holzl\u00f6ffel und Decke...\"}]},{\"@type\":\"WebSite\",\"@id\":\"https:\\\/\\\/purehivehoney.com\\\/de\\\/#website\",\"url\":\"https:\\\/\\\/purehivehoney.com\\\/de\\\/\",\"name\":\"PureHiveHoney\",\"description\":\"Reiner Honig &amp; Bienenprodukte Online | Rohhonig, Bio Honig &amp; Spezialhonig\",\"publisher\":{\"@id\":\"https:\\\/\\\/purehivehoney.com\\\/de\\\/#organization\"},\"potentialAction\":[{\"@type\":\"SearchAction\",\"target\":{\"@type\":\"EntryPoint\",\"urlTemplate\":\"https:\\\/\\\/purehivehoney.com\\\/de\\\/?s={search_term_string}\"},\"query-input\":{\"@type\":\"PropertyValueSpecification\",\"valueRequired\":true,\"valueName\":\"search_term_string\"}}],\"inLanguage\":\"de\"},{\"@type\":\"Organization\",\"@id\":\"https:\\\/\\\/purehivehoney.com\\\/de\\\/#organization\",\"name\":\"PureHiveHoney\",\"url\":\"https:\\\/\\\/purehivehoney.com\\\/de\\\/\",\"logo\":{\"@type\":\"ImageObject\",\"inLanguage\":\"de\",\"@id\":\"https:\\\/\\\/purehivehoney.com\\\/de\\\/#\\\/schema\\\/logo\\\/image\\\/\",\"url\":\"https:\\\/\\\/purehivehoney.com\\\/de\\\/wp-content\\\/uploads\\\/2026\\\/03\\\/Screenshot-2026-03-16-at-1.06.01-AM.png\",\"contentUrl\":\"https:\\\/\\\/purehivehoney.com\\\/de\\\/wp-content\\\/uploads\\\/2026\\\/03\\\/Screenshot-2026-03-16-at-1.06.01-AM.png\",\"width\":2112,\"height\":1086,\"caption\":\"PureHiveHoney\"},\"image\":{\"@id\":\"https:\\\/\\\/purehivehoney.com\\\/de\\\/#\\\/schema\\\/logo\\\/image\\\/\"}}]}<\/script>\n<!-- \/ Yoast SEO plugin. -->","yoast_head_json":{"title":"Honigglas mit Holzl\u00f6ffel und Deckel 400 ml dichtender Honigtopf aus Borosilikatglas staub- und feuchtigkeitsbest\u00e4ndiger Topf f\u00fcr Sirup - PureHiveHoney","description":"Entdecken Sie hochwertigen Rohhonig, Bio Honig, Manuka Honig und nat\u00fcrliche Bienenprodukte. PureHiveHoney hilft Ihnen dabei, sorgf\u00e4ltig ausgew\u00e4hlte Honigsorten mit nat\u00fcrlicher Qualit\u00e4t und Reinheit zu entdecken.","robots":{"index":"index","follow":"follow","max-snippet":"max-snippet:-1","max-image-preview":"max-image-preview:large","max-video-preview":"max-video-preview:-1"},"canonical":"https:\/\/purehivehoney.com\/de\/product\/honigglas-mit-holzloeffel-und-deckel-400-ml-dichtender-honigtopf-aus-borosilikatglas-staub-und-feuchtigkeitsbestaendiger-topf-fuer-sirup\/","og_locale":"de_DE","og_type":"article","og_title":"Honigglas mit Holzl\u00f6ffel und Deckel 400 ml dichtender Honigtopf aus Borosilikatglas staub- und feuchtigkeitsbest\u00e4ndiger Topf f\u00fcr Sirup - PureHiveHoney","og_description":"Entdecken Sie hochwertigen Rohhonig, Bio Honig, Manuka Honig und nat\u00fcrliche Bienenprodukte. PureHiveHoney hilft Ihnen dabei, sorgf\u00e4ltig ausgew\u00e4hlte Honigsorten mit nat\u00fcrlicher Qualit\u00e4t und Reinheit zu entdecken.","og_url":"https:\/\/purehivehoney.com\/de\/product\/honigglas-mit-holzloeffel-und-deckel-400-ml-dichtender-honigtopf-aus-borosilikatglas-staub-und-feuchtigkeitsbestaendiger-topf-fuer-sirup\/","og_site_name":"PureHiveHoney","article_modified_time":"2026-03-18T18:16:52+00:00","twitter_card":"summary_large_image","twitter_misc":{"Gesch\u00e4tzte Lesezeit":"2\u00a0Minuten"},"schema":{"@context":"https:\/\/schema.org","@graph":[{"@type":"WebPage","@id":"https:\/\/purehivehoney.com\/de\/product\/honigglas-mit-holzloeffel-und-deckel-400-ml-dichtender-honigtopf-aus-borosilikatglas-staub-und-feuchtigkeitsbestaendiger-topf-fuer-sirup\/","url":"https:\/\/purehivehoney.com\/de\/product\/honigglas-mit-holzloeffel-und-deckel-400-ml-dichtender-honigtopf-aus-borosilikatglas-staub-und-feuchtigkeitsbestaendiger-topf-fuer-sirup\/","name":"Honigglas mit Holzl\u00f6ffel und Deckel 400 ml dichtender Honigtopf aus Borosilikatglas staub- und feuchtigkeitsbest\u00e4ndiger Topf f\u00fcr Sirup - PureHiveHoney","isPartOf":{"@id":"https:\/\/purehivehoney.com\/de\/#website"},"primaryImageOfPage":{"@id":"https:\/\/purehivehoney.com\/de\/product\/honigglas-mit-holzloeffel-und-deckel-400-ml-dichtender-honigtopf-aus-borosilikatglas-staub-und-feuchtigkeitsbestaendiger-topf-fuer-sirup\/#primaryimage"},"image":{"@id":"https:\/\/purehivehoney.com\/de\/product\/honigglas-mit-holzloeffel-und-deckel-400-ml-dichtender-honigtopf-aus-borosilikatglas-staub-und-feuchtigkeitsbestaendiger-topf-fuer-sirup\/#primaryimage"},"thumbnailUrl":"https:\/\/purehivehoney.com\/de\/wp-content\/uploads\/2026\/03\/61iW-A2bQLL._AC_SL1500_.jpg","datePublished":"2026-03-18T18:16:35+00:00","dateModified":"2026-03-18T18:16:52+00:00","description":"Entdecken Sie hochwertigen Rohhonig, Bio Honig, Manuka Honig und nat\u00fcrliche Bienenprodukte. PureHiveHoney hilft Ihnen dabei, sorgf\u00e4ltig ausgew\u00e4hlte Honigsorten mit nat\u00fcrlicher Qualit\u00e4t und Reinheit zu entdecken.","breadcrumb":{"@id":"https:\/\/purehivehoney.com\/de\/product\/honigglas-mit-holzloeffel-und-deckel-400-ml-dichtender-honigtopf-aus-borosilikatglas-staub-und-feuchtigkeitsbestaendiger-topf-fuer-sirup\/#breadcrumb"},"inLanguage":"de","potentialAction":[{"@type":"ReadAction","target":["https:\/\/purehivehoney.com\/de\/product\/honigglas-mit-holzloeffel-und-deckel-400-ml-dichtender-honigtopf-aus-borosilikatglas-staub-und-feuchtigkeitsbestaendiger-topf-fuer-sirup\/"]}]},{"@type":"ImageObject","inLanguage":"de","@id":"https:\/\/purehivehoney.com\/de\/product\/honigglas-mit-holzloeffel-und-deckel-400-ml-dichtender-honigtopf-aus-borosilikatglas-staub-und-feuchtigkeitsbestaendiger-topf-fuer-sirup\/#primaryimage","url":"https:\/\/purehivehoney.com\/de\/wp-content\/uploads\/2026\/03\/61iW-A2bQLL._AC_SL1500_.jpg","contentUrl":"https:\/\/purehivehoney.com\/de\/wp-content\/uploads\/2026\/03\/61iW-A2bQLL._AC_SL1500_.jpg","width":976,"height":1500},{"@type":"BreadcrumbList","@id":"https:\/\/purehivehoney.com\/de\/product\/honigglas-mit-holzloeffel-und-deckel-400-ml-dichtender-honigtopf-aus-borosilikatglas-staub-und-feuchtigkeitsbestaendiger-topf-fuer-sirup\/#breadcrumb","itemListElement":[{"@type":"ListItem","position":1,"name":"Home","item":"https:\/\/purehivehoney.com\/de\/"},{"@type":"ListItem","position":2,"name":"Shop","item":"https:\/\/purehivehoney.com\/de\/shop\/"},{"@type":"ListItem","position":3,"name":"Honigglas mit Holzl\u00f6ffel und Decke..."}]},{"@type":"WebSite","@id":"https:\/\/purehivehoney.com\/de\/#website","url":"https:\/\/purehivehoney.com\/de\/","name":"PureHiveHoney","description":"Reiner Honig &amp; Bienenprodukte Online | Rohhonig, Bio Honig &amp; Spezialhonig","publisher":{"@id":"https:\/\/purehivehoney.com\/de\/#organization"},"potentialAction":[{"@type":"SearchAction","target":{"@type":"EntryPoint","urlTemplate":"https:\/\/purehivehoney.com\/de\/?s={search_term_string}"},"query-input":{"@type":"PropertyValueSpecification","valueRequired":true,"valueName":"search_term_string"}}],"inLanguage":"de"},{"@type":"Organization","@id":"https:\/\/purehivehoney.com\/de\/#organization","name":"PureHiveHoney","url":"https:\/\/purehivehoney.com\/de\/","logo":{"@type":"ImageObject","inLanguage":"de","@id":"https:\/\/purehivehoney.com\/de\/#\/schema\/logo\/image\/","url":"https:\/\/purehivehoney.com\/de\/wp-content\/uploads\/2026\/03\/Screenshot-2026-03-16-at-1.06.01-AM.png","contentUrl":"https:\/\/purehivehoney.com\/de\/wp-content\/uploads\/2026\/03\/Screenshot-2026-03-16-at-1.06.01-AM.png","width":2112,"height":1086,"caption":"PureHiveHoney"},"image":{"@id":"https:\/\/purehivehoney.com\/de\/#\/schema\/logo\/image\/"}}]}},"_links":{"self":[{"href":"https:\/\/purehivehoney.com\/de\/wp-json\/wp\/v2\/product\/2007","targetHints":{"allow":["GET"]}}],"collection":[{"href":"https:\/\/purehivehoney.com\/de\/wp-json\/wp\/v2\/product"}],"about":[{"href":"https:\/\/purehivehoney.com\/de\/wp-json\/wp\/v2\/types\/product"}],"replies":[{"embeddable":true,"href":"https:\/\/purehivehoney.com\/de\/wp-json\/wp\/v2\/comments?post=2007"}],"wp:featuredmedia":[{"embeddable":true,"href":"https:\/\/purehivehoney.com\/de\/wp-json\/wp\/v2\/media\/2008"}],"wp:attachment":[{"href":"https:\/\/purehivehoney.com\/de\/wp-json\/wp\/v2\/media?parent=2007"}],"wp:term":[{"taxonomy":"store","embeddable":true,"href":"https:\/\/purehivehoney.com\/de\/wp-json\/wp\/v2\/store?post=2007"},{"taxonomy":"product_brand","embeddable":true,"href":"https:\/\/purehivehoney.com\/de\/wp-json\/wp\/v2\/product_brand?post=2007"},{"taxonomy":"product_cat","embeddable":true,"href":"https:\/\/purehivehoney.com\/de\/wp-json\/wp\/v2\/product_cat?post=2007"},{"taxonomy":"product_tag","embeddable":true,"href":"https:\/\/purehivehoney.com\/de\/wp-json\/wp\/v2\/product_tag?post=2007"}],"curies":[{"name":"wp","href":"https:\/\/api.w.org\/{rel}","templated":true}]}}