{"id":2002,"date":"2026-03-18T16:35:54","date_gmt":"2026-03-18T16:35:54","guid":{"rendered":"https:\/\/purehivehoney.com\/de\/product\/biotiva-herbal-night-blend-latte-bio-180g-mit-ashwagandha-reishi-melisse-kamille-zimt-mehr-100-naturrein-vegan-aus-oekologischem-anbau-de-oeko-005\/"},"modified":"2026-03-18T16:36:03","modified_gmt":"2026-03-18T16:36:03","slug":"biotiva-herbal-night-blend-latte-bio-180g-mit-ashwagandha-reishi-melisse-kamille-zimt-mehr-100-naturrein-vegan-aus-oekologischem-anbau-de-oeko-005","status":"publish","type":"product","link":"https:\/\/purehivehoney.com\/de\/product\/biotiva-herbal-night-blend-latte-bio-180g-mit-ashwagandha-reishi-melisse-kamille-zimt-mehr-100-naturrein-vegan-aus-oekologischem-anbau-de-oeko-005\/","title":{"rendered":"Biotiva Herbal Night Blend Latte Bi..."},"content":{"rendered":"<p>    <span>\ud83c\udf3f 100 % BIO-KR\u00c4UTERLATTEMISCHUNG &#8211; Mit Ashwagandha, Reishi, Baldrian, Melisse, Lindenbl\u00fcten, Rosen, Kakao, Kamille, Kurkuma, Pfeffer u. v. m. &#8211; alle Zutaten aus kontrolliert biologischem Anbau<\/span>    <br \/> Product Dimensions                                            \u200f                                            :                                            \u200e                                            10 x 6 x 15 cm; 180 g   <br \/> Manufacturer                                            \u200f                                            :                                            \u200e                                            Good Organics GmbH   <br \/> ASIN                                            \u200f                                            :                                            \u200e                                            B0GT1FY663   <br \/> Country of origin                                            \u200f                                            :                                            \u200e                                            Germany   <br \/>\ud83c\udf3f 100 % BIO-KR\u00c4UTERLATTEMISCHUNG &#8211; Mit Ashwagandha, Reishi, Baldrian, Melisse, Lindenbl\u00fcten, Rosen, Kakao, Kamille, Kurkuma, Pfeffer u. v. m. &#8211; alle Zutaten aus kontrolliert biologischem Anbau<br \/>\ud83d\udca4 NAT\u00dcRLICHE UNTERST\u00dcTZUNG AM ABEND &#8211; Ideal als beruhigendes Abendritual &#8211; inspiriert von der Pflanzenvielfalt traditioneller Kr\u00e4uterlehren<br \/>\u2705 ZERTIFIZIERTE BIO-QUALIT\u00c4T (DE-\u00d6KO-005) &#8211; Frei von Zusatzstoffen, Gentechnik &#038; R\u00fcckst\u00e4nden &#8211; regelm\u00e4\u00dfig unabh\u00e4ngig laborgepr\u00fcft<br \/>\ud83e\udd44 EINFACHE ZUBEREITUNG &#8211; 8-10 g Pulver (ca. 1 EL) in 250 ml warme Pflanzenmilch einr\u00fchren &#8211; 30-60 Minuten vor dem Schlafengehen genie\u00dfen &#8211; optional mit Honig oder Dattelsirup<br \/>\ud83c\udf0d PLASTIKREDUZIERTE VERPACKUNG &#8211; Nachhaltig in aromadichter, wiederverschlie\u00dfbarer Papiert\u00fcte mit Innenbeschichtung &#8211; praktisch &#038; umweltfreundlich<\/p>\n\n","protected":false},"excerpt":{"rendered":"<p>\ud83c\udf3f 100 % BIO-KR\u00c4UTERLATTEMISCHUNG &#8211; Mit Ashwagandha, Reishi, Baldrian, Melisse, Lindenbl\u00fcten, Rosen, Kakao, Kamille, Kurkuma, Pfeffer u. v. m. &#8211; alle Zutaten aus kontrolliert biologischem Anbau Product Dimensions \u200f : \u200e 10 x 6 x 15 cm; 180 g Manufacturer \u200f : \u200e Good Organics GmbH ASIN \u200f : \u200e B0GT1FY663 Country of origin \u200f [&hellip;]<\/p>\n","protected":false},"featured_media":2003,"comment_status":"open","ping_status":"closed","template":"","meta":{"_aipt_faq_data":""},"store":[],"product_brand":[309],"product_cat":[51],"product_tag":[109],"class_list":{"0":"post-2002","1":"product","2":"type-product","3":"status-publish","4":"has-post-thumbnail","6":"product_brand-biotiva","7":"product_cat-zimt-honig","8":"product_tag-bio-zimt-honig","10":"first","11":"instock","12":"shipping-taxable","13":"product-type-external"},"yoast_head":"<!-- This site is optimized with the Yoast SEO plugin v27.4 - https:\/\/yoast.com\/product\/yoast-seo-wordpress\/ -->\n<title>Biotiva Herbal Night Blend Latte Bio 180g \u2013 Mit Ashwagandha, Reishi, Melisse, Kamille, Zimt &amp; mehr \u2013 100% naturrein &amp; vegan \u2013 Aus \u00f6kologischem Anbau \u2013 DE-\u00d6KO-005 - PureHiveHoney<\/title>\n<meta name=\"description\" content=\"Entdecken Sie hochwertigen Rohhonig, Bio Honig, Manuka Honig und nat\u00fcrliche Bienenprodukte. PureHiveHoney hilft Ihnen dabei, sorgf\u00e4ltig ausgew\u00e4hlte Honigsorten mit nat\u00fcrlicher Qualit\u00e4t und Reinheit zu entdecken.\" \/>\n<meta name=\"robots\" content=\"index, follow, max-snippet:-1, max-image-preview:large, max-video-preview:-1\" \/>\n<link rel=\"canonical\" href=\"https:\/\/purehivehoney.com\/de\/product\/biotiva-herbal-night-blend-latte-bio-180g-mit-ashwagandha-reishi-melisse-kamille-zimt-mehr-100-naturrein-vegan-aus-oekologischem-anbau-de-oeko-005\/\" \/>\n<meta property=\"og:locale\" content=\"de_DE\" \/>\n<meta property=\"og:type\" content=\"article\" \/>\n<meta property=\"og:title\" content=\"Biotiva Herbal Night Blend Latte Bio 180g \u2013 Mit Ashwagandha, Reishi, Melisse, Kamille, Zimt &amp; mehr \u2013 100% naturrein &amp; vegan \u2013 Aus \u00f6kologischem Anbau \u2013 DE-\u00d6KO-005 - PureHiveHoney\" \/>\n<meta property=\"og:description\" content=\"Entdecken Sie hochwertigen Rohhonig, Bio Honig, Manuka Honig und nat\u00fcrliche Bienenprodukte. PureHiveHoney hilft Ihnen dabei, sorgf\u00e4ltig ausgew\u00e4hlte Honigsorten mit nat\u00fcrlicher Qualit\u00e4t und Reinheit zu entdecken.\" \/>\n<meta property=\"og:url\" content=\"https:\/\/purehivehoney.com\/de\/product\/biotiva-herbal-night-blend-latte-bio-180g-mit-ashwagandha-reishi-melisse-kamille-zimt-mehr-100-naturrein-vegan-aus-oekologischem-anbau-de-oeko-005\/\" \/>\n<meta property=\"og:site_name\" content=\"PureHiveHoney\" \/>\n<meta property=\"article:modified_time\" content=\"2026-03-18T16:36:03+00:00\" \/>\n<meta name=\"twitter:card\" content=\"summary_large_image\" \/>\n<meta name=\"twitter:label1\" content=\"Gesch\u00e4tzte Lesezeit\" \/>\n\t<meta name=\"twitter:data1\" content=\"1\u00a0Minute\" \/>\n<script type=\"application\/ld+json\" class=\"yoast-schema-graph\">{\"@context\":\"https:\\\/\\\/schema.org\",\"@graph\":[{\"@type\":\"WebPage\",\"@id\":\"https:\\\/\\\/purehivehoney.com\\\/de\\\/product\\\/biotiva-herbal-night-blend-latte-bio-180g-mit-ashwagandha-reishi-melisse-kamille-zimt-mehr-100-naturrein-vegan-aus-oekologischem-anbau-de-oeko-005\\\/\",\"url\":\"https:\\\/\\\/purehivehoney.com\\\/de\\\/product\\\/biotiva-herbal-night-blend-latte-bio-180g-mit-ashwagandha-reishi-melisse-kamille-zimt-mehr-100-naturrein-vegan-aus-oekologischem-anbau-de-oeko-005\\\/\",\"name\":\"Biotiva Herbal Night Blend Latte Bio 180g \u2013 Mit Ashwagandha, Reishi, Melisse, Kamille, Zimt & mehr \u2013 100% naturrein & vegan \u2013 Aus \u00f6kologischem Anbau \u2013 DE-\u00d6KO-005 - PureHiveHoney\",\"isPartOf\":{\"@id\":\"https:\\\/\\\/purehivehoney.com\\\/de\\\/#website\"},\"primaryImageOfPage\":{\"@id\":\"https:\\\/\\\/purehivehoney.com\\\/de\\\/product\\\/biotiva-herbal-night-blend-latte-bio-180g-mit-ashwagandha-reishi-melisse-kamille-zimt-mehr-100-naturrein-vegan-aus-oekologischem-anbau-de-oeko-005\\\/#primaryimage\"},\"image\":{\"@id\":\"https:\\\/\\\/purehivehoney.com\\\/de\\\/product\\\/biotiva-herbal-night-blend-latte-bio-180g-mit-ashwagandha-reishi-melisse-kamille-zimt-mehr-100-naturrein-vegan-aus-oekologischem-anbau-de-oeko-005\\\/#primaryimage\"},\"thumbnailUrl\":\"https:\\\/\\\/purehivehoney.com\\\/de\\\/wp-content\\\/uploads\\\/2026\\\/03\\\/716dT7vHrrL._AC_SL1500_.jpg\",\"datePublished\":\"2026-03-18T16:35:54+00:00\",\"dateModified\":\"2026-03-18T16:36:03+00:00\",\"description\":\"Entdecken Sie hochwertigen Rohhonig, Bio Honig, Manuka Honig und nat\u00fcrliche Bienenprodukte. PureHiveHoney hilft Ihnen dabei, sorgf\u00e4ltig ausgew\u00e4hlte Honigsorten mit nat\u00fcrlicher Qualit\u00e4t und Reinheit zu entdecken.\",\"breadcrumb\":{\"@id\":\"https:\\\/\\\/purehivehoney.com\\\/de\\\/product\\\/biotiva-herbal-night-blend-latte-bio-180g-mit-ashwagandha-reishi-melisse-kamille-zimt-mehr-100-naturrein-vegan-aus-oekologischem-anbau-de-oeko-005\\\/#breadcrumb\"},\"inLanguage\":\"de\",\"potentialAction\":[{\"@type\":\"ReadAction\",\"target\":[\"https:\\\/\\\/purehivehoney.com\\\/de\\\/product\\\/biotiva-herbal-night-blend-latte-bio-180g-mit-ashwagandha-reishi-melisse-kamille-zimt-mehr-100-naturrein-vegan-aus-oekologischem-anbau-de-oeko-005\\\/\"]}]},{\"@type\":\"ImageObject\",\"inLanguage\":\"de\",\"@id\":\"https:\\\/\\\/purehivehoney.com\\\/de\\\/product\\\/biotiva-herbal-night-blend-latte-bio-180g-mit-ashwagandha-reishi-melisse-kamille-zimt-mehr-100-naturrein-vegan-aus-oekologischem-anbau-de-oeko-005\\\/#primaryimage\",\"url\":\"https:\\\/\\\/purehivehoney.com\\\/de\\\/wp-content\\\/uploads\\\/2026\\\/03\\\/716dT7vHrrL._AC_SL1500_.jpg\",\"contentUrl\":\"https:\\\/\\\/purehivehoney.com\\\/de\\\/wp-content\\\/uploads\\\/2026\\\/03\\\/716dT7vHrrL._AC_SL1500_.jpg\",\"width\":1037,\"height\":1500},{\"@type\":\"BreadcrumbList\",\"@id\":\"https:\\\/\\\/purehivehoney.com\\\/de\\\/product\\\/biotiva-herbal-night-blend-latte-bio-180g-mit-ashwagandha-reishi-melisse-kamille-zimt-mehr-100-naturrein-vegan-aus-oekologischem-anbau-de-oeko-005\\\/#breadcrumb\",\"itemListElement\":[{\"@type\":\"ListItem\",\"position\":1,\"name\":\"Home\",\"item\":\"https:\\\/\\\/purehivehoney.com\\\/de\\\/\"},{\"@type\":\"ListItem\",\"position\":2,\"name\":\"Shop\",\"item\":\"https:\\\/\\\/purehivehoney.com\\\/de\\\/shop\\\/\"},{\"@type\":\"ListItem\",\"position\":3,\"name\":\"Biotiva Herbal Night Blend Latte Bi...\"}]},{\"@type\":\"WebSite\",\"@id\":\"https:\\\/\\\/purehivehoney.com\\\/de\\\/#website\",\"url\":\"https:\\\/\\\/purehivehoney.com\\\/de\\\/\",\"name\":\"PureHiveHoney\",\"description\":\"Reiner Honig &amp; Bienenprodukte Online | Rohhonig, Bio Honig &amp; Spezialhonig\",\"publisher\":{\"@id\":\"https:\\\/\\\/purehivehoney.com\\\/de\\\/#organization\"},\"potentialAction\":[{\"@type\":\"SearchAction\",\"target\":{\"@type\":\"EntryPoint\",\"urlTemplate\":\"https:\\\/\\\/purehivehoney.com\\\/de\\\/?s={search_term_string}\"},\"query-input\":{\"@type\":\"PropertyValueSpecification\",\"valueRequired\":true,\"valueName\":\"search_term_string\"}}],\"inLanguage\":\"de\"},{\"@type\":\"Organization\",\"@id\":\"https:\\\/\\\/purehivehoney.com\\\/de\\\/#organization\",\"name\":\"PureHiveHoney\",\"url\":\"https:\\\/\\\/purehivehoney.com\\\/de\\\/\",\"logo\":{\"@type\":\"ImageObject\",\"inLanguage\":\"de\",\"@id\":\"https:\\\/\\\/purehivehoney.com\\\/de\\\/#\\\/schema\\\/logo\\\/image\\\/\",\"url\":\"https:\\\/\\\/purehivehoney.com\\\/de\\\/wp-content\\\/uploads\\\/2026\\\/03\\\/Screenshot-2026-03-16-at-1.06.01-AM.png\",\"contentUrl\":\"https:\\\/\\\/purehivehoney.com\\\/de\\\/wp-content\\\/uploads\\\/2026\\\/03\\\/Screenshot-2026-03-16-at-1.06.01-AM.png\",\"width\":2112,\"height\":1086,\"caption\":\"PureHiveHoney\"},\"image\":{\"@id\":\"https:\\\/\\\/purehivehoney.com\\\/de\\\/#\\\/schema\\\/logo\\\/image\\\/\"}}]}<\/script>\n<!-- \/ Yoast SEO plugin. -->","yoast_head_json":{"title":"Biotiva Herbal Night Blend Latte Bio 180g \u2013 Mit Ashwagandha, Reishi, Melisse, Kamille, Zimt & mehr \u2013 100% naturrein & vegan \u2013 Aus \u00f6kologischem Anbau \u2013 DE-\u00d6KO-005 - PureHiveHoney","description":"Entdecken Sie hochwertigen Rohhonig, Bio Honig, Manuka Honig und nat\u00fcrliche Bienenprodukte. PureHiveHoney hilft Ihnen dabei, sorgf\u00e4ltig ausgew\u00e4hlte Honigsorten mit nat\u00fcrlicher Qualit\u00e4t und Reinheit zu entdecken.","robots":{"index":"index","follow":"follow","max-snippet":"max-snippet:-1","max-image-preview":"max-image-preview:large","max-video-preview":"max-video-preview:-1"},"canonical":"https:\/\/purehivehoney.com\/de\/product\/biotiva-herbal-night-blend-latte-bio-180g-mit-ashwagandha-reishi-melisse-kamille-zimt-mehr-100-naturrein-vegan-aus-oekologischem-anbau-de-oeko-005\/","og_locale":"de_DE","og_type":"article","og_title":"Biotiva Herbal Night Blend Latte Bio 180g \u2013 Mit Ashwagandha, Reishi, Melisse, Kamille, Zimt & mehr \u2013 100% naturrein & vegan \u2013 Aus \u00f6kologischem Anbau \u2013 DE-\u00d6KO-005 - PureHiveHoney","og_description":"Entdecken Sie hochwertigen Rohhonig, Bio Honig, Manuka Honig und nat\u00fcrliche Bienenprodukte. PureHiveHoney hilft Ihnen dabei, sorgf\u00e4ltig ausgew\u00e4hlte Honigsorten mit nat\u00fcrlicher Qualit\u00e4t und Reinheit zu entdecken.","og_url":"https:\/\/purehivehoney.com\/de\/product\/biotiva-herbal-night-blend-latte-bio-180g-mit-ashwagandha-reishi-melisse-kamille-zimt-mehr-100-naturrein-vegan-aus-oekologischem-anbau-de-oeko-005\/","og_site_name":"PureHiveHoney","article_modified_time":"2026-03-18T16:36:03+00:00","twitter_card":"summary_large_image","twitter_misc":{"Gesch\u00e4tzte Lesezeit":"1\u00a0Minute"},"schema":{"@context":"https:\/\/schema.org","@graph":[{"@type":"WebPage","@id":"https:\/\/purehivehoney.com\/de\/product\/biotiva-herbal-night-blend-latte-bio-180g-mit-ashwagandha-reishi-melisse-kamille-zimt-mehr-100-naturrein-vegan-aus-oekologischem-anbau-de-oeko-005\/","url":"https:\/\/purehivehoney.com\/de\/product\/biotiva-herbal-night-blend-latte-bio-180g-mit-ashwagandha-reishi-melisse-kamille-zimt-mehr-100-naturrein-vegan-aus-oekologischem-anbau-de-oeko-005\/","name":"Biotiva Herbal Night Blend Latte Bio 180g \u2013 Mit Ashwagandha, Reishi, Melisse, Kamille, Zimt & mehr \u2013 100% naturrein & vegan \u2013 Aus \u00f6kologischem Anbau \u2013 DE-\u00d6KO-005 - PureHiveHoney","isPartOf":{"@id":"https:\/\/purehivehoney.com\/de\/#website"},"primaryImageOfPage":{"@id":"https:\/\/purehivehoney.com\/de\/product\/biotiva-herbal-night-blend-latte-bio-180g-mit-ashwagandha-reishi-melisse-kamille-zimt-mehr-100-naturrein-vegan-aus-oekologischem-anbau-de-oeko-005\/#primaryimage"},"image":{"@id":"https:\/\/purehivehoney.com\/de\/product\/biotiva-herbal-night-blend-latte-bio-180g-mit-ashwagandha-reishi-melisse-kamille-zimt-mehr-100-naturrein-vegan-aus-oekologischem-anbau-de-oeko-005\/#primaryimage"},"thumbnailUrl":"https:\/\/purehivehoney.com\/de\/wp-content\/uploads\/2026\/03\/716dT7vHrrL._AC_SL1500_.jpg","datePublished":"2026-03-18T16:35:54+00:00","dateModified":"2026-03-18T16:36:03+00:00","description":"Entdecken Sie hochwertigen Rohhonig, Bio Honig, Manuka Honig und nat\u00fcrliche Bienenprodukte. PureHiveHoney hilft Ihnen dabei, sorgf\u00e4ltig ausgew\u00e4hlte Honigsorten mit nat\u00fcrlicher Qualit\u00e4t und Reinheit zu entdecken.","breadcrumb":{"@id":"https:\/\/purehivehoney.com\/de\/product\/biotiva-herbal-night-blend-latte-bio-180g-mit-ashwagandha-reishi-melisse-kamille-zimt-mehr-100-naturrein-vegan-aus-oekologischem-anbau-de-oeko-005\/#breadcrumb"},"inLanguage":"de","potentialAction":[{"@type":"ReadAction","target":["https:\/\/purehivehoney.com\/de\/product\/biotiva-herbal-night-blend-latte-bio-180g-mit-ashwagandha-reishi-melisse-kamille-zimt-mehr-100-naturrein-vegan-aus-oekologischem-anbau-de-oeko-005\/"]}]},{"@type":"ImageObject","inLanguage":"de","@id":"https:\/\/purehivehoney.com\/de\/product\/biotiva-herbal-night-blend-latte-bio-180g-mit-ashwagandha-reishi-melisse-kamille-zimt-mehr-100-naturrein-vegan-aus-oekologischem-anbau-de-oeko-005\/#primaryimage","url":"https:\/\/purehivehoney.com\/de\/wp-content\/uploads\/2026\/03\/716dT7vHrrL._AC_SL1500_.jpg","contentUrl":"https:\/\/purehivehoney.com\/de\/wp-content\/uploads\/2026\/03\/716dT7vHrrL._AC_SL1500_.jpg","width":1037,"height":1500},{"@type":"BreadcrumbList","@id":"https:\/\/purehivehoney.com\/de\/product\/biotiva-herbal-night-blend-latte-bio-180g-mit-ashwagandha-reishi-melisse-kamille-zimt-mehr-100-naturrein-vegan-aus-oekologischem-anbau-de-oeko-005\/#breadcrumb","itemListElement":[{"@type":"ListItem","position":1,"name":"Home","item":"https:\/\/purehivehoney.com\/de\/"},{"@type":"ListItem","position":2,"name":"Shop","item":"https:\/\/purehivehoney.com\/de\/shop\/"},{"@type":"ListItem","position":3,"name":"Biotiva Herbal Night Blend Latte Bi..."}]},{"@type":"WebSite","@id":"https:\/\/purehivehoney.com\/de\/#website","url":"https:\/\/purehivehoney.com\/de\/","name":"PureHiveHoney","description":"Reiner Honig &amp; Bienenprodukte Online | Rohhonig, Bio Honig &amp; Spezialhonig","publisher":{"@id":"https:\/\/purehivehoney.com\/de\/#organization"},"potentialAction":[{"@type":"SearchAction","target":{"@type":"EntryPoint","urlTemplate":"https:\/\/purehivehoney.com\/de\/?s={search_term_string}"},"query-input":{"@type":"PropertyValueSpecification","valueRequired":true,"valueName":"search_term_string"}}],"inLanguage":"de"},{"@type":"Organization","@id":"https:\/\/purehivehoney.com\/de\/#organization","name":"PureHiveHoney","url":"https:\/\/purehivehoney.com\/de\/","logo":{"@type":"ImageObject","inLanguage":"de","@id":"https:\/\/purehivehoney.com\/de\/#\/schema\/logo\/image\/","url":"https:\/\/purehivehoney.com\/de\/wp-content\/uploads\/2026\/03\/Screenshot-2026-03-16-at-1.06.01-AM.png","contentUrl":"https:\/\/purehivehoney.com\/de\/wp-content\/uploads\/2026\/03\/Screenshot-2026-03-16-at-1.06.01-AM.png","width":2112,"height":1086,"caption":"PureHiveHoney"},"image":{"@id":"https:\/\/purehivehoney.com\/de\/#\/schema\/logo\/image\/"}}]}},"_links":{"self":[{"href":"https:\/\/purehivehoney.com\/de\/wp-json\/wp\/v2\/product\/2002","targetHints":{"allow":["GET"]}}],"collection":[{"href":"https:\/\/purehivehoney.com\/de\/wp-json\/wp\/v2\/product"}],"about":[{"href":"https:\/\/purehivehoney.com\/de\/wp-json\/wp\/v2\/types\/product"}],"replies":[{"embeddable":true,"href":"https:\/\/purehivehoney.com\/de\/wp-json\/wp\/v2\/comments?post=2002"}],"wp:featuredmedia":[{"embeddable":true,"href":"https:\/\/purehivehoney.com\/de\/wp-json\/wp\/v2\/media\/2003"}],"wp:attachment":[{"href":"https:\/\/purehivehoney.com\/de\/wp-json\/wp\/v2\/media?parent=2002"}],"wp:term":[{"taxonomy":"store","embeddable":true,"href":"https:\/\/purehivehoney.com\/de\/wp-json\/wp\/v2\/store?post=2002"},{"taxonomy":"product_brand","embeddable":true,"href":"https:\/\/purehivehoney.com\/de\/wp-json\/wp\/v2\/product_brand?post=2002"},{"taxonomy":"product_cat","embeddable":true,"href":"https:\/\/purehivehoney.com\/de\/wp-json\/wp\/v2\/product_cat?post=2002"},{"taxonomy":"product_tag","embeddable":true,"href":"https:\/\/purehivehoney.com\/de\/wp-json\/wp\/v2\/product_tag?post=2002"}],"curies":[{"name":"wp","href":"https:\/\/api.w.org\/{rel}","templated":true}]}}