{"id":1993,"date":"2026-03-18T10:44:42","date_gmt":"2026-03-18T10:44:42","guid":{"rendered":"https:\/\/purehivehoney.com\/de\/product\/hocheffizienter-bienenpollensammler-imkerei-werkzeug-entfernungsgeraet-geeignet-fuer-kommerzielle-imkerei-bienenextraktor\/"},"modified":"2026-03-18T10:44:57","modified_gmt":"2026-03-18T10:44:57","slug":"hocheffizienter-bienenpollensammler-imkerei-werkzeug-entfernungsgeraet-geeignet-fuer-kommerzielle-imkerei-bienenextraktor","status":"publish","type":"product","link":"https:\/\/purehivehoney.com\/de\/product\/hocheffizienter-bienenpollensammler-imkerei-werkzeug-entfernungsgeraet-geeignet-fuer-kommerzielle-imkerei-bienenextraktor\/","title":{"rendered":"Hocheffizienter Bienenpollensammler..."},"content":{"rendered":"<p>    <span>Hocheffiziente Bienen Pollensammler Imkereiwerkzeug Pollenentfernungsger\u00e4t Geeignet f\u00fcr die gewerbliche Imkerei <br \/>Merkmal: <br \/>Dieser Bienenpollen nutzt fortschrittliche Technologie, um Pollen von Bienen zu entfernen, was die Sammlungseffizienz verbessert und Zeit f\u00fcr Imker spart. <br \/>Hergestellt aus hochwertigem Material, verf\u00fcgt \u00fcber ein klimaresistentes Design und benutzerfreundliche Schnittstellen f\u00fcr m\u00fchelosen Betrieb in Umgebungen. <br \/>Dieses Werkzeug wurde f\u00fcr gro\u00dfe Imkereien entwickelt und optimiert die Pollenernte auf Produktivit\u00e4t und Rentabilit\u00e4t f\u00fcr professionelle Imker. <br \/>Perfekt f\u00fcr Imkereien in verschiedenen Klimazonen, von warmen s\u00fcdlichen Regionen bis hin zu k\u00e4lteren n\u00f6rdlichen Zonen, um das ganze Jahr \u00fcber gleichbleibend zu gew\u00e4hrleisten. <br \/>Entwickelt mit Ger\u00e4uschreduzierungstechnologie, sorgt dies f\u00fcr eine sichere Pollenextraktion, ohne Bienen zu sch\u00e4digen, und \u00fcbertrifft traditionelle mechanische Methoden. <br \/>Technische Daten: <br \/>Bestandteil: <br \/>Farbe: Orangebess. <br \/>Gr\u00f6\u00dfe: ca. 510 x 410 mm. <br \/>Im Lieferumfang enthalten: <br \/>1 x Bienen Pollen Undou <br \/>Anmerkung: <br \/>Die Ma\u00dfe wurden manuell bestimmt und k\u00f6nnen daher um 1-2 cm abweichen. <br \/>Die dargestellten Farben k\u00f6nnen je nach Monitor und Bildschirmaufl\u00f6sung von den tats\u00e4chlichen Farben abweichen<\/span>    <br \/>Entwickelt mit Ger\u00e4uschreduzierungstechnologie, sorgt dies f\u00fcr eine sichere Pollenextraktion, ohne Bienen zu sch\u00e4digen, und \u00fcbertrifft traditionelle mechanische Methoden<br \/>Perfekt f\u00fcr Imkereien in verschiedenen Klimazonen, von warmen s\u00fcdlichen Regionen bis hin zu k\u00e4lteren n\u00f6rdlichen Zonen, um das ganze Jahr \u00fcber gleichbleibend zu gew\u00e4hrleisten<br \/>Dieses Werkzeug wurde f\u00fcr gro\u00dfe Imkereien entwickelt und optimiert die Pollenernte auf Produktivit\u00e4t und Rentabilit\u00e4t f\u00fcr professionelle Imker<br \/>Hergestellt aus hochwertigem Material, verf\u00fcgt \u00fcber ein klimaresistentes Design und benutzerfreundliche Schnittstellen f\u00fcr m\u00fchelosen Betrieb in Umgebungen<br \/>Dieser Bienenpollen nutzt fortschrittliche Technologie, um Pollen von Bienen zu entfernen, was die Sammlungseffizienz verbessert und Zeit f\u00fcr Imker spart<\/p>\n\n","protected":false},"excerpt":{"rendered":"<p>Hocheffiziente Bienen Pollensammler Imkereiwerkzeug Pollenentfernungsger\u00e4t Geeignet f\u00fcr die gewerbliche Imkerei Merkmal: Dieser Bienenpollen nutzt fortschrittliche Technologie, um Pollen von Bienen zu entfernen, was die Sammlungseffizienz verbessert und Zeit f\u00fcr Imker spart. Hergestellt aus hochwertigem Material, verf\u00fcgt \u00fcber ein klimaresistentes Design und benutzerfreundliche Schnittstellen f\u00fcr m\u00fchelosen Betrieb in Umgebungen. Dieses Werkzeug wurde f\u00fcr gro\u00dfe Imkereien entwickelt [&hellip;]<\/p>\n","protected":false},"featured_media":1994,"comment_status":"open","ping_status":"closed","template":"","meta":{"_aipt_faq_data":""},"store":[],"product_brand":[],"product_cat":[64],"product_tag":[217],"class_list":{"0":"post-1993","1":"product","2":"type-product","3":"status-publish","4":"has-post-thumbnail","6":"product_cat-bienenpollen","7":"product_tag-bienenpollen-aus-kontrollierter-herkunft","9":"first","10":"instock","11":"shipping-taxable","12":"product-type-external"},"yoast_head":"<!-- This site is optimized with the Yoast SEO plugin v27.4 - https:\/\/yoast.com\/product\/yoast-seo-wordpress\/ -->\n<title>Hocheffizienter Bienenpollensammler Imkerei-Werkzeug Entfernungsger\u00e4t Geeignet f\u00fcr kommerzielle Imkerei Bienenextraktor - PureHiveHoney<\/title>\n<meta name=\"description\" content=\"Entdecken Sie hochwertigen Rohhonig, Bio Honig, Manuka Honig und nat\u00fcrliche Bienenprodukte. PureHiveHoney hilft Ihnen dabei, sorgf\u00e4ltig ausgew\u00e4hlte Honigsorten mit nat\u00fcrlicher Qualit\u00e4t und Reinheit zu entdecken.\" \/>\n<meta name=\"robots\" content=\"index, follow, max-snippet:-1, max-image-preview:large, max-video-preview:-1\" \/>\n<link rel=\"canonical\" href=\"https:\/\/purehivehoney.com\/de\/product\/hocheffizienter-bienenpollensammler-imkerei-werkzeug-entfernungsgeraet-geeignet-fuer-kommerzielle-imkerei-bienenextraktor\/\" \/>\n<meta property=\"og:locale\" content=\"de_DE\" \/>\n<meta property=\"og:type\" content=\"article\" \/>\n<meta property=\"og:title\" content=\"Hocheffizienter Bienenpollensammler Imkerei-Werkzeug Entfernungsger\u00e4t Geeignet f\u00fcr kommerzielle Imkerei Bienenextraktor - PureHiveHoney\" \/>\n<meta property=\"og:description\" content=\"Entdecken Sie hochwertigen Rohhonig, Bio Honig, Manuka Honig und nat\u00fcrliche Bienenprodukte. PureHiveHoney hilft Ihnen dabei, sorgf\u00e4ltig ausgew\u00e4hlte Honigsorten mit nat\u00fcrlicher Qualit\u00e4t und Reinheit zu entdecken.\" \/>\n<meta property=\"og:url\" content=\"https:\/\/purehivehoney.com\/de\/product\/hocheffizienter-bienenpollensammler-imkerei-werkzeug-entfernungsgeraet-geeignet-fuer-kommerzielle-imkerei-bienenextraktor\/\" \/>\n<meta property=\"og:site_name\" content=\"PureHiveHoney\" \/>\n<meta property=\"article:modified_time\" content=\"2026-03-18T10:44:57+00:00\" \/>\n<meta name=\"twitter:card\" content=\"summary_large_image\" \/>\n<meta name=\"twitter:label1\" content=\"Gesch\u00e4tzte Lesezeit\" \/>\n\t<meta name=\"twitter:data1\" content=\"1\u00a0Minute\" \/>\n<script type=\"application\/ld+json\" class=\"yoast-schema-graph\">{\"@context\":\"https:\\\/\\\/schema.org\",\"@graph\":[{\"@type\":\"WebPage\",\"@id\":\"https:\\\/\\\/purehivehoney.com\\\/de\\\/product\\\/hocheffizienter-bienenpollensammler-imkerei-werkzeug-entfernungsgeraet-geeignet-fuer-kommerzielle-imkerei-bienenextraktor\\\/\",\"url\":\"https:\\\/\\\/purehivehoney.com\\\/de\\\/product\\\/hocheffizienter-bienenpollensammler-imkerei-werkzeug-entfernungsgeraet-geeignet-fuer-kommerzielle-imkerei-bienenextraktor\\\/\",\"name\":\"Hocheffizienter Bienenpollensammler Imkerei-Werkzeug Entfernungsger\u00e4t Geeignet f\u00fcr kommerzielle Imkerei Bienenextraktor - PureHiveHoney\",\"isPartOf\":{\"@id\":\"https:\\\/\\\/purehivehoney.com\\\/de\\\/#website\"},\"primaryImageOfPage\":{\"@id\":\"https:\\\/\\\/purehivehoney.com\\\/de\\\/product\\\/hocheffizienter-bienenpollensammler-imkerei-werkzeug-entfernungsgeraet-geeignet-fuer-kommerzielle-imkerei-bienenextraktor\\\/#primaryimage\"},\"image\":{\"@id\":\"https:\\\/\\\/purehivehoney.com\\\/de\\\/product\\\/hocheffizienter-bienenpollensammler-imkerei-werkzeug-entfernungsgeraet-geeignet-fuer-kommerzielle-imkerei-bienenextraktor\\\/#primaryimage\"},\"thumbnailUrl\":\"https:\\\/\\\/purehivehoney.com\\\/de\\\/wp-content\\\/uploads\\\/2026\\\/03\\\/1773830682_51kZI-ay9LL._AC_SL1500_.jpg\",\"datePublished\":\"2026-03-18T10:44:42+00:00\",\"dateModified\":\"2026-03-18T10:44:57+00:00\",\"description\":\"Entdecken Sie hochwertigen Rohhonig, Bio Honig, Manuka Honig und nat\u00fcrliche Bienenprodukte. PureHiveHoney hilft Ihnen dabei, sorgf\u00e4ltig ausgew\u00e4hlte Honigsorten mit nat\u00fcrlicher Qualit\u00e4t und Reinheit zu entdecken.\",\"breadcrumb\":{\"@id\":\"https:\\\/\\\/purehivehoney.com\\\/de\\\/product\\\/hocheffizienter-bienenpollensammler-imkerei-werkzeug-entfernungsgeraet-geeignet-fuer-kommerzielle-imkerei-bienenextraktor\\\/#breadcrumb\"},\"inLanguage\":\"de\",\"potentialAction\":[{\"@type\":\"ReadAction\",\"target\":[\"https:\\\/\\\/purehivehoney.com\\\/de\\\/product\\\/hocheffizienter-bienenpollensammler-imkerei-werkzeug-entfernungsgeraet-geeignet-fuer-kommerzielle-imkerei-bienenextraktor\\\/\"]}]},{\"@type\":\"ImageObject\",\"inLanguage\":\"de\",\"@id\":\"https:\\\/\\\/purehivehoney.com\\\/de\\\/product\\\/hocheffizienter-bienenpollensammler-imkerei-werkzeug-entfernungsgeraet-geeignet-fuer-kommerzielle-imkerei-bienenextraktor\\\/#primaryimage\",\"url\":\"https:\\\/\\\/purehivehoney.com\\\/de\\\/wp-content\\\/uploads\\\/2026\\\/03\\\/1773830682_51kZI-ay9LL._AC_SL1500_.jpg\",\"contentUrl\":\"https:\\\/\\\/purehivehoney.com\\\/de\\\/wp-content\\\/uploads\\\/2026\\\/03\\\/1773830682_51kZI-ay9LL._AC_SL1500_.jpg\",\"width\":1317,\"height\":900},{\"@type\":\"BreadcrumbList\",\"@id\":\"https:\\\/\\\/purehivehoney.com\\\/de\\\/product\\\/hocheffizienter-bienenpollensammler-imkerei-werkzeug-entfernungsgeraet-geeignet-fuer-kommerzielle-imkerei-bienenextraktor\\\/#breadcrumb\",\"itemListElement\":[{\"@type\":\"ListItem\",\"position\":1,\"name\":\"Home\",\"item\":\"https:\\\/\\\/purehivehoney.com\\\/de\\\/\"},{\"@type\":\"ListItem\",\"position\":2,\"name\":\"Shop\",\"item\":\"https:\\\/\\\/purehivehoney.com\\\/de\\\/shop\\\/\"},{\"@type\":\"ListItem\",\"position\":3,\"name\":\"Hocheffizienter Bienenpollensammler...\"}]},{\"@type\":\"WebSite\",\"@id\":\"https:\\\/\\\/purehivehoney.com\\\/de\\\/#website\",\"url\":\"https:\\\/\\\/purehivehoney.com\\\/de\\\/\",\"name\":\"PureHiveHoney\",\"description\":\"Reiner Honig &amp; Bienenprodukte Online | Rohhonig, Bio Honig &amp; Spezialhonig\",\"publisher\":{\"@id\":\"https:\\\/\\\/purehivehoney.com\\\/de\\\/#organization\"},\"potentialAction\":[{\"@type\":\"SearchAction\",\"target\":{\"@type\":\"EntryPoint\",\"urlTemplate\":\"https:\\\/\\\/purehivehoney.com\\\/de\\\/?s={search_term_string}\"},\"query-input\":{\"@type\":\"PropertyValueSpecification\",\"valueRequired\":true,\"valueName\":\"search_term_string\"}}],\"inLanguage\":\"de\"},{\"@type\":\"Organization\",\"@id\":\"https:\\\/\\\/purehivehoney.com\\\/de\\\/#organization\",\"name\":\"PureHiveHoney\",\"url\":\"https:\\\/\\\/purehivehoney.com\\\/de\\\/\",\"logo\":{\"@type\":\"ImageObject\",\"inLanguage\":\"de\",\"@id\":\"https:\\\/\\\/purehivehoney.com\\\/de\\\/#\\\/schema\\\/logo\\\/image\\\/\",\"url\":\"https:\\\/\\\/purehivehoney.com\\\/de\\\/wp-content\\\/uploads\\\/2026\\\/03\\\/Screenshot-2026-03-16-at-1.06.01-AM.png\",\"contentUrl\":\"https:\\\/\\\/purehivehoney.com\\\/de\\\/wp-content\\\/uploads\\\/2026\\\/03\\\/Screenshot-2026-03-16-at-1.06.01-AM.png\",\"width\":2112,\"height\":1086,\"caption\":\"PureHiveHoney\"},\"image\":{\"@id\":\"https:\\\/\\\/purehivehoney.com\\\/de\\\/#\\\/schema\\\/logo\\\/image\\\/\"}}]}<\/script>\n<!-- \/ Yoast SEO plugin. -->","yoast_head_json":{"title":"Hocheffizienter Bienenpollensammler Imkerei-Werkzeug Entfernungsger\u00e4t Geeignet f\u00fcr kommerzielle Imkerei Bienenextraktor - PureHiveHoney","description":"Entdecken Sie hochwertigen Rohhonig, Bio Honig, Manuka Honig und nat\u00fcrliche Bienenprodukte. PureHiveHoney hilft Ihnen dabei, sorgf\u00e4ltig ausgew\u00e4hlte Honigsorten mit nat\u00fcrlicher Qualit\u00e4t und Reinheit zu entdecken.","robots":{"index":"index","follow":"follow","max-snippet":"max-snippet:-1","max-image-preview":"max-image-preview:large","max-video-preview":"max-video-preview:-1"},"canonical":"https:\/\/purehivehoney.com\/de\/product\/hocheffizienter-bienenpollensammler-imkerei-werkzeug-entfernungsgeraet-geeignet-fuer-kommerzielle-imkerei-bienenextraktor\/","og_locale":"de_DE","og_type":"article","og_title":"Hocheffizienter Bienenpollensammler Imkerei-Werkzeug Entfernungsger\u00e4t Geeignet f\u00fcr kommerzielle Imkerei Bienenextraktor - PureHiveHoney","og_description":"Entdecken Sie hochwertigen Rohhonig, Bio Honig, Manuka Honig und nat\u00fcrliche Bienenprodukte. PureHiveHoney hilft Ihnen dabei, sorgf\u00e4ltig ausgew\u00e4hlte Honigsorten mit nat\u00fcrlicher Qualit\u00e4t und Reinheit zu entdecken.","og_url":"https:\/\/purehivehoney.com\/de\/product\/hocheffizienter-bienenpollensammler-imkerei-werkzeug-entfernungsgeraet-geeignet-fuer-kommerzielle-imkerei-bienenextraktor\/","og_site_name":"PureHiveHoney","article_modified_time":"2026-03-18T10:44:57+00:00","twitter_card":"summary_large_image","twitter_misc":{"Gesch\u00e4tzte Lesezeit":"1\u00a0Minute"},"schema":{"@context":"https:\/\/schema.org","@graph":[{"@type":"WebPage","@id":"https:\/\/purehivehoney.com\/de\/product\/hocheffizienter-bienenpollensammler-imkerei-werkzeug-entfernungsgeraet-geeignet-fuer-kommerzielle-imkerei-bienenextraktor\/","url":"https:\/\/purehivehoney.com\/de\/product\/hocheffizienter-bienenpollensammler-imkerei-werkzeug-entfernungsgeraet-geeignet-fuer-kommerzielle-imkerei-bienenextraktor\/","name":"Hocheffizienter Bienenpollensammler Imkerei-Werkzeug Entfernungsger\u00e4t Geeignet f\u00fcr kommerzielle Imkerei Bienenextraktor - PureHiveHoney","isPartOf":{"@id":"https:\/\/purehivehoney.com\/de\/#website"},"primaryImageOfPage":{"@id":"https:\/\/purehivehoney.com\/de\/product\/hocheffizienter-bienenpollensammler-imkerei-werkzeug-entfernungsgeraet-geeignet-fuer-kommerzielle-imkerei-bienenextraktor\/#primaryimage"},"image":{"@id":"https:\/\/purehivehoney.com\/de\/product\/hocheffizienter-bienenpollensammler-imkerei-werkzeug-entfernungsgeraet-geeignet-fuer-kommerzielle-imkerei-bienenextraktor\/#primaryimage"},"thumbnailUrl":"https:\/\/purehivehoney.com\/de\/wp-content\/uploads\/2026\/03\/1773830682_51kZI-ay9LL._AC_SL1500_.jpg","datePublished":"2026-03-18T10:44:42+00:00","dateModified":"2026-03-18T10:44:57+00:00","description":"Entdecken Sie hochwertigen Rohhonig, Bio Honig, Manuka Honig und nat\u00fcrliche Bienenprodukte. PureHiveHoney hilft Ihnen dabei, sorgf\u00e4ltig ausgew\u00e4hlte Honigsorten mit nat\u00fcrlicher Qualit\u00e4t und Reinheit zu entdecken.","breadcrumb":{"@id":"https:\/\/purehivehoney.com\/de\/product\/hocheffizienter-bienenpollensammler-imkerei-werkzeug-entfernungsgeraet-geeignet-fuer-kommerzielle-imkerei-bienenextraktor\/#breadcrumb"},"inLanguage":"de","potentialAction":[{"@type":"ReadAction","target":["https:\/\/purehivehoney.com\/de\/product\/hocheffizienter-bienenpollensammler-imkerei-werkzeug-entfernungsgeraet-geeignet-fuer-kommerzielle-imkerei-bienenextraktor\/"]}]},{"@type":"ImageObject","inLanguage":"de","@id":"https:\/\/purehivehoney.com\/de\/product\/hocheffizienter-bienenpollensammler-imkerei-werkzeug-entfernungsgeraet-geeignet-fuer-kommerzielle-imkerei-bienenextraktor\/#primaryimage","url":"https:\/\/purehivehoney.com\/de\/wp-content\/uploads\/2026\/03\/1773830682_51kZI-ay9LL._AC_SL1500_.jpg","contentUrl":"https:\/\/purehivehoney.com\/de\/wp-content\/uploads\/2026\/03\/1773830682_51kZI-ay9LL._AC_SL1500_.jpg","width":1317,"height":900},{"@type":"BreadcrumbList","@id":"https:\/\/purehivehoney.com\/de\/product\/hocheffizienter-bienenpollensammler-imkerei-werkzeug-entfernungsgeraet-geeignet-fuer-kommerzielle-imkerei-bienenextraktor\/#breadcrumb","itemListElement":[{"@type":"ListItem","position":1,"name":"Home","item":"https:\/\/purehivehoney.com\/de\/"},{"@type":"ListItem","position":2,"name":"Shop","item":"https:\/\/purehivehoney.com\/de\/shop\/"},{"@type":"ListItem","position":3,"name":"Hocheffizienter Bienenpollensammler..."}]},{"@type":"WebSite","@id":"https:\/\/purehivehoney.com\/de\/#website","url":"https:\/\/purehivehoney.com\/de\/","name":"PureHiveHoney","description":"Reiner Honig &amp; Bienenprodukte Online | Rohhonig, Bio Honig &amp; Spezialhonig","publisher":{"@id":"https:\/\/purehivehoney.com\/de\/#organization"},"potentialAction":[{"@type":"SearchAction","target":{"@type":"EntryPoint","urlTemplate":"https:\/\/purehivehoney.com\/de\/?s={search_term_string}"},"query-input":{"@type":"PropertyValueSpecification","valueRequired":true,"valueName":"search_term_string"}}],"inLanguage":"de"},{"@type":"Organization","@id":"https:\/\/purehivehoney.com\/de\/#organization","name":"PureHiveHoney","url":"https:\/\/purehivehoney.com\/de\/","logo":{"@type":"ImageObject","inLanguage":"de","@id":"https:\/\/purehivehoney.com\/de\/#\/schema\/logo\/image\/","url":"https:\/\/purehivehoney.com\/de\/wp-content\/uploads\/2026\/03\/Screenshot-2026-03-16-at-1.06.01-AM.png","contentUrl":"https:\/\/purehivehoney.com\/de\/wp-content\/uploads\/2026\/03\/Screenshot-2026-03-16-at-1.06.01-AM.png","width":2112,"height":1086,"caption":"PureHiveHoney"},"image":{"@id":"https:\/\/purehivehoney.com\/de\/#\/schema\/logo\/image\/"}}]}},"_links":{"self":[{"href":"https:\/\/purehivehoney.com\/de\/wp-json\/wp\/v2\/product\/1993","targetHints":{"allow":["GET"]}}],"collection":[{"href":"https:\/\/purehivehoney.com\/de\/wp-json\/wp\/v2\/product"}],"about":[{"href":"https:\/\/purehivehoney.com\/de\/wp-json\/wp\/v2\/types\/product"}],"replies":[{"embeddable":true,"href":"https:\/\/purehivehoney.com\/de\/wp-json\/wp\/v2\/comments?post=1993"}],"wp:featuredmedia":[{"embeddable":true,"href":"https:\/\/purehivehoney.com\/de\/wp-json\/wp\/v2\/media\/1994"}],"wp:attachment":[{"href":"https:\/\/purehivehoney.com\/de\/wp-json\/wp\/v2\/media?parent=1993"}],"wp:term":[{"taxonomy":"store","embeddable":true,"href":"https:\/\/purehivehoney.com\/de\/wp-json\/wp\/v2\/store?post=1993"},{"taxonomy":"product_brand","embeddable":true,"href":"https:\/\/purehivehoney.com\/de\/wp-json\/wp\/v2\/product_brand?post=1993"},{"taxonomy":"product_cat","embeddable":true,"href":"https:\/\/purehivehoney.com\/de\/wp-json\/wp\/v2\/product_cat?post=1993"},{"taxonomy":"product_tag","embeddable":true,"href":"https:\/\/purehivehoney.com\/de\/wp-json\/wp\/v2\/product_tag?post=1993"}],"curies":[{"name":"wp","href":"https:\/\/api.w.org\/{rel}","templated":true}]}}