{"id":1978,"date":"2026-03-18T06:32:59","date_gmt":"2026-03-18T06:32:59","guid":{"rendered":"https:\/\/purehivehoney.com\/de\/product\/ipalat-halspastillen-classic-40-st-badartikel\/"},"modified":"2026-03-18T06:33:08","modified_gmt":"2026-03-18T06:33:08","slug":"ipalat-halspastillen-classic-40-st-badartikel","status":"publish","type":"product","link":"https:\/\/purehivehoney.com\/de\/product\/ipalat-halspastillen-classic-40-st-badartikel\/","title":{"rendered":"Ipalat Halspastillen Classic, 40 St..."},"content":{"rendered":"<p>                                             Product Description   <\/p>\n<p>                                                                             <img decoding=\"async\" alt=\"ipalat Halspastillen Naturkraft zuckerfrei\" src=\"https:\/\/images-na.ssl-images-amazon.com\/images\/G\/01\/x-locale\/common\/grey-pixel.gif\" class=\"a-spacing-base a-lazy-loaded\" data-src=\"https:\/\/m.media-amazon.com\/images\/S\/aplus-media-library-service-media\/c2471aaf-0555-4804-9d90-08d8a5cf02be.__CR41,0,1088,673_PT0_SX970_V1___.jpg\"><img decoding=\"async\" alt=\"ipalat Halspastillen Naturkraft zuckerfrei\" src=\"https:\/\/m.media-amazon.com\/images\/S\/aplus-media-library-service-media\/c2471aaf-0555-4804-9d90-08d8a5cf02be.__CR41,0,1088,673_PT0_SX970_V1___.jpg\">                                                                    <\/p>\n<p>                                                                             <img decoding=\"async\" alt=\"Ipalat Classic Halspastillatschtablettenbeh\u00e4lter. Wei\u00dfe zylindrische Packung mit rotem Etikett. Aufgelistete Produktmerkmale: zuckerfreier, beruhigender und nat\u00fcrlicher Kr\u00e4uterextrakt\" src=\"https:\/\/images-na.ssl-images-amazon.com\/images\/G\/01\/x-locale\/common\/grey-pixel.gif\" class=\"a-spacing-base a-lazy-loaded\" data-src=\"https:\/\/m.media-amazon.com\/images\/S\/aplus-media-library-service-media\/d0745283-acf5-49e4-813c-d73247c86aab.__CR0,5,1171,724_PT0_SX970_V1___.jpg\"><img decoding=\"async\" alt=\"Ipalat Classic Halspastillatschtablettenbeh\u00e4lter. Wei\u00dfe zylindrische Packung mit rotem Etikett. Aufgelistete Produktmerkmale: zuckerfreier, beruhigender und nat\u00fcrlicher Kr\u00e4uterextrakt\" src=\"https:\/\/m.media-amazon.com\/images\/S\/aplus-media-library-service-media\/d0745283-acf5-49e4-813c-d73247c86aab.__CR0,5,1171,724_PT0_SX970_V1___.jpg\">                                                                    <\/p>\n<p>                                                                             <img decoding=\"async\" alt=\"Drei Dosen Ipalat-Lutschtabletten in verschiedenen Varianten: Classic, Zuckerfrei (zuckerfrei) und Honigmalz (Honigmalz).\" src=\"https:\/\/images-na.ssl-images-amazon.com\/images\/G\/01\/x-locale\/common\/grey-pixel.gif\" class=\"a-spacing-base a-lazy-loaded\" data-src=\"https:\/\/m.media-amazon.com\/images\/S\/aplus-media-library-service-media\/3a723b66-af3f-4365-9a27-d0ffa560325c.__CR0,0,970,600_PT0_SX970_V1___.jpg\"><img decoding=\"async\" alt=\"Drei Dosen Ipalat-Lutschtabletten in verschiedenen Varianten: Classic, Zuckerfrei (zuckerfrei) und Honigmalz (Honigmalz).\" src=\"https:\/\/m.media-amazon.com\/images\/S\/aplus-media-library-service-media\/3a723b66-af3f-4365-9a27-d0ffa560325c.__CR0,0,970,600_PT0_SX970_V1___.jpg\">                                                                    <\/p>\n<p>                                                                             <img decoding=\"async\" alt=\"Hand haltend kleinen wei\u00dfen Beh\u00e4lter vor rosafarbenem Hintergrund. Deutscher Text weist auf Funktionen hin. Das Produkt scheint zur Haut- oder Nagelpflege bestimmt zu sein.\" src=\"https:\/\/images-na.ssl-images-amazon.com\/images\/G\/01\/x-locale\/common\/grey-pixel.gif\" class=\"a-spacing-base a-lazy-loaded\" data-src=\"https:\/\/m.media-amazon.com\/images\/S\/aplus-media-library-service-media\/20c548e9-51e0-4fa5-bc0e-a74ba1663ac6.__CR0,0,970,600_PT0_SX970_V1___.jpg\"><img decoding=\"async\" alt=\"Hand haltend kleinen wei\u00dfen Beh\u00e4lter vor rosafarbenem Hintergrund. Deutscher Text weist auf Funktionen hin. Das Produkt scheint zur Haut- oder Nagelpflege bestimmt zu sein.\" src=\"https:\/\/m.media-amazon.com\/images\/S\/aplus-media-library-service-media\/20c548e9-51e0-4fa5-bc0e-a74ba1663ac6.__CR0,0,970,600_PT0_SX970_V1___.jpg\">                                                                    <\/p>\n<p>                                                  <img decoding=\"async\" alt=\"Rotes Textzitat in deutscher Sprache mit der Zuschreibung \u201eSabine, Studentin\u201c am unteren Rand\" src=\"https:\/\/images-na.ssl-images-amazon.com\/images\/G\/01\/x-locale\/common\/grey-pixel.gif\" class=\"a-lazy-loaded\" data-src=\"https:\/\/m.media-amazon.com\/images\/S\/aplus-media-library-service-media\/ffc4c5bd-5331-48fc-a90e-64a767727199.__CR0,51,1171,362_PT0_SX970_V1___.jpg\"><img decoding=\"async\" alt=\"Rotes Textzitat in deutscher Sprache mit der Zuschreibung \u201eSabine, Studentin\u201c am unteren Rand\" src=\"https:\/\/m.media-amazon.com\/images\/S\/aplus-media-library-service-media\/ffc4c5bd-5331-48fc-a90e-64a767727199.__CR0,51,1171,362_PT0_SX970_V1___.jpg\">  <\/p>\n<p>                                                                             <img decoding=\"async\" alt=\"Ipalat Halspastilledose auf rotem Hintergrund mit botanischen Illustrationen, die nat\u00fcrliche Inhaltsstoffe wie Fenchel und Minze zeigen\" src=\"https:\/\/images-na.ssl-images-amazon.com\/images\/G\/01\/x-locale\/common\/grey-pixel.gif\" class=\"a-spacing-base a-lazy-loaded\" data-src=\"https:\/\/m.media-amazon.com\/images\/S\/aplus-media-library-service-media\/76a5c829-27d1-4e56-b3ee-d2a7890464d6.__CR0,52,2046,1266_PT0_SX970_V1___.png\"><img decoding=\"async\" alt=\"Ipalat Halspastilledose auf rotem Hintergrund mit botanischen Illustrationen, die nat\u00fcrliche Inhaltsstoffe wie Fenchel und Minze zeigen\" src=\"https:\/\/m.media-amazon.com\/images\/S\/aplus-media-library-service-media\/76a5c829-27d1-4e56-b3ee-d2a7890464d6.__CR0,52,2046,1266_PT0_SX970_V1___.png\">                                                                    <\/p>\n<p>                                                                             <img decoding=\"async\" alt=\"ipalat Halspastillen FAQ\" src=\"https:\/\/images-na.ssl-images-amazon.com\/images\/G\/01\/x-locale\/common\/grey-pixel.gif\" class=\"a-spacing-base a-lazy-loaded\" data-src=\"https:\/\/m.media-amazon.com\/images\/S\/aplus-media-library-service-media\/600ea7f6-a13d-411c-bb48-71a1b8883c00.__CR0,110,1171,724_PT0_SX970_V1___.jpg\"><img decoding=\"async\" alt=\"ipalat Halspastillen FAQ\" src=\"https:\/\/m.media-amazon.com\/images\/S\/aplus-media-library-service-media\/600ea7f6-a13d-411c-bb48-71a1b8883c00.__CR0,110,1171,724_PT0_SX970_V1___.jpg\">                                                                    <\/p>\n<p> Is Discontinued By Manufacturer                                            \u200f                                            :                                            \u200e                                            No   <br \/> Product Dimensions                                            \u200f                                            :                                            \u200e                                            0.1 x 0.1 x 0.1 cm; 5 g   <br \/> Manufacturer                                            \u200f                                            :                                            \u200e                                            Dr. Pfleger Arzneimittel GmbH, Deutschland   <br \/> ASIN                                            \u200f                                            :                                            \u200e                                            B00BUDEHG4   <br \/> Item model number                                            \u200f                                            :                                            \u200e                                            9942092   <br \/>  Customer reviews:                                                                                            4.6               4.6 out of 5 stars                                  (225)                                              var dpAcrHasRegisteredArcLinkClickAction;                    P.when(&#8218;A&#8216;, &#8218;ready&#8216;).execute(function(A) {                        if (dpAcrHasRegisteredArcLinkClickAction !== true) {                            dpAcrHasRegisteredArcLinkClickAction = true;                            A.declarative(                                &#8218;acrLink-click-metrics&#8216;, &#8218;click&#8216;,                                { &#8222;allowLinkDefault&#8220;: true },                                function (event) {                                    if (window.ue) {                                        ue.count(&#8222;acrLinkClickCount&#8220;, (ue.count(&#8222;acrLinkClickCount&#8220;) || 0) + 1);                                    }                                }                            );                        }                    });                                             P.when(&#8218;A&#8216;, &#8218;cf&#8216;).execute(function(A) {                A.declarative(&#8218;acrStarsLink-click-metrics&#8216;, &#8218;click&#8216;, { &#8222;allowLinkDefault&#8220; : true },  function(event){                    if(window.ue) {                        ue.count(&#8222;acrStarsLinkWithPopoverClickCount&#8220;, (ue.count(&#8222;acrStarsLinkWithPopoverClickCount&#8220;) || 0) + 1);                    }                });            });                          <br \/>PZN: 9942092<br \/>Vegetable natural power<br \/>Menthol fresh<\/p>\n\n","protected":false},"excerpt":{"rendered":"<p>Product Description Is Discontinued By Manufacturer \u200f : \u200e No Product Dimensions \u200f : \u200e 0.1 x 0.1 x 0.1 cm; 5 g Manufacturer \u200f : \u200e Dr. Pfleger Arzneimittel GmbH, Deutschland ASIN \u200f : \u200e B00BUDEHG4 Item model number \u200f : \u200e 9942092 Customer reviews: 4.6 4.6 out of 5 stars (225) var dpAcrHasRegisteredArcLinkClickAction; [&hellip;]<\/p>\n","protected":false},"featured_media":1979,"comment_status":"open","ping_status":"closed","template":"","meta":{"_aipt_faq_data":""},"store":[],"product_brand":[],"product_cat":[61],"product_tag":[306],"class_list":{"0":"post-1978","1":"product","2":"type-product","3":"status-publish","4":"has-post-thumbnail","6":"product_cat-honig-gegen-halsschmerzen","7":"product_tag-honig-gegen-halsschmerzen-lauwarm","9":"first","10":"instock","11":"shipping-taxable","12":"product-type-external"},"yoast_head":"<!-- This site is optimized with the Yoast SEO plugin v27.4 - https:\/\/yoast.com\/product\/yoast-seo-wordpress\/ -->\n<title>Ipalat Halspastillen Classic, 40 St [Badartikel] - PureHiveHoney<\/title>\n<meta name=\"description\" content=\"Entdecken Sie hochwertigen Rohhonig, Bio Honig, Manuka Honig und nat\u00fcrliche Bienenprodukte. PureHiveHoney hilft Ihnen dabei, sorgf\u00e4ltig ausgew\u00e4hlte Honigsorten mit nat\u00fcrlicher Qualit\u00e4t und Reinheit zu entdecken.\" \/>\n<meta name=\"robots\" content=\"index, follow, max-snippet:-1, max-image-preview:large, max-video-preview:-1\" \/>\n<link rel=\"canonical\" href=\"https:\/\/purehivehoney.com\/de\/product\/ipalat-halspastillen-classic-40-st-badartikel\/\" \/>\n<meta property=\"og:locale\" content=\"de_DE\" \/>\n<meta property=\"og:type\" content=\"article\" \/>\n<meta property=\"og:title\" content=\"Ipalat Halspastillen Classic, 40 St [Badartikel] - PureHiveHoney\" \/>\n<meta property=\"og:description\" content=\"Entdecken Sie hochwertigen Rohhonig, Bio Honig, Manuka Honig und nat\u00fcrliche Bienenprodukte. PureHiveHoney hilft Ihnen dabei, sorgf\u00e4ltig ausgew\u00e4hlte Honigsorten mit nat\u00fcrlicher Qualit\u00e4t und Reinheit zu entdecken.\" \/>\n<meta property=\"og:url\" content=\"https:\/\/purehivehoney.com\/de\/product\/ipalat-halspastillen-classic-40-st-badartikel\/\" \/>\n<meta property=\"og:site_name\" content=\"PureHiveHoney\" \/>\n<meta property=\"article:modified_time\" content=\"2026-03-18T06:33:08+00:00\" \/>\n<meta property=\"og:image\" content=\"https:\/\/images-na.ssl-images-amazon.com\/images\/G\/01\/x-locale\/common\/grey-pixel.gif\" \/>\n<meta name=\"twitter:card\" content=\"summary_large_image\" \/>\n<script type=\"application\/ld+json\" class=\"yoast-schema-graph\">{\"@context\":\"https:\\\/\\\/schema.org\",\"@graph\":[{\"@type\":\"WebPage\",\"@id\":\"https:\\\/\\\/purehivehoney.com\\\/de\\\/product\\\/ipalat-halspastillen-classic-40-st-badartikel\\\/\",\"url\":\"https:\\\/\\\/purehivehoney.com\\\/de\\\/product\\\/ipalat-halspastillen-classic-40-st-badartikel\\\/\",\"name\":\"Ipalat Halspastillen Classic, 40 St [Badartikel] - PureHiveHoney\",\"isPartOf\":{\"@id\":\"https:\\\/\\\/purehivehoney.com\\\/de\\\/#website\"},\"primaryImageOfPage\":{\"@id\":\"https:\\\/\\\/purehivehoney.com\\\/de\\\/product\\\/ipalat-halspastillen-classic-40-st-badartikel\\\/#primaryimage\"},\"image\":{\"@id\":\"https:\\\/\\\/purehivehoney.com\\\/de\\\/product\\\/ipalat-halspastillen-classic-40-st-badartikel\\\/#primaryimage\"},\"thumbnailUrl\":\"https:\\\/\\\/purehivehoney.com\\\/de\\\/wp-content\\\/uploads\\\/2026\\\/03\\\/51x7zolVeBL._AC_SL1000_.jpg\",\"datePublished\":\"2026-03-18T06:32:59+00:00\",\"dateModified\":\"2026-03-18T06:33:08+00:00\",\"description\":\"Entdecken Sie hochwertigen Rohhonig, Bio Honig, Manuka Honig und nat\u00fcrliche Bienenprodukte. PureHiveHoney hilft Ihnen dabei, sorgf\u00e4ltig ausgew\u00e4hlte Honigsorten mit nat\u00fcrlicher Qualit\u00e4t und Reinheit zu entdecken.\",\"breadcrumb\":{\"@id\":\"https:\\\/\\\/purehivehoney.com\\\/de\\\/product\\\/ipalat-halspastillen-classic-40-st-badartikel\\\/#breadcrumb\"},\"inLanguage\":\"de\",\"potentialAction\":[{\"@type\":\"ReadAction\",\"target\":[\"https:\\\/\\\/purehivehoney.com\\\/de\\\/product\\\/ipalat-halspastillen-classic-40-st-badartikel\\\/\"]}]},{\"@type\":\"ImageObject\",\"inLanguage\":\"de\",\"@id\":\"https:\\\/\\\/purehivehoney.com\\\/de\\\/product\\\/ipalat-halspastillen-classic-40-st-badartikel\\\/#primaryimage\",\"url\":\"https:\\\/\\\/purehivehoney.com\\\/de\\\/wp-content\\\/uploads\\\/2026\\\/03\\\/51x7zolVeBL._AC_SL1000_.jpg\",\"contentUrl\":\"https:\\\/\\\/purehivehoney.com\\\/de\\\/wp-content\\\/uploads\\\/2026\\\/03\\\/51x7zolVeBL._AC_SL1000_.jpg\",\"width\":559,\"height\":681},{\"@type\":\"BreadcrumbList\",\"@id\":\"https:\\\/\\\/purehivehoney.com\\\/de\\\/product\\\/ipalat-halspastillen-classic-40-st-badartikel\\\/#breadcrumb\",\"itemListElement\":[{\"@type\":\"ListItem\",\"position\":1,\"name\":\"Home\",\"item\":\"https:\\\/\\\/purehivehoney.com\\\/de\\\/\"},{\"@type\":\"ListItem\",\"position\":2,\"name\":\"Shop\",\"item\":\"https:\\\/\\\/purehivehoney.com\\\/de\\\/shop\\\/\"},{\"@type\":\"ListItem\",\"position\":3,\"name\":\"Ipalat Halspastillen Classic, 40 St...\"}]},{\"@type\":\"WebSite\",\"@id\":\"https:\\\/\\\/purehivehoney.com\\\/de\\\/#website\",\"url\":\"https:\\\/\\\/purehivehoney.com\\\/de\\\/\",\"name\":\"PureHiveHoney\",\"description\":\"Reiner Honig &amp; Bienenprodukte Online | Rohhonig, Bio Honig &amp; Spezialhonig\",\"publisher\":{\"@id\":\"https:\\\/\\\/purehivehoney.com\\\/de\\\/#organization\"},\"potentialAction\":[{\"@type\":\"SearchAction\",\"target\":{\"@type\":\"EntryPoint\",\"urlTemplate\":\"https:\\\/\\\/purehivehoney.com\\\/de\\\/?s={search_term_string}\"},\"query-input\":{\"@type\":\"PropertyValueSpecification\",\"valueRequired\":true,\"valueName\":\"search_term_string\"}}],\"inLanguage\":\"de\"},{\"@type\":\"Organization\",\"@id\":\"https:\\\/\\\/purehivehoney.com\\\/de\\\/#organization\",\"name\":\"PureHiveHoney\",\"url\":\"https:\\\/\\\/purehivehoney.com\\\/de\\\/\",\"logo\":{\"@type\":\"ImageObject\",\"inLanguage\":\"de\",\"@id\":\"https:\\\/\\\/purehivehoney.com\\\/de\\\/#\\\/schema\\\/logo\\\/image\\\/\",\"url\":\"https:\\\/\\\/purehivehoney.com\\\/de\\\/wp-content\\\/uploads\\\/2026\\\/03\\\/Screenshot-2026-03-16-at-1.06.01-AM.png\",\"contentUrl\":\"https:\\\/\\\/purehivehoney.com\\\/de\\\/wp-content\\\/uploads\\\/2026\\\/03\\\/Screenshot-2026-03-16-at-1.06.01-AM.png\",\"width\":2112,\"height\":1086,\"caption\":\"PureHiveHoney\"},\"image\":{\"@id\":\"https:\\\/\\\/purehivehoney.com\\\/de\\\/#\\\/schema\\\/logo\\\/image\\\/\"}}]}<\/script>\n<!-- \/ Yoast SEO plugin. -->","yoast_head_json":{"title":"Ipalat Halspastillen Classic, 40 St [Badartikel] - PureHiveHoney","description":"Entdecken Sie hochwertigen Rohhonig, Bio Honig, Manuka Honig und nat\u00fcrliche Bienenprodukte. PureHiveHoney hilft Ihnen dabei, sorgf\u00e4ltig ausgew\u00e4hlte Honigsorten mit nat\u00fcrlicher Qualit\u00e4t und Reinheit zu entdecken.","robots":{"index":"index","follow":"follow","max-snippet":"max-snippet:-1","max-image-preview":"max-image-preview:large","max-video-preview":"max-video-preview:-1"},"canonical":"https:\/\/purehivehoney.com\/de\/product\/ipalat-halspastillen-classic-40-st-badartikel\/","og_locale":"de_DE","og_type":"article","og_title":"Ipalat Halspastillen Classic, 40 St [Badartikel] - PureHiveHoney","og_description":"Entdecken Sie hochwertigen Rohhonig, Bio Honig, Manuka Honig und nat\u00fcrliche Bienenprodukte. PureHiveHoney hilft Ihnen dabei, sorgf\u00e4ltig ausgew\u00e4hlte Honigsorten mit nat\u00fcrlicher Qualit\u00e4t und Reinheit zu entdecken.","og_url":"https:\/\/purehivehoney.com\/de\/product\/ipalat-halspastillen-classic-40-st-badartikel\/","og_site_name":"PureHiveHoney","article_modified_time":"2026-03-18T06:33:08+00:00","og_image":[{"url":"https:\/\/images-na.ssl-images-amazon.com\/images\/G\/01\/x-locale\/common\/grey-pixel.gif","type":"","width":"","height":""}],"twitter_card":"summary_large_image","schema":{"@context":"https:\/\/schema.org","@graph":[{"@type":"WebPage","@id":"https:\/\/purehivehoney.com\/de\/product\/ipalat-halspastillen-classic-40-st-badartikel\/","url":"https:\/\/purehivehoney.com\/de\/product\/ipalat-halspastillen-classic-40-st-badartikel\/","name":"Ipalat Halspastillen Classic, 40 St [Badartikel] - PureHiveHoney","isPartOf":{"@id":"https:\/\/purehivehoney.com\/de\/#website"},"primaryImageOfPage":{"@id":"https:\/\/purehivehoney.com\/de\/product\/ipalat-halspastillen-classic-40-st-badartikel\/#primaryimage"},"image":{"@id":"https:\/\/purehivehoney.com\/de\/product\/ipalat-halspastillen-classic-40-st-badartikel\/#primaryimage"},"thumbnailUrl":"https:\/\/purehivehoney.com\/de\/wp-content\/uploads\/2026\/03\/51x7zolVeBL._AC_SL1000_.jpg","datePublished":"2026-03-18T06:32:59+00:00","dateModified":"2026-03-18T06:33:08+00:00","description":"Entdecken Sie hochwertigen Rohhonig, Bio Honig, Manuka Honig und nat\u00fcrliche Bienenprodukte. PureHiveHoney hilft Ihnen dabei, sorgf\u00e4ltig ausgew\u00e4hlte Honigsorten mit nat\u00fcrlicher Qualit\u00e4t und Reinheit zu entdecken.","breadcrumb":{"@id":"https:\/\/purehivehoney.com\/de\/product\/ipalat-halspastillen-classic-40-st-badartikel\/#breadcrumb"},"inLanguage":"de","potentialAction":[{"@type":"ReadAction","target":["https:\/\/purehivehoney.com\/de\/product\/ipalat-halspastillen-classic-40-st-badartikel\/"]}]},{"@type":"ImageObject","inLanguage":"de","@id":"https:\/\/purehivehoney.com\/de\/product\/ipalat-halspastillen-classic-40-st-badartikel\/#primaryimage","url":"https:\/\/purehivehoney.com\/de\/wp-content\/uploads\/2026\/03\/51x7zolVeBL._AC_SL1000_.jpg","contentUrl":"https:\/\/purehivehoney.com\/de\/wp-content\/uploads\/2026\/03\/51x7zolVeBL._AC_SL1000_.jpg","width":559,"height":681},{"@type":"BreadcrumbList","@id":"https:\/\/purehivehoney.com\/de\/product\/ipalat-halspastillen-classic-40-st-badartikel\/#breadcrumb","itemListElement":[{"@type":"ListItem","position":1,"name":"Home","item":"https:\/\/purehivehoney.com\/de\/"},{"@type":"ListItem","position":2,"name":"Shop","item":"https:\/\/purehivehoney.com\/de\/shop\/"},{"@type":"ListItem","position":3,"name":"Ipalat Halspastillen Classic, 40 St..."}]},{"@type":"WebSite","@id":"https:\/\/purehivehoney.com\/de\/#website","url":"https:\/\/purehivehoney.com\/de\/","name":"PureHiveHoney","description":"Reiner Honig &amp; Bienenprodukte Online | Rohhonig, Bio Honig &amp; Spezialhonig","publisher":{"@id":"https:\/\/purehivehoney.com\/de\/#organization"},"potentialAction":[{"@type":"SearchAction","target":{"@type":"EntryPoint","urlTemplate":"https:\/\/purehivehoney.com\/de\/?s={search_term_string}"},"query-input":{"@type":"PropertyValueSpecification","valueRequired":true,"valueName":"search_term_string"}}],"inLanguage":"de"},{"@type":"Organization","@id":"https:\/\/purehivehoney.com\/de\/#organization","name":"PureHiveHoney","url":"https:\/\/purehivehoney.com\/de\/","logo":{"@type":"ImageObject","inLanguage":"de","@id":"https:\/\/purehivehoney.com\/de\/#\/schema\/logo\/image\/","url":"https:\/\/purehivehoney.com\/de\/wp-content\/uploads\/2026\/03\/Screenshot-2026-03-16-at-1.06.01-AM.png","contentUrl":"https:\/\/purehivehoney.com\/de\/wp-content\/uploads\/2026\/03\/Screenshot-2026-03-16-at-1.06.01-AM.png","width":2112,"height":1086,"caption":"PureHiveHoney"},"image":{"@id":"https:\/\/purehivehoney.com\/de\/#\/schema\/logo\/image\/"}}]}},"_links":{"self":[{"href":"https:\/\/purehivehoney.com\/de\/wp-json\/wp\/v2\/product\/1978","targetHints":{"allow":["GET"]}}],"collection":[{"href":"https:\/\/purehivehoney.com\/de\/wp-json\/wp\/v2\/product"}],"about":[{"href":"https:\/\/purehivehoney.com\/de\/wp-json\/wp\/v2\/types\/product"}],"replies":[{"embeddable":true,"href":"https:\/\/purehivehoney.com\/de\/wp-json\/wp\/v2\/comments?post=1978"}],"wp:featuredmedia":[{"embeddable":true,"href":"https:\/\/purehivehoney.com\/de\/wp-json\/wp\/v2\/media\/1979"}],"wp:attachment":[{"href":"https:\/\/purehivehoney.com\/de\/wp-json\/wp\/v2\/media?parent=1978"}],"wp:term":[{"taxonomy":"store","embeddable":true,"href":"https:\/\/purehivehoney.com\/de\/wp-json\/wp\/v2\/store?post=1978"},{"taxonomy":"product_brand","embeddable":true,"href":"https:\/\/purehivehoney.com\/de\/wp-json\/wp\/v2\/product_brand?post=1978"},{"taxonomy":"product_cat","embeddable":true,"href":"https:\/\/purehivehoney.com\/de\/wp-json\/wp\/v2\/product_cat?post=1978"},{"taxonomy":"product_tag","embeddable":true,"href":"https:\/\/purehivehoney.com\/de\/wp-json\/wp\/v2\/product_tag?post=1978"}],"curies":[{"name":"wp","href":"https:\/\/api.w.org\/{rel}","templated":true}]}}