{"id":1958,"date":"2026-03-18T04:54:26","date_gmt":"2026-03-18T04:54:26","guid":{"rendered":"https:\/\/purehivehoney.com\/de\/product\/neo-angin-benzydamine-spray-against-acute-sore-throat-fights-inflammation-and-decongestant-effect-for-adults-and-school-children-sugar-free-economy-set-with-2-x-30-ml\/"},"modified":"2026-03-18T04:54:44","modified_gmt":"2026-03-18T04:54:44","slug":"neo-angin-benzydamine-spray-against-acute-sore-throat-fights-inflammation-and-decongestant-effect-for-adults-and-school-children-sugar-free-economy-set-with-2-x-30-ml","status":"publish","type":"product","link":"https:\/\/purehivehoney.com\/de\/product\/neo-angin-benzydamine-spray-against-acute-sore-throat-fights-inflammation-and-decongestant-effect-for-adults-and-school-children-sugar-free-economy-set-with-2-x-30-ml\/","title":{"rendered":"neo-angin Benzydamine Spray Against..."},"content":{"rendered":"<p>                                             From the brand   <\/p>\n<p>                                              <img decoding=\"async\" alt=\"aplus content image\" src=\"https:\/\/images-na.ssl-images-amazon.com\/images\/G\/01\/x-locale\/common\/grey-pixel.gif\" class=\"a-lazy-loaded\" data-src=\"https:\/\/m.media-amazon.com\/images\/S\/aplus-media-library-service-media\/1edd6bc5-ee4e-4a82-b388-23b774920eef.__CR0,0,1464,625_PT0_SX1464_V1___.jpg\"><img decoding=\"async\" alt=\"aplus content image\" src=\"https:\/\/m.media-amazon.com\/images\/S\/aplus-media-library-service-media\/1edd6bc5-ee4e-4a82-b388-23b774920eef.__CR0,0,1464,625_PT0_SX1464_V1___.jpg\">  <\/p>\n<p>                                              <img decoding=\"async\" alt=\"aplus content image\" src=\"https:\/\/images-na.ssl-images-amazon.com\/images\/G\/01\/x-locale\/common\/grey-pixel.gif\" class=\"a-lazy-loaded\" data-src=\"https:\/\/m.media-amazon.com\/images\/S\/aplus-media-library-service-media\/6c74bcdf-11e0-4efc-a581-0eedd769d9a8.__CR0,0,724,906_PT0_SX362_V1___.jpg\"><img decoding=\"async\" alt=\"aplus content image\" src=\"https:\/\/m.media-amazon.com\/images\/S\/aplus-media-library-service-media\/6c74bcdf-11e0-4efc-a581-0eedd769d9a8.__CR0,0,724,906_PT0_SX362_V1___.jpg\">  <\/p>\n<p>                                              <img decoding=\"async\" alt=\"Text reads: &amp;#39;Lutschtabletten mit 3-fach-Effekt&amp;#39; &amp;#39;neo-angin&amp;#39;. Medication package showing green and white design with red accent elements.\" src=\"https:\/\/images-na.ssl-images-amazon.com\/images\/G\/01\/x-locale\/common\/grey-pixel.gif\" class=\"a-lazy-loaded\" data-src=\"https:\/\/m.media-amazon.com\/images\/S\/aplus-media-library-service-media\/25bacb16-46d1-4942-bcd0-ced2b15f8982.__CR0,0,724,906_PT0_SX362_V1___.jpg\"><img decoding=\"async\" alt=\"Text reads: &amp;#39;Lutschtabletten mit 3-fach-Effekt&amp;#39; &amp;#39;neo-angin&amp;#39;. Medication package showing green and white design with red accent elements.\" src=\"https:\/\/m.media-amazon.com\/images\/S\/aplus-media-library-service-media\/25bacb16-46d1-4942-bcd0-ced2b15f8982.__CR0,0,724,906_PT0_SX362_V1___.jpg\">  <\/p>\n<p>                                              <img decoding=\"async\" alt=\"aplus content image\" src=\"https:\/\/images-na.ssl-images-amazon.com\/images\/G\/01\/x-locale\/common\/grey-pixel.gif\" class=\"a-lazy-loaded\" data-src=\"https:\/\/m.media-amazon.com\/images\/S\/aplus-media-library-service-media\/43dab949-5c23-4dd6-958c-3dc8054c5028.__CR0,0,724,906_PT0_SX362_V1___.jpg\"><img decoding=\"async\" alt=\"aplus content image\" src=\"https:\/\/m.media-amazon.com\/images\/S\/aplus-media-library-service-media\/43dab949-5c23-4dd6-958c-3dc8054c5028.__CR0,0,724,906_PT0_SX362_V1___.jpg\">  <\/p>\n<h3> Sore throat? Click here!  <\/h3>\n<p>                                              <img decoding=\"async\" alt=\"Text reads &amp;#39;Gegen akute Halsschmerzen.&amp;#39; Product display of neo-angin medication packaging showing orange and white boxes and containers. Icons indicate pain relief and duration benefits.\" src=\"https:\/\/images-na.ssl-images-amazon.com\/images\/G\/01\/x-locale\/common\/grey-pixel.gif\" class=\"a-lazy-loaded\" data-src=\"https:\/\/m.media-amazon.com\/images\/S\/aplus-media-library-service-media\/c9452d59-ae7f-43c5-8b63-34414b171414.__CR0,0,724,906_PT0_SX362_V1___.jpg\"><img decoding=\"async\" alt=\"Text reads &amp;#39;Gegen akute Halsschmerzen.&amp;#39; Product display of neo-angin medication packaging showing orange and white boxes and containers. Icons indicate pain relief and duration benefits.\" src=\"https:\/\/m.media-amazon.com\/images\/S\/aplus-media-library-service-media\/c9452d59-ae7f-43c5-8b63-34414b171414.__CR0,0,724,906_PT0_SX362_V1___.jpg\">  <\/p>\n<p>                                              <img decoding=\"async\" alt=\"aplus content image\" src=\"https:\/\/images-na.ssl-images-amazon.com\/images\/G\/01\/x-locale\/common\/grey-pixel.gif\" class=\"a-lazy-loaded\" data-src=\"https:\/\/m.media-amazon.com\/images\/S\/aplus-media-library-service-media\/4e6388cd-5f9c-43a3-be35-2420c29ad0e4.__CR0,0,724,906_PT0_SX362_V1___.jpg\"><img decoding=\"async\" alt=\"aplus content image\" src=\"https:\/\/m.media-amazon.com\/images\/S\/aplus-media-library-service-media\/4e6388cd-5f9c-43a3-be35-2420c29ad0e4.__CR0,0,724,906_PT0_SX362_V1___.jpg\">  <\/p>\n<h3> Quick help? Click here! <\/h3>\n<p>                                              <img decoding=\"async\" alt=\"aplus content image\" src=\"https:\/\/images-na.ssl-images-amazon.com\/images\/G\/01\/x-locale\/common\/grey-pixel.gif\" class=\"a-lazy-loaded\" data-src=\"https:\/\/m.media-amazon.com\/images\/S\/aplus-media-library-service-media\/8934a17d-161e-4ee2-b200-8cb5e6a72320.__CR0,0,724,906_PT0_SX362_V1___.jpg\"><img decoding=\"async\" alt=\"aplus content image\" src=\"https:\/\/m.media-amazon.com\/images\/S\/aplus-media-library-service-media\/8934a17d-161e-4ee2-b200-8cb5e6a72320.__CR0,0,724,906_PT0_SX362_V1___.jpg\">  <\/p>\n<p>                                              <img decoding=\"async\" alt=\"aplus content image\" src=\"https:\/\/images-na.ssl-images-amazon.com\/images\/G\/01\/x-locale\/common\/grey-pixel.gif\" class=\"a-lazy-loaded\" data-src=\"https:\/\/m.media-amazon.com\/images\/S\/aplus-media-library-service-media\/b9568367-20da-4067-9d9a-a8d2c8b42bba.__CR0,0,724,906_PT0_SX362_V1___.jpg\"><img decoding=\"async\" alt=\"aplus content image\" src=\"https:\/\/m.media-amazon.com\/images\/S\/aplus-media-library-service-media\/b9568367-20da-4067-9d9a-a8d2c8b42bba.__CR0,0,724,906_PT0_SX362_V1___.jpg\">  <\/p>\n<h3> Discover neo-angin junior! <\/h3>\n<p> Product Dimensions                                            \u200f                                            :                                            \u200e                                            4.4 x 4 x 11.5 cm; 114 g   <br \/> Manufacturer                                            \u200f                                            :                                            \u200e                                            MCM Klosterfrau Vertr. GmbH   <br \/> ASIN                                            \u200f                                            :                                            \u200e                                            B08XQXGTJM   <br \/> Manufacturer reference                                            \u200f                                            :                                            \u200e                                            12607316   <br \/>  Customer reviews:                                                                                            4.3               4.3 out of 5 stars                                  (151)                                              var dpAcrHasRegisteredArcLinkClickAction;                    P.when(&#8218;A&#8216;, &#8218;ready&#8216;).execute(function(A) {                        if (dpAcrHasRegisteredArcLinkClickAction !== true) {                            dpAcrHasRegisteredArcLinkClickAction = true;                            A.declarative(                                &#8218;acrLink-click-metrics&#8216;, &#8218;click&#8216;,                                { &#8222;allowLinkDefault&#8220;: true },                                function (event) {                                    if (window.ue) {                                        ue.count(&#8222;acrLinkClickCount&#8220;, (ue.count(&#8222;acrLinkClickCount&#8220;) || 0) + 1);                                    }                                }                            );                        }                    });                                             P.when(&#8218;A&#8216;, &#8218;cf&#8216;).execute(function(A) {                A.declarative(&#8218;acrStarsLink-click-metrics&#8216;, &#8218;click&#8216;, { &#8222;allowLinkDefault&#8220; : true },  function(event){                    if(window.ue) {                        ue.count(&#8222;acrStarsLinkWithPopoverClickCount&#8220;, (ue.count(&#8222;acrStarsLinkWithPopoverClickCount&#8220;) || 0) + 1);                    }                });            });                          <br \/>neo-angin Benzydamine spray combats inflammation in the throat, has a decongestant effect and has a slightly numbing effect<br \/>The active ingredient benzydamine absorbs acute pain and at the same time fights inflammation in the mouth and throat area<br \/>The spray tastes pleasantly of cherry and is sugar-free<br \/>Application: The solution is usually applied 2 to 6 times a day (at most every 1.5-3 hours)<br \/>For risks and side effects, read the package leaflet and ask your doctor, doctor or at your pharmacy.<\/p>\n\n","protected":false},"excerpt":{"rendered":"<p>From the brand Sore throat? Click here! Quick help? Click here! Discover neo-angin junior! Product Dimensions \u200f : \u200e 4.4 x 4 x 11.5 cm; 114 g Manufacturer \u200f : \u200e MCM Klosterfrau Vertr. GmbH ASIN \u200f : \u200e B08XQXGTJM Manufacturer reference \u200f : \u200e 12607316 Customer reviews: 4.3 4.3 out of 5 stars (151) [&hellip;]<\/p>\n","protected":false},"featured_media":1959,"comment_status":"open","ping_status":"closed","template":"","meta":{"_aipt_faq_data":""},"store":[],"product_brand":[307],"product_cat":[61],"product_tag":[306],"class_list":{"0":"post-1958","1":"product","2":"type-product","3":"status-publish","4":"has-post-thumbnail","6":"product_brand-neo-angin","7":"product_cat-honig-gegen-halsschmerzen","8":"product_tag-honig-gegen-halsschmerzen-lauwarm","10":"first","11":"instock","12":"shipping-taxable","13":"product-type-external"},"yoast_head":"<!-- This site is optimized with the Yoast SEO plugin v27.4 - https:\/\/yoast.com\/product\/yoast-seo-wordpress\/ -->\n<title>neo-angin Benzydamine Spray Against Acute Sore Throat, Fights Inflammation and Decongestant Effect, For Adults and School Children, Sugar-Free, Economy Set with 2 x 30 ml - PureHiveHoney<\/title>\n<meta name=\"description\" content=\"Entdecken Sie hochwertigen Rohhonig, Bio Honig, Manuka Honig und nat\u00fcrliche Bienenprodukte. PureHiveHoney hilft Ihnen dabei, sorgf\u00e4ltig ausgew\u00e4hlte Honigsorten mit nat\u00fcrlicher Qualit\u00e4t und Reinheit zu entdecken.\" \/>\n<meta name=\"robots\" content=\"index, follow, max-snippet:-1, max-image-preview:large, max-video-preview:-1\" \/>\n<link rel=\"canonical\" href=\"https:\/\/purehivehoney.com\/de\/product\/neo-angin-benzydamine-spray-against-acute-sore-throat-fights-inflammation-and-decongestant-effect-for-adults-and-school-children-sugar-free-economy-set-with-2-x-30-ml\/\" \/>\n<meta property=\"og:locale\" content=\"de_DE\" \/>\n<meta property=\"og:type\" content=\"article\" \/>\n<meta property=\"og:title\" content=\"neo-angin Benzydamine Spray Against Acute Sore Throat, Fights Inflammation and Decongestant Effect, For Adults and School Children, Sugar-Free, Economy Set with 2 x 30 ml - PureHiveHoney\" \/>\n<meta property=\"og:description\" content=\"Entdecken Sie hochwertigen Rohhonig, Bio Honig, Manuka Honig und nat\u00fcrliche Bienenprodukte. PureHiveHoney hilft Ihnen dabei, sorgf\u00e4ltig ausgew\u00e4hlte Honigsorten mit nat\u00fcrlicher Qualit\u00e4t und Reinheit zu entdecken.\" \/>\n<meta property=\"og:url\" content=\"https:\/\/purehivehoney.com\/de\/product\/neo-angin-benzydamine-spray-against-acute-sore-throat-fights-inflammation-and-decongestant-effect-for-adults-and-school-children-sugar-free-economy-set-with-2-x-30-ml\/\" \/>\n<meta property=\"og:site_name\" content=\"PureHiveHoney\" \/>\n<meta property=\"article:modified_time\" content=\"2026-03-18T04:54:44+00:00\" \/>\n<meta property=\"og:image\" content=\"https:\/\/images-na.ssl-images-amazon.com\/images\/G\/01\/x-locale\/common\/grey-pixel.gif\" \/>\n<meta name=\"twitter:card\" content=\"summary_large_image\" \/>\n<meta name=\"twitter:label1\" content=\"Gesch\u00e4tzte Lesezeit\" \/>\n\t<meta name=\"twitter:data1\" content=\"1\u00a0Minute\" \/>\n<script type=\"application\/ld+json\" class=\"yoast-schema-graph\">{\"@context\":\"https:\\\/\\\/schema.org\",\"@graph\":[{\"@type\":\"WebPage\",\"@id\":\"https:\\\/\\\/purehivehoney.com\\\/de\\\/product\\\/neo-angin-benzydamine-spray-against-acute-sore-throat-fights-inflammation-and-decongestant-effect-for-adults-and-school-children-sugar-free-economy-set-with-2-x-30-ml\\\/\",\"url\":\"https:\\\/\\\/purehivehoney.com\\\/de\\\/product\\\/neo-angin-benzydamine-spray-against-acute-sore-throat-fights-inflammation-and-decongestant-effect-for-adults-and-school-children-sugar-free-economy-set-with-2-x-30-ml\\\/\",\"name\":\"neo-angin Benzydamine Spray Against Acute Sore Throat, Fights Inflammation and Decongestant Effect, For Adults and School Children, Sugar-Free, Economy Set with 2 x 30 ml - PureHiveHoney\",\"isPartOf\":{\"@id\":\"https:\\\/\\\/purehivehoney.com\\\/de\\\/#website\"},\"primaryImageOfPage\":{\"@id\":\"https:\\\/\\\/purehivehoney.com\\\/de\\\/product\\\/neo-angin-benzydamine-spray-against-acute-sore-throat-fights-inflammation-and-decongestant-effect-for-adults-and-school-children-sugar-free-economy-set-with-2-x-30-ml\\\/#primaryimage\"},\"image\":{\"@id\":\"https:\\\/\\\/purehivehoney.com\\\/de\\\/product\\\/neo-angin-benzydamine-spray-against-acute-sore-throat-fights-inflammation-and-decongestant-effect-for-adults-and-school-children-sugar-free-economy-set-with-2-x-30-ml\\\/#primaryimage\"},\"thumbnailUrl\":\"https:\\\/\\\/purehivehoney.com\\\/de\\\/wp-content\\\/uploads\\\/2026\\\/03\\\/61s0JxcAk0L._AC_SL1500_.jpg\",\"datePublished\":\"2026-03-18T04:54:26+00:00\",\"dateModified\":\"2026-03-18T04:54:44+00:00\",\"description\":\"Entdecken Sie hochwertigen Rohhonig, Bio Honig, Manuka Honig und nat\u00fcrliche Bienenprodukte. PureHiveHoney hilft Ihnen dabei, sorgf\u00e4ltig ausgew\u00e4hlte Honigsorten mit nat\u00fcrlicher Qualit\u00e4t und Reinheit zu entdecken.\",\"breadcrumb\":{\"@id\":\"https:\\\/\\\/purehivehoney.com\\\/de\\\/product\\\/neo-angin-benzydamine-spray-against-acute-sore-throat-fights-inflammation-and-decongestant-effect-for-adults-and-school-children-sugar-free-economy-set-with-2-x-30-ml\\\/#breadcrumb\"},\"inLanguage\":\"de\",\"potentialAction\":[{\"@type\":\"ReadAction\",\"target\":[\"https:\\\/\\\/purehivehoney.com\\\/de\\\/product\\\/neo-angin-benzydamine-spray-against-acute-sore-throat-fights-inflammation-and-decongestant-effect-for-adults-and-school-children-sugar-free-economy-set-with-2-x-30-ml\\\/\"]}]},{\"@type\":\"ImageObject\",\"inLanguage\":\"de\",\"@id\":\"https:\\\/\\\/purehivehoney.com\\\/de\\\/product\\\/neo-angin-benzydamine-spray-against-acute-sore-throat-fights-inflammation-and-decongestant-effect-for-adults-and-school-children-sugar-free-economy-set-with-2-x-30-ml\\\/#primaryimage\",\"url\":\"https:\\\/\\\/purehivehoney.com\\\/de\\\/wp-content\\\/uploads\\\/2026\\\/03\\\/61s0JxcAk0L._AC_SL1500_.jpg\",\"contentUrl\":\"https:\\\/\\\/purehivehoney.com\\\/de\\\/wp-content\\\/uploads\\\/2026\\\/03\\\/61s0JxcAk0L._AC_SL1500_.jpg\",\"width\":1378,\"height\":1130},{\"@type\":\"BreadcrumbList\",\"@id\":\"https:\\\/\\\/purehivehoney.com\\\/de\\\/product\\\/neo-angin-benzydamine-spray-against-acute-sore-throat-fights-inflammation-and-decongestant-effect-for-adults-and-school-children-sugar-free-economy-set-with-2-x-30-ml\\\/#breadcrumb\",\"itemListElement\":[{\"@type\":\"ListItem\",\"position\":1,\"name\":\"Home\",\"item\":\"https:\\\/\\\/purehivehoney.com\\\/de\\\/\"},{\"@type\":\"ListItem\",\"position\":2,\"name\":\"Shop\",\"item\":\"https:\\\/\\\/purehivehoney.com\\\/de\\\/shop\\\/\"},{\"@type\":\"ListItem\",\"position\":3,\"name\":\"neo-angin Benzydamine Spray Against...\"}]},{\"@type\":\"WebSite\",\"@id\":\"https:\\\/\\\/purehivehoney.com\\\/de\\\/#website\",\"url\":\"https:\\\/\\\/purehivehoney.com\\\/de\\\/\",\"name\":\"PureHiveHoney\",\"description\":\"Reiner Honig &amp; Bienenprodukte Online | Rohhonig, Bio Honig &amp; Spezialhonig\",\"publisher\":{\"@id\":\"https:\\\/\\\/purehivehoney.com\\\/de\\\/#organization\"},\"potentialAction\":[{\"@type\":\"SearchAction\",\"target\":{\"@type\":\"EntryPoint\",\"urlTemplate\":\"https:\\\/\\\/purehivehoney.com\\\/de\\\/?s={search_term_string}\"},\"query-input\":{\"@type\":\"PropertyValueSpecification\",\"valueRequired\":true,\"valueName\":\"search_term_string\"}}],\"inLanguage\":\"de\"},{\"@type\":\"Organization\",\"@id\":\"https:\\\/\\\/purehivehoney.com\\\/de\\\/#organization\",\"name\":\"PureHiveHoney\",\"url\":\"https:\\\/\\\/purehivehoney.com\\\/de\\\/\",\"logo\":{\"@type\":\"ImageObject\",\"inLanguage\":\"de\",\"@id\":\"https:\\\/\\\/purehivehoney.com\\\/de\\\/#\\\/schema\\\/logo\\\/image\\\/\",\"url\":\"https:\\\/\\\/purehivehoney.com\\\/de\\\/wp-content\\\/uploads\\\/2026\\\/03\\\/Screenshot-2026-03-16-at-1.06.01-AM.png\",\"contentUrl\":\"https:\\\/\\\/purehivehoney.com\\\/de\\\/wp-content\\\/uploads\\\/2026\\\/03\\\/Screenshot-2026-03-16-at-1.06.01-AM.png\",\"width\":2112,\"height\":1086,\"caption\":\"PureHiveHoney\"},\"image\":{\"@id\":\"https:\\\/\\\/purehivehoney.com\\\/de\\\/#\\\/schema\\\/logo\\\/image\\\/\"}}]}<\/script>\n<!-- \/ Yoast SEO plugin. -->","yoast_head_json":{"title":"neo-angin Benzydamine Spray Against Acute Sore Throat, Fights Inflammation and Decongestant Effect, For Adults and School Children, Sugar-Free, Economy Set with 2 x 30 ml - PureHiveHoney","description":"Entdecken Sie hochwertigen Rohhonig, Bio Honig, Manuka Honig und nat\u00fcrliche Bienenprodukte. PureHiveHoney hilft Ihnen dabei, sorgf\u00e4ltig ausgew\u00e4hlte Honigsorten mit nat\u00fcrlicher Qualit\u00e4t und Reinheit zu entdecken.","robots":{"index":"index","follow":"follow","max-snippet":"max-snippet:-1","max-image-preview":"max-image-preview:large","max-video-preview":"max-video-preview:-1"},"canonical":"https:\/\/purehivehoney.com\/de\/product\/neo-angin-benzydamine-spray-against-acute-sore-throat-fights-inflammation-and-decongestant-effect-for-adults-and-school-children-sugar-free-economy-set-with-2-x-30-ml\/","og_locale":"de_DE","og_type":"article","og_title":"neo-angin Benzydamine Spray Against Acute Sore Throat, Fights Inflammation and Decongestant Effect, For Adults and School Children, Sugar-Free, Economy Set with 2 x 30 ml - PureHiveHoney","og_description":"Entdecken Sie hochwertigen Rohhonig, Bio Honig, Manuka Honig und nat\u00fcrliche Bienenprodukte. PureHiveHoney hilft Ihnen dabei, sorgf\u00e4ltig ausgew\u00e4hlte Honigsorten mit nat\u00fcrlicher Qualit\u00e4t und Reinheit zu entdecken.","og_url":"https:\/\/purehivehoney.com\/de\/product\/neo-angin-benzydamine-spray-against-acute-sore-throat-fights-inflammation-and-decongestant-effect-for-adults-and-school-children-sugar-free-economy-set-with-2-x-30-ml\/","og_site_name":"PureHiveHoney","article_modified_time":"2026-03-18T04:54:44+00:00","og_image":[{"url":"https:\/\/images-na.ssl-images-amazon.com\/images\/G\/01\/x-locale\/common\/grey-pixel.gif","type":"","width":"","height":""}],"twitter_card":"summary_large_image","twitter_misc":{"Gesch\u00e4tzte Lesezeit":"1\u00a0Minute"},"schema":{"@context":"https:\/\/schema.org","@graph":[{"@type":"WebPage","@id":"https:\/\/purehivehoney.com\/de\/product\/neo-angin-benzydamine-spray-against-acute-sore-throat-fights-inflammation-and-decongestant-effect-for-adults-and-school-children-sugar-free-economy-set-with-2-x-30-ml\/","url":"https:\/\/purehivehoney.com\/de\/product\/neo-angin-benzydamine-spray-against-acute-sore-throat-fights-inflammation-and-decongestant-effect-for-adults-and-school-children-sugar-free-economy-set-with-2-x-30-ml\/","name":"neo-angin Benzydamine Spray Against Acute Sore Throat, Fights Inflammation and Decongestant Effect, For Adults and School Children, Sugar-Free, Economy Set with 2 x 30 ml - PureHiveHoney","isPartOf":{"@id":"https:\/\/purehivehoney.com\/de\/#website"},"primaryImageOfPage":{"@id":"https:\/\/purehivehoney.com\/de\/product\/neo-angin-benzydamine-spray-against-acute-sore-throat-fights-inflammation-and-decongestant-effect-for-adults-and-school-children-sugar-free-economy-set-with-2-x-30-ml\/#primaryimage"},"image":{"@id":"https:\/\/purehivehoney.com\/de\/product\/neo-angin-benzydamine-spray-against-acute-sore-throat-fights-inflammation-and-decongestant-effect-for-adults-and-school-children-sugar-free-economy-set-with-2-x-30-ml\/#primaryimage"},"thumbnailUrl":"https:\/\/purehivehoney.com\/de\/wp-content\/uploads\/2026\/03\/61s0JxcAk0L._AC_SL1500_.jpg","datePublished":"2026-03-18T04:54:26+00:00","dateModified":"2026-03-18T04:54:44+00:00","description":"Entdecken Sie hochwertigen Rohhonig, Bio Honig, Manuka Honig und nat\u00fcrliche Bienenprodukte. PureHiveHoney hilft Ihnen dabei, sorgf\u00e4ltig ausgew\u00e4hlte Honigsorten mit nat\u00fcrlicher Qualit\u00e4t und Reinheit zu entdecken.","breadcrumb":{"@id":"https:\/\/purehivehoney.com\/de\/product\/neo-angin-benzydamine-spray-against-acute-sore-throat-fights-inflammation-and-decongestant-effect-for-adults-and-school-children-sugar-free-economy-set-with-2-x-30-ml\/#breadcrumb"},"inLanguage":"de","potentialAction":[{"@type":"ReadAction","target":["https:\/\/purehivehoney.com\/de\/product\/neo-angin-benzydamine-spray-against-acute-sore-throat-fights-inflammation-and-decongestant-effect-for-adults-and-school-children-sugar-free-economy-set-with-2-x-30-ml\/"]}]},{"@type":"ImageObject","inLanguage":"de","@id":"https:\/\/purehivehoney.com\/de\/product\/neo-angin-benzydamine-spray-against-acute-sore-throat-fights-inflammation-and-decongestant-effect-for-adults-and-school-children-sugar-free-economy-set-with-2-x-30-ml\/#primaryimage","url":"https:\/\/purehivehoney.com\/de\/wp-content\/uploads\/2026\/03\/61s0JxcAk0L._AC_SL1500_.jpg","contentUrl":"https:\/\/purehivehoney.com\/de\/wp-content\/uploads\/2026\/03\/61s0JxcAk0L._AC_SL1500_.jpg","width":1378,"height":1130},{"@type":"BreadcrumbList","@id":"https:\/\/purehivehoney.com\/de\/product\/neo-angin-benzydamine-spray-against-acute-sore-throat-fights-inflammation-and-decongestant-effect-for-adults-and-school-children-sugar-free-economy-set-with-2-x-30-ml\/#breadcrumb","itemListElement":[{"@type":"ListItem","position":1,"name":"Home","item":"https:\/\/purehivehoney.com\/de\/"},{"@type":"ListItem","position":2,"name":"Shop","item":"https:\/\/purehivehoney.com\/de\/shop\/"},{"@type":"ListItem","position":3,"name":"neo-angin Benzydamine Spray Against..."}]},{"@type":"WebSite","@id":"https:\/\/purehivehoney.com\/de\/#website","url":"https:\/\/purehivehoney.com\/de\/","name":"PureHiveHoney","description":"Reiner Honig &amp; Bienenprodukte Online | Rohhonig, Bio Honig &amp; Spezialhonig","publisher":{"@id":"https:\/\/purehivehoney.com\/de\/#organization"},"potentialAction":[{"@type":"SearchAction","target":{"@type":"EntryPoint","urlTemplate":"https:\/\/purehivehoney.com\/de\/?s={search_term_string}"},"query-input":{"@type":"PropertyValueSpecification","valueRequired":true,"valueName":"search_term_string"}}],"inLanguage":"de"},{"@type":"Organization","@id":"https:\/\/purehivehoney.com\/de\/#organization","name":"PureHiveHoney","url":"https:\/\/purehivehoney.com\/de\/","logo":{"@type":"ImageObject","inLanguage":"de","@id":"https:\/\/purehivehoney.com\/de\/#\/schema\/logo\/image\/","url":"https:\/\/purehivehoney.com\/de\/wp-content\/uploads\/2026\/03\/Screenshot-2026-03-16-at-1.06.01-AM.png","contentUrl":"https:\/\/purehivehoney.com\/de\/wp-content\/uploads\/2026\/03\/Screenshot-2026-03-16-at-1.06.01-AM.png","width":2112,"height":1086,"caption":"PureHiveHoney"},"image":{"@id":"https:\/\/purehivehoney.com\/de\/#\/schema\/logo\/image\/"}}]}},"_links":{"self":[{"href":"https:\/\/purehivehoney.com\/de\/wp-json\/wp\/v2\/product\/1958","targetHints":{"allow":["GET"]}}],"collection":[{"href":"https:\/\/purehivehoney.com\/de\/wp-json\/wp\/v2\/product"}],"about":[{"href":"https:\/\/purehivehoney.com\/de\/wp-json\/wp\/v2\/types\/product"}],"replies":[{"embeddable":true,"href":"https:\/\/purehivehoney.com\/de\/wp-json\/wp\/v2\/comments?post=1958"}],"wp:featuredmedia":[{"embeddable":true,"href":"https:\/\/purehivehoney.com\/de\/wp-json\/wp\/v2\/media\/1959"}],"wp:attachment":[{"href":"https:\/\/purehivehoney.com\/de\/wp-json\/wp\/v2\/media?parent=1958"}],"wp:term":[{"taxonomy":"store","embeddable":true,"href":"https:\/\/purehivehoney.com\/de\/wp-json\/wp\/v2\/store?post=1958"},{"taxonomy":"product_brand","embeddable":true,"href":"https:\/\/purehivehoney.com\/de\/wp-json\/wp\/v2\/product_brand?post=1958"},{"taxonomy":"product_cat","embeddable":true,"href":"https:\/\/purehivehoney.com\/de\/wp-json\/wp\/v2\/product_cat?post=1958"},{"taxonomy":"product_tag","embeddable":true,"href":"https:\/\/purehivehoney.com\/de\/wp-json\/wp\/v2\/product_tag?post=1958"}],"curies":[{"name":"wp","href":"https:\/\/api.w.org\/{rel}","templated":true}]}}