{"id":1951,"date":"2026-03-17T15:43:25","date_gmt":"2026-03-17T15:43:25","guid":{"rendered":"https:\/\/purehivehoney.com\/de\/product\/panier-des-sens-hand-cream-for-very-dry-30-ml-honey-organic-hand-lotion-moisturising-cream-hand-mask-shea-butter-almond-oil-hand-care-from-france-97-natural-ingredients\/"},"modified":"2026-03-17T15:43:37","modified_gmt":"2026-03-17T15:43:37","slug":"panier-des-sens-hand-cream-for-very-dry-30-ml-honey-organic-hand-lotion-moisturising-cream-hand-mask-shea-butter-almond-oil-hand-care-from-france-97-natural-ingredients","status":"publish","type":"product","link":"https:\/\/purehivehoney.com\/de\/product\/panier-des-sens-hand-cream-for-very-dry-30-ml-honey-organic-hand-lotion-moisturising-cream-hand-mask-shea-butter-almond-oil-hand-care-from-france-97-natural-ingredients\/","title":{"rendered":"Panier des Sens &#8211; Hand Cream ..."},"content":{"rendered":"<p>    <span>Hand Cream<\/span>    <br \/> Product Dimensions                                            \u200f                                            :                                            \u200e                                            7 x 3 x 7 cm; 30 g   <br \/> Manufacturer                                            \u200f                                            :                                            \u200e                                            Panier des Sens   <br \/> ASIN                                            \u200f                                            :                                            \u200e                                            B0BDFS4FK3   <br \/> Manufacturer reference                                            \u200f                                            :                                            \u200e                                            3701447301237   <br \/> Department                                            \u200f                                            :                                            \u200e                                            For all ages, unisex   <br \/>  Customer reviews:                                                                                            4.5               4.5 out of 5 stars                                  (1,335)                                              var dpAcrHasRegisteredArcLinkClickAction;                    P.when(&#8218;A&#8216;, &#8218;ready&#8216;).execute(function(A) {                        if (dpAcrHasRegisteredArcLinkClickAction !== true) {                            dpAcrHasRegisteredArcLinkClickAction = true;                            A.declarative(                                &#8218;acrLink-click-metrics&#8216;, &#8218;click&#8216;,                                { &#8222;allowLinkDefault&#8220;: true },                                function (event) {                                    if (window.ue) {                                        ue.count(&#8222;acrLinkClickCount&#8220;, (ue.count(&#8222;acrLinkClickCount&#8220;) || 0) + 1);                                    }                                }                            );                        }                    });                                             P.when(&#8218;A&#8216;, &#8218;cf&#8216;).execute(function(A) {                A.declarative(&#8218;acrStarsLink-click-metrics&#8216;, &#8218;click&#8216;, { &#8222;allowLinkDefault&#8220; : true },  function(event){                    if(window.ue) {                        ue.count(&#8222;acrStarsLinkWithPopoverClickCount&#8220;, (ue.count(&#8222;acrStarsLinkWithPopoverClickCount&#8220;) || 0) + 1);                    }                });            });                          <br \/>Intensive moisturising care \u2013 this silky hand cream for dry, cracked hands helps nourish, protect and repair the skin. The formula with sweet almond oil and shea butter has a melting, soft, non-greasy texture that protects and nourishes hands. 97% ingredients from natural sources.<br \/>Nourishing formula &#8211; Shea butter hand cream is generally known for its nourishing properties. It is rich in vitamins and fatty acids that moisturise and nourish the skin. Thanks to its high sugar content, honey binds water molecules in the cells, which promotes hydration and protects the skin from drying out.<br \/>Sweet honey fragrance \u2013 a hand cream with organic honey extract, known for its nourishing properties that moisturise the skin and protect it from drying out. This hand cream for men and women exudes a delightfully floral fragrance that softens almond blossoms and sandalwood. Hand cream for very dry hands.<br \/>Dermatologically tested \u2013 this natural hand cream has been dermatologically tested. Apply this hand and nail cream as often as necessary for lasting softness from nails to wrists. This hand cream for very dry hands protects your hands from external aggression that can make your skin sensitive (sun, cold, stress, food, etc.).<br \/>97% natural ingredients \u2013 Panier des Sens is committed to sustainable development every day. We constantly revise our eco-friendly formulas to provide at least 95% natural ingredients. The packaging of our hand cream is recycled and recyclable.<\/p>\n\n","protected":false},"excerpt":{"rendered":"<p>Hand Cream Product Dimensions \u200f : \u200e 7 x 3 x 7 cm; 30 g Manufacturer \u200f : \u200e Panier des Sens ASIN \u200f : \u200e B0BDFS4FK3 Manufacturer reference \u200f : \u200e 3701447301237 Department \u200f : \u200e For all ages, unisex Customer reviews: 4.5 4.5 out of 5 stars (1,335) var dpAcrHasRegisteredArcLinkClickAction; P.when(&#8218;A&#8216;, &#8218;ready&#8216;).execute(function(A) { [&hellip;]<\/p>\n","protected":false},"featured_media":1952,"comment_status":"open","ping_status":"closed","template":"","meta":{"_aipt_faq_data":""},"store":[],"product_brand":[305],"product_cat":[70],"product_tag":[304],"class_list":{"0":"post-1951","1":"product","2":"type-product","3":"status-publish","4":"has-post-thumbnail","6":"product_brand-panier-des-sens","7":"product_cat-premium-honig-geschenke","8":"product_tag-bio-premium-honig-geschenke","10":"first","11":"instock","12":"shipping-taxable","13":"product-type-external"},"yoast_head":"<!-- This site is optimized with the Yoast SEO plugin v27.4 - https:\/\/yoast.com\/product\/yoast-seo-wordpress\/ -->\n<title>Panier des Sens - Hand Cream for Very Dry 30 ml - Honey - Organic Hand Lotion, Moisturising Cream, Hand Mask - Shea Butter &amp; Almond Oil - Hand Care from France 97% Natural Ingredients - PureHiveHoney<\/title>\n<meta name=\"description\" content=\"Entdecken Sie hochwertigen Rohhonig, Bio Honig, Manuka Honig und nat\u00fcrliche Bienenprodukte. PureHiveHoney hilft Ihnen dabei, sorgf\u00e4ltig ausgew\u00e4hlte Honigsorten mit nat\u00fcrlicher Qualit\u00e4t und Reinheit zu entdecken.\" \/>\n<meta name=\"robots\" content=\"index, follow, max-snippet:-1, max-image-preview:large, max-video-preview:-1\" \/>\n<link rel=\"canonical\" href=\"https:\/\/purehivehoney.com\/de\/product\/panier-des-sens-hand-cream-for-very-dry-30-ml-honey-organic-hand-lotion-moisturising-cream-hand-mask-shea-butter-almond-oil-hand-care-from-france-97-natural-ingredients\/\" \/>\n<meta property=\"og:locale\" content=\"de_DE\" \/>\n<meta property=\"og:type\" content=\"article\" \/>\n<meta property=\"og:title\" content=\"Panier des Sens - Hand Cream for Very Dry 30 ml - Honey - Organic Hand Lotion, Moisturising Cream, Hand Mask - Shea Butter &amp; Almond Oil - Hand Care from France 97% Natural Ingredients - PureHiveHoney\" \/>\n<meta property=\"og:description\" content=\"Entdecken Sie hochwertigen Rohhonig, Bio Honig, Manuka Honig und nat\u00fcrliche Bienenprodukte. PureHiveHoney hilft Ihnen dabei, sorgf\u00e4ltig ausgew\u00e4hlte Honigsorten mit nat\u00fcrlicher Qualit\u00e4t und Reinheit zu entdecken.\" \/>\n<meta property=\"og:url\" content=\"https:\/\/purehivehoney.com\/de\/product\/panier-des-sens-hand-cream-for-very-dry-30-ml-honey-organic-hand-lotion-moisturising-cream-hand-mask-shea-butter-almond-oil-hand-care-from-france-97-natural-ingredients\/\" \/>\n<meta property=\"og:site_name\" content=\"PureHiveHoney\" \/>\n<meta property=\"article:modified_time\" content=\"2026-03-17T15:43:37+00:00\" \/>\n<meta name=\"twitter:card\" content=\"summary_large_image\" \/>\n<meta name=\"twitter:label1\" content=\"Gesch\u00e4tzte Lesezeit\" \/>\n\t<meta name=\"twitter:data1\" content=\"2\u00a0Minuten\" \/>\n<script type=\"application\/ld+json\" class=\"yoast-schema-graph\">{\"@context\":\"https:\\\/\\\/schema.org\",\"@graph\":[{\"@type\":\"WebPage\",\"@id\":\"https:\\\/\\\/purehivehoney.com\\\/de\\\/product\\\/panier-des-sens-hand-cream-for-very-dry-30-ml-honey-organic-hand-lotion-moisturising-cream-hand-mask-shea-butter-almond-oil-hand-care-from-france-97-natural-ingredients\\\/\",\"url\":\"https:\\\/\\\/purehivehoney.com\\\/de\\\/product\\\/panier-des-sens-hand-cream-for-very-dry-30-ml-honey-organic-hand-lotion-moisturising-cream-hand-mask-shea-butter-almond-oil-hand-care-from-france-97-natural-ingredients\\\/\",\"name\":\"Panier des Sens - Hand Cream for Very Dry 30 ml - Honey - Organic Hand Lotion, Moisturising Cream, Hand Mask - Shea Butter & Almond Oil - Hand Care from France 97% Natural Ingredients - PureHiveHoney\",\"isPartOf\":{\"@id\":\"https:\\\/\\\/purehivehoney.com\\\/de\\\/#website\"},\"primaryImageOfPage\":{\"@id\":\"https:\\\/\\\/purehivehoney.com\\\/de\\\/product\\\/panier-des-sens-hand-cream-for-very-dry-30-ml-honey-organic-hand-lotion-moisturising-cream-hand-mask-shea-butter-almond-oil-hand-care-from-france-97-natural-ingredients\\\/#primaryimage\"},\"image\":{\"@id\":\"https:\\\/\\\/purehivehoney.com\\\/de\\\/product\\\/panier-des-sens-hand-cream-for-very-dry-30-ml-honey-organic-hand-lotion-moisturising-cream-hand-mask-shea-butter-almond-oil-hand-care-from-france-97-natural-ingredients\\\/#primaryimage\"},\"thumbnailUrl\":\"https:\\\/\\\/purehivehoney.com\\\/de\\\/wp-content\\\/uploads\\\/2026\\\/03\\\/71KbHX93sgL._SL1500_.jpg\",\"datePublished\":\"2026-03-17T15:43:25+00:00\",\"dateModified\":\"2026-03-17T15:43:37+00:00\",\"description\":\"Entdecken Sie hochwertigen Rohhonig, Bio Honig, Manuka Honig und nat\u00fcrliche Bienenprodukte. PureHiveHoney hilft Ihnen dabei, sorgf\u00e4ltig ausgew\u00e4hlte Honigsorten mit nat\u00fcrlicher Qualit\u00e4t und Reinheit zu entdecken.\",\"breadcrumb\":{\"@id\":\"https:\\\/\\\/purehivehoney.com\\\/de\\\/product\\\/panier-des-sens-hand-cream-for-very-dry-30-ml-honey-organic-hand-lotion-moisturising-cream-hand-mask-shea-butter-almond-oil-hand-care-from-france-97-natural-ingredients\\\/#breadcrumb\"},\"inLanguage\":\"de\",\"potentialAction\":[{\"@type\":\"ReadAction\",\"target\":[\"https:\\\/\\\/purehivehoney.com\\\/de\\\/product\\\/panier-des-sens-hand-cream-for-very-dry-30-ml-honey-organic-hand-lotion-moisturising-cream-hand-mask-shea-butter-almond-oil-hand-care-from-france-97-natural-ingredients\\\/\"]}]},{\"@type\":\"ImageObject\",\"inLanguage\":\"de\",\"@id\":\"https:\\\/\\\/purehivehoney.com\\\/de\\\/product\\\/panier-des-sens-hand-cream-for-very-dry-30-ml-honey-organic-hand-lotion-moisturising-cream-hand-mask-shea-butter-almond-oil-hand-care-from-france-97-natural-ingredients\\\/#primaryimage\",\"url\":\"https:\\\/\\\/purehivehoney.com\\\/de\\\/wp-content\\\/uploads\\\/2026\\\/03\\\/71KbHX93sgL._SL1500_.jpg\",\"contentUrl\":\"https:\\\/\\\/purehivehoney.com\\\/de\\\/wp-content\\\/uploads\\\/2026\\\/03\\\/71KbHX93sgL._SL1500_.jpg\",\"width\":1500,\"height\":1500},{\"@type\":\"BreadcrumbList\",\"@id\":\"https:\\\/\\\/purehivehoney.com\\\/de\\\/product\\\/panier-des-sens-hand-cream-for-very-dry-30-ml-honey-organic-hand-lotion-moisturising-cream-hand-mask-shea-butter-almond-oil-hand-care-from-france-97-natural-ingredients\\\/#breadcrumb\",\"itemListElement\":[{\"@type\":\"ListItem\",\"position\":1,\"name\":\"Home\",\"item\":\"https:\\\/\\\/purehivehoney.com\\\/de\\\/\"},{\"@type\":\"ListItem\",\"position\":2,\"name\":\"Shop\",\"item\":\"https:\\\/\\\/purehivehoney.com\\\/de\\\/shop\\\/\"},{\"@type\":\"ListItem\",\"position\":3,\"name\":\"Panier des Sens &#8211; Hand Cream ...\"}]},{\"@type\":\"WebSite\",\"@id\":\"https:\\\/\\\/purehivehoney.com\\\/de\\\/#website\",\"url\":\"https:\\\/\\\/purehivehoney.com\\\/de\\\/\",\"name\":\"PureHiveHoney\",\"description\":\"Reiner Honig &amp; Bienenprodukte Online | Rohhonig, Bio Honig &amp; Spezialhonig\",\"publisher\":{\"@id\":\"https:\\\/\\\/purehivehoney.com\\\/de\\\/#organization\"},\"potentialAction\":[{\"@type\":\"SearchAction\",\"target\":{\"@type\":\"EntryPoint\",\"urlTemplate\":\"https:\\\/\\\/purehivehoney.com\\\/de\\\/?s={search_term_string}\"},\"query-input\":{\"@type\":\"PropertyValueSpecification\",\"valueRequired\":true,\"valueName\":\"search_term_string\"}}],\"inLanguage\":\"de\"},{\"@type\":\"Organization\",\"@id\":\"https:\\\/\\\/purehivehoney.com\\\/de\\\/#organization\",\"name\":\"PureHiveHoney\",\"url\":\"https:\\\/\\\/purehivehoney.com\\\/de\\\/\",\"logo\":{\"@type\":\"ImageObject\",\"inLanguage\":\"de\",\"@id\":\"https:\\\/\\\/purehivehoney.com\\\/de\\\/#\\\/schema\\\/logo\\\/image\\\/\",\"url\":\"https:\\\/\\\/purehivehoney.com\\\/de\\\/wp-content\\\/uploads\\\/2026\\\/03\\\/Screenshot-2026-03-16-at-1.06.01-AM.png\",\"contentUrl\":\"https:\\\/\\\/purehivehoney.com\\\/de\\\/wp-content\\\/uploads\\\/2026\\\/03\\\/Screenshot-2026-03-16-at-1.06.01-AM.png\",\"width\":2112,\"height\":1086,\"caption\":\"PureHiveHoney\"},\"image\":{\"@id\":\"https:\\\/\\\/purehivehoney.com\\\/de\\\/#\\\/schema\\\/logo\\\/image\\\/\"}}]}<\/script>\n<!-- \/ Yoast SEO plugin. -->","yoast_head_json":{"title":"Panier des Sens - Hand Cream for Very Dry 30 ml - Honey - Organic Hand Lotion, Moisturising Cream, Hand Mask - Shea Butter & Almond Oil - Hand Care from France 97% Natural Ingredients - PureHiveHoney","description":"Entdecken Sie hochwertigen Rohhonig, Bio Honig, Manuka Honig und nat\u00fcrliche Bienenprodukte. PureHiveHoney hilft Ihnen dabei, sorgf\u00e4ltig ausgew\u00e4hlte Honigsorten mit nat\u00fcrlicher Qualit\u00e4t und Reinheit zu entdecken.","robots":{"index":"index","follow":"follow","max-snippet":"max-snippet:-1","max-image-preview":"max-image-preview:large","max-video-preview":"max-video-preview:-1"},"canonical":"https:\/\/purehivehoney.com\/de\/product\/panier-des-sens-hand-cream-for-very-dry-30-ml-honey-organic-hand-lotion-moisturising-cream-hand-mask-shea-butter-almond-oil-hand-care-from-france-97-natural-ingredients\/","og_locale":"de_DE","og_type":"article","og_title":"Panier des Sens - Hand Cream for Very Dry 30 ml - Honey - Organic Hand Lotion, Moisturising Cream, Hand Mask - Shea Butter & Almond Oil - Hand Care from France 97% Natural Ingredients - PureHiveHoney","og_description":"Entdecken Sie hochwertigen Rohhonig, Bio Honig, Manuka Honig und nat\u00fcrliche Bienenprodukte. PureHiveHoney hilft Ihnen dabei, sorgf\u00e4ltig ausgew\u00e4hlte Honigsorten mit nat\u00fcrlicher Qualit\u00e4t und Reinheit zu entdecken.","og_url":"https:\/\/purehivehoney.com\/de\/product\/panier-des-sens-hand-cream-for-very-dry-30-ml-honey-organic-hand-lotion-moisturising-cream-hand-mask-shea-butter-almond-oil-hand-care-from-france-97-natural-ingredients\/","og_site_name":"PureHiveHoney","article_modified_time":"2026-03-17T15:43:37+00:00","twitter_card":"summary_large_image","twitter_misc":{"Gesch\u00e4tzte Lesezeit":"2\u00a0Minuten"},"schema":{"@context":"https:\/\/schema.org","@graph":[{"@type":"WebPage","@id":"https:\/\/purehivehoney.com\/de\/product\/panier-des-sens-hand-cream-for-very-dry-30-ml-honey-organic-hand-lotion-moisturising-cream-hand-mask-shea-butter-almond-oil-hand-care-from-france-97-natural-ingredients\/","url":"https:\/\/purehivehoney.com\/de\/product\/panier-des-sens-hand-cream-for-very-dry-30-ml-honey-organic-hand-lotion-moisturising-cream-hand-mask-shea-butter-almond-oil-hand-care-from-france-97-natural-ingredients\/","name":"Panier des Sens - Hand Cream for Very Dry 30 ml - Honey - Organic Hand Lotion, Moisturising Cream, Hand Mask - Shea Butter & Almond Oil - Hand Care from France 97% Natural Ingredients - PureHiveHoney","isPartOf":{"@id":"https:\/\/purehivehoney.com\/de\/#website"},"primaryImageOfPage":{"@id":"https:\/\/purehivehoney.com\/de\/product\/panier-des-sens-hand-cream-for-very-dry-30-ml-honey-organic-hand-lotion-moisturising-cream-hand-mask-shea-butter-almond-oil-hand-care-from-france-97-natural-ingredients\/#primaryimage"},"image":{"@id":"https:\/\/purehivehoney.com\/de\/product\/panier-des-sens-hand-cream-for-very-dry-30-ml-honey-organic-hand-lotion-moisturising-cream-hand-mask-shea-butter-almond-oil-hand-care-from-france-97-natural-ingredients\/#primaryimage"},"thumbnailUrl":"https:\/\/purehivehoney.com\/de\/wp-content\/uploads\/2026\/03\/71KbHX93sgL._SL1500_.jpg","datePublished":"2026-03-17T15:43:25+00:00","dateModified":"2026-03-17T15:43:37+00:00","description":"Entdecken Sie hochwertigen Rohhonig, Bio Honig, Manuka Honig und nat\u00fcrliche Bienenprodukte. PureHiveHoney hilft Ihnen dabei, sorgf\u00e4ltig ausgew\u00e4hlte Honigsorten mit nat\u00fcrlicher Qualit\u00e4t und Reinheit zu entdecken.","breadcrumb":{"@id":"https:\/\/purehivehoney.com\/de\/product\/panier-des-sens-hand-cream-for-very-dry-30-ml-honey-organic-hand-lotion-moisturising-cream-hand-mask-shea-butter-almond-oil-hand-care-from-france-97-natural-ingredients\/#breadcrumb"},"inLanguage":"de","potentialAction":[{"@type":"ReadAction","target":["https:\/\/purehivehoney.com\/de\/product\/panier-des-sens-hand-cream-for-very-dry-30-ml-honey-organic-hand-lotion-moisturising-cream-hand-mask-shea-butter-almond-oil-hand-care-from-france-97-natural-ingredients\/"]}]},{"@type":"ImageObject","inLanguage":"de","@id":"https:\/\/purehivehoney.com\/de\/product\/panier-des-sens-hand-cream-for-very-dry-30-ml-honey-organic-hand-lotion-moisturising-cream-hand-mask-shea-butter-almond-oil-hand-care-from-france-97-natural-ingredients\/#primaryimage","url":"https:\/\/purehivehoney.com\/de\/wp-content\/uploads\/2026\/03\/71KbHX93sgL._SL1500_.jpg","contentUrl":"https:\/\/purehivehoney.com\/de\/wp-content\/uploads\/2026\/03\/71KbHX93sgL._SL1500_.jpg","width":1500,"height":1500},{"@type":"BreadcrumbList","@id":"https:\/\/purehivehoney.com\/de\/product\/panier-des-sens-hand-cream-for-very-dry-30-ml-honey-organic-hand-lotion-moisturising-cream-hand-mask-shea-butter-almond-oil-hand-care-from-france-97-natural-ingredients\/#breadcrumb","itemListElement":[{"@type":"ListItem","position":1,"name":"Home","item":"https:\/\/purehivehoney.com\/de\/"},{"@type":"ListItem","position":2,"name":"Shop","item":"https:\/\/purehivehoney.com\/de\/shop\/"},{"@type":"ListItem","position":3,"name":"Panier des Sens &#8211; Hand Cream ..."}]},{"@type":"WebSite","@id":"https:\/\/purehivehoney.com\/de\/#website","url":"https:\/\/purehivehoney.com\/de\/","name":"PureHiveHoney","description":"Reiner Honig &amp; Bienenprodukte Online | Rohhonig, Bio Honig &amp; Spezialhonig","publisher":{"@id":"https:\/\/purehivehoney.com\/de\/#organization"},"potentialAction":[{"@type":"SearchAction","target":{"@type":"EntryPoint","urlTemplate":"https:\/\/purehivehoney.com\/de\/?s={search_term_string}"},"query-input":{"@type":"PropertyValueSpecification","valueRequired":true,"valueName":"search_term_string"}}],"inLanguage":"de"},{"@type":"Organization","@id":"https:\/\/purehivehoney.com\/de\/#organization","name":"PureHiveHoney","url":"https:\/\/purehivehoney.com\/de\/","logo":{"@type":"ImageObject","inLanguage":"de","@id":"https:\/\/purehivehoney.com\/de\/#\/schema\/logo\/image\/","url":"https:\/\/purehivehoney.com\/de\/wp-content\/uploads\/2026\/03\/Screenshot-2026-03-16-at-1.06.01-AM.png","contentUrl":"https:\/\/purehivehoney.com\/de\/wp-content\/uploads\/2026\/03\/Screenshot-2026-03-16-at-1.06.01-AM.png","width":2112,"height":1086,"caption":"PureHiveHoney"},"image":{"@id":"https:\/\/purehivehoney.com\/de\/#\/schema\/logo\/image\/"}}]}},"_links":{"self":[{"href":"https:\/\/purehivehoney.com\/de\/wp-json\/wp\/v2\/product\/1951","targetHints":{"allow":["GET"]}}],"collection":[{"href":"https:\/\/purehivehoney.com\/de\/wp-json\/wp\/v2\/product"}],"about":[{"href":"https:\/\/purehivehoney.com\/de\/wp-json\/wp\/v2\/types\/product"}],"replies":[{"embeddable":true,"href":"https:\/\/purehivehoney.com\/de\/wp-json\/wp\/v2\/comments?post=1951"}],"wp:featuredmedia":[{"embeddable":true,"href":"https:\/\/purehivehoney.com\/de\/wp-json\/wp\/v2\/media\/1952"}],"wp:attachment":[{"href":"https:\/\/purehivehoney.com\/de\/wp-json\/wp\/v2\/media?parent=1951"}],"wp:term":[{"taxonomy":"store","embeddable":true,"href":"https:\/\/purehivehoney.com\/de\/wp-json\/wp\/v2\/store?post=1951"},{"taxonomy":"product_brand","embeddable":true,"href":"https:\/\/purehivehoney.com\/de\/wp-json\/wp\/v2\/product_brand?post=1951"},{"taxonomy":"product_cat","embeddable":true,"href":"https:\/\/purehivehoney.com\/de\/wp-json\/wp\/v2\/product_cat?post=1951"},{"taxonomy":"product_tag","embeddable":true,"href":"https:\/\/purehivehoney.com\/de\/wp-json\/wp\/v2\/product_tag?post=1951"}],"curies":[{"name":"wp","href":"https:\/\/api.w.org\/{rel}","templated":true}]}}