{"id":195,"date":"2026-03-15T20:03:54","date_gmt":"2026-03-15T20:03:54","guid":{"rendered":"https:\/\/purehivehoney.com\/de\/product\/raw-greek-honey-100-reine-baumwollbluete-aus-der-countryside-of-larissa-480g\/"},"modified":"2026-03-15T23:36:13","modified_gmt":"2026-03-15T23:36:13","slug":"raw-greek-honey-100-reine-baumwollbluete-aus-der-countryside-of-larissa-480g","status":"publish","type":"product","link":"https:\/\/purehivehoney.com\/de\/product\/raw-greek-honey-100-reine-baumwollbluete-aus-der-countryside-of-larissa-480g\/","title":{"rendered":"Raw Greek Honey 100 % reine Baumwol..."},"content":{"rendered":"<p>    <span>Roher, reiner, kleiner griechischer Honig. <\/span><span>Enth\u00e4lt alle Vitamine, Mineralien, Metalle, Proteine, Enzyme, Pollen und Antioxidantien, die nicht in raffinierten, beheizten, gewerblichen Honig enthalten sind. <\/span><br \/><span>Dieser Honig stammt aus der abgelegenen Landschaft von Larissa. <\/span><br \/><span>Raw Cotton Blossom ist hervorragend zur Unterst\u00fctzung der Durchblutung, St\u00e4rkung der Muskulatur und zur Unterst\u00fctzung des Verdauungssystems durch Magen und Darm. <\/span><br \/><span>Baumwollhonig hat auf nat\u00fcrliche Weise eine hohe Konzentration an Dextrose-Zuckerstoffen, die eine schnelle und feine K\u00f6rnung f\u00f6rdern. <\/span><br \/><span>Diese feinen Zuckerkristalle verleihen dem Honig eine schwerere, fast solide und dennoch streichbare Konsistenz, die wunderbar ist. <\/span><br \/><span>Diese einzigartige Eigenschaft und Konsistenz macht es zu einer guten Wahl f\u00fcr die Zubereitung von Sahne oder Schlaghonig. <\/span><br \/><span>Der Geschmack und das Aroma dieses Honigs beim ersten Sammeln und sehr frisch erinnert an ein frisch geschnittenes Gras. Aber wenn dieser Honig langsam reift, wird er zunehmend s\u00fc\u00df, der geschnittene Grasnoten verschwinden und er entwickelt wunderbare butterig-, karamell- und cremige T\u00f6ne mit einem definierten Tang. <\/span><span>Die Farbe des Rohbaumwollbl\u00fctenhonigs ist sehr hell &#8211; blassgelb bis blasser Bernstein. <\/span><span>Dieser Honig ist ein leckeres Set, das Kristallgranulat ist sehr fein. Aber wenn Sie es glatt und fl\u00fcssig bevorzugen, kann es auf folgende Weise wieder in seinen fl\u00fcssigen Zustand gebracht werden: <\/span><br \/><span>1. F\u00fcr ein paar Stunden auf eine Heizung oder in die Sonne legen. <br \/>2. In eine Sch\u00fcssel mit warmem Wasser legen. <br \/>3. In einen leicht erw\u00e4rmten Ofen legen. <br \/><\/span><br \/><span>Welche Methode Sie verwenden, stellen Sie sicher, dass die Temperatur nicht 45 \u00b0C \u00fcberschreitet. Dies ist von gr\u00f6\u00dfter Bedeutung, da h\u00f6here Temperaturen die wunderbaren Eigenschaften des Honigs zerst\u00f6ren und nicht mehr roh sein werden. Dieses Verfahren zur Erweichung roher Baumwollbl\u00fcten Honig ist sehr langsam und kann bis zu 3 Tage dauern. Sie k\u00f6nnen diesen Vorgang endlos wiederholen, der Honig wird nicht verderben.<\/span><br \/> Is Discontinued By Manufacturer                                            \u200f                                            :                                            \u200e                                            No   <br \/> Package Dimensions                                            \u200f                                            :                                            \u200e                                            11.4 x 7.2 x 7 cm; 480 g   <br \/> Manufacturer                                            \u200f                                            :                                            \u200e                                            Sinanoglou Honey Farm   <br \/> ASIN                                            \u200f                                            :                                            \u200e                                            B01N32UZ5D   <br \/>Im Juli und August sammeln unsere Bienen Nektar aus den Baumwollbl\u00fcten und auch Honigtau aus den Bl\u00e4ttern der Pflanzen. Sehr bald nach der Extraktion aus den Waben kristallisiert dieser Honig zu einer harten, butterartigen Textur aber ist trotzdem streichbar. Seine Farbe wird fast wei\u00df und hat einen sehr ausgepr\u00e4gten mild s\u00fc\u00dfen, zitrusartigen Geschmack. Obwohl dieser bei sanfter Erw\u00e4rmung wieder in seinen fl\u00fcssigen Zustand gebracht werden kann, wird er in der Regel in diesem wunderbaren kristallisierten Zustand bevorzugt.<br \/>Honig aus Baumwolle hat die h\u00f6chste antibakterielle Wirkung aller anderen griechischen Honigsorten, da er reich an Wasserstoffperoxid ist.<br \/>Es ist auch reich an Aminos\u00e4uren, wie Proline, was bei der Wiederherstellung von Muskelgewebe und Hautelastizit\u00e4t hilft und als antiseptischer Wirkstoff wirksam ist. Weitere wichtige Mineralien in diesem Honig sind Magnesium, Kalium und Kalzium. Ein kr\u00e4ftiger Honig.<br \/>Roher griechischer Honig gilt als der feinste der Welt aufgrund der au\u00dfergew\u00f6hnlichen Vielfalt der Flora und der unbegrenzten, kraftvollen Sommersonne. Traditionell auf Sinanoglous kleiner Bauernhof. Keine Pestizide oder Chemikalien in jeder Phase der Produktion. Ungefiltert, unerhitzt und ohne Pasteurisiert. Antibakteriell, antiviral und antimykotisch.<br \/>Dieser Honig ist biologisch, aber keine Zertifizierung, die f\u00fcr einen solchen kleinen Hersteller nicht wirtschaftlich ist.<\/p>\n\n","protected":false},"excerpt":{"rendered":"<p>Roher, reiner, kleiner griechischer Honig. Enth\u00e4lt alle Vitamine, Mineralien, Metalle, Proteine, Enzyme, Pollen und Antioxidantien, die nicht in raffinierten, beheizten, gewerblichen Honig enthalten sind. Dieser Honig stammt aus der abgelegenen Landschaft von Larissa. Raw Cotton Blossom ist hervorragend zur Unterst\u00fctzung der Durchblutung, St\u00e4rkung der Muskulatur und zur Unterst\u00fctzung des Verdauungssystems durch Magen und Darm. Baumwollhonig [&hellip;]<\/p>\n","protected":false},"featured_media":196,"comment_status":"open","ping_status":"closed","template":"","meta":{"_aipt_faq_data":""},"store":[],"product_brand":[92],"product_cat":[69],"product_tag":[91],"class_list":{"0":"post-195","1":"product","2":"type-product","3":"status-publish","4":"has-post-thumbnail","6":"product_brand-yiri-yiri-greek-honey","7":"product_cat-honig-probier-sets","8":"product_tag-honig-probier-sets-bio","10":"first","11":"instock","12":"sale","13":"shipping-taxable","14":"product-type-external"},"yoast_head":"<!-- This site is optimized with the Yoast SEO plugin v27.4 - https:\/\/yoast.com\/product\/yoast-seo-wordpress\/ -->\n<title>Raw Greek Honey 100 % reine Baumwollbl\u00fcte, aus der Countryside of Larissa. 480g - PureHiveHoney<\/title>\n<meta name=\"description\" content=\"Entdecken Sie hochwertigen Rohhonig, Bio Honig, Manuka Honig und nat\u00fcrliche Bienenprodukte. PureHiveHoney hilft Ihnen dabei, sorgf\u00e4ltig ausgew\u00e4hlte Honigsorten mit nat\u00fcrlicher Qualit\u00e4t und Reinheit zu entdecken.\" \/>\n<meta name=\"robots\" content=\"index, follow, max-snippet:-1, max-image-preview:large, max-video-preview:-1\" \/>\n<link rel=\"canonical\" href=\"https:\/\/purehivehoney.com\/de\/product\/raw-greek-honey-100-reine-baumwollbluete-aus-der-countryside-of-larissa-480g\/\" \/>\n<meta property=\"og:locale\" content=\"de_DE\" \/>\n<meta property=\"og:type\" content=\"article\" \/>\n<meta property=\"og:title\" content=\"Raw Greek Honey 100 % reine Baumwollbl\u00fcte, aus der Countryside of Larissa. 480g - PureHiveHoney\" \/>\n<meta property=\"og:description\" content=\"Entdecken Sie hochwertigen Rohhonig, Bio Honig, Manuka Honig und nat\u00fcrliche Bienenprodukte. PureHiveHoney hilft Ihnen dabei, sorgf\u00e4ltig ausgew\u00e4hlte Honigsorten mit nat\u00fcrlicher Qualit\u00e4t und Reinheit zu entdecken.\" \/>\n<meta property=\"og:url\" content=\"https:\/\/purehivehoney.com\/de\/product\/raw-greek-honey-100-reine-baumwollbluete-aus-der-countryside-of-larissa-480g\/\" \/>\n<meta property=\"og:site_name\" content=\"PureHiveHoney\" \/>\n<meta property=\"article:modified_time\" content=\"2026-03-15T23:36:13+00:00\" \/>\n<meta name=\"twitter:card\" content=\"summary_large_image\" \/>\n<meta name=\"twitter:label1\" content=\"Gesch\u00e4tzte Lesezeit\" \/>\n\t<meta name=\"twitter:data1\" content=\"3\u00a0Minuten\" \/>\n<script type=\"application\/ld+json\" class=\"yoast-schema-graph\">{\"@context\":\"https:\\\/\\\/schema.org\",\"@graph\":[{\"@type\":\"WebPage\",\"@id\":\"https:\\\/\\\/purehivehoney.com\\\/de\\\/product\\\/raw-greek-honey-100-reine-baumwollbluete-aus-der-countryside-of-larissa-480g\\\/\",\"url\":\"https:\\\/\\\/purehivehoney.com\\\/de\\\/product\\\/raw-greek-honey-100-reine-baumwollbluete-aus-der-countryside-of-larissa-480g\\\/\",\"name\":\"Raw Greek Honey 100 % reine Baumwollbl\u00fcte, aus der Countryside of Larissa. 480g - PureHiveHoney\",\"isPartOf\":{\"@id\":\"https:\\\/\\\/purehivehoney.com\\\/de\\\/#website\"},\"primaryImageOfPage\":{\"@id\":\"https:\\\/\\\/purehivehoney.com\\\/de\\\/product\\\/raw-greek-honey-100-reine-baumwollbluete-aus-der-countryside-of-larissa-480g\\\/#primaryimage\"},\"image\":{\"@id\":\"https:\\\/\\\/purehivehoney.com\\\/de\\\/product\\\/raw-greek-honey-100-reine-baumwollbluete-aus-der-countryside-of-larissa-480g\\\/#primaryimage\"},\"thumbnailUrl\":\"https:\\\/\\\/purehivehoney.com\\\/de\\\/wp-content\\\/uploads\\\/2026\\\/03\\\/81FvhiZUAoL._SL1500_.jpg\",\"datePublished\":\"2026-03-15T20:03:54+00:00\",\"dateModified\":\"2026-03-15T23:36:13+00:00\",\"description\":\"Entdecken Sie hochwertigen Rohhonig, Bio Honig, Manuka Honig und nat\u00fcrliche Bienenprodukte. PureHiveHoney hilft Ihnen dabei, sorgf\u00e4ltig ausgew\u00e4hlte Honigsorten mit nat\u00fcrlicher Qualit\u00e4t und Reinheit zu entdecken.\",\"breadcrumb\":{\"@id\":\"https:\\\/\\\/purehivehoney.com\\\/de\\\/product\\\/raw-greek-honey-100-reine-baumwollbluete-aus-der-countryside-of-larissa-480g\\\/#breadcrumb\"},\"inLanguage\":\"de\",\"potentialAction\":[{\"@type\":\"ReadAction\",\"target\":[\"https:\\\/\\\/purehivehoney.com\\\/de\\\/product\\\/raw-greek-honey-100-reine-baumwollbluete-aus-der-countryside-of-larissa-480g\\\/\"]}]},{\"@type\":\"ImageObject\",\"inLanguage\":\"de\",\"@id\":\"https:\\\/\\\/purehivehoney.com\\\/de\\\/product\\\/raw-greek-honey-100-reine-baumwollbluete-aus-der-countryside-of-larissa-480g\\\/#primaryimage\",\"url\":\"https:\\\/\\\/purehivehoney.com\\\/de\\\/wp-content\\\/uploads\\\/2026\\\/03\\\/81FvhiZUAoL._SL1500_.jpg\",\"contentUrl\":\"https:\\\/\\\/purehivehoney.com\\\/de\\\/wp-content\\\/uploads\\\/2026\\\/03\\\/81FvhiZUAoL._SL1500_.jpg\",\"width\":976,\"height\":1500},{\"@type\":\"BreadcrumbList\",\"@id\":\"https:\\\/\\\/purehivehoney.com\\\/de\\\/product\\\/raw-greek-honey-100-reine-baumwollbluete-aus-der-countryside-of-larissa-480g\\\/#breadcrumb\",\"itemListElement\":[{\"@type\":\"ListItem\",\"position\":1,\"name\":\"Home\",\"item\":\"https:\\\/\\\/purehivehoney.com\\\/de\\\/\"},{\"@type\":\"ListItem\",\"position\":2,\"name\":\"Shop\",\"item\":\"https:\\\/\\\/purehivehoney.com\\\/de\\\/shop\\\/\"},{\"@type\":\"ListItem\",\"position\":3,\"name\":\"Raw Greek Honey 100 % reine Baumwol...\"}]},{\"@type\":\"WebSite\",\"@id\":\"https:\\\/\\\/purehivehoney.com\\\/de\\\/#website\",\"url\":\"https:\\\/\\\/purehivehoney.com\\\/de\\\/\",\"name\":\"PureHiveHoney\",\"description\":\"Reiner Honig &amp; Bienenprodukte Online | Rohhonig, Bio Honig &amp; Spezialhonig\",\"publisher\":{\"@id\":\"https:\\\/\\\/purehivehoney.com\\\/de\\\/#organization\"},\"potentialAction\":[{\"@type\":\"SearchAction\",\"target\":{\"@type\":\"EntryPoint\",\"urlTemplate\":\"https:\\\/\\\/purehivehoney.com\\\/de\\\/?s={search_term_string}\"},\"query-input\":{\"@type\":\"PropertyValueSpecification\",\"valueRequired\":true,\"valueName\":\"search_term_string\"}}],\"inLanguage\":\"de\"},{\"@type\":\"Organization\",\"@id\":\"https:\\\/\\\/purehivehoney.com\\\/de\\\/#organization\",\"name\":\"PureHiveHoney\",\"url\":\"https:\\\/\\\/purehivehoney.com\\\/de\\\/\",\"logo\":{\"@type\":\"ImageObject\",\"inLanguage\":\"de\",\"@id\":\"https:\\\/\\\/purehivehoney.com\\\/de\\\/#\\\/schema\\\/logo\\\/image\\\/\",\"url\":\"https:\\\/\\\/purehivehoney.com\\\/de\\\/wp-content\\\/uploads\\\/2026\\\/03\\\/Screenshot-2026-03-16-at-1.06.01-AM.png\",\"contentUrl\":\"https:\\\/\\\/purehivehoney.com\\\/de\\\/wp-content\\\/uploads\\\/2026\\\/03\\\/Screenshot-2026-03-16-at-1.06.01-AM.png\",\"width\":2112,\"height\":1086,\"caption\":\"PureHiveHoney\"},\"image\":{\"@id\":\"https:\\\/\\\/purehivehoney.com\\\/de\\\/#\\\/schema\\\/logo\\\/image\\\/\"}}]}<\/script>\n<!-- \/ Yoast SEO plugin. -->","yoast_head_json":{"title":"Raw Greek Honey 100 % reine Baumwollbl\u00fcte, aus der Countryside of Larissa. 480g - PureHiveHoney","description":"Entdecken Sie hochwertigen Rohhonig, Bio Honig, Manuka Honig und nat\u00fcrliche Bienenprodukte. PureHiveHoney hilft Ihnen dabei, sorgf\u00e4ltig ausgew\u00e4hlte Honigsorten mit nat\u00fcrlicher Qualit\u00e4t und Reinheit zu entdecken.","robots":{"index":"index","follow":"follow","max-snippet":"max-snippet:-1","max-image-preview":"max-image-preview:large","max-video-preview":"max-video-preview:-1"},"canonical":"https:\/\/purehivehoney.com\/de\/product\/raw-greek-honey-100-reine-baumwollbluete-aus-der-countryside-of-larissa-480g\/","og_locale":"de_DE","og_type":"article","og_title":"Raw Greek Honey 100 % reine Baumwollbl\u00fcte, aus der Countryside of Larissa. 480g - PureHiveHoney","og_description":"Entdecken Sie hochwertigen Rohhonig, Bio Honig, Manuka Honig und nat\u00fcrliche Bienenprodukte. PureHiveHoney hilft Ihnen dabei, sorgf\u00e4ltig ausgew\u00e4hlte Honigsorten mit nat\u00fcrlicher Qualit\u00e4t und Reinheit zu entdecken.","og_url":"https:\/\/purehivehoney.com\/de\/product\/raw-greek-honey-100-reine-baumwollbluete-aus-der-countryside-of-larissa-480g\/","og_site_name":"PureHiveHoney","article_modified_time":"2026-03-15T23:36:13+00:00","twitter_card":"summary_large_image","twitter_misc":{"Gesch\u00e4tzte Lesezeit":"3\u00a0Minuten"},"schema":{"@context":"https:\/\/schema.org","@graph":[{"@type":"WebPage","@id":"https:\/\/purehivehoney.com\/de\/product\/raw-greek-honey-100-reine-baumwollbluete-aus-der-countryside-of-larissa-480g\/","url":"https:\/\/purehivehoney.com\/de\/product\/raw-greek-honey-100-reine-baumwollbluete-aus-der-countryside-of-larissa-480g\/","name":"Raw Greek Honey 100 % reine Baumwollbl\u00fcte, aus der Countryside of Larissa. 480g - PureHiveHoney","isPartOf":{"@id":"https:\/\/purehivehoney.com\/de\/#website"},"primaryImageOfPage":{"@id":"https:\/\/purehivehoney.com\/de\/product\/raw-greek-honey-100-reine-baumwollbluete-aus-der-countryside-of-larissa-480g\/#primaryimage"},"image":{"@id":"https:\/\/purehivehoney.com\/de\/product\/raw-greek-honey-100-reine-baumwollbluete-aus-der-countryside-of-larissa-480g\/#primaryimage"},"thumbnailUrl":"https:\/\/purehivehoney.com\/de\/wp-content\/uploads\/2026\/03\/81FvhiZUAoL._SL1500_.jpg","datePublished":"2026-03-15T20:03:54+00:00","dateModified":"2026-03-15T23:36:13+00:00","description":"Entdecken Sie hochwertigen Rohhonig, Bio Honig, Manuka Honig und nat\u00fcrliche Bienenprodukte. PureHiveHoney hilft Ihnen dabei, sorgf\u00e4ltig ausgew\u00e4hlte Honigsorten mit nat\u00fcrlicher Qualit\u00e4t und Reinheit zu entdecken.","breadcrumb":{"@id":"https:\/\/purehivehoney.com\/de\/product\/raw-greek-honey-100-reine-baumwollbluete-aus-der-countryside-of-larissa-480g\/#breadcrumb"},"inLanguage":"de","potentialAction":[{"@type":"ReadAction","target":["https:\/\/purehivehoney.com\/de\/product\/raw-greek-honey-100-reine-baumwollbluete-aus-der-countryside-of-larissa-480g\/"]}]},{"@type":"ImageObject","inLanguage":"de","@id":"https:\/\/purehivehoney.com\/de\/product\/raw-greek-honey-100-reine-baumwollbluete-aus-der-countryside-of-larissa-480g\/#primaryimage","url":"https:\/\/purehivehoney.com\/de\/wp-content\/uploads\/2026\/03\/81FvhiZUAoL._SL1500_.jpg","contentUrl":"https:\/\/purehivehoney.com\/de\/wp-content\/uploads\/2026\/03\/81FvhiZUAoL._SL1500_.jpg","width":976,"height":1500},{"@type":"BreadcrumbList","@id":"https:\/\/purehivehoney.com\/de\/product\/raw-greek-honey-100-reine-baumwollbluete-aus-der-countryside-of-larissa-480g\/#breadcrumb","itemListElement":[{"@type":"ListItem","position":1,"name":"Home","item":"https:\/\/purehivehoney.com\/de\/"},{"@type":"ListItem","position":2,"name":"Shop","item":"https:\/\/purehivehoney.com\/de\/shop\/"},{"@type":"ListItem","position":3,"name":"Raw Greek Honey 100 % reine Baumwol..."}]},{"@type":"WebSite","@id":"https:\/\/purehivehoney.com\/de\/#website","url":"https:\/\/purehivehoney.com\/de\/","name":"PureHiveHoney","description":"Reiner Honig &amp; Bienenprodukte Online | Rohhonig, Bio Honig &amp; Spezialhonig","publisher":{"@id":"https:\/\/purehivehoney.com\/de\/#organization"},"potentialAction":[{"@type":"SearchAction","target":{"@type":"EntryPoint","urlTemplate":"https:\/\/purehivehoney.com\/de\/?s={search_term_string}"},"query-input":{"@type":"PropertyValueSpecification","valueRequired":true,"valueName":"search_term_string"}}],"inLanguage":"de"},{"@type":"Organization","@id":"https:\/\/purehivehoney.com\/de\/#organization","name":"PureHiveHoney","url":"https:\/\/purehivehoney.com\/de\/","logo":{"@type":"ImageObject","inLanguage":"de","@id":"https:\/\/purehivehoney.com\/de\/#\/schema\/logo\/image\/","url":"https:\/\/purehivehoney.com\/de\/wp-content\/uploads\/2026\/03\/Screenshot-2026-03-16-at-1.06.01-AM.png","contentUrl":"https:\/\/purehivehoney.com\/de\/wp-content\/uploads\/2026\/03\/Screenshot-2026-03-16-at-1.06.01-AM.png","width":2112,"height":1086,"caption":"PureHiveHoney"},"image":{"@id":"https:\/\/purehivehoney.com\/de\/#\/schema\/logo\/image\/"}}]}},"_links":{"self":[{"href":"https:\/\/purehivehoney.com\/de\/wp-json\/wp\/v2\/product\/195","targetHints":{"allow":["GET"]}}],"collection":[{"href":"https:\/\/purehivehoney.com\/de\/wp-json\/wp\/v2\/product"}],"about":[{"href":"https:\/\/purehivehoney.com\/de\/wp-json\/wp\/v2\/types\/product"}],"replies":[{"embeddable":true,"href":"https:\/\/purehivehoney.com\/de\/wp-json\/wp\/v2\/comments?post=195"}],"wp:featuredmedia":[{"embeddable":true,"href":"https:\/\/purehivehoney.com\/de\/wp-json\/wp\/v2\/media\/196"}],"wp:attachment":[{"href":"https:\/\/purehivehoney.com\/de\/wp-json\/wp\/v2\/media?parent=195"}],"wp:term":[{"taxonomy":"store","embeddable":true,"href":"https:\/\/purehivehoney.com\/de\/wp-json\/wp\/v2\/store?post=195"},{"taxonomy":"product_brand","embeddable":true,"href":"https:\/\/purehivehoney.com\/de\/wp-json\/wp\/v2\/product_brand?post=195"},{"taxonomy":"product_cat","embeddable":true,"href":"https:\/\/purehivehoney.com\/de\/wp-json\/wp\/v2\/product_cat?post=195"},{"taxonomy":"product_tag","embeddable":true,"href":"https:\/\/purehivehoney.com\/de\/wp-json\/wp\/v2\/product_tag?post=195"}],"curies":[{"name":"wp","href":"https:\/\/api.w.org\/{rel}","templated":true}]}}