{"id":1945,"date":"2026-03-17T09:13:17","date_gmt":"2026-03-17T09:13:17","guid":{"rendered":"https:\/\/purehivehoney.com\/de\/product\/fine-chestnut-honey-500-g-strongly-aromatic-natural-raw-honey-german-honey-from-beekeepers-from-beekeeper-nordheide\/"},"modified":"2026-03-17T09:13:21","modified_gmt":"2026-03-17T09:13:21","slug":"fine-chestnut-honey-500-g-strongly-aromatic-natural-raw-honey-german-honey-from-beekeepers-from-beekeeper-nordheide","status":"publish","type":"product","link":"https:\/\/purehivehoney.com\/de\/product\/fine-chestnut-honey-500-g-strongly-aromatic-natural-raw-honey-german-honey-from-beekeepers-from-beekeeper-nordheide\/","title":{"rendered":"Fine Chestnut Honey 500 g &#8211; S..."},"content":{"rendered":"<p>    <span>With this honey, nature refutes that honey must always be sweet. Chestnut honey is a tart honey and is therefore particularly popular with lovers of vigorous enjoyment. Also popular as an addition to cheese and for refining sauces, the current harvest comes from forests in Rhineland-Palatinate.<\/span>    <br \/> Is Discontinued By Manufacturer                                            \u200f                                            :                                            \u200e                                            No   <br \/> Item Weight                                            \u200f                                            :                                            \u200e                                            500 g   <br \/> Manufacturer                                            \u200f                                            :                                            \u200e                                            Imkerei Nordheide   <br \/> ASIN                                            \u200f                                            :                                            \u200e                                            B00J7OACNK   <br \/> Manufacturer reference                                            \u200f                                            :                                            \u200e                                            7A   <br \/>  Customer reviews:                                                                                            4.4               4.4 out of 5 stars                                  (122)                                              var dpAcrHasRegisteredArcLinkClickAction;                    P.when(&#8218;A&#8216;, &#8218;ready&#8216;).execute(function(A) {                        if (dpAcrHasRegisteredArcLinkClickAction !== true) {                            dpAcrHasRegisteredArcLinkClickAction = true;                            A.declarative(                                &#8218;acrLink-click-metrics&#8216;, &#8218;click&#8216;,                                { &#8222;allowLinkDefault&#8220;: true },                                function (event) {                                    if (window.ue) {                                        ue.count(&#8222;acrLinkClickCount&#8220;, (ue.count(&#8222;acrLinkClickCount&#8220;) || 0) + 1);                                    }                                }                            );                        }                    });                                             P.when(&#8218;A&#8216;, &#8218;cf&#8216;).execute(function(A) {                A.declarative(&#8218;acrStarsLink-click-metrics&#8216;, &#8218;click&#8216;, { &#8222;allowLinkDefault&#8220; : true },  function(event){                    if(window.ue) {                        ue.count(&#8222;acrStarsLinkWithPopoverClickCount&#8220;, (ue.count(&#8222;acrStarsLinkWithPopoverClickCount&#8220;) || 0) + 1);                    }                });            });                          <br \/>The honey: strong, slightly tart aroma, dark brown colour, consistency liquid. Very suitable as an addition to dressing, sauces or cheese &#8211; current origin Rhineland-Palatinate.<br \/>Large assortment: from 30,-EUR free shipping. Other classic varieties such as rapeseed honey, heather honey, acacia honey, thyme honey or lavender honey and creations with cinnamon, vanilla, fennel, chilli or ginger are available in the range.<br \/>No additives: raw honey &#8211; no artificial additives such as flavours, preservatives, dyes or flavour enhancers.<br \/>Natural enjoyment: natural raw beekeeper honey, not heated, gently sieved and processed (former name cold spunded) \u2013 professional beekeeping since 1978.<br \/>Quality: all products from Imkerei Nordheide are processed by hand \u2013 please note other products from our company.<\/p>\n\n","protected":false},"excerpt":{"rendered":"<p>With this honey, nature refutes that honey must always be sweet. Chestnut honey is a tart honey and is therefore particularly popular with lovers of vigorous enjoyment. Also popular as an addition to cheese and for refining sauces, the current harvest comes from forests in Rhineland-Palatinate. Is Discontinued By Manufacturer \u200f : \u200e No Item [&hellip;]<\/p>\n","protected":false},"featured_media":1946,"comment_status":"open","ping_status":"closed","template":"","meta":{"_aipt_faq_data":""},"store":[],"product_brand":[303],"product_cat":[54],"product_tag":[302],"class_list":{"0":"post-1945","1":"product","2":"type-product","3":"status-publish","4":"has-post-thumbnail","6":"product_brand-imkerei-nordheide","7":"product_cat-krauterhonig","8":"product_tag-aromatischer-kraeuterhonig-naturbelassen","10":"first","11":"instock","12":"shipping-taxable","13":"product-type-external"},"yoast_head":"<!-- This site is optimized with the Yoast SEO plugin v27.4 - https:\/\/yoast.com\/product\/yoast-seo-wordpress\/ -->\n<title>Fine Chestnut Honey 500 g - Strongly Aromatic, Natural, Raw Honey, German Honey from Beekeepers (from Beekeeper Nordheide) - PureHiveHoney<\/title>\n<meta name=\"description\" content=\"Entdecken Sie hochwertigen Rohhonig, Bio Honig, Manuka Honig und nat\u00fcrliche Bienenprodukte. PureHiveHoney hilft Ihnen dabei, sorgf\u00e4ltig ausgew\u00e4hlte Honigsorten mit nat\u00fcrlicher Qualit\u00e4t und Reinheit zu entdecken.\" \/>\n<meta name=\"robots\" content=\"index, follow, max-snippet:-1, max-image-preview:large, max-video-preview:-1\" \/>\n<link rel=\"canonical\" href=\"https:\/\/purehivehoney.com\/de\/product\/fine-chestnut-honey-500-g-strongly-aromatic-natural-raw-honey-german-honey-from-beekeepers-from-beekeeper-nordheide\/\" \/>\n<meta property=\"og:locale\" content=\"de_DE\" \/>\n<meta property=\"og:type\" content=\"article\" \/>\n<meta property=\"og:title\" content=\"Fine Chestnut Honey 500 g - Strongly Aromatic, Natural, Raw Honey, German Honey from Beekeepers (from Beekeeper Nordheide) - PureHiveHoney\" \/>\n<meta property=\"og:description\" content=\"Entdecken Sie hochwertigen Rohhonig, Bio Honig, Manuka Honig und nat\u00fcrliche Bienenprodukte. PureHiveHoney hilft Ihnen dabei, sorgf\u00e4ltig ausgew\u00e4hlte Honigsorten mit nat\u00fcrlicher Qualit\u00e4t und Reinheit zu entdecken.\" \/>\n<meta property=\"og:url\" content=\"https:\/\/purehivehoney.com\/de\/product\/fine-chestnut-honey-500-g-strongly-aromatic-natural-raw-honey-german-honey-from-beekeepers-from-beekeeper-nordheide\/\" \/>\n<meta property=\"og:site_name\" content=\"PureHiveHoney\" \/>\n<meta property=\"article:modified_time\" content=\"2026-03-17T09:13:21+00:00\" \/>\n<meta name=\"twitter:card\" content=\"summary_large_image\" \/>\n<meta name=\"twitter:label1\" content=\"Gesch\u00e4tzte Lesezeit\" \/>\n\t<meta name=\"twitter:data1\" content=\"1\u00a0Minute\" \/>\n<script type=\"application\/ld+json\" class=\"yoast-schema-graph\">{\"@context\":\"https:\\\/\\\/schema.org\",\"@graph\":[{\"@type\":\"WebPage\",\"@id\":\"https:\\\/\\\/purehivehoney.com\\\/de\\\/product\\\/fine-chestnut-honey-500-g-strongly-aromatic-natural-raw-honey-german-honey-from-beekeepers-from-beekeeper-nordheide\\\/\",\"url\":\"https:\\\/\\\/purehivehoney.com\\\/de\\\/product\\\/fine-chestnut-honey-500-g-strongly-aromatic-natural-raw-honey-german-honey-from-beekeepers-from-beekeeper-nordheide\\\/\",\"name\":\"Fine Chestnut Honey 500 g - Strongly Aromatic, Natural, Raw Honey, German Honey from Beekeepers (from Beekeeper Nordheide) - PureHiveHoney\",\"isPartOf\":{\"@id\":\"https:\\\/\\\/purehivehoney.com\\\/de\\\/#website\"},\"primaryImageOfPage\":{\"@id\":\"https:\\\/\\\/purehivehoney.com\\\/de\\\/product\\\/fine-chestnut-honey-500-g-strongly-aromatic-natural-raw-honey-german-honey-from-beekeepers-from-beekeeper-nordheide\\\/#primaryimage\"},\"image\":{\"@id\":\"https:\\\/\\\/purehivehoney.com\\\/de\\\/product\\\/fine-chestnut-honey-500-g-strongly-aromatic-natural-raw-honey-german-honey-from-beekeepers-from-beekeeper-nordheide\\\/#primaryimage\"},\"thumbnailUrl\":\"https:\\\/\\\/purehivehoney.com\\\/de\\\/wp-content\\\/uploads\\\/2026\\\/03\\\/71-5pST9zzL._SL1200_.jpg\",\"datePublished\":\"2026-03-17T09:13:17+00:00\",\"dateModified\":\"2026-03-17T09:13:21+00:00\",\"description\":\"Entdecken Sie hochwertigen Rohhonig, Bio Honig, Manuka Honig und nat\u00fcrliche Bienenprodukte. PureHiveHoney hilft Ihnen dabei, sorgf\u00e4ltig ausgew\u00e4hlte Honigsorten mit nat\u00fcrlicher Qualit\u00e4t und Reinheit zu entdecken.\",\"breadcrumb\":{\"@id\":\"https:\\\/\\\/purehivehoney.com\\\/de\\\/product\\\/fine-chestnut-honey-500-g-strongly-aromatic-natural-raw-honey-german-honey-from-beekeepers-from-beekeeper-nordheide\\\/#breadcrumb\"},\"inLanguage\":\"de\",\"potentialAction\":[{\"@type\":\"ReadAction\",\"target\":[\"https:\\\/\\\/purehivehoney.com\\\/de\\\/product\\\/fine-chestnut-honey-500-g-strongly-aromatic-natural-raw-honey-german-honey-from-beekeepers-from-beekeeper-nordheide\\\/\"]}]},{\"@type\":\"ImageObject\",\"inLanguage\":\"de\",\"@id\":\"https:\\\/\\\/purehivehoney.com\\\/de\\\/product\\\/fine-chestnut-honey-500-g-strongly-aromatic-natural-raw-honey-german-honey-from-beekeepers-from-beekeeper-nordheide\\\/#primaryimage\",\"url\":\"https:\\\/\\\/purehivehoney.com\\\/de\\\/wp-content\\\/uploads\\\/2026\\\/03\\\/71-5pST9zzL._SL1200_.jpg\",\"contentUrl\":\"https:\\\/\\\/purehivehoney.com\\\/de\\\/wp-content\\\/uploads\\\/2026\\\/03\\\/71-5pST9zzL._SL1200_.jpg\",\"width\":851,\"height\":1200},{\"@type\":\"BreadcrumbList\",\"@id\":\"https:\\\/\\\/purehivehoney.com\\\/de\\\/product\\\/fine-chestnut-honey-500-g-strongly-aromatic-natural-raw-honey-german-honey-from-beekeepers-from-beekeeper-nordheide\\\/#breadcrumb\",\"itemListElement\":[{\"@type\":\"ListItem\",\"position\":1,\"name\":\"Home\",\"item\":\"https:\\\/\\\/purehivehoney.com\\\/de\\\/\"},{\"@type\":\"ListItem\",\"position\":2,\"name\":\"Shop\",\"item\":\"https:\\\/\\\/purehivehoney.com\\\/de\\\/shop\\\/\"},{\"@type\":\"ListItem\",\"position\":3,\"name\":\"Fine Chestnut Honey 500 g &#8211; S...\"}]},{\"@type\":\"WebSite\",\"@id\":\"https:\\\/\\\/purehivehoney.com\\\/de\\\/#website\",\"url\":\"https:\\\/\\\/purehivehoney.com\\\/de\\\/\",\"name\":\"PureHiveHoney\",\"description\":\"Reiner Honig &amp; Bienenprodukte Online | Rohhonig, Bio Honig &amp; Spezialhonig\",\"publisher\":{\"@id\":\"https:\\\/\\\/purehivehoney.com\\\/de\\\/#organization\"},\"potentialAction\":[{\"@type\":\"SearchAction\",\"target\":{\"@type\":\"EntryPoint\",\"urlTemplate\":\"https:\\\/\\\/purehivehoney.com\\\/de\\\/?s={search_term_string}\"},\"query-input\":{\"@type\":\"PropertyValueSpecification\",\"valueRequired\":true,\"valueName\":\"search_term_string\"}}],\"inLanguage\":\"de\"},{\"@type\":\"Organization\",\"@id\":\"https:\\\/\\\/purehivehoney.com\\\/de\\\/#organization\",\"name\":\"PureHiveHoney\",\"url\":\"https:\\\/\\\/purehivehoney.com\\\/de\\\/\",\"logo\":{\"@type\":\"ImageObject\",\"inLanguage\":\"de\",\"@id\":\"https:\\\/\\\/purehivehoney.com\\\/de\\\/#\\\/schema\\\/logo\\\/image\\\/\",\"url\":\"https:\\\/\\\/purehivehoney.com\\\/de\\\/wp-content\\\/uploads\\\/2026\\\/03\\\/Screenshot-2026-03-16-at-1.06.01-AM.png\",\"contentUrl\":\"https:\\\/\\\/purehivehoney.com\\\/de\\\/wp-content\\\/uploads\\\/2026\\\/03\\\/Screenshot-2026-03-16-at-1.06.01-AM.png\",\"width\":2112,\"height\":1086,\"caption\":\"PureHiveHoney\"},\"image\":{\"@id\":\"https:\\\/\\\/purehivehoney.com\\\/de\\\/#\\\/schema\\\/logo\\\/image\\\/\"}}]}<\/script>\n<!-- \/ Yoast SEO plugin. -->","yoast_head_json":{"title":"Fine Chestnut Honey 500 g - Strongly Aromatic, Natural, Raw Honey, German Honey from Beekeepers (from Beekeeper Nordheide) - PureHiveHoney","description":"Entdecken Sie hochwertigen Rohhonig, Bio Honig, Manuka Honig und nat\u00fcrliche Bienenprodukte. PureHiveHoney hilft Ihnen dabei, sorgf\u00e4ltig ausgew\u00e4hlte Honigsorten mit nat\u00fcrlicher Qualit\u00e4t und Reinheit zu entdecken.","robots":{"index":"index","follow":"follow","max-snippet":"max-snippet:-1","max-image-preview":"max-image-preview:large","max-video-preview":"max-video-preview:-1"},"canonical":"https:\/\/purehivehoney.com\/de\/product\/fine-chestnut-honey-500-g-strongly-aromatic-natural-raw-honey-german-honey-from-beekeepers-from-beekeeper-nordheide\/","og_locale":"de_DE","og_type":"article","og_title":"Fine Chestnut Honey 500 g - Strongly Aromatic, Natural, Raw Honey, German Honey from Beekeepers (from Beekeeper Nordheide) - PureHiveHoney","og_description":"Entdecken Sie hochwertigen Rohhonig, Bio Honig, Manuka Honig und nat\u00fcrliche Bienenprodukte. PureHiveHoney hilft Ihnen dabei, sorgf\u00e4ltig ausgew\u00e4hlte Honigsorten mit nat\u00fcrlicher Qualit\u00e4t und Reinheit zu entdecken.","og_url":"https:\/\/purehivehoney.com\/de\/product\/fine-chestnut-honey-500-g-strongly-aromatic-natural-raw-honey-german-honey-from-beekeepers-from-beekeeper-nordheide\/","og_site_name":"PureHiveHoney","article_modified_time":"2026-03-17T09:13:21+00:00","twitter_card":"summary_large_image","twitter_misc":{"Gesch\u00e4tzte Lesezeit":"1\u00a0Minute"},"schema":{"@context":"https:\/\/schema.org","@graph":[{"@type":"WebPage","@id":"https:\/\/purehivehoney.com\/de\/product\/fine-chestnut-honey-500-g-strongly-aromatic-natural-raw-honey-german-honey-from-beekeepers-from-beekeeper-nordheide\/","url":"https:\/\/purehivehoney.com\/de\/product\/fine-chestnut-honey-500-g-strongly-aromatic-natural-raw-honey-german-honey-from-beekeepers-from-beekeeper-nordheide\/","name":"Fine Chestnut Honey 500 g - Strongly Aromatic, Natural, Raw Honey, German Honey from Beekeepers (from Beekeeper Nordheide) - PureHiveHoney","isPartOf":{"@id":"https:\/\/purehivehoney.com\/de\/#website"},"primaryImageOfPage":{"@id":"https:\/\/purehivehoney.com\/de\/product\/fine-chestnut-honey-500-g-strongly-aromatic-natural-raw-honey-german-honey-from-beekeepers-from-beekeeper-nordheide\/#primaryimage"},"image":{"@id":"https:\/\/purehivehoney.com\/de\/product\/fine-chestnut-honey-500-g-strongly-aromatic-natural-raw-honey-german-honey-from-beekeepers-from-beekeeper-nordheide\/#primaryimage"},"thumbnailUrl":"https:\/\/purehivehoney.com\/de\/wp-content\/uploads\/2026\/03\/71-5pST9zzL._SL1200_.jpg","datePublished":"2026-03-17T09:13:17+00:00","dateModified":"2026-03-17T09:13:21+00:00","description":"Entdecken Sie hochwertigen Rohhonig, Bio Honig, Manuka Honig und nat\u00fcrliche Bienenprodukte. PureHiveHoney hilft Ihnen dabei, sorgf\u00e4ltig ausgew\u00e4hlte Honigsorten mit nat\u00fcrlicher Qualit\u00e4t und Reinheit zu entdecken.","breadcrumb":{"@id":"https:\/\/purehivehoney.com\/de\/product\/fine-chestnut-honey-500-g-strongly-aromatic-natural-raw-honey-german-honey-from-beekeepers-from-beekeeper-nordheide\/#breadcrumb"},"inLanguage":"de","potentialAction":[{"@type":"ReadAction","target":["https:\/\/purehivehoney.com\/de\/product\/fine-chestnut-honey-500-g-strongly-aromatic-natural-raw-honey-german-honey-from-beekeepers-from-beekeeper-nordheide\/"]}]},{"@type":"ImageObject","inLanguage":"de","@id":"https:\/\/purehivehoney.com\/de\/product\/fine-chestnut-honey-500-g-strongly-aromatic-natural-raw-honey-german-honey-from-beekeepers-from-beekeeper-nordheide\/#primaryimage","url":"https:\/\/purehivehoney.com\/de\/wp-content\/uploads\/2026\/03\/71-5pST9zzL._SL1200_.jpg","contentUrl":"https:\/\/purehivehoney.com\/de\/wp-content\/uploads\/2026\/03\/71-5pST9zzL._SL1200_.jpg","width":851,"height":1200},{"@type":"BreadcrumbList","@id":"https:\/\/purehivehoney.com\/de\/product\/fine-chestnut-honey-500-g-strongly-aromatic-natural-raw-honey-german-honey-from-beekeepers-from-beekeeper-nordheide\/#breadcrumb","itemListElement":[{"@type":"ListItem","position":1,"name":"Home","item":"https:\/\/purehivehoney.com\/de\/"},{"@type":"ListItem","position":2,"name":"Shop","item":"https:\/\/purehivehoney.com\/de\/shop\/"},{"@type":"ListItem","position":3,"name":"Fine Chestnut Honey 500 g &#8211; S..."}]},{"@type":"WebSite","@id":"https:\/\/purehivehoney.com\/de\/#website","url":"https:\/\/purehivehoney.com\/de\/","name":"PureHiveHoney","description":"Reiner Honig &amp; Bienenprodukte Online | Rohhonig, Bio Honig &amp; Spezialhonig","publisher":{"@id":"https:\/\/purehivehoney.com\/de\/#organization"},"potentialAction":[{"@type":"SearchAction","target":{"@type":"EntryPoint","urlTemplate":"https:\/\/purehivehoney.com\/de\/?s={search_term_string}"},"query-input":{"@type":"PropertyValueSpecification","valueRequired":true,"valueName":"search_term_string"}}],"inLanguage":"de"},{"@type":"Organization","@id":"https:\/\/purehivehoney.com\/de\/#organization","name":"PureHiveHoney","url":"https:\/\/purehivehoney.com\/de\/","logo":{"@type":"ImageObject","inLanguage":"de","@id":"https:\/\/purehivehoney.com\/de\/#\/schema\/logo\/image\/","url":"https:\/\/purehivehoney.com\/de\/wp-content\/uploads\/2026\/03\/Screenshot-2026-03-16-at-1.06.01-AM.png","contentUrl":"https:\/\/purehivehoney.com\/de\/wp-content\/uploads\/2026\/03\/Screenshot-2026-03-16-at-1.06.01-AM.png","width":2112,"height":1086,"caption":"PureHiveHoney"},"image":{"@id":"https:\/\/purehivehoney.com\/de\/#\/schema\/logo\/image\/"}}]}},"_links":{"self":[{"href":"https:\/\/purehivehoney.com\/de\/wp-json\/wp\/v2\/product\/1945","targetHints":{"allow":["GET"]}}],"collection":[{"href":"https:\/\/purehivehoney.com\/de\/wp-json\/wp\/v2\/product"}],"about":[{"href":"https:\/\/purehivehoney.com\/de\/wp-json\/wp\/v2\/types\/product"}],"replies":[{"embeddable":true,"href":"https:\/\/purehivehoney.com\/de\/wp-json\/wp\/v2\/comments?post=1945"}],"wp:featuredmedia":[{"embeddable":true,"href":"https:\/\/purehivehoney.com\/de\/wp-json\/wp\/v2\/media\/1946"}],"wp:attachment":[{"href":"https:\/\/purehivehoney.com\/de\/wp-json\/wp\/v2\/media?parent=1945"}],"wp:term":[{"taxonomy":"store","embeddable":true,"href":"https:\/\/purehivehoney.com\/de\/wp-json\/wp\/v2\/store?post=1945"},{"taxonomy":"product_brand","embeddable":true,"href":"https:\/\/purehivehoney.com\/de\/wp-json\/wp\/v2\/product_brand?post=1945"},{"taxonomy":"product_cat","embeddable":true,"href":"https:\/\/purehivehoney.com\/de\/wp-json\/wp\/v2\/product_cat?post=1945"},{"taxonomy":"product_tag","embeddable":true,"href":"https:\/\/purehivehoney.com\/de\/wp-json\/wp\/v2\/product_tag?post=1945"}],"curies":[{"name":"wp","href":"https:\/\/api.w.org\/{rel}","templated":true}]}}