{"id":1935,"date":"2026-03-17T09:06:56","date_gmt":"2026-03-17T09:06:56","guid":{"rendered":"https:\/\/purehivehoney.com\/de\/product\/medex-propolis-oral-junior-mund-und-rachenspray-wasserbasiert-ohne-alkohol-mit-zusatz-von-honig-salbei-niacin-fichtenspitzen-mit-applikator-fuer-kinder-ab-3-jahren-30-ml\/"},"modified":"2026-03-17T09:07:17","modified_gmt":"2026-03-17T09:07:17","slug":"medex-propolis-oral-junior-mund-und-rachenspray-wasserbasiert-ohne-alkohol-mit-zusatz-von-honig-salbei-niacin-fichtenspitzen-mit-applikator-fuer-kinder-ab-3-jahren-30-ml","status":"publish","type":"product","link":"https:\/\/purehivehoney.com\/de\/product\/medex-propolis-oral-junior-mund-und-rachenspray-wasserbasiert-ohne-alkohol-mit-zusatz-von-honig-salbei-niacin-fichtenspitzen-mit-applikator-fuer-kinder-ab-3-jahren-30-ml\/","title":{"rendered":"Medex Propolis Oral Junior, Mund- u..."},"content":{"rendered":"<p>    <span>Propolis in aqueous solution preserves the natural properties of propolis, but does not use its typical and bitter taste. This product is perfect for children aged 3 and over. Suitable for anyone who is not allowed to consume alcohol, especially pregnant women and nursing mothers.<\/span>    <br \/> Language                                            \u200f                                            :                                            \u200e                                            German   <br \/> Product Dimensions                                            \u200f                                            :                                            \u200e                                            3.1 x 7.1 x 6.7 cm; 90 g   <br \/> Manufacturer                                            \u200f                                            :                                            \u200e                                            Medex d.o.o.   <br \/> ASIN                                            \u200f                                            :                                            \u200e                                            B08CZTCG1T   <br \/> Item model number                                            \u200f                                            :                                            \u200e                                            32219   <br \/>  Customer reviews:                                                                                            4.6               4.6 out of 5 stars                                  (379)                                              var dpAcrHasRegisteredArcLinkClickAction;                    P.when(&#8218;A&#8216;, &#8218;ready&#8216;).execute(function(A) {                        if (dpAcrHasRegisteredArcLinkClickAction !== true) {                            dpAcrHasRegisteredArcLinkClickAction = true;                            A.declarative(                                &#8218;acrLink-click-metrics&#8216;, &#8218;click&#8216;,                                { &#8222;allowLinkDefault&#8220;: true },                                function (event) {                                    if (window.ue) {                                        ue.count(&#8222;acrLinkClickCount&#8220;, (ue.count(&#8222;acrLinkClickCount&#8220;) || 0) + 1);                                    }                                }                            );                        }                    });                                             P.when(&#8218;A&#8216;, &#8218;cf&#8216;).execute(function(A) {                A.declarative(&#8218;acrStarsLink-click-metrics&#8216;, &#8218;click&#8216;, { &#8222;allowLinkDefault&#8220; : true },  function(event){                    if(window.ue) {                        ue.count(&#8222;acrStarsLinkWithPopoverClickCount&#8220;, (ue.count(&#8222;acrStarsLinkWithPopoverClickCount&#8220;) || 0) + 1);                    }                });            });                          <br \/>Propolis alcohol-free mouth spray standard amount of bioflavonoids \u2013 the most important substance of propolis are bioflavonoids \u2013 substances that protect plants from microorganisms. Its content determines the quality of the propolis. At Medex we have standardised their content and can thus ensure consistent quality over the entire product life.<br \/>Great taste with honey additive that your children will love \u2013 anyone who has tried propolis knows that its taste is bitter and not delicious at all. Many children refuse the bitter taste. We added honey so the taste is great, and honey has a calming effect on the throat.<br \/>Alcohol-free formula enriched for children with niacin (vitamin B3), sage and spruce tips \u2013 we have added natural extracts and vitamins, all of which contribute to the care of normal mucous membranes, as well as normal breathing function and also have a perfect taste.<br \/>Propolis mouth spray in ready-to-use form with practical oral applicator \u2013 to effectively reach the oral mucosa and the throat area, we have included a practical oral applicator to the spray. The packaging is a perfect size &#8211; 30ml &#8211; to carry in your handbag and use it anytime and anywhere.<br \/>100% natural, 100% alcohol-free \u2013 protect the health of your children with bee and other natural products, without preservatives, artificial colours and flavourings. A unique combination of natural ingredients that together provide a pleasant taste.<\/p>\n\n","protected":false},"excerpt":{"rendered":"<p>Propolis in aqueous solution preserves the natural properties of propolis, but does not use its typical and bitter taste. This product is perfect for children aged 3 and over. Suitable for anyone who is not allowed to consume alcohol, especially pregnant women and nursing mothers. Language \u200f : \u200e German Product Dimensions \u200f : \u200e [&hellip;]<\/p>\n","protected":false},"featured_media":1936,"comment_status":"open","ping_status":"closed","template":"","meta":{"_aipt_faq_data":""},"store":[],"product_brand":[300],"product_cat":[60],"product_tag":[301],"class_list":{"0":"post-1935","1":"product","2":"type-product","3":"status-publish","4":"has-post-thumbnail","6":"product_brand-medex","7":"product_cat-honig-fur-das-immunsystem","8":"product_tag-honig-fuer-das-immunsystem-staerken","10":"first","11":"instock","12":"shipping-taxable","13":"product-type-external"},"yoast_head":"<!-- This site is optimized with the Yoast SEO plugin v27.4 - https:\/\/yoast.com\/product\/yoast-seo-wordpress\/ -->\n<title>Medex Propolis Oral Junior, Mund- und Rachenspray, wasserbasiert, OHNE Alkohol; mit Zusatz von Honig, Salbei, Niacin, Fichtenspitzen, mit Applikator, f\u00fcr Kinder ab 3 Jahren, 30 ml - PureHiveHoney<\/title>\n<meta name=\"description\" content=\"Entdecken Sie hochwertigen Rohhonig, Bio Honig, Manuka Honig und nat\u00fcrliche Bienenprodukte. PureHiveHoney hilft Ihnen dabei, sorgf\u00e4ltig ausgew\u00e4hlte Honigsorten mit nat\u00fcrlicher Qualit\u00e4t und Reinheit zu entdecken.\" \/>\n<meta name=\"robots\" content=\"index, follow, max-snippet:-1, max-image-preview:large, max-video-preview:-1\" \/>\n<link rel=\"canonical\" href=\"https:\/\/purehivehoney.com\/de\/product\/medex-propolis-oral-junior-mund-und-rachenspray-wasserbasiert-ohne-alkohol-mit-zusatz-von-honig-salbei-niacin-fichtenspitzen-mit-applikator-fuer-kinder-ab-3-jahren-30-ml\/\" \/>\n<meta property=\"og:locale\" content=\"de_DE\" \/>\n<meta property=\"og:type\" content=\"article\" \/>\n<meta property=\"og:title\" content=\"Medex Propolis Oral Junior, Mund- und Rachenspray, wasserbasiert, OHNE Alkohol; mit Zusatz von Honig, Salbei, Niacin, Fichtenspitzen, mit Applikator, f\u00fcr Kinder ab 3 Jahren, 30 ml - PureHiveHoney\" \/>\n<meta property=\"og:description\" content=\"Entdecken Sie hochwertigen Rohhonig, Bio Honig, Manuka Honig und nat\u00fcrliche Bienenprodukte. PureHiveHoney hilft Ihnen dabei, sorgf\u00e4ltig ausgew\u00e4hlte Honigsorten mit nat\u00fcrlicher Qualit\u00e4t und Reinheit zu entdecken.\" \/>\n<meta property=\"og:url\" content=\"https:\/\/purehivehoney.com\/de\/product\/medex-propolis-oral-junior-mund-und-rachenspray-wasserbasiert-ohne-alkohol-mit-zusatz-von-honig-salbei-niacin-fichtenspitzen-mit-applikator-fuer-kinder-ab-3-jahren-30-ml\/\" \/>\n<meta property=\"og:site_name\" content=\"PureHiveHoney\" \/>\n<meta property=\"article:modified_time\" content=\"2026-03-17T09:07:17+00:00\" \/>\n<meta name=\"twitter:card\" content=\"summary_large_image\" \/>\n<meta name=\"twitter:label1\" content=\"Gesch\u00e4tzte Lesezeit\" \/>\n\t<meta name=\"twitter:data1\" content=\"2\u00a0Minuten\" \/>\n<script type=\"application\/ld+json\" class=\"yoast-schema-graph\">{\"@context\":\"https:\\\/\\\/schema.org\",\"@graph\":[{\"@type\":\"WebPage\",\"@id\":\"https:\\\/\\\/purehivehoney.com\\\/de\\\/product\\\/medex-propolis-oral-junior-mund-und-rachenspray-wasserbasiert-ohne-alkohol-mit-zusatz-von-honig-salbei-niacin-fichtenspitzen-mit-applikator-fuer-kinder-ab-3-jahren-30-ml\\\/\",\"url\":\"https:\\\/\\\/purehivehoney.com\\\/de\\\/product\\\/medex-propolis-oral-junior-mund-und-rachenspray-wasserbasiert-ohne-alkohol-mit-zusatz-von-honig-salbei-niacin-fichtenspitzen-mit-applikator-fuer-kinder-ab-3-jahren-30-ml\\\/\",\"name\":\"Medex Propolis Oral Junior, Mund- und Rachenspray, wasserbasiert, OHNE Alkohol; mit Zusatz von Honig, Salbei, Niacin, Fichtenspitzen, mit Applikator, f\u00fcr Kinder ab 3 Jahren, 30 ml - PureHiveHoney\",\"isPartOf\":{\"@id\":\"https:\\\/\\\/purehivehoney.com\\\/de\\\/#website\"},\"primaryImageOfPage\":{\"@id\":\"https:\\\/\\\/purehivehoney.com\\\/de\\\/product\\\/medex-propolis-oral-junior-mund-und-rachenspray-wasserbasiert-ohne-alkohol-mit-zusatz-von-honig-salbei-niacin-fichtenspitzen-mit-applikator-fuer-kinder-ab-3-jahren-30-ml\\\/#primaryimage\"},\"image\":{\"@id\":\"https:\\\/\\\/purehivehoney.com\\\/de\\\/product\\\/medex-propolis-oral-junior-mund-und-rachenspray-wasserbasiert-ohne-alkohol-mit-zusatz-von-honig-salbei-niacin-fichtenspitzen-mit-applikator-fuer-kinder-ab-3-jahren-30-ml\\\/#primaryimage\"},\"thumbnailUrl\":\"https:\\\/\\\/purehivehoney.com\\\/de\\\/wp-content\\\/uploads\\\/2026\\\/03\\\/61krQyFsbeL._AC_SL1500_.jpg\",\"datePublished\":\"2026-03-17T09:06:56+00:00\",\"dateModified\":\"2026-03-17T09:07:17+00:00\",\"description\":\"Entdecken Sie hochwertigen Rohhonig, Bio Honig, Manuka Honig und nat\u00fcrliche Bienenprodukte. PureHiveHoney hilft Ihnen dabei, sorgf\u00e4ltig ausgew\u00e4hlte Honigsorten mit nat\u00fcrlicher Qualit\u00e4t und Reinheit zu entdecken.\",\"breadcrumb\":{\"@id\":\"https:\\\/\\\/purehivehoney.com\\\/de\\\/product\\\/medex-propolis-oral-junior-mund-und-rachenspray-wasserbasiert-ohne-alkohol-mit-zusatz-von-honig-salbei-niacin-fichtenspitzen-mit-applikator-fuer-kinder-ab-3-jahren-30-ml\\\/#breadcrumb\"},\"inLanguage\":\"de\",\"potentialAction\":[{\"@type\":\"ReadAction\",\"target\":[\"https:\\\/\\\/purehivehoney.com\\\/de\\\/product\\\/medex-propolis-oral-junior-mund-und-rachenspray-wasserbasiert-ohne-alkohol-mit-zusatz-von-honig-salbei-niacin-fichtenspitzen-mit-applikator-fuer-kinder-ab-3-jahren-30-ml\\\/\"]}]},{\"@type\":\"ImageObject\",\"inLanguage\":\"de\",\"@id\":\"https:\\\/\\\/purehivehoney.com\\\/de\\\/product\\\/medex-propolis-oral-junior-mund-und-rachenspray-wasserbasiert-ohne-alkohol-mit-zusatz-von-honig-salbei-niacin-fichtenspitzen-mit-applikator-fuer-kinder-ab-3-jahren-30-ml\\\/#primaryimage\",\"url\":\"https:\\\/\\\/purehivehoney.com\\\/de\\\/wp-content\\\/uploads\\\/2026\\\/03\\\/61krQyFsbeL._AC_SL1500_.jpg\",\"contentUrl\":\"https:\\\/\\\/purehivehoney.com\\\/de\\\/wp-content\\\/uploads\\\/2026\\\/03\\\/61krQyFsbeL._AC_SL1500_.jpg\",\"width\":918,\"height\":1098},{\"@type\":\"BreadcrumbList\",\"@id\":\"https:\\\/\\\/purehivehoney.com\\\/de\\\/product\\\/medex-propolis-oral-junior-mund-und-rachenspray-wasserbasiert-ohne-alkohol-mit-zusatz-von-honig-salbei-niacin-fichtenspitzen-mit-applikator-fuer-kinder-ab-3-jahren-30-ml\\\/#breadcrumb\",\"itemListElement\":[{\"@type\":\"ListItem\",\"position\":1,\"name\":\"Home\",\"item\":\"https:\\\/\\\/purehivehoney.com\\\/de\\\/\"},{\"@type\":\"ListItem\",\"position\":2,\"name\":\"Shop\",\"item\":\"https:\\\/\\\/purehivehoney.com\\\/de\\\/shop\\\/\"},{\"@type\":\"ListItem\",\"position\":3,\"name\":\"Medex Propolis Oral Junior, Mund- u...\"}]},{\"@type\":\"WebSite\",\"@id\":\"https:\\\/\\\/purehivehoney.com\\\/de\\\/#website\",\"url\":\"https:\\\/\\\/purehivehoney.com\\\/de\\\/\",\"name\":\"PureHiveHoney\",\"description\":\"Reiner Honig &amp; Bienenprodukte Online | Rohhonig, Bio Honig &amp; Spezialhonig\",\"publisher\":{\"@id\":\"https:\\\/\\\/purehivehoney.com\\\/de\\\/#organization\"},\"potentialAction\":[{\"@type\":\"SearchAction\",\"target\":{\"@type\":\"EntryPoint\",\"urlTemplate\":\"https:\\\/\\\/purehivehoney.com\\\/de\\\/?s={search_term_string}\"},\"query-input\":{\"@type\":\"PropertyValueSpecification\",\"valueRequired\":true,\"valueName\":\"search_term_string\"}}],\"inLanguage\":\"de\"},{\"@type\":\"Organization\",\"@id\":\"https:\\\/\\\/purehivehoney.com\\\/de\\\/#organization\",\"name\":\"PureHiveHoney\",\"url\":\"https:\\\/\\\/purehivehoney.com\\\/de\\\/\",\"logo\":{\"@type\":\"ImageObject\",\"inLanguage\":\"de\",\"@id\":\"https:\\\/\\\/purehivehoney.com\\\/de\\\/#\\\/schema\\\/logo\\\/image\\\/\",\"url\":\"https:\\\/\\\/purehivehoney.com\\\/de\\\/wp-content\\\/uploads\\\/2026\\\/03\\\/Screenshot-2026-03-16-at-1.06.01-AM.png\",\"contentUrl\":\"https:\\\/\\\/purehivehoney.com\\\/de\\\/wp-content\\\/uploads\\\/2026\\\/03\\\/Screenshot-2026-03-16-at-1.06.01-AM.png\",\"width\":2112,\"height\":1086,\"caption\":\"PureHiveHoney\"},\"image\":{\"@id\":\"https:\\\/\\\/purehivehoney.com\\\/de\\\/#\\\/schema\\\/logo\\\/image\\\/\"}}]}<\/script>\n<!-- \/ Yoast SEO plugin. -->","yoast_head_json":{"title":"Medex Propolis Oral Junior, Mund- und Rachenspray, wasserbasiert, OHNE Alkohol; mit Zusatz von Honig, Salbei, Niacin, Fichtenspitzen, mit Applikator, f\u00fcr Kinder ab 3 Jahren, 30 ml - PureHiveHoney","description":"Entdecken Sie hochwertigen Rohhonig, Bio Honig, Manuka Honig und nat\u00fcrliche Bienenprodukte. PureHiveHoney hilft Ihnen dabei, sorgf\u00e4ltig ausgew\u00e4hlte Honigsorten mit nat\u00fcrlicher Qualit\u00e4t und Reinheit zu entdecken.","robots":{"index":"index","follow":"follow","max-snippet":"max-snippet:-1","max-image-preview":"max-image-preview:large","max-video-preview":"max-video-preview:-1"},"canonical":"https:\/\/purehivehoney.com\/de\/product\/medex-propolis-oral-junior-mund-und-rachenspray-wasserbasiert-ohne-alkohol-mit-zusatz-von-honig-salbei-niacin-fichtenspitzen-mit-applikator-fuer-kinder-ab-3-jahren-30-ml\/","og_locale":"de_DE","og_type":"article","og_title":"Medex Propolis Oral Junior, Mund- und Rachenspray, wasserbasiert, OHNE Alkohol; mit Zusatz von Honig, Salbei, Niacin, Fichtenspitzen, mit Applikator, f\u00fcr Kinder ab 3 Jahren, 30 ml - PureHiveHoney","og_description":"Entdecken Sie hochwertigen Rohhonig, Bio Honig, Manuka Honig und nat\u00fcrliche Bienenprodukte. PureHiveHoney hilft Ihnen dabei, sorgf\u00e4ltig ausgew\u00e4hlte Honigsorten mit nat\u00fcrlicher Qualit\u00e4t und Reinheit zu entdecken.","og_url":"https:\/\/purehivehoney.com\/de\/product\/medex-propolis-oral-junior-mund-und-rachenspray-wasserbasiert-ohne-alkohol-mit-zusatz-von-honig-salbei-niacin-fichtenspitzen-mit-applikator-fuer-kinder-ab-3-jahren-30-ml\/","og_site_name":"PureHiveHoney","article_modified_time":"2026-03-17T09:07:17+00:00","twitter_card":"summary_large_image","twitter_misc":{"Gesch\u00e4tzte Lesezeit":"2\u00a0Minuten"},"schema":{"@context":"https:\/\/schema.org","@graph":[{"@type":"WebPage","@id":"https:\/\/purehivehoney.com\/de\/product\/medex-propolis-oral-junior-mund-und-rachenspray-wasserbasiert-ohne-alkohol-mit-zusatz-von-honig-salbei-niacin-fichtenspitzen-mit-applikator-fuer-kinder-ab-3-jahren-30-ml\/","url":"https:\/\/purehivehoney.com\/de\/product\/medex-propolis-oral-junior-mund-und-rachenspray-wasserbasiert-ohne-alkohol-mit-zusatz-von-honig-salbei-niacin-fichtenspitzen-mit-applikator-fuer-kinder-ab-3-jahren-30-ml\/","name":"Medex Propolis Oral Junior, Mund- und Rachenspray, wasserbasiert, OHNE Alkohol; mit Zusatz von Honig, Salbei, Niacin, Fichtenspitzen, mit Applikator, f\u00fcr Kinder ab 3 Jahren, 30 ml - PureHiveHoney","isPartOf":{"@id":"https:\/\/purehivehoney.com\/de\/#website"},"primaryImageOfPage":{"@id":"https:\/\/purehivehoney.com\/de\/product\/medex-propolis-oral-junior-mund-und-rachenspray-wasserbasiert-ohne-alkohol-mit-zusatz-von-honig-salbei-niacin-fichtenspitzen-mit-applikator-fuer-kinder-ab-3-jahren-30-ml\/#primaryimage"},"image":{"@id":"https:\/\/purehivehoney.com\/de\/product\/medex-propolis-oral-junior-mund-und-rachenspray-wasserbasiert-ohne-alkohol-mit-zusatz-von-honig-salbei-niacin-fichtenspitzen-mit-applikator-fuer-kinder-ab-3-jahren-30-ml\/#primaryimage"},"thumbnailUrl":"https:\/\/purehivehoney.com\/de\/wp-content\/uploads\/2026\/03\/61krQyFsbeL._AC_SL1500_.jpg","datePublished":"2026-03-17T09:06:56+00:00","dateModified":"2026-03-17T09:07:17+00:00","description":"Entdecken Sie hochwertigen Rohhonig, Bio Honig, Manuka Honig und nat\u00fcrliche Bienenprodukte. PureHiveHoney hilft Ihnen dabei, sorgf\u00e4ltig ausgew\u00e4hlte Honigsorten mit nat\u00fcrlicher Qualit\u00e4t und Reinheit zu entdecken.","breadcrumb":{"@id":"https:\/\/purehivehoney.com\/de\/product\/medex-propolis-oral-junior-mund-und-rachenspray-wasserbasiert-ohne-alkohol-mit-zusatz-von-honig-salbei-niacin-fichtenspitzen-mit-applikator-fuer-kinder-ab-3-jahren-30-ml\/#breadcrumb"},"inLanguage":"de","potentialAction":[{"@type":"ReadAction","target":["https:\/\/purehivehoney.com\/de\/product\/medex-propolis-oral-junior-mund-und-rachenspray-wasserbasiert-ohne-alkohol-mit-zusatz-von-honig-salbei-niacin-fichtenspitzen-mit-applikator-fuer-kinder-ab-3-jahren-30-ml\/"]}]},{"@type":"ImageObject","inLanguage":"de","@id":"https:\/\/purehivehoney.com\/de\/product\/medex-propolis-oral-junior-mund-und-rachenspray-wasserbasiert-ohne-alkohol-mit-zusatz-von-honig-salbei-niacin-fichtenspitzen-mit-applikator-fuer-kinder-ab-3-jahren-30-ml\/#primaryimage","url":"https:\/\/purehivehoney.com\/de\/wp-content\/uploads\/2026\/03\/61krQyFsbeL._AC_SL1500_.jpg","contentUrl":"https:\/\/purehivehoney.com\/de\/wp-content\/uploads\/2026\/03\/61krQyFsbeL._AC_SL1500_.jpg","width":918,"height":1098},{"@type":"BreadcrumbList","@id":"https:\/\/purehivehoney.com\/de\/product\/medex-propolis-oral-junior-mund-und-rachenspray-wasserbasiert-ohne-alkohol-mit-zusatz-von-honig-salbei-niacin-fichtenspitzen-mit-applikator-fuer-kinder-ab-3-jahren-30-ml\/#breadcrumb","itemListElement":[{"@type":"ListItem","position":1,"name":"Home","item":"https:\/\/purehivehoney.com\/de\/"},{"@type":"ListItem","position":2,"name":"Shop","item":"https:\/\/purehivehoney.com\/de\/shop\/"},{"@type":"ListItem","position":3,"name":"Medex Propolis Oral Junior, Mund- u..."}]},{"@type":"WebSite","@id":"https:\/\/purehivehoney.com\/de\/#website","url":"https:\/\/purehivehoney.com\/de\/","name":"PureHiveHoney","description":"Reiner Honig &amp; Bienenprodukte Online | Rohhonig, Bio Honig &amp; Spezialhonig","publisher":{"@id":"https:\/\/purehivehoney.com\/de\/#organization"},"potentialAction":[{"@type":"SearchAction","target":{"@type":"EntryPoint","urlTemplate":"https:\/\/purehivehoney.com\/de\/?s={search_term_string}"},"query-input":{"@type":"PropertyValueSpecification","valueRequired":true,"valueName":"search_term_string"}}],"inLanguage":"de"},{"@type":"Organization","@id":"https:\/\/purehivehoney.com\/de\/#organization","name":"PureHiveHoney","url":"https:\/\/purehivehoney.com\/de\/","logo":{"@type":"ImageObject","inLanguage":"de","@id":"https:\/\/purehivehoney.com\/de\/#\/schema\/logo\/image\/","url":"https:\/\/purehivehoney.com\/de\/wp-content\/uploads\/2026\/03\/Screenshot-2026-03-16-at-1.06.01-AM.png","contentUrl":"https:\/\/purehivehoney.com\/de\/wp-content\/uploads\/2026\/03\/Screenshot-2026-03-16-at-1.06.01-AM.png","width":2112,"height":1086,"caption":"PureHiveHoney"},"image":{"@id":"https:\/\/purehivehoney.com\/de\/#\/schema\/logo\/image\/"}}]}},"_links":{"self":[{"href":"https:\/\/purehivehoney.com\/de\/wp-json\/wp\/v2\/product\/1935","targetHints":{"allow":["GET"]}}],"collection":[{"href":"https:\/\/purehivehoney.com\/de\/wp-json\/wp\/v2\/product"}],"about":[{"href":"https:\/\/purehivehoney.com\/de\/wp-json\/wp\/v2\/types\/product"}],"replies":[{"embeddable":true,"href":"https:\/\/purehivehoney.com\/de\/wp-json\/wp\/v2\/comments?post=1935"}],"wp:featuredmedia":[{"embeddable":true,"href":"https:\/\/purehivehoney.com\/de\/wp-json\/wp\/v2\/media\/1936"}],"wp:attachment":[{"href":"https:\/\/purehivehoney.com\/de\/wp-json\/wp\/v2\/media?parent=1935"}],"wp:term":[{"taxonomy":"store","embeddable":true,"href":"https:\/\/purehivehoney.com\/de\/wp-json\/wp\/v2\/store?post=1935"},{"taxonomy":"product_brand","embeddable":true,"href":"https:\/\/purehivehoney.com\/de\/wp-json\/wp\/v2\/product_brand?post=1935"},{"taxonomy":"product_cat","embeddable":true,"href":"https:\/\/purehivehoney.com\/de\/wp-json\/wp\/v2\/product_cat?post=1935"},{"taxonomy":"product_tag","embeddable":true,"href":"https:\/\/purehivehoney.com\/de\/wp-json\/wp\/v2\/product_tag?post=1935"}],"curies":[{"name":"wp","href":"https:\/\/api.w.org\/{rel}","templated":true}]}}