{"id":1910,"date":"2026-03-17T03:08:59","date_gmt":"2026-03-17T03:08:59","guid":{"rendered":"https:\/\/purehivehoney.com\/de\/product\/8-piece-plant-surprise-set-40-70-cm-pot-with-12-15-cm-diameter-plants-for-home-and-office-quality-from-a-plant-professional-vegetation-for-living-spaces\/"},"modified":"2026-03-17T03:09:14","modified_gmt":"2026-03-17T03:09:14","slug":"8-piece-plant-surprise-set-40-70-cm-pot-with-12-15-cm-diameter-plants-for-home-and-office-quality-from-a-plant-professional-vegetation-for-living-spaces","status":"publish","type":"product","link":"https:\/\/purehivehoney.com\/de\/product\/8-piece-plant-surprise-set-40-70-cm-pot-with-12-15-cm-diameter-plants-for-home-and-office-quality-from-a-plant-professional-vegetation-for-living-spaces\/","title":{"rendered":"8-Piece Plant Surprise Set, +\/- 40?..."},"content":{"rendered":"<p>                                             Product Description   <\/p>\n<p>                                                  <img decoding=\"async\" alt=\"Header Pflanzen\" src=\"https:\/\/images-na.ssl-images-amazon.com\/images\/G\/01\/x-locale\/common\/grey-pixel.gif\" class=\"a-lazy-loaded\" data-src=\"https:\/\/m.media-amazon.com\/images\/S\/aplus-media-library-service-media\/a27c6de5-bef9-4e0c-a1f8-c056c9f3561b.__CR0,164,2756,852_PT0_SX970_V1___.jpg\"><img decoding=\"async\" alt=\"Header Pflanzen\" src=\"https:\/\/m.media-amazon.com\/images\/S\/aplus-media-library-service-media\/a27c6de5-bef9-4e0c-a1f8-c056c9f3561b.__CR0,164,2756,852_PT0_SX970_V1___.jpg\">  <\/p>\n<h3 class=\"a-size-extra-large aplus-13-heading-text a-text-bold\"> Zimmerpflanzen  <\/h3>\n<p class=\"description\"> Wer Pflanzen verschenkt, sorgt f\u00fcr ein breites L\u00e4cheln. Dabei sind Pflanzen weitaus mehr als nur ein Geschenk f\u00fcr Deinen Lieblingsmenschen. <\/p>\n<p class=\"description\"> Heutzutage ist das Wohnen mit Zimmerpflanzen zur Normalit\u00e4t geworden, sie haben neben den optischen Vorteilen auch noch ein Gesundheitlichen Vorteil, sie reinigen die Luft und sie machen auch das Leben im Eigenheim und das Arbeiten in grauen B\u00fcros bunter, ob f\u00fcr besondere Feste wie Geburts- oder andere Jahrestage, oder als liebevolle Aufmerksamkeit f\u00fcr Zwischendurch. <\/p>\n<p class=\"description\"> Zimmerpflanzen erfreuen sich stets gro\u00dfer Beliebtheit und sorgen im Zuhause des Beschenkten f\u00fcr Freude und langanhaltende Frische! <\/p>\n<p>                                                  <img decoding=\"async\" alt=\"v.l.: Sebastian Brass, Geradus Braas\" src=\"https:\/\/images-na.ssl-images-amazon.com\/images\/G\/01\/x-locale\/common\/grey-pixel.gif\" class=\"a-lazy-loaded\" data-src=\"https:\/\/m.media-amazon.com\/images\/S\/aplus-media-library-service-media\/e158c74f-71d5-4085-8721-c796a7263198.__CR0,0,1080,1080_PT0_SX300_V1___.jpg\"><img decoding=\"async\" alt=\"v.l.: Sebastian Brass, Geradus Braas\" src=\"https:\/\/m.media-amazon.com\/images\/S\/aplus-media-library-service-media\/e158c74f-71d5-4085-8721-c796a7263198.__CR0,0,1080,1080_PT0_SX300_V1___.jpg\">  <\/p>\n<h3 class=\"a-spacing-mini\"> Blumen aus dem Herzen Ostfrieslands <\/h3>\n<p> Im September 1993 er\u00f6ffnete Blume Ideal seine ersten L\u00e4den im Herzen Ostfrieslands. Seither sorgt unser qualifiziertes Team an verschiedenen Standorten f\u00fcr frische Blumen und rundum zufriedene Kunden. Kreative Ideen und ausgezeichnete Qualit\u00e4t sind das Erfolgsrezept von Blume Ideal. <\/p>\n<p> Seit 2015 ist Blume Ideal auch digital im Web vertreten und verschickt blumige Gr\u00fc\u00dfe. Durch unser vielf\u00e4ltiges und stetig wechselndes Sortiment von Klassikern und Saisonwaren ist f\u00fcr jeden etwas dabei, um sich selbst oder dem Lieblingsmenschen eine gro\u00dfe Freude zu bereiten. <\/p>\n<h3 class=\"a-spacing-small\"> Das erwartet Dich! <\/h3>\n<p class=\"apm-text-center\">\n                                                      <img decoding=\"async\" alt=\"Gro\u00dfe Auswahl - Faire Preise\" src=\"https:\/\/images-na.ssl-images-amazon.com\/images\/G\/01\/x-locale\/common\/grey-pixel.gif\" class=\"a-lazy-loaded\" data-src=\"https:\/\/m.media-amazon.com\/images\/S\/aplus-media-library-service-media\/c27508ef-a732-45c5-899a-fcdc4663634f.__CR73,0,294,294_PT0_SX220_V1___.jpg\"><img decoding=\"async\" alt=\"Gro\u00dfe Auswahl - Faire Preise\" src=\"https:\/\/m.media-amazon.com\/images\/S\/aplus-media-library-service-media\/c27508ef-a732-45c5-899a-fcdc4663634f.__CR73,0,294,294_PT0_SX220_V1___.jpg\">  <\/p>\n<p>                                                    Gro\u00dfe Auswahl &#8211; faire Preise                                     <\/p>\n<p class=\"a-size-small\"> Bei Blume Ideal findest Du eine tolle und vielf\u00e4ltige Auswahl an frischen Pflanzen, die kaum einen Wunsch offen lassen. Dabei sind unsere Angebote nicht nur richtig g\u00fcnstig, sondern bieten Dir dazu ausgesprochen viel f\u00fcr Dein Geld \u2013 mehr Pflanzen als bei uns findest Du kaum! <\/p>\n<p class=\"apm-text-center\">\n                                                      <img decoding=\"async\" alt=\"Pflanzen Profis\" src=\"https:\/\/images-na.ssl-images-amazon.com\/images\/G\/01\/x-locale\/common\/grey-pixel.gif\" class=\"a-lazy-loaded\" data-src=\"https:\/\/m.media-amazon.com\/images\/S\/aplus-media-library-service-media\/494531d5-c6d6-4ba8-8ae3-8f06b266cadc.__CR73,0,294,294_PT0_SX220_V1___.jpg\"><img decoding=\"async\" alt=\"Pflanzen Profis\" src=\"https:\/\/m.media-amazon.com\/images\/S\/aplus-media-library-service-media\/494531d5-c6d6-4ba8-8ae3-8f06b266cadc.__CR73,0,294,294_PT0_SX220_V1___.jpg\">  <\/p>\n<p>                                                    Echte Floristik-Profis                                     <\/p>\n<p class=\"a-size-small\"> Wenn Du wirklich sch\u00f6ne Pflanzen versenden willst, die langanhaltende Freude bereiten, brauchst Du einen echten qualifizierten Profi an Deiner Seite. Bei Blume Ideal stellen ausgebildete Profis Deine Pflanzen zusammen und arrangieren so Pflanzengr\u00fc\u00dfe, die begeistern! <\/p>\n<p class=\"apm-text-center\">\n                                                      <img decoding=\"async\" alt=\"Deutschlandweite Lieferung\" src=\"https:\/\/images-na.ssl-images-amazon.com\/images\/G\/01\/x-locale\/common\/grey-pixel.gif\" class=\"a-lazy-loaded\" data-src=\"https:\/\/m.media-amazon.com\/images\/S\/aplus-media-library-service-media\/c3934f3e-26ca-46f8-8ddd-5dd9d2e251e2.__CR0,0,1080,1080_PT0_SX220_V1___.jpg\"><img decoding=\"async\" alt=\"Deutschlandweite Lieferung\" src=\"https:\/\/m.media-amazon.com\/images\/S\/aplus-media-library-service-media\/c3934f3e-26ca-46f8-8ddd-5dd9d2e251e2.__CR0,0,1080,1080_PT0_SX220_V1___.jpg\">  <\/p>\n<p>                                                    Unser spezielle Verpackung                                     <\/p>\n<p class=\"a-size-small\"> Unsere spezielle Verpackung aus Seidenpapier und dem stabilen Versandkarton garantieren Dir, dass dein Pflanzengru\u00df frisch und unversehrt ankommt. Nichts ist wichtiger als ein gl\u00fccklicher Empf\u00e4nger! <\/p>\n<p class=\"apm-text-center\">\n                                                      <img decoding=\"async\" alt=\"7 Tage Frischgarantie\" src=\"https:\/\/images-na.ssl-images-amazon.com\/images\/G\/01\/x-locale\/common\/grey-pixel.gif\" class=\"a-lazy-loaded\" data-src=\"https:\/\/m.media-amazon.com\/images\/S\/aplus-media-library-service-media\/1a22272e-9e0f-4d9a-99fe-adad0c082216.__CR0,0,1080,1080_PT0_SX220_V1___.jpg\"><img decoding=\"async\" alt=\"7 Tage Frischgarantie\" src=\"https:\/\/m.media-amazon.com\/images\/S\/aplus-media-library-service-media\/1a22272e-9e0f-4d9a-99fe-adad0c082216.__CR0,0,1080,1080_PT0_SX220_V1___.jpg\">  <\/p>\n<p>                                                    Frische Blumen                                     <\/p>\n<p class=\"a-size-small\"> Damit Du und die Beschenkten lange Freude an ihre Pflanzen haben, versenden wir nur frische Pflanzen und setzen auf eine spezielle Transportverpackung, in der wir die Pflanzen liefern lassen. <\/p>\n<p>Green surprise: if you want to treat yourself or surprise a loved one, you can now buy our 8-piece plant surprise set and create a unique atmosphere with it. Because, with the 8 randomly selected plants, you can discover something new again and again.<br \/>Plant set: with this 8-piece plant surprise set, you will receive 8 randomly selected plants from a wide range of magnificent varieties. We ensure to always choose different ones, but there can also be duplications. Please note: poisonous plants may be included as well.<br \/>Care: if you order our 8-piece plant surprise set, you are sure to get the best indoor plants. Most plants from our offer are very easy-care and the care instructions on our website will quickly help you (English language not guaranteed).<br \/>Healthy: if you order an 8-piece plant surprise set, you can also enjoy a particularly great indoor climate. Because each variety of our indoor plants has air-purifying properties and provides a relaxing atmosphere with fresh oxygen.<br \/>Plant delivery: our great plants are, of course, well-packed in a special delivery box for a safe delivery. You will receive top quality. Order the 8-piece plant surprise set now and ensure fresh air.<\/p>\n\n","protected":false},"excerpt":{"rendered":"<p>Product Description Zimmerpflanzen Wer Pflanzen verschenkt, sorgt f\u00fcr ein breites L\u00e4cheln. Dabei sind Pflanzen weitaus mehr als nur ein Geschenk f\u00fcr Deinen Lieblingsmenschen. Heutzutage ist das Wohnen mit Zimmerpflanzen zur Normalit\u00e4t geworden, sie haben neben den optischen Vorteilen auch noch ein Gesundheitlichen Vorteil, sie reinigen die Luft und sie machen auch das Leben im Eigenheim [&hellip;]<\/p>\n","protected":false},"featured_media":1911,"comment_status":"open","ping_status":"closed","template":"","meta":{"_aipt_faq_data":""},"store":[],"product_brand":[299],"product_cat":[70],"product_tag":[89],"class_list":{"0":"post-1910","1":"product","2":"type-product","3":"status-publish","4":"has-post-thumbnail","6":"product_brand-blume-ideal","7":"product_cat-premium-honig-geschenke","8":"product_tag-premium-honig-geschenke-set","10":"first","11":"instock","12":"shipping-taxable","13":"product-type-external"},"yoast_head":"<!-- This site is optimized with the Yoast SEO plugin v27.4 - https:\/\/yoast.com\/product\/yoast-seo-wordpress\/ -->\n<title>8-Piece Plant Surprise Set, +\/- 40\u201370 cm, Pot with 12\u201315 cm Diameter, Plants for Home and Office, Quality from a Plant Professional, Vegetation for Living Spaces - PureHiveHoney<\/title>\n<meta name=\"description\" content=\"Entdecken Sie hochwertigen Rohhonig, Bio Honig, Manuka Honig und nat\u00fcrliche Bienenprodukte. PureHiveHoney hilft Ihnen dabei, sorgf\u00e4ltig ausgew\u00e4hlte Honigsorten mit nat\u00fcrlicher Qualit\u00e4t und Reinheit zu entdecken.\" \/>\n<meta name=\"robots\" content=\"index, follow, max-snippet:-1, max-image-preview:large, max-video-preview:-1\" \/>\n<link rel=\"canonical\" href=\"https:\/\/purehivehoney.com\/de\/product\/8-piece-plant-surprise-set-40-70-cm-pot-with-12-15-cm-diameter-plants-for-home-and-office-quality-from-a-plant-professional-vegetation-for-living-spaces\/\" \/>\n<meta property=\"og:locale\" content=\"de_DE\" \/>\n<meta property=\"og:type\" content=\"article\" \/>\n<meta property=\"og:title\" content=\"8-Piece Plant Surprise Set, +\/- 40\u201370 cm, Pot with 12\u201315 cm Diameter, Plants for Home and Office, Quality from a Plant Professional, Vegetation for Living Spaces - PureHiveHoney\" \/>\n<meta property=\"og:description\" content=\"Entdecken Sie hochwertigen Rohhonig, Bio Honig, Manuka Honig und nat\u00fcrliche Bienenprodukte. PureHiveHoney hilft Ihnen dabei, sorgf\u00e4ltig ausgew\u00e4hlte Honigsorten mit nat\u00fcrlicher Qualit\u00e4t und Reinheit zu entdecken.\" \/>\n<meta property=\"og:url\" content=\"https:\/\/purehivehoney.com\/de\/product\/8-piece-plant-surprise-set-40-70-cm-pot-with-12-15-cm-diameter-plants-for-home-and-office-quality-from-a-plant-professional-vegetation-for-living-spaces\/\" \/>\n<meta property=\"og:site_name\" content=\"PureHiveHoney\" \/>\n<meta property=\"article:modified_time\" content=\"2026-03-17T03:09:14+00:00\" \/>\n<meta property=\"og:image\" content=\"https:\/\/purehivehoney.com\/de\/wp-content\/uploads\/2026\/03\/71VM1MQRZyL._AC_SL1299_.jpg\" \/>\n\t<meta property=\"og:image:width\" content=\"1260\" \/>\n\t<meta property=\"og:image:height\" content=\"1299\" \/>\n\t<meta property=\"og:image:type\" content=\"image\/jpeg\" \/>\n<meta name=\"twitter:card\" content=\"summary_large_image\" \/>\n<meta name=\"twitter:label1\" content=\"Gesch\u00e4tzte Lesezeit\" \/>\n\t<meta name=\"twitter:data1\" content=\"3\u00a0Minuten\" \/>\n<script type=\"application\/ld+json\" class=\"yoast-schema-graph\">{\"@context\":\"https:\\\/\\\/schema.org\",\"@graph\":[{\"@type\":\"WebPage\",\"@id\":\"https:\\\/\\\/purehivehoney.com\\\/de\\\/product\\\/8-piece-plant-surprise-set-40-70-cm-pot-with-12-15-cm-diameter-plants-for-home-and-office-quality-from-a-plant-professional-vegetation-for-living-spaces\\\/\",\"url\":\"https:\\\/\\\/purehivehoney.com\\\/de\\\/product\\\/8-piece-plant-surprise-set-40-70-cm-pot-with-12-15-cm-diameter-plants-for-home-and-office-quality-from-a-plant-professional-vegetation-for-living-spaces\\\/\",\"name\":\"8-Piece Plant Surprise Set, +\\\/- 40\u201370 cm, Pot with 12\u201315 cm Diameter, Plants for Home and Office, Quality from a Plant Professional, Vegetation for Living Spaces - PureHiveHoney\",\"isPartOf\":{\"@id\":\"https:\\\/\\\/purehivehoney.com\\\/de\\\/#website\"},\"primaryImageOfPage\":{\"@id\":\"https:\\\/\\\/purehivehoney.com\\\/de\\\/product\\\/8-piece-plant-surprise-set-40-70-cm-pot-with-12-15-cm-diameter-plants-for-home-and-office-quality-from-a-plant-professional-vegetation-for-living-spaces\\\/#primaryimage\"},\"image\":{\"@id\":\"https:\\\/\\\/purehivehoney.com\\\/de\\\/product\\\/8-piece-plant-surprise-set-40-70-cm-pot-with-12-15-cm-diameter-plants-for-home-and-office-quality-from-a-plant-professional-vegetation-for-living-spaces\\\/#primaryimage\"},\"thumbnailUrl\":\"https:\\\/\\\/purehivehoney.com\\\/de\\\/wp-content\\\/uploads\\\/2026\\\/03\\\/71VM1MQRZyL._AC_SL1299_.jpg\",\"datePublished\":\"2026-03-17T03:08:59+00:00\",\"dateModified\":\"2026-03-17T03:09:14+00:00\",\"description\":\"Entdecken Sie hochwertigen Rohhonig, Bio Honig, Manuka Honig und nat\u00fcrliche Bienenprodukte. PureHiveHoney hilft Ihnen dabei, sorgf\u00e4ltig ausgew\u00e4hlte Honigsorten mit nat\u00fcrlicher Qualit\u00e4t und Reinheit zu entdecken.\",\"breadcrumb\":{\"@id\":\"https:\\\/\\\/purehivehoney.com\\\/de\\\/product\\\/8-piece-plant-surprise-set-40-70-cm-pot-with-12-15-cm-diameter-plants-for-home-and-office-quality-from-a-plant-professional-vegetation-for-living-spaces\\\/#breadcrumb\"},\"inLanguage\":\"de\",\"potentialAction\":[{\"@type\":\"ReadAction\",\"target\":[\"https:\\\/\\\/purehivehoney.com\\\/de\\\/product\\\/8-piece-plant-surprise-set-40-70-cm-pot-with-12-15-cm-diameter-plants-for-home-and-office-quality-from-a-plant-professional-vegetation-for-living-spaces\\\/\"]}]},{\"@type\":\"ImageObject\",\"inLanguage\":\"de\",\"@id\":\"https:\\\/\\\/purehivehoney.com\\\/de\\\/product\\\/8-piece-plant-surprise-set-40-70-cm-pot-with-12-15-cm-diameter-plants-for-home-and-office-quality-from-a-plant-professional-vegetation-for-living-spaces\\\/#primaryimage\",\"url\":\"https:\\\/\\\/purehivehoney.com\\\/de\\\/wp-content\\\/uploads\\\/2026\\\/03\\\/71VM1MQRZyL._AC_SL1299_.jpg\",\"contentUrl\":\"https:\\\/\\\/purehivehoney.com\\\/de\\\/wp-content\\\/uploads\\\/2026\\\/03\\\/71VM1MQRZyL._AC_SL1299_.jpg\",\"width\":1260,\"height\":1299},{\"@type\":\"BreadcrumbList\",\"@id\":\"https:\\\/\\\/purehivehoney.com\\\/de\\\/product\\\/8-piece-plant-surprise-set-40-70-cm-pot-with-12-15-cm-diameter-plants-for-home-and-office-quality-from-a-plant-professional-vegetation-for-living-spaces\\\/#breadcrumb\",\"itemListElement\":[{\"@type\":\"ListItem\",\"position\":1,\"name\":\"Home\",\"item\":\"https:\\\/\\\/purehivehoney.com\\\/de\\\/\"},{\"@type\":\"ListItem\",\"position\":2,\"name\":\"Shop\",\"item\":\"https:\\\/\\\/purehivehoney.com\\\/de\\\/shop\\\/\"},{\"@type\":\"ListItem\",\"position\":3,\"name\":\"8-Piece Plant Surprise Set, +\\\/- 40\u201370 cm, Pot with 12\u201315 cm Diameter, Plants for Home and Office, Quality from a Plant Professional, Vegetation for Living Spaces\"}]},{\"@type\":\"WebSite\",\"@id\":\"https:\\\/\\\/purehivehoney.com\\\/de\\\/#website\",\"url\":\"https:\\\/\\\/purehivehoney.com\\\/de\\\/\",\"name\":\"PureHiveHoney\",\"description\":\"Reiner Honig &amp; Bienenprodukte Online | Rohhonig, Bio Honig &amp; Spezialhonig\",\"publisher\":{\"@id\":\"https:\\\/\\\/purehivehoney.com\\\/de\\\/#organization\"},\"potentialAction\":[{\"@type\":\"SearchAction\",\"target\":{\"@type\":\"EntryPoint\",\"urlTemplate\":\"https:\\\/\\\/purehivehoney.com\\\/de\\\/?s={search_term_string}\"},\"query-input\":{\"@type\":\"PropertyValueSpecification\",\"valueRequired\":true,\"valueName\":\"search_term_string\"}}],\"inLanguage\":\"de\"},{\"@type\":\"Organization\",\"@id\":\"https:\\\/\\\/purehivehoney.com\\\/de\\\/#organization\",\"name\":\"PureHiveHoney\",\"url\":\"https:\\\/\\\/purehivehoney.com\\\/de\\\/\",\"logo\":{\"@type\":\"ImageObject\",\"inLanguage\":\"de\",\"@id\":\"https:\\\/\\\/purehivehoney.com\\\/de\\\/#\\\/schema\\\/logo\\\/image\\\/\",\"url\":\"https:\\\/\\\/purehivehoney.com\\\/de\\\/wp-content\\\/uploads\\\/2026\\\/03\\\/Screenshot-2026-03-16-at-1.06.01-AM.png\",\"contentUrl\":\"https:\\\/\\\/purehivehoney.com\\\/de\\\/wp-content\\\/uploads\\\/2026\\\/03\\\/Screenshot-2026-03-16-at-1.06.01-AM.png\",\"width\":2112,\"height\":1086,\"caption\":\"PureHiveHoney\"},\"image\":{\"@id\":\"https:\\\/\\\/purehivehoney.com\\\/de\\\/#\\\/schema\\\/logo\\\/image\\\/\"}}]}<\/script>\n<!-- \/ Yoast SEO plugin. -->","yoast_head_json":{"title":"8-Piece Plant Surprise Set, +\/- 40\u201370 cm, Pot with 12\u201315 cm Diameter, Plants for Home and Office, Quality from a Plant Professional, Vegetation for Living Spaces - PureHiveHoney","description":"Entdecken Sie hochwertigen Rohhonig, Bio Honig, Manuka Honig und nat\u00fcrliche Bienenprodukte. PureHiveHoney hilft Ihnen dabei, sorgf\u00e4ltig ausgew\u00e4hlte Honigsorten mit nat\u00fcrlicher Qualit\u00e4t und Reinheit zu entdecken.","robots":{"index":"index","follow":"follow","max-snippet":"max-snippet:-1","max-image-preview":"max-image-preview:large","max-video-preview":"max-video-preview:-1"},"canonical":"https:\/\/purehivehoney.com\/de\/product\/8-piece-plant-surprise-set-40-70-cm-pot-with-12-15-cm-diameter-plants-for-home-and-office-quality-from-a-plant-professional-vegetation-for-living-spaces\/","og_locale":"de_DE","og_type":"article","og_title":"8-Piece Plant Surprise Set, +\/- 40\u201370 cm, Pot with 12\u201315 cm Diameter, Plants for Home and Office, Quality from a Plant Professional, Vegetation for Living Spaces - PureHiveHoney","og_description":"Entdecken Sie hochwertigen Rohhonig, Bio Honig, Manuka Honig und nat\u00fcrliche Bienenprodukte. PureHiveHoney hilft Ihnen dabei, sorgf\u00e4ltig ausgew\u00e4hlte Honigsorten mit nat\u00fcrlicher Qualit\u00e4t und Reinheit zu entdecken.","og_url":"https:\/\/purehivehoney.com\/de\/product\/8-piece-plant-surprise-set-40-70-cm-pot-with-12-15-cm-diameter-plants-for-home-and-office-quality-from-a-plant-professional-vegetation-for-living-spaces\/","og_site_name":"PureHiveHoney","article_modified_time":"2026-03-17T03:09:14+00:00","og_image":[{"width":1260,"height":1299,"url":"https:\/\/purehivehoney.com\/de\/wp-content\/uploads\/2026\/03\/71VM1MQRZyL._AC_SL1299_.jpg","type":"image\/jpeg"}],"twitter_card":"summary_large_image","twitter_misc":{"Gesch\u00e4tzte Lesezeit":"3\u00a0Minuten"},"schema":{"@context":"https:\/\/schema.org","@graph":[{"@type":"WebPage","@id":"https:\/\/purehivehoney.com\/de\/product\/8-piece-plant-surprise-set-40-70-cm-pot-with-12-15-cm-diameter-plants-for-home-and-office-quality-from-a-plant-professional-vegetation-for-living-spaces\/","url":"https:\/\/purehivehoney.com\/de\/product\/8-piece-plant-surprise-set-40-70-cm-pot-with-12-15-cm-diameter-plants-for-home-and-office-quality-from-a-plant-professional-vegetation-for-living-spaces\/","name":"8-Piece Plant Surprise Set, +\/- 40\u201370 cm, Pot with 12\u201315 cm Diameter, Plants for Home and Office, Quality from a Plant Professional, Vegetation for Living Spaces - PureHiveHoney","isPartOf":{"@id":"https:\/\/purehivehoney.com\/de\/#website"},"primaryImageOfPage":{"@id":"https:\/\/purehivehoney.com\/de\/product\/8-piece-plant-surprise-set-40-70-cm-pot-with-12-15-cm-diameter-plants-for-home-and-office-quality-from-a-plant-professional-vegetation-for-living-spaces\/#primaryimage"},"image":{"@id":"https:\/\/purehivehoney.com\/de\/product\/8-piece-plant-surprise-set-40-70-cm-pot-with-12-15-cm-diameter-plants-for-home-and-office-quality-from-a-plant-professional-vegetation-for-living-spaces\/#primaryimage"},"thumbnailUrl":"https:\/\/purehivehoney.com\/de\/wp-content\/uploads\/2026\/03\/71VM1MQRZyL._AC_SL1299_.jpg","datePublished":"2026-03-17T03:08:59+00:00","dateModified":"2026-03-17T03:09:14+00:00","description":"Entdecken Sie hochwertigen Rohhonig, Bio Honig, Manuka Honig und nat\u00fcrliche Bienenprodukte. PureHiveHoney hilft Ihnen dabei, sorgf\u00e4ltig ausgew\u00e4hlte Honigsorten mit nat\u00fcrlicher Qualit\u00e4t und Reinheit zu entdecken.","breadcrumb":{"@id":"https:\/\/purehivehoney.com\/de\/product\/8-piece-plant-surprise-set-40-70-cm-pot-with-12-15-cm-diameter-plants-for-home-and-office-quality-from-a-plant-professional-vegetation-for-living-spaces\/#breadcrumb"},"inLanguage":"de","potentialAction":[{"@type":"ReadAction","target":["https:\/\/purehivehoney.com\/de\/product\/8-piece-plant-surprise-set-40-70-cm-pot-with-12-15-cm-diameter-plants-for-home-and-office-quality-from-a-plant-professional-vegetation-for-living-spaces\/"]}]},{"@type":"ImageObject","inLanguage":"de","@id":"https:\/\/purehivehoney.com\/de\/product\/8-piece-plant-surprise-set-40-70-cm-pot-with-12-15-cm-diameter-plants-for-home-and-office-quality-from-a-plant-professional-vegetation-for-living-spaces\/#primaryimage","url":"https:\/\/purehivehoney.com\/de\/wp-content\/uploads\/2026\/03\/71VM1MQRZyL._AC_SL1299_.jpg","contentUrl":"https:\/\/purehivehoney.com\/de\/wp-content\/uploads\/2026\/03\/71VM1MQRZyL._AC_SL1299_.jpg","width":1260,"height":1299},{"@type":"BreadcrumbList","@id":"https:\/\/purehivehoney.com\/de\/product\/8-piece-plant-surprise-set-40-70-cm-pot-with-12-15-cm-diameter-plants-for-home-and-office-quality-from-a-plant-professional-vegetation-for-living-spaces\/#breadcrumb","itemListElement":[{"@type":"ListItem","position":1,"name":"Home","item":"https:\/\/purehivehoney.com\/de\/"},{"@type":"ListItem","position":2,"name":"Shop","item":"https:\/\/purehivehoney.com\/de\/shop\/"},{"@type":"ListItem","position":3,"name":"8-Piece Plant Surprise Set, +\/- 40\u201370 cm, Pot with 12\u201315 cm Diameter, Plants for Home and Office, Quality from a Plant Professional, Vegetation for Living Spaces"}]},{"@type":"WebSite","@id":"https:\/\/purehivehoney.com\/de\/#website","url":"https:\/\/purehivehoney.com\/de\/","name":"PureHiveHoney","description":"Reiner Honig &amp; Bienenprodukte Online | Rohhonig, Bio Honig &amp; Spezialhonig","publisher":{"@id":"https:\/\/purehivehoney.com\/de\/#organization"},"potentialAction":[{"@type":"SearchAction","target":{"@type":"EntryPoint","urlTemplate":"https:\/\/purehivehoney.com\/de\/?s={search_term_string}"},"query-input":{"@type":"PropertyValueSpecification","valueRequired":true,"valueName":"search_term_string"}}],"inLanguage":"de"},{"@type":"Organization","@id":"https:\/\/purehivehoney.com\/de\/#organization","name":"PureHiveHoney","url":"https:\/\/purehivehoney.com\/de\/","logo":{"@type":"ImageObject","inLanguage":"de","@id":"https:\/\/purehivehoney.com\/de\/#\/schema\/logo\/image\/","url":"https:\/\/purehivehoney.com\/de\/wp-content\/uploads\/2026\/03\/Screenshot-2026-03-16-at-1.06.01-AM.png","contentUrl":"https:\/\/purehivehoney.com\/de\/wp-content\/uploads\/2026\/03\/Screenshot-2026-03-16-at-1.06.01-AM.png","width":2112,"height":1086,"caption":"PureHiveHoney"},"image":{"@id":"https:\/\/purehivehoney.com\/de\/#\/schema\/logo\/image\/"}}]}},"_links":{"self":[{"href":"https:\/\/purehivehoney.com\/de\/wp-json\/wp\/v2\/product\/1910","targetHints":{"allow":["GET"]}}],"collection":[{"href":"https:\/\/purehivehoney.com\/de\/wp-json\/wp\/v2\/product"}],"about":[{"href":"https:\/\/purehivehoney.com\/de\/wp-json\/wp\/v2\/types\/product"}],"replies":[{"embeddable":true,"href":"https:\/\/purehivehoney.com\/de\/wp-json\/wp\/v2\/comments?post=1910"}],"wp:featuredmedia":[{"embeddable":true,"href":"https:\/\/purehivehoney.com\/de\/wp-json\/wp\/v2\/media\/1911"}],"wp:attachment":[{"href":"https:\/\/purehivehoney.com\/de\/wp-json\/wp\/v2\/media?parent=1910"}],"wp:term":[{"taxonomy":"store","embeddable":true,"href":"https:\/\/purehivehoney.com\/de\/wp-json\/wp\/v2\/store?post=1910"},{"taxonomy":"product_brand","embeddable":true,"href":"https:\/\/purehivehoney.com\/de\/wp-json\/wp\/v2\/product_brand?post=1910"},{"taxonomy":"product_cat","embeddable":true,"href":"https:\/\/purehivehoney.com\/de\/wp-json\/wp\/v2\/product_cat?post=1910"},{"taxonomy":"product_tag","embeddable":true,"href":"https:\/\/purehivehoney.com\/de\/wp-json\/wp\/v2\/product_tag?post=1910"}],"curies":[{"name":"wp","href":"https:\/\/api.w.org\/{rel}","templated":true}]}}