{"id":1893,"date":"2026-03-16T23:16:24","date_gmt":"2026-03-16T23:16:24","guid":{"rendered":"https:\/\/purehivehoney.com\/de\/product\/lavera-natural-strong-deodorant-cream-vegan-natural-cosmetics-organic-ginseng-natural-minerals-without-aluminium-48-hours-deodorant-protection-50-ml-1-piece\/"},"modified":"2026-03-16T23:16:45","modified_gmt":"2026-03-16T23:16:45","slug":"lavera-natural-strong-deodorant-cream-vegan-natural-cosmetics-organic-ginseng-natural-minerals-without-aluminium-48-hours-deodorant-protection-50-ml-1-piece","status":"publish","type":"product","link":"https:\/\/purehivehoney.com\/de\/product\/lavera-natural-strong-deodorant-cream-vegan-natural-cosmetics-organic-ginseng-natural-minerals-without-aluminium-48-hours-deodorant-protection-50-ml-1-piece\/","title":{"rendered":"lavera &#8211; Natural Strong Deodo..."},"content":{"rendered":"<p>                                             From the brand   <\/p>\n<p>                                              <img decoding=\"async\" alt=\"lavera\" src=\"https:\/\/images-na.ssl-images-amazon.com\/images\/G\/01\/x-locale\/common\/grey-pixel.gif\" class=\"a-lazy-loaded\" data-src=\"https:\/\/m.media-amazon.com\/images\/S\/aplus-media-library-service-media\/3c6121b2-3ce6-44f7-81cf-72c6b977e53e.__CR0,0,1464,625_PT0_SX1464_V1___.jpg\"><img decoding=\"async\" alt=\"lavera\" src=\"https:\/\/m.media-amazon.com\/images\/S\/aplus-media-library-service-media\/3c6121b2-3ce6-44f7-81cf-72c6b977e53e.__CR0,0,1464,625_PT0_SX1464_V1___.jpg\">  <\/p>\n<h3> TOOTHCREAM <\/h3>\n<p class=\"apm-brand-story-stores-link\">\n<h3> Facial care <\/h3>\n<p class=\"apm-brand-story-stores-link\">\n<h3> Anti-ageing <\/h3>\n<p class=\"apm-brand-story-stores-link\">\n<h3> Deodorant <\/h3>\n<p class=\"apm-brand-story-stores-link\">\n<p>                                                         Our vision                                       <\/p>\n<p> We want to offer all people the opportunity to care for themselves exclusively naturally. <\/p>\n<p>                                                         What makes our product unique?                                       <\/p>\n<p> As a manufacturer of certified natural cosmetics, we do not use microplastics in all formulas. When extracting our raw materials, we pay attention to the highest (organic) quality and a local origin.  <\/p>\n<p>                                                         Why do we love what we do?                                       <\/p>\n<p> The future of our Earth has been close to our hearts since 1987 and we do everything we can to preserve our unique nature for all subsequent generations in the form we found it. <\/p>\n<p> Is Discontinued By Manufacturer                                            \u200f                                            :                                            \u200e                                            No   <br \/> Product Dimensions                                            \u200f                                            :                                            \u200e                                            6.7 x 6.7 x 2.7 cm; 80 g   <br \/> Manufacturer                                            \u200f                                            :                                            \u200e                                            \u200eLaverana GmbH &#038; Co. KG   <br \/> ASIN                                            \u200f                                            :                                            \u200e                                            B08ZFVGBRL   <br \/> Item model number                                            \u200f                                            :                                            \u200e                                            111091   <br \/> Country of origin                                            \u200f                                            :                                            \u200e                                            Germany   <br \/>  Customer reviews:                                                                                            4.4               4.4 out of 5 stars                                  (1,871)                                              var dpAcrHasRegisteredArcLinkClickAction;                    P.when(&#8218;A&#8216;, &#8218;ready&#8216;).execute(function(A) {                        if (dpAcrHasRegisteredArcLinkClickAction !== true) {                            dpAcrHasRegisteredArcLinkClickAction = true;                            A.declarative(                                &#8218;acrLink-click-metrics&#8216;, &#8218;click&#8216;,                                { &#8222;allowLinkDefault&#8220;: true },                                function (event) {                                    if (window.ue) {                                        ue.count(&#8222;acrLinkClickCount&#8220;, (ue.count(&#8222;acrLinkClickCount&#8220;) || 0) + 1);                                    }                                }                            );                        }                    });                                             P.when(&#8218;A&#8216;, &#8218;cf&#8216;).execute(function(A) {                A.declarative(&#8218;acrStarsLink-click-metrics&#8216;, &#8218;click&#8216;, { &#8222;allowLinkDefault&#8220; : true },  function(event){                    if(window.ue) {                        ue.count(&#8222;acrStarsLinkWithPopoverClickCount&#8220;, (ue.count(&#8222;acrStarsLinkWithPopoverClickCount&#8220;) || 0) + 1);                    }                });            });                          <br \/>48+ hours deodorant protection. Reliably protected even during physical activity<br \/>0% ACH aluminium salts active composition with organic ginseng and natural minerals<br \/>The alcohol-free formula does not burn after shaving, but gives stressed underarm skin the care it needs<br \/>Ideal for travel &#8211; under 100 ml &#8211; can be put in hand luggage<br \/>Jar made from 100% recycled material (without lid)<\/p>\n\n","protected":false},"excerpt":{"rendered":"<p>From the brand TOOTHCREAM Facial care Anti-ageing Deodorant Our vision We want to offer all people the opportunity to care for themselves exclusively naturally. What makes our product unique? As a manufacturer of certified natural cosmetics, we do not use microplastics in all formulas. When extracting our raw materials, we pay attention to the highest [&hellip;]<\/p>\n","protected":false},"featured_media":1894,"comment_status":"open","ping_status":"closed","template":"","meta":{"_aipt_faq_data":""},"store":[],"product_brand":[298],"product_cat":[70],"product_tag":[89],"class_list":{"0":"post-1893","1":"product","2":"type-product","3":"status-publish","4":"has-post-thumbnail","6":"product_brand-lavera","7":"product_cat-premium-honig-geschenke","8":"product_tag-premium-honig-geschenke-set","10":"first","11":"instock","12":"shipping-taxable","13":"product-type-external"},"yoast_head":"<!-- This site is optimized with the Yoast SEO plugin v27.4 - https:\/\/yoast.com\/product\/yoast-seo-wordpress\/ -->\n<title>lavera - Natural Strong Deodorant Cream - Vegan Natural Cosmetics - Organic Ginseng - Natural Minerals without Aluminium - 48 Hours Deodorant Protection - 50 ml, 1 Piece - PureHiveHoney<\/title>\n<meta name=\"description\" content=\"Entdecken Sie hochwertigen Rohhonig, Bio Honig, Manuka Honig und nat\u00fcrliche Bienenprodukte. PureHiveHoney hilft Ihnen dabei, sorgf\u00e4ltig ausgew\u00e4hlte Honigsorten mit nat\u00fcrlicher Qualit\u00e4t und Reinheit zu entdecken.\" \/>\n<meta name=\"robots\" content=\"index, follow, max-snippet:-1, max-image-preview:large, max-video-preview:-1\" \/>\n<link rel=\"canonical\" href=\"https:\/\/purehivehoney.com\/de\/product\/lavera-natural-strong-deodorant-cream-vegan-natural-cosmetics-organic-ginseng-natural-minerals-without-aluminium-48-hours-deodorant-protection-50-ml-1-piece\/\" \/>\n<meta property=\"og:locale\" content=\"de_DE\" \/>\n<meta property=\"og:type\" content=\"article\" \/>\n<meta property=\"og:title\" content=\"lavera - Natural Strong Deodorant Cream - Vegan Natural Cosmetics - Organic Ginseng - Natural Minerals without Aluminium - 48 Hours Deodorant Protection - 50 ml, 1 Piece - PureHiveHoney\" \/>\n<meta property=\"og:description\" content=\"Entdecken Sie hochwertigen Rohhonig, Bio Honig, Manuka Honig und nat\u00fcrliche Bienenprodukte. PureHiveHoney hilft Ihnen dabei, sorgf\u00e4ltig ausgew\u00e4hlte Honigsorten mit nat\u00fcrlicher Qualit\u00e4t und Reinheit zu entdecken.\" \/>\n<meta property=\"og:url\" content=\"https:\/\/purehivehoney.com\/de\/product\/lavera-natural-strong-deodorant-cream-vegan-natural-cosmetics-organic-ginseng-natural-minerals-without-aluminium-48-hours-deodorant-protection-50-ml-1-piece\/\" \/>\n<meta property=\"og:site_name\" content=\"PureHiveHoney\" \/>\n<meta property=\"article:modified_time\" content=\"2026-03-16T23:16:45+00:00\" \/>\n<meta property=\"og:image\" content=\"https:\/\/images-na.ssl-images-amazon.com\/images\/G\/01\/x-locale\/common\/grey-pixel.gif\" \/>\n<meta name=\"twitter:card\" content=\"summary_large_image\" \/>\n<meta name=\"twitter:label1\" content=\"Gesch\u00e4tzte Lesezeit\" \/>\n\t<meta name=\"twitter:data1\" content=\"1\u00a0Minute\" \/>\n<script type=\"application\/ld+json\" class=\"yoast-schema-graph\">{\"@context\":\"https:\\\/\\\/schema.org\",\"@graph\":[{\"@type\":\"WebPage\",\"@id\":\"https:\\\/\\\/purehivehoney.com\\\/de\\\/product\\\/lavera-natural-strong-deodorant-cream-vegan-natural-cosmetics-organic-ginseng-natural-minerals-without-aluminium-48-hours-deodorant-protection-50-ml-1-piece\\\/\",\"url\":\"https:\\\/\\\/purehivehoney.com\\\/de\\\/product\\\/lavera-natural-strong-deodorant-cream-vegan-natural-cosmetics-organic-ginseng-natural-minerals-without-aluminium-48-hours-deodorant-protection-50-ml-1-piece\\\/\",\"name\":\"lavera - Natural Strong Deodorant Cream - Vegan Natural Cosmetics - Organic Ginseng - Natural Minerals without Aluminium - 48 Hours Deodorant Protection - 50 ml, 1 Piece - PureHiveHoney\",\"isPartOf\":{\"@id\":\"https:\\\/\\\/purehivehoney.com\\\/de\\\/#website\"},\"primaryImageOfPage\":{\"@id\":\"https:\\\/\\\/purehivehoney.com\\\/de\\\/product\\\/lavera-natural-strong-deodorant-cream-vegan-natural-cosmetics-organic-ginseng-natural-minerals-without-aluminium-48-hours-deodorant-protection-50-ml-1-piece\\\/#primaryimage\"},\"image\":{\"@id\":\"https:\\\/\\\/purehivehoney.com\\\/de\\\/product\\\/lavera-natural-strong-deodorant-cream-vegan-natural-cosmetics-organic-ginseng-natural-minerals-without-aluminium-48-hours-deodorant-protection-50-ml-1-piece\\\/#primaryimage\"},\"thumbnailUrl\":\"https:\\\/\\\/purehivehoney.com\\\/de\\\/wp-content\\\/uploads\\\/2026\\\/03\\\/713Cur6AhRL._SL1500_.jpg\",\"datePublished\":\"2026-03-16T23:16:24+00:00\",\"dateModified\":\"2026-03-16T23:16:45+00:00\",\"description\":\"Entdecken Sie hochwertigen Rohhonig, Bio Honig, Manuka Honig und nat\u00fcrliche Bienenprodukte. PureHiveHoney hilft Ihnen dabei, sorgf\u00e4ltig ausgew\u00e4hlte Honigsorten mit nat\u00fcrlicher Qualit\u00e4t und Reinheit zu entdecken.\",\"breadcrumb\":{\"@id\":\"https:\\\/\\\/purehivehoney.com\\\/de\\\/product\\\/lavera-natural-strong-deodorant-cream-vegan-natural-cosmetics-organic-ginseng-natural-minerals-without-aluminium-48-hours-deodorant-protection-50-ml-1-piece\\\/#breadcrumb\"},\"inLanguage\":\"de\",\"potentialAction\":[{\"@type\":\"ReadAction\",\"target\":[\"https:\\\/\\\/purehivehoney.com\\\/de\\\/product\\\/lavera-natural-strong-deodorant-cream-vegan-natural-cosmetics-organic-ginseng-natural-minerals-without-aluminium-48-hours-deodorant-protection-50-ml-1-piece\\\/\"]}]},{\"@type\":\"ImageObject\",\"inLanguage\":\"de\",\"@id\":\"https:\\\/\\\/purehivehoney.com\\\/de\\\/product\\\/lavera-natural-strong-deodorant-cream-vegan-natural-cosmetics-organic-ginseng-natural-minerals-without-aluminium-48-hours-deodorant-protection-50-ml-1-piece\\\/#primaryimage\",\"url\":\"https:\\\/\\\/purehivehoney.com\\\/de\\\/wp-content\\\/uploads\\\/2026\\\/03\\\/713Cur6AhRL._SL1500_.jpg\",\"contentUrl\":\"https:\\\/\\\/purehivehoney.com\\\/de\\\/wp-content\\\/uploads\\\/2026\\\/03\\\/713Cur6AhRL._SL1500_.jpg\",\"width\":1500,\"height\":1500},{\"@type\":\"BreadcrumbList\",\"@id\":\"https:\\\/\\\/purehivehoney.com\\\/de\\\/product\\\/lavera-natural-strong-deodorant-cream-vegan-natural-cosmetics-organic-ginseng-natural-minerals-without-aluminium-48-hours-deodorant-protection-50-ml-1-piece\\\/#breadcrumb\",\"itemListElement\":[{\"@type\":\"ListItem\",\"position\":1,\"name\":\"Home\",\"item\":\"https:\\\/\\\/purehivehoney.com\\\/de\\\/\"},{\"@type\":\"ListItem\",\"position\":2,\"name\":\"Shop\",\"item\":\"https:\\\/\\\/purehivehoney.com\\\/de\\\/shop\\\/\"},{\"@type\":\"ListItem\",\"position\":3,\"name\":\"lavera &#8211; Natural Strong Deodo...\"}]},{\"@type\":\"WebSite\",\"@id\":\"https:\\\/\\\/purehivehoney.com\\\/de\\\/#website\",\"url\":\"https:\\\/\\\/purehivehoney.com\\\/de\\\/\",\"name\":\"PureHiveHoney\",\"description\":\"Reiner Honig &amp; Bienenprodukte Online | Rohhonig, Bio Honig &amp; Spezialhonig\",\"publisher\":{\"@id\":\"https:\\\/\\\/purehivehoney.com\\\/de\\\/#organization\"},\"potentialAction\":[{\"@type\":\"SearchAction\",\"target\":{\"@type\":\"EntryPoint\",\"urlTemplate\":\"https:\\\/\\\/purehivehoney.com\\\/de\\\/?s={search_term_string}\"},\"query-input\":{\"@type\":\"PropertyValueSpecification\",\"valueRequired\":true,\"valueName\":\"search_term_string\"}}],\"inLanguage\":\"de\"},{\"@type\":\"Organization\",\"@id\":\"https:\\\/\\\/purehivehoney.com\\\/de\\\/#organization\",\"name\":\"PureHiveHoney\",\"url\":\"https:\\\/\\\/purehivehoney.com\\\/de\\\/\",\"logo\":{\"@type\":\"ImageObject\",\"inLanguage\":\"de\",\"@id\":\"https:\\\/\\\/purehivehoney.com\\\/de\\\/#\\\/schema\\\/logo\\\/image\\\/\",\"url\":\"https:\\\/\\\/purehivehoney.com\\\/de\\\/wp-content\\\/uploads\\\/2026\\\/03\\\/Screenshot-2026-03-16-at-1.06.01-AM.png\",\"contentUrl\":\"https:\\\/\\\/purehivehoney.com\\\/de\\\/wp-content\\\/uploads\\\/2026\\\/03\\\/Screenshot-2026-03-16-at-1.06.01-AM.png\",\"width\":2112,\"height\":1086,\"caption\":\"PureHiveHoney\"},\"image\":{\"@id\":\"https:\\\/\\\/purehivehoney.com\\\/de\\\/#\\\/schema\\\/logo\\\/image\\\/\"}}]}<\/script>\n<!-- \/ Yoast SEO plugin. -->","yoast_head_json":{"title":"lavera - Natural Strong Deodorant Cream - Vegan Natural Cosmetics - Organic Ginseng - Natural Minerals without Aluminium - 48 Hours Deodorant Protection - 50 ml, 1 Piece - PureHiveHoney","description":"Entdecken Sie hochwertigen Rohhonig, Bio Honig, Manuka Honig und nat\u00fcrliche Bienenprodukte. PureHiveHoney hilft Ihnen dabei, sorgf\u00e4ltig ausgew\u00e4hlte Honigsorten mit nat\u00fcrlicher Qualit\u00e4t und Reinheit zu entdecken.","robots":{"index":"index","follow":"follow","max-snippet":"max-snippet:-1","max-image-preview":"max-image-preview:large","max-video-preview":"max-video-preview:-1"},"canonical":"https:\/\/purehivehoney.com\/de\/product\/lavera-natural-strong-deodorant-cream-vegan-natural-cosmetics-organic-ginseng-natural-minerals-without-aluminium-48-hours-deodorant-protection-50-ml-1-piece\/","og_locale":"de_DE","og_type":"article","og_title":"lavera - Natural Strong Deodorant Cream - Vegan Natural Cosmetics - Organic Ginseng - Natural Minerals without Aluminium - 48 Hours Deodorant Protection - 50 ml, 1 Piece - PureHiveHoney","og_description":"Entdecken Sie hochwertigen Rohhonig, Bio Honig, Manuka Honig und nat\u00fcrliche Bienenprodukte. PureHiveHoney hilft Ihnen dabei, sorgf\u00e4ltig ausgew\u00e4hlte Honigsorten mit nat\u00fcrlicher Qualit\u00e4t und Reinheit zu entdecken.","og_url":"https:\/\/purehivehoney.com\/de\/product\/lavera-natural-strong-deodorant-cream-vegan-natural-cosmetics-organic-ginseng-natural-minerals-without-aluminium-48-hours-deodorant-protection-50-ml-1-piece\/","og_site_name":"PureHiveHoney","article_modified_time":"2026-03-16T23:16:45+00:00","og_image":[{"url":"https:\/\/images-na.ssl-images-amazon.com\/images\/G\/01\/x-locale\/common\/grey-pixel.gif","type":"","width":"","height":""}],"twitter_card":"summary_large_image","twitter_misc":{"Gesch\u00e4tzte Lesezeit":"1\u00a0Minute"},"schema":{"@context":"https:\/\/schema.org","@graph":[{"@type":"WebPage","@id":"https:\/\/purehivehoney.com\/de\/product\/lavera-natural-strong-deodorant-cream-vegan-natural-cosmetics-organic-ginseng-natural-minerals-without-aluminium-48-hours-deodorant-protection-50-ml-1-piece\/","url":"https:\/\/purehivehoney.com\/de\/product\/lavera-natural-strong-deodorant-cream-vegan-natural-cosmetics-organic-ginseng-natural-minerals-without-aluminium-48-hours-deodorant-protection-50-ml-1-piece\/","name":"lavera - Natural Strong Deodorant Cream - Vegan Natural Cosmetics - Organic Ginseng - Natural Minerals without Aluminium - 48 Hours Deodorant Protection - 50 ml, 1 Piece - PureHiveHoney","isPartOf":{"@id":"https:\/\/purehivehoney.com\/de\/#website"},"primaryImageOfPage":{"@id":"https:\/\/purehivehoney.com\/de\/product\/lavera-natural-strong-deodorant-cream-vegan-natural-cosmetics-organic-ginseng-natural-minerals-without-aluminium-48-hours-deodorant-protection-50-ml-1-piece\/#primaryimage"},"image":{"@id":"https:\/\/purehivehoney.com\/de\/product\/lavera-natural-strong-deodorant-cream-vegan-natural-cosmetics-organic-ginseng-natural-minerals-without-aluminium-48-hours-deodorant-protection-50-ml-1-piece\/#primaryimage"},"thumbnailUrl":"https:\/\/purehivehoney.com\/de\/wp-content\/uploads\/2026\/03\/713Cur6AhRL._SL1500_.jpg","datePublished":"2026-03-16T23:16:24+00:00","dateModified":"2026-03-16T23:16:45+00:00","description":"Entdecken Sie hochwertigen Rohhonig, Bio Honig, Manuka Honig und nat\u00fcrliche Bienenprodukte. PureHiveHoney hilft Ihnen dabei, sorgf\u00e4ltig ausgew\u00e4hlte Honigsorten mit nat\u00fcrlicher Qualit\u00e4t und Reinheit zu entdecken.","breadcrumb":{"@id":"https:\/\/purehivehoney.com\/de\/product\/lavera-natural-strong-deodorant-cream-vegan-natural-cosmetics-organic-ginseng-natural-minerals-without-aluminium-48-hours-deodorant-protection-50-ml-1-piece\/#breadcrumb"},"inLanguage":"de","potentialAction":[{"@type":"ReadAction","target":["https:\/\/purehivehoney.com\/de\/product\/lavera-natural-strong-deodorant-cream-vegan-natural-cosmetics-organic-ginseng-natural-minerals-without-aluminium-48-hours-deodorant-protection-50-ml-1-piece\/"]}]},{"@type":"ImageObject","inLanguage":"de","@id":"https:\/\/purehivehoney.com\/de\/product\/lavera-natural-strong-deodorant-cream-vegan-natural-cosmetics-organic-ginseng-natural-minerals-without-aluminium-48-hours-deodorant-protection-50-ml-1-piece\/#primaryimage","url":"https:\/\/purehivehoney.com\/de\/wp-content\/uploads\/2026\/03\/713Cur6AhRL._SL1500_.jpg","contentUrl":"https:\/\/purehivehoney.com\/de\/wp-content\/uploads\/2026\/03\/713Cur6AhRL._SL1500_.jpg","width":1500,"height":1500},{"@type":"BreadcrumbList","@id":"https:\/\/purehivehoney.com\/de\/product\/lavera-natural-strong-deodorant-cream-vegan-natural-cosmetics-organic-ginseng-natural-minerals-without-aluminium-48-hours-deodorant-protection-50-ml-1-piece\/#breadcrumb","itemListElement":[{"@type":"ListItem","position":1,"name":"Home","item":"https:\/\/purehivehoney.com\/de\/"},{"@type":"ListItem","position":2,"name":"Shop","item":"https:\/\/purehivehoney.com\/de\/shop\/"},{"@type":"ListItem","position":3,"name":"lavera &#8211; Natural Strong Deodo..."}]},{"@type":"WebSite","@id":"https:\/\/purehivehoney.com\/de\/#website","url":"https:\/\/purehivehoney.com\/de\/","name":"PureHiveHoney","description":"Reiner Honig &amp; Bienenprodukte Online | Rohhonig, Bio Honig &amp; Spezialhonig","publisher":{"@id":"https:\/\/purehivehoney.com\/de\/#organization"},"potentialAction":[{"@type":"SearchAction","target":{"@type":"EntryPoint","urlTemplate":"https:\/\/purehivehoney.com\/de\/?s={search_term_string}"},"query-input":{"@type":"PropertyValueSpecification","valueRequired":true,"valueName":"search_term_string"}}],"inLanguage":"de"},{"@type":"Organization","@id":"https:\/\/purehivehoney.com\/de\/#organization","name":"PureHiveHoney","url":"https:\/\/purehivehoney.com\/de\/","logo":{"@type":"ImageObject","inLanguage":"de","@id":"https:\/\/purehivehoney.com\/de\/#\/schema\/logo\/image\/","url":"https:\/\/purehivehoney.com\/de\/wp-content\/uploads\/2026\/03\/Screenshot-2026-03-16-at-1.06.01-AM.png","contentUrl":"https:\/\/purehivehoney.com\/de\/wp-content\/uploads\/2026\/03\/Screenshot-2026-03-16-at-1.06.01-AM.png","width":2112,"height":1086,"caption":"PureHiveHoney"},"image":{"@id":"https:\/\/purehivehoney.com\/de\/#\/schema\/logo\/image\/"}}]}},"_links":{"self":[{"href":"https:\/\/purehivehoney.com\/de\/wp-json\/wp\/v2\/product\/1893","targetHints":{"allow":["GET"]}}],"collection":[{"href":"https:\/\/purehivehoney.com\/de\/wp-json\/wp\/v2\/product"}],"about":[{"href":"https:\/\/purehivehoney.com\/de\/wp-json\/wp\/v2\/types\/product"}],"replies":[{"embeddable":true,"href":"https:\/\/purehivehoney.com\/de\/wp-json\/wp\/v2\/comments?post=1893"}],"wp:featuredmedia":[{"embeddable":true,"href":"https:\/\/purehivehoney.com\/de\/wp-json\/wp\/v2\/media\/1894"}],"wp:attachment":[{"href":"https:\/\/purehivehoney.com\/de\/wp-json\/wp\/v2\/media?parent=1893"}],"wp:term":[{"taxonomy":"store","embeddable":true,"href":"https:\/\/purehivehoney.com\/de\/wp-json\/wp\/v2\/store?post=1893"},{"taxonomy":"product_brand","embeddable":true,"href":"https:\/\/purehivehoney.com\/de\/wp-json\/wp\/v2\/product_brand?post=1893"},{"taxonomy":"product_cat","embeddable":true,"href":"https:\/\/purehivehoney.com\/de\/wp-json\/wp\/v2\/product_cat?post=1893"},{"taxonomy":"product_tag","embeddable":true,"href":"https:\/\/purehivehoney.com\/de\/wp-json\/wp\/v2\/product_tag?post=1893"}],"curies":[{"name":"wp","href":"https:\/\/api.w.org\/{rel}","templated":true}]}}