{"id":1884,"date":"2026-03-16T21:27:42","date_gmt":"2026-03-16T21:27:42","guid":{"rendered":"https:\/\/purehivehoney.com\/de\/product\/cottonelle-moist-toilet-paper-sensitive-nourishing-fragrance-free-biodegradable-plastic-free-resealable-value-pack-12-x-42-wet-wipes\/"},"modified":"2026-03-16T21:27:58","modified_gmt":"2026-03-16T21:27:58","slug":"cottonelle-moist-toilet-paper-sensitive-nourishing-fragrance-free-biodegradable-plastic-free-resealable-value-pack-12-x-42-wet-wipes","status":"publish","type":"product","link":"https:\/\/purehivehoney.com\/de\/product\/cottonelle-moist-toilet-paper-sensitive-nourishing-fragrance-free-biodegradable-plastic-free-resealable-value-pack-12-x-42-wet-wipes\/","title":{"rendered":"Cottonelle Moist Toilet Paper, Sens..."},"content":{"rendered":"<p>    <span>Moist toilet paper for a feeling of cleanliness and freshness at home, when travelling or on the go. Ideal addition to dry toilet paper for the whole family. Particularly compatible; dermatologically tested. pH neutral, dye-free and without the addition of alcohol. Ideal for children and adults. Moisture closure. Optimal moisture and individual removal of the cloths thanks to airtight packaging with self-adhesive closure. Sensitively caring free from fragrances and Perfm &#8211; Biolog. Degradable thanks to the production of natural fibres; use of 1-2 cloths per rinse for safe use in the toilet; 100% safe flushable; recyclable packaging; dissolves quickly in water; FSC certified; storage pack of 12 packs of 42 cloths<\/span>    <br \/> Product Dimensions                                            \u200f                                            :                                            \u200e                                            18.9 x 15.6 x 25.6 cm; 2.3 kg   <br \/> Manufacturer                                            \u200f                                            :                                            \u200e                                            Kimberly- Clark GmbH   <br \/> ASIN                                            \u200f                                            :                                            \u200e                                            B0DBJ5XXYX   <br \/> Country of origin                                            \u200f                                            :                                            \u200e                                            Germany   <br \/>  Customer reviews:                                                                                            4.7               4.7 out of 5 stars                                  (1,374)                                              var dpAcrHasRegisteredArcLinkClickAction;                    P.when(&#8218;A&#8216;, &#8218;ready&#8216;).execute(function(A) {                        if (dpAcrHasRegisteredArcLinkClickAction !== true) {                            dpAcrHasRegisteredArcLinkClickAction = true;                            A.declarative(                                &#8218;acrLink-click-metrics&#8216;, &#8218;click&#8216;,                                { &#8222;allowLinkDefault&#8220;: true },                                function (event) {                                    if (window.ue) {                                        ue.count(&#8222;acrLinkClickCount&#8220;, (ue.count(&#8222;acrLinkClickCount&#8220;) || 0) + 1);                                    }                                }                            );                        }                    });                                             P.when(&#8218;A&#8216;, &#8218;cf&#8216;).execute(function(A) {                A.declarative(&#8218;acrStarsLink-click-metrics&#8216;, &#8218;click&#8216;, { &#8222;allowLinkDefault&#8220; : true },  function(event){                    if(window.ue) {                        ue.count(&#8222;acrStarsLinkWithPopoverClickCount&#8220;, (ue.count(&#8222;acrStarsLinkWithPopoverClickCount&#8220;) || 0) + 1);                    }                });            });                          <br \/>Moist, fragrance-free toilet tissues for more freshness and gentle cleaning for home, travel or on the go &#8211; ideal addition to dry toilet paper for people with sensitive skin<br \/>100% safe to rinse off with responsible use; dermatologically tested &#8211; pH neutral, dye- and alcohol-free<br \/>Recyclable packaging; moisture seal &#8211; optimal moisture and easy removal of the cloths thanks to airtight packaging with self-adhesive closure; particularly compatible; pleasant fragrance for a special feeling of freshness<br \/>Biodegradable thanks to the production of natural fibres and without plastic; use 1-2 cloths per condition; FSC certified<br \/>Box contents: 1 x Cottonelle moist toilet tissues, sensitive nourishing, fragrance-free. Contents: 12 packs of 42 wet wipes = 504 wipes<\/p>\n\n","protected":false},"excerpt":{"rendered":"<p>Moist toilet paper for a feeling of cleanliness and freshness at home, when travelling or on the go. Ideal addition to dry toilet paper for the whole family. Particularly compatible; dermatologically tested. pH neutral, dye-free and without the addition of alcohol. Ideal for children and adults. Moisture closure. Optimal moisture and individual removal of the [&hellip;]<\/p>\n","protected":false},"featured_media":1885,"comment_status":"open","ping_status":"closed","template":"","meta":{"_aipt_faq_data":""},"store":[],"product_brand":[296],"product_cat":[56],"product_tag":[295],"class_list":{"0":"post-1884","1":"product","2":"type-product","3":"status-publish","4":"has-post-thumbnail","6":"product_brand-cottonelle","7":"product_cat-cremiger-honig","8":"product_tag-cremiger-honig-glas-250g","10":"first","11":"instock","12":"sale","13":"shipping-taxable","14":"product-type-external"},"yoast_head":"<!-- This site is optimized with the Yoast SEO plugin v27.4 - https:\/\/yoast.com\/product\/yoast-seo-wordpress\/ -->\n<title>Cottonelle Moist Toilet Paper, Sensitive Nourishing - Fragrance-Free, Biodegradable, Plastic-Free, Resealable, Value Pack, 12 x 42 Wet Wipes - PureHiveHoney<\/title>\n<meta name=\"description\" content=\"Entdecken Sie hochwertigen Rohhonig, Bio Honig, Manuka Honig und nat\u00fcrliche Bienenprodukte. PureHiveHoney hilft Ihnen dabei, sorgf\u00e4ltig ausgew\u00e4hlte Honigsorten mit nat\u00fcrlicher Qualit\u00e4t und Reinheit zu entdecken.\" \/>\n<meta name=\"robots\" content=\"index, follow, max-snippet:-1, max-image-preview:large, max-video-preview:-1\" \/>\n<link rel=\"canonical\" href=\"https:\/\/purehivehoney.com\/de\/product\/cottonelle-moist-toilet-paper-sensitive-nourishing-fragrance-free-biodegradable-plastic-free-resealable-value-pack-12-x-42-wet-wipes\/\" \/>\n<meta property=\"og:locale\" content=\"de_DE\" \/>\n<meta property=\"og:type\" content=\"article\" \/>\n<meta property=\"og:title\" content=\"Cottonelle Moist Toilet Paper, Sensitive Nourishing - Fragrance-Free, Biodegradable, Plastic-Free, Resealable, Value Pack, 12 x 42 Wet Wipes - PureHiveHoney\" \/>\n<meta property=\"og:description\" content=\"Entdecken Sie hochwertigen Rohhonig, Bio Honig, Manuka Honig und nat\u00fcrliche Bienenprodukte. PureHiveHoney hilft Ihnen dabei, sorgf\u00e4ltig ausgew\u00e4hlte Honigsorten mit nat\u00fcrlicher Qualit\u00e4t und Reinheit zu entdecken.\" \/>\n<meta property=\"og:url\" content=\"https:\/\/purehivehoney.com\/de\/product\/cottonelle-moist-toilet-paper-sensitive-nourishing-fragrance-free-biodegradable-plastic-free-resealable-value-pack-12-x-42-wet-wipes\/\" \/>\n<meta property=\"og:site_name\" content=\"PureHiveHoney\" \/>\n<meta property=\"article:modified_time\" content=\"2026-03-16T21:27:58+00:00\" \/>\n<meta name=\"twitter:card\" content=\"summary_large_image\" \/>\n<meta name=\"twitter:label1\" content=\"Gesch\u00e4tzte Lesezeit\" \/>\n\t<meta name=\"twitter:data1\" content=\"1\u00a0Minute\" \/>\n<script type=\"application\/ld+json\" class=\"yoast-schema-graph\">{\"@context\":\"https:\\\/\\\/schema.org\",\"@graph\":[{\"@type\":\"WebPage\",\"@id\":\"https:\\\/\\\/purehivehoney.com\\\/de\\\/product\\\/cottonelle-moist-toilet-paper-sensitive-nourishing-fragrance-free-biodegradable-plastic-free-resealable-value-pack-12-x-42-wet-wipes\\\/\",\"url\":\"https:\\\/\\\/purehivehoney.com\\\/de\\\/product\\\/cottonelle-moist-toilet-paper-sensitive-nourishing-fragrance-free-biodegradable-plastic-free-resealable-value-pack-12-x-42-wet-wipes\\\/\",\"name\":\"Cottonelle Moist Toilet Paper, Sensitive Nourishing - Fragrance-Free, Biodegradable, Plastic-Free, Resealable, Value Pack, 12 x 42 Wet Wipes - PureHiveHoney\",\"isPartOf\":{\"@id\":\"https:\\\/\\\/purehivehoney.com\\\/de\\\/#website\"},\"primaryImageOfPage\":{\"@id\":\"https:\\\/\\\/purehivehoney.com\\\/de\\\/product\\\/cottonelle-moist-toilet-paper-sensitive-nourishing-fragrance-free-biodegradable-plastic-free-resealable-value-pack-12-x-42-wet-wipes\\\/#primaryimage\"},\"image\":{\"@id\":\"https:\\\/\\\/purehivehoney.com\\\/de\\\/product\\\/cottonelle-moist-toilet-paper-sensitive-nourishing-fragrance-free-biodegradable-plastic-free-resealable-value-pack-12-x-42-wet-wipes\\\/#primaryimage\"},\"thumbnailUrl\":\"https:\\\/\\\/purehivehoney.com\\\/de\\\/wp-content\\\/uploads\\\/2026\\\/03\\\/81zHd0MNYL._AC_SL1500_.jpg\",\"datePublished\":\"2026-03-16T21:27:42+00:00\",\"dateModified\":\"2026-03-16T21:27:58+00:00\",\"description\":\"Entdecken Sie hochwertigen Rohhonig, Bio Honig, Manuka Honig und nat\u00fcrliche Bienenprodukte. PureHiveHoney hilft Ihnen dabei, sorgf\u00e4ltig ausgew\u00e4hlte Honigsorten mit nat\u00fcrlicher Qualit\u00e4t und Reinheit zu entdecken.\",\"breadcrumb\":{\"@id\":\"https:\\\/\\\/purehivehoney.com\\\/de\\\/product\\\/cottonelle-moist-toilet-paper-sensitive-nourishing-fragrance-free-biodegradable-plastic-free-resealable-value-pack-12-x-42-wet-wipes\\\/#breadcrumb\"},\"inLanguage\":\"de\",\"potentialAction\":[{\"@type\":\"ReadAction\",\"target\":[\"https:\\\/\\\/purehivehoney.com\\\/de\\\/product\\\/cottonelle-moist-toilet-paper-sensitive-nourishing-fragrance-free-biodegradable-plastic-free-resealable-value-pack-12-x-42-wet-wipes\\\/\"]}]},{\"@type\":\"ImageObject\",\"inLanguage\":\"de\",\"@id\":\"https:\\\/\\\/purehivehoney.com\\\/de\\\/product\\\/cottonelle-moist-toilet-paper-sensitive-nourishing-fragrance-free-biodegradable-plastic-free-resealable-value-pack-12-x-42-wet-wipes\\\/#primaryimage\",\"url\":\"https:\\\/\\\/purehivehoney.com\\\/de\\\/wp-content\\\/uploads\\\/2026\\\/03\\\/81zHd0MNYL._AC_SL1500_.jpg\",\"contentUrl\":\"https:\\\/\\\/purehivehoney.com\\\/de\\\/wp-content\\\/uploads\\\/2026\\\/03\\\/81zHd0MNYL._AC_SL1500_.jpg\",\"width\":1274,\"height\":1500},{\"@type\":\"BreadcrumbList\",\"@id\":\"https:\\\/\\\/purehivehoney.com\\\/de\\\/product\\\/cottonelle-moist-toilet-paper-sensitive-nourishing-fragrance-free-biodegradable-plastic-free-resealable-value-pack-12-x-42-wet-wipes\\\/#breadcrumb\",\"itemListElement\":[{\"@type\":\"ListItem\",\"position\":1,\"name\":\"Home\",\"item\":\"https:\\\/\\\/purehivehoney.com\\\/de\\\/\"},{\"@type\":\"ListItem\",\"position\":2,\"name\":\"Shop\",\"item\":\"https:\\\/\\\/purehivehoney.com\\\/de\\\/shop\\\/\"},{\"@type\":\"ListItem\",\"position\":3,\"name\":\"Cottonelle Moist Toilet Paper, Sens...\"}]},{\"@type\":\"WebSite\",\"@id\":\"https:\\\/\\\/purehivehoney.com\\\/de\\\/#website\",\"url\":\"https:\\\/\\\/purehivehoney.com\\\/de\\\/\",\"name\":\"PureHiveHoney\",\"description\":\"Reiner Honig &amp; Bienenprodukte Online | Rohhonig, Bio Honig &amp; Spezialhonig\",\"publisher\":{\"@id\":\"https:\\\/\\\/purehivehoney.com\\\/de\\\/#organization\"},\"potentialAction\":[{\"@type\":\"SearchAction\",\"target\":{\"@type\":\"EntryPoint\",\"urlTemplate\":\"https:\\\/\\\/purehivehoney.com\\\/de\\\/?s={search_term_string}\"},\"query-input\":{\"@type\":\"PropertyValueSpecification\",\"valueRequired\":true,\"valueName\":\"search_term_string\"}}],\"inLanguage\":\"de\"},{\"@type\":\"Organization\",\"@id\":\"https:\\\/\\\/purehivehoney.com\\\/de\\\/#organization\",\"name\":\"PureHiveHoney\",\"url\":\"https:\\\/\\\/purehivehoney.com\\\/de\\\/\",\"logo\":{\"@type\":\"ImageObject\",\"inLanguage\":\"de\",\"@id\":\"https:\\\/\\\/purehivehoney.com\\\/de\\\/#\\\/schema\\\/logo\\\/image\\\/\",\"url\":\"https:\\\/\\\/purehivehoney.com\\\/de\\\/wp-content\\\/uploads\\\/2026\\\/03\\\/Screenshot-2026-03-16-at-1.06.01-AM.png\",\"contentUrl\":\"https:\\\/\\\/purehivehoney.com\\\/de\\\/wp-content\\\/uploads\\\/2026\\\/03\\\/Screenshot-2026-03-16-at-1.06.01-AM.png\",\"width\":2112,\"height\":1086,\"caption\":\"PureHiveHoney\"},\"image\":{\"@id\":\"https:\\\/\\\/purehivehoney.com\\\/de\\\/#\\\/schema\\\/logo\\\/image\\\/\"}}]}<\/script>\n<!-- \/ Yoast SEO plugin. -->","yoast_head_json":{"title":"Cottonelle Moist Toilet Paper, Sensitive Nourishing - Fragrance-Free, Biodegradable, Plastic-Free, Resealable, Value Pack, 12 x 42 Wet Wipes - PureHiveHoney","description":"Entdecken Sie hochwertigen Rohhonig, Bio Honig, Manuka Honig und nat\u00fcrliche Bienenprodukte. PureHiveHoney hilft Ihnen dabei, sorgf\u00e4ltig ausgew\u00e4hlte Honigsorten mit nat\u00fcrlicher Qualit\u00e4t und Reinheit zu entdecken.","robots":{"index":"index","follow":"follow","max-snippet":"max-snippet:-1","max-image-preview":"max-image-preview:large","max-video-preview":"max-video-preview:-1"},"canonical":"https:\/\/purehivehoney.com\/de\/product\/cottonelle-moist-toilet-paper-sensitive-nourishing-fragrance-free-biodegradable-plastic-free-resealable-value-pack-12-x-42-wet-wipes\/","og_locale":"de_DE","og_type":"article","og_title":"Cottonelle Moist Toilet Paper, Sensitive Nourishing - Fragrance-Free, Biodegradable, Plastic-Free, Resealable, Value Pack, 12 x 42 Wet Wipes - PureHiveHoney","og_description":"Entdecken Sie hochwertigen Rohhonig, Bio Honig, Manuka Honig und nat\u00fcrliche Bienenprodukte. PureHiveHoney hilft Ihnen dabei, sorgf\u00e4ltig ausgew\u00e4hlte Honigsorten mit nat\u00fcrlicher Qualit\u00e4t und Reinheit zu entdecken.","og_url":"https:\/\/purehivehoney.com\/de\/product\/cottonelle-moist-toilet-paper-sensitive-nourishing-fragrance-free-biodegradable-plastic-free-resealable-value-pack-12-x-42-wet-wipes\/","og_site_name":"PureHiveHoney","article_modified_time":"2026-03-16T21:27:58+00:00","twitter_card":"summary_large_image","twitter_misc":{"Gesch\u00e4tzte Lesezeit":"1\u00a0Minute"},"schema":{"@context":"https:\/\/schema.org","@graph":[{"@type":"WebPage","@id":"https:\/\/purehivehoney.com\/de\/product\/cottonelle-moist-toilet-paper-sensitive-nourishing-fragrance-free-biodegradable-plastic-free-resealable-value-pack-12-x-42-wet-wipes\/","url":"https:\/\/purehivehoney.com\/de\/product\/cottonelle-moist-toilet-paper-sensitive-nourishing-fragrance-free-biodegradable-plastic-free-resealable-value-pack-12-x-42-wet-wipes\/","name":"Cottonelle Moist Toilet Paper, Sensitive Nourishing - Fragrance-Free, Biodegradable, Plastic-Free, Resealable, Value Pack, 12 x 42 Wet Wipes - PureHiveHoney","isPartOf":{"@id":"https:\/\/purehivehoney.com\/de\/#website"},"primaryImageOfPage":{"@id":"https:\/\/purehivehoney.com\/de\/product\/cottonelle-moist-toilet-paper-sensitive-nourishing-fragrance-free-biodegradable-plastic-free-resealable-value-pack-12-x-42-wet-wipes\/#primaryimage"},"image":{"@id":"https:\/\/purehivehoney.com\/de\/product\/cottonelle-moist-toilet-paper-sensitive-nourishing-fragrance-free-biodegradable-plastic-free-resealable-value-pack-12-x-42-wet-wipes\/#primaryimage"},"thumbnailUrl":"https:\/\/purehivehoney.com\/de\/wp-content\/uploads\/2026\/03\/81zHd0MNYL._AC_SL1500_.jpg","datePublished":"2026-03-16T21:27:42+00:00","dateModified":"2026-03-16T21:27:58+00:00","description":"Entdecken Sie hochwertigen Rohhonig, Bio Honig, Manuka Honig und nat\u00fcrliche Bienenprodukte. PureHiveHoney hilft Ihnen dabei, sorgf\u00e4ltig ausgew\u00e4hlte Honigsorten mit nat\u00fcrlicher Qualit\u00e4t und Reinheit zu entdecken.","breadcrumb":{"@id":"https:\/\/purehivehoney.com\/de\/product\/cottonelle-moist-toilet-paper-sensitive-nourishing-fragrance-free-biodegradable-plastic-free-resealable-value-pack-12-x-42-wet-wipes\/#breadcrumb"},"inLanguage":"de","potentialAction":[{"@type":"ReadAction","target":["https:\/\/purehivehoney.com\/de\/product\/cottonelle-moist-toilet-paper-sensitive-nourishing-fragrance-free-biodegradable-plastic-free-resealable-value-pack-12-x-42-wet-wipes\/"]}]},{"@type":"ImageObject","inLanguage":"de","@id":"https:\/\/purehivehoney.com\/de\/product\/cottonelle-moist-toilet-paper-sensitive-nourishing-fragrance-free-biodegradable-plastic-free-resealable-value-pack-12-x-42-wet-wipes\/#primaryimage","url":"https:\/\/purehivehoney.com\/de\/wp-content\/uploads\/2026\/03\/81zHd0MNYL._AC_SL1500_.jpg","contentUrl":"https:\/\/purehivehoney.com\/de\/wp-content\/uploads\/2026\/03\/81zHd0MNYL._AC_SL1500_.jpg","width":1274,"height":1500},{"@type":"BreadcrumbList","@id":"https:\/\/purehivehoney.com\/de\/product\/cottonelle-moist-toilet-paper-sensitive-nourishing-fragrance-free-biodegradable-plastic-free-resealable-value-pack-12-x-42-wet-wipes\/#breadcrumb","itemListElement":[{"@type":"ListItem","position":1,"name":"Home","item":"https:\/\/purehivehoney.com\/de\/"},{"@type":"ListItem","position":2,"name":"Shop","item":"https:\/\/purehivehoney.com\/de\/shop\/"},{"@type":"ListItem","position":3,"name":"Cottonelle Moist Toilet Paper, Sens..."}]},{"@type":"WebSite","@id":"https:\/\/purehivehoney.com\/de\/#website","url":"https:\/\/purehivehoney.com\/de\/","name":"PureHiveHoney","description":"Reiner Honig &amp; Bienenprodukte Online | Rohhonig, Bio Honig &amp; Spezialhonig","publisher":{"@id":"https:\/\/purehivehoney.com\/de\/#organization"},"potentialAction":[{"@type":"SearchAction","target":{"@type":"EntryPoint","urlTemplate":"https:\/\/purehivehoney.com\/de\/?s={search_term_string}"},"query-input":{"@type":"PropertyValueSpecification","valueRequired":true,"valueName":"search_term_string"}}],"inLanguage":"de"},{"@type":"Organization","@id":"https:\/\/purehivehoney.com\/de\/#organization","name":"PureHiveHoney","url":"https:\/\/purehivehoney.com\/de\/","logo":{"@type":"ImageObject","inLanguage":"de","@id":"https:\/\/purehivehoney.com\/de\/#\/schema\/logo\/image\/","url":"https:\/\/purehivehoney.com\/de\/wp-content\/uploads\/2026\/03\/Screenshot-2026-03-16-at-1.06.01-AM.png","contentUrl":"https:\/\/purehivehoney.com\/de\/wp-content\/uploads\/2026\/03\/Screenshot-2026-03-16-at-1.06.01-AM.png","width":2112,"height":1086,"caption":"PureHiveHoney"},"image":{"@id":"https:\/\/purehivehoney.com\/de\/#\/schema\/logo\/image\/"}}]}},"_links":{"self":[{"href":"https:\/\/purehivehoney.com\/de\/wp-json\/wp\/v2\/product\/1884","targetHints":{"allow":["GET"]}}],"collection":[{"href":"https:\/\/purehivehoney.com\/de\/wp-json\/wp\/v2\/product"}],"about":[{"href":"https:\/\/purehivehoney.com\/de\/wp-json\/wp\/v2\/types\/product"}],"replies":[{"embeddable":true,"href":"https:\/\/purehivehoney.com\/de\/wp-json\/wp\/v2\/comments?post=1884"}],"wp:featuredmedia":[{"embeddable":true,"href":"https:\/\/purehivehoney.com\/de\/wp-json\/wp\/v2\/media\/1885"}],"wp:attachment":[{"href":"https:\/\/purehivehoney.com\/de\/wp-json\/wp\/v2\/media?parent=1884"}],"wp:term":[{"taxonomy":"store","embeddable":true,"href":"https:\/\/purehivehoney.com\/de\/wp-json\/wp\/v2\/store?post=1884"},{"taxonomy":"product_brand","embeddable":true,"href":"https:\/\/purehivehoney.com\/de\/wp-json\/wp\/v2\/product_brand?post=1884"},{"taxonomy":"product_cat","embeddable":true,"href":"https:\/\/purehivehoney.com\/de\/wp-json\/wp\/v2\/product_cat?post=1884"},{"taxonomy":"product_tag","embeddable":true,"href":"https:\/\/purehivehoney.com\/de\/wp-json\/wp\/v2\/product_tag?post=1884"}],"curies":[{"name":"wp","href":"https:\/\/api.w.org\/{rel}","templated":true}]}}