{"id":187,"date":"2026-03-15T20:02:43","date_gmt":"2026-03-15T20:02:43","guid":{"rendered":"https:\/\/purehivehoney.com\/de\/product\/pure-raw-honey-organic-wildflower-100-natural-350-g-unfiltered-unheated-from-non-absorbent-fed-bees-with-high-concentration-of-protein-minerals-and-natural-acids\/"},"modified":"2026-03-15T23:36:13","modified_gmt":"2026-03-15T23:36:13","slug":"pure-raw-honey-organic-wildflower-100-natural-350-g-unfiltered-unheated-from-non-absorbent-fed-bees-with-high-concentration-of-protein-minerals-and-natural-acids","status":"publish","type":"product","link":"https:\/\/purehivehoney.com\/de\/product\/pure-raw-honey-organic-wildflower-100-natural-350-g-unfiltered-unheated-from-non-absorbent-fed-bees-with-high-concentration-of-protein-minerals-and-natural-acids\/","title":{"rendered":"Pure, raw honey, organic wildflower..."},"content":{"rendered":"<p>    <span>The smell and taste of the product is known to everyone, but this honey is unique because it is collected in a beautiful place in Lithuania and the taste and smell change depending on where the bees collect honey. In jars 350 g, 100% natural, pure raw honey is collected only from loving and respectful beekeepers, passed down by several generations of families. The cultivation of genetically modified plants is prohibited in Lithuania. As a result, bees collect nectar only from natural plants. 9 Medus honey is never mixed with other types of honey. 9 MEDUS complies with all EU honey regulations and has all certificates. Important! Please note that the photo may be slightly different from the actual item due to lighting during photo shooting or screen display. The colour of the honey also varies depending on the flowers from which the nectar was collected and the season it was collected. Ingredients: pure raw natural honey.<\/span>    <br \/> Package Dimensions                                            \u200f                                            :                                            \u200e                                            9 x 5 x 3 cm; 350 g   <br \/> Manufacturer                                            \u200f                                            :                                            \u200e                                            9 honey   <br \/> ASIN                                            \u200f                                            :                                            \u200e                                            B0BSFZQJYJ   <br \/> Country of origin                                            \u200f                                            :                                            \u200e                                            Lithuania   <br \/>  Customer reviews:                                                                                            2.0               2.0 out of 5 stars                                  (1)                                              var dpAcrHasRegisteredArcLinkClickAction;                    P.when(&#8218;A&#8216;, &#8218;ready&#8216;).execute(function(A) {                        if (dpAcrHasRegisteredArcLinkClickAction !== true) {                            dpAcrHasRegisteredArcLinkClickAction = true;                            A.declarative(                                &#8218;acrLink-click-metrics&#8216;, &#8218;click&#8216;,                                { &#8222;allowLinkDefault&#8220;: true },                                function (event) {                                    if (window.ue) {                                        ue.count(&#8222;acrLinkClickCount&#8220;, (ue.count(&#8222;acrLinkClickCount&#8220;) || 0) + 1);                                    }                                }                            );                        }                    });                                             P.when(&#8218;A&#8216;, &#8218;cf&#8216;).execute(function(A) {                A.declarative(&#8218;acrStarsLink-click-metrics&#8216;, &#8218;click&#8216;, { &#8222;allowLinkDefault&#8220; : true },  function(event){                    if(window.ue) {                        ue.count(&#8222;acrStarsLinkWithPopoverClickCount&#8220;, (ue.count(&#8222;acrStarsLinkWithPopoverClickCount&#8220;) || 0) + 1);                    }                });            });                          <br \/>Pure Natural Raw Wildflower Honey Sustainably collected by the rural beekeepers Unfiltered, unprocessed, unpasteurised honey. No additives, no preservatives, no added sugar.<br \/>Collected only by loving and respectful beekeepers passed down by several generations of families.<br \/>The cultivation of genetically modified plants is prohibited in Lithuania. As a result, bees collect nectar only from natural plants.<\/p>\n\n","protected":false},"excerpt":{"rendered":"<p>The smell and taste of the product is known to everyone, but this honey is unique because it is collected in a beautiful place in Lithuania and the taste and smell change depending on where the bees collect honey. In jars 350 g, 100% natural, pure raw honey is collected only from loving and respectful [&hellip;]<\/p>\n","protected":false},"featured_media":188,"comment_status":"open","ping_status":"closed","template":"","meta":{"_aipt_faq_data":""},"store":[],"product_brand":[90],"product_cat":[70],"product_tag":[89],"class_list":{"0":"post-187","1":"product","2":"type-product","3":"status-publish","4":"has-post-thumbnail","6":"product_brand-nano-care","7":"product_cat-premium-honig-geschenke","8":"product_tag-premium-honig-geschenke-set","10":"first","11":"instock","12":"sale","13":"shipping-taxable","14":"product-type-external"},"yoast_head":"<!-- This site is optimized with the Yoast SEO plugin v27.4 - https:\/\/yoast.com\/product\/yoast-seo-wordpress\/ -->\n<title>Pure, raw honey, organic wildflower, 100% natural, 350 g unfiltered unheated from non-absorbent fed bees with high concentration of protein minerals and natural acids - PureHiveHoney<\/title>\n<meta name=\"description\" content=\"Entdecken Sie hochwertigen Rohhonig, Bio Honig, Manuka Honig und nat\u00fcrliche Bienenprodukte. PureHiveHoney hilft Ihnen dabei, sorgf\u00e4ltig ausgew\u00e4hlte Honigsorten mit nat\u00fcrlicher Qualit\u00e4t und Reinheit zu entdecken.\" \/>\n<meta name=\"robots\" content=\"index, follow, max-snippet:-1, max-image-preview:large, max-video-preview:-1\" \/>\n<link rel=\"canonical\" href=\"https:\/\/purehivehoney.com\/de\/product\/pure-raw-honey-organic-wildflower-100-natural-350-g-unfiltered-unheated-from-non-absorbent-fed-bees-with-high-concentration-of-protein-minerals-and-natural-acids\/\" \/>\n<meta property=\"og:locale\" content=\"de_DE\" \/>\n<meta property=\"og:type\" content=\"article\" \/>\n<meta property=\"og:title\" content=\"Pure, raw honey, organic wildflower, 100% natural, 350 g unfiltered unheated from non-absorbent fed bees with high concentration of protein minerals and natural acids - PureHiveHoney\" \/>\n<meta property=\"og:description\" content=\"Entdecken Sie hochwertigen Rohhonig, Bio Honig, Manuka Honig und nat\u00fcrliche Bienenprodukte. PureHiveHoney hilft Ihnen dabei, sorgf\u00e4ltig ausgew\u00e4hlte Honigsorten mit nat\u00fcrlicher Qualit\u00e4t und Reinheit zu entdecken.\" \/>\n<meta property=\"og:url\" content=\"https:\/\/purehivehoney.com\/de\/product\/pure-raw-honey-organic-wildflower-100-natural-350-g-unfiltered-unheated-from-non-absorbent-fed-bees-with-high-concentration-of-protein-minerals-and-natural-acids\/\" \/>\n<meta property=\"og:site_name\" content=\"PureHiveHoney\" \/>\n<meta property=\"article:modified_time\" content=\"2026-03-15T23:36:13+00:00\" \/>\n<meta name=\"twitter:card\" content=\"summary_large_image\" \/>\n<meta name=\"twitter:label1\" content=\"Gesch\u00e4tzte Lesezeit\" \/>\n\t<meta name=\"twitter:data1\" content=\"1\u00a0Minute\" \/>\n<script type=\"application\/ld+json\" class=\"yoast-schema-graph\">{\"@context\":\"https:\\\/\\\/schema.org\",\"@graph\":[{\"@type\":\"WebPage\",\"@id\":\"https:\\\/\\\/purehivehoney.com\\\/de\\\/product\\\/pure-raw-honey-organic-wildflower-100-natural-350-g-unfiltered-unheated-from-non-absorbent-fed-bees-with-high-concentration-of-protein-minerals-and-natural-acids\\\/\",\"url\":\"https:\\\/\\\/purehivehoney.com\\\/de\\\/product\\\/pure-raw-honey-organic-wildflower-100-natural-350-g-unfiltered-unheated-from-non-absorbent-fed-bees-with-high-concentration-of-protein-minerals-and-natural-acids\\\/\",\"name\":\"Pure, raw honey, organic wildflower, 100% natural, 350 g unfiltered unheated from non-absorbent fed bees with high concentration of protein minerals and natural acids - PureHiveHoney\",\"isPartOf\":{\"@id\":\"https:\\\/\\\/purehivehoney.com\\\/de\\\/#website\"},\"primaryImageOfPage\":{\"@id\":\"https:\\\/\\\/purehivehoney.com\\\/de\\\/product\\\/pure-raw-honey-organic-wildflower-100-natural-350-g-unfiltered-unheated-from-non-absorbent-fed-bees-with-high-concentration-of-protein-minerals-and-natural-acids\\\/#primaryimage\"},\"image\":{\"@id\":\"https:\\\/\\\/purehivehoney.com\\\/de\\\/product\\\/pure-raw-honey-organic-wildflower-100-natural-350-g-unfiltered-unheated-from-non-absorbent-fed-bees-with-high-concentration-of-protein-minerals-and-natural-acids\\\/#primaryimage\"},\"thumbnailUrl\":\"https:\\\/\\\/purehivehoney.com\\\/de\\\/wp-content\\\/uploads\\\/2026\\\/03\\\/61Hb7ykTwkL._SL1080_.jpg\",\"datePublished\":\"2026-03-15T20:02:43+00:00\",\"dateModified\":\"2026-03-15T23:36:13+00:00\",\"description\":\"Entdecken Sie hochwertigen Rohhonig, Bio Honig, Manuka Honig und nat\u00fcrliche Bienenprodukte. PureHiveHoney hilft Ihnen dabei, sorgf\u00e4ltig ausgew\u00e4hlte Honigsorten mit nat\u00fcrlicher Qualit\u00e4t und Reinheit zu entdecken.\",\"breadcrumb\":{\"@id\":\"https:\\\/\\\/purehivehoney.com\\\/de\\\/product\\\/pure-raw-honey-organic-wildflower-100-natural-350-g-unfiltered-unheated-from-non-absorbent-fed-bees-with-high-concentration-of-protein-minerals-and-natural-acids\\\/#breadcrumb\"},\"inLanguage\":\"de\",\"potentialAction\":[{\"@type\":\"ReadAction\",\"target\":[\"https:\\\/\\\/purehivehoney.com\\\/de\\\/product\\\/pure-raw-honey-organic-wildflower-100-natural-350-g-unfiltered-unheated-from-non-absorbent-fed-bees-with-high-concentration-of-protein-minerals-and-natural-acids\\\/\"]}]},{\"@type\":\"ImageObject\",\"inLanguage\":\"de\",\"@id\":\"https:\\\/\\\/purehivehoney.com\\\/de\\\/product\\\/pure-raw-honey-organic-wildflower-100-natural-350-g-unfiltered-unheated-from-non-absorbent-fed-bees-with-high-concentration-of-protein-minerals-and-natural-acids\\\/#primaryimage\",\"url\":\"https:\\\/\\\/purehivehoney.com\\\/de\\\/wp-content\\\/uploads\\\/2026\\\/03\\\/61Hb7ykTwkL._SL1080_.jpg\",\"contentUrl\":\"https:\\\/\\\/purehivehoney.com\\\/de\\\/wp-content\\\/uploads\\\/2026\\\/03\\\/61Hb7ykTwkL._SL1080_.jpg\",\"width\":1080,\"height\":1080},{\"@type\":\"BreadcrumbList\",\"@id\":\"https:\\\/\\\/purehivehoney.com\\\/de\\\/product\\\/pure-raw-honey-organic-wildflower-100-natural-350-g-unfiltered-unheated-from-non-absorbent-fed-bees-with-high-concentration-of-protein-minerals-and-natural-acids\\\/#breadcrumb\",\"itemListElement\":[{\"@type\":\"ListItem\",\"position\":1,\"name\":\"Home\",\"item\":\"https:\\\/\\\/purehivehoney.com\\\/de\\\/\"},{\"@type\":\"ListItem\",\"position\":2,\"name\":\"Shop\",\"item\":\"https:\\\/\\\/purehivehoney.com\\\/de\\\/shop\\\/\"},{\"@type\":\"ListItem\",\"position\":3,\"name\":\"Pure, raw honey, organic wildflower...\"}]},{\"@type\":\"WebSite\",\"@id\":\"https:\\\/\\\/purehivehoney.com\\\/de\\\/#website\",\"url\":\"https:\\\/\\\/purehivehoney.com\\\/de\\\/\",\"name\":\"PureHiveHoney\",\"description\":\"Reiner Honig &amp; Bienenprodukte Online | Rohhonig, Bio Honig &amp; Spezialhonig\",\"publisher\":{\"@id\":\"https:\\\/\\\/purehivehoney.com\\\/de\\\/#organization\"},\"potentialAction\":[{\"@type\":\"SearchAction\",\"target\":{\"@type\":\"EntryPoint\",\"urlTemplate\":\"https:\\\/\\\/purehivehoney.com\\\/de\\\/?s={search_term_string}\"},\"query-input\":{\"@type\":\"PropertyValueSpecification\",\"valueRequired\":true,\"valueName\":\"search_term_string\"}}],\"inLanguage\":\"de\"},{\"@type\":\"Organization\",\"@id\":\"https:\\\/\\\/purehivehoney.com\\\/de\\\/#organization\",\"name\":\"PureHiveHoney\",\"url\":\"https:\\\/\\\/purehivehoney.com\\\/de\\\/\",\"logo\":{\"@type\":\"ImageObject\",\"inLanguage\":\"de\",\"@id\":\"https:\\\/\\\/purehivehoney.com\\\/de\\\/#\\\/schema\\\/logo\\\/image\\\/\",\"url\":\"https:\\\/\\\/purehivehoney.com\\\/de\\\/wp-content\\\/uploads\\\/2026\\\/03\\\/Screenshot-2026-03-16-at-1.06.01-AM.png\",\"contentUrl\":\"https:\\\/\\\/purehivehoney.com\\\/de\\\/wp-content\\\/uploads\\\/2026\\\/03\\\/Screenshot-2026-03-16-at-1.06.01-AM.png\",\"width\":2112,\"height\":1086,\"caption\":\"PureHiveHoney\"},\"image\":{\"@id\":\"https:\\\/\\\/purehivehoney.com\\\/de\\\/#\\\/schema\\\/logo\\\/image\\\/\"}}]}<\/script>\n<!-- \/ Yoast SEO plugin. -->","yoast_head_json":{"title":"Pure, raw honey, organic wildflower, 100% natural, 350 g unfiltered unheated from non-absorbent fed bees with high concentration of protein minerals and natural acids - PureHiveHoney","description":"Entdecken Sie hochwertigen Rohhonig, Bio Honig, Manuka Honig und nat\u00fcrliche Bienenprodukte. PureHiveHoney hilft Ihnen dabei, sorgf\u00e4ltig ausgew\u00e4hlte Honigsorten mit nat\u00fcrlicher Qualit\u00e4t und Reinheit zu entdecken.","robots":{"index":"index","follow":"follow","max-snippet":"max-snippet:-1","max-image-preview":"max-image-preview:large","max-video-preview":"max-video-preview:-1"},"canonical":"https:\/\/purehivehoney.com\/de\/product\/pure-raw-honey-organic-wildflower-100-natural-350-g-unfiltered-unheated-from-non-absorbent-fed-bees-with-high-concentration-of-protein-minerals-and-natural-acids\/","og_locale":"de_DE","og_type":"article","og_title":"Pure, raw honey, organic wildflower, 100% natural, 350 g unfiltered unheated from non-absorbent fed bees with high concentration of protein minerals and natural acids - PureHiveHoney","og_description":"Entdecken Sie hochwertigen Rohhonig, Bio Honig, Manuka Honig und nat\u00fcrliche Bienenprodukte. PureHiveHoney hilft Ihnen dabei, sorgf\u00e4ltig ausgew\u00e4hlte Honigsorten mit nat\u00fcrlicher Qualit\u00e4t und Reinheit zu entdecken.","og_url":"https:\/\/purehivehoney.com\/de\/product\/pure-raw-honey-organic-wildflower-100-natural-350-g-unfiltered-unheated-from-non-absorbent-fed-bees-with-high-concentration-of-protein-minerals-and-natural-acids\/","og_site_name":"PureHiveHoney","article_modified_time":"2026-03-15T23:36:13+00:00","twitter_card":"summary_large_image","twitter_misc":{"Gesch\u00e4tzte Lesezeit":"1\u00a0Minute"},"schema":{"@context":"https:\/\/schema.org","@graph":[{"@type":"WebPage","@id":"https:\/\/purehivehoney.com\/de\/product\/pure-raw-honey-organic-wildflower-100-natural-350-g-unfiltered-unheated-from-non-absorbent-fed-bees-with-high-concentration-of-protein-minerals-and-natural-acids\/","url":"https:\/\/purehivehoney.com\/de\/product\/pure-raw-honey-organic-wildflower-100-natural-350-g-unfiltered-unheated-from-non-absorbent-fed-bees-with-high-concentration-of-protein-minerals-and-natural-acids\/","name":"Pure, raw honey, organic wildflower, 100% natural, 350 g unfiltered unheated from non-absorbent fed bees with high concentration of protein minerals and natural acids - PureHiveHoney","isPartOf":{"@id":"https:\/\/purehivehoney.com\/de\/#website"},"primaryImageOfPage":{"@id":"https:\/\/purehivehoney.com\/de\/product\/pure-raw-honey-organic-wildflower-100-natural-350-g-unfiltered-unheated-from-non-absorbent-fed-bees-with-high-concentration-of-protein-minerals-and-natural-acids\/#primaryimage"},"image":{"@id":"https:\/\/purehivehoney.com\/de\/product\/pure-raw-honey-organic-wildflower-100-natural-350-g-unfiltered-unheated-from-non-absorbent-fed-bees-with-high-concentration-of-protein-minerals-and-natural-acids\/#primaryimage"},"thumbnailUrl":"https:\/\/purehivehoney.com\/de\/wp-content\/uploads\/2026\/03\/61Hb7ykTwkL._SL1080_.jpg","datePublished":"2026-03-15T20:02:43+00:00","dateModified":"2026-03-15T23:36:13+00:00","description":"Entdecken Sie hochwertigen Rohhonig, Bio Honig, Manuka Honig und nat\u00fcrliche Bienenprodukte. PureHiveHoney hilft Ihnen dabei, sorgf\u00e4ltig ausgew\u00e4hlte Honigsorten mit nat\u00fcrlicher Qualit\u00e4t und Reinheit zu entdecken.","breadcrumb":{"@id":"https:\/\/purehivehoney.com\/de\/product\/pure-raw-honey-organic-wildflower-100-natural-350-g-unfiltered-unheated-from-non-absorbent-fed-bees-with-high-concentration-of-protein-minerals-and-natural-acids\/#breadcrumb"},"inLanguage":"de","potentialAction":[{"@type":"ReadAction","target":["https:\/\/purehivehoney.com\/de\/product\/pure-raw-honey-organic-wildflower-100-natural-350-g-unfiltered-unheated-from-non-absorbent-fed-bees-with-high-concentration-of-protein-minerals-and-natural-acids\/"]}]},{"@type":"ImageObject","inLanguage":"de","@id":"https:\/\/purehivehoney.com\/de\/product\/pure-raw-honey-organic-wildflower-100-natural-350-g-unfiltered-unheated-from-non-absorbent-fed-bees-with-high-concentration-of-protein-minerals-and-natural-acids\/#primaryimage","url":"https:\/\/purehivehoney.com\/de\/wp-content\/uploads\/2026\/03\/61Hb7ykTwkL._SL1080_.jpg","contentUrl":"https:\/\/purehivehoney.com\/de\/wp-content\/uploads\/2026\/03\/61Hb7ykTwkL._SL1080_.jpg","width":1080,"height":1080},{"@type":"BreadcrumbList","@id":"https:\/\/purehivehoney.com\/de\/product\/pure-raw-honey-organic-wildflower-100-natural-350-g-unfiltered-unheated-from-non-absorbent-fed-bees-with-high-concentration-of-protein-minerals-and-natural-acids\/#breadcrumb","itemListElement":[{"@type":"ListItem","position":1,"name":"Home","item":"https:\/\/purehivehoney.com\/de\/"},{"@type":"ListItem","position":2,"name":"Shop","item":"https:\/\/purehivehoney.com\/de\/shop\/"},{"@type":"ListItem","position":3,"name":"Pure, raw honey, organic wildflower..."}]},{"@type":"WebSite","@id":"https:\/\/purehivehoney.com\/de\/#website","url":"https:\/\/purehivehoney.com\/de\/","name":"PureHiveHoney","description":"Reiner Honig &amp; Bienenprodukte Online | Rohhonig, Bio Honig &amp; Spezialhonig","publisher":{"@id":"https:\/\/purehivehoney.com\/de\/#organization"},"potentialAction":[{"@type":"SearchAction","target":{"@type":"EntryPoint","urlTemplate":"https:\/\/purehivehoney.com\/de\/?s={search_term_string}"},"query-input":{"@type":"PropertyValueSpecification","valueRequired":true,"valueName":"search_term_string"}}],"inLanguage":"de"},{"@type":"Organization","@id":"https:\/\/purehivehoney.com\/de\/#organization","name":"PureHiveHoney","url":"https:\/\/purehivehoney.com\/de\/","logo":{"@type":"ImageObject","inLanguage":"de","@id":"https:\/\/purehivehoney.com\/de\/#\/schema\/logo\/image\/","url":"https:\/\/purehivehoney.com\/de\/wp-content\/uploads\/2026\/03\/Screenshot-2026-03-16-at-1.06.01-AM.png","contentUrl":"https:\/\/purehivehoney.com\/de\/wp-content\/uploads\/2026\/03\/Screenshot-2026-03-16-at-1.06.01-AM.png","width":2112,"height":1086,"caption":"PureHiveHoney"},"image":{"@id":"https:\/\/purehivehoney.com\/de\/#\/schema\/logo\/image\/"}}]}},"_links":{"self":[{"href":"https:\/\/purehivehoney.com\/de\/wp-json\/wp\/v2\/product\/187","targetHints":{"allow":["GET"]}}],"collection":[{"href":"https:\/\/purehivehoney.com\/de\/wp-json\/wp\/v2\/product"}],"about":[{"href":"https:\/\/purehivehoney.com\/de\/wp-json\/wp\/v2\/types\/product"}],"replies":[{"embeddable":true,"href":"https:\/\/purehivehoney.com\/de\/wp-json\/wp\/v2\/comments?post=187"}],"wp:featuredmedia":[{"embeddable":true,"href":"https:\/\/purehivehoney.com\/de\/wp-json\/wp\/v2\/media\/188"}],"wp:attachment":[{"href":"https:\/\/purehivehoney.com\/de\/wp-json\/wp\/v2\/media?parent=187"}],"wp:term":[{"taxonomy":"store","embeddable":true,"href":"https:\/\/purehivehoney.com\/de\/wp-json\/wp\/v2\/store?post=187"},{"taxonomy":"product_brand","embeddable":true,"href":"https:\/\/purehivehoney.com\/de\/wp-json\/wp\/v2\/product_brand?post=187"},{"taxonomy":"product_cat","embeddable":true,"href":"https:\/\/purehivehoney.com\/de\/wp-json\/wp\/v2\/product_cat?post=187"},{"taxonomy":"product_tag","embeddable":true,"href":"https:\/\/purehivehoney.com\/de\/wp-json\/wp\/v2\/product_tag?post=187"}],"curies":[{"name":"wp","href":"https:\/\/api.w.org\/{rel}","templated":true}]}}