{"id":1832,"date":"2026-03-16T18:46:20","date_gmt":"2026-03-16T18:46:20","guid":{"rendered":"https:\/\/purehivehoney.com\/de\/product\/cabilock-pack-of-25-wooden-honey-sticks-reusable-honey-stirring-sticks-for-jam-syrup-and-thick-foods-handmade-wooden-honey-sticks-for-drizzling-and-stirring\/"},"modified":"2026-03-16T18:46:41","modified_gmt":"2026-03-16T18:46:41","slug":"cabilock-pack-of-25-wooden-honey-sticks-reusable-honey-stirring-sticks-for-jam-syrup-and-thick-foods-handmade-wooden-honey-sticks-for-drizzling-and-stirring","status":"publish","type":"product","link":"https:\/\/purehivehoney.com\/de\/product\/cabilock-pack-of-25-wooden-honey-sticks-reusable-honey-stirring-sticks-for-jam-syrup-and-thick-foods-handmade-wooden-honey-sticks-for-drizzling-and-stirring\/","title":{"rendered":"Cabilock Pack of 25 Wooden Honey St..."},"content":{"rendered":"<p>                                             Product Description   <\/p>\n<p>                                                  <img decoding=\"async\" alt=\"3\" src=\"https:\/\/images-na.ssl-images-amazon.com\/images\/G\/01\/x-locale\/common\/grey-pixel.gif\" class=\"a-spacing-mini a-lazy-loaded\" data-src=\"https:\/\/m.media-amazon.com\/images\/S\/aplus-media-library-service-media\/29e00336-b5a8-41e4-b86e-8150f3aa1bed.__CR1002,0,300,300_PT0_SX300_V1___.jpg\"><img decoding=\"async\" alt=\"3\" src=\"https:\/\/m.media-amazon.com\/images\/S\/aplus-media-library-service-media\/29e00336-b5a8-41e4-b86e-8150f3aa1bed.__CR1002,0,300,300_PT0_SX300_V1___.jpg\">  <\/p>\n<h3 class=\"a-spacing-mini\"> Cabilock <\/h3>\n<p>  25 St\u00fcck Teiliges Holz honigstirrer mit Tiefen Rillen Nat\u00fcrlicher Honigl\u00f6ffel f\u00fcr Honig Marmelade und Getr\u00e4nke Handlicher Sicherer Holzstab f\u00fcr Wiederverwendbar <\/p>\n<h3 class=\"a-spacing-small\">   <\/h3>\n<p class=\"apm-text-center\">\n                                                      <img decoding=\"async\" alt=\"7\" src=\"https:\/\/images-na.ssl-images-amazon.com\/images\/G\/01\/x-locale\/common\/grey-pixel.gif\" class=\"a-lazy-loaded\" data-src=\"https:\/\/m.media-amazon.com\/images\/S\/aplus-media-library-service-media\/e89bf86f-0d2b-41d7-8943-603eeef5f339.__CR1002,0,220,220_PT0_SX220_V1___.jpg\"><img decoding=\"async\" alt=\"7\" src=\"https:\/\/m.media-amazon.com\/images\/S\/aplus-media-library-service-media\/e89bf86f-0d2b-41d7-8943-603eeef5f339.__CR1002,0,220,220_PT0_SX220_V1___.jpg\">  <\/p>\n<p class=\"a-size-small\"> R\u00fchrst\u00e4be aus holz f\u00fcr honig \u2013 geeignet als geschenk f\u00fcr ihren freund an einweihungsfeiern und weihnachten usw., r\u00fchrst\u00e4be f\u00fcr marmelade <\/p>\n<p class=\"apm-text-center\">\n                                                      <img decoding=\"async\" alt=\"13\" src=\"https:\/\/images-na.ssl-images-amazon.com\/images\/G\/01\/x-locale\/common\/grey-pixel.gif\" class=\"a-lazy-loaded\" data-src=\"https:\/\/m.media-amazon.com\/images\/S\/aplus-media-library-service-media\/8a632424-d8a0-45a2-b2aa-723c84d404bb.__CR1002,0,220,220_PT0_SX220_V1___.jpg\"><img decoding=\"async\" alt=\"13\" src=\"https:\/\/m.media-amazon.com\/images\/S\/aplus-media-library-service-media\/8a632424-d8a0-45a2-b2aa-723c84d404bb.__CR1002,0,220,220_PT0_SX220_V1___.jpg\">  <\/p>\n<p class=\"a-size-small\"> R\u00fchrst\u00e4bchen \u2013 mit tiefen rillen k\u00f6nnen sie die perfekte menge honig aus einem glas sch\u00f6pfen und den honig dann \u00fcber ihre toasts, kekse und sandwiches oder in ihr wasser, ihren tee usw. tr\u00e4ufeln. tee-marmeladenst\u00e4bchen <\/p>\n<p class=\"apm-text-center\">\n                                                      <img decoding=\"async\" alt=\"3\" src=\"https:\/\/images-na.ssl-images-amazon.com\/images\/G\/01\/x-locale\/common\/grey-pixel.gif\" class=\"a-lazy-loaded\" data-src=\"https:\/\/m.media-amazon.com\/images\/S\/aplus-media-library-service-media\/d5f34935-8f94-4f7d-a5c0-f05c57835d18.__CR1002,0,220,220_PT0_SX220_V1___.jpg\"><img decoding=\"async\" alt=\"3\" src=\"https:\/\/m.media-amazon.com\/images\/S\/aplus-media-library-service-media\/d5f34935-8f94-4f7d-a5c0-f05c57835d18.__CR1002,0,220,220_PT0_SX220_V1___.jpg\">  <\/p>\n<p class=\"a-size-small\"> Haushaltsgeschirr \u2013 verwendung von holzmaterial, unsere produkte sind gesund und sicher und k\u00f6nnen lange verwendet werden, honey wands <\/p>\n<p class=\"apm-text-center\">\n                                                      <img decoding=\"async\" alt=\"0\" src=\"https:\/\/images-na.ssl-images-amazon.com\/images\/G\/01\/x-locale\/common\/grey-pixel.gif\" class=\"a-lazy-loaded\" data-src=\"https:\/\/m.media-amazon.com\/images\/S\/aplus-media-library-service-media\/0d1e6f78-ea23-4d4e-8383-11af7c5211b9.__CR1002,0,220,220_PT0_SX220_V1___.jpg\"><img decoding=\"async\" alt=\"0\" src=\"https:\/\/m.media-amazon.com\/images\/S\/aplus-media-library-service-media\/0d1e6f78-ea23-4d4e-8383-11af7c5211b9.__CR1002,0,220,220_PT0_SX220_V1___.jpg\">  <\/p>\n<p class=\"a-size-small\"> Honigr\u00fchrst\u00e4be \u2013 die honigst\u00e4be sorgen daf\u00fcr, dass der honig fest haftet, praktisch und einfach zu verwenden, r\u00fchrst\u00e4be aus holz <\/p>\n<p>Wooden honey stirring sticks &#8211; suitable as a gift for your friend at housewarming parties and Christmas, etc., mixing sticks for jam<br \/>Stirrers &#8211; With deep grooves, you can scoop the perfect amount of honey out of a glass and then drizzle the honey over your toasts, cookies and sandwiches or into your water, tea, etc. tea jam sticks<br \/>Household tableware &#8211; use of wood material, our products are healthy and safe and can be used for a long time, honey wands<br \/>Honey Stirring Sticks &#8211; The honey sticks ensure that the honey sticks firmly, practical and easy to use, wooden stirring sticks<br \/>Wooden Honey Spoon &#8211; They can be washed with water and reused after drying, you don&#8217;t have to worry about honey sticking to it<\/p>\n\n","protected":false},"excerpt":{"rendered":"<p>Product Description Cabilock 25 St\u00fcck Teiliges Holz honigstirrer mit Tiefen Rillen Nat\u00fcrlicher Honigl\u00f6ffel f\u00fcr Honig Marmelade und Getr\u00e4nke Handlicher Sicherer Holzstab f\u00fcr Wiederverwendbar R\u00fchrst\u00e4be aus holz f\u00fcr honig \u2013 geeignet als geschenk f\u00fcr ihren freund an einweihungsfeiern und weihnachten usw., r\u00fchrst\u00e4be f\u00fcr marmelade R\u00fchrst\u00e4bchen \u2013 mit tiefen rillen k\u00f6nnen sie die perfekte menge honig aus [&hellip;]<\/p>\n","protected":false},"featured_media":1833,"comment_status":"open","ping_status":"closed","template":"","meta":{"_aipt_faq_data":""},"store":[],"product_brand":[],"product_cat":[73],"product_tag":[128],"class_list":{"0":"post-1832","1":"product","2":"type-product","3":"status-publish","4":"has-post-thumbnail","6":"product_cat-honigloffel","7":"product_tag-honigloeffel-mit-griff","9":"first","10":"instock","11":"shipping-taxable","12":"product-type-external"},"yoast_head":"<!-- This site is optimized with the Yoast SEO plugin v27.4 - https:\/\/yoast.com\/product\/yoast-seo-wordpress\/ -->\n<title>Cabilock Pack of 25 Wooden Honey Sticks Reusable Honey Stirring Sticks for Jam Syrup and Thick Foods Handmade Wooden Honey Sticks for Drizzling and Stirring - PureHiveHoney<\/title>\n<meta name=\"description\" content=\"Entdecken Sie hochwertigen Rohhonig, Bio Honig, Manuka Honig und nat\u00fcrliche Bienenprodukte. PureHiveHoney hilft Ihnen dabei, sorgf\u00e4ltig ausgew\u00e4hlte Honigsorten mit nat\u00fcrlicher Qualit\u00e4t und Reinheit zu entdecken.\" \/>\n<meta name=\"robots\" content=\"index, follow, max-snippet:-1, max-image-preview:large, max-video-preview:-1\" \/>\n<link rel=\"canonical\" href=\"https:\/\/purehivehoney.com\/de\/product\/cabilock-pack-of-25-wooden-honey-sticks-reusable-honey-stirring-sticks-for-jam-syrup-and-thick-foods-handmade-wooden-honey-sticks-for-drizzling-and-stirring\/\" \/>\n<meta property=\"og:locale\" content=\"de_DE\" \/>\n<meta property=\"og:type\" content=\"article\" \/>\n<meta property=\"og:title\" content=\"Cabilock Pack of 25 Wooden Honey Sticks Reusable Honey Stirring Sticks for Jam Syrup and Thick Foods Handmade Wooden Honey Sticks for Drizzling and Stirring - PureHiveHoney\" \/>\n<meta property=\"og:description\" content=\"Entdecken Sie hochwertigen Rohhonig, Bio Honig, Manuka Honig und nat\u00fcrliche Bienenprodukte. PureHiveHoney hilft Ihnen dabei, sorgf\u00e4ltig ausgew\u00e4hlte Honigsorten mit nat\u00fcrlicher Qualit\u00e4t und Reinheit zu entdecken.\" \/>\n<meta property=\"og:url\" content=\"https:\/\/purehivehoney.com\/de\/product\/cabilock-pack-of-25-wooden-honey-sticks-reusable-honey-stirring-sticks-for-jam-syrup-and-thick-foods-handmade-wooden-honey-sticks-for-drizzling-and-stirring\/\" \/>\n<meta property=\"og:site_name\" content=\"PureHiveHoney\" \/>\n<meta property=\"article:modified_time\" content=\"2026-03-16T18:46:41+00:00\" \/>\n<meta property=\"og:image\" content=\"https:\/\/images-na.ssl-images-amazon.com\/images\/G\/01\/x-locale\/common\/grey-pixel.gif\" \/>\n<meta name=\"twitter:card\" content=\"summary_large_image\" \/>\n<meta name=\"twitter:label1\" content=\"Gesch\u00e4tzte Lesezeit\" \/>\n\t<meta name=\"twitter:data1\" content=\"1\u00a0Minute\" \/>\n<script type=\"application\/ld+json\" class=\"yoast-schema-graph\">{\"@context\":\"https:\\\/\\\/schema.org\",\"@graph\":[{\"@type\":\"WebPage\",\"@id\":\"https:\\\/\\\/purehivehoney.com\\\/de\\\/product\\\/cabilock-pack-of-25-wooden-honey-sticks-reusable-honey-stirring-sticks-for-jam-syrup-and-thick-foods-handmade-wooden-honey-sticks-for-drizzling-and-stirring\\\/\",\"url\":\"https:\\\/\\\/purehivehoney.com\\\/de\\\/product\\\/cabilock-pack-of-25-wooden-honey-sticks-reusable-honey-stirring-sticks-for-jam-syrup-and-thick-foods-handmade-wooden-honey-sticks-for-drizzling-and-stirring\\\/\",\"name\":\"Cabilock Pack of 25 Wooden Honey Sticks Reusable Honey Stirring Sticks for Jam Syrup and Thick Foods Handmade Wooden Honey Sticks for Drizzling and Stirring - PureHiveHoney\",\"isPartOf\":{\"@id\":\"https:\\\/\\\/purehivehoney.com\\\/de\\\/#website\"},\"primaryImageOfPage\":{\"@id\":\"https:\\\/\\\/purehivehoney.com\\\/de\\\/product\\\/cabilock-pack-of-25-wooden-honey-sticks-reusable-honey-stirring-sticks-for-jam-syrup-and-thick-foods-handmade-wooden-honey-sticks-for-drizzling-and-stirring\\\/#primaryimage\"},\"image\":{\"@id\":\"https:\\\/\\\/purehivehoney.com\\\/de\\\/product\\\/cabilock-pack-of-25-wooden-honey-sticks-reusable-honey-stirring-sticks-for-jam-syrup-and-thick-foods-handmade-wooden-honey-sticks-for-drizzling-and-stirring\\\/#primaryimage\"},\"thumbnailUrl\":\"https:\\\/\\\/purehivehoney.com\\\/de\\\/wp-content\\\/uploads\\\/2026\\\/03\\\/61ag0-Ao4L._AC_SL1305_.jpg\",\"datePublished\":\"2026-03-16T18:46:20+00:00\",\"dateModified\":\"2026-03-16T18:46:41+00:00\",\"description\":\"Entdecken Sie hochwertigen Rohhonig, Bio Honig, Manuka Honig und nat\u00fcrliche Bienenprodukte. PureHiveHoney hilft Ihnen dabei, sorgf\u00e4ltig ausgew\u00e4hlte Honigsorten mit nat\u00fcrlicher Qualit\u00e4t und Reinheit zu entdecken.\",\"breadcrumb\":{\"@id\":\"https:\\\/\\\/purehivehoney.com\\\/de\\\/product\\\/cabilock-pack-of-25-wooden-honey-sticks-reusable-honey-stirring-sticks-for-jam-syrup-and-thick-foods-handmade-wooden-honey-sticks-for-drizzling-and-stirring\\\/#breadcrumb\"},\"inLanguage\":\"de\",\"potentialAction\":[{\"@type\":\"ReadAction\",\"target\":[\"https:\\\/\\\/purehivehoney.com\\\/de\\\/product\\\/cabilock-pack-of-25-wooden-honey-sticks-reusable-honey-stirring-sticks-for-jam-syrup-and-thick-foods-handmade-wooden-honey-sticks-for-drizzling-and-stirring\\\/\"]}]},{\"@type\":\"ImageObject\",\"inLanguage\":\"de\",\"@id\":\"https:\\\/\\\/purehivehoney.com\\\/de\\\/product\\\/cabilock-pack-of-25-wooden-honey-sticks-reusable-honey-stirring-sticks-for-jam-syrup-and-thick-foods-handmade-wooden-honey-sticks-for-drizzling-and-stirring\\\/#primaryimage\",\"url\":\"https:\\\/\\\/purehivehoney.com\\\/de\\\/wp-content\\\/uploads\\\/2026\\\/03\\\/61ag0-Ao4L._AC_SL1305_.jpg\",\"contentUrl\":\"https:\\\/\\\/purehivehoney.com\\\/de\\\/wp-content\\\/uploads\\\/2026\\\/03\\\/61ag0-Ao4L._AC_SL1305_.jpg\",\"width\":1185,\"height\":1169},{\"@type\":\"BreadcrumbList\",\"@id\":\"https:\\\/\\\/purehivehoney.com\\\/de\\\/product\\\/cabilock-pack-of-25-wooden-honey-sticks-reusable-honey-stirring-sticks-for-jam-syrup-and-thick-foods-handmade-wooden-honey-sticks-for-drizzling-and-stirring\\\/#breadcrumb\",\"itemListElement\":[{\"@type\":\"ListItem\",\"position\":1,\"name\":\"Home\",\"item\":\"https:\\\/\\\/purehivehoney.com\\\/de\\\/\"},{\"@type\":\"ListItem\",\"position\":2,\"name\":\"Shop\",\"item\":\"https:\\\/\\\/purehivehoney.com\\\/de\\\/shop\\\/\"},{\"@type\":\"ListItem\",\"position\":3,\"name\":\"Cabilock Pack of 25 Wooden Honey St...\"}]},{\"@type\":\"WebSite\",\"@id\":\"https:\\\/\\\/purehivehoney.com\\\/de\\\/#website\",\"url\":\"https:\\\/\\\/purehivehoney.com\\\/de\\\/\",\"name\":\"PureHiveHoney\",\"description\":\"Reiner Honig &amp; Bienenprodukte Online | Rohhonig, Bio Honig &amp; Spezialhonig\",\"publisher\":{\"@id\":\"https:\\\/\\\/purehivehoney.com\\\/de\\\/#organization\"},\"potentialAction\":[{\"@type\":\"SearchAction\",\"target\":{\"@type\":\"EntryPoint\",\"urlTemplate\":\"https:\\\/\\\/purehivehoney.com\\\/de\\\/?s={search_term_string}\"},\"query-input\":{\"@type\":\"PropertyValueSpecification\",\"valueRequired\":true,\"valueName\":\"search_term_string\"}}],\"inLanguage\":\"de\"},{\"@type\":\"Organization\",\"@id\":\"https:\\\/\\\/purehivehoney.com\\\/de\\\/#organization\",\"name\":\"PureHiveHoney\",\"url\":\"https:\\\/\\\/purehivehoney.com\\\/de\\\/\",\"logo\":{\"@type\":\"ImageObject\",\"inLanguage\":\"de\",\"@id\":\"https:\\\/\\\/purehivehoney.com\\\/de\\\/#\\\/schema\\\/logo\\\/image\\\/\",\"url\":\"https:\\\/\\\/purehivehoney.com\\\/de\\\/wp-content\\\/uploads\\\/2026\\\/03\\\/Screenshot-2026-03-16-at-1.06.01-AM.png\",\"contentUrl\":\"https:\\\/\\\/purehivehoney.com\\\/de\\\/wp-content\\\/uploads\\\/2026\\\/03\\\/Screenshot-2026-03-16-at-1.06.01-AM.png\",\"width\":2112,\"height\":1086,\"caption\":\"PureHiveHoney\"},\"image\":{\"@id\":\"https:\\\/\\\/purehivehoney.com\\\/de\\\/#\\\/schema\\\/logo\\\/image\\\/\"}}]}<\/script>\n<!-- \/ Yoast SEO plugin. -->","yoast_head_json":{"title":"Cabilock Pack of 25 Wooden Honey Sticks Reusable Honey Stirring Sticks for Jam Syrup and Thick Foods Handmade Wooden Honey Sticks for Drizzling and Stirring - PureHiveHoney","description":"Entdecken Sie hochwertigen Rohhonig, Bio Honig, Manuka Honig und nat\u00fcrliche Bienenprodukte. PureHiveHoney hilft Ihnen dabei, sorgf\u00e4ltig ausgew\u00e4hlte Honigsorten mit nat\u00fcrlicher Qualit\u00e4t und Reinheit zu entdecken.","robots":{"index":"index","follow":"follow","max-snippet":"max-snippet:-1","max-image-preview":"max-image-preview:large","max-video-preview":"max-video-preview:-1"},"canonical":"https:\/\/purehivehoney.com\/de\/product\/cabilock-pack-of-25-wooden-honey-sticks-reusable-honey-stirring-sticks-for-jam-syrup-and-thick-foods-handmade-wooden-honey-sticks-for-drizzling-and-stirring\/","og_locale":"de_DE","og_type":"article","og_title":"Cabilock Pack of 25 Wooden Honey Sticks Reusable Honey Stirring Sticks for Jam Syrup and Thick Foods Handmade Wooden Honey Sticks for Drizzling and Stirring - PureHiveHoney","og_description":"Entdecken Sie hochwertigen Rohhonig, Bio Honig, Manuka Honig und nat\u00fcrliche Bienenprodukte. PureHiveHoney hilft Ihnen dabei, sorgf\u00e4ltig ausgew\u00e4hlte Honigsorten mit nat\u00fcrlicher Qualit\u00e4t und Reinheit zu entdecken.","og_url":"https:\/\/purehivehoney.com\/de\/product\/cabilock-pack-of-25-wooden-honey-sticks-reusable-honey-stirring-sticks-for-jam-syrup-and-thick-foods-handmade-wooden-honey-sticks-for-drizzling-and-stirring\/","og_site_name":"PureHiveHoney","article_modified_time":"2026-03-16T18:46:41+00:00","og_image":[{"url":"https:\/\/images-na.ssl-images-amazon.com\/images\/G\/01\/x-locale\/common\/grey-pixel.gif","type":"","width":"","height":""}],"twitter_card":"summary_large_image","twitter_misc":{"Gesch\u00e4tzte Lesezeit":"1\u00a0Minute"},"schema":{"@context":"https:\/\/schema.org","@graph":[{"@type":"WebPage","@id":"https:\/\/purehivehoney.com\/de\/product\/cabilock-pack-of-25-wooden-honey-sticks-reusable-honey-stirring-sticks-for-jam-syrup-and-thick-foods-handmade-wooden-honey-sticks-for-drizzling-and-stirring\/","url":"https:\/\/purehivehoney.com\/de\/product\/cabilock-pack-of-25-wooden-honey-sticks-reusable-honey-stirring-sticks-for-jam-syrup-and-thick-foods-handmade-wooden-honey-sticks-for-drizzling-and-stirring\/","name":"Cabilock Pack of 25 Wooden Honey Sticks Reusable Honey Stirring Sticks for Jam Syrup and Thick Foods Handmade Wooden Honey Sticks for Drizzling and Stirring - PureHiveHoney","isPartOf":{"@id":"https:\/\/purehivehoney.com\/de\/#website"},"primaryImageOfPage":{"@id":"https:\/\/purehivehoney.com\/de\/product\/cabilock-pack-of-25-wooden-honey-sticks-reusable-honey-stirring-sticks-for-jam-syrup-and-thick-foods-handmade-wooden-honey-sticks-for-drizzling-and-stirring\/#primaryimage"},"image":{"@id":"https:\/\/purehivehoney.com\/de\/product\/cabilock-pack-of-25-wooden-honey-sticks-reusable-honey-stirring-sticks-for-jam-syrup-and-thick-foods-handmade-wooden-honey-sticks-for-drizzling-and-stirring\/#primaryimage"},"thumbnailUrl":"https:\/\/purehivehoney.com\/de\/wp-content\/uploads\/2026\/03\/61ag0-Ao4L._AC_SL1305_.jpg","datePublished":"2026-03-16T18:46:20+00:00","dateModified":"2026-03-16T18:46:41+00:00","description":"Entdecken Sie hochwertigen Rohhonig, Bio Honig, Manuka Honig und nat\u00fcrliche Bienenprodukte. PureHiveHoney hilft Ihnen dabei, sorgf\u00e4ltig ausgew\u00e4hlte Honigsorten mit nat\u00fcrlicher Qualit\u00e4t und Reinheit zu entdecken.","breadcrumb":{"@id":"https:\/\/purehivehoney.com\/de\/product\/cabilock-pack-of-25-wooden-honey-sticks-reusable-honey-stirring-sticks-for-jam-syrup-and-thick-foods-handmade-wooden-honey-sticks-for-drizzling-and-stirring\/#breadcrumb"},"inLanguage":"de","potentialAction":[{"@type":"ReadAction","target":["https:\/\/purehivehoney.com\/de\/product\/cabilock-pack-of-25-wooden-honey-sticks-reusable-honey-stirring-sticks-for-jam-syrup-and-thick-foods-handmade-wooden-honey-sticks-for-drizzling-and-stirring\/"]}]},{"@type":"ImageObject","inLanguage":"de","@id":"https:\/\/purehivehoney.com\/de\/product\/cabilock-pack-of-25-wooden-honey-sticks-reusable-honey-stirring-sticks-for-jam-syrup-and-thick-foods-handmade-wooden-honey-sticks-for-drizzling-and-stirring\/#primaryimage","url":"https:\/\/purehivehoney.com\/de\/wp-content\/uploads\/2026\/03\/61ag0-Ao4L._AC_SL1305_.jpg","contentUrl":"https:\/\/purehivehoney.com\/de\/wp-content\/uploads\/2026\/03\/61ag0-Ao4L._AC_SL1305_.jpg","width":1185,"height":1169},{"@type":"BreadcrumbList","@id":"https:\/\/purehivehoney.com\/de\/product\/cabilock-pack-of-25-wooden-honey-sticks-reusable-honey-stirring-sticks-for-jam-syrup-and-thick-foods-handmade-wooden-honey-sticks-for-drizzling-and-stirring\/#breadcrumb","itemListElement":[{"@type":"ListItem","position":1,"name":"Home","item":"https:\/\/purehivehoney.com\/de\/"},{"@type":"ListItem","position":2,"name":"Shop","item":"https:\/\/purehivehoney.com\/de\/shop\/"},{"@type":"ListItem","position":3,"name":"Cabilock Pack of 25 Wooden Honey St..."}]},{"@type":"WebSite","@id":"https:\/\/purehivehoney.com\/de\/#website","url":"https:\/\/purehivehoney.com\/de\/","name":"PureHiveHoney","description":"Reiner Honig &amp; Bienenprodukte Online | Rohhonig, Bio Honig &amp; Spezialhonig","publisher":{"@id":"https:\/\/purehivehoney.com\/de\/#organization"},"potentialAction":[{"@type":"SearchAction","target":{"@type":"EntryPoint","urlTemplate":"https:\/\/purehivehoney.com\/de\/?s={search_term_string}"},"query-input":{"@type":"PropertyValueSpecification","valueRequired":true,"valueName":"search_term_string"}}],"inLanguage":"de"},{"@type":"Organization","@id":"https:\/\/purehivehoney.com\/de\/#organization","name":"PureHiveHoney","url":"https:\/\/purehivehoney.com\/de\/","logo":{"@type":"ImageObject","inLanguage":"de","@id":"https:\/\/purehivehoney.com\/de\/#\/schema\/logo\/image\/","url":"https:\/\/purehivehoney.com\/de\/wp-content\/uploads\/2026\/03\/Screenshot-2026-03-16-at-1.06.01-AM.png","contentUrl":"https:\/\/purehivehoney.com\/de\/wp-content\/uploads\/2026\/03\/Screenshot-2026-03-16-at-1.06.01-AM.png","width":2112,"height":1086,"caption":"PureHiveHoney"},"image":{"@id":"https:\/\/purehivehoney.com\/de\/#\/schema\/logo\/image\/"}}]}},"_links":{"self":[{"href":"https:\/\/purehivehoney.com\/de\/wp-json\/wp\/v2\/product\/1832","targetHints":{"allow":["GET"]}}],"collection":[{"href":"https:\/\/purehivehoney.com\/de\/wp-json\/wp\/v2\/product"}],"about":[{"href":"https:\/\/purehivehoney.com\/de\/wp-json\/wp\/v2\/types\/product"}],"replies":[{"embeddable":true,"href":"https:\/\/purehivehoney.com\/de\/wp-json\/wp\/v2\/comments?post=1832"}],"wp:featuredmedia":[{"embeddable":true,"href":"https:\/\/purehivehoney.com\/de\/wp-json\/wp\/v2\/media\/1833"}],"wp:attachment":[{"href":"https:\/\/purehivehoney.com\/de\/wp-json\/wp\/v2\/media?parent=1832"}],"wp:term":[{"taxonomy":"store","embeddable":true,"href":"https:\/\/purehivehoney.com\/de\/wp-json\/wp\/v2\/store?post=1832"},{"taxonomy":"product_brand","embeddable":true,"href":"https:\/\/purehivehoney.com\/de\/wp-json\/wp\/v2\/product_brand?post=1832"},{"taxonomy":"product_cat","embeddable":true,"href":"https:\/\/purehivehoney.com\/de\/wp-json\/wp\/v2\/product_cat?post=1832"},{"taxonomy":"product_tag","embeddable":true,"href":"https:\/\/purehivehoney.com\/de\/wp-json\/wp\/v2\/product_tag?post=1832"}],"curies":[{"name":"wp","href":"https:\/\/api.w.org\/{rel}","templated":true}]}}