{"id":1822,"date":"2026-03-16T18:45:13","date_gmt":"2026-03-16T18:45:13","guid":{"rendered":"https:\/\/purehivehoney.com\/de\/product\/cabilock-pack-of-4-transparent-plastic-honey-bottles-refillable-containers-with-lids-leak-proof-kitchen-bottles-for-storing-honey-jam-and-spices\/"},"modified":"2026-03-16T18:45:33","modified_gmt":"2026-03-16T18:45:33","slug":"cabilock-pack-of-4-transparent-plastic-honey-bottles-refillable-containers-with-lids-leak-proof-kitchen-bottles-for-storing-honey-jam-and-spices","status":"publish","type":"product","link":"https:\/\/purehivehoney.com\/de\/product\/cabilock-pack-of-4-transparent-plastic-honey-bottles-refillable-containers-with-lids-leak-proof-kitchen-bottles-for-storing-honey-jam-and-spices\/","title":{"rendered":"Cabilock Pack of 4 Transparent Plas..."},"content":{"rendered":"<p>    <span>Box contents: <br \/>4 honey jars. <br \/>Features <br \/>&#8211; Craftsmanship: This bottle is made of durable materials and designed for regular use. <br \/>-Multi-purpose: suitable for honey, syrup and sauce, can also be used for other liquid foods; transparent honey jar made of plastic. <br \/>&#8211; Size: 15.60 x 8.50 x 8.20 cm \/ 6.13 x 3.34 x 3.22 inches. <br \/>Product information: honey jar <br \/>&#8211; Easy squeezing: Thanks to the transparent squeeze bottle design, honey, syrup and sauces can be easily and precisely dispensed from empty honey bottles. <br \/>&#8211; Material: PET <br \/>-Kitchen essential: A great addition to any home kitchen that adds a sweet touch to your dishes &#8211; plastic spice jars. <br \/>&#8211; Clear view: the transparent bottle body allows you to see the contents and always know when to refill the honey jar. <br \/>&#8211; Colour: transparent. <br \/>Product Description <br \/>Honey container. This honey container is user-friendly and easy to clean. Thanks to the large opening, it is easy to fill and clean. Honey squeeze dispenser. Thanks to the transparent plastic design, you always have the contents in view and can be used comfortably in your kitchen. Plastic honey jars. The secure lid prevents leaks and spills and is ideal for storing honey, jam or other liquid condiments.<\/span>    <br \/>An essential kitchen accessory: a great addition to any kitchen that adds a sweet touch to your dishes. (empty honey bottles, honey jar dispenser)<br \/>Essential for the kitchen: ideal for use in the home kitchen, adds a sweet touch to your culinary creations. storage jars honey jar with lid<br \/>Essential for the kitchen: ideal for the home kitchen, effortlessly adds sweetness to your dishes; honey squeeze dispenser, honey aroma bottle<br \/>Essential for the kitchen: ideal for sweetening your culinary creations, honey bottle for squeezing honey<br \/>Robust construction: made of durable materials, this bottle is resistant to damage; plastic container with lid, transparent plastic container<\/p>\n\n","protected":false},"excerpt":{"rendered":"<p>Box contents: 4 honey jars. Features &#8211; Craftsmanship: This bottle is made of durable materials and designed for regular use. -Multi-purpose: suitable for honey, syrup and sauce, can also be used for other liquid foods; transparent honey jar made of plastic. &#8211; Size: 15.60 x 8.50 x 8.20 cm \/ 6.13 x 3.34 x 3.22 [&hellip;]<\/p>\n","protected":false},"featured_media":1823,"comment_status":"open","ping_status":"closed","template":"","meta":{"_aipt_faq_data":""},"store":[],"product_brand":[294],"product_cat":[74],"product_tag":[126],"class_list":{"0":"post-1822","1":"product","2":"type-product","3":"status-publish","4":"has-post-thumbnail","6":"product_brand-cabilock","7":"product_cat-honigglaser","8":"product_tag-honigglaeser-zum-abfuellen","10":"first","11":"instock","12":"shipping-taxable","13":"product-type-external"},"yoast_head":"<!-- This site is optimized with the Yoast SEO plugin v27.4 - https:\/\/yoast.com\/product\/yoast-seo-wordpress\/ -->\n<title>Cabilock Pack of 4 Transparent Plastic Honey Bottles Refillable Containers with Lids Leak-Proof Kitchen Bottles for Storing Honey Jam and Spices - PureHiveHoney<\/title>\n<meta name=\"description\" content=\"Entdecken Sie hochwertigen Rohhonig, Bio Honig, Manuka Honig und nat\u00fcrliche Bienenprodukte. PureHiveHoney hilft Ihnen dabei, sorgf\u00e4ltig ausgew\u00e4hlte Honigsorten mit nat\u00fcrlicher Qualit\u00e4t und Reinheit zu entdecken.\" \/>\n<meta name=\"robots\" content=\"index, follow, max-snippet:-1, max-image-preview:large, max-video-preview:-1\" \/>\n<link rel=\"canonical\" href=\"https:\/\/purehivehoney.com\/de\/product\/cabilock-pack-of-4-transparent-plastic-honey-bottles-refillable-containers-with-lids-leak-proof-kitchen-bottles-for-storing-honey-jam-and-spices\/\" \/>\n<meta property=\"og:locale\" content=\"de_DE\" \/>\n<meta property=\"og:type\" content=\"article\" \/>\n<meta property=\"og:title\" content=\"Cabilock Pack of 4 Transparent Plastic Honey Bottles Refillable Containers with Lids Leak-Proof Kitchen Bottles for Storing Honey Jam and Spices - PureHiveHoney\" \/>\n<meta property=\"og:description\" content=\"Entdecken Sie hochwertigen Rohhonig, Bio Honig, Manuka Honig und nat\u00fcrliche Bienenprodukte. PureHiveHoney hilft Ihnen dabei, sorgf\u00e4ltig ausgew\u00e4hlte Honigsorten mit nat\u00fcrlicher Qualit\u00e4t und Reinheit zu entdecken.\" \/>\n<meta property=\"og:url\" content=\"https:\/\/purehivehoney.com\/de\/product\/cabilock-pack-of-4-transparent-plastic-honey-bottles-refillable-containers-with-lids-leak-proof-kitchen-bottles-for-storing-honey-jam-and-spices\/\" \/>\n<meta property=\"og:site_name\" content=\"PureHiveHoney\" \/>\n<meta property=\"article:modified_time\" content=\"2026-03-16T18:45:33+00:00\" \/>\n<meta name=\"twitter:card\" content=\"summary_large_image\" \/>\n<meta name=\"twitter:label1\" content=\"Gesch\u00e4tzte Lesezeit\" \/>\n\t<meta name=\"twitter:data1\" content=\"1\u00a0Minute\" \/>\n<script type=\"application\/ld+json\" class=\"yoast-schema-graph\">{\"@context\":\"https:\\\/\\\/schema.org\",\"@graph\":[{\"@type\":\"WebPage\",\"@id\":\"https:\\\/\\\/purehivehoney.com\\\/de\\\/product\\\/cabilock-pack-of-4-transparent-plastic-honey-bottles-refillable-containers-with-lids-leak-proof-kitchen-bottles-for-storing-honey-jam-and-spices\\\/\",\"url\":\"https:\\\/\\\/purehivehoney.com\\\/de\\\/product\\\/cabilock-pack-of-4-transparent-plastic-honey-bottles-refillable-containers-with-lids-leak-proof-kitchen-bottles-for-storing-honey-jam-and-spices\\\/\",\"name\":\"Cabilock Pack of 4 Transparent Plastic Honey Bottles Refillable Containers with Lids Leak-Proof Kitchen Bottles for Storing Honey Jam and Spices - PureHiveHoney\",\"isPartOf\":{\"@id\":\"https:\\\/\\\/purehivehoney.com\\\/de\\\/#website\"},\"primaryImageOfPage\":{\"@id\":\"https:\\\/\\\/purehivehoney.com\\\/de\\\/product\\\/cabilock-pack-of-4-transparent-plastic-honey-bottles-refillable-containers-with-lids-leak-proof-kitchen-bottles-for-storing-honey-jam-and-spices\\\/#primaryimage\"},\"image\":{\"@id\":\"https:\\\/\\\/purehivehoney.com\\\/de\\\/product\\\/cabilock-pack-of-4-transparent-plastic-honey-bottles-refillable-containers-with-lids-leak-proof-kitchen-bottles-for-storing-honey-jam-and-spices\\\/#primaryimage\"},\"thumbnailUrl\":\"https:\\\/\\\/purehivehoney.com\\\/de\\\/wp-content\\\/uploads\\\/2026\\\/03\\\/51NvQeulZIL._AC_SL1500_.jpg\",\"datePublished\":\"2026-03-16T18:45:13+00:00\",\"dateModified\":\"2026-03-16T18:45:33+00:00\",\"description\":\"Entdecken Sie hochwertigen Rohhonig, Bio Honig, Manuka Honig und nat\u00fcrliche Bienenprodukte. PureHiveHoney hilft Ihnen dabei, sorgf\u00e4ltig ausgew\u00e4hlte Honigsorten mit nat\u00fcrlicher Qualit\u00e4t und Reinheit zu entdecken.\",\"breadcrumb\":{\"@id\":\"https:\\\/\\\/purehivehoney.com\\\/de\\\/product\\\/cabilock-pack-of-4-transparent-plastic-honey-bottles-refillable-containers-with-lids-leak-proof-kitchen-bottles-for-storing-honey-jam-and-spices\\\/#breadcrumb\"},\"inLanguage\":\"de\",\"potentialAction\":[{\"@type\":\"ReadAction\",\"target\":[\"https:\\\/\\\/purehivehoney.com\\\/de\\\/product\\\/cabilock-pack-of-4-transparent-plastic-honey-bottles-refillable-containers-with-lids-leak-proof-kitchen-bottles-for-storing-honey-jam-and-spices\\\/\"]}]},{\"@type\":\"ImageObject\",\"inLanguage\":\"de\",\"@id\":\"https:\\\/\\\/purehivehoney.com\\\/de\\\/product\\\/cabilock-pack-of-4-transparent-plastic-honey-bottles-refillable-containers-with-lids-leak-proof-kitchen-bottles-for-storing-honey-jam-and-spices\\\/#primaryimage\",\"url\":\"https:\\\/\\\/purehivehoney.com\\\/de\\\/wp-content\\\/uploads\\\/2026\\\/03\\\/51NvQeulZIL._AC_SL1500_.jpg\",\"contentUrl\":\"https:\\\/\\\/purehivehoney.com\\\/de\\\/wp-content\\\/uploads\\\/2026\\\/03\\\/51NvQeulZIL._AC_SL1500_.jpg\",\"width\":1500,\"height\":1458},{\"@type\":\"BreadcrumbList\",\"@id\":\"https:\\\/\\\/purehivehoney.com\\\/de\\\/product\\\/cabilock-pack-of-4-transparent-plastic-honey-bottles-refillable-containers-with-lids-leak-proof-kitchen-bottles-for-storing-honey-jam-and-spices\\\/#breadcrumb\",\"itemListElement\":[{\"@type\":\"ListItem\",\"position\":1,\"name\":\"Home\",\"item\":\"https:\\\/\\\/purehivehoney.com\\\/de\\\/\"},{\"@type\":\"ListItem\",\"position\":2,\"name\":\"Shop\",\"item\":\"https:\\\/\\\/purehivehoney.com\\\/de\\\/shop\\\/\"},{\"@type\":\"ListItem\",\"position\":3,\"name\":\"Cabilock Pack of 4 Transparent Plas...\"}]},{\"@type\":\"WebSite\",\"@id\":\"https:\\\/\\\/purehivehoney.com\\\/de\\\/#website\",\"url\":\"https:\\\/\\\/purehivehoney.com\\\/de\\\/\",\"name\":\"PureHiveHoney\",\"description\":\"Reiner Honig &amp; Bienenprodukte Online | Rohhonig, Bio Honig &amp; Spezialhonig\",\"publisher\":{\"@id\":\"https:\\\/\\\/purehivehoney.com\\\/de\\\/#organization\"},\"potentialAction\":[{\"@type\":\"SearchAction\",\"target\":{\"@type\":\"EntryPoint\",\"urlTemplate\":\"https:\\\/\\\/purehivehoney.com\\\/de\\\/?s={search_term_string}\"},\"query-input\":{\"@type\":\"PropertyValueSpecification\",\"valueRequired\":true,\"valueName\":\"search_term_string\"}}],\"inLanguage\":\"de\"},{\"@type\":\"Organization\",\"@id\":\"https:\\\/\\\/purehivehoney.com\\\/de\\\/#organization\",\"name\":\"PureHiveHoney\",\"url\":\"https:\\\/\\\/purehivehoney.com\\\/de\\\/\",\"logo\":{\"@type\":\"ImageObject\",\"inLanguage\":\"de\",\"@id\":\"https:\\\/\\\/purehivehoney.com\\\/de\\\/#\\\/schema\\\/logo\\\/image\\\/\",\"url\":\"https:\\\/\\\/purehivehoney.com\\\/de\\\/wp-content\\\/uploads\\\/2026\\\/03\\\/Screenshot-2026-03-16-at-1.06.01-AM.png\",\"contentUrl\":\"https:\\\/\\\/purehivehoney.com\\\/de\\\/wp-content\\\/uploads\\\/2026\\\/03\\\/Screenshot-2026-03-16-at-1.06.01-AM.png\",\"width\":2112,\"height\":1086,\"caption\":\"PureHiveHoney\"},\"image\":{\"@id\":\"https:\\\/\\\/purehivehoney.com\\\/de\\\/#\\\/schema\\\/logo\\\/image\\\/\"}}]}<\/script>\n<!-- \/ Yoast SEO plugin. -->","yoast_head_json":{"title":"Cabilock Pack of 4 Transparent Plastic Honey Bottles Refillable Containers with Lids Leak-Proof Kitchen Bottles for Storing Honey Jam and Spices - PureHiveHoney","description":"Entdecken Sie hochwertigen Rohhonig, Bio Honig, Manuka Honig und nat\u00fcrliche Bienenprodukte. PureHiveHoney hilft Ihnen dabei, sorgf\u00e4ltig ausgew\u00e4hlte Honigsorten mit nat\u00fcrlicher Qualit\u00e4t und Reinheit zu entdecken.","robots":{"index":"index","follow":"follow","max-snippet":"max-snippet:-1","max-image-preview":"max-image-preview:large","max-video-preview":"max-video-preview:-1"},"canonical":"https:\/\/purehivehoney.com\/de\/product\/cabilock-pack-of-4-transparent-plastic-honey-bottles-refillable-containers-with-lids-leak-proof-kitchen-bottles-for-storing-honey-jam-and-spices\/","og_locale":"de_DE","og_type":"article","og_title":"Cabilock Pack of 4 Transparent Plastic Honey Bottles Refillable Containers with Lids Leak-Proof Kitchen Bottles for Storing Honey Jam and Spices - PureHiveHoney","og_description":"Entdecken Sie hochwertigen Rohhonig, Bio Honig, Manuka Honig und nat\u00fcrliche Bienenprodukte. PureHiveHoney hilft Ihnen dabei, sorgf\u00e4ltig ausgew\u00e4hlte Honigsorten mit nat\u00fcrlicher Qualit\u00e4t und Reinheit zu entdecken.","og_url":"https:\/\/purehivehoney.com\/de\/product\/cabilock-pack-of-4-transparent-plastic-honey-bottles-refillable-containers-with-lids-leak-proof-kitchen-bottles-for-storing-honey-jam-and-spices\/","og_site_name":"PureHiveHoney","article_modified_time":"2026-03-16T18:45:33+00:00","twitter_card":"summary_large_image","twitter_misc":{"Gesch\u00e4tzte Lesezeit":"1\u00a0Minute"},"schema":{"@context":"https:\/\/schema.org","@graph":[{"@type":"WebPage","@id":"https:\/\/purehivehoney.com\/de\/product\/cabilock-pack-of-4-transparent-plastic-honey-bottles-refillable-containers-with-lids-leak-proof-kitchen-bottles-for-storing-honey-jam-and-spices\/","url":"https:\/\/purehivehoney.com\/de\/product\/cabilock-pack-of-4-transparent-plastic-honey-bottles-refillable-containers-with-lids-leak-proof-kitchen-bottles-for-storing-honey-jam-and-spices\/","name":"Cabilock Pack of 4 Transparent Plastic Honey Bottles Refillable Containers with Lids Leak-Proof Kitchen Bottles for Storing Honey Jam and Spices - PureHiveHoney","isPartOf":{"@id":"https:\/\/purehivehoney.com\/de\/#website"},"primaryImageOfPage":{"@id":"https:\/\/purehivehoney.com\/de\/product\/cabilock-pack-of-4-transparent-plastic-honey-bottles-refillable-containers-with-lids-leak-proof-kitchen-bottles-for-storing-honey-jam-and-spices\/#primaryimage"},"image":{"@id":"https:\/\/purehivehoney.com\/de\/product\/cabilock-pack-of-4-transparent-plastic-honey-bottles-refillable-containers-with-lids-leak-proof-kitchen-bottles-for-storing-honey-jam-and-spices\/#primaryimage"},"thumbnailUrl":"https:\/\/purehivehoney.com\/de\/wp-content\/uploads\/2026\/03\/51NvQeulZIL._AC_SL1500_.jpg","datePublished":"2026-03-16T18:45:13+00:00","dateModified":"2026-03-16T18:45:33+00:00","description":"Entdecken Sie hochwertigen Rohhonig, Bio Honig, Manuka Honig und nat\u00fcrliche Bienenprodukte. PureHiveHoney hilft Ihnen dabei, sorgf\u00e4ltig ausgew\u00e4hlte Honigsorten mit nat\u00fcrlicher Qualit\u00e4t und Reinheit zu entdecken.","breadcrumb":{"@id":"https:\/\/purehivehoney.com\/de\/product\/cabilock-pack-of-4-transparent-plastic-honey-bottles-refillable-containers-with-lids-leak-proof-kitchen-bottles-for-storing-honey-jam-and-spices\/#breadcrumb"},"inLanguage":"de","potentialAction":[{"@type":"ReadAction","target":["https:\/\/purehivehoney.com\/de\/product\/cabilock-pack-of-4-transparent-plastic-honey-bottles-refillable-containers-with-lids-leak-proof-kitchen-bottles-for-storing-honey-jam-and-spices\/"]}]},{"@type":"ImageObject","inLanguage":"de","@id":"https:\/\/purehivehoney.com\/de\/product\/cabilock-pack-of-4-transparent-plastic-honey-bottles-refillable-containers-with-lids-leak-proof-kitchen-bottles-for-storing-honey-jam-and-spices\/#primaryimage","url":"https:\/\/purehivehoney.com\/de\/wp-content\/uploads\/2026\/03\/51NvQeulZIL._AC_SL1500_.jpg","contentUrl":"https:\/\/purehivehoney.com\/de\/wp-content\/uploads\/2026\/03\/51NvQeulZIL._AC_SL1500_.jpg","width":1500,"height":1458},{"@type":"BreadcrumbList","@id":"https:\/\/purehivehoney.com\/de\/product\/cabilock-pack-of-4-transparent-plastic-honey-bottles-refillable-containers-with-lids-leak-proof-kitchen-bottles-for-storing-honey-jam-and-spices\/#breadcrumb","itemListElement":[{"@type":"ListItem","position":1,"name":"Home","item":"https:\/\/purehivehoney.com\/de\/"},{"@type":"ListItem","position":2,"name":"Shop","item":"https:\/\/purehivehoney.com\/de\/shop\/"},{"@type":"ListItem","position":3,"name":"Cabilock Pack of 4 Transparent Plas..."}]},{"@type":"WebSite","@id":"https:\/\/purehivehoney.com\/de\/#website","url":"https:\/\/purehivehoney.com\/de\/","name":"PureHiveHoney","description":"Reiner Honig &amp; Bienenprodukte Online | Rohhonig, Bio Honig &amp; Spezialhonig","publisher":{"@id":"https:\/\/purehivehoney.com\/de\/#organization"},"potentialAction":[{"@type":"SearchAction","target":{"@type":"EntryPoint","urlTemplate":"https:\/\/purehivehoney.com\/de\/?s={search_term_string}"},"query-input":{"@type":"PropertyValueSpecification","valueRequired":true,"valueName":"search_term_string"}}],"inLanguage":"de"},{"@type":"Organization","@id":"https:\/\/purehivehoney.com\/de\/#organization","name":"PureHiveHoney","url":"https:\/\/purehivehoney.com\/de\/","logo":{"@type":"ImageObject","inLanguage":"de","@id":"https:\/\/purehivehoney.com\/de\/#\/schema\/logo\/image\/","url":"https:\/\/purehivehoney.com\/de\/wp-content\/uploads\/2026\/03\/Screenshot-2026-03-16-at-1.06.01-AM.png","contentUrl":"https:\/\/purehivehoney.com\/de\/wp-content\/uploads\/2026\/03\/Screenshot-2026-03-16-at-1.06.01-AM.png","width":2112,"height":1086,"caption":"PureHiveHoney"},"image":{"@id":"https:\/\/purehivehoney.com\/de\/#\/schema\/logo\/image\/"}}]}},"_links":{"self":[{"href":"https:\/\/purehivehoney.com\/de\/wp-json\/wp\/v2\/product\/1822","targetHints":{"allow":["GET"]}}],"collection":[{"href":"https:\/\/purehivehoney.com\/de\/wp-json\/wp\/v2\/product"}],"about":[{"href":"https:\/\/purehivehoney.com\/de\/wp-json\/wp\/v2\/types\/product"}],"replies":[{"embeddable":true,"href":"https:\/\/purehivehoney.com\/de\/wp-json\/wp\/v2\/comments?post=1822"}],"wp:featuredmedia":[{"embeddable":true,"href":"https:\/\/purehivehoney.com\/de\/wp-json\/wp\/v2\/media\/1823"}],"wp:attachment":[{"href":"https:\/\/purehivehoney.com\/de\/wp-json\/wp\/v2\/media?parent=1822"}],"wp:term":[{"taxonomy":"store","embeddable":true,"href":"https:\/\/purehivehoney.com\/de\/wp-json\/wp\/v2\/store?post=1822"},{"taxonomy":"product_brand","embeddable":true,"href":"https:\/\/purehivehoney.com\/de\/wp-json\/wp\/v2\/product_brand?post=1822"},{"taxonomy":"product_cat","embeddable":true,"href":"https:\/\/purehivehoney.com\/de\/wp-json\/wp\/v2\/product_cat?post=1822"},{"taxonomy":"product_tag","embeddable":true,"href":"https:\/\/purehivehoney.com\/de\/wp-json\/wp\/v2\/product_tag?post=1822"}],"curies":[{"name":"wp","href":"https:\/\/api.w.org\/{rel}","templated":true}]}}