{"id":1812,"date":"2026-03-16T18:43:57","date_gmt":"2026-03-16T18:43:57","guid":{"rendered":"https:\/\/purehivehoney.com\/de\/product\/honigspender-266-ml-glasbehaelter-ahornsirup-honigglas-fuer-getraenke-borosilikatglas-material-mit-griff-kuechenzubehoer-mit-einfachem-ausgiessen-kaffee-tee-verwendung-fuer-zuhause-cafe\/"},"modified":"2026-03-16T18:44:18","modified_gmt":"2026-03-16T18:44:18","slug":"honigspender-266-ml-glasbehaelter-ahornsirup-honigglas-fuer-getraenke-borosilikatglas-material-mit-griff-kuechenzubehoer-mit-einfachem-ausgiessen-kaffee-tee-verwendung-fuer-zuhause-cafe","status":"publish","type":"product","link":"https:\/\/purehivehoney.com\/de\/product\/honigspender-266-ml-glasbehaelter-ahornsirup-honigglas-fuer-getraenke-borosilikatglas-material-mit-griff-kuechenzubehoer-mit-einfachem-ausgiessen-kaffee-tee-verwendung-fuer-zuhause-cafe\/","title":{"rendered":"Honigspender, 266 ml, Glasbeh\u00e4lter..."},"content":{"rendered":"<p>                                             Product Description   <\/p>\n<h3 class=\"a-spacing-mini\"> No Drip Glass Honey Dispenser <\/h3>\n<p>                                          <img decoding=\"async\" alt=\"No Drip Glass Honey Dispenser\" src=\"https:\/\/images-na.ssl-images-amazon.com\/images\/G\/01\/x-locale\/common\/grey-pixel.gif\" class=\"a-spacing-base a-lazy-loaded\" data-src=\"https:\/\/m.media-amazon.com\/images\/S\/aplus-media-library-service-media\/8f70f957-6016-4eff-b1a1-41b9047164b1.__CR0,0,970,600_PT0_SX970_V1___.jpg\"><img decoding=\"async\" alt=\"No Drip Glass Honey Dispenser\" src=\"https:\/\/m.media-amazon.com\/images\/S\/aplus-media-library-service-media\/8f70f957-6016-4eff-b1a1-41b9047164b1.__CR0,0,970,600_PT0_SX970_V1___.jpg\">                                                                    <\/p>\n<p>                                                          <img decoding=\"async\" alt=\"No Drip Glass Honey Dispenser\" src=\"https:\/\/images-na.ssl-images-amazon.com\/images\/G\/01\/x-locale\/common\/grey-pixel.gif\" class=\"a-spacing-mini a-lazy-loaded\" data-src=\"https:\/\/m.media-amazon.com\/images\/S\/aplus-media-library-service-media\/9388f9d7-99c3-4c78-9d64-09537050398a.__CR0,0,1600,1600_PT0_SX300_V1___.jpg\"><img decoding=\"async\" alt=\"No Drip Glass Honey Dispenser\" src=\"https:\/\/m.media-amazon.com\/images\/S\/aplus-media-library-service-media\/9388f9d7-99c3-4c78-9d64-09537050398a.__CR0,0,1600,1600_PT0_SX300_V1___.jpg\">  <\/p>\n<p>                                                             Specifications                                                                            Product name: honey dispenser       Material: Glass       Product Size: about 10\u00d76.8\u00d718cm\/3.94\u00d72.68\u00d77.08in       Features: No dripping, easy to press, tight seal, strong and durable       Application: Suitable for honey, syrup, jam, etc.                                                                        <\/p>\n<p>                                                                                           Drip-Proof                                     <\/p>\n<p class=\"a-spacing-base\"> Tired of messy honey spills? Our drip-proof glass honey dispenser allows you to press the trigger on the handle and enjoy smooth honey spreading without any drips or spills on your countertops. Release the trigger and watch as the honey stops and drains back immediately, leaving no sticky clutter behind <\/p>\n<p>                                             Long-lasting Freshness                                     <\/p>\n<p class=\"a-spacing-base\"> Preserve the natural sweetness of your honey with our dispenser, featuring a freshness seal to it stays well-maintained for use. The ready-to-pour spout and bottom pour design assure efficient dispensing, while keeping the honey sealed and well-maintained for future use <\/p>\n<p> The Honey Dispenser is the perfect addition to any breakfast bar. With its no-drip glass design and stand, it&#8217;s ready to pour at any time. It&#8217;s easy to clean and refill so that you can enjoy honey, maple syrup, or any other syrup. This charming dispenser is the ideal way to add a touch of elegance to any meal. <\/p>\n<p> Specification: <\/p>\n<p> Product name: honey dispenser <\/p>\n<p> Material: Glass <\/p>\n<p> Product Size: about 10\u00d76.8\u00d718cm\/3.94\u00d72.68\u00d77.08in <\/p>\n<p> Features: No dripping, easy to press, tight seal, strong and durable <\/p>\n<p> Application: Suitable for honey, syrup, jam, etc. <\/p>\n<p> Packing List: <\/p>\n<p> Honey dispenser x1 <\/p>\n<p> Note: <\/p>\n<p> 1. Due to the different display and lighting effects, the actual color of the product may be slightly different from the color shown in the picture. Thanks! <\/p>\n<p> 2. Due to manual measurement, a measurement deviation of 1-3cm is allowed. <\/p>\n<p>Honigspender zum Dr\u00fccken: Verf\u00fcgt \u00fcber einen praktischen Druckmechanismus, der dem Benutzer hilft, Honig, Ahornsirup oder andere viskose Fl\u00fcssigkeiten ohne Versch\u00fctten oder klebrig zu gie\u00dfen, w\u00e4hrend er eine pr\u00e4zise Kontrolle f\u00fcr Kaffee, Tee, Fr\u00fchst\u00fcck oder Backaufgaben in der K\u00fcche oder am Esstisch bietet<br \/>Transparenter 266 ml Glasbeh\u00e4lter: Hergestellt aus transparentem Glas, hilft Benutzern, die verbleibende Menge an Honig zu \u00fcberwachen, w\u00e4hrend Arbeitsplatten, Fr\u00fchst\u00fcckstische oder Kaffeestationen einen eleganten und stilvollen Look verleiht und ihn bei Bedarf ohne R\u00e4tselraten nachgef\u00fcllt werden kann<br \/>Ergonomischer Griff f\u00fcr einfaches Ausgie\u00dfen: Entworfen mit einem komfortablen Griff, der Benutzern hilft, einen sicheren Griff und eine reibungslose Kontrolle zu erhalten, w\u00e4hrend Honig oder Sirup auf Toast, Pfannkuchen, Desserts oder Getr\u00e4nke gegossen werden, was den Komfort f\u00fcr den t\u00e4glichen Gebrauch und das Servieren in der K\u00fcche verbessert<br \/>Vielseitige Verwendung in K\u00fcche und Getr\u00e4nken: geeignet f\u00fcr Honig, Ahornsirup oder andere fl\u00fcssige S\u00fc\u00dfstoffe, die Benutzern helfen, Fr\u00fchst\u00fcck, Kaffee, Tee oder Backroutinen zu optimieren, w\u00e4hrend die Theken sauber, organisiert und optisch ansprechend f\u00fcr Zuhause, Caf\u00e9 oder Restaurant gehalten werden<br \/>Robustes und praktisches Design: Hergestellt aus stabilem Glas und einem sicheren Deckel zum Aufschieben, damit Benutzer wiederholte Verwendung genie\u00dfen und gleichzeitig eine sichere, freie Dosierung von Honig oder Sirup gew\u00e4hrleisten, was es zu einem funktionalen, dekorativen und langlebigen Accessoire f\u00fcr K\u00fcchen, Kaffeestationen oder Esstische macht<\/p>\n\n","protected":false},"excerpt":{"rendered":"<p>Product Description No Drip Glass Honey Dispenser Specifications Product name: honey dispenser Material: Glass Product Size: about 10\u00d76.8\u00d718cm\/3.94\u00d72.68\u00d77.08in Features: No dripping, easy to press, tight seal, strong and durable Application: Suitable for honey, syrup, jam, etc. Drip-Proof Tired of messy honey spills? Our drip-proof glass honey dispenser allows you to press the trigger on the [&hellip;]<\/p>\n","protected":false},"featured_media":1813,"comment_status":"open","ping_status":"closed","template":"","meta":{"_aipt_faq_data":""},"store":[],"product_brand":[192],"product_cat":[75],"product_tag":[125],"class_list":{"0":"post-1812","1":"product","2":"type-product","3":"status-publish","4":"has-post-thumbnail","6":"product_brand-generisch","7":"product_cat-honigspender","8":"product_tag-honigspender-mit-ausgiesser","10":"first","11":"instock","12":"shipping-taxable","13":"product-type-external"},"yoast_head":"<!-- This site is optimized with the Yoast SEO plugin v27.4 - https:\/\/yoast.com\/product\/yoast-seo-wordpress\/ -->\n<title>Honigspender, 266 ml, Glasbeh\u00e4lter, Ahornsirup, Honigglas f\u00fcr Getr\u00e4nke, Borosilikatglas-Material mit Griff, K\u00fcchenzubeh\u00f6r mit einfachem Ausgie\u00dfen, Kaffee-, Tee-Verwendung f\u00fcr Zuhause, Caf\u00e9 - PureHiveHoney<\/title>\n<meta name=\"description\" content=\"Entdecken Sie hochwertigen Rohhonig, Bio Honig, Manuka Honig und nat\u00fcrliche Bienenprodukte. PureHiveHoney hilft Ihnen dabei, sorgf\u00e4ltig ausgew\u00e4hlte Honigsorten mit nat\u00fcrlicher Qualit\u00e4t und Reinheit zu entdecken.\" \/>\n<meta name=\"robots\" content=\"index, follow, max-snippet:-1, max-image-preview:large, max-video-preview:-1\" \/>\n<link rel=\"canonical\" href=\"https:\/\/purehivehoney.com\/de\/product\/honigspender-266-ml-glasbehaelter-ahornsirup-honigglas-fuer-getraenke-borosilikatglas-material-mit-griff-kuechenzubehoer-mit-einfachem-ausgiessen-kaffee-tee-verwendung-fuer-zuhause-cafe\/\" \/>\n<meta property=\"og:locale\" content=\"de_DE\" \/>\n<meta property=\"og:type\" content=\"article\" \/>\n<meta property=\"og:title\" content=\"Honigspender, 266 ml, Glasbeh\u00e4lter, Ahornsirup, Honigglas f\u00fcr Getr\u00e4nke, Borosilikatglas-Material mit Griff, K\u00fcchenzubeh\u00f6r mit einfachem Ausgie\u00dfen, Kaffee-, Tee-Verwendung f\u00fcr Zuhause, Caf\u00e9 - PureHiveHoney\" \/>\n<meta property=\"og:description\" content=\"Entdecken Sie hochwertigen Rohhonig, Bio Honig, Manuka Honig und nat\u00fcrliche Bienenprodukte. PureHiveHoney hilft Ihnen dabei, sorgf\u00e4ltig ausgew\u00e4hlte Honigsorten mit nat\u00fcrlicher Qualit\u00e4t und Reinheit zu entdecken.\" \/>\n<meta property=\"og:url\" content=\"https:\/\/purehivehoney.com\/de\/product\/honigspender-266-ml-glasbehaelter-ahornsirup-honigglas-fuer-getraenke-borosilikatglas-material-mit-griff-kuechenzubehoer-mit-einfachem-ausgiessen-kaffee-tee-verwendung-fuer-zuhause-cafe\/\" \/>\n<meta property=\"og:site_name\" content=\"PureHiveHoney\" \/>\n<meta property=\"article:modified_time\" content=\"2026-03-16T18:44:18+00:00\" \/>\n<meta property=\"og:image\" content=\"https:\/\/images-na.ssl-images-amazon.com\/images\/G\/01\/x-locale\/common\/grey-pixel.gif\" \/>\n<meta name=\"twitter:card\" content=\"summary_large_image\" \/>\n<meta name=\"twitter:label1\" content=\"Gesch\u00e4tzte Lesezeit\" \/>\n\t<meta name=\"twitter:data1\" content=\"3\u00a0Minuten\" \/>\n<script type=\"application\/ld+json\" class=\"yoast-schema-graph\">{\"@context\":\"https:\\\/\\\/schema.org\",\"@graph\":[{\"@type\":\"WebPage\",\"@id\":\"https:\\\/\\\/purehivehoney.com\\\/de\\\/product\\\/honigspender-266-ml-glasbehaelter-ahornsirup-honigglas-fuer-getraenke-borosilikatglas-material-mit-griff-kuechenzubehoer-mit-einfachem-ausgiessen-kaffee-tee-verwendung-fuer-zuhause-cafe\\\/\",\"url\":\"https:\\\/\\\/purehivehoney.com\\\/de\\\/product\\\/honigspender-266-ml-glasbehaelter-ahornsirup-honigglas-fuer-getraenke-borosilikatglas-material-mit-griff-kuechenzubehoer-mit-einfachem-ausgiessen-kaffee-tee-verwendung-fuer-zuhause-cafe\\\/\",\"name\":\"Honigspender, 266 ml, Glasbeh\u00e4lter, Ahornsirup, Honigglas f\u00fcr Getr\u00e4nke, Borosilikatglas-Material mit Griff, K\u00fcchenzubeh\u00f6r mit einfachem Ausgie\u00dfen, Kaffee-, Tee-Verwendung f\u00fcr Zuhause, Caf\u00e9 - PureHiveHoney\",\"isPartOf\":{\"@id\":\"https:\\\/\\\/purehivehoney.com\\\/de\\\/#website\"},\"primaryImageOfPage\":{\"@id\":\"https:\\\/\\\/purehivehoney.com\\\/de\\\/product\\\/honigspender-266-ml-glasbehaelter-ahornsirup-honigglas-fuer-getraenke-borosilikatglas-material-mit-griff-kuechenzubehoer-mit-einfachem-ausgiessen-kaffee-tee-verwendung-fuer-zuhause-cafe\\\/#primaryimage\"},\"image\":{\"@id\":\"https:\\\/\\\/purehivehoney.com\\\/de\\\/product\\\/honigspender-266-ml-glasbehaelter-ahornsirup-honigglas-fuer-getraenke-borosilikatglas-material-mit-griff-kuechenzubehoer-mit-einfachem-ausgiessen-kaffee-tee-verwendung-fuer-zuhause-cafe\\\/#primaryimage\"},\"thumbnailUrl\":\"https:\\\/\\\/purehivehoney.com\\\/de\\\/wp-content\\\/uploads\\\/2026\\\/03\\\/61advy4viSL._AC_SL1500_.jpg\",\"datePublished\":\"2026-03-16T18:43:57+00:00\",\"dateModified\":\"2026-03-16T18:44:18+00:00\",\"description\":\"Entdecken Sie hochwertigen Rohhonig, Bio Honig, Manuka Honig und nat\u00fcrliche Bienenprodukte. PureHiveHoney hilft Ihnen dabei, sorgf\u00e4ltig ausgew\u00e4hlte Honigsorten mit nat\u00fcrlicher Qualit\u00e4t und Reinheit zu entdecken.\",\"breadcrumb\":{\"@id\":\"https:\\\/\\\/purehivehoney.com\\\/de\\\/product\\\/honigspender-266-ml-glasbehaelter-ahornsirup-honigglas-fuer-getraenke-borosilikatglas-material-mit-griff-kuechenzubehoer-mit-einfachem-ausgiessen-kaffee-tee-verwendung-fuer-zuhause-cafe\\\/#breadcrumb\"},\"inLanguage\":\"de\",\"potentialAction\":[{\"@type\":\"ReadAction\",\"target\":[\"https:\\\/\\\/purehivehoney.com\\\/de\\\/product\\\/honigspender-266-ml-glasbehaelter-ahornsirup-honigglas-fuer-getraenke-borosilikatglas-material-mit-griff-kuechenzubehoer-mit-einfachem-ausgiessen-kaffee-tee-verwendung-fuer-zuhause-cafe\\\/\"]}]},{\"@type\":\"ImageObject\",\"inLanguage\":\"de\",\"@id\":\"https:\\\/\\\/purehivehoney.com\\\/de\\\/product\\\/honigspender-266-ml-glasbehaelter-ahornsirup-honigglas-fuer-getraenke-borosilikatglas-material-mit-griff-kuechenzubehoer-mit-einfachem-ausgiessen-kaffee-tee-verwendung-fuer-zuhause-cafe\\\/#primaryimage\",\"url\":\"https:\\\/\\\/purehivehoney.com\\\/de\\\/wp-content\\\/uploads\\\/2026\\\/03\\\/61advy4viSL._AC_SL1500_.jpg\",\"contentUrl\":\"https:\\\/\\\/purehivehoney.com\\\/de\\\/wp-content\\\/uploads\\\/2026\\\/03\\\/61advy4viSL._AC_SL1500_.jpg\",\"width\":1202,\"height\":1500},{\"@type\":\"BreadcrumbList\",\"@id\":\"https:\\\/\\\/purehivehoney.com\\\/de\\\/product\\\/honigspender-266-ml-glasbehaelter-ahornsirup-honigglas-fuer-getraenke-borosilikatglas-material-mit-griff-kuechenzubehoer-mit-einfachem-ausgiessen-kaffee-tee-verwendung-fuer-zuhause-cafe\\\/#breadcrumb\",\"itemListElement\":[{\"@type\":\"ListItem\",\"position\":1,\"name\":\"Home\",\"item\":\"https:\\\/\\\/purehivehoney.com\\\/de\\\/\"},{\"@type\":\"ListItem\",\"position\":2,\"name\":\"Shop\",\"item\":\"https:\\\/\\\/purehivehoney.com\\\/de\\\/shop\\\/\"},{\"@type\":\"ListItem\",\"position\":3,\"name\":\"Honigspender, 266 ml, Glasbeh\u00e4lter...\"}]},{\"@type\":\"WebSite\",\"@id\":\"https:\\\/\\\/purehivehoney.com\\\/de\\\/#website\",\"url\":\"https:\\\/\\\/purehivehoney.com\\\/de\\\/\",\"name\":\"PureHiveHoney\",\"description\":\"Reiner Honig &amp; Bienenprodukte Online | Rohhonig, Bio Honig &amp; Spezialhonig\",\"publisher\":{\"@id\":\"https:\\\/\\\/purehivehoney.com\\\/de\\\/#organization\"},\"potentialAction\":[{\"@type\":\"SearchAction\",\"target\":{\"@type\":\"EntryPoint\",\"urlTemplate\":\"https:\\\/\\\/purehivehoney.com\\\/de\\\/?s={search_term_string}\"},\"query-input\":{\"@type\":\"PropertyValueSpecification\",\"valueRequired\":true,\"valueName\":\"search_term_string\"}}],\"inLanguage\":\"de\"},{\"@type\":\"Organization\",\"@id\":\"https:\\\/\\\/purehivehoney.com\\\/de\\\/#organization\",\"name\":\"PureHiveHoney\",\"url\":\"https:\\\/\\\/purehivehoney.com\\\/de\\\/\",\"logo\":{\"@type\":\"ImageObject\",\"inLanguage\":\"de\",\"@id\":\"https:\\\/\\\/purehivehoney.com\\\/de\\\/#\\\/schema\\\/logo\\\/image\\\/\",\"url\":\"https:\\\/\\\/purehivehoney.com\\\/de\\\/wp-content\\\/uploads\\\/2026\\\/03\\\/Screenshot-2026-03-16-at-1.06.01-AM.png\",\"contentUrl\":\"https:\\\/\\\/purehivehoney.com\\\/de\\\/wp-content\\\/uploads\\\/2026\\\/03\\\/Screenshot-2026-03-16-at-1.06.01-AM.png\",\"width\":2112,\"height\":1086,\"caption\":\"PureHiveHoney\"},\"image\":{\"@id\":\"https:\\\/\\\/purehivehoney.com\\\/de\\\/#\\\/schema\\\/logo\\\/image\\\/\"}}]}<\/script>\n<!-- \/ Yoast SEO plugin. -->","yoast_head_json":{"title":"Honigspender, 266 ml, Glasbeh\u00e4lter, Ahornsirup, Honigglas f\u00fcr Getr\u00e4nke, Borosilikatglas-Material mit Griff, K\u00fcchenzubeh\u00f6r mit einfachem Ausgie\u00dfen, Kaffee-, Tee-Verwendung f\u00fcr Zuhause, Caf\u00e9 - PureHiveHoney","description":"Entdecken Sie hochwertigen Rohhonig, Bio Honig, Manuka Honig und nat\u00fcrliche Bienenprodukte. PureHiveHoney hilft Ihnen dabei, sorgf\u00e4ltig ausgew\u00e4hlte Honigsorten mit nat\u00fcrlicher Qualit\u00e4t und Reinheit zu entdecken.","robots":{"index":"index","follow":"follow","max-snippet":"max-snippet:-1","max-image-preview":"max-image-preview:large","max-video-preview":"max-video-preview:-1"},"canonical":"https:\/\/purehivehoney.com\/de\/product\/honigspender-266-ml-glasbehaelter-ahornsirup-honigglas-fuer-getraenke-borosilikatglas-material-mit-griff-kuechenzubehoer-mit-einfachem-ausgiessen-kaffee-tee-verwendung-fuer-zuhause-cafe\/","og_locale":"de_DE","og_type":"article","og_title":"Honigspender, 266 ml, Glasbeh\u00e4lter, Ahornsirup, Honigglas f\u00fcr Getr\u00e4nke, Borosilikatglas-Material mit Griff, K\u00fcchenzubeh\u00f6r mit einfachem Ausgie\u00dfen, Kaffee-, Tee-Verwendung f\u00fcr Zuhause, Caf\u00e9 - PureHiveHoney","og_description":"Entdecken Sie hochwertigen Rohhonig, Bio Honig, Manuka Honig und nat\u00fcrliche Bienenprodukte. PureHiveHoney hilft Ihnen dabei, sorgf\u00e4ltig ausgew\u00e4hlte Honigsorten mit nat\u00fcrlicher Qualit\u00e4t und Reinheit zu entdecken.","og_url":"https:\/\/purehivehoney.com\/de\/product\/honigspender-266-ml-glasbehaelter-ahornsirup-honigglas-fuer-getraenke-borosilikatglas-material-mit-griff-kuechenzubehoer-mit-einfachem-ausgiessen-kaffee-tee-verwendung-fuer-zuhause-cafe\/","og_site_name":"PureHiveHoney","article_modified_time":"2026-03-16T18:44:18+00:00","og_image":[{"url":"https:\/\/images-na.ssl-images-amazon.com\/images\/G\/01\/x-locale\/common\/grey-pixel.gif","type":"","width":"","height":""}],"twitter_card":"summary_large_image","twitter_misc":{"Gesch\u00e4tzte Lesezeit":"3\u00a0Minuten"},"schema":{"@context":"https:\/\/schema.org","@graph":[{"@type":"WebPage","@id":"https:\/\/purehivehoney.com\/de\/product\/honigspender-266-ml-glasbehaelter-ahornsirup-honigglas-fuer-getraenke-borosilikatglas-material-mit-griff-kuechenzubehoer-mit-einfachem-ausgiessen-kaffee-tee-verwendung-fuer-zuhause-cafe\/","url":"https:\/\/purehivehoney.com\/de\/product\/honigspender-266-ml-glasbehaelter-ahornsirup-honigglas-fuer-getraenke-borosilikatglas-material-mit-griff-kuechenzubehoer-mit-einfachem-ausgiessen-kaffee-tee-verwendung-fuer-zuhause-cafe\/","name":"Honigspender, 266 ml, Glasbeh\u00e4lter, Ahornsirup, Honigglas f\u00fcr Getr\u00e4nke, Borosilikatglas-Material mit Griff, K\u00fcchenzubeh\u00f6r mit einfachem Ausgie\u00dfen, Kaffee-, Tee-Verwendung f\u00fcr Zuhause, Caf\u00e9 - PureHiveHoney","isPartOf":{"@id":"https:\/\/purehivehoney.com\/de\/#website"},"primaryImageOfPage":{"@id":"https:\/\/purehivehoney.com\/de\/product\/honigspender-266-ml-glasbehaelter-ahornsirup-honigglas-fuer-getraenke-borosilikatglas-material-mit-griff-kuechenzubehoer-mit-einfachem-ausgiessen-kaffee-tee-verwendung-fuer-zuhause-cafe\/#primaryimage"},"image":{"@id":"https:\/\/purehivehoney.com\/de\/product\/honigspender-266-ml-glasbehaelter-ahornsirup-honigglas-fuer-getraenke-borosilikatglas-material-mit-griff-kuechenzubehoer-mit-einfachem-ausgiessen-kaffee-tee-verwendung-fuer-zuhause-cafe\/#primaryimage"},"thumbnailUrl":"https:\/\/purehivehoney.com\/de\/wp-content\/uploads\/2026\/03\/61advy4viSL._AC_SL1500_.jpg","datePublished":"2026-03-16T18:43:57+00:00","dateModified":"2026-03-16T18:44:18+00:00","description":"Entdecken Sie hochwertigen Rohhonig, Bio Honig, Manuka Honig und nat\u00fcrliche Bienenprodukte. PureHiveHoney hilft Ihnen dabei, sorgf\u00e4ltig ausgew\u00e4hlte Honigsorten mit nat\u00fcrlicher Qualit\u00e4t und Reinheit zu entdecken.","breadcrumb":{"@id":"https:\/\/purehivehoney.com\/de\/product\/honigspender-266-ml-glasbehaelter-ahornsirup-honigglas-fuer-getraenke-borosilikatglas-material-mit-griff-kuechenzubehoer-mit-einfachem-ausgiessen-kaffee-tee-verwendung-fuer-zuhause-cafe\/#breadcrumb"},"inLanguage":"de","potentialAction":[{"@type":"ReadAction","target":["https:\/\/purehivehoney.com\/de\/product\/honigspender-266-ml-glasbehaelter-ahornsirup-honigglas-fuer-getraenke-borosilikatglas-material-mit-griff-kuechenzubehoer-mit-einfachem-ausgiessen-kaffee-tee-verwendung-fuer-zuhause-cafe\/"]}]},{"@type":"ImageObject","inLanguage":"de","@id":"https:\/\/purehivehoney.com\/de\/product\/honigspender-266-ml-glasbehaelter-ahornsirup-honigglas-fuer-getraenke-borosilikatglas-material-mit-griff-kuechenzubehoer-mit-einfachem-ausgiessen-kaffee-tee-verwendung-fuer-zuhause-cafe\/#primaryimage","url":"https:\/\/purehivehoney.com\/de\/wp-content\/uploads\/2026\/03\/61advy4viSL._AC_SL1500_.jpg","contentUrl":"https:\/\/purehivehoney.com\/de\/wp-content\/uploads\/2026\/03\/61advy4viSL._AC_SL1500_.jpg","width":1202,"height":1500},{"@type":"BreadcrumbList","@id":"https:\/\/purehivehoney.com\/de\/product\/honigspender-266-ml-glasbehaelter-ahornsirup-honigglas-fuer-getraenke-borosilikatglas-material-mit-griff-kuechenzubehoer-mit-einfachem-ausgiessen-kaffee-tee-verwendung-fuer-zuhause-cafe\/#breadcrumb","itemListElement":[{"@type":"ListItem","position":1,"name":"Home","item":"https:\/\/purehivehoney.com\/de\/"},{"@type":"ListItem","position":2,"name":"Shop","item":"https:\/\/purehivehoney.com\/de\/shop\/"},{"@type":"ListItem","position":3,"name":"Honigspender, 266 ml, Glasbeh\u00e4lter..."}]},{"@type":"WebSite","@id":"https:\/\/purehivehoney.com\/de\/#website","url":"https:\/\/purehivehoney.com\/de\/","name":"PureHiveHoney","description":"Reiner Honig &amp; Bienenprodukte Online | Rohhonig, Bio Honig &amp; Spezialhonig","publisher":{"@id":"https:\/\/purehivehoney.com\/de\/#organization"},"potentialAction":[{"@type":"SearchAction","target":{"@type":"EntryPoint","urlTemplate":"https:\/\/purehivehoney.com\/de\/?s={search_term_string}"},"query-input":{"@type":"PropertyValueSpecification","valueRequired":true,"valueName":"search_term_string"}}],"inLanguage":"de"},{"@type":"Organization","@id":"https:\/\/purehivehoney.com\/de\/#organization","name":"PureHiveHoney","url":"https:\/\/purehivehoney.com\/de\/","logo":{"@type":"ImageObject","inLanguage":"de","@id":"https:\/\/purehivehoney.com\/de\/#\/schema\/logo\/image\/","url":"https:\/\/purehivehoney.com\/de\/wp-content\/uploads\/2026\/03\/Screenshot-2026-03-16-at-1.06.01-AM.png","contentUrl":"https:\/\/purehivehoney.com\/de\/wp-content\/uploads\/2026\/03\/Screenshot-2026-03-16-at-1.06.01-AM.png","width":2112,"height":1086,"caption":"PureHiveHoney"},"image":{"@id":"https:\/\/purehivehoney.com\/de\/#\/schema\/logo\/image\/"}}]}},"_links":{"self":[{"href":"https:\/\/purehivehoney.com\/de\/wp-json\/wp\/v2\/product\/1812","targetHints":{"allow":["GET"]}}],"collection":[{"href":"https:\/\/purehivehoney.com\/de\/wp-json\/wp\/v2\/product"}],"about":[{"href":"https:\/\/purehivehoney.com\/de\/wp-json\/wp\/v2\/types\/product"}],"replies":[{"embeddable":true,"href":"https:\/\/purehivehoney.com\/de\/wp-json\/wp\/v2\/comments?post=1812"}],"wp:featuredmedia":[{"embeddable":true,"href":"https:\/\/purehivehoney.com\/de\/wp-json\/wp\/v2\/media\/1813"}],"wp:attachment":[{"href":"https:\/\/purehivehoney.com\/de\/wp-json\/wp\/v2\/media?parent=1812"}],"wp:term":[{"taxonomy":"store","embeddable":true,"href":"https:\/\/purehivehoney.com\/de\/wp-json\/wp\/v2\/store?post=1812"},{"taxonomy":"product_brand","embeddable":true,"href":"https:\/\/purehivehoney.com\/de\/wp-json\/wp\/v2\/product_brand?post=1812"},{"taxonomy":"product_cat","embeddable":true,"href":"https:\/\/purehivehoney.com\/de\/wp-json\/wp\/v2\/product_cat?post=1812"},{"taxonomy":"product_tag","embeddable":true,"href":"https:\/\/purehivehoney.com\/de\/wp-json\/wp\/v2\/product_tag?post=1812"}],"curies":[{"name":"wp","href":"https:\/\/api.w.org\/{rel}","templated":true}]}}