{"id":1793,"date":"2026-03-16T17:34:47","date_gmt":"2026-03-16T17:34:47","guid":{"rendered":"https:\/\/purehivehoney.com\/de\/product\/propolis-cicatrizing-gel-ointment-227-ml-healing-balm-after-shave-soothing-gel-insect-bites-body-and-facial-care-for-problem-skin\/"},"modified":"2026-03-16T17:35:13","modified_gmt":"2026-03-16T17:35:13","slug":"propolis-cicatrizing-gel-ointment-227-ml-healing-balm-after-shave-soothing-gel-insect-bites-body-and-facial-care-for-problem-skin","status":"publish","type":"product","link":"https:\/\/purehivehoney.com\/de\/product\/propolis-cicatrizing-gel-ointment-227-ml-healing-balm-after-shave-soothing-gel-insect-bites-body-and-facial-care-for-problem-skin\/","title":{"rendered":"Propolis Cicatrizing Gel Ointment 2..."},"content":{"rendered":"<p>                                             From the brand   <\/p>\n<p>                                              <img decoding=\"async\" alt=\"Marine cosmetics product packaging against blue water background with text &amp;#39;Bleu &amp;amp; Marine Bretania&amp;#39; and &amp;#39;Cosmetique Marine Professionnelle&amp;#39;.\" src=\"https:\/\/images-na.ssl-images-amazon.com\/images\/G\/01\/x-locale\/common\/grey-pixel.gif\" class=\"a-lazy-loaded\" data-src=\"https:\/\/m.media-amazon.com\/images\/S\/aplus-media-library-service-media\/636499b5-4988-4ac6-b3ce-f46e9e6aa4d8.__CR0,0,1464,625_PT0_SX1464_V1___.jpg\"><img decoding=\"async\" alt=\"Marine cosmetics product packaging against blue water background with text &amp;#39;Bleu &amp;amp; Marine Bretania&amp;#39; and &amp;#39;Cosmetique Marine Professionnelle&amp;#39;.\" src=\"https:\/\/m.media-amazon.com\/images\/S\/aplus-media-library-service-media\/636499b5-4988-4ac6-b3ce-f46e9e6aa4d8.__CR0,0,1464,625_PT0_SX1464_V1___.jpg\">  <\/p>\n<p>                                              <img decoding=\"async\" alt=\"Blue Marine Bretania\" src=\"https:\/\/images-na.ssl-images-amazon.com\/images\/G\/01\/x-locale\/common\/grey-pixel.gif\" class=\"a-lazy-loaded\" data-src=\"https:\/\/m.media-amazon.com\/images\/S\/aplus-media-library-service-media\/c3da4514-0c93-44ea-acae-6a1254165b4d.__CR0,0,362,453_PT0_SX362_V1___.jpg\"><img decoding=\"async\" alt=\"Blue Marine Bretania\" src=\"https:\/\/m.media-amazon.com\/images\/S\/aplus-media-library-service-media\/c3da4514-0c93-44ea-acae-6a1254165b4d.__CR0,0,362,453_PT0_SX362_V1___.jpg\">  <\/p>\n<h3> BESTSELLER <\/h3>\n<p>                                              <img decoding=\"async\" alt=\"Professional massage therapy session with blue text in German advertising cosmetic services and equipment.\" src=\"https:\/\/images-na.ssl-images-amazon.com\/images\/G\/01\/x-locale\/common\/grey-pixel.gif\" class=\"a-lazy-loaded\" data-src=\"https:\/\/m.media-amazon.com\/images\/S\/aplus-media-library-service-media\/317d8e97-2b53-4ed0-b426-b3caac79e740.__CR0,0,362,453_PT0_SX362_V1___.jpg\"><img decoding=\"async\" alt=\"Professional massage therapy session with blue text in German advertising cosmetic services and equipment.\" src=\"https:\/\/m.media-amazon.com\/images\/S\/aplus-media-library-service-media\/317d8e97-2b53-4ed0-b426-b3caac79e740.__CR0,0,362,453_PT0_SX362_V1___.jpg\">  <\/p>\n<h3> PROFESSIONAL FORMATS <\/h3>\n<p>                                              <img decoding=\"async\" alt=\"Close-up of person applying cream under eye. Blue text &amp;#39;MUST HAVE&amp;#39; with leaf graphic at bottom.\" src=\"https:\/\/images-na.ssl-images-amazon.com\/images\/G\/01\/x-locale\/common\/grey-pixel.gif\" class=\"a-lazy-loaded\" data-src=\"https:\/\/m.media-amazon.com\/images\/S\/aplus-media-library-service-media\/f82a8827-7793-46bd-bae5-44f3eb9194e8.__CR0,0,362,453_PT0_SX362_V1___.jpg\"><img decoding=\"async\" alt=\"Close-up of person applying cream under eye. Blue text &amp;#39;MUST HAVE&amp;#39; with leaf graphic at bottom.\" src=\"https:\/\/m.media-amazon.com\/images\/S\/aplus-media-library-service-media\/f82a8827-7793-46bd-bae5-44f3eb9194e8.__CR0,0,362,453_PT0_SX362_V1___.jpg\">  <\/p>\n<h3> OUR FAVORITES <\/h3>\n<p>                                              <img decoding=\"async\" alt=\"\" src=\"https:\/\/images-na.ssl-images-amazon.com\/images\/G\/01\/x-locale\/common\/grey-pixel.gif\" class=\"a-lazy-loaded\" data-src=\"https:\/\/m.media-amazon.com\/images\/S\/aplus-media-library-service-media\/6c6130a4-b352-4549-9f06-1e09d34da47c.__CR0,0,315,145_PT0_SX315_V1___.jpg\"><img decoding=\"async\" alt=\"\" src=\"https:\/\/m.media-amazon.com\/images\/S\/aplus-media-library-service-media\/6c6130a4-b352-4549-9f06-1e09d34da47c.__CR0,0,315,145_PT0_SX315_V1___.jpg\">  <\/p>\n<p> The journey began in northwest France, where the founder of bleu &amp; marine Brittany grew up and took walks on the beach, amazed at the self-evident nature with which the locals collected algae to make their own food, skin care and health products. <\/p>\n<p>                                              <img decoding=\"async\" alt=\"Two circular certification logos on blue ocean background, with German text indicating vegan and organic certification status below.\" src=\"https:\/\/images-na.ssl-images-amazon.com\/images\/G\/01\/x-locale\/common\/grey-pixel.gif\" class=\"a-lazy-loaded\" data-src=\"https:\/\/m.media-amazon.com\/images\/S\/aplus-media-library-service-media\/14f225a6-2e22-47e3-9b5c-42dca04332c0.__CR0,0,362,453_PT0_SX362_V1___.jpg\"><img decoding=\"async\" alt=\"Two circular certification logos on blue ocean background, with German text indicating vegan and organic certification status below.\" src=\"https:\/\/m.media-amazon.com\/images\/S\/aplus-media-library-service-media\/14f225a6-2e22-47e3-9b5c-42dca04332c0.__CR0,0,362,453_PT0_SX362_V1___.jpg\">  <\/p>\n<p> Is Discontinued By Manufacturer                                            \u200f                                            :                                            \u200e                                            No   <br \/> Package Dimensions                                            \u200f                                            :                                            \u200e                                            17 x 5 x 4.7 cm; 240 g   <br \/> Manufacturer                                            \u200f                                            :                                            \u200e                                            Made in France   <br \/> ASIN                                            \u200f                                            :                                            \u200e                                            B01N2IP7BH   <br \/> Item model number                                            \u200f                                            :                                            \u200e                                            3701076201922   <br \/> Country of origin                                            \u200f                                            :                                            \u200e                                            France   <br \/>  Customer reviews:                                                                                            4.2               4.2 out of 5 stars                                  (56)                                              var dpAcrHasRegisteredArcLinkClickAction;                    P.when(&#8218;A&#8216;, &#8218;ready&#8216;).execute(function(A) {                        if (dpAcrHasRegisteredArcLinkClickAction !== true) {                            dpAcrHasRegisteredArcLinkClickAction = true;                            A.declarative(                                &#8218;acrLink-click-metrics&#8216;, &#8218;click&#8216;,                                { &#8222;allowLinkDefault&#8220;: true },                                function (event) {                                    if (window.ue) {                                        ue.count(&#8222;acrLinkClickCount&#8220;, (ue.count(&#8222;acrLinkClickCount&#8220;) || 0) + 1);                                    }                                }                            );                        }                    });                                             P.when(&#8218;A&#8216;, &#8218;cf&#8216;).execute(function(A) {                A.declarative(&#8218;acrStarsLink-click-metrics&#8216;, &#8218;click&#8216;, { &#8222;allowLinkDefault&#8220; : true },  function(event){                    if(window.ue) {                        ue.count(&#8222;acrStarsLinkWithPopoverClickCount&#8220;, (ue.count(&#8222;acrStarsLinkWithPopoverClickCount&#8220;) || 0) + 1);                    }                });            });                          <br \/>Propolis, an ally for skin problems, reduces acne, spots and scars and moisturises dry and sensitive skin. It reduces stains, stretch marks and scars on the skin (face and body). Soothes, moisturises and protects the skin after shaving, depilation and sun exposure (after sun).<br \/>Facial Cleanser, Repair Gel: Cleans oily skin, blackhead and acne skin. Makeup base to prevent inflammation and clogged pores. Makeup Remover Gel Vitamin C for Skin Relieve skin irritation, dryness and redness.<br \/>Moisturising cream for the skin or lips. Moisturising cream for the face. Moisturising source for all skin types and all ages (propolis children). Pure propolis ideal for after the sun, leaves the skin healthy and radiant. Natural body cream or organic face cream. In addition, Propolis naturally moisturises your lips.<br \/>Propolis, the natural secret for your hair. Intensively moisturises, reduces dandruff and relieves scalp irritation, for radiantly healthy hair. Mix it with your regular shampoo to get an anti-dandruff shampoo, a shampoo for oily hair or a sebum regulation shampoo.<br \/>Discover the power of propolis to relieve muscle pain. Its soothing and natural effect gives you instant relief, relief from muscle discomfort and fatigue, heaviness in the body. Relax muscles<\/p>\n\n","protected":false},"excerpt":{"rendered":"<p>From the brand BESTSELLER PROFESSIONAL FORMATS OUR FAVORITES The journey began in northwest France, where the founder of bleu &amp; marine Brittany grew up and took walks on the beach, amazed at the self-evident nature with which the locals collected algae to make their own food, skin care and health products. Is Discontinued By Manufacturer [&hellip;]<\/p>\n","protected":false},"featured_media":1794,"comment_status":"open","ping_status":"closed","template":"","meta":{"_aipt_faq_data":""},"store":[],"product_brand":[262],"product_cat":[66],"product_tag":[194],"class_list":{"0":"post-1793","1":"product","2":"type-product","3":"status-publish","4":"has-post-thumbnail","6":"product_brand-bleu-marine-bretania","7":"product_cat-propolis","8":"product_tag-propolis-salbe-gegen-haut","10":"first","11":"instock","12":"shipping-taxable","13":"product-type-external"},"yoast_head":"<!-- This site is optimized with the Yoast SEO plugin v27.4 - https:\/\/yoast.com\/product\/yoast-seo-wordpress\/ -->\n<title>Propolis Cicatrizing Gel Ointment 227 ml - Healing Balm - After-shave - Soothing gel &quot;insect bites&quot; - Body and facial care for problem skin - PureHiveHoney<\/title>\n<meta name=\"description\" content=\"Entdecken Sie hochwertigen Rohhonig, Bio Honig, Manuka Honig und nat\u00fcrliche Bienenprodukte. PureHiveHoney hilft Ihnen dabei, sorgf\u00e4ltig ausgew\u00e4hlte Honigsorten mit nat\u00fcrlicher Qualit\u00e4t und Reinheit zu entdecken.\" \/>\n<meta name=\"robots\" content=\"index, follow, max-snippet:-1, max-image-preview:large, max-video-preview:-1\" \/>\n<link rel=\"canonical\" href=\"https:\/\/purehivehoney.com\/de\/product\/propolis-cicatrizing-gel-ointment-227-ml-healing-balm-after-shave-soothing-gel-insect-bites-body-and-facial-care-for-problem-skin\/\" \/>\n<meta property=\"og:locale\" content=\"de_DE\" \/>\n<meta property=\"og:type\" content=\"article\" \/>\n<meta property=\"og:title\" content=\"Propolis Cicatrizing Gel Ointment 227 ml - Healing Balm - After-shave - Soothing gel &quot;insect bites&quot; - Body and facial care for problem skin - PureHiveHoney\" \/>\n<meta property=\"og:description\" content=\"Entdecken Sie hochwertigen Rohhonig, Bio Honig, Manuka Honig und nat\u00fcrliche Bienenprodukte. PureHiveHoney hilft Ihnen dabei, sorgf\u00e4ltig ausgew\u00e4hlte Honigsorten mit nat\u00fcrlicher Qualit\u00e4t und Reinheit zu entdecken.\" \/>\n<meta property=\"og:url\" content=\"https:\/\/purehivehoney.com\/de\/product\/propolis-cicatrizing-gel-ointment-227-ml-healing-balm-after-shave-soothing-gel-insect-bites-body-and-facial-care-for-problem-skin\/\" \/>\n<meta property=\"og:site_name\" content=\"PureHiveHoney\" \/>\n<meta property=\"article:modified_time\" content=\"2026-03-16T17:35:13+00:00\" \/>\n<meta property=\"og:image\" content=\"https:\/\/images-na.ssl-images-amazon.com\/images\/G\/01\/x-locale\/common\/grey-pixel.gif\" \/>\n<meta name=\"twitter:card\" content=\"summary_large_image\" \/>\n<meta name=\"twitter:label1\" content=\"Gesch\u00e4tzte Lesezeit\" \/>\n\t<meta name=\"twitter:data1\" content=\"2\u00a0Minuten\" \/>\n<script type=\"application\/ld+json\" class=\"yoast-schema-graph\">{\"@context\":\"https:\\\/\\\/schema.org\",\"@graph\":[{\"@type\":\"WebPage\",\"@id\":\"https:\\\/\\\/purehivehoney.com\\\/de\\\/product\\\/propolis-cicatrizing-gel-ointment-227-ml-healing-balm-after-shave-soothing-gel-insect-bites-body-and-facial-care-for-problem-skin\\\/\",\"url\":\"https:\\\/\\\/purehivehoney.com\\\/de\\\/product\\\/propolis-cicatrizing-gel-ointment-227-ml-healing-balm-after-shave-soothing-gel-insect-bites-body-and-facial-care-for-problem-skin\\\/\",\"name\":\"Propolis Cicatrizing Gel Ointment 227 ml - Healing Balm - After-shave - Soothing gel \\\"insect bites\\\" - Body and facial care for problem skin - PureHiveHoney\",\"isPartOf\":{\"@id\":\"https:\\\/\\\/purehivehoney.com\\\/de\\\/#website\"},\"primaryImageOfPage\":{\"@id\":\"https:\\\/\\\/purehivehoney.com\\\/de\\\/product\\\/propolis-cicatrizing-gel-ointment-227-ml-healing-balm-after-shave-soothing-gel-insect-bites-body-and-facial-care-for-problem-skin\\\/#primaryimage\"},\"image\":{\"@id\":\"https:\\\/\\\/purehivehoney.com\\\/de\\\/product\\\/propolis-cicatrizing-gel-ointment-227-ml-healing-balm-after-shave-soothing-gel-insect-bites-body-and-facial-care-for-problem-skin\\\/#primaryimage\"},\"thumbnailUrl\":\"https:\\\/\\\/purehivehoney.com\\\/de\\\/wp-content\\\/uploads\\\/2026\\\/03\\\/81A3bvp9UsL._SL1500_.jpg\",\"datePublished\":\"2026-03-16T17:34:47+00:00\",\"dateModified\":\"2026-03-16T17:35:13+00:00\",\"description\":\"Entdecken Sie hochwertigen Rohhonig, Bio Honig, Manuka Honig und nat\u00fcrliche Bienenprodukte. PureHiveHoney hilft Ihnen dabei, sorgf\u00e4ltig ausgew\u00e4hlte Honigsorten mit nat\u00fcrlicher Qualit\u00e4t und Reinheit zu entdecken.\",\"breadcrumb\":{\"@id\":\"https:\\\/\\\/purehivehoney.com\\\/de\\\/product\\\/propolis-cicatrizing-gel-ointment-227-ml-healing-balm-after-shave-soothing-gel-insect-bites-body-and-facial-care-for-problem-skin\\\/#breadcrumb\"},\"inLanguage\":\"de\",\"potentialAction\":[{\"@type\":\"ReadAction\",\"target\":[\"https:\\\/\\\/purehivehoney.com\\\/de\\\/product\\\/propolis-cicatrizing-gel-ointment-227-ml-healing-balm-after-shave-soothing-gel-insect-bites-body-and-facial-care-for-problem-skin\\\/\"]}]},{\"@type\":\"ImageObject\",\"inLanguage\":\"de\",\"@id\":\"https:\\\/\\\/purehivehoney.com\\\/de\\\/product\\\/propolis-cicatrizing-gel-ointment-227-ml-healing-balm-after-shave-soothing-gel-insect-bites-body-and-facial-care-for-problem-skin\\\/#primaryimage\",\"url\":\"https:\\\/\\\/purehivehoney.com\\\/de\\\/wp-content\\\/uploads\\\/2026\\\/03\\\/81A3bvp9UsL._SL1500_.jpg\",\"contentUrl\":\"https:\\\/\\\/purehivehoney.com\\\/de\\\/wp-content\\\/uploads\\\/2026\\\/03\\\/81A3bvp9UsL._SL1500_.jpg\",\"width\":1500,\"height\":1500},{\"@type\":\"BreadcrumbList\",\"@id\":\"https:\\\/\\\/purehivehoney.com\\\/de\\\/product\\\/propolis-cicatrizing-gel-ointment-227-ml-healing-balm-after-shave-soothing-gel-insect-bites-body-and-facial-care-for-problem-skin\\\/#breadcrumb\",\"itemListElement\":[{\"@type\":\"ListItem\",\"position\":1,\"name\":\"Home\",\"item\":\"https:\\\/\\\/purehivehoney.com\\\/de\\\/\"},{\"@type\":\"ListItem\",\"position\":2,\"name\":\"Shop\",\"item\":\"https:\\\/\\\/purehivehoney.com\\\/de\\\/shop\\\/\"},{\"@type\":\"ListItem\",\"position\":3,\"name\":\"Propolis Cicatrizing Gel Ointment 2...\"}]},{\"@type\":\"WebSite\",\"@id\":\"https:\\\/\\\/purehivehoney.com\\\/de\\\/#website\",\"url\":\"https:\\\/\\\/purehivehoney.com\\\/de\\\/\",\"name\":\"PureHiveHoney\",\"description\":\"Reiner Honig &amp; Bienenprodukte Online | Rohhonig, Bio Honig &amp; Spezialhonig\",\"publisher\":{\"@id\":\"https:\\\/\\\/purehivehoney.com\\\/de\\\/#organization\"},\"potentialAction\":[{\"@type\":\"SearchAction\",\"target\":{\"@type\":\"EntryPoint\",\"urlTemplate\":\"https:\\\/\\\/purehivehoney.com\\\/de\\\/?s={search_term_string}\"},\"query-input\":{\"@type\":\"PropertyValueSpecification\",\"valueRequired\":true,\"valueName\":\"search_term_string\"}}],\"inLanguage\":\"de\"},{\"@type\":\"Organization\",\"@id\":\"https:\\\/\\\/purehivehoney.com\\\/de\\\/#organization\",\"name\":\"PureHiveHoney\",\"url\":\"https:\\\/\\\/purehivehoney.com\\\/de\\\/\",\"logo\":{\"@type\":\"ImageObject\",\"inLanguage\":\"de\",\"@id\":\"https:\\\/\\\/purehivehoney.com\\\/de\\\/#\\\/schema\\\/logo\\\/image\\\/\",\"url\":\"https:\\\/\\\/purehivehoney.com\\\/de\\\/wp-content\\\/uploads\\\/2026\\\/03\\\/Screenshot-2026-03-16-at-1.06.01-AM.png\",\"contentUrl\":\"https:\\\/\\\/purehivehoney.com\\\/de\\\/wp-content\\\/uploads\\\/2026\\\/03\\\/Screenshot-2026-03-16-at-1.06.01-AM.png\",\"width\":2112,\"height\":1086,\"caption\":\"PureHiveHoney\"},\"image\":{\"@id\":\"https:\\\/\\\/purehivehoney.com\\\/de\\\/#\\\/schema\\\/logo\\\/image\\\/\"}}]}<\/script>\n<!-- \/ Yoast SEO plugin. -->","yoast_head_json":{"title":"Propolis Cicatrizing Gel Ointment 227 ml - Healing Balm - After-shave - Soothing gel \"insect bites\" - Body and facial care for problem skin - PureHiveHoney","description":"Entdecken Sie hochwertigen Rohhonig, Bio Honig, Manuka Honig und nat\u00fcrliche Bienenprodukte. PureHiveHoney hilft Ihnen dabei, sorgf\u00e4ltig ausgew\u00e4hlte Honigsorten mit nat\u00fcrlicher Qualit\u00e4t und Reinheit zu entdecken.","robots":{"index":"index","follow":"follow","max-snippet":"max-snippet:-1","max-image-preview":"max-image-preview:large","max-video-preview":"max-video-preview:-1"},"canonical":"https:\/\/purehivehoney.com\/de\/product\/propolis-cicatrizing-gel-ointment-227-ml-healing-balm-after-shave-soothing-gel-insect-bites-body-and-facial-care-for-problem-skin\/","og_locale":"de_DE","og_type":"article","og_title":"Propolis Cicatrizing Gel Ointment 227 ml - Healing Balm - After-shave - Soothing gel \"insect bites\" - Body and facial care for problem skin - PureHiveHoney","og_description":"Entdecken Sie hochwertigen Rohhonig, Bio Honig, Manuka Honig und nat\u00fcrliche Bienenprodukte. PureHiveHoney hilft Ihnen dabei, sorgf\u00e4ltig ausgew\u00e4hlte Honigsorten mit nat\u00fcrlicher Qualit\u00e4t und Reinheit zu entdecken.","og_url":"https:\/\/purehivehoney.com\/de\/product\/propolis-cicatrizing-gel-ointment-227-ml-healing-balm-after-shave-soothing-gel-insect-bites-body-and-facial-care-for-problem-skin\/","og_site_name":"PureHiveHoney","article_modified_time":"2026-03-16T17:35:13+00:00","og_image":[{"url":"https:\/\/images-na.ssl-images-amazon.com\/images\/G\/01\/x-locale\/common\/grey-pixel.gif","type":"","width":"","height":""}],"twitter_card":"summary_large_image","twitter_misc":{"Gesch\u00e4tzte Lesezeit":"2\u00a0Minuten"},"schema":{"@context":"https:\/\/schema.org","@graph":[{"@type":"WebPage","@id":"https:\/\/purehivehoney.com\/de\/product\/propolis-cicatrizing-gel-ointment-227-ml-healing-balm-after-shave-soothing-gel-insect-bites-body-and-facial-care-for-problem-skin\/","url":"https:\/\/purehivehoney.com\/de\/product\/propolis-cicatrizing-gel-ointment-227-ml-healing-balm-after-shave-soothing-gel-insect-bites-body-and-facial-care-for-problem-skin\/","name":"Propolis Cicatrizing Gel Ointment 227 ml - Healing Balm - After-shave - Soothing gel \"insect bites\" - Body and facial care for problem skin - PureHiveHoney","isPartOf":{"@id":"https:\/\/purehivehoney.com\/de\/#website"},"primaryImageOfPage":{"@id":"https:\/\/purehivehoney.com\/de\/product\/propolis-cicatrizing-gel-ointment-227-ml-healing-balm-after-shave-soothing-gel-insect-bites-body-and-facial-care-for-problem-skin\/#primaryimage"},"image":{"@id":"https:\/\/purehivehoney.com\/de\/product\/propolis-cicatrizing-gel-ointment-227-ml-healing-balm-after-shave-soothing-gel-insect-bites-body-and-facial-care-for-problem-skin\/#primaryimage"},"thumbnailUrl":"https:\/\/purehivehoney.com\/de\/wp-content\/uploads\/2026\/03\/81A3bvp9UsL._SL1500_.jpg","datePublished":"2026-03-16T17:34:47+00:00","dateModified":"2026-03-16T17:35:13+00:00","description":"Entdecken Sie hochwertigen Rohhonig, Bio Honig, Manuka Honig und nat\u00fcrliche Bienenprodukte. PureHiveHoney hilft Ihnen dabei, sorgf\u00e4ltig ausgew\u00e4hlte Honigsorten mit nat\u00fcrlicher Qualit\u00e4t und Reinheit zu entdecken.","breadcrumb":{"@id":"https:\/\/purehivehoney.com\/de\/product\/propolis-cicatrizing-gel-ointment-227-ml-healing-balm-after-shave-soothing-gel-insect-bites-body-and-facial-care-for-problem-skin\/#breadcrumb"},"inLanguage":"de","potentialAction":[{"@type":"ReadAction","target":["https:\/\/purehivehoney.com\/de\/product\/propolis-cicatrizing-gel-ointment-227-ml-healing-balm-after-shave-soothing-gel-insect-bites-body-and-facial-care-for-problem-skin\/"]}]},{"@type":"ImageObject","inLanguage":"de","@id":"https:\/\/purehivehoney.com\/de\/product\/propolis-cicatrizing-gel-ointment-227-ml-healing-balm-after-shave-soothing-gel-insect-bites-body-and-facial-care-for-problem-skin\/#primaryimage","url":"https:\/\/purehivehoney.com\/de\/wp-content\/uploads\/2026\/03\/81A3bvp9UsL._SL1500_.jpg","contentUrl":"https:\/\/purehivehoney.com\/de\/wp-content\/uploads\/2026\/03\/81A3bvp9UsL._SL1500_.jpg","width":1500,"height":1500},{"@type":"BreadcrumbList","@id":"https:\/\/purehivehoney.com\/de\/product\/propolis-cicatrizing-gel-ointment-227-ml-healing-balm-after-shave-soothing-gel-insect-bites-body-and-facial-care-for-problem-skin\/#breadcrumb","itemListElement":[{"@type":"ListItem","position":1,"name":"Home","item":"https:\/\/purehivehoney.com\/de\/"},{"@type":"ListItem","position":2,"name":"Shop","item":"https:\/\/purehivehoney.com\/de\/shop\/"},{"@type":"ListItem","position":3,"name":"Propolis Cicatrizing Gel Ointment 2..."}]},{"@type":"WebSite","@id":"https:\/\/purehivehoney.com\/de\/#website","url":"https:\/\/purehivehoney.com\/de\/","name":"PureHiveHoney","description":"Reiner Honig &amp; Bienenprodukte Online | Rohhonig, Bio Honig &amp; Spezialhonig","publisher":{"@id":"https:\/\/purehivehoney.com\/de\/#organization"},"potentialAction":[{"@type":"SearchAction","target":{"@type":"EntryPoint","urlTemplate":"https:\/\/purehivehoney.com\/de\/?s={search_term_string}"},"query-input":{"@type":"PropertyValueSpecification","valueRequired":true,"valueName":"search_term_string"}}],"inLanguage":"de"},{"@type":"Organization","@id":"https:\/\/purehivehoney.com\/de\/#organization","name":"PureHiveHoney","url":"https:\/\/purehivehoney.com\/de\/","logo":{"@type":"ImageObject","inLanguage":"de","@id":"https:\/\/purehivehoney.com\/de\/#\/schema\/logo\/image\/","url":"https:\/\/purehivehoney.com\/de\/wp-content\/uploads\/2026\/03\/Screenshot-2026-03-16-at-1.06.01-AM.png","contentUrl":"https:\/\/purehivehoney.com\/de\/wp-content\/uploads\/2026\/03\/Screenshot-2026-03-16-at-1.06.01-AM.png","width":2112,"height":1086,"caption":"PureHiveHoney"},"image":{"@id":"https:\/\/purehivehoney.com\/de\/#\/schema\/logo\/image\/"}}]}},"_links":{"self":[{"href":"https:\/\/purehivehoney.com\/de\/wp-json\/wp\/v2\/product\/1793","targetHints":{"allow":["GET"]}}],"collection":[{"href":"https:\/\/purehivehoney.com\/de\/wp-json\/wp\/v2\/product"}],"about":[{"href":"https:\/\/purehivehoney.com\/de\/wp-json\/wp\/v2\/types\/product"}],"replies":[{"embeddable":true,"href":"https:\/\/purehivehoney.com\/de\/wp-json\/wp\/v2\/comments?post=1793"}],"wp:featuredmedia":[{"embeddable":true,"href":"https:\/\/purehivehoney.com\/de\/wp-json\/wp\/v2\/media\/1794"}],"wp:attachment":[{"href":"https:\/\/purehivehoney.com\/de\/wp-json\/wp\/v2\/media?parent=1793"}],"wp:term":[{"taxonomy":"store","embeddable":true,"href":"https:\/\/purehivehoney.com\/de\/wp-json\/wp\/v2\/store?post=1793"},{"taxonomy":"product_brand","embeddable":true,"href":"https:\/\/purehivehoney.com\/de\/wp-json\/wp\/v2\/product_brand?post=1793"},{"taxonomy":"product_cat","embeddable":true,"href":"https:\/\/purehivehoney.com\/de\/wp-json\/wp\/v2\/product_cat?post=1793"},{"taxonomy":"product_tag","embeddable":true,"href":"https:\/\/purehivehoney.com\/de\/wp-json\/wp\/v2\/product_tag?post=1793"}],"curies":[{"name":"wp","href":"https:\/\/api.w.org\/{rel}","templated":true}]}}