{"id":1790,"date":"2026-03-16T17:32:26","date_gmt":"2026-03-16T17:32:26","guid":{"rendered":"https:\/\/purehivehoney.com\/de\/product\/glorex-6-8603-401-soy-wax-mix-1000-g-ready-to-use-wax-mix-burns-warm-white-good-burning-quality-melting-point-54c-for-candle-making\/"},"modified":"2026-03-16T17:32:31","modified_gmt":"2026-03-16T17:32:31","slug":"glorex-6-8603-401-soy-wax-mix-1000-g-ready-to-use-wax-mix-burns-warm-white-good-burning-quality-melting-point-54c-for-candle-making","status":"publish","type":"product","link":"https:\/\/purehivehoney.com\/de\/product\/glorex-6-8603-401-soy-wax-mix-1000-g-ready-to-use-wax-mix-burns-warm-white-good-burning-quality-melting-point-54c-for-candle-making\/","title":{"rendered":"GLOREX 6 8603 401 Soy Wax Mix, 1000..."},"content":{"rendered":"<p>                 From the manufacturer              <\/p>\n<p>                                                                             <img decoding=\"async\" alt=\"glorex_kerze_gie\u00df_resin\" src=\"https:\/\/images-na.ssl-images-amazon.com\/images\/G\/01\/x-locale\/common\/grey-pixel.gif\" class=\"a-spacing-base a-lazy-loaded\" data-src=\"https:\/\/m.media-amazon.com\/images\/S\/aplus-media-library-service-media\/503a0fc3-21da-4823-b0a5-8f72634f22b4.__CR13,0,1746,1080_PT0_SX970_V1___.jpg\"><img decoding=\"async\" alt=\"glorex_kerze_gie\u00df_resin\" src=\"https:\/\/m.media-amazon.com\/images\/S\/aplus-media-library-service-media\/503a0fc3-21da-4823-b0a5-8f72634f22b4.__CR13,0,1746,1080_PT0_SX970_V1___.jpg\">                                         <\/p>\n<h3 class=\"a-spacing-mini\"> Bastelspa\u00df mit GLOREX &#8211; Alles zum Basteln <\/h3>\n<p class=\"a-spacing-base\"> Die Marke Glorex bietet Ihnen eine sehr gro\u00dfe Auswahl an hochwertigen Bastel- und Bastelmaterialien. <\/p>\n<p class=\"a-spacing-base\"> Hier finden Sie alle kreativen Materialien f\u00fcr Ihr Handwerk, von Grundartikeln, Produkten zum Formen, Modellieren, Kerzenherstellen, Seifenguss, Naturkosmetik, Kurzwaren, Floristik und Dekoration, Schmuck und Accessoires, Basteln f\u00fcr Kinder, Komplett-Sets und Geschenkboxen. <\/p>\n<p class=\"a-spacing-base\"> Gestalten Sie Ihre Heimdekoration mit den Materialien von GLOREX. <\/p>\n<p class=\"a-spacing-base\"> Auf unserer Website finden Sie interessante Themenseiten, viele Gestaltungsideen, Video- und Download-Tutorials sowie Bastel-Tipps. <\/p>\n<p class=\"a-spacing-base\"> Lassen Sie sich von der Vielfalt unseres Sortiments inspirieren, bei Glorex finden Sie alles, was Sie f\u00fcr Ihre Kreativit\u00e4t ben\u00f6tigen. <\/p>\n<p>Colourless wax blend of 20% soy wax and 80% paraffin<br \/>Can be refined with wax pigments or fragrance oils<br \/>Features a warm white candle color<br \/>Ready-to-use wax mix, contents: 1 kg<br \/>Long lasting candle wax compound, melting point: 54\u00b0C<\/p>\n\n","protected":false},"excerpt":{"rendered":"<p>From the manufacturer Bastelspa\u00df mit GLOREX &#8211; Alles zum Basteln Die Marke Glorex bietet Ihnen eine sehr gro\u00dfe Auswahl an hochwertigen Bastel- und Bastelmaterialien. Hier finden Sie alle kreativen Materialien f\u00fcr Ihr Handwerk, von Grundartikeln, Produkten zum Formen, Modellieren, Kerzenherstellen, Seifenguss, Naturkosmetik, Kurzwaren, Floristik und Dekoration, Schmuck und Accessoires, Basteln f\u00fcr Kinder, Komplett-Sets und Geschenkboxen. [&hellip;]<\/p>\n","protected":false},"featured_media":1791,"comment_status":"open","ping_status":"closed","template":"","meta":{"_aipt_faq_data":""},"store":[],"product_brand":[],"product_cat":[67],"product_tag":[93],"class_list":{"0":"post-1790","1":"product","2":"type-product","3":"status-publish","4":"has-post-thumbnail","6":"product_cat-bienenwachs","7":"product_tag-bienenwachs-kerzen-selber-machen","9":"first","10":"instock","11":"shipping-taxable","12":"product-type-external"},"yoast_head":"<!-- This site is optimized with the Yoast SEO plugin v27.4 - https:\/\/yoast.com\/product\/yoast-seo-wordpress\/ -->\n<title>GLOREX 6 8603 401 Soy Wax Mix, 1000 g, Ready-to-Use Wax Mix, Burns Warm White, Good Burning Quality, Melting Point 54\u00b0C, for Candle Making - PureHiveHoney<\/title>\n<meta name=\"description\" content=\"Entdecken Sie hochwertigen Rohhonig, Bio Honig, Manuka Honig und nat\u00fcrliche Bienenprodukte. PureHiveHoney hilft Ihnen dabei, sorgf\u00e4ltig ausgew\u00e4hlte Honigsorten mit nat\u00fcrlicher Qualit\u00e4t und Reinheit zu entdecken.\" \/>\n<meta name=\"robots\" content=\"index, follow, max-snippet:-1, max-image-preview:large, max-video-preview:-1\" \/>\n<link rel=\"canonical\" href=\"https:\/\/purehivehoney.com\/de\/product\/glorex-6-8603-401-soy-wax-mix-1000-g-ready-to-use-wax-mix-burns-warm-white-good-burning-quality-melting-point-54c-for-candle-making\/\" \/>\n<meta property=\"og:locale\" content=\"de_DE\" \/>\n<meta property=\"og:type\" content=\"article\" \/>\n<meta property=\"og:title\" content=\"GLOREX 6 8603 401 Soy Wax Mix, 1000 g, Ready-to-Use Wax Mix, Burns Warm White, Good Burning Quality, Melting Point 54\u00b0C, for Candle Making - PureHiveHoney\" \/>\n<meta property=\"og:description\" content=\"Entdecken Sie hochwertigen Rohhonig, Bio Honig, Manuka Honig und nat\u00fcrliche Bienenprodukte. PureHiveHoney hilft Ihnen dabei, sorgf\u00e4ltig ausgew\u00e4hlte Honigsorten mit nat\u00fcrlicher Qualit\u00e4t und Reinheit zu entdecken.\" \/>\n<meta property=\"og:url\" content=\"https:\/\/purehivehoney.com\/de\/product\/glorex-6-8603-401-soy-wax-mix-1000-g-ready-to-use-wax-mix-burns-warm-white-good-burning-quality-melting-point-54c-for-candle-making\/\" \/>\n<meta property=\"og:site_name\" content=\"PureHiveHoney\" \/>\n<meta property=\"article:modified_time\" content=\"2026-03-16T17:32:31+00:00\" \/>\n<meta property=\"og:image\" content=\"https:\/\/images-na.ssl-images-amazon.com\/images\/G\/01\/x-locale\/common\/grey-pixel.gif\" \/>\n<meta name=\"twitter:card\" content=\"summary_large_image\" \/>\n<meta name=\"twitter:label1\" content=\"Gesch\u00e4tzte Lesezeit\" \/>\n\t<meta name=\"twitter:data1\" content=\"1\u00a0Minute\" \/>\n<script type=\"application\/ld+json\" class=\"yoast-schema-graph\">{\"@context\":\"https:\\\/\\\/schema.org\",\"@graph\":[{\"@type\":\"WebPage\",\"@id\":\"https:\\\/\\\/purehivehoney.com\\\/de\\\/product\\\/glorex-6-8603-401-soy-wax-mix-1000-g-ready-to-use-wax-mix-burns-warm-white-good-burning-quality-melting-point-54c-for-candle-making\\\/\",\"url\":\"https:\\\/\\\/purehivehoney.com\\\/de\\\/product\\\/glorex-6-8603-401-soy-wax-mix-1000-g-ready-to-use-wax-mix-burns-warm-white-good-burning-quality-melting-point-54c-for-candle-making\\\/\",\"name\":\"GLOREX 6 8603 401 Soy Wax Mix, 1000 g, Ready-to-Use Wax Mix, Burns Warm White, Good Burning Quality, Melting Point 54\u00b0C, for Candle Making - PureHiveHoney\",\"isPartOf\":{\"@id\":\"https:\\\/\\\/purehivehoney.com\\\/de\\\/#website\"},\"primaryImageOfPage\":{\"@id\":\"https:\\\/\\\/purehivehoney.com\\\/de\\\/product\\\/glorex-6-8603-401-soy-wax-mix-1000-g-ready-to-use-wax-mix-burns-warm-white-good-burning-quality-melting-point-54c-for-candle-making\\\/#primaryimage\"},\"image\":{\"@id\":\"https:\\\/\\\/purehivehoney.com\\\/de\\\/product\\\/glorex-6-8603-401-soy-wax-mix-1000-g-ready-to-use-wax-mix-burns-warm-white-good-burning-quality-melting-point-54c-for-candle-making\\\/#primaryimage\"},\"thumbnailUrl\":\"https:\\\/\\\/purehivehoney.com\\\/de\\\/wp-content\\\/uploads\\\/2026\\\/03\\\/618YiMCvJCL._AC_SL1440_.jpg\",\"datePublished\":\"2026-03-16T17:32:26+00:00\",\"dateModified\":\"2026-03-16T17:32:31+00:00\",\"description\":\"Entdecken Sie hochwertigen Rohhonig, Bio Honig, Manuka Honig und nat\u00fcrliche Bienenprodukte. PureHiveHoney hilft Ihnen dabei, sorgf\u00e4ltig ausgew\u00e4hlte Honigsorten mit nat\u00fcrlicher Qualit\u00e4t und Reinheit zu entdecken.\",\"breadcrumb\":{\"@id\":\"https:\\\/\\\/purehivehoney.com\\\/de\\\/product\\\/glorex-6-8603-401-soy-wax-mix-1000-g-ready-to-use-wax-mix-burns-warm-white-good-burning-quality-melting-point-54c-for-candle-making\\\/#breadcrumb\"},\"inLanguage\":\"de\",\"potentialAction\":[{\"@type\":\"ReadAction\",\"target\":[\"https:\\\/\\\/purehivehoney.com\\\/de\\\/product\\\/glorex-6-8603-401-soy-wax-mix-1000-g-ready-to-use-wax-mix-burns-warm-white-good-burning-quality-melting-point-54c-for-candle-making\\\/\"]}]},{\"@type\":\"ImageObject\",\"inLanguage\":\"de\",\"@id\":\"https:\\\/\\\/purehivehoney.com\\\/de\\\/product\\\/glorex-6-8603-401-soy-wax-mix-1000-g-ready-to-use-wax-mix-burns-warm-white-good-burning-quality-melting-point-54c-for-candle-making\\\/#primaryimage\",\"url\":\"https:\\\/\\\/purehivehoney.com\\\/de\\\/wp-content\\\/uploads\\\/2026\\\/03\\\/618YiMCvJCL._AC_SL1440_.jpg\",\"contentUrl\":\"https:\\\/\\\/purehivehoney.com\\\/de\\\/wp-content\\\/uploads\\\/2026\\\/03\\\/618YiMCvJCL._AC_SL1440_.jpg\",\"width\":887,\"height\":1005},{\"@type\":\"BreadcrumbList\",\"@id\":\"https:\\\/\\\/purehivehoney.com\\\/de\\\/product\\\/glorex-6-8603-401-soy-wax-mix-1000-g-ready-to-use-wax-mix-burns-warm-white-good-burning-quality-melting-point-54c-for-candle-making\\\/#breadcrumb\",\"itemListElement\":[{\"@type\":\"ListItem\",\"position\":1,\"name\":\"Home\",\"item\":\"https:\\\/\\\/purehivehoney.com\\\/de\\\/\"},{\"@type\":\"ListItem\",\"position\":2,\"name\":\"Shop\",\"item\":\"https:\\\/\\\/purehivehoney.com\\\/de\\\/shop\\\/\"},{\"@type\":\"ListItem\",\"position\":3,\"name\":\"GLOREX 6 8603 401 Soy Wax Mix, 1000...\"}]},{\"@type\":\"WebSite\",\"@id\":\"https:\\\/\\\/purehivehoney.com\\\/de\\\/#website\",\"url\":\"https:\\\/\\\/purehivehoney.com\\\/de\\\/\",\"name\":\"PureHiveHoney\",\"description\":\"Reiner Honig &amp; Bienenprodukte Online | Rohhonig, Bio Honig &amp; Spezialhonig\",\"publisher\":{\"@id\":\"https:\\\/\\\/purehivehoney.com\\\/de\\\/#organization\"},\"potentialAction\":[{\"@type\":\"SearchAction\",\"target\":{\"@type\":\"EntryPoint\",\"urlTemplate\":\"https:\\\/\\\/purehivehoney.com\\\/de\\\/?s={search_term_string}\"},\"query-input\":{\"@type\":\"PropertyValueSpecification\",\"valueRequired\":true,\"valueName\":\"search_term_string\"}}],\"inLanguage\":\"de\"},{\"@type\":\"Organization\",\"@id\":\"https:\\\/\\\/purehivehoney.com\\\/de\\\/#organization\",\"name\":\"PureHiveHoney\",\"url\":\"https:\\\/\\\/purehivehoney.com\\\/de\\\/\",\"logo\":{\"@type\":\"ImageObject\",\"inLanguage\":\"de\",\"@id\":\"https:\\\/\\\/purehivehoney.com\\\/de\\\/#\\\/schema\\\/logo\\\/image\\\/\",\"url\":\"https:\\\/\\\/purehivehoney.com\\\/de\\\/wp-content\\\/uploads\\\/2026\\\/03\\\/Screenshot-2026-03-16-at-1.06.01-AM.png\",\"contentUrl\":\"https:\\\/\\\/purehivehoney.com\\\/de\\\/wp-content\\\/uploads\\\/2026\\\/03\\\/Screenshot-2026-03-16-at-1.06.01-AM.png\",\"width\":2112,\"height\":1086,\"caption\":\"PureHiveHoney\"},\"image\":{\"@id\":\"https:\\\/\\\/purehivehoney.com\\\/de\\\/#\\\/schema\\\/logo\\\/image\\\/\"}}]}<\/script>\n<!-- \/ Yoast SEO plugin. -->","yoast_head_json":{"title":"GLOREX 6 8603 401 Soy Wax Mix, 1000 g, Ready-to-Use Wax Mix, Burns Warm White, Good Burning Quality, Melting Point 54\u00b0C, for Candle Making - PureHiveHoney","description":"Entdecken Sie hochwertigen Rohhonig, Bio Honig, Manuka Honig und nat\u00fcrliche Bienenprodukte. PureHiveHoney hilft Ihnen dabei, sorgf\u00e4ltig ausgew\u00e4hlte Honigsorten mit nat\u00fcrlicher Qualit\u00e4t und Reinheit zu entdecken.","robots":{"index":"index","follow":"follow","max-snippet":"max-snippet:-1","max-image-preview":"max-image-preview:large","max-video-preview":"max-video-preview:-1"},"canonical":"https:\/\/purehivehoney.com\/de\/product\/glorex-6-8603-401-soy-wax-mix-1000-g-ready-to-use-wax-mix-burns-warm-white-good-burning-quality-melting-point-54c-for-candle-making\/","og_locale":"de_DE","og_type":"article","og_title":"GLOREX 6 8603 401 Soy Wax Mix, 1000 g, Ready-to-Use Wax Mix, Burns Warm White, Good Burning Quality, Melting Point 54\u00b0C, for Candle Making - PureHiveHoney","og_description":"Entdecken Sie hochwertigen Rohhonig, Bio Honig, Manuka Honig und nat\u00fcrliche Bienenprodukte. PureHiveHoney hilft Ihnen dabei, sorgf\u00e4ltig ausgew\u00e4hlte Honigsorten mit nat\u00fcrlicher Qualit\u00e4t und Reinheit zu entdecken.","og_url":"https:\/\/purehivehoney.com\/de\/product\/glorex-6-8603-401-soy-wax-mix-1000-g-ready-to-use-wax-mix-burns-warm-white-good-burning-quality-melting-point-54c-for-candle-making\/","og_site_name":"PureHiveHoney","article_modified_time":"2026-03-16T17:32:31+00:00","og_image":[{"url":"https:\/\/images-na.ssl-images-amazon.com\/images\/G\/01\/x-locale\/common\/grey-pixel.gif","type":"","width":"","height":""}],"twitter_card":"summary_large_image","twitter_misc":{"Gesch\u00e4tzte Lesezeit":"1\u00a0Minute"},"schema":{"@context":"https:\/\/schema.org","@graph":[{"@type":"WebPage","@id":"https:\/\/purehivehoney.com\/de\/product\/glorex-6-8603-401-soy-wax-mix-1000-g-ready-to-use-wax-mix-burns-warm-white-good-burning-quality-melting-point-54c-for-candle-making\/","url":"https:\/\/purehivehoney.com\/de\/product\/glorex-6-8603-401-soy-wax-mix-1000-g-ready-to-use-wax-mix-burns-warm-white-good-burning-quality-melting-point-54c-for-candle-making\/","name":"GLOREX 6 8603 401 Soy Wax Mix, 1000 g, Ready-to-Use Wax Mix, Burns Warm White, Good Burning Quality, Melting Point 54\u00b0C, for Candle Making - PureHiveHoney","isPartOf":{"@id":"https:\/\/purehivehoney.com\/de\/#website"},"primaryImageOfPage":{"@id":"https:\/\/purehivehoney.com\/de\/product\/glorex-6-8603-401-soy-wax-mix-1000-g-ready-to-use-wax-mix-burns-warm-white-good-burning-quality-melting-point-54c-for-candle-making\/#primaryimage"},"image":{"@id":"https:\/\/purehivehoney.com\/de\/product\/glorex-6-8603-401-soy-wax-mix-1000-g-ready-to-use-wax-mix-burns-warm-white-good-burning-quality-melting-point-54c-for-candle-making\/#primaryimage"},"thumbnailUrl":"https:\/\/purehivehoney.com\/de\/wp-content\/uploads\/2026\/03\/618YiMCvJCL._AC_SL1440_.jpg","datePublished":"2026-03-16T17:32:26+00:00","dateModified":"2026-03-16T17:32:31+00:00","description":"Entdecken Sie hochwertigen Rohhonig, Bio Honig, Manuka Honig und nat\u00fcrliche Bienenprodukte. PureHiveHoney hilft Ihnen dabei, sorgf\u00e4ltig ausgew\u00e4hlte Honigsorten mit nat\u00fcrlicher Qualit\u00e4t und Reinheit zu entdecken.","breadcrumb":{"@id":"https:\/\/purehivehoney.com\/de\/product\/glorex-6-8603-401-soy-wax-mix-1000-g-ready-to-use-wax-mix-burns-warm-white-good-burning-quality-melting-point-54c-for-candle-making\/#breadcrumb"},"inLanguage":"de","potentialAction":[{"@type":"ReadAction","target":["https:\/\/purehivehoney.com\/de\/product\/glorex-6-8603-401-soy-wax-mix-1000-g-ready-to-use-wax-mix-burns-warm-white-good-burning-quality-melting-point-54c-for-candle-making\/"]}]},{"@type":"ImageObject","inLanguage":"de","@id":"https:\/\/purehivehoney.com\/de\/product\/glorex-6-8603-401-soy-wax-mix-1000-g-ready-to-use-wax-mix-burns-warm-white-good-burning-quality-melting-point-54c-for-candle-making\/#primaryimage","url":"https:\/\/purehivehoney.com\/de\/wp-content\/uploads\/2026\/03\/618YiMCvJCL._AC_SL1440_.jpg","contentUrl":"https:\/\/purehivehoney.com\/de\/wp-content\/uploads\/2026\/03\/618YiMCvJCL._AC_SL1440_.jpg","width":887,"height":1005},{"@type":"BreadcrumbList","@id":"https:\/\/purehivehoney.com\/de\/product\/glorex-6-8603-401-soy-wax-mix-1000-g-ready-to-use-wax-mix-burns-warm-white-good-burning-quality-melting-point-54c-for-candle-making\/#breadcrumb","itemListElement":[{"@type":"ListItem","position":1,"name":"Home","item":"https:\/\/purehivehoney.com\/de\/"},{"@type":"ListItem","position":2,"name":"Shop","item":"https:\/\/purehivehoney.com\/de\/shop\/"},{"@type":"ListItem","position":3,"name":"GLOREX 6 8603 401 Soy Wax Mix, 1000..."}]},{"@type":"WebSite","@id":"https:\/\/purehivehoney.com\/de\/#website","url":"https:\/\/purehivehoney.com\/de\/","name":"PureHiveHoney","description":"Reiner Honig &amp; Bienenprodukte Online | Rohhonig, Bio Honig &amp; Spezialhonig","publisher":{"@id":"https:\/\/purehivehoney.com\/de\/#organization"},"potentialAction":[{"@type":"SearchAction","target":{"@type":"EntryPoint","urlTemplate":"https:\/\/purehivehoney.com\/de\/?s={search_term_string}"},"query-input":{"@type":"PropertyValueSpecification","valueRequired":true,"valueName":"search_term_string"}}],"inLanguage":"de"},{"@type":"Organization","@id":"https:\/\/purehivehoney.com\/de\/#organization","name":"PureHiveHoney","url":"https:\/\/purehivehoney.com\/de\/","logo":{"@type":"ImageObject","inLanguage":"de","@id":"https:\/\/purehivehoney.com\/de\/#\/schema\/logo\/image\/","url":"https:\/\/purehivehoney.com\/de\/wp-content\/uploads\/2026\/03\/Screenshot-2026-03-16-at-1.06.01-AM.png","contentUrl":"https:\/\/purehivehoney.com\/de\/wp-content\/uploads\/2026\/03\/Screenshot-2026-03-16-at-1.06.01-AM.png","width":2112,"height":1086,"caption":"PureHiveHoney"},"image":{"@id":"https:\/\/purehivehoney.com\/de\/#\/schema\/logo\/image\/"}}]}},"_links":{"self":[{"href":"https:\/\/purehivehoney.com\/de\/wp-json\/wp\/v2\/product\/1790","targetHints":{"allow":["GET"]}}],"collection":[{"href":"https:\/\/purehivehoney.com\/de\/wp-json\/wp\/v2\/product"}],"about":[{"href":"https:\/\/purehivehoney.com\/de\/wp-json\/wp\/v2\/types\/product"}],"replies":[{"embeddable":true,"href":"https:\/\/purehivehoney.com\/de\/wp-json\/wp\/v2\/comments?post=1790"}],"wp:featuredmedia":[{"embeddable":true,"href":"https:\/\/purehivehoney.com\/de\/wp-json\/wp\/v2\/media\/1791"}],"wp:attachment":[{"href":"https:\/\/purehivehoney.com\/de\/wp-json\/wp\/v2\/media?parent=1790"}],"wp:term":[{"taxonomy":"store","embeddable":true,"href":"https:\/\/purehivehoney.com\/de\/wp-json\/wp\/v2\/store?post=1790"},{"taxonomy":"product_brand","embeddable":true,"href":"https:\/\/purehivehoney.com\/de\/wp-json\/wp\/v2\/product_brand?post=1790"},{"taxonomy":"product_cat","embeddable":true,"href":"https:\/\/purehivehoney.com\/de\/wp-json\/wp\/v2\/product_cat?post=1790"},{"taxonomy":"product_tag","embeddable":true,"href":"https:\/\/purehivehoney.com\/de\/wp-json\/wp\/v2\/product_tag?post=1790"}],"curies":[{"name":"wp","href":"https:\/\/api.w.org\/{rel}","templated":true}]}}