{"id":1783,"date":"2026-03-16T16:25:51","date_gmt":"2026-03-16T16:25:51","guid":{"rendered":"https:\/\/purehivehoney.com\/de\/product\/pack-of-30-honey-spoons-wooden-honey-spoon-honey-spiral-honey-stick-8-cm-for-mixing-stick-collecting-honey-syrup-molasses-coffee-milk\/"},"modified":"2026-03-16T16:26:04","modified_gmt":"2026-03-16T16:26:04","slug":"pack-of-30-honey-spoons-wooden-honey-spoon-honey-spiral-honey-stick-8-cm-for-mixing-stick-collecting-honey-syrup-molasses-coffee-milk","status":"publish","type":"product","link":"https:\/\/purehivehoney.com\/de\/product\/pack-of-30-honey-spoons-wooden-honey-spoon-honey-spiral-honey-stick-8-cm-for-mixing-stick-collecting-honey-syrup-molasses-coffee-milk\/","title":{"rendered":"Pack of 30 honey spoons, wooden hon..."},"content":{"rendered":"<p>    <span>wood honey spoon<\/span>    <br \/>Honey spoon set: the honey spoon set consists of 30 pieces wooden honey spoons, which are perfect for stirring, collecting and serving honey, syrup, molasses, coffee and milk.<br \/>High Quality Material The honey spoons are made of high quality wood and provide sturdy and durable construction. They are also lightweight and easy to handle.<br \/>Practical Design The honey spoons have a practical design, which is easy to use. They are perfect in size for handling and provide an effective solution for stirring, collecting and serving honey, syrup, molasses, coffee and milk.<br \/>MULTIPURPOSE The honey spoons are versatile and are perfect for use in the kitchen, breakfast, or tea. They provide an effective solution for stirring, collecting and serving honey, syrup, molasses, coffee and milk.<br \/>ENVIRONMENTALLY FRIENDLY The honey spoons are eco friendly and provide a sustainable solution for stirring, collecting and serving honey, syrup, molasses, coffee They are also easy to clean and can be easily rinsed under running water.<\/p>\n\n","protected":false},"excerpt":{"rendered":"<p>wood honey spoon Honey spoon set: the honey spoon set consists of 30 pieces wooden honey spoons, which are perfect for stirring, collecting and serving honey, syrup, molasses, coffee and milk.High Quality Material The honey spoons are made of high quality wood and provide sturdy and durable construction. They are also lightweight and easy to [&hellip;]<\/p>\n","protected":false},"featured_media":1784,"comment_status":"open","ping_status":"closed","template":"","meta":{"_aipt_faq_data":""},"store":[],"product_brand":[293],"product_cat":[73],"product_tag":[86],"class_list":{"0":"post-1783","1":"product","2":"type-product","3":"status-publish","4":"has-post-thumbnail","6":"product_brand-trabag","7":"product_cat-honigloffel","8":"product_tag-honigloeffel-aus-holz","10":"first","11":"instock","12":"shipping-taxable","13":"product-type-external"},"yoast_head":"<!-- This site is optimized with the Yoast SEO plugin v27.4 - https:\/\/yoast.com\/product\/yoast-seo-wordpress\/ -->\n<title>Pack of 30 honey spoons, wooden honey spoon, honey spiral, honey stick, 8 cm, for mixing stick, collecting honey syrup, molasses, coffee, milk - PureHiveHoney<\/title>\n<meta name=\"description\" content=\"Entdecken Sie hochwertigen Rohhonig, Bio Honig, Manuka Honig und nat\u00fcrliche Bienenprodukte. PureHiveHoney hilft Ihnen dabei, sorgf\u00e4ltig ausgew\u00e4hlte Honigsorten mit nat\u00fcrlicher Qualit\u00e4t und Reinheit zu entdecken.\" \/>\n<meta name=\"robots\" content=\"index, follow, max-snippet:-1, max-image-preview:large, max-video-preview:-1\" \/>\n<link rel=\"canonical\" href=\"https:\/\/purehivehoney.com\/de\/product\/pack-of-30-honey-spoons-wooden-honey-spoon-honey-spiral-honey-stick-8-cm-for-mixing-stick-collecting-honey-syrup-molasses-coffee-milk\/\" \/>\n<meta property=\"og:locale\" content=\"de_DE\" \/>\n<meta property=\"og:type\" content=\"article\" \/>\n<meta property=\"og:title\" content=\"Pack of 30 honey spoons, wooden honey spoon, honey spiral, honey stick, 8 cm, for mixing stick, collecting honey syrup, molasses, coffee, milk - PureHiveHoney\" \/>\n<meta property=\"og:description\" content=\"Entdecken Sie hochwertigen Rohhonig, Bio Honig, Manuka Honig und nat\u00fcrliche Bienenprodukte. PureHiveHoney hilft Ihnen dabei, sorgf\u00e4ltig ausgew\u00e4hlte Honigsorten mit nat\u00fcrlicher Qualit\u00e4t und Reinheit zu entdecken.\" \/>\n<meta property=\"og:url\" content=\"https:\/\/purehivehoney.com\/de\/product\/pack-of-30-honey-spoons-wooden-honey-spoon-honey-spiral-honey-stick-8-cm-for-mixing-stick-collecting-honey-syrup-molasses-coffee-milk\/\" \/>\n<meta property=\"og:site_name\" content=\"PureHiveHoney\" \/>\n<meta property=\"article:modified_time\" content=\"2026-03-16T16:26:04+00:00\" \/>\n<meta name=\"twitter:card\" content=\"summary_large_image\" \/>\n<meta name=\"twitter:label1\" content=\"Gesch\u00e4tzte Lesezeit\" \/>\n\t<meta name=\"twitter:data1\" content=\"1\u00a0Minute\" \/>\n<script type=\"application\/ld+json\" class=\"yoast-schema-graph\">{\"@context\":\"https:\\\/\\\/schema.org\",\"@graph\":[{\"@type\":\"WebPage\",\"@id\":\"https:\\\/\\\/purehivehoney.com\\\/de\\\/product\\\/pack-of-30-honey-spoons-wooden-honey-spoon-honey-spiral-honey-stick-8-cm-for-mixing-stick-collecting-honey-syrup-molasses-coffee-milk\\\/\",\"url\":\"https:\\\/\\\/purehivehoney.com\\\/de\\\/product\\\/pack-of-30-honey-spoons-wooden-honey-spoon-honey-spiral-honey-stick-8-cm-for-mixing-stick-collecting-honey-syrup-molasses-coffee-milk\\\/\",\"name\":\"Pack of 30 honey spoons, wooden honey spoon, honey spiral, honey stick, 8 cm, for mixing stick, collecting honey syrup, molasses, coffee, milk - PureHiveHoney\",\"isPartOf\":{\"@id\":\"https:\\\/\\\/purehivehoney.com\\\/de\\\/#website\"},\"primaryImageOfPage\":{\"@id\":\"https:\\\/\\\/purehivehoney.com\\\/de\\\/product\\\/pack-of-30-honey-spoons-wooden-honey-spoon-honey-spiral-honey-stick-8-cm-for-mixing-stick-collecting-honey-syrup-molasses-coffee-milk\\\/#primaryimage\"},\"image\":{\"@id\":\"https:\\\/\\\/purehivehoney.com\\\/de\\\/product\\\/pack-of-30-honey-spoons-wooden-honey-spoon-honey-spiral-honey-stick-8-cm-for-mixing-stick-collecting-honey-syrup-molasses-coffee-milk\\\/#primaryimage\"},\"thumbnailUrl\":\"https:\\\/\\\/purehivehoney.com\\\/de\\\/wp-content\\\/uploads\\\/2026\\\/03\\\/71jGxt2Y7PL._AC_SL1500_.jpg\",\"datePublished\":\"2026-03-16T16:25:51+00:00\",\"dateModified\":\"2026-03-16T16:26:04+00:00\",\"description\":\"Entdecken Sie hochwertigen Rohhonig, Bio Honig, Manuka Honig und nat\u00fcrliche Bienenprodukte. PureHiveHoney hilft Ihnen dabei, sorgf\u00e4ltig ausgew\u00e4hlte Honigsorten mit nat\u00fcrlicher Qualit\u00e4t und Reinheit zu entdecken.\",\"breadcrumb\":{\"@id\":\"https:\\\/\\\/purehivehoney.com\\\/de\\\/product\\\/pack-of-30-honey-spoons-wooden-honey-spoon-honey-spiral-honey-stick-8-cm-for-mixing-stick-collecting-honey-syrup-molasses-coffee-milk\\\/#breadcrumb\"},\"inLanguage\":\"de\",\"potentialAction\":[{\"@type\":\"ReadAction\",\"target\":[\"https:\\\/\\\/purehivehoney.com\\\/de\\\/product\\\/pack-of-30-honey-spoons-wooden-honey-spoon-honey-spiral-honey-stick-8-cm-for-mixing-stick-collecting-honey-syrup-molasses-coffee-milk\\\/\"]}]},{\"@type\":\"ImageObject\",\"inLanguage\":\"de\",\"@id\":\"https:\\\/\\\/purehivehoney.com\\\/de\\\/product\\\/pack-of-30-honey-spoons-wooden-honey-spoon-honey-spiral-honey-stick-8-cm-for-mixing-stick-collecting-honey-syrup-molasses-coffee-milk\\\/#primaryimage\",\"url\":\"https:\\\/\\\/purehivehoney.com\\\/de\\\/wp-content\\\/uploads\\\/2026\\\/03\\\/71jGxt2Y7PL._AC_SL1500_.jpg\",\"contentUrl\":\"https:\\\/\\\/purehivehoney.com\\\/de\\\/wp-content\\\/uploads\\\/2026\\\/03\\\/71jGxt2Y7PL._AC_SL1500_.jpg\",\"width\":1499,\"height\":1488},{\"@type\":\"BreadcrumbList\",\"@id\":\"https:\\\/\\\/purehivehoney.com\\\/de\\\/product\\\/pack-of-30-honey-spoons-wooden-honey-spoon-honey-spiral-honey-stick-8-cm-for-mixing-stick-collecting-honey-syrup-molasses-coffee-milk\\\/#breadcrumb\",\"itemListElement\":[{\"@type\":\"ListItem\",\"position\":1,\"name\":\"Home\",\"item\":\"https:\\\/\\\/purehivehoney.com\\\/de\\\/\"},{\"@type\":\"ListItem\",\"position\":2,\"name\":\"Shop\",\"item\":\"https:\\\/\\\/purehivehoney.com\\\/de\\\/shop\\\/\"},{\"@type\":\"ListItem\",\"position\":3,\"name\":\"Pack of 30 honey spoons, wooden hon...\"}]},{\"@type\":\"WebSite\",\"@id\":\"https:\\\/\\\/purehivehoney.com\\\/de\\\/#website\",\"url\":\"https:\\\/\\\/purehivehoney.com\\\/de\\\/\",\"name\":\"PureHiveHoney\",\"description\":\"Reiner Honig &amp; Bienenprodukte Online | Rohhonig, Bio Honig &amp; Spezialhonig\",\"publisher\":{\"@id\":\"https:\\\/\\\/purehivehoney.com\\\/de\\\/#organization\"},\"potentialAction\":[{\"@type\":\"SearchAction\",\"target\":{\"@type\":\"EntryPoint\",\"urlTemplate\":\"https:\\\/\\\/purehivehoney.com\\\/de\\\/?s={search_term_string}\"},\"query-input\":{\"@type\":\"PropertyValueSpecification\",\"valueRequired\":true,\"valueName\":\"search_term_string\"}}],\"inLanguage\":\"de\"},{\"@type\":\"Organization\",\"@id\":\"https:\\\/\\\/purehivehoney.com\\\/de\\\/#organization\",\"name\":\"PureHiveHoney\",\"url\":\"https:\\\/\\\/purehivehoney.com\\\/de\\\/\",\"logo\":{\"@type\":\"ImageObject\",\"inLanguage\":\"de\",\"@id\":\"https:\\\/\\\/purehivehoney.com\\\/de\\\/#\\\/schema\\\/logo\\\/image\\\/\",\"url\":\"https:\\\/\\\/purehivehoney.com\\\/de\\\/wp-content\\\/uploads\\\/2026\\\/03\\\/Screenshot-2026-03-16-at-1.06.01-AM.png\",\"contentUrl\":\"https:\\\/\\\/purehivehoney.com\\\/de\\\/wp-content\\\/uploads\\\/2026\\\/03\\\/Screenshot-2026-03-16-at-1.06.01-AM.png\",\"width\":2112,\"height\":1086,\"caption\":\"PureHiveHoney\"},\"image\":{\"@id\":\"https:\\\/\\\/purehivehoney.com\\\/de\\\/#\\\/schema\\\/logo\\\/image\\\/\"}}]}<\/script>\n<!-- \/ Yoast SEO plugin. -->","yoast_head_json":{"title":"Pack of 30 honey spoons, wooden honey spoon, honey spiral, honey stick, 8 cm, for mixing stick, collecting honey syrup, molasses, coffee, milk - PureHiveHoney","description":"Entdecken Sie hochwertigen Rohhonig, Bio Honig, Manuka Honig und nat\u00fcrliche Bienenprodukte. PureHiveHoney hilft Ihnen dabei, sorgf\u00e4ltig ausgew\u00e4hlte Honigsorten mit nat\u00fcrlicher Qualit\u00e4t und Reinheit zu entdecken.","robots":{"index":"index","follow":"follow","max-snippet":"max-snippet:-1","max-image-preview":"max-image-preview:large","max-video-preview":"max-video-preview:-1"},"canonical":"https:\/\/purehivehoney.com\/de\/product\/pack-of-30-honey-spoons-wooden-honey-spoon-honey-spiral-honey-stick-8-cm-for-mixing-stick-collecting-honey-syrup-molasses-coffee-milk\/","og_locale":"de_DE","og_type":"article","og_title":"Pack of 30 honey spoons, wooden honey spoon, honey spiral, honey stick, 8 cm, for mixing stick, collecting honey syrup, molasses, coffee, milk - PureHiveHoney","og_description":"Entdecken Sie hochwertigen Rohhonig, Bio Honig, Manuka Honig und nat\u00fcrliche Bienenprodukte. PureHiveHoney hilft Ihnen dabei, sorgf\u00e4ltig ausgew\u00e4hlte Honigsorten mit nat\u00fcrlicher Qualit\u00e4t und Reinheit zu entdecken.","og_url":"https:\/\/purehivehoney.com\/de\/product\/pack-of-30-honey-spoons-wooden-honey-spoon-honey-spiral-honey-stick-8-cm-for-mixing-stick-collecting-honey-syrup-molasses-coffee-milk\/","og_site_name":"PureHiveHoney","article_modified_time":"2026-03-16T16:26:04+00:00","twitter_card":"summary_large_image","twitter_misc":{"Gesch\u00e4tzte Lesezeit":"1\u00a0Minute"},"schema":{"@context":"https:\/\/schema.org","@graph":[{"@type":"WebPage","@id":"https:\/\/purehivehoney.com\/de\/product\/pack-of-30-honey-spoons-wooden-honey-spoon-honey-spiral-honey-stick-8-cm-for-mixing-stick-collecting-honey-syrup-molasses-coffee-milk\/","url":"https:\/\/purehivehoney.com\/de\/product\/pack-of-30-honey-spoons-wooden-honey-spoon-honey-spiral-honey-stick-8-cm-for-mixing-stick-collecting-honey-syrup-molasses-coffee-milk\/","name":"Pack of 30 honey spoons, wooden honey spoon, honey spiral, honey stick, 8 cm, for mixing stick, collecting honey syrup, molasses, coffee, milk - PureHiveHoney","isPartOf":{"@id":"https:\/\/purehivehoney.com\/de\/#website"},"primaryImageOfPage":{"@id":"https:\/\/purehivehoney.com\/de\/product\/pack-of-30-honey-spoons-wooden-honey-spoon-honey-spiral-honey-stick-8-cm-for-mixing-stick-collecting-honey-syrup-molasses-coffee-milk\/#primaryimage"},"image":{"@id":"https:\/\/purehivehoney.com\/de\/product\/pack-of-30-honey-spoons-wooden-honey-spoon-honey-spiral-honey-stick-8-cm-for-mixing-stick-collecting-honey-syrup-molasses-coffee-milk\/#primaryimage"},"thumbnailUrl":"https:\/\/purehivehoney.com\/de\/wp-content\/uploads\/2026\/03\/71jGxt2Y7PL._AC_SL1500_.jpg","datePublished":"2026-03-16T16:25:51+00:00","dateModified":"2026-03-16T16:26:04+00:00","description":"Entdecken Sie hochwertigen Rohhonig, Bio Honig, Manuka Honig und nat\u00fcrliche Bienenprodukte. PureHiveHoney hilft Ihnen dabei, sorgf\u00e4ltig ausgew\u00e4hlte Honigsorten mit nat\u00fcrlicher Qualit\u00e4t und Reinheit zu entdecken.","breadcrumb":{"@id":"https:\/\/purehivehoney.com\/de\/product\/pack-of-30-honey-spoons-wooden-honey-spoon-honey-spiral-honey-stick-8-cm-for-mixing-stick-collecting-honey-syrup-molasses-coffee-milk\/#breadcrumb"},"inLanguage":"de","potentialAction":[{"@type":"ReadAction","target":["https:\/\/purehivehoney.com\/de\/product\/pack-of-30-honey-spoons-wooden-honey-spoon-honey-spiral-honey-stick-8-cm-for-mixing-stick-collecting-honey-syrup-molasses-coffee-milk\/"]}]},{"@type":"ImageObject","inLanguage":"de","@id":"https:\/\/purehivehoney.com\/de\/product\/pack-of-30-honey-spoons-wooden-honey-spoon-honey-spiral-honey-stick-8-cm-for-mixing-stick-collecting-honey-syrup-molasses-coffee-milk\/#primaryimage","url":"https:\/\/purehivehoney.com\/de\/wp-content\/uploads\/2026\/03\/71jGxt2Y7PL._AC_SL1500_.jpg","contentUrl":"https:\/\/purehivehoney.com\/de\/wp-content\/uploads\/2026\/03\/71jGxt2Y7PL._AC_SL1500_.jpg","width":1499,"height":1488},{"@type":"BreadcrumbList","@id":"https:\/\/purehivehoney.com\/de\/product\/pack-of-30-honey-spoons-wooden-honey-spoon-honey-spiral-honey-stick-8-cm-for-mixing-stick-collecting-honey-syrup-molasses-coffee-milk\/#breadcrumb","itemListElement":[{"@type":"ListItem","position":1,"name":"Home","item":"https:\/\/purehivehoney.com\/de\/"},{"@type":"ListItem","position":2,"name":"Shop","item":"https:\/\/purehivehoney.com\/de\/shop\/"},{"@type":"ListItem","position":3,"name":"Pack of 30 honey spoons, wooden hon..."}]},{"@type":"WebSite","@id":"https:\/\/purehivehoney.com\/de\/#website","url":"https:\/\/purehivehoney.com\/de\/","name":"PureHiveHoney","description":"Reiner Honig &amp; Bienenprodukte Online | Rohhonig, Bio Honig &amp; Spezialhonig","publisher":{"@id":"https:\/\/purehivehoney.com\/de\/#organization"},"potentialAction":[{"@type":"SearchAction","target":{"@type":"EntryPoint","urlTemplate":"https:\/\/purehivehoney.com\/de\/?s={search_term_string}"},"query-input":{"@type":"PropertyValueSpecification","valueRequired":true,"valueName":"search_term_string"}}],"inLanguage":"de"},{"@type":"Organization","@id":"https:\/\/purehivehoney.com\/de\/#organization","name":"PureHiveHoney","url":"https:\/\/purehivehoney.com\/de\/","logo":{"@type":"ImageObject","inLanguage":"de","@id":"https:\/\/purehivehoney.com\/de\/#\/schema\/logo\/image\/","url":"https:\/\/purehivehoney.com\/de\/wp-content\/uploads\/2026\/03\/Screenshot-2026-03-16-at-1.06.01-AM.png","contentUrl":"https:\/\/purehivehoney.com\/de\/wp-content\/uploads\/2026\/03\/Screenshot-2026-03-16-at-1.06.01-AM.png","width":2112,"height":1086,"caption":"PureHiveHoney"},"image":{"@id":"https:\/\/purehivehoney.com\/de\/#\/schema\/logo\/image\/"}}]}},"_links":{"self":[{"href":"https:\/\/purehivehoney.com\/de\/wp-json\/wp\/v2\/product\/1783","targetHints":{"allow":["GET"]}}],"collection":[{"href":"https:\/\/purehivehoney.com\/de\/wp-json\/wp\/v2\/product"}],"about":[{"href":"https:\/\/purehivehoney.com\/de\/wp-json\/wp\/v2\/types\/product"}],"replies":[{"embeddable":true,"href":"https:\/\/purehivehoney.com\/de\/wp-json\/wp\/v2\/comments?post=1783"}],"wp:featuredmedia":[{"embeddable":true,"href":"https:\/\/purehivehoney.com\/de\/wp-json\/wp\/v2\/media\/1784"}],"wp:attachment":[{"href":"https:\/\/purehivehoney.com\/de\/wp-json\/wp\/v2\/media?parent=1783"}],"wp:term":[{"taxonomy":"store","embeddable":true,"href":"https:\/\/purehivehoney.com\/de\/wp-json\/wp\/v2\/store?post=1783"},{"taxonomy":"product_brand","embeddable":true,"href":"https:\/\/purehivehoney.com\/de\/wp-json\/wp\/v2\/product_brand?post=1783"},{"taxonomy":"product_cat","embeddable":true,"href":"https:\/\/purehivehoney.com\/de\/wp-json\/wp\/v2\/product_cat?post=1783"},{"taxonomy":"product_tag","embeddable":true,"href":"https:\/\/purehivehoney.com\/de\/wp-json\/wp\/v2\/product_tag?post=1783"}],"curies":[{"name":"wp","href":"https:\/\/api.w.org\/{rel}","templated":true}]}}