{"id":1768,"date":"2026-03-16T16:22:44","date_gmt":"2026-03-16T16:22:44","guid":{"rendered":"https:\/\/purehivehoney.com\/de\/product\/kanpura-glass-honey-dispenser-honey-jar-with-dipper-clear-crystal-honey-pot-for-christmas-home-kitchen-decoration-storage-honey-syrup-easy-clean-9oz\/"},"modified":"2026-03-16T16:22:58","modified_gmt":"2026-03-16T16:22:58","slug":"kanpura-glass-honey-dispenser-honey-jar-with-dipper-clear-crystal-honey-pot-for-christmas-home-kitchen-decoration-storage-honey-syrup-easy-clean-9oz","status":"publish","type":"product","link":"https:\/\/purehivehoney.com\/de\/product\/kanpura-glass-honey-dispenser-honey-jar-with-dipper-clear-crystal-honey-pot-for-christmas-home-kitchen-decoration-storage-honey-syrup-easy-clean-9oz\/","title":{"rendered":"kanpura Glass Honey Dispenser Honey..."},"content":{"rendered":"<p>    <span>Enhance your honey storage and serving experience with our glass honey jar with spoon. Enjoy the comfort, elegance and security it offers. Experience the joy of drizzling honey over your favorite dishes or adding a touch of sweetness to your drinks. Order today and enhance your dining experience<\/span>    <br \/>PREMIUM QUALITY Our glass honey jar is made of clear glass and provides a clear view of the delicious honey that is stored inside. Made of food grade materials, non-toxic, odorless, environmentally friendly and safe. The jar and lid are safe for storing and serving honey, syrup and other sweet treats<br \/>Practical dipper: the honey spoon is made of natural wood and ensures smooth and easy drizzle. It allows for precise portion control without creating a sticky mess<br \/>Honey pot set parameters: Honey jar capacity is 255.1 g, container (including lid) &#8211; 11.2 cm high, 8.4 cm glass top diameter. Wooden honey sticks are 4.4 inches long and food grade plastic honey sticks are 5 inches long (Note: two kinds of plastic sticks will be sent randomly)<br \/>Versatile use: This jar is perfect for keeping honey fresh and easily accessible. It can also be used to store and serve various spices, sauces or salad dressings<br \/>Elegant design: the glass honey pot features a classic and timeless design that adds a touch of sophistication to any kitchen or dining table. The advantage of the large opening of the jar is that the honey will not fall easily on the surface of the jar and table when you take honey and fill it<\/p>\n\n","protected":false},"excerpt":{"rendered":"<p>Enhance your honey storage and serving experience with our glass honey jar with spoon. Enjoy the comfort, elegance and security it offers. Experience the joy of drizzling honey over your favorite dishes or adding a touch of sweetness to your drinks. Order today and enhance your dining experience PREMIUM QUALITY Our glass honey jar is [&hellip;]<\/p>\n","protected":false},"featured_media":1769,"comment_status":"open","ping_status":"closed","template":"","meta":{"_aipt_faq_data":""},"store":[],"product_brand":[291],"product_cat":[75],"product_tag":[81],"class_list":{"0":"post-1768","1":"product","2":"type-product","3":"status-publish","4":"has-post-thumbnail","6":"product_brand-kanpura","7":"product_cat-honigspender","8":"product_tag-honigspender-aus-glas","10":"first","11":"instock","12":"shipping-taxable","13":"product-type-external"},"yoast_head":"<!-- This site is optimized with the Yoast SEO plugin v27.4 - https:\/\/yoast.com\/product\/yoast-seo-wordpress\/ -->\n<title>kanpura Glass Honey Dispenser Honey Jar with Dipper Clear Crystal Honey Pot for Christmas Home Kitchen Decoration Storage Honey Syrup Easy Clean 9oz - PureHiveHoney<\/title>\n<meta name=\"description\" content=\"Entdecken Sie hochwertigen Rohhonig, Bio Honig, Manuka Honig und nat\u00fcrliche Bienenprodukte. PureHiveHoney hilft Ihnen dabei, sorgf\u00e4ltig ausgew\u00e4hlte Honigsorten mit nat\u00fcrlicher Qualit\u00e4t und Reinheit zu entdecken.\" \/>\n<meta name=\"robots\" content=\"index, follow, max-snippet:-1, max-image-preview:large, max-video-preview:-1\" \/>\n<link rel=\"canonical\" href=\"https:\/\/purehivehoney.com\/de\/product\/kanpura-glass-honey-dispenser-honey-jar-with-dipper-clear-crystal-honey-pot-for-christmas-home-kitchen-decoration-storage-honey-syrup-easy-clean-9oz\/\" \/>\n<meta property=\"og:locale\" content=\"de_DE\" \/>\n<meta property=\"og:type\" content=\"article\" \/>\n<meta property=\"og:title\" content=\"kanpura Glass Honey Dispenser Honey Jar with Dipper Clear Crystal Honey Pot for Christmas Home Kitchen Decoration Storage Honey Syrup Easy Clean 9oz - PureHiveHoney\" \/>\n<meta property=\"og:description\" content=\"Entdecken Sie hochwertigen Rohhonig, Bio Honig, Manuka Honig und nat\u00fcrliche Bienenprodukte. PureHiveHoney hilft Ihnen dabei, sorgf\u00e4ltig ausgew\u00e4hlte Honigsorten mit nat\u00fcrlicher Qualit\u00e4t und Reinheit zu entdecken.\" \/>\n<meta property=\"og:url\" content=\"https:\/\/purehivehoney.com\/de\/product\/kanpura-glass-honey-dispenser-honey-jar-with-dipper-clear-crystal-honey-pot-for-christmas-home-kitchen-decoration-storage-honey-syrup-easy-clean-9oz\/\" \/>\n<meta property=\"og:site_name\" content=\"PureHiveHoney\" \/>\n<meta property=\"article:modified_time\" content=\"2026-03-16T16:22:58+00:00\" \/>\n<meta name=\"twitter:card\" content=\"summary_large_image\" \/>\n<meta name=\"twitter:label1\" content=\"Gesch\u00e4tzte Lesezeit\" \/>\n\t<meta name=\"twitter:data1\" content=\"1\u00a0Minute\" \/>\n<script type=\"application\/ld+json\" class=\"yoast-schema-graph\">{\"@context\":\"https:\\\/\\\/schema.org\",\"@graph\":[{\"@type\":\"WebPage\",\"@id\":\"https:\\\/\\\/purehivehoney.com\\\/de\\\/product\\\/kanpura-glass-honey-dispenser-honey-jar-with-dipper-clear-crystal-honey-pot-for-christmas-home-kitchen-decoration-storage-honey-syrup-easy-clean-9oz\\\/\",\"url\":\"https:\\\/\\\/purehivehoney.com\\\/de\\\/product\\\/kanpura-glass-honey-dispenser-honey-jar-with-dipper-clear-crystal-honey-pot-for-christmas-home-kitchen-decoration-storage-honey-syrup-easy-clean-9oz\\\/\",\"name\":\"kanpura Glass Honey Dispenser Honey Jar with Dipper Clear Crystal Honey Pot for Christmas Home Kitchen Decoration Storage Honey Syrup Easy Clean 9oz - PureHiveHoney\",\"isPartOf\":{\"@id\":\"https:\\\/\\\/purehivehoney.com\\\/de\\\/#website\"},\"primaryImageOfPage\":{\"@id\":\"https:\\\/\\\/purehivehoney.com\\\/de\\\/product\\\/kanpura-glass-honey-dispenser-honey-jar-with-dipper-clear-crystal-honey-pot-for-christmas-home-kitchen-decoration-storage-honey-syrup-easy-clean-9oz\\\/#primaryimage\"},\"image\":{\"@id\":\"https:\\\/\\\/purehivehoney.com\\\/de\\\/product\\\/kanpura-glass-honey-dispenser-honey-jar-with-dipper-clear-crystal-honey-pot-for-christmas-home-kitchen-decoration-storage-honey-syrup-easy-clean-9oz\\\/#primaryimage\"},\"thumbnailUrl\":\"https:\\\/\\\/purehivehoney.com\\\/de\\\/wp-content\\\/uploads\\\/2026\\\/03\\\/81Y82Ov4mJL._AC_SL1500_.jpg\",\"datePublished\":\"2026-03-16T16:22:44+00:00\",\"dateModified\":\"2026-03-16T16:22:58+00:00\",\"description\":\"Entdecken Sie hochwertigen Rohhonig, Bio Honig, Manuka Honig und nat\u00fcrliche Bienenprodukte. PureHiveHoney hilft Ihnen dabei, sorgf\u00e4ltig ausgew\u00e4hlte Honigsorten mit nat\u00fcrlicher Qualit\u00e4t und Reinheit zu entdecken.\",\"breadcrumb\":{\"@id\":\"https:\\\/\\\/purehivehoney.com\\\/de\\\/product\\\/kanpura-glass-honey-dispenser-honey-jar-with-dipper-clear-crystal-honey-pot-for-christmas-home-kitchen-decoration-storage-honey-syrup-easy-clean-9oz\\\/#breadcrumb\"},\"inLanguage\":\"de\",\"potentialAction\":[{\"@type\":\"ReadAction\",\"target\":[\"https:\\\/\\\/purehivehoney.com\\\/de\\\/product\\\/kanpura-glass-honey-dispenser-honey-jar-with-dipper-clear-crystal-honey-pot-for-christmas-home-kitchen-decoration-storage-honey-syrup-easy-clean-9oz\\\/\"]}]},{\"@type\":\"ImageObject\",\"inLanguage\":\"de\",\"@id\":\"https:\\\/\\\/purehivehoney.com\\\/de\\\/product\\\/kanpura-glass-honey-dispenser-honey-jar-with-dipper-clear-crystal-honey-pot-for-christmas-home-kitchen-decoration-storage-honey-syrup-easy-clean-9oz\\\/#primaryimage\",\"url\":\"https:\\\/\\\/purehivehoney.com\\\/de\\\/wp-content\\\/uploads\\\/2026\\\/03\\\/81Y82Ov4mJL._AC_SL1500_.jpg\",\"contentUrl\":\"https:\\\/\\\/purehivehoney.com\\\/de\\\/wp-content\\\/uploads\\\/2026\\\/03\\\/81Y82Ov4mJL._AC_SL1500_.jpg\",\"width\":1500,\"height\":1498},{\"@type\":\"BreadcrumbList\",\"@id\":\"https:\\\/\\\/purehivehoney.com\\\/de\\\/product\\\/kanpura-glass-honey-dispenser-honey-jar-with-dipper-clear-crystal-honey-pot-for-christmas-home-kitchen-decoration-storage-honey-syrup-easy-clean-9oz\\\/#breadcrumb\",\"itemListElement\":[{\"@type\":\"ListItem\",\"position\":1,\"name\":\"Home\",\"item\":\"https:\\\/\\\/purehivehoney.com\\\/de\\\/\"},{\"@type\":\"ListItem\",\"position\":2,\"name\":\"Shop\",\"item\":\"https:\\\/\\\/purehivehoney.com\\\/de\\\/shop\\\/\"},{\"@type\":\"ListItem\",\"position\":3,\"name\":\"kanpura Glass Honey Dispenser Honey...\"}]},{\"@type\":\"WebSite\",\"@id\":\"https:\\\/\\\/purehivehoney.com\\\/de\\\/#website\",\"url\":\"https:\\\/\\\/purehivehoney.com\\\/de\\\/\",\"name\":\"PureHiveHoney\",\"description\":\"Reiner Honig &amp; Bienenprodukte Online | Rohhonig, Bio Honig &amp; Spezialhonig\",\"publisher\":{\"@id\":\"https:\\\/\\\/purehivehoney.com\\\/de\\\/#organization\"},\"potentialAction\":[{\"@type\":\"SearchAction\",\"target\":{\"@type\":\"EntryPoint\",\"urlTemplate\":\"https:\\\/\\\/purehivehoney.com\\\/de\\\/?s={search_term_string}\"},\"query-input\":{\"@type\":\"PropertyValueSpecification\",\"valueRequired\":true,\"valueName\":\"search_term_string\"}}],\"inLanguage\":\"de\"},{\"@type\":\"Organization\",\"@id\":\"https:\\\/\\\/purehivehoney.com\\\/de\\\/#organization\",\"name\":\"PureHiveHoney\",\"url\":\"https:\\\/\\\/purehivehoney.com\\\/de\\\/\",\"logo\":{\"@type\":\"ImageObject\",\"inLanguage\":\"de\",\"@id\":\"https:\\\/\\\/purehivehoney.com\\\/de\\\/#\\\/schema\\\/logo\\\/image\\\/\",\"url\":\"https:\\\/\\\/purehivehoney.com\\\/de\\\/wp-content\\\/uploads\\\/2026\\\/03\\\/Screenshot-2026-03-16-at-1.06.01-AM.png\",\"contentUrl\":\"https:\\\/\\\/purehivehoney.com\\\/de\\\/wp-content\\\/uploads\\\/2026\\\/03\\\/Screenshot-2026-03-16-at-1.06.01-AM.png\",\"width\":2112,\"height\":1086,\"caption\":\"PureHiveHoney\"},\"image\":{\"@id\":\"https:\\\/\\\/purehivehoney.com\\\/de\\\/#\\\/schema\\\/logo\\\/image\\\/\"}}]}<\/script>\n<!-- \/ Yoast SEO plugin. -->","yoast_head_json":{"title":"kanpura Glass Honey Dispenser Honey Jar with Dipper Clear Crystal Honey Pot for Christmas Home Kitchen Decoration Storage Honey Syrup Easy Clean 9oz - PureHiveHoney","description":"Entdecken Sie hochwertigen Rohhonig, Bio Honig, Manuka Honig und nat\u00fcrliche Bienenprodukte. PureHiveHoney hilft Ihnen dabei, sorgf\u00e4ltig ausgew\u00e4hlte Honigsorten mit nat\u00fcrlicher Qualit\u00e4t und Reinheit zu entdecken.","robots":{"index":"index","follow":"follow","max-snippet":"max-snippet:-1","max-image-preview":"max-image-preview:large","max-video-preview":"max-video-preview:-1"},"canonical":"https:\/\/purehivehoney.com\/de\/product\/kanpura-glass-honey-dispenser-honey-jar-with-dipper-clear-crystal-honey-pot-for-christmas-home-kitchen-decoration-storage-honey-syrup-easy-clean-9oz\/","og_locale":"de_DE","og_type":"article","og_title":"kanpura Glass Honey Dispenser Honey Jar with Dipper Clear Crystal Honey Pot for Christmas Home Kitchen Decoration Storage Honey Syrup Easy Clean 9oz - PureHiveHoney","og_description":"Entdecken Sie hochwertigen Rohhonig, Bio Honig, Manuka Honig und nat\u00fcrliche Bienenprodukte. PureHiveHoney hilft Ihnen dabei, sorgf\u00e4ltig ausgew\u00e4hlte Honigsorten mit nat\u00fcrlicher Qualit\u00e4t und Reinheit zu entdecken.","og_url":"https:\/\/purehivehoney.com\/de\/product\/kanpura-glass-honey-dispenser-honey-jar-with-dipper-clear-crystal-honey-pot-for-christmas-home-kitchen-decoration-storage-honey-syrup-easy-clean-9oz\/","og_site_name":"PureHiveHoney","article_modified_time":"2026-03-16T16:22:58+00:00","twitter_card":"summary_large_image","twitter_misc":{"Gesch\u00e4tzte Lesezeit":"1\u00a0Minute"},"schema":{"@context":"https:\/\/schema.org","@graph":[{"@type":"WebPage","@id":"https:\/\/purehivehoney.com\/de\/product\/kanpura-glass-honey-dispenser-honey-jar-with-dipper-clear-crystal-honey-pot-for-christmas-home-kitchen-decoration-storage-honey-syrup-easy-clean-9oz\/","url":"https:\/\/purehivehoney.com\/de\/product\/kanpura-glass-honey-dispenser-honey-jar-with-dipper-clear-crystal-honey-pot-for-christmas-home-kitchen-decoration-storage-honey-syrup-easy-clean-9oz\/","name":"kanpura Glass Honey Dispenser Honey Jar with Dipper Clear Crystal Honey Pot for Christmas Home Kitchen Decoration Storage Honey Syrup Easy Clean 9oz - PureHiveHoney","isPartOf":{"@id":"https:\/\/purehivehoney.com\/de\/#website"},"primaryImageOfPage":{"@id":"https:\/\/purehivehoney.com\/de\/product\/kanpura-glass-honey-dispenser-honey-jar-with-dipper-clear-crystal-honey-pot-for-christmas-home-kitchen-decoration-storage-honey-syrup-easy-clean-9oz\/#primaryimage"},"image":{"@id":"https:\/\/purehivehoney.com\/de\/product\/kanpura-glass-honey-dispenser-honey-jar-with-dipper-clear-crystal-honey-pot-for-christmas-home-kitchen-decoration-storage-honey-syrup-easy-clean-9oz\/#primaryimage"},"thumbnailUrl":"https:\/\/purehivehoney.com\/de\/wp-content\/uploads\/2026\/03\/81Y82Ov4mJL._AC_SL1500_.jpg","datePublished":"2026-03-16T16:22:44+00:00","dateModified":"2026-03-16T16:22:58+00:00","description":"Entdecken Sie hochwertigen Rohhonig, Bio Honig, Manuka Honig und nat\u00fcrliche Bienenprodukte. PureHiveHoney hilft Ihnen dabei, sorgf\u00e4ltig ausgew\u00e4hlte Honigsorten mit nat\u00fcrlicher Qualit\u00e4t und Reinheit zu entdecken.","breadcrumb":{"@id":"https:\/\/purehivehoney.com\/de\/product\/kanpura-glass-honey-dispenser-honey-jar-with-dipper-clear-crystal-honey-pot-for-christmas-home-kitchen-decoration-storage-honey-syrup-easy-clean-9oz\/#breadcrumb"},"inLanguage":"de","potentialAction":[{"@type":"ReadAction","target":["https:\/\/purehivehoney.com\/de\/product\/kanpura-glass-honey-dispenser-honey-jar-with-dipper-clear-crystal-honey-pot-for-christmas-home-kitchen-decoration-storage-honey-syrup-easy-clean-9oz\/"]}]},{"@type":"ImageObject","inLanguage":"de","@id":"https:\/\/purehivehoney.com\/de\/product\/kanpura-glass-honey-dispenser-honey-jar-with-dipper-clear-crystal-honey-pot-for-christmas-home-kitchen-decoration-storage-honey-syrup-easy-clean-9oz\/#primaryimage","url":"https:\/\/purehivehoney.com\/de\/wp-content\/uploads\/2026\/03\/81Y82Ov4mJL._AC_SL1500_.jpg","contentUrl":"https:\/\/purehivehoney.com\/de\/wp-content\/uploads\/2026\/03\/81Y82Ov4mJL._AC_SL1500_.jpg","width":1500,"height":1498},{"@type":"BreadcrumbList","@id":"https:\/\/purehivehoney.com\/de\/product\/kanpura-glass-honey-dispenser-honey-jar-with-dipper-clear-crystal-honey-pot-for-christmas-home-kitchen-decoration-storage-honey-syrup-easy-clean-9oz\/#breadcrumb","itemListElement":[{"@type":"ListItem","position":1,"name":"Home","item":"https:\/\/purehivehoney.com\/de\/"},{"@type":"ListItem","position":2,"name":"Shop","item":"https:\/\/purehivehoney.com\/de\/shop\/"},{"@type":"ListItem","position":3,"name":"kanpura Glass Honey Dispenser Honey..."}]},{"@type":"WebSite","@id":"https:\/\/purehivehoney.com\/de\/#website","url":"https:\/\/purehivehoney.com\/de\/","name":"PureHiveHoney","description":"Reiner Honig &amp; Bienenprodukte Online | Rohhonig, Bio Honig &amp; Spezialhonig","publisher":{"@id":"https:\/\/purehivehoney.com\/de\/#organization"},"potentialAction":[{"@type":"SearchAction","target":{"@type":"EntryPoint","urlTemplate":"https:\/\/purehivehoney.com\/de\/?s={search_term_string}"},"query-input":{"@type":"PropertyValueSpecification","valueRequired":true,"valueName":"search_term_string"}}],"inLanguage":"de"},{"@type":"Organization","@id":"https:\/\/purehivehoney.com\/de\/#organization","name":"PureHiveHoney","url":"https:\/\/purehivehoney.com\/de\/","logo":{"@type":"ImageObject","inLanguage":"de","@id":"https:\/\/purehivehoney.com\/de\/#\/schema\/logo\/image\/","url":"https:\/\/purehivehoney.com\/de\/wp-content\/uploads\/2026\/03\/Screenshot-2026-03-16-at-1.06.01-AM.png","contentUrl":"https:\/\/purehivehoney.com\/de\/wp-content\/uploads\/2026\/03\/Screenshot-2026-03-16-at-1.06.01-AM.png","width":2112,"height":1086,"caption":"PureHiveHoney"},"image":{"@id":"https:\/\/purehivehoney.com\/de\/#\/schema\/logo\/image\/"}}]}},"_links":{"self":[{"href":"https:\/\/purehivehoney.com\/de\/wp-json\/wp\/v2\/product\/1768","targetHints":{"allow":["GET"]}}],"collection":[{"href":"https:\/\/purehivehoney.com\/de\/wp-json\/wp\/v2\/product"}],"about":[{"href":"https:\/\/purehivehoney.com\/de\/wp-json\/wp\/v2\/types\/product"}],"replies":[{"embeddable":true,"href":"https:\/\/purehivehoney.com\/de\/wp-json\/wp\/v2\/comments?post=1768"}],"wp:featuredmedia":[{"embeddable":true,"href":"https:\/\/purehivehoney.com\/de\/wp-json\/wp\/v2\/media\/1769"}],"wp:attachment":[{"href":"https:\/\/purehivehoney.com\/de\/wp-json\/wp\/v2\/media?parent=1768"}],"wp:term":[{"taxonomy":"store","embeddable":true,"href":"https:\/\/purehivehoney.com\/de\/wp-json\/wp\/v2\/store?post=1768"},{"taxonomy":"product_brand","embeddable":true,"href":"https:\/\/purehivehoney.com\/de\/wp-json\/wp\/v2\/product_brand?post=1768"},{"taxonomy":"product_cat","embeddable":true,"href":"https:\/\/purehivehoney.com\/de\/wp-json\/wp\/v2\/product_cat?post=1768"},{"taxonomy":"product_tag","embeddable":true,"href":"https:\/\/purehivehoney.com\/de\/wp-json\/wp\/v2\/product_tag?post=1768"}],"curies":[{"name":"wp","href":"https:\/\/api.w.org\/{rel}","templated":true}]}}