{"id":1733,"date":"2026-03-16T15:45:45","date_gmt":"2026-03-16T15:45:45","guid":{"rendered":"https:\/\/purehivehoney.com\/de\/product\/lebensmittelverpackungen-aus-bienenwachs-wiederverwendbare-lebensmittelverpackung-aus-bienenwachs-nachhaltige-wiederverwendbare-bienenwachs-verpackung-3-stueck-bienenwachs-verpack\/"},"modified":"2026-03-16T15:46:07","modified_gmt":"2026-03-16T15:46:07","slug":"lebensmittelverpackungen-aus-bienenwachs-wiederverwendbare-lebensmittelverpackung-aus-bienenwachs-nachhaltige-wiederverwendbare-bienenwachs-verpackung-3-stueck-bienenwachs-verpack","status":"publish","type":"product","link":"https:\/\/purehivehoney.com\/de\/product\/lebensmittelverpackungen-aus-bienenwachs-wiederverwendbare-lebensmittelverpackung-aus-bienenwachs-nachhaltige-wiederverwendbare-bienenwachs-verpackung-3-stueck-bienenwachs-verpack\/","title":{"rendered":"Lebensmittelverpackungen aus Bienen..."},"content":{"rendered":"<p>    <span>Unsere wiederverwendbaren Bienenwachs-Lebensmittelverpackungen werden in einer kompletten Verpackung mit 3 verschiedenen Gr\u00f6\u00dfen f\u00fcr jeden Artikel geliefert. Hergestellt aus biologischem Pflanzen\u00f6l, Baumharz und Bienenwachs. Diese Wraps k\u00f6nnen zum Abdecken von Lebensmitteln, Schalen und Tellern verwendet werden. Tolles K\u00fcchenzubeh\u00f6r f\u00fcr eine umweltfreundliche und nachhaltige K\u00fcche! <br \/>Produkteigenschaften: <br \/>Name: Bienenwachs-Umschlag. <br \/>Material: Papier. <br \/>Gr\u00f6\u00dfe des Produkts: <br \/>Kleine Gr\u00f6\u00dfe ca. 18 x 20 cm. <br \/>Mittel ca. 25 x 2 8 cm. <br \/>Gro\u00dfe Gr\u00f6\u00dfe ca. 33 x 3 5 cm. <br \/>Lieferumfang: <br \/>3 x wiederverwendbare Lebensmittelverpackung aus Bienenwachs<\/span>    <br \/>Effiziente Versiegelung: Erhalten Sie einen luftdichten Verschluss jedes Beh\u00e4lters mit Bienenwachsverpackungen, die f\u00fcr lange Zeit Frische sorgen. Decken Sie Gem\u00fcse, K\u00e4se und mehr m\u00fchelos mit unserer multifunktionalen Verpackung ab.<br \/>Anpassungsf\u00e4hige Gr\u00f6\u00dfen: Optimieren Sie die Frische und Langlebigkeit von Lebensmitteln mit Bienenwachsverpackungen. Erh\u00e4ltlich in 3 verschiedenen Gr\u00f6\u00dfen f\u00fcr eine perfekte Passform, erm\u00f6glicht eine vielseitige Verwendung f\u00fcr jeden Artikel.<br \/>Reichlich Lebensmittelverpackung: Mit 3 wiederverwendbaren Bienenwachsverpackungen in verschiedenen Gr\u00f6\u00dfen bietet unser Produkt viele M\u00f6glichkeiten, um Ihre Lebensmittel nachhaltig zu konservieren und sie erfrischend zu halten.<br \/>Nachhaltige Wahl: Biologisch hergestellt aus nachhaltigen Materialien in Lebensmittelqualit\u00e4t wie Baumwolle, Bienenwachs und Baumharz gemischt mit nachhaltigem Bio-Pflanzen\u00f6l, um eine wiederverwendbare und waschbare Verpackung zu schaffen, bietet eine nachhaltige Option, um Lebensmittel zu konservieren und sie frisch zu halten.<br \/>Umfangreiche Anwendung: Bewahren Sie Ihren K\u00e4se, Obst und Gem\u00fcse mit unserer Bienenwachs-Verpackung auf, das ideale K\u00fcchenzubeh\u00f6r, um die Frische zu bewahren; es ist auch perfekt zum Abdecken von Sch\u00fcsseln und Tellern oder zum Einwickeln von Lebensmitteln.<\/p>\n\n","protected":false},"excerpt":{"rendered":"<p>Unsere wiederverwendbaren Bienenwachs-Lebensmittelverpackungen werden in einer kompletten Verpackung mit 3 verschiedenen Gr\u00f6\u00dfen f\u00fcr jeden Artikel geliefert. Hergestellt aus biologischem Pflanzen\u00f6l, Baumharz und Bienenwachs. Diese Wraps k\u00f6nnen zum Abdecken von Lebensmitteln, Schalen und Tellern verwendet werden. Tolles K\u00fcchenzubeh\u00f6r f\u00fcr eine umweltfreundliche und nachhaltige K\u00fcche! Produkteigenschaften: Name: Bienenwachs-Umschlag. Material: Papier. Gr\u00f6\u00dfe des Produkts: Kleine Gr\u00f6\u00dfe ca. 18 [&hellip;]<\/p>\n","protected":false},"featured_media":1734,"comment_status":"open","ping_status":"closed","template":"","meta":{"_aipt_faq_data":""},"store":[],"product_brand":[289],"product_cat":[67],"product_tag":[228],"class_list":{"0":"post-1733","1":"product","2":"type-product","3":"status-publish","4":"has-post-thumbnail","6":"product_brand-gitekain","7":"product_cat-bienenwachs","8":"product_tag-bienenwachs-verpackung-nachhaltig","10":"first","11":"instock","12":"shipping-taxable","13":"product-type-external"},"yoast_head":"<!-- This site is optimized with the Yoast SEO plugin v27.4 - https:\/\/yoast.com\/product\/yoast-seo-wordpress\/ -->\n<title>Lebensmittelverpackungen aus Bienenwachs, wiederverwendbare Lebensmittelverpackung aus Bienenwachs \u2013 nachhaltige wiederverwendbare Bienenwachs-Verpackung \u2013 3 St\u00fcck Bienenwachs-Verpackung - PureHiveHoney<\/title>\n<meta name=\"description\" content=\"Entdecken Sie hochwertigen Rohhonig, Bio Honig, Manuka Honig und nat\u00fcrliche Bienenprodukte. PureHiveHoney hilft Ihnen dabei, sorgf\u00e4ltig ausgew\u00e4hlte Honigsorten mit nat\u00fcrlicher Qualit\u00e4t und Reinheit zu entdecken.\" \/>\n<meta name=\"robots\" content=\"index, follow, max-snippet:-1, max-image-preview:large, max-video-preview:-1\" \/>\n<link rel=\"canonical\" href=\"https:\/\/purehivehoney.com\/de\/product\/lebensmittelverpackungen-aus-bienenwachs-wiederverwendbare-lebensmittelverpackung-aus-bienenwachs-nachhaltige-wiederverwendbare-bienenwachs-verpackung-3-stueck-bienenwachs-verpack\/\" \/>\n<meta property=\"og:locale\" content=\"de_DE\" \/>\n<meta property=\"og:type\" content=\"article\" \/>\n<meta property=\"og:title\" content=\"Lebensmittelverpackungen aus Bienenwachs, wiederverwendbare Lebensmittelverpackung aus Bienenwachs \u2013 nachhaltige wiederverwendbare Bienenwachs-Verpackung \u2013 3 St\u00fcck Bienenwachs-Verpackung - PureHiveHoney\" \/>\n<meta property=\"og:description\" content=\"Entdecken Sie hochwertigen Rohhonig, Bio Honig, Manuka Honig und nat\u00fcrliche Bienenprodukte. PureHiveHoney hilft Ihnen dabei, sorgf\u00e4ltig ausgew\u00e4hlte Honigsorten mit nat\u00fcrlicher Qualit\u00e4t und Reinheit zu entdecken.\" \/>\n<meta property=\"og:url\" content=\"https:\/\/purehivehoney.com\/de\/product\/lebensmittelverpackungen-aus-bienenwachs-wiederverwendbare-lebensmittelverpackung-aus-bienenwachs-nachhaltige-wiederverwendbare-bienenwachs-verpackung-3-stueck-bienenwachs-verpack\/\" \/>\n<meta property=\"og:site_name\" content=\"PureHiveHoney\" \/>\n<meta property=\"article:modified_time\" content=\"2026-03-16T15:46:07+00:00\" \/>\n<meta name=\"twitter:card\" content=\"summary_large_image\" \/>\n<meta name=\"twitter:label1\" content=\"Gesch\u00e4tzte Lesezeit\" \/>\n\t<meta name=\"twitter:data1\" content=\"1\u00a0Minute\" \/>\n<script type=\"application\/ld+json\" class=\"yoast-schema-graph\">{\"@context\":\"https:\\\/\\\/schema.org\",\"@graph\":[{\"@type\":\"WebPage\",\"@id\":\"https:\\\/\\\/purehivehoney.com\\\/de\\\/product\\\/lebensmittelverpackungen-aus-bienenwachs-wiederverwendbare-lebensmittelverpackung-aus-bienenwachs-nachhaltige-wiederverwendbare-bienenwachs-verpackung-3-stueck-bienenwachs-verpack\\\/\",\"url\":\"https:\\\/\\\/purehivehoney.com\\\/de\\\/product\\\/lebensmittelverpackungen-aus-bienenwachs-wiederverwendbare-lebensmittelverpackung-aus-bienenwachs-nachhaltige-wiederverwendbare-bienenwachs-verpackung-3-stueck-bienenwachs-verpack\\\/\",\"name\":\"Lebensmittelverpackungen aus Bienenwachs, wiederverwendbare Lebensmittelverpackung aus Bienenwachs \u2013 nachhaltige wiederverwendbare Bienenwachs-Verpackung \u2013 3 St\u00fcck Bienenwachs-Verpackung - PureHiveHoney\",\"isPartOf\":{\"@id\":\"https:\\\/\\\/purehivehoney.com\\\/de\\\/#website\"},\"primaryImageOfPage\":{\"@id\":\"https:\\\/\\\/purehivehoney.com\\\/de\\\/product\\\/lebensmittelverpackungen-aus-bienenwachs-wiederverwendbare-lebensmittelverpackung-aus-bienenwachs-nachhaltige-wiederverwendbare-bienenwachs-verpackung-3-stueck-bienenwachs-verpack\\\/#primaryimage\"},\"image\":{\"@id\":\"https:\\\/\\\/purehivehoney.com\\\/de\\\/product\\\/lebensmittelverpackungen-aus-bienenwachs-wiederverwendbare-lebensmittelverpackung-aus-bienenwachs-nachhaltige-wiederverwendbare-bienenwachs-verpackung-3-stueck-bienenwachs-verpack\\\/#primaryimage\"},\"thumbnailUrl\":\"https:\\\/\\\/purehivehoney.com\\\/de\\\/wp-content\\\/uploads\\\/2026\\\/03\\\/717Ns-ALnL._AC_SL1500_.jpg\",\"datePublished\":\"2026-03-16T15:45:45+00:00\",\"dateModified\":\"2026-03-16T15:46:07+00:00\",\"description\":\"Entdecken Sie hochwertigen Rohhonig, Bio Honig, Manuka Honig und nat\u00fcrliche Bienenprodukte. PureHiveHoney hilft Ihnen dabei, sorgf\u00e4ltig ausgew\u00e4hlte Honigsorten mit nat\u00fcrlicher Qualit\u00e4t und Reinheit zu entdecken.\",\"breadcrumb\":{\"@id\":\"https:\\\/\\\/purehivehoney.com\\\/de\\\/product\\\/lebensmittelverpackungen-aus-bienenwachs-wiederverwendbare-lebensmittelverpackung-aus-bienenwachs-nachhaltige-wiederverwendbare-bienenwachs-verpackung-3-stueck-bienenwachs-verpack\\\/#breadcrumb\"},\"inLanguage\":\"de\",\"potentialAction\":[{\"@type\":\"ReadAction\",\"target\":[\"https:\\\/\\\/purehivehoney.com\\\/de\\\/product\\\/lebensmittelverpackungen-aus-bienenwachs-wiederverwendbare-lebensmittelverpackung-aus-bienenwachs-nachhaltige-wiederverwendbare-bienenwachs-verpackung-3-stueck-bienenwachs-verpack\\\/\"]}]},{\"@type\":\"ImageObject\",\"inLanguage\":\"de\",\"@id\":\"https:\\\/\\\/purehivehoney.com\\\/de\\\/product\\\/lebensmittelverpackungen-aus-bienenwachs-wiederverwendbare-lebensmittelverpackung-aus-bienenwachs-nachhaltige-wiederverwendbare-bienenwachs-verpackung-3-stueck-bienenwachs-verpack\\\/#primaryimage\",\"url\":\"https:\\\/\\\/purehivehoney.com\\\/de\\\/wp-content\\\/uploads\\\/2026\\\/03\\\/717Ns-ALnL._AC_SL1500_.jpg\",\"contentUrl\":\"https:\\\/\\\/purehivehoney.com\\\/de\\\/wp-content\\\/uploads\\\/2026\\\/03\\\/717Ns-ALnL._AC_SL1500_.jpg\",\"width\":1433,\"height\":1425},{\"@type\":\"BreadcrumbList\",\"@id\":\"https:\\\/\\\/purehivehoney.com\\\/de\\\/product\\\/lebensmittelverpackungen-aus-bienenwachs-wiederverwendbare-lebensmittelverpackung-aus-bienenwachs-nachhaltige-wiederverwendbare-bienenwachs-verpackung-3-stueck-bienenwachs-verpack\\\/#breadcrumb\",\"itemListElement\":[{\"@type\":\"ListItem\",\"position\":1,\"name\":\"Home\",\"item\":\"https:\\\/\\\/purehivehoney.com\\\/de\\\/\"},{\"@type\":\"ListItem\",\"position\":2,\"name\":\"Shop\",\"item\":\"https:\\\/\\\/purehivehoney.com\\\/de\\\/shop\\\/\"},{\"@type\":\"ListItem\",\"position\":3,\"name\":\"Lebensmittelverpackungen aus Bienen...\"}]},{\"@type\":\"WebSite\",\"@id\":\"https:\\\/\\\/purehivehoney.com\\\/de\\\/#website\",\"url\":\"https:\\\/\\\/purehivehoney.com\\\/de\\\/\",\"name\":\"PureHiveHoney\",\"description\":\"Reiner Honig &amp; Bienenprodukte Online | Rohhonig, Bio Honig &amp; Spezialhonig\",\"publisher\":{\"@id\":\"https:\\\/\\\/purehivehoney.com\\\/de\\\/#organization\"},\"potentialAction\":[{\"@type\":\"SearchAction\",\"target\":{\"@type\":\"EntryPoint\",\"urlTemplate\":\"https:\\\/\\\/purehivehoney.com\\\/de\\\/?s={search_term_string}\"},\"query-input\":{\"@type\":\"PropertyValueSpecification\",\"valueRequired\":true,\"valueName\":\"search_term_string\"}}],\"inLanguage\":\"de\"},{\"@type\":\"Organization\",\"@id\":\"https:\\\/\\\/purehivehoney.com\\\/de\\\/#organization\",\"name\":\"PureHiveHoney\",\"url\":\"https:\\\/\\\/purehivehoney.com\\\/de\\\/\",\"logo\":{\"@type\":\"ImageObject\",\"inLanguage\":\"de\",\"@id\":\"https:\\\/\\\/purehivehoney.com\\\/de\\\/#\\\/schema\\\/logo\\\/image\\\/\",\"url\":\"https:\\\/\\\/purehivehoney.com\\\/de\\\/wp-content\\\/uploads\\\/2026\\\/03\\\/Screenshot-2026-03-16-at-1.06.01-AM.png\",\"contentUrl\":\"https:\\\/\\\/purehivehoney.com\\\/de\\\/wp-content\\\/uploads\\\/2026\\\/03\\\/Screenshot-2026-03-16-at-1.06.01-AM.png\",\"width\":2112,\"height\":1086,\"caption\":\"PureHiveHoney\"},\"image\":{\"@id\":\"https:\\\/\\\/purehivehoney.com\\\/de\\\/#\\\/schema\\\/logo\\\/image\\\/\"}}]}<\/script>\n<!-- \/ Yoast SEO plugin. -->","yoast_head_json":{"title":"Lebensmittelverpackungen aus Bienenwachs, wiederverwendbare Lebensmittelverpackung aus Bienenwachs \u2013 nachhaltige wiederverwendbare Bienenwachs-Verpackung \u2013 3 St\u00fcck Bienenwachs-Verpackung - PureHiveHoney","description":"Entdecken Sie hochwertigen Rohhonig, Bio Honig, Manuka Honig und nat\u00fcrliche Bienenprodukte. PureHiveHoney hilft Ihnen dabei, sorgf\u00e4ltig ausgew\u00e4hlte Honigsorten mit nat\u00fcrlicher Qualit\u00e4t und Reinheit zu entdecken.","robots":{"index":"index","follow":"follow","max-snippet":"max-snippet:-1","max-image-preview":"max-image-preview:large","max-video-preview":"max-video-preview:-1"},"canonical":"https:\/\/purehivehoney.com\/de\/product\/lebensmittelverpackungen-aus-bienenwachs-wiederverwendbare-lebensmittelverpackung-aus-bienenwachs-nachhaltige-wiederverwendbare-bienenwachs-verpackung-3-stueck-bienenwachs-verpack\/","og_locale":"de_DE","og_type":"article","og_title":"Lebensmittelverpackungen aus Bienenwachs, wiederverwendbare Lebensmittelverpackung aus Bienenwachs \u2013 nachhaltige wiederverwendbare Bienenwachs-Verpackung \u2013 3 St\u00fcck Bienenwachs-Verpackung - PureHiveHoney","og_description":"Entdecken Sie hochwertigen Rohhonig, Bio Honig, Manuka Honig und nat\u00fcrliche Bienenprodukte. PureHiveHoney hilft Ihnen dabei, sorgf\u00e4ltig ausgew\u00e4hlte Honigsorten mit nat\u00fcrlicher Qualit\u00e4t und Reinheit zu entdecken.","og_url":"https:\/\/purehivehoney.com\/de\/product\/lebensmittelverpackungen-aus-bienenwachs-wiederverwendbare-lebensmittelverpackung-aus-bienenwachs-nachhaltige-wiederverwendbare-bienenwachs-verpackung-3-stueck-bienenwachs-verpack\/","og_site_name":"PureHiveHoney","article_modified_time":"2026-03-16T15:46:07+00:00","twitter_card":"summary_large_image","twitter_misc":{"Gesch\u00e4tzte Lesezeit":"1\u00a0Minute"},"schema":{"@context":"https:\/\/schema.org","@graph":[{"@type":"WebPage","@id":"https:\/\/purehivehoney.com\/de\/product\/lebensmittelverpackungen-aus-bienenwachs-wiederverwendbare-lebensmittelverpackung-aus-bienenwachs-nachhaltige-wiederverwendbare-bienenwachs-verpackung-3-stueck-bienenwachs-verpack\/","url":"https:\/\/purehivehoney.com\/de\/product\/lebensmittelverpackungen-aus-bienenwachs-wiederverwendbare-lebensmittelverpackung-aus-bienenwachs-nachhaltige-wiederverwendbare-bienenwachs-verpackung-3-stueck-bienenwachs-verpack\/","name":"Lebensmittelverpackungen aus Bienenwachs, wiederverwendbare Lebensmittelverpackung aus Bienenwachs \u2013 nachhaltige wiederverwendbare Bienenwachs-Verpackung \u2013 3 St\u00fcck Bienenwachs-Verpackung - PureHiveHoney","isPartOf":{"@id":"https:\/\/purehivehoney.com\/de\/#website"},"primaryImageOfPage":{"@id":"https:\/\/purehivehoney.com\/de\/product\/lebensmittelverpackungen-aus-bienenwachs-wiederverwendbare-lebensmittelverpackung-aus-bienenwachs-nachhaltige-wiederverwendbare-bienenwachs-verpackung-3-stueck-bienenwachs-verpack\/#primaryimage"},"image":{"@id":"https:\/\/purehivehoney.com\/de\/product\/lebensmittelverpackungen-aus-bienenwachs-wiederverwendbare-lebensmittelverpackung-aus-bienenwachs-nachhaltige-wiederverwendbare-bienenwachs-verpackung-3-stueck-bienenwachs-verpack\/#primaryimage"},"thumbnailUrl":"https:\/\/purehivehoney.com\/de\/wp-content\/uploads\/2026\/03\/717Ns-ALnL._AC_SL1500_.jpg","datePublished":"2026-03-16T15:45:45+00:00","dateModified":"2026-03-16T15:46:07+00:00","description":"Entdecken Sie hochwertigen Rohhonig, Bio Honig, Manuka Honig und nat\u00fcrliche Bienenprodukte. PureHiveHoney hilft Ihnen dabei, sorgf\u00e4ltig ausgew\u00e4hlte Honigsorten mit nat\u00fcrlicher Qualit\u00e4t und Reinheit zu entdecken.","breadcrumb":{"@id":"https:\/\/purehivehoney.com\/de\/product\/lebensmittelverpackungen-aus-bienenwachs-wiederverwendbare-lebensmittelverpackung-aus-bienenwachs-nachhaltige-wiederverwendbare-bienenwachs-verpackung-3-stueck-bienenwachs-verpack\/#breadcrumb"},"inLanguage":"de","potentialAction":[{"@type":"ReadAction","target":["https:\/\/purehivehoney.com\/de\/product\/lebensmittelverpackungen-aus-bienenwachs-wiederverwendbare-lebensmittelverpackung-aus-bienenwachs-nachhaltige-wiederverwendbare-bienenwachs-verpackung-3-stueck-bienenwachs-verpack\/"]}]},{"@type":"ImageObject","inLanguage":"de","@id":"https:\/\/purehivehoney.com\/de\/product\/lebensmittelverpackungen-aus-bienenwachs-wiederverwendbare-lebensmittelverpackung-aus-bienenwachs-nachhaltige-wiederverwendbare-bienenwachs-verpackung-3-stueck-bienenwachs-verpack\/#primaryimage","url":"https:\/\/purehivehoney.com\/de\/wp-content\/uploads\/2026\/03\/717Ns-ALnL._AC_SL1500_.jpg","contentUrl":"https:\/\/purehivehoney.com\/de\/wp-content\/uploads\/2026\/03\/717Ns-ALnL._AC_SL1500_.jpg","width":1433,"height":1425},{"@type":"BreadcrumbList","@id":"https:\/\/purehivehoney.com\/de\/product\/lebensmittelverpackungen-aus-bienenwachs-wiederverwendbare-lebensmittelverpackung-aus-bienenwachs-nachhaltige-wiederverwendbare-bienenwachs-verpackung-3-stueck-bienenwachs-verpack\/#breadcrumb","itemListElement":[{"@type":"ListItem","position":1,"name":"Home","item":"https:\/\/purehivehoney.com\/de\/"},{"@type":"ListItem","position":2,"name":"Shop","item":"https:\/\/purehivehoney.com\/de\/shop\/"},{"@type":"ListItem","position":3,"name":"Lebensmittelverpackungen aus Bienen..."}]},{"@type":"WebSite","@id":"https:\/\/purehivehoney.com\/de\/#website","url":"https:\/\/purehivehoney.com\/de\/","name":"PureHiveHoney","description":"Reiner Honig &amp; Bienenprodukte Online | Rohhonig, Bio Honig &amp; Spezialhonig","publisher":{"@id":"https:\/\/purehivehoney.com\/de\/#organization"},"potentialAction":[{"@type":"SearchAction","target":{"@type":"EntryPoint","urlTemplate":"https:\/\/purehivehoney.com\/de\/?s={search_term_string}"},"query-input":{"@type":"PropertyValueSpecification","valueRequired":true,"valueName":"search_term_string"}}],"inLanguage":"de"},{"@type":"Organization","@id":"https:\/\/purehivehoney.com\/de\/#organization","name":"PureHiveHoney","url":"https:\/\/purehivehoney.com\/de\/","logo":{"@type":"ImageObject","inLanguage":"de","@id":"https:\/\/purehivehoney.com\/de\/#\/schema\/logo\/image\/","url":"https:\/\/purehivehoney.com\/de\/wp-content\/uploads\/2026\/03\/Screenshot-2026-03-16-at-1.06.01-AM.png","contentUrl":"https:\/\/purehivehoney.com\/de\/wp-content\/uploads\/2026\/03\/Screenshot-2026-03-16-at-1.06.01-AM.png","width":2112,"height":1086,"caption":"PureHiveHoney"},"image":{"@id":"https:\/\/purehivehoney.com\/de\/#\/schema\/logo\/image\/"}}]}},"_links":{"self":[{"href":"https:\/\/purehivehoney.com\/de\/wp-json\/wp\/v2\/product\/1733","targetHints":{"allow":["GET"]}}],"collection":[{"href":"https:\/\/purehivehoney.com\/de\/wp-json\/wp\/v2\/product"}],"about":[{"href":"https:\/\/purehivehoney.com\/de\/wp-json\/wp\/v2\/types\/product"}],"replies":[{"embeddable":true,"href":"https:\/\/purehivehoney.com\/de\/wp-json\/wp\/v2\/comments?post=1733"}],"wp:featuredmedia":[{"embeddable":true,"href":"https:\/\/purehivehoney.com\/de\/wp-json\/wp\/v2\/media\/1734"}],"wp:attachment":[{"href":"https:\/\/purehivehoney.com\/de\/wp-json\/wp\/v2\/media?parent=1733"}],"wp:term":[{"taxonomy":"store","embeddable":true,"href":"https:\/\/purehivehoney.com\/de\/wp-json\/wp\/v2\/store?post=1733"},{"taxonomy":"product_brand","embeddable":true,"href":"https:\/\/purehivehoney.com\/de\/wp-json\/wp\/v2\/product_brand?post=1733"},{"taxonomy":"product_cat","embeddable":true,"href":"https:\/\/purehivehoney.com\/de\/wp-json\/wp\/v2\/product_cat?post=1733"},{"taxonomy":"product_tag","embeddable":true,"href":"https:\/\/purehivehoney.com\/de\/wp-json\/wp\/v2\/product_tag?post=1733"}],"curies":[{"name":"wp","href":"https:\/\/api.w.org\/{rel}","templated":true}]}}