{"id":172,"date":"2026-03-15T20:00:28","date_gmt":"2026-03-15T20:00:28","guid":{"rendered":"https:\/\/purehivehoney.com\/de\/product\/kitchencraft-wooden-honey-dipper-16-cm-6%c2%bd\/"},"modified":"2026-03-15T23:36:13","modified_gmt":"2026-03-15T23:36:13","slug":"kitchencraft-wooden-honey-dipper-16-cm-6%c2%bd","status":"publish","type":"product","link":"https:\/\/purehivehoney.com\/de\/product\/kitchencraft-wooden-honey-dipper-16-cm-6%c2%bd\/","title":{"rendered":"KitchenCraft Wooden Honey Dipper, 1..."},"content":{"rendered":"<p>                                             From the manufacturer   <\/p>\n<p>                                                  <img decoding=\"async\" alt=\" \" src=\"https:\/\/images-na.ssl-images-amazon.com\/images\/G\/01\/x-locale\/common\/grey-pixel.gif\" class=\"a-lazy-loaded\" data-src=\"https:\/\/m.media-amazon.com\/images\/S\/aplus-media\/vc\/4c0037a0-5837-4dff-a84c-a025a668a4fd.__CR0,0,970,300_PT0_SX970_V1___.jpg\"><img decoding=\"async\" alt=\" \" src=\"https:\/\/m.media-amazon.com\/images\/S\/aplus-media\/vc\/4c0037a0-5837-4dff-a84c-a025a668a4fd.__CR0,0,970,300_PT0_SX970_V1___.jpg\">  <\/p>\n<h3> Die ma\u00dfgebliche Marke f\u00fcr K\u00fcchenartikel. <\/h3>\n<p> KitchenCraft ist die ma\u00dfgebliche Marke f\u00fcr K\u00fcchenartikel, mit mehr als 1.300 Alltags-K\u00fcchenutensilien mit denen Sie kochen, backen und dekorieren k\u00f6nnen. <\/p>\n<p>                                                      <img decoding=\"async\" alt=\" \" src=\"https:\/\/images-na.ssl-images-amazon.com\/images\/G\/01\/x-locale\/common\/grey-pixel.gif\" class=\"a-spacing-mini a-lazy-loaded\" data-src=\"https:\/\/m.media-amazon.com\/images\/S\/aplus-media\/vc\/e03308b9-e088-4bbe-a0ea-ad89e2a2576e.__CR0,0,300,300_PT0_SX300_V1___.jpg\"><img decoding=\"async\" alt=\" \" src=\"https:\/\/m.media-amazon.com\/images\/S\/aplus-media\/vc\/e03308b9-e088-4bbe-a0ea-ad89e2a2576e.__CR0,0,300,300_PT0_SX300_V1___.jpg\">  <\/p>\n<h3 class=\"a-spacing-mini\"> KitchenCraft Honig-Betr\u00e4ufler auf Holz <\/h3>\n<p>                                           Die traditionelle Art, in den Honig einzutauchen, ihn aufzutr\u00e4ufeln und zu servieren                                     <\/p>\n<p class=\"a-spacing-base\"> Diese s\u00fc\u00dfe Honignote f\u00fcr Ihre M\u00fcslis, Joghurts und Desserts ist so befriedigend, aber &#8211; seien wir ehrlich &#8211; es ist nicht die einfachste Arbeit der Welt. Mit einem Teel\u00f6ffel scheint man immer nur den Honig herauszuholen und dann alles \u00fcber die Arbeitsfl\u00e4che oder ihre Hand zu tr\u00e4ufeln. <\/p>\n<p class=\"a-spacing-base\"> Machen Sie sich das Leben leichter und holen Sie sich den h\u00f6lzernen Honigl\u00f6ffel von KitchenCraft. Es ist die einfache und traditionelle Art, Honig zu servieren, um das Tropfen zu minimieren und Ihnen einen sch\u00f6nen, kontrollierten Honigregen zu geben. <\/p>\n<p class=\"a-spacing-base\"> Das alles dank seines runden, gerillten Kopfes. Dieses altehrw\u00fcrdige Design h\u00e4lt Honig in Position, solange Sie den Griff drehen. Wenn Sie aufh\u00f6ren zu drehen, beginnt der leckere Honig herabzurinnen! <\/p>\n<p class=\"a-spacing-base\"> Und es ist nicht nur f\u00fcr Honig. Verwenden Sie es auch f\u00fcr Sirup und Melasse. Wie w\u00e4re es mit einem sch\u00f6nen Blech Melassekekse? Mmmh&#8230; <\/p>\n<p>                                                         N\u00fctzliche Informationen:                                        Ma\u00dfe 16 cm (6\u00bd Zoll)       Nur Handw\u00e4sche       <\/p>\n<p>                                                  <img decoding=\"async\" alt=\" \" src=\"https:\/\/images-na.ssl-images-amazon.com\/images\/G\/01\/x-locale\/common\/grey-pixel.gif\" class=\"a-spacing-mini a-lazy-loaded\" data-src=\"https:\/\/m.media-amazon.com\/images\/S\/aplus-media\/vc\/66c00aba-a4c3-489b-b4f4-c0b7bee762c7.__CR0,0,300,300_PT0_SX300_V1___.jpg\"><img decoding=\"async\" alt=\" \" src=\"https:\/\/m.media-amazon.com\/images\/S\/aplus-media\/vc\/66c00aba-a4c3-489b-b4f4-c0b7bee762c7.__CR0,0,300,300_PT0_SX300_V1___.jpg\">  <\/p>\n<h3 class=\"a-spacing-mini\"> Gebrauchsanleitung <\/h3>\n<p> 1. Eintauchen! <\/p>\n<p> Tauchen Sie das geriffelte Ende des L\u00f6ffelstiels in ein Glas mit Honig, Sirup oder Melasse. <\/p>\n<p> 2. Drehen! <\/p>\n<p> Ziehen Sie den L\u00f6ffel heraus und drehen Sie ihn gegen den Uhrzeigersinn, um den laufenden Honig, Sirup oder die Melasse zu stoppen. <\/p>\n<p> 3. Abtr\u00e4ufeln! <\/p>\n<p> Einfach aufh\u00f6ren zu drehen, um den Honig flie\u00dfen zu lassen. Drehen Sie den L\u00f6ffel erneut, um ihn beim Servieren zu steuern. <\/p>\n<h3 class=\"a-spacing-small\"> Mehr Eigenschaften <\/h3>\n<p class=\"apm-text-center\">\n                                                      <img decoding=\"async\" alt=\" \" src=\"https:\/\/images-na.ssl-images-amazon.com\/images\/G\/01\/x-locale\/common\/grey-pixel.gif\" class=\"a-lazy-loaded\" data-src=\"https:\/\/m.media-amazon.com\/images\/S\/aplus-media\/vc\/5e73d73c-f0e6-4b43-a1df-27aeca9e4140.__CR0,0,220,220_PT0_SX220_V1___.jpg\"><img decoding=\"async\" alt=\" \" src=\"https:\/\/m.media-amazon.com\/images\/S\/aplus-media\/vc\/5e73d73c-f0e6-4b43-a1df-27aeca9e4140.__CR0,0,220,220_PT0_SX220_V1___.jpg\">  <\/p>\n<p>                                                    Echt glatt                                     <\/p>\n<p class=\"a-size-small\"> Die Gl\u00e4tte des Holzes l\u00e4sst den Honig, den Sirup oder den Sirup leicht abtropfen, w\u00e4hrend die Rillen ihn beim Drehen festhalten! <\/p>\n<p class=\"apm-text-center\">\n                                                      <img decoding=\"async\" alt=\" \" src=\"https:\/\/images-na.ssl-images-amazon.com\/images\/G\/01\/x-locale\/common\/grey-pixel.gif\" class=\"a-lazy-loaded\" data-src=\"https:\/\/m.media-amazon.com\/images\/S\/aplus-media\/vc\/3ef0ce86-cd6c-4310-888b-072e75c29841.__CR0,0,220,220_PT0_SX220_V1___.jpg\"><img decoding=\"async\" alt=\" \" src=\"https:\/\/m.media-amazon.com\/images\/S\/aplus-media\/vc\/3ef0ce86-cd6c-4310-888b-072e75c29841.__CR0,0,220,220_PT0_SX220_V1___.jpg\">  <\/p>\n<p>                                                    Bequem zu greifen                                     <\/p>\n<p class=\"a-size-small\"> Der Griff hat am Ende einen abgerundeten Knopf, mit dem Sie ihn beim Heben, Drehen und Tr\u00e4ufeln bequem halten k\u00f6nnen. <\/p>\n<p class=\"apm-text-center\">\n                                                      <img decoding=\"async\" alt=\" \" src=\"https:\/\/images-na.ssl-images-amazon.com\/images\/G\/01\/x-locale\/common\/grey-pixel.gif\" class=\"a-lazy-loaded\" data-src=\"https:\/\/m.media-amazon.com\/images\/S\/aplus-media\/vc\/af3e9ffa-7a2e-4058-82e6-7d1d831f17cd.__CR0,0,220,220_PT0_SX220_V1___.jpg\"><img decoding=\"async\" alt=\" \" src=\"https:\/\/m.media-amazon.com\/images\/S\/aplus-media\/vc\/af3e9ffa-7a2e-4058-82e6-7d1d831f17cd.__CR0,0,220,220_PT0_SX220_V1___.jpg\">  <\/p>\n<p>                                                    Perfekte Gr\u00f6\u00dfe                                     <\/p>\n<p class=\"a-size-small\"> Der Tauchkopf hat die perfekte Gr\u00f6\u00dfe, um in Gl\u00e4ser praktisch jeder Gr\u00f6\u00dfe zu passen. <\/p>\n<p class=\"apm-text-center\">\n                                                      <img decoding=\"async\" alt=\" \" src=\"https:\/\/images-na.ssl-images-amazon.com\/images\/G\/01\/x-locale\/common\/grey-pixel.gif\" class=\"a-lazy-loaded\" data-src=\"https:\/\/m.media-amazon.com\/images\/S\/aplus-media\/vc\/cf8dd1dc-a64e-4655-b983-dd7beb0ab938.__CR0,0,220,220_PT0_SX220_V1___.jpg\"><img decoding=\"async\" alt=\" \" src=\"https:\/\/m.media-amazon.com\/images\/S\/aplus-media\/vc\/cf8dd1dc-a64e-4655-b983-dd7beb0ab938.__CR0,0,220,220_PT0_SX220_V1___.jpg\">  <\/p>\n<p>                                                    Rustikale Optik                                     <\/p>\n<p class=\"a-size-small\"> Dieser Honigl\u00f6ffel ist eines dieser Werkzeuge, die genauso gut aussehen wie sie n\u00fctzlich sind. Seine geschnitzte Holzoptik verleiht jeder K\u00fcche oder jedem Esstisch rustikalen Charme. <\/p>\n<p>                                                  <img decoding=\"async\" alt=\" \" src=\"https:\/\/images-na.ssl-images-amazon.com\/images\/G\/01\/x-locale\/common\/grey-pixel.gif\" class=\"a-lazy-loaded\" data-src=\"https:\/\/m.media-amazon.com\/images\/S\/aplus-media\/vc\/f4cefcef-bca1-454e-bd8b-c85a1697c08c.__CR0,0,1440,1440_PT0_SX300_V1___.jpg\"><img decoding=\"async\" alt=\" \" src=\"https:\/\/m.media-amazon.com\/images\/S\/aplus-media\/vc\/f4cefcef-bca1-454e-bd8b-c85a1697c08c.__CR0,0,1440,1440_PT0_SX300_V1___.jpg\">  <\/p>\n<h3 class=\"a-spacing-mini\"> \u00dcber KitchenCraft <\/h3>\n<p> Die ma\u00dfgebliche Marke f\u00fcr K\u00fcchenartikel. Seit 1850 hat KitchenCraft Tausende Kochutensilien, K\u00fcchenhelfer und Ger\u00e4te entworfen, hergestellt und geliefert \u2013 und jedes einzelne spielt in den K\u00fcchen von Kunden in ganz Gro\u00dfbritannien eine wichtige Rolle. <\/p>\n<p> Bei mehr als 1.000 Artikeln, die zur Auswahl stehen, gibt es f\u00fcr jeden Zweck ein zuverl\u00e4ssiges KitchenCraft-Produkt \u2013 vom Grundlegenden f\u00fcr den Alltag bis zum Au\u00dfergew\u00f6hnlichen. <\/p>\n<p>Please be aware that unless expressly indicated otherwise, product packaging may vary from what is shown on this listing. We recommend that you do not rely solely on the information presented on our listing. Please always read the labels, warning and directions provided before using or consuming the product.<\/p>\n\n","protected":false},"excerpt":{"rendered":"<p>From the manufacturer Die ma\u00dfgebliche Marke f\u00fcr K\u00fcchenartikel. KitchenCraft ist die ma\u00dfgebliche Marke f\u00fcr K\u00fcchenartikel, mit mehr als 1.300 Alltags-K\u00fcchenutensilien mit denen Sie kochen, backen und dekorieren k\u00f6nnen. KitchenCraft Honig-Betr\u00e4ufler auf Holz Die traditionelle Art, in den Honig einzutauchen, ihn aufzutr\u00e4ufeln und zu servieren Diese s\u00fc\u00dfe Honignote f\u00fcr Ihre M\u00fcslis, Joghurts und Desserts ist so [&hellip;]<\/p>\n","protected":false},"featured_media":173,"comment_status":"open","ping_status":"closed","template":"","meta":{"_aipt_faq_data":""},"store":[],"product_brand":[],"product_cat":[73],"product_tag":[86],"class_list":{"0":"post-172","1":"product","2":"type-product","3":"status-publish","4":"has-post-thumbnail","6":"product_cat-honigloffel","7":"product_tag-honigloeffel-aus-holz","9":"first","10":"instock","11":"sale","12":"shipping-taxable","13":"product-type-external"},"yoast_head":"<!-- This site is optimized with the Yoast SEO plugin v27.4 - https:\/\/yoast.com\/product\/yoast-seo-wordpress\/ -->\n<title>KitchenCraft Wooden Honey Dipper, 16 cm (6\u00bd&quot;) - PureHiveHoney<\/title>\n<meta name=\"description\" content=\"Entdecken Sie hochwertigen Rohhonig, Bio Honig, Manuka Honig und nat\u00fcrliche Bienenprodukte. PureHiveHoney hilft Ihnen dabei, sorgf\u00e4ltig ausgew\u00e4hlte Honigsorten mit nat\u00fcrlicher Qualit\u00e4t und Reinheit zu entdecken.\" \/>\n<meta name=\"robots\" content=\"index, follow, max-snippet:-1, max-image-preview:large, max-video-preview:-1\" \/>\n<link rel=\"canonical\" href=\"https:\/\/purehivehoney.com\/de\/product\/kitchencraft-wooden-honey-dipper-16-cm-6\u00bd\/\" \/>\n<meta property=\"og:locale\" content=\"de_DE\" \/>\n<meta property=\"og:type\" content=\"article\" \/>\n<meta property=\"og:title\" content=\"KitchenCraft Wooden Honey Dipper, 16 cm (6\u00bd&quot;) - PureHiveHoney\" \/>\n<meta property=\"og:description\" content=\"Entdecken Sie hochwertigen Rohhonig, Bio Honig, Manuka Honig und nat\u00fcrliche Bienenprodukte. PureHiveHoney hilft Ihnen dabei, sorgf\u00e4ltig ausgew\u00e4hlte Honigsorten mit nat\u00fcrlicher Qualit\u00e4t und Reinheit zu entdecken.\" \/>\n<meta property=\"og:url\" content=\"https:\/\/purehivehoney.com\/de\/product\/kitchencraft-wooden-honey-dipper-16-cm-6\u00bd\/\" \/>\n<meta property=\"og:site_name\" content=\"PureHiveHoney\" \/>\n<meta property=\"article:modified_time\" content=\"2026-03-15T23:36:13+00:00\" \/>\n<meta property=\"og:image\" content=\"https:\/\/images-na.ssl-images-amazon.com\/images\/G\/01\/x-locale\/common\/grey-pixel.gif\" \/>\n<meta name=\"twitter:card\" content=\"summary_large_image\" \/>\n<meta name=\"twitter:label1\" content=\"Gesch\u00e4tzte Lesezeit\" \/>\n\t<meta name=\"twitter:data1\" content=\"3\u00a0Minuten\" \/>\n<script type=\"application\/ld+json\" class=\"yoast-schema-graph\">{\"@context\":\"https:\\\/\\\/schema.org\",\"@graph\":[{\"@type\":\"WebPage\",\"@id\":\"https:\\\/\\\/purehivehoney.com\\\/de\\\/product\\\/kitchencraft-wooden-honey-dipper-16-cm-6%c2%bd\\\/\",\"url\":\"https:\\\/\\\/purehivehoney.com\\\/de\\\/product\\\/kitchencraft-wooden-honey-dipper-16-cm-6%c2%bd\\\/\",\"name\":\"KitchenCraft Wooden Honey Dipper, 16 cm (6\u00bd\\\") - PureHiveHoney\",\"isPartOf\":{\"@id\":\"https:\\\/\\\/purehivehoney.com\\\/de\\\/#website\"},\"primaryImageOfPage\":{\"@id\":\"https:\\\/\\\/purehivehoney.com\\\/de\\\/product\\\/kitchencraft-wooden-honey-dipper-16-cm-6%c2%bd\\\/#primaryimage\"},\"image\":{\"@id\":\"https:\\\/\\\/purehivehoney.com\\\/de\\\/product\\\/kitchencraft-wooden-honey-dipper-16-cm-6%c2%bd\\\/#primaryimage\"},\"thumbnailUrl\":\"https:\\\/\\\/purehivehoney.com\\\/de\\\/wp-content\\\/uploads\\\/2026\\\/03\\\/61pJknPTjtL._AC_SL1500_.jpg\",\"datePublished\":\"2026-03-15T20:00:28+00:00\",\"dateModified\":\"2026-03-15T23:36:13+00:00\",\"description\":\"Entdecken Sie hochwertigen Rohhonig, Bio Honig, Manuka Honig und nat\u00fcrliche Bienenprodukte. PureHiveHoney hilft Ihnen dabei, sorgf\u00e4ltig ausgew\u00e4hlte Honigsorten mit nat\u00fcrlicher Qualit\u00e4t und Reinheit zu entdecken.\",\"breadcrumb\":{\"@id\":\"https:\\\/\\\/purehivehoney.com\\\/de\\\/product\\\/kitchencraft-wooden-honey-dipper-16-cm-6%c2%bd\\\/#breadcrumb\"},\"inLanguage\":\"de\",\"potentialAction\":[{\"@type\":\"ReadAction\",\"target\":[\"https:\\\/\\\/purehivehoney.com\\\/de\\\/product\\\/kitchencraft-wooden-honey-dipper-16-cm-6%c2%bd\\\/\"]}]},{\"@type\":\"ImageObject\",\"inLanguage\":\"de\",\"@id\":\"https:\\\/\\\/purehivehoney.com\\\/de\\\/product\\\/kitchencraft-wooden-honey-dipper-16-cm-6%c2%bd\\\/#primaryimage\",\"url\":\"https:\\\/\\\/purehivehoney.com\\\/de\\\/wp-content\\\/uploads\\\/2026\\\/03\\\/61pJknPTjtL._AC_SL1500_.jpg\",\"contentUrl\":\"https:\\\/\\\/purehivehoney.com\\\/de\\\/wp-content\\\/uploads\\\/2026\\\/03\\\/61pJknPTjtL._AC_SL1500_.jpg\",\"width\":225,\"height\":1500},{\"@type\":\"BreadcrumbList\",\"@id\":\"https:\\\/\\\/purehivehoney.com\\\/de\\\/product\\\/kitchencraft-wooden-honey-dipper-16-cm-6%c2%bd\\\/#breadcrumb\",\"itemListElement\":[{\"@type\":\"ListItem\",\"position\":1,\"name\":\"Home\",\"item\":\"https:\\\/\\\/purehivehoney.com\\\/de\\\/\"},{\"@type\":\"ListItem\",\"position\":2,\"name\":\"Shop\",\"item\":\"https:\\\/\\\/purehivehoney.com\\\/de\\\/shop\\\/\"},{\"@type\":\"ListItem\",\"position\":3,\"name\":\"KitchenCraft Wooden Honey Dipper, 1...\"}]},{\"@type\":\"WebSite\",\"@id\":\"https:\\\/\\\/purehivehoney.com\\\/de\\\/#website\",\"url\":\"https:\\\/\\\/purehivehoney.com\\\/de\\\/\",\"name\":\"PureHiveHoney\",\"description\":\"Reiner Honig &amp; Bienenprodukte Online | Rohhonig, Bio Honig &amp; Spezialhonig\",\"publisher\":{\"@id\":\"https:\\\/\\\/purehivehoney.com\\\/de\\\/#organization\"},\"potentialAction\":[{\"@type\":\"SearchAction\",\"target\":{\"@type\":\"EntryPoint\",\"urlTemplate\":\"https:\\\/\\\/purehivehoney.com\\\/de\\\/?s={search_term_string}\"},\"query-input\":{\"@type\":\"PropertyValueSpecification\",\"valueRequired\":true,\"valueName\":\"search_term_string\"}}],\"inLanguage\":\"de\"},{\"@type\":\"Organization\",\"@id\":\"https:\\\/\\\/purehivehoney.com\\\/de\\\/#organization\",\"name\":\"PureHiveHoney\",\"url\":\"https:\\\/\\\/purehivehoney.com\\\/de\\\/\",\"logo\":{\"@type\":\"ImageObject\",\"inLanguage\":\"de\",\"@id\":\"https:\\\/\\\/purehivehoney.com\\\/de\\\/#\\\/schema\\\/logo\\\/image\\\/\",\"url\":\"https:\\\/\\\/purehivehoney.com\\\/de\\\/wp-content\\\/uploads\\\/2026\\\/03\\\/Screenshot-2026-03-16-at-1.06.01-AM.png\",\"contentUrl\":\"https:\\\/\\\/purehivehoney.com\\\/de\\\/wp-content\\\/uploads\\\/2026\\\/03\\\/Screenshot-2026-03-16-at-1.06.01-AM.png\",\"width\":2112,\"height\":1086,\"caption\":\"PureHiveHoney\"},\"image\":{\"@id\":\"https:\\\/\\\/purehivehoney.com\\\/de\\\/#\\\/schema\\\/logo\\\/image\\\/\"}}]}<\/script>\n<!-- \/ Yoast SEO plugin. -->","yoast_head_json":{"title":"KitchenCraft Wooden Honey Dipper, 16 cm (6\u00bd\") - PureHiveHoney","description":"Entdecken Sie hochwertigen Rohhonig, Bio Honig, Manuka Honig und nat\u00fcrliche Bienenprodukte. PureHiveHoney hilft Ihnen dabei, sorgf\u00e4ltig ausgew\u00e4hlte Honigsorten mit nat\u00fcrlicher Qualit\u00e4t und Reinheit zu entdecken.","robots":{"index":"index","follow":"follow","max-snippet":"max-snippet:-1","max-image-preview":"max-image-preview:large","max-video-preview":"max-video-preview:-1"},"canonical":"https:\/\/purehivehoney.com\/de\/product\/kitchencraft-wooden-honey-dipper-16-cm-6\u00bd\/","og_locale":"de_DE","og_type":"article","og_title":"KitchenCraft Wooden Honey Dipper, 16 cm (6\u00bd\") - PureHiveHoney","og_description":"Entdecken Sie hochwertigen Rohhonig, Bio Honig, Manuka Honig und nat\u00fcrliche Bienenprodukte. PureHiveHoney hilft Ihnen dabei, sorgf\u00e4ltig ausgew\u00e4hlte Honigsorten mit nat\u00fcrlicher Qualit\u00e4t und Reinheit zu entdecken.","og_url":"https:\/\/purehivehoney.com\/de\/product\/kitchencraft-wooden-honey-dipper-16-cm-6\u00bd\/","og_site_name":"PureHiveHoney","article_modified_time":"2026-03-15T23:36:13+00:00","og_image":[{"url":"https:\/\/images-na.ssl-images-amazon.com\/images\/G\/01\/x-locale\/common\/grey-pixel.gif","type":"","width":"","height":""}],"twitter_card":"summary_large_image","twitter_misc":{"Gesch\u00e4tzte Lesezeit":"3\u00a0Minuten"},"schema":{"@context":"https:\/\/schema.org","@graph":[{"@type":"WebPage","@id":"https:\/\/purehivehoney.com\/de\/product\/kitchencraft-wooden-honey-dipper-16-cm-6%c2%bd\/","url":"https:\/\/purehivehoney.com\/de\/product\/kitchencraft-wooden-honey-dipper-16-cm-6%c2%bd\/","name":"KitchenCraft Wooden Honey Dipper, 16 cm (6\u00bd\") - PureHiveHoney","isPartOf":{"@id":"https:\/\/purehivehoney.com\/de\/#website"},"primaryImageOfPage":{"@id":"https:\/\/purehivehoney.com\/de\/product\/kitchencraft-wooden-honey-dipper-16-cm-6%c2%bd\/#primaryimage"},"image":{"@id":"https:\/\/purehivehoney.com\/de\/product\/kitchencraft-wooden-honey-dipper-16-cm-6%c2%bd\/#primaryimage"},"thumbnailUrl":"https:\/\/purehivehoney.com\/de\/wp-content\/uploads\/2026\/03\/61pJknPTjtL._AC_SL1500_.jpg","datePublished":"2026-03-15T20:00:28+00:00","dateModified":"2026-03-15T23:36:13+00:00","description":"Entdecken Sie hochwertigen Rohhonig, Bio Honig, Manuka Honig und nat\u00fcrliche Bienenprodukte. PureHiveHoney hilft Ihnen dabei, sorgf\u00e4ltig ausgew\u00e4hlte Honigsorten mit nat\u00fcrlicher Qualit\u00e4t und Reinheit zu entdecken.","breadcrumb":{"@id":"https:\/\/purehivehoney.com\/de\/product\/kitchencraft-wooden-honey-dipper-16-cm-6%c2%bd\/#breadcrumb"},"inLanguage":"de","potentialAction":[{"@type":"ReadAction","target":["https:\/\/purehivehoney.com\/de\/product\/kitchencraft-wooden-honey-dipper-16-cm-6%c2%bd\/"]}]},{"@type":"ImageObject","inLanguage":"de","@id":"https:\/\/purehivehoney.com\/de\/product\/kitchencraft-wooden-honey-dipper-16-cm-6%c2%bd\/#primaryimage","url":"https:\/\/purehivehoney.com\/de\/wp-content\/uploads\/2026\/03\/61pJknPTjtL._AC_SL1500_.jpg","contentUrl":"https:\/\/purehivehoney.com\/de\/wp-content\/uploads\/2026\/03\/61pJknPTjtL._AC_SL1500_.jpg","width":225,"height":1500},{"@type":"BreadcrumbList","@id":"https:\/\/purehivehoney.com\/de\/product\/kitchencraft-wooden-honey-dipper-16-cm-6%c2%bd\/#breadcrumb","itemListElement":[{"@type":"ListItem","position":1,"name":"Home","item":"https:\/\/purehivehoney.com\/de\/"},{"@type":"ListItem","position":2,"name":"Shop","item":"https:\/\/purehivehoney.com\/de\/shop\/"},{"@type":"ListItem","position":3,"name":"KitchenCraft Wooden Honey Dipper, 1..."}]},{"@type":"WebSite","@id":"https:\/\/purehivehoney.com\/de\/#website","url":"https:\/\/purehivehoney.com\/de\/","name":"PureHiveHoney","description":"Reiner Honig &amp; Bienenprodukte Online | Rohhonig, Bio Honig &amp; Spezialhonig","publisher":{"@id":"https:\/\/purehivehoney.com\/de\/#organization"},"potentialAction":[{"@type":"SearchAction","target":{"@type":"EntryPoint","urlTemplate":"https:\/\/purehivehoney.com\/de\/?s={search_term_string}"},"query-input":{"@type":"PropertyValueSpecification","valueRequired":true,"valueName":"search_term_string"}}],"inLanguage":"de"},{"@type":"Organization","@id":"https:\/\/purehivehoney.com\/de\/#organization","name":"PureHiveHoney","url":"https:\/\/purehivehoney.com\/de\/","logo":{"@type":"ImageObject","inLanguage":"de","@id":"https:\/\/purehivehoney.com\/de\/#\/schema\/logo\/image\/","url":"https:\/\/purehivehoney.com\/de\/wp-content\/uploads\/2026\/03\/Screenshot-2026-03-16-at-1.06.01-AM.png","contentUrl":"https:\/\/purehivehoney.com\/de\/wp-content\/uploads\/2026\/03\/Screenshot-2026-03-16-at-1.06.01-AM.png","width":2112,"height":1086,"caption":"PureHiveHoney"},"image":{"@id":"https:\/\/purehivehoney.com\/de\/#\/schema\/logo\/image\/"}}]}},"_links":{"self":[{"href":"https:\/\/purehivehoney.com\/de\/wp-json\/wp\/v2\/product\/172","targetHints":{"allow":["GET"]}}],"collection":[{"href":"https:\/\/purehivehoney.com\/de\/wp-json\/wp\/v2\/product"}],"about":[{"href":"https:\/\/purehivehoney.com\/de\/wp-json\/wp\/v2\/types\/product"}],"replies":[{"embeddable":true,"href":"https:\/\/purehivehoney.com\/de\/wp-json\/wp\/v2\/comments?post=172"}],"wp:featuredmedia":[{"embeddable":true,"href":"https:\/\/purehivehoney.com\/de\/wp-json\/wp\/v2\/media\/173"}],"wp:attachment":[{"href":"https:\/\/purehivehoney.com\/de\/wp-json\/wp\/v2\/media?parent=172"}],"wp:term":[{"taxonomy":"store","embeddable":true,"href":"https:\/\/purehivehoney.com\/de\/wp-json\/wp\/v2\/store?post=172"},{"taxonomy":"product_brand","embeddable":true,"href":"https:\/\/purehivehoney.com\/de\/wp-json\/wp\/v2\/product_brand?post=172"},{"taxonomy":"product_cat","embeddable":true,"href":"https:\/\/purehivehoney.com\/de\/wp-json\/wp\/v2\/product_cat?post=172"},{"taxonomy":"product_tag","embeddable":true,"href":"https:\/\/purehivehoney.com\/de\/wp-json\/wp\/v2\/product_tag?post=172"}],"curies":[{"name":"wp","href":"https:\/\/api.w.org\/{rel}","templated":true}]}}