{"id":1719,"date":"2026-03-16T14:58:58","date_gmt":"2026-03-16T14:58:58","guid":{"rendered":"https:\/\/purehivehoney.com\/de\/product\/dekoratives-keramik-honigtoepfe-set-mit-holzloeffel-honig-aufbewahrungsbehaelter-zum-aufbewahren-von-sirupen-und-gewuerzen-lieber-vorratsbehaelter-mit-deckel\/"},"modified":"2026-03-16T14:59:14","modified_gmt":"2026-03-16T14:59:14","slug":"dekoratives-keramik-honigtoepfe-set-mit-holzloeffel-honig-aufbewahrungsbehaelter-zum-aufbewahren-von-sirupen-und-gewuerzen-lieber-vorratsbehaelter-mit-deckel","status":"publish","type":"product","link":"https:\/\/purehivehoney.com\/de\/product\/dekoratives-keramik-honigtoepfe-set-mit-holzloeffel-honig-aufbewahrungsbehaelter-zum-aufbewahren-von-sirupen-und-gewuerzen-lieber-vorratsbehaelter-mit-deckel\/","title":{"rendered":"Dekoratives Keramik Honigt\u00f6pfe Set..."},"content":{"rendered":"<p>    <span>Dekorative Honigt\u00f6pfe aus Keramik mit Holzl\u00f6ffel, Honigbeh\u00e4lter zur Aufbewahrung von Sirupen und Gew\u00fcrzen<br \/>Eigenschaften:<br \/> Diese Honigt\u00f6pfe aus Keramik verf\u00fcgen \u00fcber ein elegantes Design, das Ihrer K\u00fcche oder Ihrem Esstisch eine Vintage Dekoration verleiht und gleichzeitig die Frische des Honigs bewahrt.<br \/>Hergestellt aus Keramik mit glatten, leicht zu reinigenden Oberfl\u00e4chen und einem Holzsch\u00f6pfl\u00f6ffel f\u00fcr eine sichere Aufbewahrung des Honigs und bequemes Sch\u00f6pfen.<br \/>Der Deckel blockiert effektiv Luft und Staub, bewahrt die Frische des Honigs und verhindert ein Versch\u00fctten f\u00fcr eine saubere t\u00e4gliche Verwendung.<br \/>Jedes Glas weist eine gleichm\u00e4\u00dfige Glasur und eine raffinierte Textur auf und vereint durch altbew\u00e4hrte Keramiktechniken Funktionalit\u00e4t mit Sammlercharme.<br \/>Mit einem Durchmesser von 9,3 cm und einer H\u00f6he von 12 cm bietet es die ideale Kapazit\u00e4t f\u00fcr den Heimgebrauch, ohne \u00fcberm\u00e4\u00dfigen Platz einzunehmen, gepaart mit einem praktischen Holzr\u00fchrer f\u00fcr einfachen Zugriff.<br \/>Spezifikationen:<br \/> Komponente: Keramik, Holz<br \/>Gr\u00f6\u00dfe: ca. Bodendurchmesser 9,3 cm, H\u00f6he 12 cm<br \/>Das Paket beinhaltet:<br \/> 1 Set Keramik Honig Vorratsglas<br \/>Hinweis:<br \/> 1.Bitte erlauben Sie 1-2 cm Fehler aufgrund der manuellen Messung. Stellen Sie sicher, dass Sie nichts dagegen haben, bevor Sie bestellen. <br \/>2. Aufgrund des Unterschieds zwischen verschiedenen Monitoren spiegelt das Bild m\u00f6glicherweise nicht die tats\u00e4chliche Farbe des Artikels wider.<\/span>    <br \/>Hergestellt aus Keramik mit glatten, leicht zu reinigenden Oberfl\u00e4chen und einem Holzsch\u00f6pfl\u00f6ffel f\u00fcr eine sichere Aufbewahrung des Honigs und bequemes Sch\u00f6pfen<br \/>Jedes Glas weist eine gleichm\u00e4\u00dfige Glasur und eine raffinierte Textur auf und vereint durch altbew\u00e4hrte Keramiktechniken Funktionalit\u00e4t mit Sammlercharme<br \/>Mit einem Durchmesser von 9,3 cm und einer H\u00f6he von 12 cm bietet es die ideale Kapazit\u00e4t f\u00fcr den Heimgebrauch, ohne \u00fcberm\u00e4\u00dfigen Platz einzunehmen, gepaart mit einem praktischen Holzr\u00fchrer f\u00fcr einfachen Zugriff<br \/>Diese Honigt\u00f6pfe aus Keramik verf\u00fcgen \u00fcber ein elegantes Design, das Ihrer K\u00fcche oder Ihrem Esstisch eine Vintage Dekoration verleiht und gleichzeitig die Frische des Honigs bewahrt<br \/>Der Deckel blockiert effektiv Luft und Staub, bewahrt die Frische des Honigs und verhindert ein Versch\u00fctten f\u00fcr eine saubere t\u00e4gliche Verwendung<\/p>\n\n","protected":false},"excerpt":{"rendered":"<p>Dekorative Honigt\u00f6pfe aus Keramik mit Holzl\u00f6ffel, Honigbeh\u00e4lter zur Aufbewahrung von Sirupen und Gew\u00fcrzenEigenschaften: Diese Honigt\u00f6pfe aus Keramik verf\u00fcgen \u00fcber ein elegantes Design, das Ihrer K\u00fcche oder Ihrem Esstisch eine Vintage Dekoration verleiht und gleichzeitig die Frische des Honigs bewahrt.Hergestellt aus Keramik mit glatten, leicht zu reinigenden Oberfl\u00e4chen und einem Holzsch\u00f6pfl\u00f6ffel f\u00fcr eine sichere Aufbewahrung des [&hellip;]<\/p>\n","protected":false},"featured_media":1720,"comment_status":"open","ping_status":"closed","template":"","meta":{"_aipt_faq_data":""},"store":[],"product_brand":[288],"product_cat":[74],"product_tag":[223],"class_list":{"0":"post-1719","1":"product","2":"type-product","3":"status-publish","4":"has-post-thumbnail","6":"product_brand-jesscasday","7":"product_cat-honigglaser","8":"product_tag-vintage-honigglaeser-set","10":"first","11":"instock","12":"shipping-taxable","13":"product-type-external"},"yoast_head":"<!-- This site is optimized with the Yoast SEO plugin v27.4 - https:\/\/yoast.com\/product\/yoast-seo-wordpress\/ -->\n<title>Dekoratives Keramik Honigt\u00f6pfe Set mit Holzl\u00f6ffel, Honig Aufbewahrungsbeh\u00e4lter zum Aufbewahren von Sirupen und Gew\u00fcrzen. Lieber Vorratsbeh\u00e4lter mit Deckel - PureHiveHoney<\/title>\n<meta name=\"description\" content=\"Entdecken Sie hochwertigen Rohhonig, Bio Honig, Manuka Honig und nat\u00fcrliche Bienenprodukte. PureHiveHoney hilft Ihnen dabei, sorgf\u00e4ltig ausgew\u00e4hlte Honigsorten mit nat\u00fcrlicher Qualit\u00e4t und Reinheit zu entdecken.\" \/>\n<meta name=\"robots\" content=\"index, follow, max-snippet:-1, max-image-preview:large, max-video-preview:-1\" \/>\n<link rel=\"canonical\" href=\"https:\/\/purehivehoney.com\/de\/product\/dekoratives-keramik-honigtoepfe-set-mit-holzloeffel-honig-aufbewahrungsbehaelter-zum-aufbewahren-von-sirupen-und-gewuerzen-lieber-vorratsbehaelter-mit-deckel\/\" \/>\n<meta property=\"og:locale\" content=\"de_DE\" \/>\n<meta property=\"og:type\" content=\"article\" \/>\n<meta property=\"og:title\" content=\"Dekoratives Keramik Honigt\u00f6pfe Set mit Holzl\u00f6ffel, Honig Aufbewahrungsbeh\u00e4lter zum Aufbewahren von Sirupen und Gew\u00fcrzen. Lieber Vorratsbeh\u00e4lter mit Deckel - PureHiveHoney\" \/>\n<meta property=\"og:description\" content=\"Entdecken Sie hochwertigen Rohhonig, Bio Honig, Manuka Honig und nat\u00fcrliche Bienenprodukte. PureHiveHoney hilft Ihnen dabei, sorgf\u00e4ltig ausgew\u00e4hlte Honigsorten mit nat\u00fcrlicher Qualit\u00e4t und Reinheit zu entdecken.\" \/>\n<meta property=\"og:url\" content=\"https:\/\/purehivehoney.com\/de\/product\/dekoratives-keramik-honigtoepfe-set-mit-holzloeffel-honig-aufbewahrungsbehaelter-zum-aufbewahren-von-sirupen-und-gewuerzen-lieber-vorratsbehaelter-mit-deckel\/\" \/>\n<meta property=\"og:site_name\" content=\"PureHiveHoney\" \/>\n<meta property=\"article:modified_time\" content=\"2026-03-16T14:59:14+00:00\" \/>\n<meta name=\"twitter:card\" content=\"summary_large_image\" \/>\n<meta name=\"twitter:label1\" content=\"Gesch\u00e4tzte Lesezeit\" \/>\n\t<meta name=\"twitter:data1\" content=\"2\u00a0Minuten\" \/>\n<script type=\"application\/ld+json\" class=\"yoast-schema-graph\">{\"@context\":\"https:\\\/\\\/schema.org\",\"@graph\":[{\"@type\":\"WebPage\",\"@id\":\"https:\\\/\\\/purehivehoney.com\\\/de\\\/product\\\/dekoratives-keramik-honigtoepfe-set-mit-holzloeffel-honig-aufbewahrungsbehaelter-zum-aufbewahren-von-sirupen-und-gewuerzen-lieber-vorratsbehaelter-mit-deckel\\\/\",\"url\":\"https:\\\/\\\/purehivehoney.com\\\/de\\\/product\\\/dekoratives-keramik-honigtoepfe-set-mit-holzloeffel-honig-aufbewahrungsbehaelter-zum-aufbewahren-von-sirupen-und-gewuerzen-lieber-vorratsbehaelter-mit-deckel\\\/\",\"name\":\"Dekoratives Keramik Honigt\u00f6pfe Set mit Holzl\u00f6ffel, Honig Aufbewahrungsbeh\u00e4lter zum Aufbewahren von Sirupen und Gew\u00fcrzen. Lieber Vorratsbeh\u00e4lter mit Deckel - PureHiveHoney\",\"isPartOf\":{\"@id\":\"https:\\\/\\\/purehivehoney.com\\\/de\\\/#website\"},\"primaryImageOfPage\":{\"@id\":\"https:\\\/\\\/purehivehoney.com\\\/de\\\/product\\\/dekoratives-keramik-honigtoepfe-set-mit-holzloeffel-honig-aufbewahrungsbehaelter-zum-aufbewahren-von-sirupen-und-gewuerzen-lieber-vorratsbehaelter-mit-deckel\\\/#primaryimage\"},\"image\":{\"@id\":\"https:\\\/\\\/purehivehoney.com\\\/de\\\/product\\\/dekoratives-keramik-honigtoepfe-set-mit-holzloeffel-honig-aufbewahrungsbehaelter-zum-aufbewahren-von-sirupen-und-gewuerzen-lieber-vorratsbehaelter-mit-deckel\\\/#primaryimage\"},\"thumbnailUrl\":\"https:\\\/\\\/purehivehoney.com\\\/de\\\/wp-content\\\/uploads\\\/2026\\\/03\\\/51KRR-0zRCL._AC_SL1500_.jpg\",\"datePublished\":\"2026-03-16T14:58:58+00:00\",\"dateModified\":\"2026-03-16T14:59:14+00:00\",\"description\":\"Entdecken Sie hochwertigen Rohhonig, Bio Honig, Manuka Honig und nat\u00fcrliche Bienenprodukte. PureHiveHoney hilft Ihnen dabei, sorgf\u00e4ltig ausgew\u00e4hlte Honigsorten mit nat\u00fcrlicher Qualit\u00e4t und Reinheit zu entdecken.\",\"breadcrumb\":{\"@id\":\"https:\\\/\\\/purehivehoney.com\\\/de\\\/product\\\/dekoratives-keramik-honigtoepfe-set-mit-holzloeffel-honig-aufbewahrungsbehaelter-zum-aufbewahren-von-sirupen-und-gewuerzen-lieber-vorratsbehaelter-mit-deckel\\\/#breadcrumb\"},\"inLanguage\":\"de\",\"potentialAction\":[{\"@type\":\"ReadAction\",\"target\":[\"https:\\\/\\\/purehivehoney.com\\\/de\\\/product\\\/dekoratives-keramik-honigtoepfe-set-mit-holzloeffel-honig-aufbewahrungsbehaelter-zum-aufbewahren-von-sirupen-und-gewuerzen-lieber-vorratsbehaelter-mit-deckel\\\/\"]}]},{\"@type\":\"ImageObject\",\"inLanguage\":\"de\",\"@id\":\"https:\\\/\\\/purehivehoney.com\\\/de\\\/product\\\/dekoratives-keramik-honigtoepfe-set-mit-holzloeffel-honig-aufbewahrungsbehaelter-zum-aufbewahren-von-sirupen-und-gewuerzen-lieber-vorratsbehaelter-mit-deckel\\\/#primaryimage\",\"url\":\"https:\\\/\\\/purehivehoney.com\\\/de\\\/wp-content\\\/uploads\\\/2026\\\/03\\\/51KRR-0zRCL._AC_SL1500_.jpg\",\"contentUrl\":\"https:\\\/\\\/purehivehoney.com\\\/de\\\/wp-content\\\/uploads\\\/2026\\\/03\\\/51KRR-0zRCL._AC_SL1500_.jpg\",\"width\":1074,\"height\":1136},{\"@type\":\"BreadcrumbList\",\"@id\":\"https:\\\/\\\/purehivehoney.com\\\/de\\\/product\\\/dekoratives-keramik-honigtoepfe-set-mit-holzloeffel-honig-aufbewahrungsbehaelter-zum-aufbewahren-von-sirupen-und-gewuerzen-lieber-vorratsbehaelter-mit-deckel\\\/#breadcrumb\",\"itemListElement\":[{\"@type\":\"ListItem\",\"position\":1,\"name\":\"Home\",\"item\":\"https:\\\/\\\/purehivehoney.com\\\/de\\\/\"},{\"@type\":\"ListItem\",\"position\":2,\"name\":\"Shop\",\"item\":\"https:\\\/\\\/purehivehoney.com\\\/de\\\/shop\\\/\"},{\"@type\":\"ListItem\",\"position\":3,\"name\":\"Dekoratives Keramik Honigt\u00f6pfe Set...\"}]},{\"@type\":\"WebSite\",\"@id\":\"https:\\\/\\\/purehivehoney.com\\\/de\\\/#website\",\"url\":\"https:\\\/\\\/purehivehoney.com\\\/de\\\/\",\"name\":\"PureHiveHoney\",\"description\":\"Reiner Honig &amp; Bienenprodukte Online | Rohhonig, Bio Honig &amp; Spezialhonig\",\"publisher\":{\"@id\":\"https:\\\/\\\/purehivehoney.com\\\/de\\\/#organization\"},\"potentialAction\":[{\"@type\":\"SearchAction\",\"target\":{\"@type\":\"EntryPoint\",\"urlTemplate\":\"https:\\\/\\\/purehivehoney.com\\\/de\\\/?s={search_term_string}\"},\"query-input\":{\"@type\":\"PropertyValueSpecification\",\"valueRequired\":true,\"valueName\":\"search_term_string\"}}],\"inLanguage\":\"de\"},{\"@type\":\"Organization\",\"@id\":\"https:\\\/\\\/purehivehoney.com\\\/de\\\/#organization\",\"name\":\"PureHiveHoney\",\"url\":\"https:\\\/\\\/purehivehoney.com\\\/de\\\/\",\"logo\":{\"@type\":\"ImageObject\",\"inLanguage\":\"de\",\"@id\":\"https:\\\/\\\/purehivehoney.com\\\/de\\\/#\\\/schema\\\/logo\\\/image\\\/\",\"url\":\"https:\\\/\\\/purehivehoney.com\\\/de\\\/wp-content\\\/uploads\\\/2026\\\/03\\\/Screenshot-2026-03-16-at-1.06.01-AM.png\",\"contentUrl\":\"https:\\\/\\\/purehivehoney.com\\\/de\\\/wp-content\\\/uploads\\\/2026\\\/03\\\/Screenshot-2026-03-16-at-1.06.01-AM.png\",\"width\":2112,\"height\":1086,\"caption\":\"PureHiveHoney\"},\"image\":{\"@id\":\"https:\\\/\\\/purehivehoney.com\\\/de\\\/#\\\/schema\\\/logo\\\/image\\\/\"}}]}<\/script>\n<!-- \/ Yoast SEO plugin. -->","yoast_head_json":{"title":"Dekoratives Keramik Honigt\u00f6pfe Set mit Holzl\u00f6ffel, Honig Aufbewahrungsbeh\u00e4lter zum Aufbewahren von Sirupen und Gew\u00fcrzen. Lieber Vorratsbeh\u00e4lter mit Deckel - PureHiveHoney","description":"Entdecken Sie hochwertigen Rohhonig, Bio Honig, Manuka Honig und nat\u00fcrliche Bienenprodukte. PureHiveHoney hilft Ihnen dabei, sorgf\u00e4ltig ausgew\u00e4hlte Honigsorten mit nat\u00fcrlicher Qualit\u00e4t und Reinheit zu entdecken.","robots":{"index":"index","follow":"follow","max-snippet":"max-snippet:-1","max-image-preview":"max-image-preview:large","max-video-preview":"max-video-preview:-1"},"canonical":"https:\/\/purehivehoney.com\/de\/product\/dekoratives-keramik-honigtoepfe-set-mit-holzloeffel-honig-aufbewahrungsbehaelter-zum-aufbewahren-von-sirupen-und-gewuerzen-lieber-vorratsbehaelter-mit-deckel\/","og_locale":"de_DE","og_type":"article","og_title":"Dekoratives Keramik Honigt\u00f6pfe Set mit Holzl\u00f6ffel, Honig Aufbewahrungsbeh\u00e4lter zum Aufbewahren von Sirupen und Gew\u00fcrzen. Lieber Vorratsbeh\u00e4lter mit Deckel - PureHiveHoney","og_description":"Entdecken Sie hochwertigen Rohhonig, Bio Honig, Manuka Honig und nat\u00fcrliche Bienenprodukte. PureHiveHoney hilft Ihnen dabei, sorgf\u00e4ltig ausgew\u00e4hlte Honigsorten mit nat\u00fcrlicher Qualit\u00e4t und Reinheit zu entdecken.","og_url":"https:\/\/purehivehoney.com\/de\/product\/dekoratives-keramik-honigtoepfe-set-mit-holzloeffel-honig-aufbewahrungsbehaelter-zum-aufbewahren-von-sirupen-und-gewuerzen-lieber-vorratsbehaelter-mit-deckel\/","og_site_name":"PureHiveHoney","article_modified_time":"2026-03-16T14:59:14+00:00","twitter_card":"summary_large_image","twitter_misc":{"Gesch\u00e4tzte Lesezeit":"2\u00a0Minuten"},"schema":{"@context":"https:\/\/schema.org","@graph":[{"@type":"WebPage","@id":"https:\/\/purehivehoney.com\/de\/product\/dekoratives-keramik-honigtoepfe-set-mit-holzloeffel-honig-aufbewahrungsbehaelter-zum-aufbewahren-von-sirupen-und-gewuerzen-lieber-vorratsbehaelter-mit-deckel\/","url":"https:\/\/purehivehoney.com\/de\/product\/dekoratives-keramik-honigtoepfe-set-mit-holzloeffel-honig-aufbewahrungsbehaelter-zum-aufbewahren-von-sirupen-und-gewuerzen-lieber-vorratsbehaelter-mit-deckel\/","name":"Dekoratives Keramik Honigt\u00f6pfe Set mit Holzl\u00f6ffel, Honig Aufbewahrungsbeh\u00e4lter zum Aufbewahren von Sirupen und Gew\u00fcrzen. Lieber Vorratsbeh\u00e4lter mit Deckel - PureHiveHoney","isPartOf":{"@id":"https:\/\/purehivehoney.com\/de\/#website"},"primaryImageOfPage":{"@id":"https:\/\/purehivehoney.com\/de\/product\/dekoratives-keramik-honigtoepfe-set-mit-holzloeffel-honig-aufbewahrungsbehaelter-zum-aufbewahren-von-sirupen-und-gewuerzen-lieber-vorratsbehaelter-mit-deckel\/#primaryimage"},"image":{"@id":"https:\/\/purehivehoney.com\/de\/product\/dekoratives-keramik-honigtoepfe-set-mit-holzloeffel-honig-aufbewahrungsbehaelter-zum-aufbewahren-von-sirupen-und-gewuerzen-lieber-vorratsbehaelter-mit-deckel\/#primaryimage"},"thumbnailUrl":"https:\/\/purehivehoney.com\/de\/wp-content\/uploads\/2026\/03\/51KRR-0zRCL._AC_SL1500_.jpg","datePublished":"2026-03-16T14:58:58+00:00","dateModified":"2026-03-16T14:59:14+00:00","description":"Entdecken Sie hochwertigen Rohhonig, Bio Honig, Manuka Honig und nat\u00fcrliche Bienenprodukte. PureHiveHoney hilft Ihnen dabei, sorgf\u00e4ltig ausgew\u00e4hlte Honigsorten mit nat\u00fcrlicher Qualit\u00e4t und Reinheit zu entdecken.","breadcrumb":{"@id":"https:\/\/purehivehoney.com\/de\/product\/dekoratives-keramik-honigtoepfe-set-mit-holzloeffel-honig-aufbewahrungsbehaelter-zum-aufbewahren-von-sirupen-und-gewuerzen-lieber-vorratsbehaelter-mit-deckel\/#breadcrumb"},"inLanguage":"de","potentialAction":[{"@type":"ReadAction","target":["https:\/\/purehivehoney.com\/de\/product\/dekoratives-keramik-honigtoepfe-set-mit-holzloeffel-honig-aufbewahrungsbehaelter-zum-aufbewahren-von-sirupen-und-gewuerzen-lieber-vorratsbehaelter-mit-deckel\/"]}]},{"@type":"ImageObject","inLanguage":"de","@id":"https:\/\/purehivehoney.com\/de\/product\/dekoratives-keramik-honigtoepfe-set-mit-holzloeffel-honig-aufbewahrungsbehaelter-zum-aufbewahren-von-sirupen-und-gewuerzen-lieber-vorratsbehaelter-mit-deckel\/#primaryimage","url":"https:\/\/purehivehoney.com\/de\/wp-content\/uploads\/2026\/03\/51KRR-0zRCL._AC_SL1500_.jpg","contentUrl":"https:\/\/purehivehoney.com\/de\/wp-content\/uploads\/2026\/03\/51KRR-0zRCL._AC_SL1500_.jpg","width":1074,"height":1136},{"@type":"BreadcrumbList","@id":"https:\/\/purehivehoney.com\/de\/product\/dekoratives-keramik-honigtoepfe-set-mit-holzloeffel-honig-aufbewahrungsbehaelter-zum-aufbewahren-von-sirupen-und-gewuerzen-lieber-vorratsbehaelter-mit-deckel\/#breadcrumb","itemListElement":[{"@type":"ListItem","position":1,"name":"Home","item":"https:\/\/purehivehoney.com\/de\/"},{"@type":"ListItem","position":2,"name":"Shop","item":"https:\/\/purehivehoney.com\/de\/shop\/"},{"@type":"ListItem","position":3,"name":"Dekoratives Keramik Honigt\u00f6pfe Set..."}]},{"@type":"WebSite","@id":"https:\/\/purehivehoney.com\/de\/#website","url":"https:\/\/purehivehoney.com\/de\/","name":"PureHiveHoney","description":"Reiner Honig &amp; Bienenprodukte Online | Rohhonig, Bio Honig &amp; Spezialhonig","publisher":{"@id":"https:\/\/purehivehoney.com\/de\/#organization"},"potentialAction":[{"@type":"SearchAction","target":{"@type":"EntryPoint","urlTemplate":"https:\/\/purehivehoney.com\/de\/?s={search_term_string}"},"query-input":{"@type":"PropertyValueSpecification","valueRequired":true,"valueName":"search_term_string"}}],"inLanguage":"de"},{"@type":"Organization","@id":"https:\/\/purehivehoney.com\/de\/#organization","name":"PureHiveHoney","url":"https:\/\/purehivehoney.com\/de\/","logo":{"@type":"ImageObject","inLanguage":"de","@id":"https:\/\/purehivehoney.com\/de\/#\/schema\/logo\/image\/","url":"https:\/\/purehivehoney.com\/de\/wp-content\/uploads\/2026\/03\/Screenshot-2026-03-16-at-1.06.01-AM.png","contentUrl":"https:\/\/purehivehoney.com\/de\/wp-content\/uploads\/2026\/03\/Screenshot-2026-03-16-at-1.06.01-AM.png","width":2112,"height":1086,"caption":"PureHiveHoney"},"image":{"@id":"https:\/\/purehivehoney.com\/de\/#\/schema\/logo\/image\/"}}]}},"_links":{"self":[{"href":"https:\/\/purehivehoney.com\/de\/wp-json\/wp\/v2\/product\/1719","targetHints":{"allow":["GET"]}}],"collection":[{"href":"https:\/\/purehivehoney.com\/de\/wp-json\/wp\/v2\/product"}],"about":[{"href":"https:\/\/purehivehoney.com\/de\/wp-json\/wp\/v2\/types\/product"}],"replies":[{"embeddable":true,"href":"https:\/\/purehivehoney.com\/de\/wp-json\/wp\/v2\/comments?post=1719"}],"wp:featuredmedia":[{"embeddable":true,"href":"https:\/\/purehivehoney.com\/de\/wp-json\/wp\/v2\/media\/1720"}],"wp:attachment":[{"href":"https:\/\/purehivehoney.com\/de\/wp-json\/wp\/v2\/media?parent=1719"}],"wp:term":[{"taxonomy":"store","embeddable":true,"href":"https:\/\/purehivehoney.com\/de\/wp-json\/wp\/v2\/store?post=1719"},{"taxonomy":"product_brand","embeddable":true,"href":"https:\/\/purehivehoney.com\/de\/wp-json\/wp\/v2\/product_brand?post=1719"},{"taxonomy":"product_cat","embeddable":true,"href":"https:\/\/purehivehoney.com\/de\/wp-json\/wp\/v2\/product_cat?post=1719"},{"taxonomy":"product_tag","embeddable":true,"href":"https:\/\/purehivehoney.com\/de\/wp-json\/wp\/v2\/product_tag?post=1719"}],"curies":[{"name":"wp","href":"https:\/\/api.w.org\/{rel}","templated":true}]}}