{"id":1687,"date":"2026-03-16T14:04:42","date_gmt":"2026-03-16T14:04:42","guid":{"rendered":"https:\/\/purehivehoney.com\/de\/product\/doppelherz-throat-spray-with-sea-buckthorn-medical-device-protects-the-neck-and-relieves-pain-30ml\/"},"modified":"2026-03-16T14:04:50","modified_gmt":"2026-03-16T14:04:50","slug":"doppelherz-throat-spray-with-sea-buckthorn-medical-device-protects-the-neck-and-relieves-pain-30ml","status":"publish","type":"product","link":"https:\/\/purehivehoney.com\/de\/product\/doppelherz-throat-spray-with-sea-buckthorn-medical-device-protects-the-neck-and-relieves-pain-30ml\/","title":{"rendered":"Doppelherz Throat Spray with Sea Bu..."},"content":{"rendered":"<p>    <span>Doppelherz throat spray with sea buckthorn is a medical device for use in sore throat caused by external stimuli (viruses, bacteria, allergens, smoke, smog, powder) and cold symptoms where excessive secretion can cause irritation. It is helpful in treating irritation in the throat and throat area and the associated common symptoms such as pain, difficulty swallowing, burning and dryness. It is a useful tool in the treatment of sore throat associated with pharyngitis as it exerts a calming effect on the irritated mucosa due to its polysaccharide content. <\/span><br \/> Product Dimensions                                            \u200f                                            :                                            \u200e                                            3.8 x 3.8 x 10.5 cm; 30 g   <br \/> Manufacturer                                            \u200f                                            :                                            \u200e                                            Queisser Pharma GmbH &#038; Co. KG   <br \/> ASIN                                            \u200f                                            :                                            \u200e                                            B08G15PLD9   <br \/> Item model number                                            \u200f                                            :                                            \u200e                                            76200   <br \/> Country of origin                                            \u200f                                            :                                            \u200e                                            Italy   <br \/>  Customer reviews:                                                                                            4.4               4.4 out of 5 stars                                  (831)                                              var dpAcrHasRegisteredArcLinkClickAction;                    P.when(&#8218;A&#8216;, &#8218;ready&#8216;).execute(function(A) {                        if (dpAcrHasRegisteredArcLinkClickAction !== true) {                            dpAcrHasRegisteredArcLinkClickAction = true;                            A.declarative(                                &#8218;acrLink-click-metrics&#8216;, &#8218;click&#8216;,                                { &#8222;allowLinkDefault&#8220;: true },                                function (event) {                                    if (window.ue) {                                        ue.count(&#8222;acrLinkClickCount&#8220;, (ue.count(&#8222;acrLinkClickCount&#8220;) || 0) + 1);                                    }                                }                            );                        }                    });                                             P.when(&#8218;A&#8216;, &#8218;cf&#8216;).execute(function(A) {                A.declarative(&#8218;acrStarsLink-click-metrics&#8216;, &#8218;click&#8216;, { &#8222;allowLinkDefault&#8220; : true },  function(event){                    if(window.ue) {                        ue.count(&#8222;acrStarsLinkWithPopoverClickCount&#8220;, (ue.count(&#8222;acrStarsLinkWithPopoverClickCount&#8220;) || 0) + 1);                    }                });            });                          <br \/>Protects the neck and relieves pain<br \/>The atomiser allows targeted and local dosage of the product<br \/>The recommended dose is for adults and children over 12 years: 3 sprays up to 3 times a day<br \/>Lactose and gluten free, vegan<br \/>Box contents: a pack of Doppelherz throat spray with sea buckthorn contains 30 ml solution for spraying into the throat area<\/p>\n\n","protected":false},"excerpt":{"rendered":"<p>Doppelherz throat spray with sea buckthorn is a medical device for use in sore throat caused by external stimuli (viruses, bacteria, allergens, smoke, smog, powder) and cold symptoms where excessive secretion can cause irritation. It is helpful in treating irritation in the throat and throat area and the associated common symptoms such as pain, difficulty [&hellip;]<\/p>\n","protected":false},"featured_media":1688,"comment_status":"open","ping_status":"closed","template":"","meta":{"_aipt_faq_data":""},"store":[],"product_brand":[285],"product_cat":[61],"product_tag":[284],"class_list":{"0":"post-1687","1":"product","2":"type-product","3":"status-publish","4":"has-post-thumbnail","6":"product_brand-doppelherz","7":"product_cat-honig-gegen-halsschmerzen","8":"product_tag-bio-honig-gegen-halsschmerzen","10":"first","11":"instock","12":"shipping-taxable","13":"product-type-external"},"yoast_head":"<!-- This site is optimized with the Yoast SEO plugin v27.4 - https:\/\/yoast.com\/product\/yoast-seo-wordpress\/ -->\n<title>Doppelherz Throat Spray with Sea Buckthorn - Medical Device - Protects the Neck and Relieves Pain - 30ml - PureHiveHoney<\/title>\n<meta name=\"description\" content=\"Entdecken Sie hochwertigen Rohhonig, Bio Honig, Manuka Honig und nat\u00fcrliche Bienenprodukte. PureHiveHoney hilft Ihnen dabei, sorgf\u00e4ltig ausgew\u00e4hlte Honigsorten mit nat\u00fcrlicher Qualit\u00e4t und Reinheit zu entdecken.\" \/>\n<meta name=\"robots\" content=\"index, follow, max-snippet:-1, max-image-preview:large, max-video-preview:-1\" \/>\n<link rel=\"canonical\" href=\"https:\/\/purehivehoney.com\/de\/product\/doppelherz-throat-spray-with-sea-buckthorn-medical-device-protects-the-neck-and-relieves-pain-30ml\/\" \/>\n<meta property=\"og:locale\" content=\"de_DE\" \/>\n<meta property=\"og:type\" content=\"article\" \/>\n<meta property=\"og:title\" content=\"Doppelherz Throat Spray with Sea Buckthorn - Medical Device - Protects the Neck and Relieves Pain - 30ml - PureHiveHoney\" \/>\n<meta property=\"og:description\" content=\"Entdecken Sie hochwertigen Rohhonig, Bio Honig, Manuka Honig und nat\u00fcrliche Bienenprodukte. PureHiveHoney hilft Ihnen dabei, sorgf\u00e4ltig ausgew\u00e4hlte Honigsorten mit nat\u00fcrlicher Qualit\u00e4t und Reinheit zu entdecken.\" \/>\n<meta property=\"og:url\" content=\"https:\/\/purehivehoney.com\/de\/product\/doppelherz-throat-spray-with-sea-buckthorn-medical-device-protects-the-neck-and-relieves-pain-30ml\/\" \/>\n<meta property=\"og:site_name\" content=\"PureHiveHoney\" \/>\n<meta property=\"article:modified_time\" content=\"2026-03-16T14:04:50+00:00\" \/>\n<meta name=\"twitter:card\" content=\"summary_large_image\" \/>\n<meta name=\"twitter:label1\" content=\"Gesch\u00e4tzte Lesezeit\" \/>\n\t<meta name=\"twitter:data1\" content=\"1\u00a0Minute\" \/>\n<script type=\"application\/ld+json\" class=\"yoast-schema-graph\">{\"@context\":\"https:\\\/\\\/schema.org\",\"@graph\":[{\"@type\":\"WebPage\",\"@id\":\"https:\\\/\\\/purehivehoney.com\\\/de\\\/product\\\/doppelherz-throat-spray-with-sea-buckthorn-medical-device-protects-the-neck-and-relieves-pain-30ml\\\/\",\"url\":\"https:\\\/\\\/purehivehoney.com\\\/de\\\/product\\\/doppelherz-throat-spray-with-sea-buckthorn-medical-device-protects-the-neck-and-relieves-pain-30ml\\\/\",\"name\":\"Doppelherz Throat Spray with Sea Buckthorn - Medical Device - Protects the Neck and Relieves Pain - 30ml - PureHiveHoney\",\"isPartOf\":{\"@id\":\"https:\\\/\\\/purehivehoney.com\\\/de\\\/#website\"},\"primaryImageOfPage\":{\"@id\":\"https:\\\/\\\/purehivehoney.com\\\/de\\\/product\\\/doppelherz-throat-spray-with-sea-buckthorn-medical-device-protects-the-neck-and-relieves-pain-30ml\\\/#primaryimage\"},\"image\":{\"@id\":\"https:\\\/\\\/purehivehoney.com\\\/de\\\/product\\\/doppelherz-throat-spray-with-sea-buckthorn-medical-device-protects-the-neck-and-relieves-pain-30ml\\\/#primaryimage\"},\"thumbnailUrl\":\"https:\\\/\\\/purehivehoney.com\\\/de\\\/wp-content\\\/uploads\\\/2026\\\/03\\\/610SS58EhL._AC_SL1000_.jpg\",\"datePublished\":\"2026-03-16T14:04:42+00:00\",\"dateModified\":\"2026-03-16T14:04:50+00:00\",\"description\":\"Entdecken Sie hochwertigen Rohhonig, Bio Honig, Manuka Honig und nat\u00fcrliche Bienenprodukte. PureHiveHoney hilft Ihnen dabei, sorgf\u00e4ltig ausgew\u00e4hlte Honigsorten mit nat\u00fcrlicher Qualit\u00e4t und Reinheit zu entdecken.\",\"breadcrumb\":{\"@id\":\"https:\\\/\\\/purehivehoney.com\\\/de\\\/product\\\/doppelherz-throat-spray-with-sea-buckthorn-medical-device-protects-the-neck-and-relieves-pain-30ml\\\/#breadcrumb\"},\"inLanguage\":\"de\",\"potentialAction\":[{\"@type\":\"ReadAction\",\"target\":[\"https:\\\/\\\/purehivehoney.com\\\/de\\\/product\\\/doppelherz-throat-spray-with-sea-buckthorn-medical-device-protects-the-neck-and-relieves-pain-30ml\\\/\"]}]},{\"@type\":\"ImageObject\",\"inLanguage\":\"de\",\"@id\":\"https:\\\/\\\/purehivehoney.com\\\/de\\\/product\\\/doppelherz-throat-spray-with-sea-buckthorn-medical-device-protects-the-neck-and-relieves-pain-30ml\\\/#primaryimage\",\"url\":\"https:\\\/\\\/purehivehoney.com\\\/de\\\/wp-content\\\/uploads\\\/2026\\\/03\\\/610SS58EhL._AC_SL1000_.jpg\",\"contentUrl\":\"https:\\\/\\\/purehivehoney.com\\\/de\\\/wp-content\\\/uploads\\\/2026\\\/03\\\/610SS58EhL._AC_SL1000_.jpg\",\"width\":330,\"height\":955},{\"@type\":\"BreadcrumbList\",\"@id\":\"https:\\\/\\\/purehivehoney.com\\\/de\\\/product\\\/doppelherz-throat-spray-with-sea-buckthorn-medical-device-protects-the-neck-and-relieves-pain-30ml\\\/#breadcrumb\",\"itemListElement\":[{\"@type\":\"ListItem\",\"position\":1,\"name\":\"Home\",\"item\":\"https:\\\/\\\/purehivehoney.com\\\/de\\\/\"},{\"@type\":\"ListItem\",\"position\":2,\"name\":\"Shop\",\"item\":\"https:\\\/\\\/purehivehoney.com\\\/de\\\/shop\\\/\"},{\"@type\":\"ListItem\",\"position\":3,\"name\":\"Doppelherz Throat Spray with Sea Bu...\"}]},{\"@type\":\"WebSite\",\"@id\":\"https:\\\/\\\/purehivehoney.com\\\/de\\\/#website\",\"url\":\"https:\\\/\\\/purehivehoney.com\\\/de\\\/\",\"name\":\"PureHiveHoney\",\"description\":\"Reiner Honig &amp; Bienenprodukte Online | Rohhonig, Bio Honig &amp; Spezialhonig\",\"publisher\":{\"@id\":\"https:\\\/\\\/purehivehoney.com\\\/de\\\/#organization\"},\"potentialAction\":[{\"@type\":\"SearchAction\",\"target\":{\"@type\":\"EntryPoint\",\"urlTemplate\":\"https:\\\/\\\/purehivehoney.com\\\/de\\\/?s={search_term_string}\"},\"query-input\":{\"@type\":\"PropertyValueSpecification\",\"valueRequired\":true,\"valueName\":\"search_term_string\"}}],\"inLanguage\":\"de\"},{\"@type\":\"Organization\",\"@id\":\"https:\\\/\\\/purehivehoney.com\\\/de\\\/#organization\",\"name\":\"PureHiveHoney\",\"url\":\"https:\\\/\\\/purehivehoney.com\\\/de\\\/\",\"logo\":{\"@type\":\"ImageObject\",\"inLanguage\":\"de\",\"@id\":\"https:\\\/\\\/purehivehoney.com\\\/de\\\/#\\\/schema\\\/logo\\\/image\\\/\",\"url\":\"https:\\\/\\\/purehivehoney.com\\\/de\\\/wp-content\\\/uploads\\\/2026\\\/03\\\/Screenshot-2026-03-16-at-1.06.01-AM.png\",\"contentUrl\":\"https:\\\/\\\/purehivehoney.com\\\/de\\\/wp-content\\\/uploads\\\/2026\\\/03\\\/Screenshot-2026-03-16-at-1.06.01-AM.png\",\"width\":2112,\"height\":1086,\"caption\":\"PureHiveHoney\"},\"image\":{\"@id\":\"https:\\\/\\\/purehivehoney.com\\\/de\\\/#\\\/schema\\\/logo\\\/image\\\/\"}}]}<\/script>\n<!-- \/ Yoast SEO plugin. -->","yoast_head_json":{"title":"Doppelherz Throat Spray with Sea Buckthorn - Medical Device - Protects the Neck and Relieves Pain - 30ml - PureHiveHoney","description":"Entdecken Sie hochwertigen Rohhonig, Bio Honig, Manuka Honig und nat\u00fcrliche Bienenprodukte. PureHiveHoney hilft Ihnen dabei, sorgf\u00e4ltig ausgew\u00e4hlte Honigsorten mit nat\u00fcrlicher Qualit\u00e4t und Reinheit zu entdecken.","robots":{"index":"index","follow":"follow","max-snippet":"max-snippet:-1","max-image-preview":"max-image-preview:large","max-video-preview":"max-video-preview:-1"},"canonical":"https:\/\/purehivehoney.com\/de\/product\/doppelherz-throat-spray-with-sea-buckthorn-medical-device-protects-the-neck-and-relieves-pain-30ml\/","og_locale":"de_DE","og_type":"article","og_title":"Doppelherz Throat Spray with Sea Buckthorn - Medical Device - Protects the Neck and Relieves Pain - 30ml - PureHiveHoney","og_description":"Entdecken Sie hochwertigen Rohhonig, Bio Honig, Manuka Honig und nat\u00fcrliche Bienenprodukte. PureHiveHoney hilft Ihnen dabei, sorgf\u00e4ltig ausgew\u00e4hlte Honigsorten mit nat\u00fcrlicher Qualit\u00e4t und Reinheit zu entdecken.","og_url":"https:\/\/purehivehoney.com\/de\/product\/doppelherz-throat-spray-with-sea-buckthorn-medical-device-protects-the-neck-and-relieves-pain-30ml\/","og_site_name":"PureHiveHoney","article_modified_time":"2026-03-16T14:04:50+00:00","twitter_card":"summary_large_image","twitter_misc":{"Gesch\u00e4tzte Lesezeit":"1\u00a0Minute"},"schema":{"@context":"https:\/\/schema.org","@graph":[{"@type":"WebPage","@id":"https:\/\/purehivehoney.com\/de\/product\/doppelherz-throat-spray-with-sea-buckthorn-medical-device-protects-the-neck-and-relieves-pain-30ml\/","url":"https:\/\/purehivehoney.com\/de\/product\/doppelherz-throat-spray-with-sea-buckthorn-medical-device-protects-the-neck-and-relieves-pain-30ml\/","name":"Doppelherz Throat Spray with Sea Buckthorn - Medical Device - Protects the Neck and Relieves Pain - 30ml - PureHiveHoney","isPartOf":{"@id":"https:\/\/purehivehoney.com\/de\/#website"},"primaryImageOfPage":{"@id":"https:\/\/purehivehoney.com\/de\/product\/doppelherz-throat-spray-with-sea-buckthorn-medical-device-protects-the-neck-and-relieves-pain-30ml\/#primaryimage"},"image":{"@id":"https:\/\/purehivehoney.com\/de\/product\/doppelherz-throat-spray-with-sea-buckthorn-medical-device-protects-the-neck-and-relieves-pain-30ml\/#primaryimage"},"thumbnailUrl":"https:\/\/purehivehoney.com\/de\/wp-content\/uploads\/2026\/03\/610SS58EhL._AC_SL1000_.jpg","datePublished":"2026-03-16T14:04:42+00:00","dateModified":"2026-03-16T14:04:50+00:00","description":"Entdecken Sie hochwertigen Rohhonig, Bio Honig, Manuka Honig und nat\u00fcrliche Bienenprodukte. PureHiveHoney hilft Ihnen dabei, sorgf\u00e4ltig ausgew\u00e4hlte Honigsorten mit nat\u00fcrlicher Qualit\u00e4t und Reinheit zu entdecken.","breadcrumb":{"@id":"https:\/\/purehivehoney.com\/de\/product\/doppelherz-throat-spray-with-sea-buckthorn-medical-device-protects-the-neck-and-relieves-pain-30ml\/#breadcrumb"},"inLanguage":"de","potentialAction":[{"@type":"ReadAction","target":["https:\/\/purehivehoney.com\/de\/product\/doppelherz-throat-spray-with-sea-buckthorn-medical-device-protects-the-neck-and-relieves-pain-30ml\/"]}]},{"@type":"ImageObject","inLanguage":"de","@id":"https:\/\/purehivehoney.com\/de\/product\/doppelherz-throat-spray-with-sea-buckthorn-medical-device-protects-the-neck-and-relieves-pain-30ml\/#primaryimage","url":"https:\/\/purehivehoney.com\/de\/wp-content\/uploads\/2026\/03\/610SS58EhL._AC_SL1000_.jpg","contentUrl":"https:\/\/purehivehoney.com\/de\/wp-content\/uploads\/2026\/03\/610SS58EhL._AC_SL1000_.jpg","width":330,"height":955},{"@type":"BreadcrumbList","@id":"https:\/\/purehivehoney.com\/de\/product\/doppelherz-throat-spray-with-sea-buckthorn-medical-device-protects-the-neck-and-relieves-pain-30ml\/#breadcrumb","itemListElement":[{"@type":"ListItem","position":1,"name":"Home","item":"https:\/\/purehivehoney.com\/de\/"},{"@type":"ListItem","position":2,"name":"Shop","item":"https:\/\/purehivehoney.com\/de\/shop\/"},{"@type":"ListItem","position":3,"name":"Doppelherz Throat Spray with Sea Bu..."}]},{"@type":"WebSite","@id":"https:\/\/purehivehoney.com\/de\/#website","url":"https:\/\/purehivehoney.com\/de\/","name":"PureHiveHoney","description":"Reiner Honig &amp; Bienenprodukte Online | Rohhonig, Bio Honig &amp; Spezialhonig","publisher":{"@id":"https:\/\/purehivehoney.com\/de\/#organization"},"potentialAction":[{"@type":"SearchAction","target":{"@type":"EntryPoint","urlTemplate":"https:\/\/purehivehoney.com\/de\/?s={search_term_string}"},"query-input":{"@type":"PropertyValueSpecification","valueRequired":true,"valueName":"search_term_string"}}],"inLanguage":"de"},{"@type":"Organization","@id":"https:\/\/purehivehoney.com\/de\/#organization","name":"PureHiveHoney","url":"https:\/\/purehivehoney.com\/de\/","logo":{"@type":"ImageObject","inLanguage":"de","@id":"https:\/\/purehivehoney.com\/de\/#\/schema\/logo\/image\/","url":"https:\/\/purehivehoney.com\/de\/wp-content\/uploads\/2026\/03\/Screenshot-2026-03-16-at-1.06.01-AM.png","contentUrl":"https:\/\/purehivehoney.com\/de\/wp-content\/uploads\/2026\/03\/Screenshot-2026-03-16-at-1.06.01-AM.png","width":2112,"height":1086,"caption":"PureHiveHoney"},"image":{"@id":"https:\/\/purehivehoney.com\/de\/#\/schema\/logo\/image\/"}}]}},"_links":{"self":[{"href":"https:\/\/purehivehoney.com\/de\/wp-json\/wp\/v2\/product\/1687","targetHints":{"allow":["GET"]}}],"collection":[{"href":"https:\/\/purehivehoney.com\/de\/wp-json\/wp\/v2\/product"}],"about":[{"href":"https:\/\/purehivehoney.com\/de\/wp-json\/wp\/v2\/types\/product"}],"replies":[{"embeddable":true,"href":"https:\/\/purehivehoney.com\/de\/wp-json\/wp\/v2\/comments?post=1687"}],"wp:featuredmedia":[{"embeddable":true,"href":"https:\/\/purehivehoney.com\/de\/wp-json\/wp\/v2\/media\/1688"}],"wp:attachment":[{"href":"https:\/\/purehivehoney.com\/de\/wp-json\/wp\/v2\/media?parent=1687"}],"wp:term":[{"taxonomy":"store","embeddable":true,"href":"https:\/\/purehivehoney.com\/de\/wp-json\/wp\/v2\/store?post=1687"},{"taxonomy":"product_brand","embeddable":true,"href":"https:\/\/purehivehoney.com\/de\/wp-json\/wp\/v2\/product_brand?post=1687"},{"taxonomy":"product_cat","embeddable":true,"href":"https:\/\/purehivehoney.com\/de\/wp-json\/wp\/v2\/product_cat?post=1687"},{"taxonomy":"product_tag","embeddable":true,"href":"https:\/\/purehivehoney.com\/de\/wp-json\/wp\/v2\/product_tag?post=1687"}],"curies":[{"name":"wp","href":"https:\/\/api.w.org\/{rel}","templated":true}]}}